{"id":18245,"date":"2024-09-23T11:34:52","date_gmt":"2024-09-23T11:34:52","guid":{"rendered":"https:\/\/www.electroluxprofessional.com\/tr\/?page_id=18245"},"modified":"2025-11-06T07:15:57","modified_gmt":"2025-11-06T07:15:57","slug":"kuaforler-guzellik-salonlari","status":"publish","type":"page","link":"https:\/\/www.electroluxprofessional.com\/tr\/isletmenize-yonelik-cozumler\/kucuk-isletmeler\/kuaforler-guzellik-salonlari\/","title":{"rendered":"Kuaf\u00f6r ve G\u00fczellik Salonlar\u0131"},"content":{"rendered":"<p>[vc_row full_width=&#8221;electroluxpro-full-width-no-padding&#8221; css=&#8221;.vc_custom_1663592939648{margin-top: -50px !important;}&#8221;][vc_column][elx_full_banner title=&#8221;Kuaf\u00f6rler ve G\u00fczellik Salonlar\u0131&#8221; background_image_media_library=&#8221;14508&#8243; background_image_media_library_mobile=&#8221;18244&#8243;][\/vc_column][\/vc_row][vc_row][vc_column][vc_empty_space][\/vc_column][\/vc_row][vc_row][vc_column width=&#8221;2\/3&#8243;][elx_heading font_container=&#8221;h1&#8243; text_color=&#8221;electrolux-blue&#8221;]Kuaf\u00f6rler ve G\u00fczellik Salonlar\u0131 i\u00e7in \u00e7ama\u015f\u0131rhane \u00e7\u00f6z\u00fcmleri[\/elx_heading][vc_column_text]Yava\u015f programlar ve t\u0131kanm\u0131\u015f drenajlar, ev tipi Y\u0131kama ve Kurutma Makineleri ihtiya\u00e7lar\u0131n\u0131 kar\u015f\u0131layamad\u0131\u011f\u0131nda, <strong>kuaf\u00f6r ve g\u00fczellik merkezlerinin<\/strong> g\u00fcnl\u00fck engelleridir.<br \/>\n<span class=\"Y2IQFc\" lang=\"tr\">myPRO, as\u0131l i\u015finize odaklanman\u0131z\u0131 sa\u011flar. Sorunsuz, h\u0131zl\u0131 ve kolay bir \u015fekilde en y\u00fcksek kalitede \u00e7ama\u015f\u0131r y\u0131kama sonu\u00e7lar\u0131.<\/span>[\/vc_column_text][elx_button button_text=&#8221;\u00dcr\u00fcnlere gidin&#8221; button_style=&#8221;icon&#8221; button_link=&#8221;url:https%3A%2F%2Fwww.electroluxprofessional.com%2Ftr%2Fticari-camasirhane-ekipmanlari%2Fmypro-yikama-kurutma-ve-silindir-utuler%2F|title:K%C3%BC%C3%A7%C3%BCk%20i%C5%9Fletmeler%20i%C3%A7in%20myPro%2C%20y%C4%B1kama%20kurutma%20ve%20silindir%20%C3%BCt%C3%BCler|target:_blank&#8221;][\/vc_column][vc_column width=&#8221;1\/3&#8243;][elx_heading text_color=&#8221;electrolux-blue&#8221;]Bro\u015f\u00fcr\u00fcn\u00fcz\u00fc indirin[\/elx_heading][elx_download_block text=&#8221;Kuaf\u00f6r ve G\u00fczellik Salonlar\u0131na \u00d6zel<br \/>\nmyPRO \u00c7ama\u015f\u0131rhane \u00c7\u00f6z\u00fcmleri (EN)&#8221; link=&#8221;https:\/\/tools.electroluxprofessional.com\/Mirror\/Doc\/ELS\/CLFL\/EPR-leaflet-mypro-HAIRBEAUTY-2021%20eng_LR.pdf&#8221; background_color=&#8221;laundry-solutions&#8221;][\/vc_column][\/vc_row][vc_row][vc_column][vc_single_image image=&#8221;6145&#8243; img_size=&#8221;full&#8221; alignment=&#8221;center&#8221;][\/vc_column][\/vc_row][vc_row content_placement=&#8221;top&#8221; el_class=&#8221;marginNegative&#8221;][vc_column width=&#8221;1\/3&#8243;][vc_empty_space][elx_heading font_container=&#8221;h5&#8243; font_size=&#8221;h5&#8243; text_color=&#8221;inherit&#8221;]Profesyonel programlar[\/elx_heading][vc_column_text]<span data-teams=\"true\"><span class=\"ui-provider a b c d e f g h i j k l m n o p q r s t u v w x y z ab ac ae af ag ah ai aj ak\" dir=\"ltr\">myPRO, dayan\u0131kl\u0131 y\u0131kama makineleri, verimli kurutma makineleri ve \u00fcretken buharl\u0131 \u00fct\u00fcleri sayesinde, <strong>en iyi \u00e7ama\u015f\u0131r bak\u0131m<\/strong>\u0131 i\u00e7in yumu\u015fak, canl\u0131 ve hijyenik \u00e7ama\u015f\u0131rlar\u0131 size tam zaman\u0131nda sa\u011flar.<\/span><\/span>[\/vc_column_text][\/vc_column][vc_column width=&#8221;1\/3&#8243;][vc_empty_space][elx_heading font_container=&#8221;h5&#8243; font_size=&#8221;h5&#8243; text_color=&#8221;inherit&#8221;]Dezenfeksiyon programlar\u0131[\/elx_heading][vc_column_text]<span data-teams=\"true\"><span class=\"ui-provider a b c d e f g h i j k l m n o p q r s t u v w x y z ab ac ae af ag ah ai aj ak\" dir=\"ltr\">Hijyen ve temizlik gereksinimlerini kar\u015f\u0131laman\u0131za yard\u0131mc\u0131 olmak i\u00e7in <strong>dezenfeksiyon programlar\u0131<\/strong> da dahil olmak \u00fczere \u00e7ok \u00e7e\u015fitli uygulamalara y\u00f6nelik programlarla daha fazla esneklik<\/span><\/span>[\/vc_column_text][\/vc_column][vc_column width=&#8221;1\/3&#8243;][vc_empty_space][elx_heading font_container=&#8221;h5&#8243; font_size=&#8221;h5&#8243; text_color=&#8221;inherit&#8221;]Temizlemesi kolay paslanmaz \u00e7elik \u00fcst ve \u00f6n k\u0131s\u0131m[\/elx_heading][vc_column_text]<span data-teams=\"true\"><span class=\"ui-provider a b c d e f g h i j k l m n o p q r s t u v w x y z ab ac ae af ag ah ai aj ak\" dir=\"ltr\">\u015e\u0131k ve sa\u011flam <strong>korozyona dayan\u0131kl\u0131<\/strong><br \/>\n\u0130\u015fletmenizde harika g\u00f6r\u00fcnecek d\u0131\u015f y\u00fczey. En kaliteli \u00e7\u00f6z\u00fcm\u00fc elde etmek i\u00e7in temizlemesi kolay paslanmaz \u00e7elik \u00fcst ve \u00f6n k\u0131s\u0131m.<\/span><\/span>[\/vc_column_text][\/vc_column][\/vc_row][vc_row content_placement=&#8221;top&#8221; el_class=&#8221;marginNegative&#8221;][vc_column width=&#8221;1\/3&#8243;][vc_single_image image=&#8221;14505&#8243; img_size=&#8221;large&#8221;][elx_heading text_color=&#8221;inherit&#8221;]M\u00fckemmel hijyen<br \/>\nve g\u00fcvenilirlik[\/elx_heading][vc_column_text css=&#8221;.vc_custom_1727102436143{margin-bottom: 0px !important;}&#8221; el_class=&#8221;minHeightCirclesText&#8221;]<em><span class=\"Y2IQFc\" lang=\"tr\">&#8220;Deri ve t\u0131rnak enfeksiyonlar\u0131 konusunda endi\u015felenmeme gerek yok&#8221;<\/span><\/em>[\/vc_column_text][vc_column_text css=&#8221;.vc_custom_1727101973867{margin-top: 15px !important;}&#8221;]<\/p>\n<ul>\n<li class=\"li1\">Havlular\u0131n\u0131z\u0131n hijyenini sa\u011flamak i\u00e7in <strong>profesyonel dezenfeksiyon programlar\u0131<\/strong><\/li>\n<li>B\u00fcy\u00fck 4,5 mm delikler sayesinde sa\u00e7lar\u0131n ve par\u00e7ac\u0131klar\u0131n tamburdan <strong>verimli bir \u015fekilde temizlenmesi<\/strong> sa\u011flan\u0131r.<\/li>\n<li class=\"li2\">Profesyonel bile\u015fenler sayesinde ev tip\u00a0 makinelerden <strong>3 kat daha uzun \u00f6m\u00fcrl\u00fc<\/strong> olarak tasarlanm\u0131\u015ft\u0131r.<\/li>\n<\/ul>\n<p>[\/vc_column_text][\/vc_column][vc_column width=&#8221;1\/3&#8243;][vc_single_image image=&#8221;14506&#8243; img_size=&#8221;large&#8221;][elx_heading text_color=&#8221;inherit&#8221; css=&#8221;.vc_custom_1727102031238{margin-top: 0px !important;}&#8221;]En kaliteli<br \/>\n\u00e7ama\u015f\u0131r y\u0131kama sonucu[\/elx_heading][vc_column_text css=&#8221;.vc_custom_1727102430803{margin-bottom: 0px !important;}&#8221; el_class=&#8221;minHeightCirclesText&#8221;]<em><span class=\"Y2IQFc\" lang=\"tr\">&#8220;M\u00fc\u015fterilerim fark\u0131 hemen anlayacak. Daha temiz, daha yumu\u015fak, daha ferah kokulu havlular&#8221;<\/span><\/em>[\/vc_column_text][vc_column_text css=&#8221;.vc_custom_1727102362327{margin-top: 15px !important;}&#8221;]<\/p>\n<ul>\n<li class=\"li1\"><em><em>SpeedCare<\/em><\/em>\u00a0tamburu sayesinde <strong>en iyi y\u0131kama sonu\u00e7lar\u0131<\/strong> ve <strong>giysi bak\u0131m\u0131<\/strong><\/li>\n<li><span class=\"s1\"><span class=\"s1\"><b>Enerjiden ve maliyetlerden tasarruf edin<br \/>\n<\/b><\/span><\/span><em>A+++ \u00e7ama\u015f\u0131r makinesi enerji verimlili\u011fi<\/em><br \/>\n<em>A++ \u0131s\u0131 pompal\u0131 kurutucu enerji verimlili\u011fi<\/em><\/li>\n<li><span class=\"s2\"><span class=\"s2\">Alan\u0131n\u0131z\u0131 optimize eden k<em>ompakt formatta <\/em><strong>y\u00fcksek verimli \u00e7ama\u015f\u0131r y\u0131kama\u00a0<\/strong><\/span><\/span><\/li>\n<\/ul>\n<p>[\/vc_column_text][\/vc_column][vc_column width=&#8221;1\/3&#8243;][vc_single_image image=&#8221;14507&#8243; img_size=&#8221;large&#8221;][elx_heading text_color=&#8221;inherit&#8221;]Profesyonel ihtiya\u00e7lar\u0131n\u0131z\u0131 kar\u015f\u0131layan y\u00fcksek h\u0131z[\/elx_heading][vc_column_text css=&#8221;.vc_custom_1727102422762{margin-bottom: 0px !important;}&#8221; el_class=&#8221;minHeightCirclesText&#8221;]<em><span class=\"Y2IQFc\" lang=\"tr\">&#8220;\u0130\u00e7im rahat ve ar\u0131zalar\u0131 d\u00fc\u015f\u00fcnmeme gerek yok&#8221;<\/span><\/em>[\/vc_column_text][vc_column_text css=&#8221;.vc_custom_1727102790908{margin-top: 15px !important;}&#8221;]<\/p>\n<ul>\n<li class=\"li1\"><em>Profesyonel programlarla<\/em><strong> %50&#8217;ye kadar daha h\u0131zl<\/strong>\u0131<\/li>\n<li class=\"li1\">\u00dct\u00fcleme s\u0131ras\u0131nda buhar kullanarak <strong>daha k\u0131sa s\u00fcrede en iyi sonu\u00e7lar\u0131<\/strong> al\u0131n<\/li>\n<li class=\"li1\"><em>Otomatik Nem Kontrol\u00fc<\/em> ile <strong>daha k\u0131sa kurutma<\/strong> <strong>program\u0131<\/strong><\/li>\n<\/ul>\n<p>[\/vc_column_text][\/vc_column][\/vc_row][vc_row css=&#8221;.vc_custom_1571302025360{padding-top: 32px !important;padding-bottom: 32px !important;}&#8221;][vc_column width=&#8221;1\/2&#8243;][elx_video_block background_image=&#8221;14504&#8243; is_full_height=&#8221;full-height&#8221; video_link=&#8221;https:\/\/www.youtube.com\/watch?v=tKL9zCjHyaY&#8221; minimum_height=&#8221;320px&#8221;][\/vc_column][vc_column width=&#8221;1\/2&#8243;][elx_heading font_container=&#8221;h5&#8243; font_size=&#8221;h5&#8243; text_color=&#8221;inherit&#8221;]MAXG Parrucchieri, Pordenone (Italya)[\/elx_heading][vc_column_text]<span class=\"Y2IQFc\" lang=\"tr\">\u201cAd\u0131m Massimo Catalano ve kuaf\u00f6r\u00fcm. K\u0131z karde\u015fim ve ben bu maceraya anne-babam\u0131z\u0131n kuaf\u00f6r salonunda ba\u015flad\u0131k ve bug\u00fcn alt\u0131 ma\u011fazam\u0131z var.<\/span><\/p>\n<p>\u015eu ana kadar hep ev tipi \u00e7ama\u015f\u0131r ve kurutma makinesi kullan\u0131yorduk ama hi\u00e7bir zaman a\u011f\u0131r i\u015f y\u00fck\u00fcm\u00fcze yeti\u015femediler. Sonra myPRO&#8217;yu ke\u015ffettik\u2026\u201d[\/vc_column_text][\/vc_column][\/vc_row][vc_row][vc_column][vc_empty_space][\/vc_column][\/vc_row][vc_row][vc_column][elx_o2000_contact_us s=&#8221;Request of information about Hairdressers &amp; Beauty Salons&#8221; b=&#8221;laundry&#8221; r=&#8221;I would like to find out more about Laundry solutions for Hairdressers and Beauty Salons&#8221; l=&#8221;en&#8221;][\/vc_column][\/vc_row][vc_row][vc_column][vc_empty_space][\/vc_column][\/vc_row][vc_row css=&#8221;.vc_custom_1534772259989{background-color: #eeeeee !important;}&#8221;][vc_column width=&#8221;2\/3&#8243;][elx_heading font_size=&#8221;h3&#8243; text_color=&#8221;inherit&#8221;]Daha verimli \u00e7\u00f6z\u00fcmler mi ar\u0131yorsunuz?[\/elx_heading][elx_heading font_container=&#8221;h3&#8243; font_size=&#8221;h5&#8243; text_color=&#8221;inherit&#8221;]End\u00fcstriyel \u00e7ama\u015f\u0131rhane \u00e7\u00f6z\u00fcmlerimizi ke\u015ffedin[\/elx_heading][vc_column_text]Electrolux Professional end\u00fcstriyel<span class=\"Y2IQFc\" lang=\"tr\">\u00a0\u00e7ama\u015f\u0131r y\u0131kama ihtiya\u00e7lar\u0131n\u0131z i\u00e7in \u00e7ok y\u00f6nl\u00fc bir \u00fcr\u00fcn yelpazesi sunar.<\/span>[\/vc_column_text][elx_button button_text=&#8221;Profesyonel \u00c7ama\u015f\u0131rhane \u00c7\u00f6z\u00fcmlerimizi ke\u015ffedin&#8221; button_style=&#8221;icon&#8221; button_link=&#8221;url:https%3A%2F%2Fwww.electroluxprofessional.com%2Ftr%2Fline-6000-cozumler%2F|title:End%C3%BCstriyel%20%C3%A7ama%C5%9F%C4%B1rhane%20%C3%A7%C3%B6z%C3%BCmleri&#8221;][\/vc_column][vc_column width=&#8221;1\/3&#8243;][vc_empty_space][vc_single_image image=&#8221;1167&#8243; img_size=&#8221;700px&#8221; onclick=&#8221;custom_link&#8221; link=&#8221;http:\/\/https:\/\/www.electroluxprofessional.com\/tr\/your-business\/commercial-laundries\/&#8221;][\/vc_column][\/vc_row]<\/p>\n","protected":false},"excerpt":{"rendered":"<p>[vc_row full_width=&#8221;electroluxpro-full-width-no-padding&#8221; css=&#8221;.vc_custom_1663592939648{margin-top: -50px !important;}&#8221;][vc_column][elx_full_banner title=&#8221;Kuaf\u00f6rler ve G\u00fczellik Salonlar\u0131&#8221; background_image_media_library=&#8221;14508&#8243; background_image_media_library_mobile=&#8221;18244&#8243;][\/vc_column][\/vc_row][vc_row][vc_column][vc_empty_space][\/vc_column][\/vc_row][vc_row][vc_column width=&#8221;2\/3&#8243;][elx_heading font_container=&#8221;h1&#8243; text_color=&#8221;electrolux-blue&#8221;]Kuaf\u00f6rler ve G\u00fczellik Salonlar\u0131 i\u00e7in \u00e7ama\u015f\u0131rhane \u00e7\u00f6z\u00fcmleri[\/elx_heading][vc_column_text]Yava\u015f programlar ve t\u0131kanm\u0131\u015f drenajlar, ev tipi Y\u0131kama ve Kurutma Makineleri ihtiya\u00e7lar\u0131n\u0131 kar\u015f\u0131layamad\u0131\u011f\u0131nda, kuaf\u00f6r ve g\u00fczellik merkezlerinin g\u00fcnl\u00fck engelleridir. myPRO, as\u0131l i\u015finize odaklanman\u0131z\u0131 sa\u011flar. Sorunsuz, h\u0131zl\u0131 ve kolay bir \u015fekilde en y\u00fcksek kalitede \u00e7ama\u015f\u0131r y\u0131kama sonu\u00e7lar\u0131.[\/vc_column_text][elx_button [&hellip;]<\/p>\n","protected":false},"author":40,"featured_media":14503,"parent":21615,"menu_order":0,"comment_status":"closed","ping_status":"closed","template":"","meta":{"footnotes":""},"class_list":["post-18245","page","type-page","status-publish","has-post-thumbnail","hentry"],"acf":[],"yoast_head":"<!-- This site is optimized with the Yoast SEO plugin v23.3 - https:\/\/yoast.com\/wordpress\/plugins\/seo\/ -->\n<title>Kuaf\u00f6r ve G\u00fczellik Salonlar\u0131 - Electrolux Professional T\u00fcrkiye<\/title>\n<meta name=\"description\" content=\"Kuaf\u00f6rler ve G\u00fczellik Salonlar\u0131 i\u00e7in \u00e7ama\u015f\u0131rhane \u00e7\u00f6z\u00fcmleri. Sorunsuz, h\u0131zl\u0131 ve kolay bir \u015fekilde en y\u00fcksek kalitede \u00e7ama\u015f\u0131r y\u0131kama sonu\u00e7lar\u0131.\" \/>\n<meta name=\"robots\" content=\"index, follow, max-snippet:-1, max-image-preview:large, max-video-preview:-1\" \/>\n<link rel=\"canonical\" href=\"https:\/\/www.electroluxprofessional.com\/tr\/isletmenize-yonelik-cozumler\/kucuk-isletmeler\/kuaforler-guzellik-salonlari\/\" \/>\n<meta property=\"og:locale\" content=\"tr_TR\" \/>\n<meta property=\"og:type\" content=\"article\" \/>\n<meta property=\"og:title\" content=\"Kuaf\u00f6r ve G\u00fczellik Salonlar\u0131 - Electrolux Professional T\u00fcrkiye\" \/>\n<meta property=\"og:description\" content=\"Kuaf\u00f6rler ve G\u00fczellik Salonlar\u0131 i\u00e7in \u00e7ama\u015f\u0131rhane \u00e7\u00f6z\u00fcmleri. Sorunsuz, h\u0131zl\u0131 ve kolay bir \u015fekilde en y\u00fcksek kalitede \u00e7ama\u015f\u0131r y\u0131kama sonu\u00e7lar\u0131.\" \/>\n<meta property=\"og:url\" content=\"https:\/\/www.electroluxprofessional.com\/tr\/isletmenize-yonelik-cozumler\/kucuk-isletmeler\/kuaforler-guzellik-salonlari\/\" \/>\n<meta property=\"og:site_name\" content=\"Electrolux Professional T\u00fcrkiye\" \/>\n<meta property=\"article:modified_time\" content=\"2025-11-06T07:15:57+00:00\" \/>\n<meta property=\"og:image\" content=\"https:\/\/www.electroluxprofessional.com\/tr\/wp-content\/uploads\/2022\/09\/myPRO-health-beauty-salon-1170x546-1.jpg\" \/>\n\t<meta property=\"og:image:width\" content=\"1170\" \/>\n\t<meta property=\"og:image:height\" content=\"546\" \/>\n\t<meta property=\"og:image:type\" content=\"image\/jpeg\" \/>\n<meta name=\"twitter:card\" content=\"summary_large_image\" \/>\n<meta name=\"twitter:label1\" content=\"Tahmini okuma s\u00fcresi\" \/>\n\t<meta name=\"twitter:data1\" content=\"4 dakika\" \/>\n<script type=\"application\/ld+json\" class=\"yoast-schema-graph\">{\"@context\":\"https:\/\/schema.org\",\"@graph\":[{\"@type\":\"WebPage\",\"@id\":\"https:\/\/www.electroluxprofessional.com\/tr\/isletmenize-yonelik-cozumler\/kucuk-isletmeler\/kuaforler-guzellik-salonlari\/\",\"url\":\"https:\/\/www.electroluxprofessional.com\/tr\/isletmenize-yonelik-cozumler\/kucuk-isletmeler\/kuaforler-guzellik-salonlari\/\",\"name\":\"Kuaf\u00f6r ve G\u00fczellik Salonlar\u0131 - Electrolux Professional T\u00fcrkiye\",\"isPartOf\":{\"@id\":\"https:\/\/www.electroluxprofessional.com\/tr\/#website\"},\"primaryImageOfPage\":{\"@id\":\"https:\/\/www.electroluxprofessional.com\/tr\/isletmenize-yonelik-cozumler\/kucuk-isletmeler\/kuaforler-guzellik-salonlari\/#primaryimage\"},\"image\":{\"@id\":\"https:\/\/www.electroluxprofessional.com\/tr\/isletmenize-yonelik-cozumler\/kucuk-isletmeler\/kuaforler-guzellik-salonlari\/#primaryimage\"},\"thumbnailUrl\":\"https:\/\/www.electroluxprofessional.com\/tr\/wp-content\/uploads\/2022\/09\/myPRO-health-beauty-salon-1170x546-1.jpg\",\"datePublished\":\"2024-09-23T11:34:52+00:00\",\"dateModified\":\"2025-11-06T07:15:57+00:00\",\"description\":\"Kuaf\u00f6rler ve G\u00fczellik Salonlar\u0131 i\u00e7in \u00e7ama\u015f\u0131rhane \u00e7\u00f6z\u00fcmleri. Sorunsuz, h\u0131zl\u0131 ve kolay bir \u015fekilde en y\u00fcksek kalitede \u00e7ama\u015f\u0131r y\u0131kama sonu\u00e7lar\u0131.\",\"breadcrumb\":{\"@id\":\"https:\/\/www.electroluxprofessional.com\/tr\/isletmenize-yonelik-cozumler\/kucuk-isletmeler\/kuaforler-guzellik-salonlari\/#breadcrumb\"},\"inLanguage\":\"tr\",\"potentialAction\":[{\"@type\":\"ReadAction\",\"target\":[\"https:\/\/www.electroluxprofessional.com\/tr\/isletmenize-yonelik-cozumler\/kucuk-isletmeler\/kuaforler-guzellik-salonlari\/\"]}]},{\"@type\":\"ImageObject\",\"inLanguage\":\"tr\",\"@id\":\"https:\/\/www.electroluxprofessional.com\/tr\/isletmenize-yonelik-cozumler\/kucuk-isletmeler\/kuaforler-guzellik-salonlari\/#primaryimage\",\"url\":\"https:\/\/www.electroluxprofessional.com\/tr\/wp-content\/uploads\/2022\/09\/myPRO-health-beauty-salon-1170x546-1.jpg\",\"contentUrl\":\"https:\/\/www.electroluxprofessional.com\/tr\/wp-content\/uploads\/2022\/09\/myPRO-health-beauty-salon-1170x546-1.jpg\",\"width\":1170,\"height\":546,\"caption\":\"myPRO health beauty salon 1170x546\"},{\"@type\":\"BreadcrumbList\",\"@id\":\"https:\/\/www.electroluxprofessional.com\/tr\/isletmenize-yonelik-cozumler\/kucuk-isletmeler\/kuaforler-guzellik-salonlari\/#breadcrumb\",\"itemListElement\":[{\"@type\":\"ListItem\",\"position\":1,\"name\":\"Home\",\"item\":\"https:\/\/www.electroluxprofessional.com\/tr\/\"},{\"@type\":\"ListItem\",\"position\":2,\"name\":\"\u0130\u015fletmenize Y\u00f6nelik \u00c7\u00f6z\u00fcmler\",\"item\":\"https:\/\/www.electroluxprofessional.com\/tr\/isletmenize-yonelik-cozumler\/\"},{\"@type\":\"ListItem\",\"position\":3,\"name\":\"K\u00fc\u00e7\u00fck \u0130\u015fletmeler\",\"item\":\"https:\/\/www.electroluxprofessional.com\/tr\/isletmenize-yonelik-cozumler\/kucuk-isletmeler\/\"},{\"@type\":\"ListItem\",\"position\":4,\"name\":\"Kuaf\u00f6r ve G\u00fczellik Salonlar\u0131\"}]},{\"@type\":\"WebSite\",\"@id\":\"https:\/\/www.electroluxprofessional.com\/tr\/#website\",\"url\":\"https:\/\/www.electroluxprofessional.com\/tr\/\",\"name\":\"Electrolux Professional T\u00fcrkiye\",\"description\":\"\",\"potentialAction\":[{\"@type\":\"SearchAction\",\"target\":{\"@type\":\"EntryPoint\",\"urlTemplate\":\"https:\/\/www.electroluxprofessional.com\/tr\/?src={search_term_string}\"},\"query-input\":\"required name=search_term_string\"}],\"inLanguage\":\"tr\"}]}<\/script>\n<!-- \/ Yoast SEO plugin. -->","yoast_head_json":{"title":"Kuaf\u00f6r ve G\u00fczellik Salonlar\u0131 - Electrolux Professional T\u00fcrkiye","description":"Kuaf\u00f6rler ve G\u00fczellik Salonlar\u0131 i\u00e7in \u00e7ama\u015f\u0131rhane \u00e7\u00f6z\u00fcmleri. Sorunsuz, h\u0131zl\u0131 ve kolay bir \u015fekilde en y\u00fcksek kalitede \u00e7ama\u015f\u0131r y\u0131kama sonu\u00e7lar\u0131.","robots":{"index":"index","follow":"follow","max-snippet":"max-snippet:-1","max-image-preview":"max-image-preview:large","max-video-preview":"max-video-preview:-1"},"canonical":"https:\/\/www.electroluxprofessional.com\/tr\/isletmenize-yonelik-cozumler\/kucuk-isletmeler\/kuaforler-guzellik-salonlari\/","og_locale":"tr_TR","og_type":"article","og_title":"Kuaf\u00f6r ve G\u00fczellik Salonlar\u0131 - Electrolux Professional T\u00fcrkiye","og_description":"Kuaf\u00f6rler ve G\u00fczellik Salonlar\u0131 i\u00e7in \u00e7ama\u015f\u0131rhane \u00e7\u00f6z\u00fcmleri. Sorunsuz, h\u0131zl\u0131 ve kolay bir \u015fekilde en y\u00fcksek kalitede \u00e7ama\u015f\u0131r y\u0131kama sonu\u00e7lar\u0131.","og_url":"https:\/\/www.electroluxprofessional.com\/tr\/isletmenize-yonelik-cozumler\/kucuk-isletmeler\/kuaforler-guzellik-salonlari\/","og_site_name":"Electrolux Professional T\u00fcrkiye","article_modified_time":"2025-11-06T07:15:57+00:00","og_image":[{"width":1170,"height":546,"url":"https:\/\/www.electroluxprofessional.com\/tr\/wp-content\/uploads\/2022\/09\/myPRO-health-beauty-salon-1170x546-1.jpg","type":"image\/jpeg"}],"twitter_card":"summary_large_image","twitter_misc":{"Tahmini okuma s\u00fcresi":"4 dakika"},"schema":{"@context":"https:\/\/schema.org","@graph":[{"@type":"WebPage","@id":"https:\/\/www.electroluxprofessional.com\/tr\/isletmenize-yonelik-cozumler\/kucuk-isletmeler\/kuaforler-guzellik-salonlari\/","url":"https:\/\/www.electroluxprofessional.com\/tr\/isletmenize-yonelik-cozumler\/kucuk-isletmeler\/kuaforler-guzellik-salonlari\/","name":"Kuaf\u00f6r ve G\u00fczellik Salonlar\u0131 - Electrolux Professional T\u00fcrkiye","isPartOf":{"@id":"https:\/\/www.electroluxprofessional.com\/tr\/#website"},"primaryImageOfPage":{"@id":"https:\/\/www.electroluxprofessional.com\/tr\/isletmenize-yonelik-cozumler\/kucuk-isletmeler\/kuaforler-guzellik-salonlari\/#primaryimage"},"image":{"@id":"https:\/\/www.electroluxprofessional.com\/tr\/isletmenize-yonelik-cozumler\/kucuk-isletmeler\/kuaforler-guzellik-salonlari\/#primaryimage"},"thumbnailUrl":"https:\/\/www.electroluxprofessional.com\/tr\/wp-content\/uploads\/2022\/09\/myPRO-health-beauty-salon-1170x546-1.jpg","datePublished":"2024-09-23T11:34:52+00:00","dateModified":"2025-11-06T07:15:57+00:00","description":"Kuaf\u00f6rler ve G\u00fczellik Salonlar\u0131 i\u00e7in \u00e7ama\u015f\u0131rhane \u00e7\u00f6z\u00fcmleri. Sorunsuz, h\u0131zl\u0131 ve kolay bir \u015fekilde en y\u00fcksek kalitede \u00e7ama\u015f\u0131r y\u0131kama sonu\u00e7lar\u0131.","breadcrumb":{"@id":"https:\/\/www.electroluxprofessional.com\/tr\/isletmenize-yonelik-cozumler\/kucuk-isletmeler\/kuaforler-guzellik-salonlari\/#breadcrumb"},"inLanguage":"tr","potentialAction":[{"@type":"ReadAction","target":["https:\/\/www.electroluxprofessional.com\/tr\/isletmenize-yonelik-cozumler\/kucuk-isletmeler\/kuaforler-guzellik-salonlari\/"]}]},{"@type":"ImageObject","inLanguage":"tr","@id":"https:\/\/www.electroluxprofessional.com\/tr\/isletmenize-yonelik-cozumler\/kucuk-isletmeler\/kuaforler-guzellik-salonlari\/#primaryimage","url":"https:\/\/www.electroluxprofessional.com\/tr\/wp-content\/uploads\/2022\/09\/myPRO-health-beauty-salon-1170x546-1.jpg","contentUrl":"https:\/\/www.electroluxprofessional.com\/tr\/wp-content\/uploads\/2022\/09\/myPRO-health-beauty-salon-1170x546-1.jpg","width":1170,"height":546,"caption":"myPRO health beauty salon 1170x546"},{"@type":"BreadcrumbList","@id":"https:\/\/www.electroluxprofessional.com\/tr\/isletmenize-yonelik-cozumler\/kucuk-isletmeler\/kuaforler-guzellik-salonlari\/#breadcrumb","itemListElement":[{"@type":"ListItem","position":1,"name":"Home","item":"https:\/\/www.electroluxprofessional.com\/tr\/"},{"@type":"ListItem","position":2,"name":"\u0130\u015fletmenize Y\u00f6nelik \u00c7\u00f6z\u00fcmler","item":"https:\/\/www.electroluxprofessional.com\/tr\/isletmenize-yonelik-cozumler\/"},{"@type":"ListItem","position":3,"name":"K\u00fc\u00e7\u00fck \u0130\u015fletmeler","item":"https:\/\/www.electroluxprofessional.com\/tr\/isletmenize-yonelik-cozumler\/kucuk-isletmeler\/"},{"@type":"ListItem","position":4,"name":"Kuaf\u00f6r ve G\u00fczellik Salonlar\u0131"}]},{"@type":"WebSite","@id":"https:\/\/www.electroluxprofessional.com\/tr\/#website","url":"https:\/\/www.electroluxprofessional.com\/tr\/","name":"Electrolux Professional T\u00fcrkiye","description":"","potentialAction":[{"@type":"SearchAction","target":{"@type":"EntryPoint","urlTemplate":"https:\/\/www.electroluxprofessional.com\/tr\/?src={search_term_string}"},"query-input":"required name=search_term_string"}],"inLanguage":"tr"}]}},"_links":{"self":[{"href":"https:\/\/www.electroluxprofessional.com\/tr\/wp-json\/wp\/v2\/pages\/18245"}],"collection":[{"href":"https:\/\/www.electroluxprofessional.com\/tr\/wp-json\/wp\/v2\/pages"}],"about":[{"href":"https:\/\/www.electroluxprofessional.com\/tr\/wp-json\/wp\/v2\/types\/page"}],"author":[{"embeddable":true,"href":"https:\/\/www.electroluxprofessional.com\/tr\/wp-json\/wp\/v2\/users\/40"}],"replies":[{"embeddable":true,"href":"https:\/\/www.electroluxprofessional.com\/tr\/wp-json\/wp\/v2\/comments?post=18245"}],"version-history":[{"count":15,"href":"https:\/\/www.electroluxprofessional.com\/tr\/wp-json\/wp\/v2\/pages\/18245\/revisions"}],"predecessor-version":[{"id":22973,"href":"https:\/\/www.electroluxprofessional.com\/tr\/wp-json\/wp\/v2\/pages\/18245\/revisions\/22973"}],"up":[{"embeddable":true,"href":"https:\/\/www.electroluxprofessional.com\/tr\/wp-json\/wp\/v2\/pages\/21615"}],"wp:featuredmedia":[{"embeddable":true,"href":"https:\/\/www.electroluxprofessional.com\/tr\/wp-json\/wp\/v2\/media\/14503"}],"wp:attachment":[{"href":"https:\/\/www.electroluxprofessional.com\/tr\/wp-json\/wp\/v2\/media?parent=18245"}],"curies":[{"name":"wp","href":"https:\/\/api.w.org\/{rel}","templated":true}]}}