{"id":18212,"date":"2024-09-18T13:08:40","date_gmt":"2024-09-18T13:08:40","guid":{"rendered":"https:\/\/www.electroluxprofessional.com\/tr\/?page_id=18212"},"modified":"2025-11-05T15:43:04","modified_gmt":"2025-11-05T15:43:04","slug":"greenclean-tezgahalti-bulasik","status":"publish","type":"page","link":"https:\/\/www.electroluxprofessional.com\/tr\/ticari-mutfak-ekipmanlari\/greenclean-tezgahalti-bulasik\/","title":{"rendered":"green&#038;clean Tezgahalt\u0131 Bula\u015f\u0131k Makineleri"},"content":{"rendered":"<p>[vc_row full_width=&#8221;electroluxpro-full-width-no-padding&#8221;][vc_column][elx_image_block background_image=&#8221;10441&#8243; minimum_height=&#8221;400px&#8221;][vc_empty_space][\/vc_column][\/vc_row][vc_row][vc_column][elx_text_image tag_title=&#8221;h1&#8243; style_image=&#8221;image_square&#8221; bg_row=&#8221;bg-download-white&#8221; title=&#8221;green&amp;clean Tezgahalt\u0131 Bula\u015f\u0131k Makineleri:<br \/>\ng\u00fcvenilir, kolay ve emniyetli&#8221; lists=&#8221;%5B%7B%7D%5D&#8221; values=&#8221;%5B%7B%7D%5D&#8221; single_image=&#8221;18167&#8243;]Yeni green&amp;clean Tezgahalt\u0131 Bula\u015f\u0131k Makineleri, performanstan \u00f6d\u00fcn vermeden tasar\u0131m ve tasarrufu \u00f6n planda tutan Barlar, Pub\u2019lar, Kafeler, k\u00fc\u00e7\u00fck restoranlar ve H\u0131zl\u0131 Yemek Restoranlar\u0131 (QSR) i\u00e7in tasarlanm\u0131\u015f modern \u00e7\u00f6z\u00fcmlerdir.[\/elx_text_image][elx_o2000_contact_us s=&#8221;Web sitesinden ileti\u015fim talebi&#8221; b=&#8221;food&#8221; button_mode=&#8221;true&#8221; button_style=&#8221;secondary-bordered&#8221; postion_button=&#8221;text-left&#8221; postion_button_mobile=&#8221;text-left-mobile&#8221; text_btn_contact=&#8221;ileti\u015fime ge\u00e7in&#8221;][vc_empty_space][\/vc_column][\/vc_row][vc_row custom_color_row=&#8221;bg-row-light-blue&#8221;][vc_column][elx_features_download title=&#8221;Y\u00fcksek performans ve d\u00fc\u015f\u00fck i\u015fletme maliyetleri i\u00e7in ideal \u00e7\u00f6z\u00fcm&#8221; tag_title=&#8221;h2&#8243; class_title=&#8221;h1&#8243; title_download=&#8221;\u0130ndirin&#8221; title_discover=&#8221;Ke\u015ffedin&#8221; bg_discover_color=&#8221;bg-download-white&#8221; link_discover_color=&#8221;download-text-blue&#8221; title_position=&#8221;top&#8221; bg_row=&#8221;bg-row-light-blue&#8221; values=&#8221;%5B%7B%22select_type%22%3A%22link%22%2C%22link_download%22%3A%22url%3Ahttps%253A%252F%252Ftools.electroluxprofessional.com%252FMirror%252FDoc%252FBR%252FBR_BR-9JE00171_1_5_1_21_EPR-Glasswasher-Undercounter-Brochure_25-06-2024_LR%252520(1).pdf%7Ctitle%3Agreen%2526clean%2520Bardak%2520Y%25C4%25B1kama%2520ve%2520Tezgahalt%25C4%25B1%2520Bula%25C5%259F%25C4%25B1k%2520Makineleri%2520bro%25C5%259F%25C3%25BCr%25C3%25BC%2520(EN)%7Ctarget%3A_blank%22%2C%22label_pride_document%22%3A%22green%26clean%20Bardak%20Y%C4%B1kama%20ve%20Tezgahalt%C4%B1%20Bula%C5%9F%C4%B1k%20Makineleri%20bro%C5%9F%C3%BCr%C3%BC%22%2C%22document_type%22%3A%22brochures%22%2C%22br_document_number%22%3A%22BR-9JE00171%22%7D%5D&#8221; discover=&#8221;%5B%7B%22link_discover%22%3A%22url%3Ahttps%253A%252F%252Fwww.electroluxprofessional.com%252Ftr%252Fticari-mutfak-ekipmanlari%252Fneoblue-touch-tezgahalti-bulasik-makinesi%252F%7Ctitle%3ANeoBlue%2520Touch%2520Tezgahalt%25C4%25B1%7Ctarget%3A_blank%22%7D%2C%7B%22link_discover%22%3A%22url%3Ahttps%253A%252F%252Fwww.electroluxprofessional.com%252Ftr%252Fticari-mutfak-ekipmanlari%252Fneoblue-touch-bardakyikama%252F%7Ctitle%3ANeoBlue%2520Bardak%2520Y%25C4%25B1kama%7Ctarget%3A_blank%22%7D%2C%7B%22link_discover%22%3A%22url%3A%2523Aksesuarlar%7Ctitle%3AAksesuarlar%22%7D%5D&#8221; features=&#8221;%5B%7B%22icon_electroluxpro%22%3A%22elx-icon%20icon-circle-clean-blue%22%2C%22title_icon%22%3A%22M%C3%BCkemmel%20y%C4%B1kama%20ve%20durulama%20performans%C4%B1%22%2C%22text_icon%22%3A%22%C3%87ift%20%C3%BCst%20ve%20alt%20y%C4%B1kama%20ve%20durulama%20kollar%C4%B1%20sayesinde%20tam%20deterjan%20giderme%20ve%20maksimum%20performans.%22%7D%2C%7B%22icon_electroluxpro%22%3A%22elx-icon%20icon-circle-safe-blue%22%2C%22title_icon%22%3A%22Garantili%20sanitasyon%22%2C%22text_icon%22%3A%22%3Cb%3ESabit%2084%20%C2%B0C%20durulama%20s%C4%B1cakl%C4%B1%C4%9F%C4%B1n%C4%B1%3C%2Fb%3E%20garanti%20eden%20Wash-Safe%20Control%20ile%20%C3%BCst%C3%BCn%20hijyen%20ve%20optimum%20durulama%20sonu%C3%A7lar%C4%B1.%22%7D%2C%7B%22icon_electroluxpro%22%3A%22elx-icon%20icon-circle-easy-blue%22%2C%22title_icon%22%3A%22Kolay%20Ergonomi%22%2C%22text_icon%22%3A%22Kavramas%C4%B1%20kolay%20tutamakla%20kolay%20a%C3%A7ma%20ve%20kapama%20i%C3%A7in%20emniyetli%20ve%20ergonomik%20kar%C5%9F%C4%B1%20dengeli%20kap%C4%B1.%22%7D%5D&#8221;][\/elx_features_download][vc_empty_space][\/vc_column][\/vc_row][vc_row css=&#8221;.vc_custom_1744204400055{background-color: #c4d69a !important;}&#8221;][vc_column][elx_features_download title=&#8221;&#8221; title_discover=&#8221;Ke\u015ffedin&#8221; title_position=&#8221;top&#8221; bg_row=&#8221;bg-row-sustainability-green&#8221; values=&#8221;%5B%7B%22select_type%22%3A%22link%22%7D%5D&#8221; discover=&#8221;%5B%7B%7D%5D&#8221; features=&#8221;%5B%7B%22icon_electroluxpro%22%3A%22elx-icon%20icon-circle-savings-green-blue%22%2C%22title_icon%22%3A%22Daha%20az%20t%C3%BCketim%22%2C%22text_icon%22%3A%22Daha%20d%C3%BC%C5%9F%C3%BCk%20i%C5%9Fletme%20maliyetleri%20ve%20%C3%A7evre%20%C3%BCzerinde%20daha%20az%20etki%20i%C3%A7in%20daha%20az%20su%2C%20enerji%2C%20deterjan%20ve%20parlat%C4%B1c%C4%B1%20t%C3%BCketimi.%22%7D%5D&#8221;][\/elx_features_download][\/vc_column][\/vc_row][vc_row][vc_column][vc_empty_space][elx_text_image style_image=&#8221;image_vertical&#8221; bg_row=&#8221;bg-download-white&#8221; title=&#8221;\u00c7evre \u00fczerinde d\u00fc\u015f\u00fck etkiyle i\u015fletme maliyetlerini azalt\u0131n&#8221; lists=&#8221;%5B%7B%22icon_electroluxpro%22%3A%22elx-icon%20icon-circle-checkmark-blue%22%2C%22title_list%22%3A%22Ola%C4%9Fan%C3%BCst%C3%BC%20tasarruf%3A%20Y%C4%B1lda%20730%20%E2%82%AC%20*%20%22%2C%22text_list%22%3A%22Su%2C%20enerji%2C%20deterjan%20ve%20parlat%C4%B1c%C4%B1dan%20sa%C4%9Flanan%20tasarruf%20sayesinde%20ayn%C4%B1%20optimum%20performansla%20y%C4%B1lda%20730%20%E2%82%AC*%20cebinizde%20kals%C4%B1n.%22%7D%2C%7B%22icon_electroluxpro%22%3A%22elx-icon%20icon-circle-checkmark-blue%22%2C%22title_list%22%3A%22D%C3%BC%C5%9F%C3%BCk%20su%20t%C3%BCketimi%22%2C%22text_list%22%3A%22Su%20giri%C5%9F%20ko%C5%9Fullar%C4%B1ndan%20ba%C4%9F%C4%B1ms%C4%B1z%20olarak%20durulama%20i%C3%A7in%20%C3%A7evrim%20ba%C5%9F%C4%B1na%202%2C5%20lt%20temiz%20su%20gerekir.%22%7D%2C%7B%22icon_electroluxpro%22%3A%22elx-icon%20icon-circle-checkmark-blue%22%2C%22title_list%22%3A%22D%C3%BC%C5%9F%C3%BCk%20enerji%20t%C3%BCketimi%22%2C%22text_list%22%3A%22Durulamada%20daha%20az%20su%20kullan%C4%B1ld%C4%B1%C4%9F%C4%B1%20i%C3%A7in%20%2525%20oran%C4%B1nda%20d%C3%BC%C5%9Fer.%22%7D%2C%7B%22icon_electroluxpro%22%3A%22elx-icon%20icon-circle-checkmark-blue%22%2C%22title_list%22%3A%22Daha%20az%20deterjan%20ve%20parlat%C4%B1c%C4%B1%20t%C3%BCketimi%22%2C%22text_list%22%3A%22Her%20%C3%A7evrim%20i%C3%A7in%20do%C4%9Fru%20miktarda%20kimyasal.%22%7D%5D&#8221; values=&#8221;%5B%7B%7D%5D&#8221; note=&#8221;*Maliyet tasarruflar\u0131 Intertek taraf\u0131ndan akredite edilmi\u015f Electrolux Professional Laboratuvar\u0131 taraf\u0131ndan hesaplanm\u0131\u015ft\u0131r. green&amp;clean Tezgah Alt\u0131 Bula\u015f\u0131k Makinesi ile e\u015fde\u011fer bir geleneksel makine aras\u0131nda durulama ba\u015f\u0131na her \u00e7evrimde 3,5 litre, g\u00fcnde 70 y\u0131kama \u00e7evrimi, y\u0131lda 300 \u00e7al\u0131\u015fma g\u00fcn\u00fc, 15 \u00b0C giri\u015f suyu s\u0131cakl\u0131\u011f\u0131 kullan\u0131larak kar\u015f\u0131la\u015ft\u0131rma yap\u0131lm\u0131\u015ft\u0131r.&#8221; single_image=&#8221;18168&#8243;]green&amp;clean Tezgah Alt\u0131 Bula\u015f\u0131k Makinelerinin optimum performans ve d\u00fc\u015f\u00fck i\u015fletme maliyetleri aras\u0131nda m\u00fckemmel dengeyi nas\u0131l sundu\u011funu ke\u015ffedin.[\/elx_text_image][vc_empty_space][\/vc_column][\/vc_row][vc_row][vc_column][elx_multiple_columns number_columns=&#8221;4&#8243; bg_row=&#8221;bg-download-white&#8221; title=&#8221;green&amp;clean Tezgahalt\u0131 Bula\u015f\u0131k Makineleri ile i\u015flerinizi daha hafif ve kolay hale getirin&#8221; values=&#8221;%5B%7B%22image_section%22%3A%2218169%22%2C%22title_section%22%3A%22M%C3%BCkemmel%20durulama%20performans%C4%B1%22%2C%22text_section%22%3A%22E%C4%9Fimli%20y%C4%B1kama%20kollar%C4%B1*%20ve%20y%C4%B1kamadan%20sonra%20ve%20durulamadan%20%C3%B6nce%20verilen%204%20saniyelik%20duraklama%2C%20durulama%20sonras%C4%B1nda%20y%C4%B1kama%20suyunun%20temiz%20bula%C5%9F%C4%B1klar%C4%B1n%20%C3%BCzerine%20damlamamas%C4%B1n%C4%B1%20sa%C4%9Flar.%22%2C%22note_section%22%3A%22*Se%C3%A7ili%20modellerde.%22%2C%22button_style%22%3A%22secondary%22%7D%2C%7B%22image_section%22%3A%2218170%22%2C%22title_section%22%3A%22M%C3%BCkemmel%20hijyenik%20ko%C5%9Fullar%22%2C%22text_section%22%3A%22Bakteriler%2C%2020-60*%20%C2%B0C%20(maksimum%2075%20%C2%B0C)%20aras%C4%B1%20s%C4%B1cakl%C4%B1ktaki%20bir%20ortamda%20ideal%20%C3%A7o%C4%9Falma%20ko%C5%9Fullar%C4%B1n%C4%B1%20bulurlar.%20Wash-Safe%20Control%2C%2084%20%C2%B0C%20sabit%20durulama%20s%C4%B1cakl%C4%B1%C4%9F%C4%B1%20sayesinde%20bakterileri%20yok%20eder.%22%2C%22button_style%22%3A%22secondary%22%7D%2C%7B%22image_section%22%3A%2218171%22%2C%22title_section%22%3A%22M%C3%BCkemmel%20ergonomi%22%2C%22text_section%22%3A%22Zor%20i%C5%9Fleri%20ve%20yorgunlu%C4%9Fu%20unutun.%20Yaylarla%20donat%C4%B1lm%C4%B1%C5%9F%20hafif%20kar%C5%9F%C4%B1%20dengeli%20kap%C4%B1%2C%20yumu%C5%9Fak%20a%C3%A7%C4%B1l%C4%B1p%20kapanmay%C4%B1%20sa%C4%9Flarken%2C%20%C3%A7ift%20cidarl%C4%B1%20yal%C4%B1t%C4%B1ml%C4%B1%20kap%C4%B1%20ve%20kabin*%20sessiz%20bir%20%C3%A7al%C4%B1%C5%9Fma%20ortam%C4%B1%20ve%20%C4%B1s%C4%B1n%C4%B1n%20daha%20az%20da%C4%9F%C4%B1lmas%C4%B1n%C4%B1%20sa%C4%9Flar.%22%2C%22note_section%22%3A%22*Se%C3%A7ili%20modellerde.%22%2C%22button_style%22%3A%22secondary%22%7D%5D&#8221;][\/elx_multiple_columns][vc_empty_space][\/vc_column][\/vc_row][vc_row el_id=&#8221;Aksesuarlar&#8221;][vc_column]<div class=\"elx-accordion \">    <div class=\"elx-accordion-heading\">        <a class=\"elx-accordion-link elx-accordion-open\">            <h4 class=\" elx-accordion-title\">                Aksesuarlar ve deterjanlar                <img decoding=\"async\" src=\"https:\/\/www.electroluxprofessional.com\/tr\/wp-content\/themes\/electroluxpro\/assets\/epr-icon-minus-blue.svg\" class=\"elx-minus\" \/>                <img decoding=\"async\" src=\"https:\/\/www.electroluxprofessional.com\/tr\/wp-content\/themes\/electroluxpro\/assets\/epr-icon-plus-blue.svg\" class=\"elx-plus elx-hidden\" \/>            <\/h4>        <\/a>    <\/div>    <div class=\"elx-accordion-body elx-accordion-open\"><p>[vc_row_inner][vc_column_inner width=&#8221;1\/2&#8243;][elx_heading font_size=&#8221;h5&#8243; text_color=&#8221;inherit&#8221;]\u00dcniversal kullan\u0131m i\u00e7in sepetler[\/elx_heading][vc_column_text]Farkl\u0131 sepet t\u00fcrlerimizden birini se\u00e7in: d\u00fcz tabaklar veya kaselere \u00f6zel; pizza tabaklar\u0131, kupalar veya kahve fincanlar\u0131 i\u00e7in tel eklentileri; \u00e7atal b\u0131\u00e7ak tak\u0131m\u0131na \u00f6zel b\u00f6lmeler; tepsi ve daha fazlas\u0131 i\u00e7in a\u00e7\u0131k kenarl\u0131 alanlar.[\/vc_column_text][vc_empty_space][elx_shop_now button_text=&#8221;Simdi Sat\u0131n al\u0131n&#8221; button_display_block=&#8221;display_block_on&#8221; button_alignment=&#8221;align_center&#8221; button_link=&#8221;url:https%3A%2F%2Fbuy.electroluxprofessional.com%2Fparts%3Fq%3Dbaskets&#8221;][vc_empty_space][\/vc_column_inner][vc_column_inner width=&#8221;1\/2&#8243;][vc_single_image image=&#8221;1419&#8243; img_size=&#8221;530*285&#8243; css_animation=&#8221;none&#8221;][\/vc_column_inner][\/vc_row_inner][vc_row_inner][vc_column_inner width=&#8221;1\/2&#8243;][vc_single_image image=&#8221;14220&#8243; img_size=&#8221;530*285&#8243; alignment=&#8221;center&#8221; css_animation=&#8221;none&#8221;][\/vc_column_inner][vc_column_inner width=&#8221;1\/2&#8243;][elx_heading font_size=&#8221;h5&#8243; text_color=&#8221;inherit&#8221;]S\u0131v\u0131 deterjanlar[\/elx_heading][vc_column_text]Bu deterjanlar parlak bardaklardaki damla izi ve lekeleri ortadan kald\u0131rarak m\u00fckemmel kuruluk ve temizlik sa\u011fl\u0131yor. \u00d6zel form\u00fcl\u00fcm\u00fcz sayesinde kire\u00e7 olu\u015fumunu engelliyoruz.[\/vc_column_text][elx_button button_text=&#8221;END\u00dcSTR\u0130YEL BULA\u015eIK MAK\u0130NELER\u0130&#8221; button_style=&#8221;icon&#8221; button_link=&#8221;url:https%3A%2F%2Fwww.electroluxprofessional.com%2Ftr%2Fticari-mutfak-ekipmanlari%2Fticari-bulasik-makinesi%2F|title:end%C3%BCstriyel%20y%C4%B1kama%20makineleri&#8221;][vc_empty_space][elx_shop_now button_text=&#8221;\u015e\u0130MD\u0130 SATIN ALIN&#8221; button_display_block=&#8221;display_block_on&#8221; button_alignment=&#8221;align_center&#8221; button_link=&#8221;url:https%3A%2F%2Fbuy.electroluxprofessional.com%2Felectrolux-professional%2Fcleaners-detergents%2Fparts|||&#8221;][vc_empty_space][\/vc_column_inner][\/vc_row_inner]<\/p>\n    <\/div><\/div>[\/vc_column][\/vc_row][vc_row][vc_column][vc_empty_space][elx_multiple_columns number_columns=&#8221;4&#8243; bg_row=&#8221;bg-download-white&#8221; title=&#8221;Eksiksiz \u00e7\u00f6z\u00fcm\u00fcn\u00fcz\u00fc bulun&#8221; values=&#8221;%5B%7B%22image_section%22%3A%2218172%22%2C%22title_section%22%3A%22Barlar%20ve%20kafeler%22%2C%22text_section%22%3A%22G%C3%BCn%20boyu%20yemek%20servisi%20yap%C4%B1lan%20etkinlikler%20i%C3%A7in.%20%20%C4%B0htiyac%C4%B1n%C4%B1z%20olan%20%C3%A7%C3%B6z%C3%BCm%C3%BC%20bulun.%22%2C%22link_section%22%3A%22url%3Ahttps%253A%252F%252Fwww.electroluxprofessional.com%252Fyour-business%252Fbars-and-cafes%252F%7Ctitle%3A%25C4%25B0htiyac%25C4%25B1n%25C4%25B1z%2520olan%2520%25C3%25A7%25C3%25B6z%25C3%25BCm%25C3%25BC%2520bulun%7Ctarget%3A_blank%22%2C%22button_style%22%3A%22secondary-bordered%22%7D%2C%7B%22image_section%22%3A%2218173%22%2C%22title_section%22%3A%22%C5%9Earap%20barlar%C4%B1%22%2C%22text_section%22%3A%22Restoran%20ve%20%C5%9Farap%20barlar%C4%B1%20i%C3%A7in%20parlak%20kadehler%20en%20iyi%20sunum%20%C5%9Feklidir.%20En%20iyi%20izlenimi%20yarat%C4%B1n%22%2C%22link_section%22%3A%22title%3AEn%2520iyi%2520izlenimi%2520yarat%25C4%25B1n%7Ctarget%3A_blank%7Crel%3Anofollow%22%2C%22button_style%22%3A%22secondary-bordered%22%7D%2C%7B%22image_section%22%3A%2218174%22%2C%22title_section%22%3A%22F%C4%B1r%C4%B1nc%C4%B1l%C4%B1k%2C%20hamur%20i%C5%9Fleri%20ve%20pizza%22%2C%22text_section%22%3A%22T%C3%BCm%20ihtiya%C3%A7lar%C4%B1n%C4%B1z%20i%C3%A7in%20son%20derece%20%C3%A7ok%20y%C3%B6nl%C3%BC%20%C3%A7%C3%B6z%C3%BCmler%20bulun.Serimizi%20ke%C5%9Ffedin%22%2C%22link_section%22%3A%22url%3A%2523%7Ctitle%3A%25C3%259Cr%25C3%25BCn%2520gam%25C4%25B1m%25C4%25B1z%25C4%25B1%2520ke%25C5%259Ffedin%7Ctarget%3A_blank%22%2C%22button_style%22%3A%22secondary-bordered%22%7D%5D&#8221;][\/elx_multiple_columns][\/vc_column][\/vc_row]<\/p>\n","protected":false},"excerpt":{"rendered":"<p>[vc_row full_width=&#8221;electroluxpro-full-width-no-padding&#8221;][vc_column][elx_image_block background_image=&#8221;10441&#8243; minimum_height=&#8221;400px&#8221;][vc_empty_space][\/vc_column][\/vc_row][vc_row][vc_column][elx_text_image tag_title=&#8221;h1&#8243; style_image=&#8221;image_square&#8221; bg_row=&#8221;bg-download-white&#8221; title=&#8221;green&amp;clean Tezgahalt\u0131 Bula\u015f\u0131k Makineleri: g\u00fcvenilir, kolay ve emniyetli&#8221; lists=&#8221;%5B%7B%7D%5D&#8221; values=&#8221;%5B%7B%7D%5D&#8221; single_image=&#8221;18167&#8243;]Yeni green&amp;clean Tezgahalt\u0131 Bula\u015f\u0131k Makineleri, performanstan \u00f6d\u00fcn vermeden tasar\u0131m ve tasarrufu \u00f6n planda tutan Barlar, Pub\u2019lar, Kafeler, k\u00fc\u00e7\u00fck restoranlar ve H\u0131zl\u0131 Yemek Restoranlar\u0131 (QSR) i\u00e7in tasarlanm\u0131\u015f modern \u00e7\u00f6z\u00fcmlerdir.[\/elx_text_image][elx_o2000_contact_us s=&#8221;Web sitesinden ileti\u015fim talebi&#8221; b=&#8221;food&#8221; button_mode=&#8221;true&#8221; button_style=&#8221;secondary-bordered&#8221; postion_button=&#8221;text-left&#8221; postion_button_mobile=&#8221;text-left-mobile&#8221; text_btn_contact=&#8221;ileti\u015fime [&hellip;]<\/p>\n","protected":false},"author":40,"featured_media":10426,"parent":19849,"menu_order":0,"comment_status":"closed","ping_status":"closed","template":"","meta":{"footnotes":""},"class_list":["post-18212","page","type-page","status-publish","has-post-thumbnail","hentry"],"acf":[],"yoast_head":"<!-- This site is optimized with the Yoast SEO plugin v23.3 - https:\/\/yoast.com\/wordpress\/plugins\/seo\/ -->\n<title>green&amp;clean Tezgahalt\u0131 Bula\u015f\u0131k Makineleri - Electrolux Professional T\u00fcrkiye<\/title>\n<meta name=\"description\" content=\"Dayan\u0131kl\u0131, Kolay ve G\u00fcvenli. Modern \u00e7\u00f6z\u00fcm\u00fcm\u00fcz green&amp;clean Bardak Y\u0131kama Makineleri ve Tezgahalt\u0131 Bula\u015f\u0131k Makinelerimizi ke\u015ffedin.\" \/>\n<meta name=\"robots\" content=\"index, follow, max-snippet:-1, max-image-preview:large, max-video-preview:-1\" \/>\n<link rel=\"canonical\" href=\"https:\/\/www.electroluxprofessional.com\/tr\/ticari-mutfak-ekipmanlari\/greenclean-tezgahalti-bulasik\/\" \/>\n<meta property=\"og:locale\" content=\"tr_TR\" \/>\n<meta property=\"og:type\" content=\"article\" \/>\n<meta property=\"og:title\" content=\"green&amp;clean Tezgahalt\u0131 Bula\u015f\u0131k Makineleri - Electrolux Professional T\u00fcrkiye\" \/>\n<meta property=\"og:description\" content=\"Dayan\u0131kl\u0131, Kolay ve G\u00fcvenli. Modern \u00e7\u00f6z\u00fcm\u00fcm\u00fcz green&amp;clean Bardak Y\u0131kama Makineleri ve Tezgahalt\u0131 Bula\u015f\u0131k Makinelerimizi ke\u015ffedin.\" \/>\n<meta property=\"og:url\" content=\"https:\/\/www.electroluxprofessional.com\/tr\/ticari-mutfak-ekipmanlari\/greenclean-tezgahalti-bulasik\/\" \/>\n<meta property=\"og:site_name\" content=\"Electrolux Professional T\u00fcrkiye\" \/>\n<meta property=\"article:modified_time\" content=\"2025-11-05T15:43:04+00:00\" \/>\n<meta property=\"og:image\" content=\"https:\/\/www.electroluxprofessional.com\/tr\/wp-content\/uploads\/2021\/01\/hero-mobile-dishes.jpg\" \/>\n\t<meta property=\"og:image:width\" content=\"1125\" \/>\n\t<meta property=\"og:image:height\" content=\"1583\" \/>\n\t<meta property=\"og:image:type\" content=\"image\/jpeg\" \/>\n<meta name=\"twitter:card\" content=\"summary_large_image\" \/>\n<meta name=\"twitter:label1\" content=\"Tahmini okuma s\u00fcresi\" \/>\n\t<meta name=\"twitter:data1\" content=\"2 dakika\" \/>\n<script type=\"application\/ld+json\" class=\"yoast-schema-graph\">{\"@context\":\"https:\/\/schema.org\",\"@graph\":[{\"@type\":\"WebPage\",\"@id\":\"https:\/\/www.electroluxprofessional.com\/tr\/ticari-mutfak-ekipmanlari\/greenclean-tezgahalti-bulasik\/\",\"url\":\"https:\/\/www.electroluxprofessional.com\/tr\/ticari-mutfak-ekipmanlari\/greenclean-tezgahalti-bulasik\/\",\"name\":\"green&clean Tezgahalt\u0131 Bula\u015f\u0131k Makineleri - Electrolux Professional T\u00fcrkiye\",\"isPartOf\":{\"@id\":\"https:\/\/www.electroluxprofessional.com\/tr\/#website\"},\"primaryImageOfPage\":{\"@id\":\"https:\/\/www.electroluxprofessional.com\/tr\/ticari-mutfak-ekipmanlari\/greenclean-tezgahalti-bulasik\/#primaryimage\"},\"image\":{\"@id\":\"https:\/\/www.electroluxprofessional.com\/tr\/ticari-mutfak-ekipmanlari\/greenclean-tezgahalti-bulasik\/#primaryimage\"},\"thumbnailUrl\":\"https:\/\/www.electroluxprofessional.com\/tr\/wp-content\/uploads\/2021\/01\/hero-mobile-dishes.jpg\",\"datePublished\":\"2024-09-18T13:08:40+00:00\",\"dateModified\":\"2025-11-05T15:43:04+00:00\",\"description\":\"Dayan\u0131kl\u0131, Kolay ve G\u00fcvenli. Modern \u00e7\u00f6z\u00fcm\u00fcm\u00fcz green&clean Bardak Y\u0131kama Makineleri ve Tezgahalt\u0131 Bula\u015f\u0131k Makinelerimizi ke\u015ffedin.\",\"breadcrumb\":{\"@id\":\"https:\/\/www.electroluxprofessional.com\/tr\/ticari-mutfak-ekipmanlari\/greenclean-tezgahalti-bulasik\/#breadcrumb\"},\"inLanguage\":\"tr\",\"potentialAction\":[{\"@type\":\"ReadAction\",\"target\":[\"https:\/\/www.electroluxprofessional.com\/tr\/ticari-mutfak-ekipmanlari\/greenclean-tezgahalti-bulasik\/\"]}]},{\"@type\":\"ImageObject\",\"inLanguage\":\"tr\",\"@id\":\"https:\/\/www.electroluxprofessional.com\/tr\/ticari-mutfak-ekipmanlari\/greenclean-tezgahalti-bulasik\/#primaryimage\",\"url\":\"https:\/\/www.electroluxprofessional.com\/tr\/wp-content\/uploads\/2021\/01\/hero-mobile-dishes.jpg\",\"contentUrl\":\"https:\/\/www.electroluxprofessional.com\/tr\/wp-content\/uploads\/2021\/01\/hero-mobile-dishes.jpg\",\"width\":1125,\"height\":1583,\"caption\":\"hero-mobile-dishes\"},{\"@type\":\"BreadcrumbList\",\"@id\":\"https:\/\/www.electroluxprofessional.com\/tr\/ticari-mutfak-ekipmanlari\/greenclean-tezgahalti-bulasik\/#breadcrumb\",\"itemListElement\":[{\"@type\":\"ListItem\",\"position\":1,\"name\":\"Home\",\"item\":\"https:\/\/www.electroluxprofessional.com\/tr\/\"},{\"@type\":\"ListItem\",\"position\":2,\"name\":\"End\u00fcstriyel Mutfak Ekipmanlar\u0131\",\"item\":\"https:\/\/www.electroluxprofessional.com\/tr\/ticari-mutfak-ekipmanlari\/\"},{\"@type\":\"ListItem\",\"position\":3,\"name\":\"green&#038;clean Tezgahalt\u0131 Bula\u015f\u0131k Makineleri\"}]},{\"@type\":\"WebSite\",\"@id\":\"https:\/\/www.electroluxprofessional.com\/tr\/#website\",\"url\":\"https:\/\/www.electroluxprofessional.com\/tr\/\",\"name\":\"Electrolux Professional T\u00fcrkiye\",\"description\":\"\",\"potentialAction\":[{\"@type\":\"SearchAction\",\"target\":{\"@type\":\"EntryPoint\",\"urlTemplate\":\"https:\/\/www.electroluxprofessional.com\/tr\/?src={search_term_string}\"},\"query-input\":\"required name=search_term_string\"}],\"inLanguage\":\"tr\"}]}<\/script>\n<!-- \/ Yoast SEO plugin. -->","yoast_head_json":{"title":"green&clean Tezgahalt\u0131 Bula\u015f\u0131k Makineleri - Electrolux Professional T\u00fcrkiye","description":"Dayan\u0131kl\u0131, Kolay ve G\u00fcvenli. Modern \u00e7\u00f6z\u00fcm\u00fcm\u00fcz green&clean Bardak Y\u0131kama Makineleri ve Tezgahalt\u0131 Bula\u015f\u0131k Makinelerimizi ke\u015ffedin.","robots":{"index":"index","follow":"follow","max-snippet":"max-snippet:-1","max-image-preview":"max-image-preview:large","max-video-preview":"max-video-preview:-1"},"canonical":"https:\/\/www.electroluxprofessional.com\/tr\/ticari-mutfak-ekipmanlari\/greenclean-tezgahalti-bulasik\/","og_locale":"tr_TR","og_type":"article","og_title":"green&clean Tezgahalt\u0131 Bula\u015f\u0131k Makineleri - Electrolux Professional T\u00fcrkiye","og_description":"Dayan\u0131kl\u0131, Kolay ve G\u00fcvenli. Modern \u00e7\u00f6z\u00fcm\u00fcm\u00fcz green&clean Bardak Y\u0131kama Makineleri ve Tezgahalt\u0131 Bula\u015f\u0131k Makinelerimizi ke\u015ffedin.","og_url":"https:\/\/www.electroluxprofessional.com\/tr\/ticari-mutfak-ekipmanlari\/greenclean-tezgahalti-bulasik\/","og_site_name":"Electrolux Professional T\u00fcrkiye","article_modified_time":"2025-11-05T15:43:04+00:00","og_image":[{"width":1125,"height":1583,"url":"https:\/\/www.electroluxprofessional.com\/tr\/wp-content\/uploads\/2021\/01\/hero-mobile-dishes.jpg","type":"image\/jpeg"}],"twitter_card":"summary_large_image","twitter_misc":{"Tahmini okuma s\u00fcresi":"2 dakika"},"schema":{"@context":"https:\/\/schema.org","@graph":[{"@type":"WebPage","@id":"https:\/\/www.electroluxprofessional.com\/tr\/ticari-mutfak-ekipmanlari\/greenclean-tezgahalti-bulasik\/","url":"https:\/\/www.electroluxprofessional.com\/tr\/ticari-mutfak-ekipmanlari\/greenclean-tezgahalti-bulasik\/","name":"green&clean Tezgahalt\u0131 Bula\u015f\u0131k Makineleri - Electrolux Professional T\u00fcrkiye","isPartOf":{"@id":"https:\/\/www.electroluxprofessional.com\/tr\/#website"},"primaryImageOfPage":{"@id":"https:\/\/www.electroluxprofessional.com\/tr\/ticari-mutfak-ekipmanlari\/greenclean-tezgahalti-bulasik\/#primaryimage"},"image":{"@id":"https:\/\/www.electroluxprofessional.com\/tr\/ticari-mutfak-ekipmanlari\/greenclean-tezgahalti-bulasik\/#primaryimage"},"thumbnailUrl":"https:\/\/www.electroluxprofessional.com\/tr\/wp-content\/uploads\/2021\/01\/hero-mobile-dishes.jpg","datePublished":"2024-09-18T13:08:40+00:00","dateModified":"2025-11-05T15:43:04+00:00","description":"Dayan\u0131kl\u0131, Kolay ve G\u00fcvenli. Modern \u00e7\u00f6z\u00fcm\u00fcm\u00fcz green&clean Bardak Y\u0131kama Makineleri ve Tezgahalt\u0131 Bula\u015f\u0131k Makinelerimizi ke\u015ffedin.","breadcrumb":{"@id":"https:\/\/www.electroluxprofessional.com\/tr\/ticari-mutfak-ekipmanlari\/greenclean-tezgahalti-bulasik\/#breadcrumb"},"inLanguage":"tr","potentialAction":[{"@type":"ReadAction","target":["https:\/\/www.electroluxprofessional.com\/tr\/ticari-mutfak-ekipmanlari\/greenclean-tezgahalti-bulasik\/"]}]},{"@type":"ImageObject","inLanguage":"tr","@id":"https:\/\/www.electroluxprofessional.com\/tr\/ticari-mutfak-ekipmanlari\/greenclean-tezgahalti-bulasik\/#primaryimage","url":"https:\/\/www.electroluxprofessional.com\/tr\/wp-content\/uploads\/2021\/01\/hero-mobile-dishes.jpg","contentUrl":"https:\/\/www.electroluxprofessional.com\/tr\/wp-content\/uploads\/2021\/01\/hero-mobile-dishes.jpg","width":1125,"height":1583,"caption":"hero-mobile-dishes"},{"@type":"BreadcrumbList","@id":"https:\/\/www.electroluxprofessional.com\/tr\/ticari-mutfak-ekipmanlari\/greenclean-tezgahalti-bulasik\/#breadcrumb","itemListElement":[{"@type":"ListItem","position":1,"name":"Home","item":"https:\/\/www.electroluxprofessional.com\/tr\/"},{"@type":"ListItem","position":2,"name":"End\u00fcstriyel Mutfak Ekipmanlar\u0131","item":"https:\/\/www.electroluxprofessional.com\/tr\/ticari-mutfak-ekipmanlari\/"},{"@type":"ListItem","position":3,"name":"green&#038;clean Tezgahalt\u0131 Bula\u015f\u0131k Makineleri"}]},{"@type":"WebSite","@id":"https:\/\/www.electroluxprofessional.com\/tr\/#website","url":"https:\/\/www.electroluxprofessional.com\/tr\/","name":"Electrolux Professional T\u00fcrkiye","description":"","potentialAction":[{"@type":"SearchAction","target":{"@type":"EntryPoint","urlTemplate":"https:\/\/www.electroluxprofessional.com\/tr\/?src={search_term_string}"},"query-input":"required name=search_term_string"}],"inLanguage":"tr"}]}},"_links":{"self":[{"href":"https:\/\/www.electroluxprofessional.com\/tr\/wp-json\/wp\/v2\/pages\/18212"}],"collection":[{"href":"https:\/\/www.electroluxprofessional.com\/tr\/wp-json\/wp\/v2\/pages"}],"about":[{"href":"https:\/\/www.electroluxprofessional.com\/tr\/wp-json\/wp\/v2\/types\/page"}],"author":[{"embeddable":true,"href":"https:\/\/www.electroluxprofessional.com\/tr\/wp-json\/wp\/v2\/users\/40"}],"replies":[{"embeddable":true,"href":"https:\/\/www.electroluxprofessional.com\/tr\/wp-json\/wp\/v2\/comments?post=18212"}],"version-history":[{"count":19,"href":"https:\/\/www.electroluxprofessional.com\/tr\/wp-json\/wp\/v2\/pages\/18212\/revisions"}],"predecessor-version":[{"id":22902,"href":"https:\/\/www.electroluxprofessional.com\/tr\/wp-json\/wp\/v2\/pages\/18212\/revisions\/22902"}],"up":[{"embeddable":true,"href":"https:\/\/www.electroluxprofessional.com\/tr\/wp-json\/wp\/v2\/pages\/19849"}],"wp:featuredmedia":[{"embeddable":true,"href":"https:\/\/www.electroluxprofessional.com\/tr\/wp-json\/wp\/v2\/media\/10426"}],"wp:attachment":[{"href":"https:\/\/www.electroluxprofessional.com\/tr\/wp-json\/wp\/v2\/media?parent=18212"}],"curies":[{"name":"wp","href":"https:\/\/api.w.org\/{rel}","templated":true}]}}