{"id":17963,"date":"2024-05-28T19:17:54","date_gmt":"2024-05-28T19:17:54","guid":{"rendered":"https:\/\/www.electroluxprofessional.com\/tr\/?page_id=17963"},"modified":"2025-08-27T13:53:53","modified_gmt":"2025-08-27T13:53:53","slug":"flexy-drop-in","status":"publish","type":"page","link":"https:\/\/www.electroluxprofessional.com\/tr\/ticari-mutfak-ekipmanlari\/flexy-line\/flexy-drop-in\/","title":{"rendered":"Flexy Drop-in (G\u00f6mme Tip)"},"content":{"rendered":"<p>[vc_row full_width=&#8221;electroluxpro-full-width-no-padding&#8221;][vc_column][elx_image_block background_image=&#8221;17958&#8243; minimum_height=&#8221;400px&#8221;][\/vc_column][\/vc_row][vc_row][vc_column][vc_empty_space height=&#8221;40px&#8221;][elx_heading font_container=&#8221;h1&#8243; text_color=&#8221;inherit&#8221; text_align=&#8221;text-center&#8221;]Flexy Drop-in (G\u00f6mme Tip)[\/elx_heading][vc_empty_space height=&#8221;40px&#8221;][elx_heading font_size=&#8221;h5&#8243; text_color=&#8221;inherit&#8221; text_align=&#8221;text-center&#8221;]6 boyutta 12 farkl\u0131 fonksiyon.<br \/>\n\u0130\u015fletmeniz i\u00e7in s\u0131n\u0131rs\u0131z se\u00e7enekler![\/elx_heading][vc_column_text]<\/p>\n<p style=\"text-align: center;\">S\u0131cak veya so\u011fuk \u2013 m\u00fc\u015fterilerinizin ihtiya\u00e7lar\u0131 ne olursa olsun, sizin i\u00e7in uygun \u00e7\u00f6z\u00fcm\u00fcm\u00fcz bulunmaktad\u0131r.<\/p>\n<p>[\/vc_column_text][vc_empty_space height=&#8221;40px&#8221;][\/vc_column][\/vc_row][vc_row][vc_column width=&#8221;1\/6&#8243;][vc_empty_space height=&#8221;20px&#8221;][\/vc_column][vc_column width=&#8221;1\/6&#8243;][vc_empty_space height=&#8221;20px&#8221;][\/vc_column][vc_column width=&#8221;1\/6&#8243;][vc_single_image image=&#8221;17942&#8243; img_size=&#8221;100&#215;100&#8243; alignment=&#8221;center&#8221;][vc_empty_space height=&#8221;20px&#8221;][vc_column_text]<\/p>\n<h5 style=\"text-align: center;\">S\u0131cak<br \/>\n\u00fcniteler<\/h5>\n<p>[\/vc_column_text][vc_empty_space height=&#8221;20px&#8221;][\/vc_column][vc_column width=&#8221;1\/6&#8243;][vc_single_image image=&#8221;17943&#8243; img_size=&#8221;100&#215;100&#8243; alignment=&#8221;center&#8221;][vc_empty_space height=&#8221;20px&#8221;][vc_column_text]<\/p>\n<h5 style=\"text-align: center;\">So\u011fuk<br \/>\n\u00fcniteler<\/h5>\n<p>[\/vc_column_text][vc_empty_space height=&#8221;20px&#8221;][\/vc_column][vc_column width=&#8221;1\/6&#8243;][vc_empty_space height=&#8221;20px&#8221;][\/vc_column][vc_column width=&#8221;1\/6&#8243;][vc_empty_space height=&#8221;20px&#8221;][\/vc_column][\/vc_row][vc_row][vc_column][vc_empty_space height=&#8221;50px&#8221;][\/vc_column][\/vc_row][vc_row full_width=&#8221;electroluxpro-full-width-no-padding&#8221;][vc_column][elx_download_block text=&#8221;Download the Drop-in Leaflet&#8221; file_picker=&#8221;37197&#8243; background_color=&#8221;electrolux-blue&#8221;][\/vc_column][\/vc_row][vc_row css=&#8221;.vc_custom_1636385671739{background-color: #f2f2f2 !important;}&#8221;][vc_column][vc_empty_space height=&#8221;40px&#8221;][elx_heading font_size=&#8221;h1&#8243; text_color=&#8221;inherit&#8221; text_align=&#8221;text-center&#8221;]SICAK \u00dcN\u0130TELER[\/elx_heading][vc_empty_space height=&#8221;40px&#8221;][vc_row_inner][vc_column_inner width=&#8221;1\/2&#8243;][vc_column_text css=&#8221;.vc_custom_1716924376071{padding-left: 40% !important;}&#8221;]<\/p>\n<h2>Fanl\u0131<br \/>\nBenmari<\/h2>\n<p>S\u00fcrd\u00fcr\u00fclebilir ve uygun i\u015fletme maliyetli hepsi bir arada.[\/vc_column_text][\/vc_column_inner][vc_column_inner width=&#8221;1\/2&#8243;][vc_single_image image=&#8221;17959&#8243; img_size=&#8221;medium&#8221;][\/vc_column_inner][\/vc_row_inner][vc_empty_space height=&#8221;40px&#8221;][vc_row_inner][vc_column_inner width=&#8221;1\/2&#8243;][vc_column_text]Havayla \u00e7al\u0131\u015fan fanl\u0131 Benmari ile art\u0131k <strong>suya gerek<\/strong> kalmad\u0131! Bu \u015fekilde, bak\u0131m daha kolay yap\u0131l\u0131rken i\u015fletme maliyetlerini azalt\u0131r, kurulumu kolayla\u015ft\u0131r\u0131rs\u0131n\u0131z.[\/vc_column_text][\/vc_column_inner][vc_column_inner width=&#8221;1\/2&#8243;][vc_column_text]<strong>Hemen haz\u0131r<\/strong><br \/>\nEnerji t\u00fcketimini ve \u00f6n \u0131s\u0131tma s\u00fcresini azalt\u0131n. Art\u0131k <strong>sadece 16 dakikada<\/strong> servise haz\u0131r![\/vc_column_text][\/vc_column_inner][\/vc_row_inner][vc_empty_space height=&#8221;40px&#8221;][vc_column_text]<\/p>\n<h2 style=\"text-align: center;\">Fanl\u0131 Benmari ile tasarruf<\/h2>\n<p>[\/vc_column_text][vc_empty_space height=&#8221;20px&#8221;][vc_row_inner][vc_column_inner width=&#8221;1\/2&#8243;][vc_column_text]<\/p>\n<h2 style=\"text-align: center; font-family: 'ElectroluxRegular';\">\u00d6n \u0131s\u0131tma s\u0131ras\u0131nda %90\u2019a varan oranda enerji tasarrufu<\/h2>\n<p>[\/vc_column_text][\/vc_column_inner][vc_column_inner width=&#8221;1\/2&#8243;][vc_column_text]<\/p>\n<h2 style=\"text-align: center; font-family: 'ElectroluxRegular';\">\u00c7al\u0131\u015fma s\u0131ras\u0131nda %35\u2019e varan oranda enerji tasarrufu!<\/h2>\n<p>[\/vc_column_text][\/vc_column_inner][\/vc_row_inner][vc_empty_space height=&#8221;40px&#8221;][vc_column_text]<\/p>\n<h3 class=\"h1\" style=\"text-align: center;\">Y\u0131lda* 407\u20ac&#8217;ya varan<br \/>\noranda tasarruf edin<\/h3>\n<p>[\/vc_column_text][vc_empty_space height=&#8221;10px&#8221;][vc_column_text]<\/p>\n<p style=\"text-align: center; font-size: 10px;\">Afnor test prosed\u00fcr\u00fcne g\u00f6re i\u015fletme maliyetlerine dayal\u0131 hesaplama.<br \/>\n*Veriler, Nisan 2020\u2019de mevcuttur. (AB ortalama enerji maliyeti 0,21 \u20ac\/kWs)[\/vc_column_text][vc_empty_space height=&#8221;50px&#8221;][\/vc_column][\/vc_row][vc_row][vc_column][vc_empty_space height=&#8221;40px&#8221;][elx_heading font_size=&#8221;h1&#8243; text_color=&#8221;inherit&#8221; text_align=&#8221;text-center&#8221;]SO\u011eUK \u00dcN\u0130TELER[\/elx_heading][vc_empty_space height=&#8221;40px&#8221;][vc_column_text]<\/p>\n<h2 style=\"text-align: center;\">Salatalar ve peynirlerden, so\u011fuk etlere ve meyvelere kadar \u00e7ok \u00e7e\u015fitli so\u011fuk fonksiyonlarla taze yiyeceklerinizi m\u00fckemmel \u015fekilde so\u011fuk tutun.<\/h2>\n<p>[\/vc_column_text][vc_empty_space height=&#8221;40px&#8221;][\/vc_column][\/vc_row][vc_row][vc_column width=&#8221;1\/2&#8243;][vc_single_image image=&#8221;17960&#8243; img_size=&#8221;large&#8221; alignment=&#8221;center&#8221;][vc_empty_space height=&#8221;20px&#8221;][vc_column_text]<\/p>\n<h3 style=\"text-align: center;\">So\u011fuk Yiyecek Te\u015fhir \u00dcniteleri<\/h3>\n<p>[\/vc_column_text][vc_empty_space height=&#8221;20px&#8221;][vc_column_text]<\/p>\n<p style=\"text-align: center;\">optimum g\u00f6r\u00fcn\u00fcrl\u00fck i\u00e7in e\u011fimli raflar<\/p>\n<p>[\/vc_column_text][vc_empty_space height=&#8221;20px&#8221;][\/vc_column][vc_column width=&#8221;1\/2&#8243;][vc_single_image image=&#8221;17961&#8243; img_size=&#8221;large&#8221; alignment=&#8221;center&#8221;][vc_empty_space height=&#8221;20px&#8221;][vc_column_text]<\/p>\n<h3 style=\"text-align: center;\">So\u011fuk Havuz \u00fcniteleri<\/h3>\n<p>[\/vc_column_text][vc_empty_space height=&#8221;20px&#8221;][vc_column_text]<\/p>\n<p style=\"text-align: center;\">Sabit &amp; d\u00fczg\u00fcn so\u011fuk \u0131s\u0131 da\u011f\u0131l\u0131m\u0131 i\u00e7in<\/p>\n<p>[\/vc_column_text][vc_empty_space height=&#8221;20px&#8221;][\/vc_column][\/vc_row][vc_row][vc_column][vc_empty_space height=&#8221;50px&#8221;][vc_empty_space height=&#8221;50px&#8221;][elx_button button_text=&#8221;Flexy Line&#8217;a geri d\u00f6n\u00fcn&#8221; button_display_block=&#8221;display_block_on&#8221; button_alignment=&#8221;align_center&#8221; button_link=&#8221;url:https%3A%2F%2Fwww.electroluxprofessional.com%2Ftr%2Fticari-mutfak-ekipmanlari%2Fflexy-line%2F|title:Flexy%20Line&#8221;][\/vc_column][\/vc_row][vc_row][vc_column width=&#8221;1\/4&#8243;][vc_empty_space][\/vc_column][vc_column width=&#8221;1\/2&#8243;][vc_empty_space height=&#8221;50px&#8221;][vc_single_image image=&#8221;17962&#8243; img_size=&#8221;medium&#8221; alignment=&#8221;center&#8221;][vc_empty_space height=&#8221;50px&#8221;][vc_column_text]<\/p>\n<h2 style=\"text-align: center;\">Ekstra s\u00fcrd\u00fcr\u00fclebilirlik<\/h2>\n<p style=\"text-align: center;\">\u0130novasyona dayal\u0131, i\u015fletmenize ve \u00e7evreye dost \u00f6nc\u00fc s\u00fcrd\u00fcr\u00fclebilir \u00e7\u00f6z\u00fcmler<\/p>\n<p>[\/vc_column_text][\/vc_column][vc_column width=&#8221;1\/4&#8243;][vc_empty_space][\/vc_column][\/vc_row][vc_row][vc_column][vc_empty_space height=&#8221;50px&#8221;][\/vc_column][\/vc_row][vc_row][vc_column width=&#8221;1\/6&#8243;][vc_empty_space][\/vc_column][vc_column width=&#8221;2\/6&#8243;][vc_column_text]<\/p>\n<h4>Electrolux Professional,<br \/>\nsekt\u00f6rdeki ilklerden biri<br \/>\nolarak, y\u00fcksek verimli R290<br \/>\n\u00e7\u00f6z\u00fcmleriyle de\u011fi\u015fime y\u00f6n veriyor<\/h4>\n<p>[\/vc_column_text][vc_empty_space][\/vc_column][vc_column width=&#8221;2\/6&#8243;][vc_single_image image=&#8221;13295&#8243; img_size=&#8221;200&#215;63&#8243;][vc_empty_space height=&#8221;15px&#8221;][vc_column_text]R290 gaz\u0131n\u0131n hem \u00e7evre \u00fczerindeki<br \/>\netkisi hem de buzdolab\u0131n\u0131n bile\u015fenleri<br \/>\n\u00fczerindeki a\u015f\u0131nd\u0131r\u0131c\u0131 etkisi<br \/>\ngeleneksel gazlara g\u00f6re daha azd\u0131r.[\/vc_column_text][\/vc_column][vc_column width=&#8221;1\/6&#8243;][vc_empty_space][\/vc_column][\/vc_row][vc_row][vc_column][vc_empty_space height=&#8221;40px&#8221;][elx_heading text_color=&#8221;inherit&#8221; text_align=&#8221;text-center&#8221;]Flexy Line Drop-in (G\u00f6mme Tip) \u00e7\u00f6z\u00fcmleri[\/elx_heading][\/vc_column][\/vc_row][vc_row][vc_column][vc_empty_space height=&#8221;40px&#8221;][elx_heading text_color=&#8221;inherit&#8221; text_align=&#8221;text-center&#8221;]Flexy Line Drop-in fonksiyonlar\u0131m\u0131z hakk\u0131nda daha fazla bilgi i\u00e7in bizimle ileti\u015fime ge\u00e7in[\/elx_heading][vc_empty_space height=&#8221;40px&#8221;][elx_o2000_contact_us][vc_empty_space height=&#8221;40px&#8221;][\/vc_column][\/vc_row]<\/p>\n","protected":false},"excerpt":{"rendered":"<p>[vc_row full_width=&#8221;electroluxpro-full-width-no-padding&#8221;][vc_column][elx_image_block background_image=&#8221;17958&#8243; minimum_height=&#8221;400px&#8221;][\/vc_column][\/vc_row][vc_row][vc_column][vc_empty_space height=&#8221;40px&#8221;][elx_heading font_container=&#8221;h1&#8243; text_color=&#8221;inherit&#8221; text_align=&#8221;text-center&#8221;]Flexy Drop-in (G\u00f6mme Tip)[\/elx_heading][vc_empty_space height=&#8221;40px&#8221;][elx_heading font_size=&#8221;h5&#8243; text_color=&#8221;inherit&#8221; text_align=&#8221;text-center&#8221;]6 boyutta 12 farkl\u0131 fonksiyon. \u0130\u015fletmeniz i\u00e7in s\u0131n\u0131rs\u0131z se\u00e7enekler![\/elx_heading][vc_column_text] S\u0131cak veya so\u011fuk \u2013 m\u00fc\u015fterilerinizin ihtiya\u00e7lar\u0131 ne olursa olsun, sizin i\u00e7in uygun \u00e7\u00f6z\u00fcm\u00fcm\u00fcz bulunmaktad\u0131r. [\/vc_column_text][vc_empty_space height=&#8221;40px&#8221;][\/vc_column][\/vc_row][vc_row][vc_column width=&#8221;1\/6&#8243;][vc_empty_space height=&#8221;20px&#8221;][\/vc_column][vc_column width=&#8221;1\/6&#8243;][vc_empty_space height=&#8221;20px&#8221;][\/vc_column][vc_column width=&#8221;1\/6&#8243;][vc_single_image image=&#8221;17942&#8243; img_size=&#8221;100&#215;100&#8243; alignment=&#8221;center&#8221;][vc_empty_space height=&#8221;20px&#8221;][vc_column_text] S\u0131cak \u00fcniteler [\/vc_column_text][vc_empty_space height=&#8221;20px&#8221;][\/vc_column][vc_column width=&#8221;1\/6&#8243;][vc_single_image image=&#8221;17943&#8243; img_size=&#8221;100&#215;100&#8243; [&hellip;]<\/p>\n","protected":false},"author":40,"featured_media":17958,"parent":21878,"menu_order":0,"comment_status":"closed","ping_status":"closed","template":"","meta":{"footnotes":""},"class_list":["post-17963","page","type-page","status-publish","has-post-thumbnail","hentry"],"acf":[],"yoast_head":"<!-- This site is optimized with the Yoast SEO plugin v23.3 - https:\/\/yoast.com\/wordpress\/plugins\/seo\/ -->\n<title>Flexy Drop-in (G\u00f6mme Tip) - Electrolux Professional T\u00fcrkiye<\/title>\n<meta name=\"description\" content=\"Flexy Drop-In (G\u00f6mme Tipi): Profesyonel mutfaklar i\u00e7in kompakt, \u00e7ok i\u015flevli servis hatt\u0131 \u00e7\u00f6z\u00fcmleri. 6 ebatta 12 \u00fcniteyle s\u0131cak ve so\u011fuk se\u00e7enekler, i\u015fletmeniz i\u00e7in s\u0131n\u0131rs\u0131z olanaklar.\" \/>\n<meta name=\"robots\" content=\"index, follow, max-snippet:-1, max-image-preview:large, max-video-preview:-1\" \/>\n<link rel=\"canonical\" href=\"https:\/\/www.electroluxprofessional.com\/tr\/ticari-mutfak-ekipmanlari\/flexy-line\/flexy-drop-in\/\" \/>\n<meta property=\"og:locale\" content=\"tr_TR\" \/>\n<meta property=\"og:type\" content=\"article\" \/>\n<meta property=\"og:title\" content=\"Flexy Drop-in (G\u00f6mme Tip) - Electrolux Professional T\u00fcrkiye\" \/>\n<meta property=\"og:description\" content=\"Flexy Drop-In (G\u00f6mme Tipi): Profesyonel mutfaklar i\u00e7in kompakt, \u00e7ok i\u015flevli servis hatt\u0131 \u00e7\u00f6z\u00fcmleri. 6 ebatta 12 \u00fcniteyle s\u0131cak ve so\u011fuk se\u00e7enekler, i\u015fletmeniz i\u00e7in s\u0131n\u0131rs\u0131z olanaklar.\" \/>\n<meta property=\"og:url\" content=\"https:\/\/www.electroluxprofessional.com\/tr\/ticari-mutfak-ekipmanlari\/flexy-line\/flexy-drop-in\/\" \/>\n<meta property=\"og:site_name\" content=\"Electrolux Professional T\u00fcrkiye\" \/>\n<meta property=\"article:modified_time\" content=\"2025-08-27T13:53:53+00:00\" \/>\n<meta property=\"og:image\" content=\"https:\/\/www.electroluxprofessional.com\/tr\/wp-content\/uploads\/2024\/05\/791B8083.jpg\" \/>\n\t<meta property=\"og:image:width\" content=\"2000\" \/>\n\t<meta property=\"og:image:height\" content=\"702\" \/>\n\t<meta property=\"og:image:type\" content=\"image\/jpeg\" \/>\n<meta name=\"twitter:card\" content=\"summary_large_image\" \/>\n<meta name=\"twitter:label1\" content=\"Tahmini okuma s\u00fcresi\" \/>\n\t<meta name=\"twitter:data1\" content=\"3 dakika\" \/>\n<script type=\"application\/ld+json\" class=\"yoast-schema-graph\">{\"@context\":\"https:\/\/schema.org\",\"@graph\":[{\"@type\":\"WebPage\",\"@id\":\"https:\/\/www.electroluxprofessional.com\/tr\/ticari-mutfak-ekipmanlari\/flexy-line\/flexy-drop-in\/\",\"url\":\"https:\/\/www.electroluxprofessional.com\/tr\/ticari-mutfak-ekipmanlari\/flexy-line\/flexy-drop-in\/\",\"name\":\"Flexy Drop-in (G\u00f6mme Tip) - Electrolux Professional T\u00fcrkiye\",\"isPartOf\":{\"@id\":\"https:\/\/www.electroluxprofessional.com\/tr\/#website\"},\"primaryImageOfPage\":{\"@id\":\"https:\/\/www.electroluxprofessional.com\/tr\/ticari-mutfak-ekipmanlari\/flexy-line\/flexy-drop-in\/#primaryimage\"},\"image\":{\"@id\":\"https:\/\/www.electroluxprofessional.com\/tr\/ticari-mutfak-ekipmanlari\/flexy-line\/flexy-drop-in\/#primaryimage\"},\"thumbnailUrl\":\"https:\/\/www.electroluxprofessional.com\/tr\/wp-content\/uploads\/2024\/05\/791B8083.jpg\",\"datePublished\":\"2024-05-28T19:17:54+00:00\",\"dateModified\":\"2025-08-27T13:53:53+00:00\",\"description\":\"Flexy Drop-In (G\u00f6mme Tipi): Profesyonel mutfaklar i\u00e7in kompakt, \u00e7ok i\u015flevli servis hatt\u0131 \u00e7\u00f6z\u00fcmleri. 6 ebatta 12 \u00fcniteyle s\u0131cak ve so\u011fuk se\u00e7enekler, i\u015fletmeniz i\u00e7in s\u0131n\u0131rs\u0131z olanaklar.\",\"breadcrumb\":{\"@id\":\"https:\/\/www.electroluxprofessional.com\/tr\/ticari-mutfak-ekipmanlari\/flexy-line\/flexy-drop-in\/#breadcrumb\"},\"inLanguage\":\"tr\",\"potentialAction\":[{\"@type\":\"ReadAction\",\"target\":[\"https:\/\/www.electroluxprofessional.com\/tr\/ticari-mutfak-ekipmanlari\/flexy-line\/flexy-drop-in\/\"]}]},{\"@type\":\"ImageObject\",\"inLanguage\":\"tr\",\"@id\":\"https:\/\/www.electroluxprofessional.com\/tr\/ticari-mutfak-ekipmanlari\/flexy-line\/flexy-drop-in\/#primaryimage\",\"url\":\"https:\/\/www.electroluxprofessional.com\/tr\/wp-content\/uploads\/2024\/05\/791B8083.jpg\",\"contentUrl\":\"https:\/\/www.electroluxprofessional.com\/tr\/wp-content\/uploads\/2024\/05\/791B8083.jpg\",\"width\":2000,\"height\":702},{\"@type\":\"BreadcrumbList\",\"@id\":\"https:\/\/www.electroluxprofessional.com\/tr\/ticari-mutfak-ekipmanlari\/flexy-line\/flexy-drop-in\/#breadcrumb\",\"itemListElement\":[{\"@type\":\"ListItem\",\"position\":1,\"name\":\"Home\",\"item\":\"https:\/\/www.electroluxprofessional.com\/tr\/\"},{\"@type\":\"ListItem\",\"position\":2,\"name\":\"End\u00fcstriyel Mutfak Ekipmanlar\u0131\",\"item\":\"https:\/\/www.electroluxprofessional.com\/tr\/ticari-mutfak-ekipmanlari\/\"},{\"@type\":\"ListItem\",\"position\":3,\"name\":\"Flexy Line\",\"item\":\"https:\/\/www.electroluxprofessional.com\/tr\/ticari-mutfak-ekipmanlari\/flexy-line\/\"},{\"@type\":\"ListItem\",\"position\":4,\"name\":\"Flexy Drop-in (G\u00f6mme Tip)\"}]},{\"@type\":\"WebSite\",\"@id\":\"https:\/\/www.electroluxprofessional.com\/tr\/#website\",\"url\":\"https:\/\/www.electroluxprofessional.com\/tr\/\",\"name\":\"Electrolux Professional T\u00fcrkiye\",\"description\":\"\",\"potentialAction\":[{\"@type\":\"SearchAction\",\"target\":{\"@type\":\"EntryPoint\",\"urlTemplate\":\"https:\/\/www.electroluxprofessional.com\/tr\/?src={search_term_string}\"},\"query-input\":\"required name=search_term_string\"}],\"inLanguage\":\"tr\"}]}<\/script>\n<!-- \/ Yoast SEO plugin. -->","yoast_head_json":{"title":"Flexy Drop-in (G\u00f6mme Tip) - Electrolux Professional T\u00fcrkiye","description":"Flexy Drop-In (G\u00f6mme Tipi): Profesyonel mutfaklar i\u00e7in kompakt, \u00e7ok i\u015flevli servis hatt\u0131 \u00e7\u00f6z\u00fcmleri. 6 ebatta 12 \u00fcniteyle s\u0131cak ve so\u011fuk se\u00e7enekler, i\u015fletmeniz i\u00e7in s\u0131n\u0131rs\u0131z olanaklar.","robots":{"index":"index","follow":"follow","max-snippet":"max-snippet:-1","max-image-preview":"max-image-preview:large","max-video-preview":"max-video-preview:-1"},"canonical":"https:\/\/www.electroluxprofessional.com\/tr\/ticari-mutfak-ekipmanlari\/flexy-line\/flexy-drop-in\/","og_locale":"tr_TR","og_type":"article","og_title":"Flexy Drop-in (G\u00f6mme Tip) - Electrolux Professional T\u00fcrkiye","og_description":"Flexy Drop-In (G\u00f6mme Tipi): Profesyonel mutfaklar i\u00e7in kompakt, \u00e7ok i\u015flevli servis hatt\u0131 \u00e7\u00f6z\u00fcmleri. 6 ebatta 12 \u00fcniteyle s\u0131cak ve so\u011fuk se\u00e7enekler, i\u015fletmeniz i\u00e7in s\u0131n\u0131rs\u0131z olanaklar.","og_url":"https:\/\/www.electroluxprofessional.com\/tr\/ticari-mutfak-ekipmanlari\/flexy-line\/flexy-drop-in\/","og_site_name":"Electrolux Professional T\u00fcrkiye","article_modified_time":"2025-08-27T13:53:53+00:00","og_image":[{"width":2000,"height":702,"url":"https:\/\/www.electroluxprofessional.com\/tr\/wp-content\/uploads\/2024\/05\/791B8083.jpg","type":"image\/jpeg"}],"twitter_card":"summary_large_image","twitter_misc":{"Tahmini okuma s\u00fcresi":"3 dakika"},"schema":{"@context":"https:\/\/schema.org","@graph":[{"@type":"WebPage","@id":"https:\/\/www.electroluxprofessional.com\/tr\/ticari-mutfak-ekipmanlari\/flexy-line\/flexy-drop-in\/","url":"https:\/\/www.electroluxprofessional.com\/tr\/ticari-mutfak-ekipmanlari\/flexy-line\/flexy-drop-in\/","name":"Flexy Drop-in (G\u00f6mme Tip) - Electrolux Professional T\u00fcrkiye","isPartOf":{"@id":"https:\/\/www.electroluxprofessional.com\/tr\/#website"},"primaryImageOfPage":{"@id":"https:\/\/www.electroluxprofessional.com\/tr\/ticari-mutfak-ekipmanlari\/flexy-line\/flexy-drop-in\/#primaryimage"},"image":{"@id":"https:\/\/www.electroluxprofessional.com\/tr\/ticari-mutfak-ekipmanlari\/flexy-line\/flexy-drop-in\/#primaryimage"},"thumbnailUrl":"https:\/\/www.electroluxprofessional.com\/tr\/wp-content\/uploads\/2024\/05\/791B8083.jpg","datePublished":"2024-05-28T19:17:54+00:00","dateModified":"2025-08-27T13:53:53+00:00","description":"Flexy Drop-In (G\u00f6mme Tipi): Profesyonel mutfaklar i\u00e7in kompakt, \u00e7ok i\u015flevli servis hatt\u0131 \u00e7\u00f6z\u00fcmleri. 6 ebatta 12 \u00fcniteyle s\u0131cak ve so\u011fuk se\u00e7enekler, i\u015fletmeniz i\u00e7in s\u0131n\u0131rs\u0131z olanaklar.","breadcrumb":{"@id":"https:\/\/www.electroluxprofessional.com\/tr\/ticari-mutfak-ekipmanlari\/flexy-line\/flexy-drop-in\/#breadcrumb"},"inLanguage":"tr","potentialAction":[{"@type":"ReadAction","target":["https:\/\/www.electroluxprofessional.com\/tr\/ticari-mutfak-ekipmanlari\/flexy-line\/flexy-drop-in\/"]}]},{"@type":"ImageObject","inLanguage":"tr","@id":"https:\/\/www.electroluxprofessional.com\/tr\/ticari-mutfak-ekipmanlari\/flexy-line\/flexy-drop-in\/#primaryimage","url":"https:\/\/www.electroluxprofessional.com\/tr\/wp-content\/uploads\/2024\/05\/791B8083.jpg","contentUrl":"https:\/\/www.electroluxprofessional.com\/tr\/wp-content\/uploads\/2024\/05\/791B8083.jpg","width":2000,"height":702},{"@type":"BreadcrumbList","@id":"https:\/\/www.electroluxprofessional.com\/tr\/ticari-mutfak-ekipmanlari\/flexy-line\/flexy-drop-in\/#breadcrumb","itemListElement":[{"@type":"ListItem","position":1,"name":"Home","item":"https:\/\/www.electroluxprofessional.com\/tr\/"},{"@type":"ListItem","position":2,"name":"End\u00fcstriyel Mutfak Ekipmanlar\u0131","item":"https:\/\/www.electroluxprofessional.com\/tr\/ticari-mutfak-ekipmanlari\/"},{"@type":"ListItem","position":3,"name":"Flexy Line","item":"https:\/\/www.electroluxprofessional.com\/tr\/ticari-mutfak-ekipmanlari\/flexy-line\/"},{"@type":"ListItem","position":4,"name":"Flexy Drop-in (G\u00f6mme Tip)"}]},{"@type":"WebSite","@id":"https:\/\/www.electroluxprofessional.com\/tr\/#website","url":"https:\/\/www.electroluxprofessional.com\/tr\/","name":"Electrolux Professional T\u00fcrkiye","description":"","potentialAction":[{"@type":"SearchAction","target":{"@type":"EntryPoint","urlTemplate":"https:\/\/www.electroluxprofessional.com\/tr\/?src={search_term_string}"},"query-input":"required name=search_term_string"}],"inLanguage":"tr"}]}},"_links":{"self":[{"href":"https:\/\/www.electroluxprofessional.com\/tr\/wp-json\/wp\/v2\/pages\/17963"}],"collection":[{"href":"https:\/\/www.electroluxprofessional.com\/tr\/wp-json\/wp\/v2\/pages"}],"about":[{"href":"https:\/\/www.electroluxprofessional.com\/tr\/wp-json\/wp\/v2\/types\/page"}],"author":[{"embeddable":true,"href":"https:\/\/www.electroluxprofessional.com\/tr\/wp-json\/wp\/v2\/users\/40"}],"replies":[{"embeddable":true,"href":"https:\/\/www.electroluxprofessional.com\/tr\/wp-json\/wp\/v2\/comments?post=17963"}],"version-history":[{"count":17,"href":"https:\/\/www.electroluxprofessional.com\/tr\/wp-json\/wp\/v2\/pages\/17963\/revisions"}],"predecessor-version":[{"id":21910,"href":"https:\/\/www.electroluxprofessional.com\/tr\/wp-json\/wp\/v2\/pages\/17963\/revisions\/21910"}],"up":[{"embeddable":true,"href":"https:\/\/www.electroluxprofessional.com\/tr\/wp-json\/wp\/v2\/pages\/21878"}],"wp:featuredmedia":[{"embeddable":true,"href":"https:\/\/www.electroluxprofessional.com\/tr\/wp-json\/wp\/v2\/media\/17958"}],"wp:attachment":[{"href":"https:\/\/www.electroluxprofessional.com\/tr\/wp-json\/wp\/v2\/media?parent=17963"}],"curies":[{"name":"wp","href":"https:\/\/api.w.org\/{rel}","templated":true}]}}