{"id":17951,"date":"2024-05-28T18:32:19","date_gmt":"2024-05-28T18:32:19","guid":{"rendered":"https:\/\/www.electroluxprofessional.com\/tr\/?page_id=17951"},"modified":"2025-08-27T13:52:40","modified_gmt":"2025-08-27T13:52:40","slug":"flexy-compact","status":"publish","type":"page","link":"https:\/\/www.electroluxprofessional.com\/tr\/ticari-mutfak-ekipmanlari\/flexy-line\/flexy-compact\/","title":{"rendered":"Flexy Compact"},"content":{"rendered":"<p>[vc_row full_width=&#8221;electroluxpro-full-width-no-padding&#8221;][vc_column][vc_single_image image=&#8221;17947&#8243; img_size=&#8221;full&#8221; alignment=&#8221;center&#8221;][\/vc_column][\/vc_row][vc_row][vc_column][vc_empty_space][elx_heading font_container=&#8221;h1&#8243; text_color=&#8221;electrolux-blue&#8221;]Flexy Compact &amp; Compact<sup> JR<\/sup><br \/>\nHer lezzete uyarlanabilir esnek servis hatt\u0131 \u00e7\u00f6z\u00fcmleri[\/elx_heading][vc_empty_space][vc_column_text]M\u00fckemmel uyum i\u00e7in tasarlanm\u0131\u015f kompakt ve \u00e7ok fonksiyonlu \u2013 Electrolux Professional, profesyonel gereksinimleriniz i\u00e7in esnek, m\u00fckemmel servis hatt\u0131 se\u00e7enekleri serisi yaratm\u0131\u015ft\u0131r.[\/vc_column_text][vc_empty_space][\/vc_column][\/vc_row][vc_row][vc_column width=&#8221;1\/2&#8243;][vc_single_image image=&#8221;9973&#8243; img_size=&#8221;full&#8221;][vc_row_inner css=&#8221;.vc_custom_1595347570998{background-color: #b0c2c8 !important;}&#8221;][vc_column_inner][elx_heading text_color=&#8221;white&#8221;]Temizlik daha kolay[\/elx_heading][vc_empty_space][vc_column_text]Karma\u015f\u0131k temizli\u011fe veda edin. Yiyecekleriniz art\u0131k \u015f\u0131k, minimalist bir nefeslikte sergilenirken, yiyecekler ve toz art\u0131k s\u0131k\u0131\u015fmaz, b\u00f6ylece temizlik daha kolay yap\u0131l\u0131r ve daha k\u0131sa s\u00fcrede m\u00fckemmel hijyen sa\u011flan\u0131r.[\/vc_column_text][vc_empty_space][\/vc_column_inner][\/vc_row_inner][\/vc_column][vc_column width=&#8221;1\/2&#8243;][elx_download_block text=&#8221;Download<br \/>\nthe Flexy Compact &amp; Compact Compact<sup> JR<\/sup><br \/>\nbrochure&#8221; document_type=&#8221;leaflets&#8221; background_color=&#8221;electrolux-blue&#8221; le_document_number=&#8221;CLF-9JE00264&#8243;][elx_heading font_size=&#8221;h1&#8243; text_color=&#8221;inherit&#8221;]Esneklikte Kahraman[\/elx_heading][elx_heading font_container=&#8221;h3&#8243; text_color=&#8221;inherit&#8221;]Nefeslik tasar\u0131m\u0131:<br \/>\nE\u011fimli, D\u00fcz veya L \u015eeklinde mi?[\/elx_heading][vc_column_text]Electrolux Professional paslanmaz \u00e7elik nefeslikler, geleneksel ve modern servis se\u00e7enekleri i\u00e7in size optimum miktarda te\u015fhir imkan\u0131 sunar. Do\u011fru se\u00e7imi yap\u0131n.[\/vc_column_text][vc_row_inner][vc_column_inner width=&#8221;1\/3&#8243;][vc_empty_space][vc_single_image image=&#8221;9974&#8243; img_size=&#8221;full&#8221; alignment=&#8221;center&#8221;][vc_column_text]Maksimum g\u0131da g\u00f6r\u00fcn\u00fcrl\u00fc\u011f\u00fc ve hijyen bariyeri i\u00e7in nefeslikte \u201cA\u201d \u015feklinde kavisli cam[\/vc_column_text][vc_empty_space][\/vc_column_inner][vc_column_inner width=&#8221;1\/3&#8243;][vc_empty_space][vc_single_image image=&#8221;9975&#8243; img_size=&#8221;full&#8221; alignment=&#8221;center&#8221;][vc_column_text]\u201cA\u201d \u015feklinde D\u00fcz cam. Daha h\u0131zl\u0131 servis i\u00e7in \u015f\u0131k nefeslik[\/vc_column_text][vc_empty_space][\/vc_column_inner][vc_column_inner width=&#8221;1\/3&#8243;][vc_empty_space][vc_single_image image=&#8221;9976&#8243; img_size=&#8221;full&#8221; alignment=&#8221;center&#8221;][vc_column_text]Geleneksel tip operat\u00f6rl\u00fc servis hatlari i\u00e7in \u201cL\u201d \u015feklinde nefeslik[\/vc_column_text][vc_empty_space][\/vc_column_inner][\/vc_row_inner][vc_empty_space][vc_column_text]Ada tipi servis hatt\u0131 i\u00e7in \u201cA\u201d \u015feklinde \u00e7\u00f6z\u00fcmler<br \/>\nOperat\u00f6rl\u00fc servis hatlar\u0131 i\u00e7in \u201cL\u201d \u015feklinde \u00e7\u00f6z\u00fcmler[\/vc_column_text][\/vc_column][\/vc_row][vc_row][vc_column width=&#8221;1\/2&#8243;][vc_empty_space height=&#8221;20px&#8221;][elx_heading text_color=&#8221;inherit&#8221; text_align=&#8221;text-left&#8221;]Tepsi kayd\u0131rma \u2013 en iyi<br \/>\nseviyeniz nedir?[\/elx_heading][vc_column_text]\u0130ster tezgah \u00fcst\u00fc veya indirmeli versiyonda, d\u00fcz veya profil paslanmaz \u00e7elik olarak i\u015fletmenize uygun tepsi kayd\u0131rma se\u00e7ene\u011fini se\u00e7in, Flexy Compact ihtiyac\u0131n\u0131z olan t\u00fcm se\u00e7eneklere sahiptir.[\/vc_column_text][vc_empty_space height=&#8221;20px&#8221;][vc_row_inner][vc_column_inner width=&#8221;1\/2&#8243;][vc_single_image image=&#8221;9977&#8243; img_size=&#8221;full&#8221; alignment=&#8221;center&#8221;][\/vc_column_inner][vc_column_inner width=&#8221;1\/2&#8243;][vc_single_image image=&#8221;9978&#8243; img_size=&#8221;full&#8221; alignment=&#8221;center&#8221;][\/vc_column_inner][\/vc_row_inner][\/vc_column][vc_column width=&#8221;1\/2&#8243;][vc_empty_space height=&#8221;20px&#8221;][elx_heading text_color=&#8221;inherit&#8221; text_align=&#8221;text-left&#8221;]Hareketli mi yoksa<br \/>\nsabit mi?[\/elx_heading][vc_column_text]Daha fazla se\u00e7enek ve esneklik:<br \/>\nHareketli (tekerlekler) veya sabit (ayaklar) servis hatt\u0131 \u00e7\u00f6z\u00fcmleri aras\u0131ndan se\u00e7im yap\u0131n.[\/vc_column_text][vc_empty_space height=&#8221;20px&#8221;][vc_row_inner][vc_column_inner width=&#8221;1\/2&#8243;][vc_single_image image=&#8221;9979&#8243; img_size=&#8221;full&#8221; alignment=&#8221;center&#8221;][\/vc_column_inner][vc_column_inner width=&#8221;1\/2&#8243;][vc_single_image image=&#8221;9980&#8243; img_size=&#8221;full&#8221; alignment=&#8221;center&#8221;][\/vc_column_inner][\/vc_row_inner][\/vc_column][\/vc_row][vc_row][vc_column][vc_empty_space height=&#8221;50px&#8221;][\/vc_column][\/vc_row][vc_row][vc_column width=&#8221;1\/3&#8243;][vc_empty_space][elx_heading font_size=&#8221;h1&#8243; text_color=&#8221;inherit&#8221; text_align=&#8221;text-left&#8221;]Ayd\u0131nlatma m\u00fc\u015fteriyi etkiler[\/elx_heading][vc_empty_space][vc_column_text]Ayd\u0131nlatma, m\u00fc\u015fterinin d\u0131\u015far\u0131da yemek yeme deneyimi \u00fczerindeki en b\u00fcy\u00fck etkilerden birine sahiptir.[\/vc_column_text][vc_empty_space][\/vc_column][vc_column width=&#8221;1\/3&#8243;][vc_single_image image=&#8221;17948&#8243; img_size=&#8221;full&#8221; alignment=&#8221;center&#8221;][vc_empty_space height=&#8221;15px&#8221;][vc_column_text]<\/p>\n<h5 style=\"text-align: center;\">T5 floresan \u0131\u015f\u0131kl\u0131<\/h5>\n<p>[\/vc_column_text][vc_empty_space][\/vc_column][vc_column width=&#8221;1\/3&#8243;][vc_single_image image=&#8221;17949&#8243; img_size=&#8221;full&#8221; alignment=&#8221;center&#8221;][vc_empty_space height=&#8221;15px&#8221;][vc_column_text]<\/p>\n<h5 style=\"text-align: center;\">LED \u0131\u015f\u0131kl\u0131<\/h5>\n<p>[\/vc_column_text][vc_empty_space][\/vc_column][\/vc_row][vc_row][vc_column][vc_empty_space][elx_heading font_size=&#8221;h1&#8243; text_color=&#8221;inherit&#8221; text_align=&#8221;text-center&#8221;]Se\u00e7im yapabilece\u011finiz sonsuz renk se\u00e7enekleri[\/elx_heading][vc_empty_space][\/vc_column][\/vc_row][vc_row][vc_column][vc_empty_space][elx_image_block background_image=&#8221;9981&#8243; minimum_height=&#8221;400px&#8221;][elx_download_block text=&#8221;Download the colors and finishes catalogue&#8221; document_type=&#8221;cat&#8221; background_color=&#8221;electrolux-blue&#8221; ca_document_number=&#8221;CAT12&#8243;][vc_empty_space][\/vc_column][\/vc_row][vc_row][vc_column width=&#8221;1\/2&#8243;][vc_empty_space][elx_heading text_color=&#8221;inherit&#8221; text_align=&#8221;text-center&#8221;]\u00dcst\u00fcn servis \u00e7\u00f6z\u00fcmleri![\/elx_heading][vc_empty_space height=&#8221;15px&#8221;][vc_column_text]<\/p>\n<p style=\"text-align: center;\">K\u00fc\u00e7\u00fck otel veya kantin i\u015fletmeleri i\u00e7in<\/p>\n<p>[\/vc_column_text][vc_empty_space][vc_empty_space][vc_single_image image=&#8221;9984&#8243; img_size=&#8221;full&#8221; alignment=&#8221;center&#8221;][vc_empty_space][\/vc_column][vc_column width=&#8221;1\/2&#8243;][vc_empty_space][elx_heading text_color=&#8221;inherit&#8221; text_align=&#8221;text-center&#8221;]Uygun bir \u00e7\u00f6z\u00fcm[\/elx_heading][vc_empty_space height=&#8221;15px&#8221;][vc_column_text]<\/p>\n<p style=\"text-align: center;\">Okul \u00e7ocuklar\u0131 i\u00e7in 75 cm; gen\u00e7ler ve \u00f6\u011fretmenler i\u00e7in 90 cm y\u00fckseklikte\u00a0Flexy Compact.<\/p>\n<p>[\/vc_column_text][vc_empty_space][vc_single_image image=&#8221;9985&#8243; img_size=&#8221;full&#8221; alignment=&#8221;center&#8221;][vc_empty_space][\/vc_column][\/vc_row][vc_row][vc_column][vc_empty_space height=&#8221;50px&#8221;][\/vc_column][\/vc_row][vc_row][vc_column width=&#8221;1\/3&#8243;][vc_column_text]<\/p>\n<h2>Daha b\u00fcy\u00fck \u00e7\u00f6z\u00fcmlere mi ihtiyac\u0131n\u0131z var?<\/h2>\n<p>[\/vc_column_text][vc_empty_space][\/vc_column][vc_column width=&#8221;1\/3&#8243;][vc_column_text]<strong>Endi\u015felenmeyin, Flexy Style tam size g\u00f6re!<\/strong><\/p>\n<p>Flexy Style, \u00f6n tasar\u0131m s\u00fcresi olmadan kuvars tablal\u0131 d\u00fcnyadaki<br \/>\nilk \u00e7\u00f6z\u00fcmd\u00fcr. 30.000&#8217;den fazla kombinasyon aras\u0131ndan se\u00e7im yap\u0131n, ihtiyac\u0131n\u0131z olan her \u015fey sizin i\u00e7in haz\u0131r![\/vc_column_text][vc_empty_space][\/vc_column][vc_column width=&#8221;1\/3&#8243;][vc_single_image image=&#8221;17950&#8243; img_size=&#8221;large&#8221; alignment=&#8221;center&#8221;][vc_empty_space][\/vc_column][vc_column][elx_button button_text=&#8221;Flexy Style&#8217;\u0131 ke\u015ffedin&#8221; button_display_block=&#8221;display_block_on&#8221; button_alignment=&#8221;align_center&#8221; button_link=&#8221;url:https%3A%2F%2Fwww.electroluxprofessional.com%2Ftr%2Fticari-mutfak-ekipmanlari%2Fflexy-line%2Fflexy-style%2F|title:Flexy%20Style&#8221;][vc_empty_space height=&#8221;50px&#8221;][\/vc_column][\/vc_row][vc_row css=&#8221;.vc_custom_1636444806342{background-color: #f2f2f2 !important;}&#8221;][vc_column][vc_empty_space height=&#8221;50px&#8221;][elx_heading text_color=&#8221;inherit&#8221; text_align=&#8221;text-center&#8221;]Flexy Line Drop-in Fonksiyonlar[\/elx_heading][vc_empty_space][elx_heading text_color=&#8221;inherit&#8221; text_align=&#8221;text-center&#8221;]6 ebatta 12 farkl\u0131 fonksiyon.<br \/>\n\u0130\u015fletmeniz i\u00e7in s\u0131n\u0131rs\u0131z se\u00e7enekler![\/elx_heading][vc_column_text]<\/p>\n<p style=\"text-align: center;\">S\u0131cak veya so\u011fuk \u2013 m\u00fc\u015fterilerinizin ihtiya\u00e7lar\u0131 ne olursa olsun, sizin i\u00e7in uygun \u00e7\u00f6z\u00fcm\u00fcm\u00fcz bulunmaktad\u0131r.<\/p>\n<p>[\/vc_column_text][vc_empty_space][vc_row_inner][vc_column_inner width=&#8221;1\/6&#8243;][vc_empty_space][\/vc_column_inner][vc_column_inner width=&#8221;1\/6&#8243;][vc_empty_space][\/vc_column_inner][vc_column_inner width=&#8221;1\/6&#8243;][vc_single_image image=&#8221;17942&#8243; img_size=&#8221;100&#215;100&#8243; alignment=&#8221;center&#8221;][vc_empty_space height=&#8221;20px&#8221;][vc_column_text]<\/p>\n<h5 style=\"text-align: center;\">S\u0131cak<br \/>\nfonksiyonlar<\/h5>\n<p>[\/vc_column_text][vc_empty_space][\/vc_column_inner][vc_column_inner width=&#8221;1\/6&#8243;][vc_single_image image=&#8221;17943&#8243; img_size=&#8221;100&#215;100&#8243; alignment=&#8221;center&#8221;][vc_empty_space height=&#8221;20px&#8221;][vc_column_text]<\/p>\n<h5 style=\"text-align: center;\">So\u011fuk<br \/>\nfonksiyonlar<\/h5>\n<p>[\/vc_column_text][vc_empty_space][\/vc_column_inner][vc_column_inner width=&#8221;1\/6&#8243;][vc_empty_space][\/vc_column_inner][vc_column_inner width=&#8221;1\/6&#8243;][vc_empty_space][\/vc_column_inner][\/vc_row_inner][vc_empty_space][elx_button button_text=&#8221;Drop-in fonksiyonlar\u0131 ke\u015ffedin&#8221; button_display_block=&#8221;display_block_on&#8221; button_alignment=&#8221;align_center&#8221; button_link=&#8221;url:https%3A%2F%2Fwww.electroluxprofessional.com%2Ftr%2Fticari-mutfak-ekipmanlari%2Fflexy-line%2Fflexy-drop-in%2F|title:Flexy%20Drop-in&#8221;][vc_empty_space height=&#8221;50px&#8221;][\/vc_column][\/vc_row][vc_row][vc_column][elx_heading text_color=&#8221;inherit&#8221; text_align=&#8221;text-center&#8221;]Flexy Compact \u00e7\u00f6z\u00fcmler[\/elx_heading][\/vc_column][\/vc_row][vc_row][vc_column][vc_empty_space height=&#8221;50px&#8221;][elx_heading font_size=&#8221;h3&#8243; text_color=&#8221;inherit&#8221; text_align=&#8221;text-center&#8221;]Flexy Compact hakk\u0131nda daha fazla bilgi i\u00e7in bize ula\u015f\u0131n[\/elx_heading][elx_o2000_contact_us s=&#8221;Request of information about servery equipment&#8221; container=&#8221;elxcontactus1479284563&#8243; r=&#8221;I would like to find out more about servery equipment. Please get in touch with me.&#8221;][vc_empty_space height=&#8221;50px&#8221;][\/vc_column][\/vc_row]<\/p>\n","protected":false},"excerpt":{"rendered":"<p>[vc_row full_width=&#8221;electroluxpro-full-width-no-padding&#8221;][vc_column][vc_single_image image=&#8221;17947&#8243; img_size=&#8221;full&#8221; alignment=&#8221;center&#8221;][\/vc_column][\/vc_row][vc_row][vc_column][vc_empty_space][elx_heading font_container=&#8221;h1&#8243; text_color=&#8221;electrolux-blue&#8221;]Flexy Compact &amp; Compact JR Her lezzete uyarlanabilir esnek servis hatt\u0131 \u00e7\u00f6z\u00fcmleri[\/elx_heading][vc_empty_space][vc_column_text]M\u00fckemmel uyum i\u00e7in tasarlanm\u0131\u015f kompakt ve \u00e7ok fonksiyonlu \u2013 Electrolux Professional, profesyonel gereksinimleriniz i\u00e7in esnek, m\u00fckemmel servis hatt\u0131 se\u00e7enekleri serisi yaratm\u0131\u015ft\u0131r.[\/vc_column_text][vc_empty_space][\/vc_column][\/vc_row][vc_row][vc_column width=&#8221;1\/2&#8243;][vc_single_image image=&#8221;9973&#8243; img_size=&#8221;full&#8221;][vc_row_inner css=&#8221;.vc_custom_1595347570998{background-color: #b0c2c8 !important;}&#8221;][vc_column_inner][elx_heading text_color=&#8221;white&#8221;]Temizlik daha kolay[\/elx_heading][vc_empty_space][vc_column_text]Karma\u015f\u0131k temizli\u011fe veda edin. Yiyecekleriniz art\u0131k \u015f\u0131k, minimalist bir [&hellip;]<\/p>\n","protected":false},"author":40,"featured_media":17947,"parent":21878,"menu_order":0,"comment_status":"closed","ping_status":"closed","template":"","meta":{"footnotes":""},"class_list":["post-17951","page","type-page","status-publish","has-post-thumbnail","hentry"],"acf":[],"yoast_head":"<!-- This site is optimized with the Yoast SEO plugin v23.3 - https:\/\/yoast.com\/wordpress\/plugins\/seo\/ -->\n<title>Flexy Compact - Electrolux Professional T\u00fcrkiye<\/title>\n<meta name=\"description\" content=\"M\u00fckemmel uyum i\u00e7in tasarlanm\u0131\u015f kompakt ve \u00e7ok fonksiyonlu \u2013 profesyonel gereksinimleriniz i\u00e7in esnek, m\u00fckemmel servis hatt\u0131 se\u00e7enekler.\" \/>\n<meta name=\"robots\" content=\"index, follow, max-snippet:-1, max-image-preview:large, max-video-preview:-1\" \/>\n<link rel=\"canonical\" href=\"https:\/\/www.electroluxprofessional.com\/tr\/ticari-mutfak-ekipmanlari\/flexy-line\/flexy-compact\/\" \/>\n<meta property=\"og:locale\" content=\"tr_TR\" \/>\n<meta property=\"og:type\" content=\"article\" \/>\n<meta property=\"og:title\" content=\"Flexy Compact - Electrolux Professional T\u00fcrkiye\" \/>\n<meta property=\"og:description\" content=\"M\u00fckemmel uyum i\u00e7in tasarlanm\u0131\u015f kompakt ve \u00e7ok fonksiyonlu \u2013 profesyonel gereksinimleriniz i\u00e7in esnek, m\u00fckemmel servis hatt\u0131 se\u00e7enekler.\" \/>\n<meta property=\"og:url\" content=\"https:\/\/www.electroluxprofessional.com\/tr\/ticari-mutfak-ekipmanlari\/flexy-line\/flexy-compact\/\" \/>\n<meta property=\"og:site_name\" content=\"Electrolux Professional T\u00fcrkiye\" \/>\n<meta property=\"article:modified_time\" content=\"2025-08-27T13:52:40+00:00\" \/>\n<meta property=\"og:image\" content=\"https:\/\/www.electroluxprofessional.com\/tr\/wp-content\/uploads\/2024\/05\/serveryline_2000x700.jpg\" \/>\n\t<meta property=\"og:image:width\" content=\"2000\" \/>\n\t<meta property=\"og:image:height\" content=\"702\" \/>\n\t<meta property=\"og:image:type\" content=\"image\/jpeg\" \/>\n<meta name=\"twitter:card\" content=\"summary_large_image\" \/>\n<meta name=\"twitter:label1\" content=\"Tahmini okuma s\u00fcresi\" \/>\n\t<meta name=\"twitter:data1\" content=\"4 dakika\" \/>\n<script type=\"application\/ld+json\" class=\"yoast-schema-graph\">{\"@context\":\"https:\/\/schema.org\",\"@graph\":[{\"@type\":\"WebPage\",\"@id\":\"https:\/\/www.electroluxprofessional.com\/tr\/ticari-mutfak-ekipmanlari\/flexy-line\/flexy-compact\/\",\"url\":\"https:\/\/www.electroluxprofessional.com\/tr\/ticari-mutfak-ekipmanlari\/flexy-line\/flexy-compact\/\",\"name\":\"Flexy Compact - Electrolux Professional T\u00fcrkiye\",\"isPartOf\":{\"@id\":\"https:\/\/www.electroluxprofessional.com\/tr\/#website\"},\"primaryImageOfPage\":{\"@id\":\"https:\/\/www.electroluxprofessional.com\/tr\/ticari-mutfak-ekipmanlari\/flexy-line\/flexy-compact\/#primaryimage\"},\"image\":{\"@id\":\"https:\/\/www.electroluxprofessional.com\/tr\/ticari-mutfak-ekipmanlari\/flexy-line\/flexy-compact\/#primaryimage\"},\"thumbnailUrl\":\"https:\/\/www.electroluxprofessional.com\/tr\/wp-content\/uploads\/2024\/05\/serveryline_2000x700.jpg\",\"datePublished\":\"2024-05-28T18:32:19+00:00\",\"dateModified\":\"2025-08-27T13:52:40+00:00\",\"description\":\"M\u00fckemmel uyum i\u00e7in tasarlanm\u0131\u015f kompakt ve \u00e7ok fonksiyonlu \u2013 profesyonel gereksinimleriniz i\u00e7in esnek, m\u00fckemmel servis hatt\u0131 se\u00e7enekler.\",\"breadcrumb\":{\"@id\":\"https:\/\/www.electroluxprofessional.com\/tr\/ticari-mutfak-ekipmanlari\/flexy-line\/flexy-compact\/#breadcrumb\"},\"inLanguage\":\"tr\",\"potentialAction\":[{\"@type\":\"ReadAction\",\"target\":[\"https:\/\/www.electroluxprofessional.com\/tr\/ticari-mutfak-ekipmanlari\/flexy-line\/flexy-compact\/\"]}]},{\"@type\":\"ImageObject\",\"inLanguage\":\"tr\",\"@id\":\"https:\/\/www.electroluxprofessional.com\/tr\/ticari-mutfak-ekipmanlari\/flexy-line\/flexy-compact\/#primaryimage\",\"url\":\"https:\/\/www.electroluxprofessional.com\/tr\/wp-content\/uploads\/2024\/05\/serveryline_2000x700.jpg\",\"contentUrl\":\"https:\/\/www.electroluxprofessional.com\/tr\/wp-content\/uploads\/2024\/05\/serveryline_2000x700.jpg\",\"width\":2000,\"height\":702},{\"@type\":\"BreadcrumbList\",\"@id\":\"https:\/\/www.electroluxprofessional.com\/tr\/ticari-mutfak-ekipmanlari\/flexy-line\/flexy-compact\/#breadcrumb\",\"itemListElement\":[{\"@type\":\"ListItem\",\"position\":1,\"name\":\"Home\",\"item\":\"https:\/\/www.electroluxprofessional.com\/tr\/\"},{\"@type\":\"ListItem\",\"position\":2,\"name\":\"End\u00fcstriyel Mutfak Ekipmanlar\u0131\",\"item\":\"https:\/\/www.electroluxprofessional.com\/tr\/ticari-mutfak-ekipmanlari\/\"},{\"@type\":\"ListItem\",\"position\":3,\"name\":\"Flexy Line\",\"item\":\"https:\/\/www.electroluxprofessional.com\/tr\/ticari-mutfak-ekipmanlari\/flexy-line\/\"},{\"@type\":\"ListItem\",\"position\":4,\"name\":\"Flexy Compact\"}]},{\"@type\":\"WebSite\",\"@id\":\"https:\/\/www.electroluxprofessional.com\/tr\/#website\",\"url\":\"https:\/\/www.electroluxprofessional.com\/tr\/\",\"name\":\"Electrolux Professional T\u00fcrkiye\",\"description\":\"\",\"potentialAction\":[{\"@type\":\"SearchAction\",\"target\":{\"@type\":\"EntryPoint\",\"urlTemplate\":\"https:\/\/www.electroluxprofessional.com\/tr\/?src={search_term_string}\"},\"query-input\":\"required name=search_term_string\"}],\"inLanguage\":\"tr\"}]}<\/script>\n<!-- \/ Yoast SEO plugin. -->","yoast_head_json":{"title":"Flexy Compact - Electrolux Professional T\u00fcrkiye","description":"M\u00fckemmel uyum i\u00e7in tasarlanm\u0131\u015f kompakt ve \u00e7ok fonksiyonlu \u2013 profesyonel gereksinimleriniz i\u00e7in esnek, m\u00fckemmel servis hatt\u0131 se\u00e7enekler.","robots":{"index":"index","follow":"follow","max-snippet":"max-snippet:-1","max-image-preview":"max-image-preview:large","max-video-preview":"max-video-preview:-1"},"canonical":"https:\/\/www.electroluxprofessional.com\/tr\/ticari-mutfak-ekipmanlari\/flexy-line\/flexy-compact\/","og_locale":"tr_TR","og_type":"article","og_title":"Flexy Compact - Electrolux Professional T\u00fcrkiye","og_description":"M\u00fckemmel uyum i\u00e7in tasarlanm\u0131\u015f kompakt ve \u00e7ok fonksiyonlu \u2013 profesyonel gereksinimleriniz i\u00e7in esnek, m\u00fckemmel servis hatt\u0131 se\u00e7enekler.","og_url":"https:\/\/www.electroluxprofessional.com\/tr\/ticari-mutfak-ekipmanlari\/flexy-line\/flexy-compact\/","og_site_name":"Electrolux Professional T\u00fcrkiye","article_modified_time":"2025-08-27T13:52:40+00:00","og_image":[{"width":2000,"height":702,"url":"https:\/\/www.electroluxprofessional.com\/tr\/wp-content\/uploads\/2024\/05\/serveryline_2000x700.jpg","type":"image\/jpeg"}],"twitter_card":"summary_large_image","twitter_misc":{"Tahmini okuma s\u00fcresi":"4 dakika"},"schema":{"@context":"https:\/\/schema.org","@graph":[{"@type":"WebPage","@id":"https:\/\/www.electroluxprofessional.com\/tr\/ticari-mutfak-ekipmanlari\/flexy-line\/flexy-compact\/","url":"https:\/\/www.electroluxprofessional.com\/tr\/ticari-mutfak-ekipmanlari\/flexy-line\/flexy-compact\/","name":"Flexy Compact - Electrolux Professional T\u00fcrkiye","isPartOf":{"@id":"https:\/\/www.electroluxprofessional.com\/tr\/#website"},"primaryImageOfPage":{"@id":"https:\/\/www.electroluxprofessional.com\/tr\/ticari-mutfak-ekipmanlari\/flexy-line\/flexy-compact\/#primaryimage"},"image":{"@id":"https:\/\/www.electroluxprofessional.com\/tr\/ticari-mutfak-ekipmanlari\/flexy-line\/flexy-compact\/#primaryimage"},"thumbnailUrl":"https:\/\/www.electroluxprofessional.com\/tr\/wp-content\/uploads\/2024\/05\/serveryline_2000x700.jpg","datePublished":"2024-05-28T18:32:19+00:00","dateModified":"2025-08-27T13:52:40+00:00","description":"M\u00fckemmel uyum i\u00e7in tasarlanm\u0131\u015f kompakt ve \u00e7ok fonksiyonlu \u2013 profesyonel gereksinimleriniz i\u00e7in esnek, m\u00fckemmel servis hatt\u0131 se\u00e7enekler.","breadcrumb":{"@id":"https:\/\/www.electroluxprofessional.com\/tr\/ticari-mutfak-ekipmanlari\/flexy-line\/flexy-compact\/#breadcrumb"},"inLanguage":"tr","potentialAction":[{"@type":"ReadAction","target":["https:\/\/www.electroluxprofessional.com\/tr\/ticari-mutfak-ekipmanlari\/flexy-line\/flexy-compact\/"]}]},{"@type":"ImageObject","inLanguage":"tr","@id":"https:\/\/www.electroluxprofessional.com\/tr\/ticari-mutfak-ekipmanlari\/flexy-line\/flexy-compact\/#primaryimage","url":"https:\/\/www.electroluxprofessional.com\/tr\/wp-content\/uploads\/2024\/05\/serveryline_2000x700.jpg","contentUrl":"https:\/\/www.electroluxprofessional.com\/tr\/wp-content\/uploads\/2024\/05\/serveryline_2000x700.jpg","width":2000,"height":702},{"@type":"BreadcrumbList","@id":"https:\/\/www.electroluxprofessional.com\/tr\/ticari-mutfak-ekipmanlari\/flexy-line\/flexy-compact\/#breadcrumb","itemListElement":[{"@type":"ListItem","position":1,"name":"Home","item":"https:\/\/www.electroluxprofessional.com\/tr\/"},{"@type":"ListItem","position":2,"name":"End\u00fcstriyel Mutfak Ekipmanlar\u0131","item":"https:\/\/www.electroluxprofessional.com\/tr\/ticari-mutfak-ekipmanlari\/"},{"@type":"ListItem","position":3,"name":"Flexy Line","item":"https:\/\/www.electroluxprofessional.com\/tr\/ticari-mutfak-ekipmanlari\/flexy-line\/"},{"@type":"ListItem","position":4,"name":"Flexy Compact"}]},{"@type":"WebSite","@id":"https:\/\/www.electroluxprofessional.com\/tr\/#website","url":"https:\/\/www.electroluxprofessional.com\/tr\/","name":"Electrolux Professional T\u00fcrkiye","description":"","potentialAction":[{"@type":"SearchAction","target":{"@type":"EntryPoint","urlTemplate":"https:\/\/www.electroluxprofessional.com\/tr\/?src={search_term_string}"},"query-input":"required name=search_term_string"}],"inLanguage":"tr"}]}},"_links":{"self":[{"href":"https:\/\/www.electroluxprofessional.com\/tr\/wp-json\/wp\/v2\/pages\/17951"}],"collection":[{"href":"https:\/\/www.electroluxprofessional.com\/tr\/wp-json\/wp\/v2\/pages"}],"about":[{"href":"https:\/\/www.electroluxprofessional.com\/tr\/wp-json\/wp\/v2\/types\/page"}],"author":[{"embeddable":true,"href":"https:\/\/www.electroluxprofessional.com\/tr\/wp-json\/wp\/v2\/users\/40"}],"replies":[{"embeddable":true,"href":"https:\/\/www.electroluxprofessional.com\/tr\/wp-json\/wp\/v2\/comments?post=17951"}],"version-history":[{"count":10,"href":"https:\/\/www.electroluxprofessional.com\/tr\/wp-json\/wp\/v2\/pages\/17951\/revisions"}],"predecessor-version":[{"id":21909,"href":"https:\/\/www.electroluxprofessional.com\/tr\/wp-json\/wp\/v2\/pages\/17951\/revisions\/21909"}],"up":[{"embeddable":true,"href":"https:\/\/www.electroluxprofessional.com\/tr\/wp-json\/wp\/v2\/pages\/21878"}],"wp:featuredmedia":[{"embeddable":true,"href":"https:\/\/www.electroluxprofessional.com\/tr\/wp-json\/wp\/v2\/media\/17947"}],"wp:attachment":[{"href":"https:\/\/www.electroluxprofessional.com\/tr\/wp-json\/wp\/v2\/media?parent=17951"}],"curies":[{"name":"wp","href":"https:\/\/api.w.org\/{rel}","templated":true}]}}