{"id":17946,"date":"2024-05-28T17:29:28","date_gmt":"2024-05-28T17:29:28","guid":{"rendered":"https:\/\/www.electroluxprofessional.com\/tr\/?page_id=17946"},"modified":"2025-08-27T13:51:05","modified_gmt":"2025-08-27T13:51:05","slug":"flexy-style","status":"publish","type":"page","link":"https:\/\/www.electroluxprofessional.com\/tr\/ticari-mutfak-ekipmanlari\/flexy-line\/flexy-style\/","title":{"rendered":"Flexy Style"},"content":{"rendered":"<p>[vc_row full_width=&#8221;electroluxpro-full-width-no-padding&#8221;][vc_column][elx_image_block background_image=&#8221;17926&#8243; minimum_height=&#8221;400px&#8221;][\/vc_column][\/vc_row][vc_row][vc_column][vc_empty_space][elx_heading font_container=&#8221;h1&#8243; text_color=&#8221;electrolux-blue&#8221; text_align=&#8221;text-center&#8221;]Flexy Style &amp; Style<sup>JR<\/sup><br \/>\nHem ihtiya\u00e7lar\u0131n\u0131za hem de zevkinize uygun[\/elx_heading][vc_empty_space height=&#8221;50px&#8221;][\/vc_column][\/vc_row][vc_row][vc_column][vc_single_image image=&#8221;17927&#8243; img_size=&#8221;full&#8221; alignment=&#8221;center&#8221;][vc_empty_space][elx_download_block text=&#8221;Download the Flexy Style Brochure&#8221; file_picker=&#8221;37200&#8243; background_color=&#8221;electrolux-blue&#8221;][vc_empty_space height=&#8221;50px&#8221;][\/vc_column][\/vc_row][vc_row][vc_column][vc_column_text]<\/p>\n<h2 style=\"text-align: center;\">\u015e\u0131k sadelik,<br \/>\noptimum i\u015flevsellik.<\/h2>\n<p>[\/vc_column_text][vc_empty_space][\/vc_column][\/vc_row][vc_row][vc_column width=&#8221;1\/3&#8243;][vc_column_text]<strong>D\u00fcz biti\u015f<\/strong><\/p>\n<p>Flexy G\u00f6mme Tip bile\u015fenleri kuvars \u00fcst tabla ile tamamen ayn\u0131 seviyededir. Bu \u00f6zellik hem estetik a\u00e7\u0131dan ho\u015f bir g\u00f6r\u00fcnt\u00fc sunar hem de temizli\u011fi kolay oldu\u011fundan hijyen a\u00e7\u0131s\u0131ndan da idealdir.[\/vc_column_text][vc_empty_space][vc_single_image image=&#8221;17928&#8243; img_size=&#8221;large&#8221; alignment=&#8221;center&#8221;][vc_empty_space][\/vc_column][vc_column width=&#8221;1\/3&#8243;][vc_column_text]<strong>Cazip ayd\u0131nlatma<\/strong><\/p>\n<p>Ayd\u0131nlatma gerek tasar\u0131m ve estetik a\u00e7\u0131s\u0131ndan gerekse yiyeceklerin en cazip \u015fekilde g\u00f6r\u00fcnmesi a\u00e7\u0131s\u0131ndan \u00e7ok \u00f6nemlidir.[\/vc_column_text][vc_empty_space][vc_empty_space height=&#8221;58px&#8221;][vc_single_image image=&#8221;17929&#8243; img_size=&#8221;large&#8221; alignment=&#8221;center&#8221;][vc_empty_space][\/vc_column][vc_column width=&#8221;1\/3&#8243;][vc_column_text]<strong>Kullan\u0131\u015fl\u0131 Nefeslikler<\/strong><\/p>\n<p>Mandal veya kilitleme eleman\u0131 gerektirmeyen, yaln\u0131zca cam ve paslanmaz \u00e7elikten olu\u015fan do\u011frusal, minimal nefeslikler. Tasar\u0131m m\u00fckemmelli\u011fi ve en y\u00fcksek hijyen standartlar\u0131 bir arada.[\/vc_column_text][vc_empty_space height=&#8221;61px&#8221;][vc_single_image image=&#8221;17930&#8243; img_size=&#8221;large&#8221; alignment=&#8221;center&#8221;][vc_empty_space][\/vc_column][\/vc_row][vc_row][vc_column][vc_empty_space][\/vc_column][\/vc_row][vc_row][vc_column width=&#8221;1\/3&#8243;][vc_column_text]<strong>Kuvars \u015f\u0131kl\u0131\u011f\u0131<\/strong><\/p>\n<p>Kuvars y\u00fczeyler sadece modern, dayan\u0131kl\u0131 ve temizlemesi kolay olmakla kalmaz, g\u00f6zeneksiz olduklar\u0131 i\u00e7in bakteri ve vir\u00fcsler \u00fcreyemeyece\u011finden <strong>tamamen hijyenik<\/strong>tir.[\/vc_column_text][vc_empty_space][\/vc_column][vc_column width=&#8221;2\/3&#8243;][vc_single_image image=&#8221;17931&#8243; img_size=&#8221;full&#8221; alignment=&#8221;center&#8221;][\/vc_column][\/vc_row][vc_row][vc_column][vc_empty_space height=&#8221;50px&#8221;][vc_column_text]<\/p>\n<h2 style=\"text-align: center;\">\u00dcst d\u00fczey g\u00f6r\u00fcn\u00fcrl\u00fck<\/h2>\n<p>[\/vc_column_text][vc_empty_space][\/vc_column][\/vc_row][vc_row][vc_column width=&#8221;1\/3&#8243;][vc_column_text]M\u00fckemmel g\u00f6r\u00fcn\u00fcrl\u00fck i\u00e7in <strong>e\u011fimli raflar<\/strong>\u00a0ve ayn\u0131 hizada te\u015fhir \u00fcnitesi[\/vc_column_text][vc_empty_space height=&#8221;60px&#8221;][vc_single_image image=&#8221;17932&#8243; img_size=&#8221;large&#8221; alignment=&#8221;center&#8221;][vc_empty_space][\/vc_column][vc_column width=&#8221;1\/3&#8243;][vc_column_text]<strong>LED \u0131\u015f\u0131klar<\/strong>: Yiyece\u011fi ayd\u0131nlat\u0131r, renklerini vurgulayarak daha i\u015ftah a\u00e7\u0131c\u0131 ve cazip k\u0131lar[\/vc_column_text][vc_empty_space][vc_single_image image=&#8221;17933&#8243; img_size=&#8221;large&#8221; alignment=&#8221;center&#8221;][vc_empty_space][\/vc_column][vc_column width=&#8221;1\/3&#8243;][vc_column_text]<strong>Basit, do\u011frusal yap\u0131<\/strong>\u00a0ve m\u00fckemmel yiyecek g\u00f6r\u00fcn\u00fcrl\u00fc\u011f\u00fc ve kolay temizlik i\u00e7in minimal \u00e7izgiler.[\/vc_column_text][vc_empty_space][vc_single_image image=&#8221;17934&#8243; img_size=&#8221;large&#8221; alignment=&#8221;center&#8221;][vc_empty_space][\/vc_column][\/vc_row][vc_row css=&#8221;.vc_custom_1636449864931{background-color: #f2f2f2 !important;}&#8221;][vc_column][vc_empty_space height=&#8221;50px&#8221;][vc_row_inner][vc_column_inner width=&#8221;1\/3&#8243;][vc_column_text]<\/p>\n<h2>I\u015f\u0131\u011f\u0131n<br \/>\netkisi!<\/h2>\n<p>[\/vc_column_text][\/vc_column_inner][vc_column_inner width=&#8221;2\/3&#8243;][vc_column_text]Tepsi kayd\u0131rma stand\u0131n\u0131n alt\u0131na, lambri etraf\u0131na ve tabak raflar\u0131na optimum \u015fekilde konumland\u0131r\u0131lan LED veya halojen ayd\u0131nlatma, minimal tasar\u0131m\u0131n, uyumlu \u00e7izgilerin ve farkl\u0131 y\u00fczeylerin zarafetini vurgular.[\/vc_column_text][\/vc_column_inner][\/vc_row_inner][vc_empty_space][vc_row_inner][vc_column_inner width=&#8221;1\/3&#8243;][vc_single_image image=&#8221;17935&#8243; img_size=&#8221;full&#8221;][vc_empty_space][\/vc_column_inner][vc_column_inner width=&#8221;1\/3&#8243;][vc_single_image image=&#8221;17936&#8243; img_size=&#8221;full&#8221;][vc_empty_space][\/vc_column_inner][vc_column_inner width=&#8221;1\/3&#8243;][vc_single_image image=&#8221;17937&#8243; img_size=&#8221;full&#8221;][vc_empty_space][\/vc_column_inner][\/vc_row_inner][vc_empty_space height=&#8221;50px&#8221;][\/vc_column][\/vc_row][vc_row][vc_column][vc_empty_space height=&#8221;50px&#8221;][vc_column_text]<\/p>\n<h2>Temiz mekan,<br \/>\nmutlu m\u00fc\u015fteriler.<\/h2>\n<p>[\/vc_column_text][vc_empty_space][\/vc_column][\/vc_row][vc_row][vc_column width=&#8221;1\/3&#8243;][vc_single_image image=&#8221;17938&#8243; img_size=&#8221;full&#8221;][vc_empty_space][vc_column_text]G\u00f6mme tip bile\u015fenler kuvars \u00fcst tabla ile tamamen ayn\u0131 hizada oldu\u011fu ve araya yiyecek s\u0131k\u0131\u015fma tehlikesi olmad\u0131\u011f\u0131 i\u00e7in temizli\u011fi kolay ve h\u0131zl\u0131d\u0131r ve hijyen garantidir.[\/vc_column_text][vc_empty_space][\/vc_column][vc_column width=&#8221;1\/3&#8243;][vc_single_image image=&#8221;17939&#8243; img_size=&#8221;full&#8221; alignment=&#8221;center&#8221;][vc_empty_space][vc_column_text]Nefeslikler mandal veya kilitleme eleman\u0131 i\u00e7ermedi\u011finden temizli\u011fi son derece kolayd\u0131r.[\/vc_column_text][vc_empty_space][\/vc_column][vc_column width=&#8221;1\/3&#8243;][vc_single_image image=&#8221;17940&#8243; img_size=&#8221;full&#8221; alignment=&#8221;center&#8221;][vc_empty_space][vc_column_text]Tepsi kayd\u0131rma stand\u0131n\u0131n \u00e7ubuklar\u0131 \u00e7eliktendir, temizlenmesi ve sterilize edilmesi kolayd\u0131r ve yiyecekler \u00e7ubuklar\u0131n aras\u0131na s\u0131k\u0131\u015fmaz.[\/vc_column_text][vc_empty_space][\/vc_column][\/vc_row][vc_row][vc_column][vc_empty_space height=&#8221;50px&#8221;][\/vc_column][\/vc_row][vc_row css=&#8221;.vc_custom_1636449864931{background-color: #f2f2f2 !important;}&#8221;][vc_column][vc_empty_space height=&#8221;50px&#8221;][vc_row_inner][vc_column_inner width=&#8221;1\/3&#8243;][vc_column_text]<\/p>\n<h2>Flexy<br \/>\nS\u0130Z\u0130N Tarz\u0131n\u0131z<\/h2>\n<p>[\/vc_column_text][vc_empty_space][vc_column_text]%100 \u0131smarlama. Tarz\u0131n\u0131z ne olursa olsun, akl\u0131n\u0131zda olan\u0131 ger\u00e7e\u011fe d\u00f6n\u00fc\u015ft\u00fcr\u00fcyoruz. Size ve i\u015fletmenize \u00f6zel, benzersiz bir \u00e7\u00f6z\u00fcm \u00fcretmeleri i\u00e7in g\u00fcvendi\u011finiz tasar\u0131mc\u0131n\u0131zla ileti\u015fime ge\u00e7in ve projenizi bize verin.[\/vc_column_text][vc_empty_space][\/vc_column_inner][vc_column_inner width=&#8221;2\/3&#8243;][vc_single_image image=&#8221;17941&#8243; img_size=&#8221;full&#8221;][\/vc_column_inner][\/vc_row_inner][vc_empty_space height=&#8221;50px&#8221;][\/vc_column][\/vc_row][vc_row][vc_column][vc_empty_space height=&#8221;50px&#8221;][elx_heading text_color=&#8221;inherit&#8221; text_align=&#8221;text-center&#8221;]Flexy Line G\u00f6mme Tip \u00dcniteler[\/elx_heading][vc_empty_space][elx_heading text_color=&#8221;inherit&#8221; text_align=&#8221;text-center&#8221;]6 boyutta 12 farkl\u0131 fonksiyon.<br \/>\n\u0130\u015fletmeniz i\u00e7in s\u0131n\u0131rs\u0131z se\u00e7enekler![\/elx_heading][vc_column_text]<\/p>\n<p style=\"text-align: center;\">S\u0131cak veya so\u011fuk: her m\u00fc\u015fterinizin ihtiyac\u0131na uygun \u00e7\u00f6z\u00fcm i\u00e7in bize g\u00fcvenebilirsiniz.<\/p>\n<p>[\/vc_column_text][vc_empty_space][vc_row_inner][vc_column_inner width=&#8221;1\/6&#8243;][vc_empty_space][\/vc_column_inner][vc_column_inner width=&#8221;1\/6&#8243;][vc_empty_space][\/vc_column_inner][vc_column_inner width=&#8221;1\/6&#8243;][vc_single_image image=&#8221;17942&#8243; img_size=&#8221;100&#215;100&#8243; alignment=&#8221;center&#8221;][vc_empty_space height=&#8221;20px&#8221;][vc_column_text]<\/p>\n<h5 style=\"text-align: center;\">S\u0131cak<br \/>\n\u00fcniteler<\/h5>\n<p>[\/vc_column_text][vc_empty_space][\/vc_column_inner][vc_column_inner width=&#8221;1\/6&#8243;][vc_single_image image=&#8221;17943&#8243; img_size=&#8221;100&#215;100&#8243; alignment=&#8221;center&#8221;][vc_empty_space height=&#8221;20px&#8221;][vc_column_text]<\/p>\n<h5 style=\"text-align: center;\">So\u011fuk<br \/>\n\u00fcniteler<\/h5>\n<p>[\/vc_column_text][vc_empty_space][\/vc_column_inner][vc_column_inner width=&#8221;1\/6&#8243;][vc_empty_space][\/vc_column_inner][vc_column_inner width=&#8221;1\/6&#8243;][vc_empty_space][\/vc_column_inner][\/vc_row_inner][vc_empty_space][elx_button button_text=&#8221;G\u00d6MME T\u0130P \u00dcN\u0130TELER\u0130 KE\u015eFED\u0130N&#8221; button_display_block=&#8221;display_block_on&#8221; button_alignment=&#8221;align_center&#8221; button_link=&#8221;url:https%3A%2F%2Fwww.electroluxprofessional.com%2Ftr%2Fticari-mutfak-ekipmanlari%2Fflexy-line%2Fflexy-drop-in%2F|title:Flexy%20Drop-in%20(G%C3%B6mme%20Tip)&#8221;][vc_empty_space height=&#8221;50px&#8221;][\/vc_column][\/vc_row][vc_row css=&#8221;.vc_custom_1636449864931{background-color: #f2f2f2 !important;}&#8221;][vc_column][vc_empty_space height=&#8221;50px&#8221;][vc_row_inner][vc_column_inner width=&#8221;1\/3&#8243;][vc_column_text]<\/p>\n<p class=\"h2\" style=\"text-align: left;\">Flexy Style i\u00e7in yeterli alan\u0131n\u0131z yok mu?<\/p>\n<p>[\/vc_column_text][vc_empty_space][\/vc_column_inner][vc_column_inner width=&#8221;1\/3&#8243;][vc_column_text]<strong>Endi\u015felenmeyin, Flexy Compact tam size g\u00f6re!<\/strong><\/p>\n<p>Mobil bir \u00e7\u00f6z\u00fcmle, yemek alan\u0131n\u0131z\u0131 o g\u00fcnk\u00fc ihtiya\u00e7lar\u0131n\u0131za uygun sorunsuz bir i\u015f ak\u0131\u015f\u0131 i\u00e7in istedi\u011finiz \u015fekilde d\u00fczenleyebilirsiniz.[\/vc_column_text][vc_empty_space][\/vc_column_inner][vc_column_inner width=&#8221;1\/3&#8243;][vc_single_image image=&#8221;17944&#8243; img_size=&#8221;full&#8221; alignment=&#8221;center&#8221;][vc_empty_space][\/vc_column_inner][\/vc_row_inner][elx_button button_text=&#8221;Flexy Compact&#8217;I KE\u015eFED\u0130N&#8221; button_display_block=&#8221;display_block_on&#8221; button_alignment=&#8221;align_center&#8221; button_link=&#8221;url:https%3A%2F%2Fwww.electroluxprofessional.com%2Ftr%2Fticari-mutfak-ekipmanlari%2Fflexy-line%2Fflexy-compact%2F|title:Flexy%20Compact&#8221;][vc_empty_space height=&#8221;50px&#8221;][\/vc_column][\/vc_row][vc_row][vc_column][vc_empty_space height=&#8221;50px&#8221;][elx_heading font_size=&#8221;h3&#8243; text_color=&#8221;inherit&#8221; text_align=&#8221;text-center&#8221;]Flexy Style hakk\u0131nda daha fazla bilgi almak i\u00e7in bize ula\u015f\u0131n[\/elx_heading][elx_o2000_contact_us s=&#8221;Request of information about servery equipment&#8221; container=&#8221;elxcontactus1479284563&#8243; r=&#8221;I would like to find out more about servery equipment. Please get in touch with me.&#8221;][vc_empty_space height=&#8221;50px&#8221;][\/vc_column][\/vc_row]<\/p>\n","protected":false},"excerpt":{"rendered":"<p>[vc_row full_width=&#8221;electroluxpro-full-width-no-padding&#8221;][vc_column][elx_image_block background_image=&#8221;17926&#8243; minimum_height=&#8221;400px&#8221;][\/vc_column][\/vc_row][vc_row][vc_column][vc_empty_space][elx_heading font_container=&#8221;h1&#8243; text_color=&#8221;electrolux-blue&#8221; text_align=&#8221;text-center&#8221;]Flexy Style &amp; StyleJR Hem ihtiya\u00e7lar\u0131n\u0131za hem de zevkinize uygun[\/elx_heading][vc_empty_space height=&#8221;50px&#8221;][\/vc_column][\/vc_row][vc_row][vc_column][vc_single_image image=&#8221;17927&#8243; img_size=&#8221;full&#8221; alignment=&#8221;center&#8221;][vc_empty_space][elx_download_block text=&#8221;Download the Flexy Style Brochure&#8221; file_picker=&#8221;37200&#8243; background_color=&#8221;electrolux-blue&#8221;][vc_empty_space height=&#8221;50px&#8221;][\/vc_column][\/vc_row][vc_row][vc_column][vc_column_text] \u015e\u0131k sadelik, optimum i\u015flevsellik. [\/vc_column_text][vc_empty_space][\/vc_column][\/vc_row][vc_row][vc_column width=&#8221;1\/3&#8243;][vc_column_text]D\u00fcz biti\u015f Flexy G\u00f6mme Tip bile\u015fenleri kuvars \u00fcst tabla ile tamamen ayn\u0131 seviyededir. Bu \u00f6zellik hem estetik a\u00e7\u0131dan ho\u015f bir g\u00f6r\u00fcnt\u00fc sunar [&hellip;]<\/p>\n","protected":false},"author":40,"featured_media":17926,"parent":21878,"menu_order":0,"comment_status":"closed","ping_status":"closed","template":"","meta":{"footnotes":""},"class_list":["post-17946","page","type-page","status-publish","has-post-thumbnail","hentry"],"acf":[],"yoast_head":"<!-- This site is optimized with the Yoast SEO plugin v23.3 - https:\/\/yoast.com\/wordpress\/plugins\/seo\/ -->\n<title>Flexy Style - Electrolux Professional T\u00fcrkiye<\/title>\n<meta name=\"description\" content=\"Flexy Style: \u00d6n tasar\u0131m gerektirmeyen kuvars tezgah servis hatt\u0131 \u00e7\u00f6z\u00fcm\u00fc. 30.000+ kombinasyonla stil, s\u00fcrd\u00fcr\u00fclebilirlik ve i\u015flevsellik bir arada.\" \/>\n<meta name=\"robots\" content=\"index, follow, max-snippet:-1, max-image-preview:large, max-video-preview:-1\" \/>\n<link rel=\"canonical\" href=\"https:\/\/www.electroluxprofessional.com\/tr\/ticari-mutfak-ekipmanlari\/flexy-line\/flexy-style\/\" \/>\n<meta property=\"og:locale\" content=\"tr_TR\" \/>\n<meta property=\"og:type\" content=\"article\" \/>\n<meta property=\"og:title\" content=\"Flexy Style - Electrolux Professional T\u00fcrkiye\" \/>\n<meta property=\"og:description\" content=\"Flexy Style: \u00d6n tasar\u0131m gerektirmeyen kuvars tezgah servis hatt\u0131 \u00e7\u00f6z\u00fcm\u00fc. 30.000+ kombinasyonla stil, s\u00fcrd\u00fcr\u00fclebilirlik ve i\u015flevsellik bir arada.\" \/>\n<meta property=\"og:url\" content=\"https:\/\/www.electroluxprofessional.com\/tr\/ticari-mutfak-ekipmanlari\/flexy-line\/flexy-style\/\" \/>\n<meta property=\"og:site_name\" content=\"Electrolux Professional T\u00fcrkiye\" \/>\n<meta property=\"article:modified_time\" content=\"2025-08-27T13:51:05+00:00\" \/>\n<meta property=\"og:image\" content=\"https:\/\/www.electroluxprofessional.com\/tr\/wp-content\/uploads\/2024\/05\/EPR-Flexy-Style-Luxury-Hotel.jpg\" \/>\n\t<meta property=\"og:image:width\" content=\"2000\" \/>\n\t<meta property=\"og:image:height\" content=\"702\" \/>\n\t<meta property=\"og:image:type\" content=\"image\/jpeg\" \/>\n<meta name=\"twitter:card\" content=\"summary_large_image\" \/>\n<meta name=\"twitter:label1\" content=\"Tahmini okuma s\u00fcresi\" \/>\n\t<meta name=\"twitter:data1\" content=\"4 dakika\" \/>\n<script type=\"application\/ld+json\" class=\"yoast-schema-graph\">{\"@context\":\"https:\/\/schema.org\",\"@graph\":[{\"@type\":\"WebPage\",\"@id\":\"https:\/\/www.electroluxprofessional.com\/tr\/ticari-mutfak-ekipmanlari\/flexy-line\/flexy-style\/\",\"url\":\"https:\/\/www.electroluxprofessional.com\/tr\/ticari-mutfak-ekipmanlari\/flexy-line\/flexy-style\/\",\"name\":\"Flexy Style - Electrolux Professional T\u00fcrkiye\",\"isPartOf\":{\"@id\":\"https:\/\/www.electroluxprofessional.com\/tr\/#website\"},\"primaryImageOfPage\":{\"@id\":\"https:\/\/www.electroluxprofessional.com\/tr\/ticari-mutfak-ekipmanlari\/flexy-line\/flexy-style\/#primaryimage\"},\"image\":{\"@id\":\"https:\/\/www.electroluxprofessional.com\/tr\/ticari-mutfak-ekipmanlari\/flexy-line\/flexy-style\/#primaryimage\"},\"thumbnailUrl\":\"https:\/\/www.electroluxprofessional.com\/tr\/wp-content\/uploads\/2024\/05\/EPR-Flexy-Style-Luxury-Hotel.jpg\",\"datePublished\":\"2024-05-28T17:29:28+00:00\",\"dateModified\":\"2025-08-27T13:51:05+00:00\",\"description\":\"Flexy Style: \u00d6n tasar\u0131m gerektirmeyen kuvars tezgah servis hatt\u0131 \u00e7\u00f6z\u00fcm\u00fc. 30.000+ kombinasyonla stil, s\u00fcrd\u00fcr\u00fclebilirlik ve i\u015flevsellik bir arada.\",\"breadcrumb\":{\"@id\":\"https:\/\/www.electroluxprofessional.com\/tr\/ticari-mutfak-ekipmanlari\/flexy-line\/flexy-style\/#breadcrumb\"},\"inLanguage\":\"tr\",\"potentialAction\":[{\"@type\":\"ReadAction\",\"target\":[\"https:\/\/www.electroluxprofessional.com\/tr\/ticari-mutfak-ekipmanlari\/flexy-line\/flexy-style\/\"]}]},{\"@type\":\"ImageObject\",\"inLanguage\":\"tr\",\"@id\":\"https:\/\/www.electroluxprofessional.com\/tr\/ticari-mutfak-ekipmanlari\/flexy-line\/flexy-style\/#primaryimage\",\"url\":\"https:\/\/www.electroluxprofessional.com\/tr\/wp-content\/uploads\/2024\/05\/EPR-Flexy-Style-Luxury-Hotel.jpg\",\"contentUrl\":\"https:\/\/www.electroluxprofessional.com\/tr\/wp-content\/uploads\/2024\/05\/EPR-Flexy-Style-Luxury-Hotel.jpg\",\"width\":2000,\"height\":702},{\"@type\":\"BreadcrumbList\",\"@id\":\"https:\/\/www.electroluxprofessional.com\/tr\/ticari-mutfak-ekipmanlari\/flexy-line\/flexy-style\/#breadcrumb\",\"itemListElement\":[{\"@type\":\"ListItem\",\"position\":1,\"name\":\"Home\",\"item\":\"https:\/\/www.electroluxprofessional.com\/tr\/\"},{\"@type\":\"ListItem\",\"position\":2,\"name\":\"End\u00fcstriyel Mutfak Ekipmanlar\u0131\",\"item\":\"https:\/\/www.electroluxprofessional.com\/tr\/ticari-mutfak-ekipmanlari\/\"},{\"@type\":\"ListItem\",\"position\":3,\"name\":\"Flexy Line\",\"item\":\"https:\/\/www.electroluxprofessional.com\/tr\/ticari-mutfak-ekipmanlari\/flexy-line\/\"},{\"@type\":\"ListItem\",\"position\":4,\"name\":\"Flexy Style\"}]},{\"@type\":\"WebSite\",\"@id\":\"https:\/\/www.electroluxprofessional.com\/tr\/#website\",\"url\":\"https:\/\/www.electroluxprofessional.com\/tr\/\",\"name\":\"Electrolux Professional T\u00fcrkiye\",\"description\":\"\",\"potentialAction\":[{\"@type\":\"SearchAction\",\"target\":{\"@type\":\"EntryPoint\",\"urlTemplate\":\"https:\/\/www.electroluxprofessional.com\/tr\/?src={search_term_string}\"},\"query-input\":\"required name=search_term_string\"}],\"inLanguage\":\"tr\"}]}<\/script>\n<!-- \/ Yoast SEO plugin. -->","yoast_head_json":{"title":"Flexy Style - Electrolux Professional T\u00fcrkiye","description":"Flexy Style: \u00d6n tasar\u0131m gerektirmeyen kuvars tezgah servis hatt\u0131 \u00e7\u00f6z\u00fcm\u00fc. 30.000+ kombinasyonla stil, s\u00fcrd\u00fcr\u00fclebilirlik ve i\u015flevsellik bir arada.","robots":{"index":"index","follow":"follow","max-snippet":"max-snippet:-1","max-image-preview":"max-image-preview:large","max-video-preview":"max-video-preview:-1"},"canonical":"https:\/\/www.electroluxprofessional.com\/tr\/ticari-mutfak-ekipmanlari\/flexy-line\/flexy-style\/","og_locale":"tr_TR","og_type":"article","og_title":"Flexy Style - Electrolux Professional T\u00fcrkiye","og_description":"Flexy Style: \u00d6n tasar\u0131m gerektirmeyen kuvars tezgah servis hatt\u0131 \u00e7\u00f6z\u00fcm\u00fc. 30.000+ kombinasyonla stil, s\u00fcrd\u00fcr\u00fclebilirlik ve i\u015flevsellik bir arada.","og_url":"https:\/\/www.electroluxprofessional.com\/tr\/ticari-mutfak-ekipmanlari\/flexy-line\/flexy-style\/","og_site_name":"Electrolux Professional T\u00fcrkiye","article_modified_time":"2025-08-27T13:51:05+00:00","og_image":[{"width":2000,"height":702,"url":"https:\/\/www.electroluxprofessional.com\/tr\/wp-content\/uploads\/2024\/05\/EPR-Flexy-Style-Luxury-Hotel.jpg","type":"image\/jpeg"}],"twitter_card":"summary_large_image","twitter_misc":{"Tahmini okuma s\u00fcresi":"4 dakika"},"schema":{"@context":"https:\/\/schema.org","@graph":[{"@type":"WebPage","@id":"https:\/\/www.electroluxprofessional.com\/tr\/ticari-mutfak-ekipmanlari\/flexy-line\/flexy-style\/","url":"https:\/\/www.electroluxprofessional.com\/tr\/ticari-mutfak-ekipmanlari\/flexy-line\/flexy-style\/","name":"Flexy Style - Electrolux Professional T\u00fcrkiye","isPartOf":{"@id":"https:\/\/www.electroluxprofessional.com\/tr\/#website"},"primaryImageOfPage":{"@id":"https:\/\/www.electroluxprofessional.com\/tr\/ticari-mutfak-ekipmanlari\/flexy-line\/flexy-style\/#primaryimage"},"image":{"@id":"https:\/\/www.electroluxprofessional.com\/tr\/ticari-mutfak-ekipmanlari\/flexy-line\/flexy-style\/#primaryimage"},"thumbnailUrl":"https:\/\/www.electroluxprofessional.com\/tr\/wp-content\/uploads\/2024\/05\/EPR-Flexy-Style-Luxury-Hotel.jpg","datePublished":"2024-05-28T17:29:28+00:00","dateModified":"2025-08-27T13:51:05+00:00","description":"Flexy Style: \u00d6n tasar\u0131m gerektirmeyen kuvars tezgah servis hatt\u0131 \u00e7\u00f6z\u00fcm\u00fc. 30.000+ kombinasyonla stil, s\u00fcrd\u00fcr\u00fclebilirlik ve i\u015flevsellik bir arada.","breadcrumb":{"@id":"https:\/\/www.electroluxprofessional.com\/tr\/ticari-mutfak-ekipmanlari\/flexy-line\/flexy-style\/#breadcrumb"},"inLanguage":"tr","potentialAction":[{"@type":"ReadAction","target":["https:\/\/www.electroluxprofessional.com\/tr\/ticari-mutfak-ekipmanlari\/flexy-line\/flexy-style\/"]}]},{"@type":"ImageObject","inLanguage":"tr","@id":"https:\/\/www.electroluxprofessional.com\/tr\/ticari-mutfak-ekipmanlari\/flexy-line\/flexy-style\/#primaryimage","url":"https:\/\/www.electroluxprofessional.com\/tr\/wp-content\/uploads\/2024\/05\/EPR-Flexy-Style-Luxury-Hotel.jpg","contentUrl":"https:\/\/www.electroluxprofessional.com\/tr\/wp-content\/uploads\/2024\/05\/EPR-Flexy-Style-Luxury-Hotel.jpg","width":2000,"height":702},{"@type":"BreadcrumbList","@id":"https:\/\/www.electroluxprofessional.com\/tr\/ticari-mutfak-ekipmanlari\/flexy-line\/flexy-style\/#breadcrumb","itemListElement":[{"@type":"ListItem","position":1,"name":"Home","item":"https:\/\/www.electroluxprofessional.com\/tr\/"},{"@type":"ListItem","position":2,"name":"End\u00fcstriyel Mutfak Ekipmanlar\u0131","item":"https:\/\/www.electroluxprofessional.com\/tr\/ticari-mutfak-ekipmanlari\/"},{"@type":"ListItem","position":3,"name":"Flexy Line","item":"https:\/\/www.electroluxprofessional.com\/tr\/ticari-mutfak-ekipmanlari\/flexy-line\/"},{"@type":"ListItem","position":4,"name":"Flexy Style"}]},{"@type":"WebSite","@id":"https:\/\/www.electroluxprofessional.com\/tr\/#website","url":"https:\/\/www.electroluxprofessional.com\/tr\/","name":"Electrolux Professional T\u00fcrkiye","description":"","potentialAction":[{"@type":"SearchAction","target":{"@type":"EntryPoint","urlTemplate":"https:\/\/www.electroluxprofessional.com\/tr\/?src={search_term_string}"},"query-input":"required name=search_term_string"}],"inLanguage":"tr"}]}},"_links":{"self":[{"href":"https:\/\/www.electroluxprofessional.com\/tr\/wp-json\/wp\/v2\/pages\/17946"}],"collection":[{"href":"https:\/\/www.electroluxprofessional.com\/tr\/wp-json\/wp\/v2\/pages"}],"about":[{"href":"https:\/\/www.electroluxprofessional.com\/tr\/wp-json\/wp\/v2\/types\/page"}],"author":[{"embeddable":true,"href":"https:\/\/www.electroluxprofessional.com\/tr\/wp-json\/wp\/v2\/users\/40"}],"replies":[{"embeddable":true,"href":"https:\/\/www.electroluxprofessional.com\/tr\/wp-json\/wp\/v2\/comments?post=17946"}],"version-history":[{"count":7,"href":"https:\/\/www.electroluxprofessional.com\/tr\/wp-json\/wp\/v2\/pages\/17946\/revisions"}],"predecessor-version":[{"id":21908,"href":"https:\/\/www.electroluxprofessional.com\/tr\/wp-json\/wp\/v2\/pages\/17946\/revisions\/21908"}],"up":[{"embeddable":true,"href":"https:\/\/www.electroluxprofessional.com\/tr\/wp-json\/wp\/v2\/pages\/21878"}],"wp:featuredmedia":[{"embeddable":true,"href":"https:\/\/www.electroluxprofessional.com\/tr\/wp-json\/wp\/v2\/media\/17926"}],"wp:attachment":[{"href":"https:\/\/www.electroluxprofessional.com\/tr\/wp-json\/wp\/v2\/media?parent=17946"}],"curies":[{"name":"wp","href":"https:\/\/api.w.org\/{rel}","templated":true}]}}