{"id":17773,"date":"2024-03-22T08:30:56","date_gmt":"2024-03-22T08:30:56","guid":{"rendered":"https:\/\/www.electroluxprofessional.com\/tr\/?page_id=17773"},"modified":"2025-11-05T15:59:30","modified_gmt":"2025-11-05T15:59:30","slug":"tekstil-laboratuvar-testleri-icin-yikama-ve-kurutma-makineleri","status":"publish","type":"page","link":"https:\/\/www.electroluxprofessional.com\/tr\/ticari-camasirhane-ekipmanlari\/tekstil-laboratuvar-testleri-icin-yikama-ve-kurutma-makineleri\/","title":{"rendered":"Tekstil Laboratuvar Testleri i\u00e7in Y\u0131kama ve Kurutma Makineleri"},"content":{"rendered":"<p>[vc_row full_width=&#8221;electroluxpro-full-width-no-padding&#8221;][vc_column][elx_image_block background_image=&#8221;16119&#8243; minimum_height=&#8221;350px&#8221;][elx_download_block text=&#8221;Laboratuvar Testi bro\u015f\u00fcr\u00fcn\u00fc buradan indirebilirsiniz (EN)&#8221; link=&#8221;https:\/\/tools.electroluxprofessional.com\/Mirror\/Doc\/ELS\/CLFL\/EPR_leaflet_Laboratory%20Testing_20250408_ENG_LR-single%20pages.pdf&#8221; background_color=&#8221;electrolux-blue&#8221;][\/vc_column][\/vc_row][vc_row][vc_column][vc_empty_space height=&#8221;20px&#8221;][elx_heading font_container=&#8221;h1&#8243; text_color=&#8221;inherit&#8221; text_align=&#8221;text-center&#8221;]Tekstil Laboratuvar Testleri i\u00e7in Y\u0131kama ve Kurutma Makinesi[\/elx_heading][vc_empty_space height=&#8221;20px&#8221;][vc_column_text]<\/p>\n<p style=\"text-align: center;\">Electrolux Professional, laboratuvar testlerine y\u00f6nelik entegre bir sistem sayesinde d\u00fcnya \u00e7ap\u0131nda y\u0131kama ve kurutma standartlar\u0131n\u0131 belirliyor.<\/p>\n<p>[\/vc_column_text][vc_empty_space height=&#8221;20px&#8221;][\/vc_column][\/vc_row][vc_row][vc_column width=&#8221;1\/2&#8243;][vc_single_image image=&#8221;16118&#8243; img_size=&#8221;full&#8221;][\/vc_column][vc_column width=&#8221;1\/2&#8243;][elx_heading text_color=&#8221;inherit&#8221;]LAB Kurutma Makinesi, laboratuvar testi i\u00e7in[\/elx_heading][vc_column_text]Yeni Electrolux Professional LAB Kurutma Makinesi, ISO 6330 standard\u0131na uygunlu\u011fu garanti edecek \u015fekilde \u00f6zel olarak tasarlanm\u0131\u015f ve geli\u015ftirilmi\u015ftir.<\/p>\n<p>Wascator y\u0131kama referans\u0131 ile rakipsiz bir ikili olu\u015fturur: test standartlar\u0131, kuma\u015flar ve giysiler i\u00e7in entegre bir sistemdir.[\/vc_column_text][\/vc_column][\/vc_row][vc_row][vc_column width=&#8221;2\/3&#8243;][vc_empty_space][vc_empty_space][vc_column_text]<\/p>\n<h3>1969\u2019dan bu yana referans y\u0131kama makinesi<\/h3>\n<p>\u0130yi bilinen bir marka olan Wascator FOM71 CLS, 1969\u2019dan bu yana sekt\u00f6rde ve tesktil testlerinde\u00a0<strong>y\u0131kama performans testleri i\u00e7in referans makinedir.<\/strong><\/p>\n<p>\u015eimdi m\u00fckemmel bir i\u015f orta\u011f\u0131na sahipsiniz:\u00a0<strong>Yeni LAB Kurutma Makinesi<\/strong><strong>\u00a0<\/strong>\u00a0tekstil \u00fcreticileri, b\u00fcy\u00fck perakendeciler, fiber laboratuvarlar\u0131 ve test evleri gibi m\u00fc\u015fterilere dayan\u0131kl\u0131l\u0131k, do\u011fruluk ve g\u00fcvenilirlik a\u00e7\u0131s\u0131ndan ayn\u0131 avantajlar\u0131 sunar.[\/vc_column_text][\/vc_column][vc_column width=&#8221;1\/3&#8243;][vc_empty_space][vc_single_image image=&#8221;879&#8243; img_size=&#8221;full&#8221; alignment=&#8221;right&#8221; style=&#8221;vc_box_circle_2&#8243;][\/vc_column][\/vc_row][vc_row][vc_column][elx_heading font_size=&#8221;h3&#8243; text_color=&#8221;inherit&#8221; text_align=&#8221;text-left&#8221;]Y\u0131kama ve kurutma konusunda ihtiya\u00e7 duydu\u011funuz standartlar\u0131 kar\u015f\u0131lar[\/elx_heading][vc_empty_space][vc_single_image image=&#8221;17772&#8243; img_size=&#8221;full&#8221; alignment=&#8221;center&#8221; onclick=&#8221;img_link_large&#8221;][vc_empty_space height=&#8221;50px&#8221;][\/vc_column][\/vc_row][vc_row][vc_column][elx_heading font_size=&#8221;h3&#8243; text_color=&#8221;inherit&#8221; text_align=&#8221;text-left&#8221;]Laboratuvar Makinelerinin i\u015fletmenize neler sunabilece\u011fini ke\u015ffedin[\/elx_heading][elx_o2000_contact_us s=&#8221;Request of information about Laboratory Machines&#8221; b=&#8221;laundry&#8221; container=&#8221;elxcontactus1478701232&#8243; r=&#8221;I would like to find out more about washers and dryers for laboratory testing. Please get in touch with me.&#8221;][vc_empty_space height=&#8221;50px&#8221;][\/vc_column][\/vc_row][vc_row css=&#8221;.vc_custom_1555676931146{background-color: #eeeeee !important;}&#8221;][vc_column][elx_heading font_size=&#8221;h3&#8243; text_color=&#8221;inherit&#8221; text_align=&#8221;text-left&#8221;]Find your complete solution[\/elx_heading][\/vc_column][\/vc_row][vc_row css=&#8221;.vc_custom_1555676939777{background-color: #eeeeee !important;}&#8221;][vc_column width=&#8221;1\/3&#8243;][elx_maylike_box id_box=&#8221;1470&#8243;][\/vc_column][vc_column width=&#8221;1\/3&#8243;][elx_maylike_box id_box=&#8221;16292&#8243;][\/vc_column][vc_column width=&#8221;1\/3&#8243;][elx_maylike_box id_box=&#8221;16308&#8243;][\/vc_column][\/vc_row][vc_row][vc_column][vc_empty_space height=&#8221;50px&#8221;][\/vc_column][\/vc_row]<\/p>\n","protected":false},"excerpt":{"rendered":"<p>[vc_row full_width=&#8221;electroluxpro-full-width-no-padding&#8221;][vc_column][elx_image_block background_image=&#8221;16119&#8243; minimum_height=&#8221;350px&#8221;][elx_download_block text=&#8221;Laboratuvar Testi bro\u015f\u00fcr\u00fcn\u00fc buradan indirebilirsiniz (EN)&#8221; link=&#8221;https:\/\/tools.electroluxprofessional.com\/Mirror\/Doc\/ELS\/CLFL\/EPR_leaflet_Laboratory%20Testing_20250408_ENG_LR-single%20pages.pdf&#8221; background_color=&#8221;electrolux-blue&#8221;][\/vc_column][\/vc_row][vc_row][vc_column][vc_empty_space height=&#8221;20px&#8221;][elx_heading font_container=&#8221;h1&#8243; text_color=&#8221;inherit&#8221; text_align=&#8221;text-center&#8221;]Tekstil Laboratuvar Testleri i\u00e7in Y\u0131kama ve Kurutma Makinesi[\/elx_heading][vc_empty_space height=&#8221;20px&#8221;][vc_column_text] Electrolux Professional, laboratuvar testlerine y\u00f6nelik entegre bir sistem sayesinde d\u00fcnya \u00e7ap\u0131nda y\u0131kama ve kurutma standartlar\u0131n\u0131 belirliyor. [\/vc_column_text][vc_empty_space height=&#8221;20px&#8221;][\/vc_column][\/vc_row][vc_row][vc_column width=&#8221;1\/2&#8243;][vc_single_image image=&#8221;16118&#8243; img_size=&#8221;full&#8221;][\/vc_column][vc_column width=&#8221;1\/2&#8243;][elx_heading text_color=&#8221;inherit&#8221;]LAB Kurutma Makinesi, laboratuvar testi i\u00e7in[\/elx_heading][vc_column_text]Yeni Electrolux Professional LAB [&hellip;]<\/p>\n","protected":false},"author":40,"featured_media":16118,"parent":2006,"menu_order":0,"comment_status":"closed","ping_status":"closed","template":"","meta":{"footnotes":""},"class_list":["post-17773","page","type-page","status-publish","has-post-thumbnail","hentry"],"acf":[],"yoast_head":"<!-- This site is optimized with the Yoast SEO plugin v23.3 - https:\/\/yoast.com\/wordpress\/plugins\/seo\/ -->\n<title>Tekstil Laboratuvar Testleri i\u00e7in Y\u0131kama ve Kurutma Makineleri - Electrolux Professional T\u00fcrkiye<\/title>\n<meta name=\"description\" content=\"Electrolux Professional, laboratuvar testleri i\u00e7in entegre bir sistemle t\u00fcm d\u00fcnyada y\u0131kama ve kurutma standartlar\u0131n\u0131 belirliyor.\" \/>\n<meta name=\"robots\" content=\"index, follow, max-snippet:-1, max-image-preview:large, max-video-preview:-1\" \/>\n<link rel=\"canonical\" href=\"https:\/\/www.electroluxprofessional.com\/tr\/ticari-camasirhane-ekipmanlari\/tekstil-laboratuvar-testleri-icin-yikama-ve-kurutma-makineleri\/\" \/>\n<meta property=\"og:locale\" content=\"tr_TR\" \/>\n<meta property=\"og:type\" content=\"article\" \/>\n<meta property=\"og:title\" content=\"Tekstil Laboratuvar Testleri i\u00e7in Y\u0131kama ve Kurutma Makineleri - Electrolux Professional T\u00fcrkiye\" \/>\n<meta property=\"og:description\" content=\"Electrolux Professional, laboratuvar testleri i\u00e7in entegre bir sistemle t\u00fcm d\u00fcnyada y\u0131kama ve kurutma standartlar\u0131n\u0131 belirliyor.\" \/>\n<meta property=\"og:url\" content=\"https:\/\/www.electroluxprofessional.com\/tr\/ticari-camasirhane-ekipmanlari\/tekstil-laboratuvar-testleri-icin-yikama-ve-kurutma-makineleri\/\" \/>\n<meta property=\"og:site_name\" content=\"Electrolux Professional T\u00fcrkiye\" \/>\n<meta property=\"article:modified_time\" content=\"2025-11-05T15:59:30+00:00\" \/>\n<meta property=\"og:image\" content=\"https:\/\/www.electroluxprofessional.com\/tr\/wp-content\/uploads\/2023\/05\/fom-machines-1.jpg\" \/>\n\t<meta property=\"og:image:width\" content=\"581\" \/>\n\t<meta property=\"og:image:height\" content=\"484\" \/>\n\t<meta property=\"og:image:type\" content=\"image\/jpeg\" \/>\n<meta name=\"twitter:card\" content=\"summary_large_image\" \/>\n<meta name=\"twitter:label1\" content=\"Tahmini okuma s\u00fcresi\" \/>\n\t<meta name=\"twitter:data1\" content=\"2 dakika\" \/>\n<script type=\"application\/ld+json\" class=\"yoast-schema-graph\">{\"@context\":\"https:\/\/schema.org\",\"@graph\":[{\"@type\":\"WebPage\",\"@id\":\"https:\/\/www.electroluxprofessional.com\/tr\/ticari-camasirhane-ekipmanlari\/tekstil-laboratuvar-testleri-icin-yikama-ve-kurutma-makineleri\/\",\"url\":\"https:\/\/www.electroluxprofessional.com\/tr\/ticari-camasirhane-ekipmanlari\/tekstil-laboratuvar-testleri-icin-yikama-ve-kurutma-makineleri\/\",\"name\":\"Tekstil Laboratuvar Testleri i\u00e7in Y\u0131kama ve Kurutma Makineleri - Electrolux Professional T\u00fcrkiye\",\"isPartOf\":{\"@id\":\"https:\/\/www.electroluxprofessional.com\/tr\/#website\"},\"primaryImageOfPage\":{\"@id\":\"https:\/\/www.electroluxprofessional.com\/tr\/ticari-camasirhane-ekipmanlari\/tekstil-laboratuvar-testleri-icin-yikama-ve-kurutma-makineleri\/#primaryimage\"},\"image\":{\"@id\":\"https:\/\/www.electroluxprofessional.com\/tr\/ticari-camasirhane-ekipmanlari\/tekstil-laboratuvar-testleri-icin-yikama-ve-kurutma-makineleri\/#primaryimage\"},\"thumbnailUrl\":\"https:\/\/www.electroluxprofessional.com\/tr\/wp-content\/uploads\/2023\/05\/fom-machines-1.jpg\",\"datePublished\":\"2024-03-22T08:30:56+00:00\",\"dateModified\":\"2025-11-05T15:59:30+00:00\",\"description\":\"Electrolux Professional, laboratuvar testleri i\u00e7in entegre bir sistemle t\u00fcm d\u00fcnyada y\u0131kama ve kurutma standartlar\u0131n\u0131 belirliyor.\",\"breadcrumb\":{\"@id\":\"https:\/\/www.electroluxprofessional.com\/tr\/ticari-camasirhane-ekipmanlari\/tekstil-laboratuvar-testleri-icin-yikama-ve-kurutma-makineleri\/#breadcrumb\"},\"inLanguage\":\"tr\",\"potentialAction\":[{\"@type\":\"ReadAction\",\"target\":[\"https:\/\/www.electroluxprofessional.com\/tr\/ticari-camasirhane-ekipmanlari\/tekstil-laboratuvar-testleri-icin-yikama-ve-kurutma-makineleri\/\"]}]},{\"@type\":\"ImageObject\",\"inLanguage\":\"tr\",\"@id\":\"https:\/\/www.electroluxprofessional.com\/tr\/ticari-camasirhane-ekipmanlari\/tekstil-laboratuvar-testleri-icin-yikama-ve-kurutma-makineleri\/#primaryimage\",\"url\":\"https:\/\/www.electroluxprofessional.com\/tr\/wp-content\/uploads\/2023\/05\/fom-machines-1.jpg\",\"contentUrl\":\"https:\/\/www.electroluxprofessional.com\/tr\/wp-content\/uploads\/2023\/05\/fom-machines-1.jpg\",\"width\":581,\"height\":484,\"caption\":\"fom-machines\"},{\"@type\":\"BreadcrumbList\",\"@id\":\"https:\/\/www.electroluxprofessional.com\/tr\/ticari-camasirhane-ekipmanlari\/tekstil-laboratuvar-testleri-icin-yikama-ve-kurutma-makineleri\/#breadcrumb\",\"itemListElement\":[{\"@type\":\"ListItem\",\"position\":1,\"name\":\"Home\",\"item\":\"https:\/\/www.electroluxprofessional.com\/tr\/\"},{\"@type\":\"ListItem\",\"position\":2,\"name\":\"\u00c7ama\u015f\u0131rhane\",\"item\":\"https:\/\/www.electroluxprofessional.com\/tr\/ticari-camasirhane-ekipmanlari\/\"},{\"@type\":\"ListItem\",\"position\":3,\"name\":\"Tekstil Laboratuvar Testleri i\u00e7in Y\u0131kama ve Kurutma Makineleri\"}]},{\"@type\":\"WebSite\",\"@id\":\"https:\/\/www.electroluxprofessional.com\/tr\/#website\",\"url\":\"https:\/\/www.electroluxprofessional.com\/tr\/\",\"name\":\"Electrolux Professional T\u00fcrkiye\",\"description\":\"\",\"potentialAction\":[{\"@type\":\"SearchAction\",\"target\":{\"@type\":\"EntryPoint\",\"urlTemplate\":\"https:\/\/www.electroluxprofessional.com\/tr\/?src={search_term_string}\"},\"query-input\":\"required name=search_term_string\"}],\"inLanguage\":\"tr\"}]}<\/script>\n<!-- \/ Yoast SEO plugin. -->","yoast_head_json":{"title":"Tekstil Laboratuvar Testleri i\u00e7in Y\u0131kama ve Kurutma Makineleri - Electrolux Professional T\u00fcrkiye","description":"Electrolux Professional, laboratuvar testleri i\u00e7in entegre bir sistemle t\u00fcm d\u00fcnyada y\u0131kama ve kurutma standartlar\u0131n\u0131 belirliyor.","robots":{"index":"index","follow":"follow","max-snippet":"max-snippet:-1","max-image-preview":"max-image-preview:large","max-video-preview":"max-video-preview:-1"},"canonical":"https:\/\/www.electroluxprofessional.com\/tr\/ticari-camasirhane-ekipmanlari\/tekstil-laboratuvar-testleri-icin-yikama-ve-kurutma-makineleri\/","og_locale":"tr_TR","og_type":"article","og_title":"Tekstil Laboratuvar Testleri i\u00e7in Y\u0131kama ve Kurutma Makineleri - Electrolux Professional T\u00fcrkiye","og_description":"Electrolux Professional, laboratuvar testleri i\u00e7in entegre bir sistemle t\u00fcm d\u00fcnyada y\u0131kama ve kurutma standartlar\u0131n\u0131 belirliyor.","og_url":"https:\/\/www.electroluxprofessional.com\/tr\/ticari-camasirhane-ekipmanlari\/tekstil-laboratuvar-testleri-icin-yikama-ve-kurutma-makineleri\/","og_site_name":"Electrolux Professional T\u00fcrkiye","article_modified_time":"2025-11-05T15:59:30+00:00","og_image":[{"width":581,"height":484,"url":"https:\/\/www.electroluxprofessional.com\/tr\/wp-content\/uploads\/2023\/05\/fom-machines-1.jpg","type":"image\/jpeg"}],"twitter_card":"summary_large_image","twitter_misc":{"Tahmini okuma s\u00fcresi":"2 dakika"},"schema":{"@context":"https:\/\/schema.org","@graph":[{"@type":"WebPage","@id":"https:\/\/www.electroluxprofessional.com\/tr\/ticari-camasirhane-ekipmanlari\/tekstil-laboratuvar-testleri-icin-yikama-ve-kurutma-makineleri\/","url":"https:\/\/www.electroluxprofessional.com\/tr\/ticari-camasirhane-ekipmanlari\/tekstil-laboratuvar-testleri-icin-yikama-ve-kurutma-makineleri\/","name":"Tekstil Laboratuvar Testleri i\u00e7in Y\u0131kama ve Kurutma Makineleri - Electrolux Professional T\u00fcrkiye","isPartOf":{"@id":"https:\/\/www.electroluxprofessional.com\/tr\/#website"},"primaryImageOfPage":{"@id":"https:\/\/www.electroluxprofessional.com\/tr\/ticari-camasirhane-ekipmanlari\/tekstil-laboratuvar-testleri-icin-yikama-ve-kurutma-makineleri\/#primaryimage"},"image":{"@id":"https:\/\/www.electroluxprofessional.com\/tr\/ticari-camasirhane-ekipmanlari\/tekstil-laboratuvar-testleri-icin-yikama-ve-kurutma-makineleri\/#primaryimage"},"thumbnailUrl":"https:\/\/www.electroluxprofessional.com\/tr\/wp-content\/uploads\/2023\/05\/fom-machines-1.jpg","datePublished":"2024-03-22T08:30:56+00:00","dateModified":"2025-11-05T15:59:30+00:00","description":"Electrolux Professional, laboratuvar testleri i\u00e7in entegre bir sistemle t\u00fcm d\u00fcnyada y\u0131kama ve kurutma standartlar\u0131n\u0131 belirliyor.","breadcrumb":{"@id":"https:\/\/www.electroluxprofessional.com\/tr\/ticari-camasirhane-ekipmanlari\/tekstil-laboratuvar-testleri-icin-yikama-ve-kurutma-makineleri\/#breadcrumb"},"inLanguage":"tr","potentialAction":[{"@type":"ReadAction","target":["https:\/\/www.electroluxprofessional.com\/tr\/ticari-camasirhane-ekipmanlari\/tekstil-laboratuvar-testleri-icin-yikama-ve-kurutma-makineleri\/"]}]},{"@type":"ImageObject","inLanguage":"tr","@id":"https:\/\/www.electroluxprofessional.com\/tr\/ticari-camasirhane-ekipmanlari\/tekstil-laboratuvar-testleri-icin-yikama-ve-kurutma-makineleri\/#primaryimage","url":"https:\/\/www.electroluxprofessional.com\/tr\/wp-content\/uploads\/2023\/05\/fom-machines-1.jpg","contentUrl":"https:\/\/www.electroluxprofessional.com\/tr\/wp-content\/uploads\/2023\/05\/fom-machines-1.jpg","width":581,"height":484,"caption":"fom-machines"},{"@type":"BreadcrumbList","@id":"https:\/\/www.electroluxprofessional.com\/tr\/ticari-camasirhane-ekipmanlari\/tekstil-laboratuvar-testleri-icin-yikama-ve-kurutma-makineleri\/#breadcrumb","itemListElement":[{"@type":"ListItem","position":1,"name":"Home","item":"https:\/\/www.electroluxprofessional.com\/tr\/"},{"@type":"ListItem","position":2,"name":"\u00c7ama\u015f\u0131rhane","item":"https:\/\/www.electroluxprofessional.com\/tr\/ticari-camasirhane-ekipmanlari\/"},{"@type":"ListItem","position":3,"name":"Tekstil Laboratuvar Testleri i\u00e7in Y\u0131kama ve Kurutma Makineleri"}]},{"@type":"WebSite","@id":"https:\/\/www.electroluxprofessional.com\/tr\/#website","url":"https:\/\/www.electroluxprofessional.com\/tr\/","name":"Electrolux Professional T\u00fcrkiye","description":"","potentialAction":[{"@type":"SearchAction","target":{"@type":"EntryPoint","urlTemplate":"https:\/\/www.electroluxprofessional.com\/tr\/?src={search_term_string}"},"query-input":"required name=search_term_string"}],"inLanguage":"tr"}]}},"_links":{"self":[{"href":"https:\/\/www.electroluxprofessional.com\/tr\/wp-json\/wp\/v2\/pages\/17773"}],"collection":[{"href":"https:\/\/www.electroluxprofessional.com\/tr\/wp-json\/wp\/v2\/pages"}],"about":[{"href":"https:\/\/www.electroluxprofessional.com\/tr\/wp-json\/wp\/v2\/types\/page"}],"author":[{"embeddable":true,"href":"https:\/\/www.electroluxprofessional.com\/tr\/wp-json\/wp\/v2\/users\/40"}],"replies":[{"embeddable":true,"href":"https:\/\/www.electroluxprofessional.com\/tr\/wp-json\/wp\/v2\/comments?post=17773"}],"version-history":[{"count":13,"href":"https:\/\/www.electroluxprofessional.com\/tr\/wp-json\/wp\/v2\/pages\/17773\/revisions"}],"predecessor-version":[{"id":22953,"href":"https:\/\/www.electroluxprofessional.com\/tr\/wp-json\/wp\/v2\/pages\/17773\/revisions\/22953"}],"up":[{"embeddable":true,"href":"https:\/\/www.electroluxprofessional.com\/tr\/wp-json\/wp\/v2\/pages\/2006"}],"wp:featuredmedia":[{"embeddable":true,"href":"https:\/\/www.electroluxprofessional.com\/tr\/wp-json\/wp\/v2\/media\/16118"}],"wp:attachment":[{"href":"https:\/\/www.electroluxprofessional.com\/tr\/wp-json\/wp\/v2\/media?parent=17773"}],"curies":[{"name":"wp","href":"https:\/\/api.w.org\/{rel}","templated":true}]}}