{"id":17582,"date":"2024-02-07T21:09:09","date_gmt":"2024-02-07T21:09:09","guid":{"rendered":"https:\/\/www.electroluxprofessional.com\/tr\/?page_id=17582"},"modified":"2025-11-05T15:50:46","modified_gmt":"2025-11-05T15:50:46","slug":"aksesuarlar-ve-sarf-malzemeler-koruma","status":"publish","type":"page","link":"https:\/\/www.electroluxprofessional.com\/tr\/aksesuarlar-sarf-malzemeleri\/aksesuarlar-ve-sarf-malzemeler-koruma\/","title":{"rendered":"Aksesuarlar ve Sarf Malzemeleri &#8211; So\u011futucular"},"content":{"rendered":"<p>[vc_row full_width=&#8221;electroluxpro-full-width-no-padding&#8221;][vc_column css=&#8221;.vc_custom_1618358802266{margin-top: -40px !important;border-top-width: -40px !important;padding-top: -40px !important;}&#8221;][elx_full_banner title=&#8221;So\u011futucular i\u00e7in Aksesuarlar ve Sarf Malzemeleri&#8221; set_as_h1=&#8221;true&#8221; background_image_media_library=&#8221;15207&#8243; background_image_media_library_mobile=&#8221;17580&#8243; link=&#8221;url:%23contact|title:Daha%20fazla%20bilgi%20edinin&#8221;][vc_row_inner full_width=&#8221;electroluxpro-full-width&#8221; gap=&#8221;15&#8243;][vc_column_inner width=&#8221;1\/4&#8243;][elx_download_block text=&#8221;Accessories for protection, sanitizing and cleaning catalogue&#8221; document_type=&#8221;cat&#8221; file_picker=&#8221;24892&#8243; background_color=&#8221;electrolux-blue&#8221; background_hover_color=&#8221;lighter-hover&#8221; ca_document_number=&#8221;CAT10&#8243;][\/vc_column_inner][vc_column_inner width=&#8221;1\/4&#8243;][elx_download_block text=&#8221;Genuine Replacement Parts, Accessories &amp; Consumables catalogue&#8221; document_type=&#8221;cat&#8221; file_picker=&#8221;24892&#8243; background_color=&#8221;electrolux-blue&#8221; background_hover_color=&#8221;lighter-hover&#8221; ca_document_number=&#8221;CAT19&#8243;][\/vc_column_inner][vc_column_inner width=&#8221;1\/4&#8243;][elx_download_block text=&#8221;Spare Part Kits catalogue&#8221; document_type=&#8221;cat&#8221; file_picker=&#8221;24892&#8243; background_color=&#8221;electrolux-blue&#8221; background_hover_color=&#8221;lighter-hover&#8221; ca_document_number=&#8221;CAT9&#8243;][\/vc_column_inner][vc_column_inner width=&#8221;1\/4&#8243;][elx_download_block text=&#8221;Professional cleaning detergents Selection Guide&#8221; file_picker=&#8221;47320&#8243; background_color=&#8221;electrolux-blue&#8221;][\/vc_column_inner][\/vc_row_inner][\/vc_column][\/vc_row][vc_row][vc_column][elx_menu][vc_row_inner][vc_column_inner][vc_empty_space][vc_column_text]<\/p>\n<h3>Yiyecekleri muhafaza ederken, do\u011fru ve verimli \u00e7al\u0131\u015fma i\u00e7in uygun buzdolab\u0131 aksesuarlar\u0131n\u0131 se\u00e7in.<\/h3>\n<p>[\/vc_column_text][vc_empty_space][\/vc_column_inner][\/vc_row_inner][vc_row_inner][vc_column_inner width=&#8221;1\/3&#8243;][vc_single_image image=&#8221;17574&#8243; img_size=&#8221;full&#8221; alignment=&#8221;center&#8221;][vc_empty_space][\/vc_column_inner][vc_column_inner width=&#8221;1\/3&#8243;][vc_single_image image=&#8221;17575&#8243; img_size=&#8221;full&#8221; alignment=&#8221;center&#8221;][vc_empty_space][\/vc_column_inner][vc_column_inner width=&#8221;1\/3&#8243;][vc_single_image image=&#8221;17576&#8243; alignment=&#8221;center&#8221;][vc_empty_space][\/vc_column_inner][\/vc_row_inner][vc_row_inner][vc_column_inner width=&#8221;1\/3&#8243;][elx_heading text_color=&#8221;inherit&#8221;]Izgara seti[\/elx_heading][vc_column_text]Gri Rilsan Izgara, 2 k\u0131za\u011f\u0131 sayesinde tencerelerin kolayca istiflenmesini ve d\u00fczenlenmesini sa\u011flar.[\/vc_column_text][vc_empty_space][\/vc_column_inner][vc_column_inner width=&#8221;1\/3&#8243;][elx_heading text_color=&#8221;inherit&#8221;]Tel sepet[\/elx_heading][vc_column_text]Tel sepet, \u00fcretkenli\u011fi art\u0131racak ve depolanan veya ta\u015f\u0131nan \u00fcr\u00fcnlerin kalitesini ve g\u00fcvenli\u011fini sa\u011flayacakt\u0131r.[\/vc_column_text][vc_empty_space][\/vc_column_inner][vc_column_inner width=&#8221;1\/3&#8243;][elx_heading text_color=&#8221;inherit&#8221;]Plastik kap[\/elx_heading][vc_column_text]\u015eeffaf polikarbonattan \u00fcretilmi\u015f GN 1\/1 i\u00e7in delikli dip s\u00fczgeci olan plastik kap \u00e7ok y\u00f6nl\u00fc ve dayan\u0131kl\u0131d\u0131r.[\/vc_column_text][vc_empty_space][\/vc_column_inner][\/vc_row_inner][vc_row_inner][vc_column_inner width=&#8221;1\/3&#8243;][elx_shop_now button_text=&#8221;\u015e\u0130MD\u0130 SATIN ALIN&#8221; button_display_block=&#8221;display_block_on&#8221; button_alignment=&#8221;align_center&#8221; button_link=&#8221;url:https%3A%2F%2Fbuy.electroluxprofessional.com%2Felectrolux-professional%2Felx097643|target:_blank&#8221;][vc_empty_space height=&#8221;60px&#8221;][\/vc_column_inner][vc_column_inner width=&#8221;1\/3&#8243;][elx_shop_now button_text=&#8221;\u015e\u0130MD\u0130 SATIN ALIN&#8221; button_display_block=&#8221;display_block_on&#8221; button_alignment=&#8221;align_center&#8221; button_link=&#8221;url:https%3A%2F%2Fbuy.electroluxprofessional.com%2Felectrolux-professional%2Felx082794|target:_blank&#8221;][vc_empty_space height=&#8221;60px&#8221;][\/vc_column_inner][vc_column_inner width=&#8221;1\/3&#8243;][elx_shop_now button_text=&#8221;\u015e\u0130MD\u0130 SATIN ALIN&#8221; button_display_block=&#8221;display_block_on&#8221; button_alignment=&#8221;align_center&#8221; button_link=&#8221;url:https%3A%2F%2Fbuy.electroluxprofessional.com%2Felectrolux-professional%2Felx097641|target:_blank&#8221;][vc_empty_space height=&#8221;60px&#8221;][\/vc_column_inner][\/vc_row_inner][vc_row_inner][vc_column_inner width=&#8221;1\/3&#8243;][vc_single_image image=&#8221;17577&#8243; img_size=&#8221;full&#8221; alignment=&#8221;center&#8221;][vc_empty_space][\/vc_column_inner][vc_column_inner width=&#8221;1\/3&#8243;][vc_single_image image=&#8221;17578&#8243; img_size=&#8221;full&#8221; alignment=&#8221;center&#8221;][vc_empty_space][\/vc_column_inner][vc_column_inner width=&#8221;1\/3&#8243;][vc_single_image image=&#8221;17579&#8243; img_size=&#8221;full&#8221; alignment=&#8221;center&#8221;][vc_empty_space][\/vc_column_inner][\/vc_row_inner][vc_row_inner][vc_column_inner width=&#8221;1\/3&#8243;][elx_heading text_color=&#8221;inherit&#8221;]Tekerlekler[\/elx_heading][vc_column_text]4 d\u00f6ner tekerlek, e\u015fyalar\u0131n\u0131z\u0131n verimli ve g\u00fcvenli bir \u015fekilde hareket etmesini sa\u011flayarak \u00e7al\u0131\u015fma alan\u0131n\u0131z\u0131n veya ortam\u0131n\u0131z\u0131n i\u015flevselli\u011fini ve d\u00fczenini iyile\u015ftirir.[\/vc_column_text][vc_empty_space][\/vc_column_inner][vc_column_inner width=&#8221;1\/3&#8243;][elx_heading text_color=&#8221;inherit&#8221;]Servis arabas\u0131 tepsi raf\u0131[\/elx_heading][vc_column_text]Servis arabas\u0131 tepsi raf\u0131 20 GN 2\/1, iyi d\u00fczenlenmi\u015f ve verimli bir mutfak ortam\u0131na katk\u0131da bulunarak sorunsuz \u00e7al\u0131\u015fman\u0131z\u0131 ve tepsi depolama alan\u0131n\u0131z\u0131n en iyi \u015fekilde kullan\u0131lmas\u0131n\u0131 sa\u011flar.[\/vc_column_text][vc_empty_space][\/vc_column_inner][vc_column_inner width=&#8221;1\/3&#8243;][elx_heading text_color=&#8221;inherit&#8221;]Vakum Paketleme Torbalar\u0131[\/elx_heading][vc_column_text]Vakum paketleme aksesuarlar\u0131, vakumlu pi\u015firme yapmak i\u00e7in gereklidir ve yiyecekleri nem ve havan\u0131n zararl\u0131 etkilerinden koruyarak saklamak i\u00e7in faydal\u0131d\u0131r.[\/vc_column_text][vc_empty_space][\/vc_column_inner][\/vc_row_inner][vc_row_inner][vc_column_inner width=&#8221;1\/3&#8243;][elx_shop_now button_text=&#8221;\u015e\u0130MD\u0130 SATIN ALIN&#8221; button_display_block=&#8221;display_block_on&#8221; button_alignment=&#8221;align_center&#8221; button_link=&#8221;url:https%3A%2F%2Fbuy.electroluxprofessional.com%2Felectrolux-professional%2Felx0s2633|target:_blank&#8221;][vc_empty_space][\/vc_column_inner][vc_column_inner width=&#8221;1\/3&#8243;][elx_shop_now button_text=&#8221;\u015e\u0130MD\u0130 SATIN ALIN&#8221; button_display_block=&#8221;display_block_on&#8221; button_alignment=&#8221;align_center&#8221; button_link=&#8221;url:https%3A%2F%2Fbuy.electroluxprofessional.com%2Felectrolux-professional%2Felx097642|target:_blank&#8221;][vc_empty_space][\/vc_column_inner][vc_column_inner width=&#8221;1\/3&#8243;][elx_shop_now button_text=&#8221;\u015e\u0130MD\u0130 SATIN ALIN&#8221; button_display_block=&#8221;display_block_on&#8221; button_alignment=&#8221;align_center&#8221; button_link=&#8221;url:https%3A%2F%2Fbuy.electroluxprofessional.com%2Felectrolux-professional%2Ffood-preparation-equipment-parts%2Fvacuum-machine-parts%2Fparts|target:_blank&#8221;][vc_empty_space][\/vc_column_inner][\/vc_row_inner][vc_empty_space][\/vc_column][\/vc_row][vc_row][vc_column][elx_double_banner text_colors_1=&#8221;text-blue&#8221; text_colors_2=&#8221;text-blue&#8221; title_1=&#8221;So\u011futucular&#8221; title_2=&#8221;Tezgah Tip So\u011futucular&#8221; link_1=&#8221;url:https%3A%2F%2Fwww.electroluxprofessional.com%2Ftr%2Fticari-mutfak-ekipmanlari%2Fbuzdolaplari-ve-dondurucular%2F|title:Ke%C5%9Ffedin&#8221; background_image_media_library_1=&#8221;15620&#8243; link_2=&#8221;url:https%3A%2F%2Fwww.electroluxprofessional.com%2Ftr%2Fticari-mutfak-ekipmanlari%2Ftezgah-tipi-sogutucular%2F|title:Ke%C5%9Ffedin&#8221; background_image_media_library_2=&#8221;15209&#8243; background_image_media_library_mobile_2=&#8221;17581&#8243;][vc_empty_space][vc_empty_space][elx_shop_now button_text=&#8221;\u015e\u0130MD\u0130 SATIN ALIN&#8221; button_display_block=&#8221;display_block_on&#8221; button_alignment=&#8221;align_center&#8221; button_link=&#8221;url:https%3A%2F%2Fbuy.electroluxprofessional.com%2Felectrolux-professional%2Frefrigeration-parts%2Fparts|target:_blank&#8221;][vc_empty_space][\/vc_column][\/vc_row][vc_row el_id=&#8221;contact&#8221;][vc_column][vc_empty_space][elx_heading font_container=&#8221;h3&#8243; text_color=&#8221;inherit&#8221;]So\u011futucu ekipmanlar\u0131n\u0131z\u0131 nas\u0131l ki\u015fiselle\u015ftirece\u011finizi ke\u015ffedin[\/elx_heading][elx_o2000_contact_us s=&#8221;Aksesuarlar ve sarf malzemeleri hakk\u0131nda bilgi talebi.&#8221; container=&#8221;elxcontactus1484306106&#8243; r=&#8221;So\u011futucular i\u00e7in aksesuarlar ve sarf malzemeleri hakk\u0131nda daha fazla bilgi edinmek istiyorum. L\u00fctfen benimle ileti\u015fime ge\u00e7iniz.&#8221;][\/vc_column][\/vc_row]<\/p>\n","protected":false},"excerpt":{"rendered":"<p>[vc_row full_width=&#8221;electroluxpro-full-width-no-padding&#8221;][vc_column css=&#8221;.vc_custom_1618358802266{margin-top: -40px !important;border-top-width: -40px !important;padding-top: -40px !important;}&#8221;][elx_full_banner title=&#8221;So\u011futucular i\u00e7in Aksesuarlar ve Sarf Malzemeleri&#8221; set_as_h1=&#8221;true&#8221; background_image_media_library=&#8221;15207&#8243; background_image_media_library_mobile=&#8221;17580&#8243; link=&#8221;url:%23contact|title:Daha%20fazla%20bilgi%20edinin&#8221;][vc_row_inner full_width=&#8221;electroluxpro-full-width&#8221; gap=&#8221;15&#8243;][vc_column_inner width=&#8221;1\/4&#8243;][elx_download_block text=&#8221;Accessories for protection, sanitizing and cleaning catalogue&#8221; document_type=&#8221;cat&#8221; file_picker=&#8221;24892&#8243; background_color=&#8221;electrolux-blue&#8221; background_hover_color=&#8221;lighter-hover&#8221; ca_document_number=&#8221;CAT10&#8243;][\/vc_column_inner][vc_column_inner width=&#8221;1\/4&#8243;][elx_download_block text=&#8221;Genuine Replacement Parts, Accessories &amp; Consumables catalogue&#8221; document_type=&#8221;cat&#8221; file_picker=&#8221;24892&#8243; background_color=&#8221;electrolux-blue&#8221; background_hover_color=&#8221;lighter-hover&#8221; ca_document_number=&#8221;CAT19&#8243;][\/vc_column_inner][vc_column_inner width=&#8221;1\/4&#8243;][elx_download_block text=&#8221;Spare Part Kits catalogue&#8221; document_type=&#8221;cat&#8221; file_picker=&#8221;24892&#8243; background_color=&#8221;electrolux-blue&#8221; [&hellip;]<\/p>\n","protected":false},"author":40,"featured_media":15207,"parent":1371,"menu_order":0,"comment_status":"closed","ping_status":"closed","template":"","meta":{"footnotes":""},"class_list":["post-17582","page","type-page","status-publish","has-post-thumbnail","hentry"],"acf":[],"yoast_head":"<!-- This site is optimized with the Yoast SEO plugin v23.3 - https:\/\/yoast.com\/wordpress\/plugins\/seo\/ -->\n<title>Aksesuarlar ve Sarf Malzemeleri - So\u011futucular - Electrolux Professional T\u00fcrkiye<\/title>\n<meta name=\"description\" content=\"Yiyecekleri korumak i\u00e7in aksesuarlar ve sarf malzemeleri mutfa\u011f\u0131n\u0131zda en b\u00fcy\u00fck yard\u0131mc\u0131n\u0131zd\u0131r. So\u011futma ekipman\u0131n\u0131za uygun aksesuar\u0131 se\u00e7in.\" \/>\n<meta name=\"robots\" content=\"index, follow, max-snippet:-1, max-image-preview:large, max-video-preview:-1\" \/>\n<link rel=\"canonical\" href=\"https:\/\/www.electroluxprofessional.com\/tr\/aksesuarlar-sarf-malzemeleri\/aksesuarlar-ve-sarf-malzemeler-koruma\/\" \/>\n<meta property=\"og:locale\" content=\"tr_TR\" \/>\n<meta property=\"og:type\" content=\"article\" \/>\n<meta property=\"og:title\" content=\"Aksesuarlar ve Sarf Malzemeleri - So\u011futucular - Electrolux Professional T\u00fcrkiye\" \/>\n<meta property=\"og:description\" content=\"Yiyecekleri korumak i\u00e7in aksesuarlar ve sarf malzemeleri mutfa\u011f\u0131n\u0131zda en b\u00fcy\u00fck yard\u0131mc\u0131n\u0131zd\u0131r. So\u011futma ekipman\u0131n\u0131za uygun aksesuar\u0131 se\u00e7in.\" \/>\n<meta property=\"og:url\" content=\"https:\/\/www.electroluxprofessional.com\/tr\/aksesuarlar-sarf-malzemeleri\/aksesuarlar-ve-sarf-malzemeler-koruma\/\" \/>\n<meta property=\"og:site_name\" content=\"Electrolux Professional T\u00fcrkiye\" \/>\n<meta property=\"article:modified_time\" content=\"2025-11-05T15:50:46+00:00\" \/>\n<meta property=\"og:image\" content=\"https:\/\/www.electroluxprofessional.com\/tr\/wp-content\/uploads\/2023\/02\/banner12312.jpg\" \/>\n\t<meta property=\"og:image:width\" content=\"1920\" \/>\n\t<meta property=\"og:image:height\" content=\"581\" \/>\n\t<meta property=\"og:image:type\" content=\"image\/jpeg\" \/>\n<meta name=\"twitter:card\" content=\"summary_large_image\" \/>\n<meta name=\"twitter:label1\" content=\"Tahmini okuma s\u00fcresi\" \/>\n\t<meta name=\"twitter:data1\" content=\"3 dakika\" \/>\n<script type=\"application\/ld+json\" class=\"yoast-schema-graph\">{\"@context\":\"https:\/\/schema.org\",\"@graph\":[{\"@type\":\"WebPage\",\"@id\":\"https:\/\/www.electroluxprofessional.com\/tr\/aksesuarlar-sarf-malzemeleri\/aksesuarlar-ve-sarf-malzemeler-koruma\/\",\"url\":\"https:\/\/www.electroluxprofessional.com\/tr\/aksesuarlar-sarf-malzemeleri\/aksesuarlar-ve-sarf-malzemeler-koruma\/\",\"name\":\"Aksesuarlar ve Sarf Malzemeleri - So\u011futucular - Electrolux Professional T\u00fcrkiye\",\"isPartOf\":{\"@id\":\"https:\/\/www.electroluxprofessional.com\/tr\/#website\"},\"primaryImageOfPage\":{\"@id\":\"https:\/\/www.electroluxprofessional.com\/tr\/aksesuarlar-sarf-malzemeleri\/aksesuarlar-ve-sarf-malzemeler-koruma\/#primaryimage\"},\"image\":{\"@id\":\"https:\/\/www.electroluxprofessional.com\/tr\/aksesuarlar-sarf-malzemeleri\/aksesuarlar-ve-sarf-malzemeler-koruma\/#primaryimage\"},\"thumbnailUrl\":\"https:\/\/www.electroluxprofessional.com\/tr\/wp-content\/uploads\/2023\/02\/banner12312.jpg\",\"datePublished\":\"2024-02-07T21:09:09+00:00\",\"dateModified\":\"2025-11-05T15:50:46+00:00\",\"description\":\"Yiyecekleri korumak i\u00e7in aksesuarlar ve sarf malzemeleri mutfa\u011f\u0131n\u0131zda en b\u00fcy\u00fck yard\u0131mc\u0131n\u0131zd\u0131r. So\u011futma ekipman\u0131n\u0131za uygun aksesuar\u0131 se\u00e7in.\",\"breadcrumb\":{\"@id\":\"https:\/\/www.electroluxprofessional.com\/tr\/aksesuarlar-sarf-malzemeleri\/aksesuarlar-ve-sarf-malzemeler-koruma\/#breadcrumb\"},\"inLanguage\":\"tr\",\"potentialAction\":[{\"@type\":\"ReadAction\",\"target\":[\"https:\/\/www.electroluxprofessional.com\/tr\/aksesuarlar-sarf-malzemeleri\/aksesuarlar-ve-sarf-malzemeler-koruma\/\"]}]},{\"@type\":\"ImageObject\",\"inLanguage\":\"tr\",\"@id\":\"https:\/\/www.electroluxprofessional.com\/tr\/aksesuarlar-sarf-malzemeleri\/aksesuarlar-ve-sarf-malzemeler-koruma\/#primaryimage\",\"url\":\"https:\/\/www.electroluxprofessional.com\/tr\/wp-content\/uploads\/2023\/02\/banner12312.jpg\",\"contentUrl\":\"https:\/\/www.electroluxprofessional.com\/tr\/wp-content\/uploads\/2023\/02\/banner12312.jpg\",\"width\":1920,\"height\":581,\"caption\":\"banner12312\"},{\"@type\":\"BreadcrumbList\",\"@id\":\"https:\/\/www.electroluxprofessional.com\/tr\/aksesuarlar-sarf-malzemeleri\/aksesuarlar-ve-sarf-malzemeler-koruma\/#breadcrumb\",\"itemListElement\":[{\"@type\":\"ListItem\",\"position\":1,\"name\":\"Home\",\"item\":\"https:\/\/www.electroluxprofessional.com\/tr\/\"},{\"@type\":\"ListItem\",\"position\":2,\"name\":\"Aksesuarlar ve Sarf Malzemeleri\",\"item\":\"https:\/\/www.electroluxprofessional.com\/tr\/aksesuarlar-sarf-malzemeleri\/\"},{\"@type\":\"ListItem\",\"position\":3,\"name\":\"Aksesuarlar ve Sarf Malzemeleri &#8211; So\u011futucular\"}]},{\"@type\":\"WebSite\",\"@id\":\"https:\/\/www.electroluxprofessional.com\/tr\/#website\",\"url\":\"https:\/\/www.electroluxprofessional.com\/tr\/\",\"name\":\"Electrolux Professional T\u00fcrkiye\",\"description\":\"\",\"potentialAction\":[{\"@type\":\"SearchAction\",\"target\":{\"@type\":\"EntryPoint\",\"urlTemplate\":\"https:\/\/www.electroluxprofessional.com\/tr\/?src={search_term_string}\"},\"query-input\":\"required name=search_term_string\"}],\"inLanguage\":\"tr\"}]}<\/script>\n<!-- \/ Yoast SEO plugin. -->","yoast_head_json":{"title":"Aksesuarlar ve Sarf Malzemeleri - So\u011futucular - Electrolux Professional T\u00fcrkiye","description":"Yiyecekleri korumak i\u00e7in aksesuarlar ve sarf malzemeleri mutfa\u011f\u0131n\u0131zda en b\u00fcy\u00fck yard\u0131mc\u0131n\u0131zd\u0131r. So\u011futma ekipman\u0131n\u0131za uygun aksesuar\u0131 se\u00e7in.","robots":{"index":"index","follow":"follow","max-snippet":"max-snippet:-1","max-image-preview":"max-image-preview:large","max-video-preview":"max-video-preview:-1"},"canonical":"https:\/\/www.electroluxprofessional.com\/tr\/aksesuarlar-sarf-malzemeleri\/aksesuarlar-ve-sarf-malzemeler-koruma\/","og_locale":"tr_TR","og_type":"article","og_title":"Aksesuarlar ve Sarf Malzemeleri - So\u011futucular - Electrolux Professional T\u00fcrkiye","og_description":"Yiyecekleri korumak i\u00e7in aksesuarlar ve sarf malzemeleri mutfa\u011f\u0131n\u0131zda en b\u00fcy\u00fck yard\u0131mc\u0131n\u0131zd\u0131r. So\u011futma ekipman\u0131n\u0131za uygun aksesuar\u0131 se\u00e7in.","og_url":"https:\/\/www.electroluxprofessional.com\/tr\/aksesuarlar-sarf-malzemeleri\/aksesuarlar-ve-sarf-malzemeler-koruma\/","og_site_name":"Electrolux Professional T\u00fcrkiye","article_modified_time":"2025-11-05T15:50:46+00:00","og_image":[{"width":1920,"height":581,"url":"https:\/\/www.electroluxprofessional.com\/tr\/wp-content\/uploads\/2023\/02\/banner12312.jpg","type":"image\/jpeg"}],"twitter_card":"summary_large_image","twitter_misc":{"Tahmini okuma s\u00fcresi":"3 dakika"},"schema":{"@context":"https:\/\/schema.org","@graph":[{"@type":"WebPage","@id":"https:\/\/www.electroluxprofessional.com\/tr\/aksesuarlar-sarf-malzemeleri\/aksesuarlar-ve-sarf-malzemeler-koruma\/","url":"https:\/\/www.electroluxprofessional.com\/tr\/aksesuarlar-sarf-malzemeleri\/aksesuarlar-ve-sarf-malzemeler-koruma\/","name":"Aksesuarlar ve Sarf Malzemeleri - So\u011futucular - Electrolux Professional T\u00fcrkiye","isPartOf":{"@id":"https:\/\/www.electroluxprofessional.com\/tr\/#website"},"primaryImageOfPage":{"@id":"https:\/\/www.electroluxprofessional.com\/tr\/aksesuarlar-sarf-malzemeleri\/aksesuarlar-ve-sarf-malzemeler-koruma\/#primaryimage"},"image":{"@id":"https:\/\/www.electroluxprofessional.com\/tr\/aksesuarlar-sarf-malzemeleri\/aksesuarlar-ve-sarf-malzemeler-koruma\/#primaryimage"},"thumbnailUrl":"https:\/\/www.electroluxprofessional.com\/tr\/wp-content\/uploads\/2023\/02\/banner12312.jpg","datePublished":"2024-02-07T21:09:09+00:00","dateModified":"2025-11-05T15:50:46+00:00","description":"Yiyecekleri korumak i\u00e7in aksesuarlar ve sarf malzemeleri mutfa\u011f\u0131n\u0131zda en b\u00fcy\u00fck yard\u0131mc\u0131n\u0131zd\u0131r. So\u011futma ekipman\u0131n\u0131za uygun aksesuar\u0131 se\u00e7in.","breadcrumb":{"@id":"https:\/\/www.electroluxprofessional.com\/tr\/aksesuarlar-sarf-malzemeleri\/aksesuarlar-ve-sarf-malzemeler-koruma\/#breadcrumb"},"inLanguage":"tr","potentialAction":[{"@type":"ReadAction","target":["https:\/\/www.electroluxprofessional.com\/tr\/aksesuarlar-sarf-malzemeleri\/aksesuarlar-ve-sarf-malzemeler-koruma\/"]}]},{"@type":"ImageObject","inLanguage":"tr","@id":"https:\/\/www.electroluxprofessional.com\/tr\/aksesuarlar-sarf-malzemeleri\/aksesuarlar-ve-sarf-malzemeler-koruma\/#primaryimage","url":"https:\/\/www.electroluxprofessional.com\/tr\/wp-content\/uploads\/2023\/02\/banner12312.jpg","contentUrl":"https:\/\/www.electroluxprofessional.com\/tr\/wp-content\/uploads\/2023\/02\/banner12312.jpg","width":1920,"height":581,"caption":"banner12312"},{"@type":"BreadcrumbList","@id":"https:\/\/www.electroluxprofessional.com\/tr\/aksesuarlar-sarf-malzemeleri\/aksesuarlar-ve-sarf-malzemeler-koruma\/#breadcrumb","itemListElement":[{"@type":"ListItem","position":1,"name":"Home","item":"https:\/\/www.electroluxprofessional.com\/tr\/"},{"@type":"ListItem","position":2,"name":"Aksesuarlar ve Sarf Malzemeleri","item":"https:\/\/www.electroluxprofessional.com\/tr\/aksesuarlar-sarf-malzemeleri\/"},{"@type":"ListItem","position":3,"name":"Aksesuarlar ve Sarf Malzemeleri &#8211; So\u011futucular"}]},{"@type":"WebSite","@id":"https:\/\/www.electroluxprofessional.com\/tr\/#website","url":"https:\/\/www.electroluxprofessional.com\/tr\/","name":"Electrolux Professional T\u00fcrkiye","description":"","potentialAction":[{"@type":"SearchAction","target":{"@type":"EntryPoint","urlTemplate":"https:\/\/www.electroluxprofessional.com\/tr\/?src={search_term_string}"},"query-input":"required name=search_term_string"}],"inLanguage":"tr"}]}},"_links":{"self":[{"href":"https:\/\/www.electroluxprofessional.com\/tr\/wp-json\/wp\/v2\/pages\/17582"}],"collection":[{"href":"https:\/\/www.electroluxprofessional.com\/tr\/wp-json\/wp\/v2\/pages"}],"about":[{"href":"https:\/\/www.electroluxprofessional.com\/tr\/wp-json\/wp\/v2\/types\/page"}],"author":[{"embeddable":true,"href":"https:\/\/www.electroluxprofessional.com\/tr\/wp-json\/wp\/v2\/users\/40"}],"replies":[{"embeddable":true,"href":"https:\/\/www.electroluxprofessional.com\/tr\/wp-json\/wp\/v2\/comments?post=17582"}],"version-history":[{"count":11,"href":"https:\/\/www.electroluxprofessional.com\/tr\/wp-json\/wp\/v2\/pages\/17582\/revisions"}],"predecessor-version":[{"id":22928,"href":"https:\/\/www.electroluxprofessional.com\/tr\/wp-json\/wp\/v2\/pages\/17582\/revisions\/22928"}],"up":[{"embeddable":true,"href":"https:\/\/www.electroluxprofessional.com\/tr\/wp-json\/wp\/v2\/pages\/1371"}],"wp:featuredmedia":[{"embeddable":true,"href":"https:\/\/www.electroluxprofessional.com\/tr\/wp-json\/wp\/v2\/media\/15207"}],"wp:attachment":[{"href":"https:\/\/www.electroluxprofessional.com\/tr\/wp-json\/wp\/v2\/media?parent=17582"}],"curies":[{"name":"wp","href":"https:\/\/api.w.org\/{rel}","templated":true}]}}