{"id":1735,"date":"2016-12-21T14:03:19","date_gmt":"2016-12-21T14:03:19","guid":{"rendered":"https:\/\/www.electroluxprofessional.com\/?page_id=7787"},"modified":"2025-08-28T09:18:28","modified_gmt":"2025-08-28T09:18:28","slug":"seminerler","status":"publish","type":"page","link":"https:\/\/www.electroluxprofessional.com\/tr\/sefin-dunyasi\/seminerler\/","title":{"rendered":"Electrolux Professional Seminerleri"},"content":{"rendered":"<p>[vc_row full_width=&#8221;electroluxpro-full-width-no-padding&#8221;][vc_column][elx_image_block background_image=&#8221;10576&#8243; minimum_height=&#8221;350px&#8221;][\/vc_column][\/vc_row][vc_row][vc_column][vc_empty_space][elx_heading font_container=&#8221;h1&#8243; font_size=&#8221;h3&#8243; text_color=&#8221;inherit&#8221;]Electrolux Professional Seminerleri[\/elx_heading][vc_column_text]Electrolux Professional Showroom\u2019umuzda veya web demo olarak ger\u00e7ekle\u015ftirece\u011fimiz Electrolux Professional mutfak seminerlerimizden size uygun olan demoyu ve tarihi se\u00e7ebilirsiniz.[\/vc_column_text][vc_empty_space height=&#8221;15px&#8221;][vc_row_inner content_placement=&#8221;middle&#8221; matched_labels=&#8221;&#8221;][vc_column_inner][vc_empty_space height=&#8221;15px&#8221;][elx_heading text_color=&#8221;inherit&#8221;]\u015eu anda mevcut seminer bulunmamaktad\u0131r.[\/elx_heading][vc_empty_space][\/vc_column_inner][\/vc_row_inner][\/vc_column][\/vc_row][vc_row][vc_column][vc_empty_space][\/vc_column][\/vc_row]<\/p>\n","protected":false},"excerpt":{"rendered":"<p>[vc_row full_width=&#8221;electroluxpro-full-width-no-padding&#8221;][vc_column][elx_image_block background_image=&#8221;10576&#8243; minimum_height=&#8221;350px&#8221;][\/vc_column][\/vc_row][vc_row][vc_column][vc_empty_space][elx_heading font_container=&#8221;h1&#8243; font_size=&#8221;h3&#8243; text_color=&#8221;inherit&#8221;]Electrolux Professional Seminerleri[\/elx_heading][vc_column_text]Electrolux Professional Showroom\u2019umuzda veya web demo olarak ger\u00e7ekle\u015ftirece\u011fimiz Electrolux Professional mutfak seminerlerimizden size uygun olan demoyu ve tarihi se\u00e7ebilirsiniz.[\/vc_column_text][vc_empty_space height=&#8221;15px&#8221;][vc_row_inner content_placement=&#8221;middle&#8221; matched_labels=&#8221;&#8221;][vc_column_inner][vc_empty_space height=&#8221;15px&#8221;][elx_heading text_color=&#8221;inherit&#8221;]\u015eu anda mevcut seminer bulunmamaktad\u0131r.[\/elx_heading][vc_empty_space][\/vc_column_inner][\/vc_row_inner][\/vc_column][\/vc_row][vc_row][vc_column][vc_empty_space][\/vc_column][\/vc_row]<\/p>\n","protected":false},"author":3,"featured_media":10576,"parent":1152,"menu_order":0,"comment_status":"closed","ping_status":"closed","template":"template-seminars.php","meta":{"footnotes":""},"class_list":["post-1735","page","type-page","status-publish","has-post-thumbnail","hentry"],"acf":[],"yoast_head":"<!-- This site is optimized with the Yoast SEO plugin v23.3 - https:\/\/yoast.com\/wordpress\/plugins\/seo\/ -->\n<title>Electrolux Professional Seminerleri ve \u00d6zel Demolar<\/title>\n<meta name=\"description\" content=\"Electrolux Professional Showroom\u2019umuzda ve ekipmanlar\u0131m\u0131z\u0131 tercih eden i\u015fletmelerde ger\u00e7ekle\u015ftirece\u011fimiz mutfak seminerlerimizden size uygun olan yeri ve tarihi se\u00e7ebilirsiniz.\" \/>\n<meta name=\"robots\" content=\"index, follow, max-snippet:-1, max-image-preview:large, max-video-preview:-1\" \/>\n<link rel=\"canonical\" href=\"https:\/\/www.electroluxprofessional.com\/tr\/sefin-dunyasi\/seminerler\/\" \/>\n<meta property=\"og:locale\" content=\"tr_TR\" \/>\n<meta property=\"og:type\" content=\"article\" \/>\n<meta property=\"og:title\" content=\"Electrolux Professional Seminerleri ve \u00d6zel Demolar\" \/>\n<meta property=\"og:description\" content=\"Electrolux Professional Showroom\u2019umuzda ve ekipmanlar\u0131m\u0131z\u0131 tercih eden i\u015fletmelerde ger\u00e7ekle\u015ftirece\u011fimiz mutfak seminerlerimizden size uygun olan yeri ve tarihi se\u00e7ebilirsiniz.\" \/>\n<meta property=\"og:url\" content=\"https:\/\/www.electroluxprofessional.com\/tr\/sefin-dunyasi\/seminerler\/\" \/>\n<meta property=\"og:site_name\" content=\"Electrolux Professional T\u00fcrkiye\" \/>\n<meta property=\"article:modified_time\" content=\"2025-08-28T09:18:28+00:00\" \/>\n<meta property=\"og:image\" content=\"https:\/\/www.electroluxprofessional.com\/tr\/wp-content\/uploads\/2021\/03\/seminerler.jpg\" \/>\n\t<meta property=\"og:image:width\" content=\"1800\" \/>\n\t<meta property=\"og:image:height\" content=\"350\" \/>\n\t<meta property=\"og:image:type\" content=\"image\/jpeg\" \/>\n<meta name=\"twitter:card\" content=\"summary_large_image\" \/>\n<meta name=\"twitter:label1\" content=\"Tahmini okuma s\u00fcresi\" \/>\n\t<meta name=\"twitter:data1\" content=\"1 dakika\" \/>\n<script type=\"application\/ld+json\" class=\"yoast-schema-graph\">{\"@context\":\"https:\/\/schema.org\",\"@graph\":[{\"@type\":\"WebPage\",\"@id\":\"https:\/\/www.electroluxprofessional.com\/tr\/sefin-dunyasi\/seminerler\/\",\"url\":\"https:\/\/www.electroluxprofessional.com\/tr\/sefin-dunyasi\/seminerler\/\",\"name\":\"Electrolux Professional Seminerleri ve \u00d6zel Demolar\",\"isPartOf\":{\"@id\":\"https:\/\/www.electroluxprofessional.com\/tr\/#website\"},\"primaryImageOfPage\":{\"@id\":\"https:\/\/www.electroluxprofessional.com\/tr\/sefin-dunyasi\/seminerler\/#primaryimage\"},\"image\":{\"@id\":\"https:\/\/www.electroluxprofessional.com\/tr\/sefin-dunyasi\/seminerler\/#primaryimage\"},\"thumbnailUrl\":\"https:\/\/www.electroluxprofessional.com\/tr\/wp-content\/uploads\/2021\/03\/seminerler.jpg\",\"datePublished\":\"2016-12-21T14:03:19+00:00\",\"dateModified\":\"2025-08-28T09:18:28+00:00\",\"description\":\"Electrolux Professional Showroom\u2019umuzda ve ekipmanlar\u0131m\u0131z\u0131 tercih eden i\u015fletmelerde ger\u00e7ekle\u015ftirece\u011fimiz mutfak seminerlerimizden size uygun olan yeri ve tarihi se\u00e7ebilirsiniz.\",\"breadcrumb\":{\"@id\":\"https:\/\/www.electroluxprofessional.com\/tr\/sefin-dunyasi\/seminerler\/#breadcrumb\"},\"inLanguage\":\"tr\",\"potentialAction\":[{\"@type\":\"ReadAction\",\"target\":[\"https:\/\/www.electroluxprofessional.com\/tr\/sefin-dunyasi\/seminerler\/\"]}]},{\"@type\":\"ImageObject\",\"inLanguage\":\"tr\",\"@id\":\"https:\/\/www.electroluxprofessional.com\/tr\/sefin-dunyasi\/seminerler\/#primaryimage\",\"url\":\"https:\/\/www.electroluxprofessional.com\/tr\/wp-content\/uploads\/2021\/03\/seminerler.jpg\",\"contentUrl\":\"https:\/\/www.electroluxprofessional.com\/tr\/wp-content\/uploads\/2021\/03\/seminerler.jpg\",\"width\":1800,\"height\":350,\"caption\":\"seminerler\"},{\"@type\":\"BreadcrumbList\",\"@id\":\"https:\/\/www.electroluxprofessional.com\/tr\/sefin-dunyasi\/seminerler\/#breadcrumb\",\"itemListElement\":[{\"@type\":\"ListItem\",\"position\":1,\"name\":\"Home\",\"item\":\"https:\/\/www.electroluxprofessional.com\/tr\/\"},{\"@type\":\"ListItem\",\"position\":2,\"name\":\"\u015eef&#8217;in D\u00fcnyas\u0131\",\"item\":\"https:\/\/www.electroluxprofessional.com\/tr\/sefin-dunyasi\/\"},{\"@type\":\"ListItem\",\"position\":3,\"name\":\"Electrolux Professional Seminerleri\"}]},{\"@type\":\"WebSite\",\"@id\":\"https:\/\/www.electroluxprofessional.com\/tr\/#website\",\"url\":\"https:\/\/www.electroluxprofessional.com\/tr\/\",\"name\":\"Electrolux Professional T\u00fcrkiye\",\"description\":\"\",\"potentialAction\":[{\"@type\":\"SearchAction\",\"target\":{\"@type\":\"EntryPoint\",\"urlTemplate\":\"https:\/\/www.electroluxprofessional.com\/tr\/?src={search_term_string}\"},\"query-input\":\"required name=search_term_string\"}],\"inLanguage\":\"tr\"}]}<\/script>\n<!-- \/ Yoast SEO plugin. -->","yoast_head_json":{"title":"Electrolux Professional Seminerleri ve \u00d6zel Demolar","description":"Electrolux Professional Showroom\u2019umuzda ve ekipmanlar\u0131m\u0131z\u0131 tercih eden i\u015fletmelerde ger\u00e7ekle\u015ftirece\u011fimiz mutfak seminerlerimizden size uygun olan yeri ve tarihi se\u00e7ebilirsiniz.","robots":{"index":"index","follow":"follow","max-snippet":"max-snippet:-1","max-image-preview":"max-image-preview:large","max-video-preview":"max-video-preview:-1"},"canonical":"https:\/\/www.electroluxprofessional.com\/tr\/sefin-dunyasi\/seminerler\/","og_locale":"tr_TR","og_type":"article","og_title":"Electrolux Professional Seminerleri ve \u00d6zel Demolar","og_description":"Electrolux Professional Showroom\u2019umuzda ve ekipmanlar\u0131m\u0131z\u0131 tercih eden i\u015fletmelerde ger\u00e7ekle\u015ftirece\u011fimiz mutfak seminerlerimizden size uygun olan yeri ve tarihi se\u00e7ebilirsiniz.","og_url":"https:\/\/www.electroluxprofessional.com\/tr\/sefin-dunyasi\/seminerler\/","og_site_name":"Electrolux Professional T\u00fcrkiye","article_modified_time":"2025-08-28T09:18:28+00:00","og_image":[{"width":1800,"height":350,"url":"https:\/\/www.electroluxprofessional.com\/tr\/wp-content\/uploads\/2021\/03\/seminerler.jpg","type":"image\/jpeg"}],"twitter_card":"summary_large_image","twitter_misc":{"Tahmini okuma s\u00fcresi":"1 dakika"},"schema":{"@context":"https:\/\/schema.org","@graph":[{"@type":"WebPage","@id":"https:\/\/www.electroluxprofessional.com\/tr\/sefin-dunyasi\/seminerler\/","url":"https:\/\/www.electroluxprofessional.com\/tr\/sefin-dunyasi\/seminerler\/","name":"Electrolux Professional Seminerleri ve \u00d6zel Demolar","isPartOf":{"@id":"https:\/\/www.electroluxprofessional.com\/tr\/#website"},"primaryImageOfPage":{"@id":"https:\/\/www.electroluxprofessional.com\/tr\/sefin-dunyasi\/seminerler\/#primaryimage"},"image":{"@id":"https:\/\/www.electroluxprofessional.com\/tr\/sefin-dunyasi\/seminerler\/#primaryimage"},"thumbnailUrl":"https:\/\/www.electroluxprofessional.com\/tr\/wp-content\/uploads\/2021\/03\/seminerler.jpg","datePublished":"2016-12-21T14:03:19+00:00","dateModified":"2025-08-28T09:18:28+00:00","description":"Electrolux Professional Showroom\u2019umuzda ve ekipmanlar\u0131m\u0131z\u0131 tercih eden i\u015fletmelerde ger\u00e7ekle\u015ftirece\u011fimiz mutfak seminerlerimizden size uygun olan yeri ve tarihi se\u00e7ebilirsiniz.","breadcrumb":{"@id":"https:\/\/www.electroluxprofessional.com\/tr\/sefin-dunyasi\/seminerler\/#breadcrumb"},"inLanguage":"tr","potentialAction":[{"@type":"ReadAction","target":["https:\/\/www.electroluxprofessional.com\/tr\/sefin-dunyasi\/seminerler\/"]}]},{"@type":"ImageObject","inLanguage":"tr","@id":"https:\/\/www.electroluxprofessional.com\/tr\/sefin-dunyasi\/seminerler\/#primaryimage","url":"https:\/\/www.electroluxprofessional.com\/tr\/wp-content\/uploads\/2021\/03\/seminerler.jpg","contentUrl":"https:\/\/www.electroluxprofessional.com\/tr\/wp-content\/uploads\/2021\/03\/seminerler.jpg","width":1800,"height":350,"caption":"seminerler"},{"@type":"BreadcrumbList","@id":"https:\/\/www.electroluxprofessional.com\/tr\/sefin-dunyasi\/seminerler\/#breadcrumb","itemListElement":[{"@type":"ListItem","position":1,"name":"Home","item":"https:\/\/www.electroluxprofessional.com\/tr\/"},{"@type":"ListItem","position":2,"name":"\u015eef&#8217;in D\u00fcnyas\u0131","item":"https:\/\/www.electroluxprofessional.com\/tr\/sefin-dunyasi\/"},{"@type":"ListItem","position":3,"name":"Electrolux Professional Seminerleri"}]},{"@type":"WebSite","@id":"https:\/\/www.electroluxprofessional.com\/tr\/#website","url":"https:\/\/www.electroluxprofessional.com\/tr\/","name":"Electrolux Professional T\u00fcrkiye","description":"","potentialAction":[{"@type":"SearchAction","target":{"@type":"EntryPoint","urlTemplate":"https:\/\/www.electroluxprofessional.com\/tr\/?src={search_term_string}"},"query-input":"required name=search_term_string"}],"inLanguage":"tr"}]}},"_links":{"self":[{"href":"https:\/\/www.electroluxprofessional.com\/tr\/wp-json\/wp\/v2\/pages\/1735"}],"collection":[{"href":"https:\/\/www.electroluxprofessional.com\/tr\/wp-json\/wp\/v2\/pages"}],"about":[{"href":"https:\/\/www.electroluxprofessional.com\/tr\/wp-json\/wp\/v2\/types\/page"}],"author":[{"embeddable":true,"href":"https:\/\/www.electroluxprofessional.com\/tr\/wp-json\/wp\/v2\/users\/3"}],"replies":[{"embeddable":true,"href":"https:\/\/www.electroluxprofessional.com\/tr\/wp-json\/wp\/v2\/comments?post=1735"}],"version-history":[{"count":24,"href":"https:\/\/www.electroluxprofessional.com\/tr\/wp-json\/wp\/v2\/pages\/1735\/revisions"}],"predecessor-version":[{"id":22008,"href":"https:\/\/www.electroluxprofessional.com\/tr\/wp-json\/wp\/v2\/pages\/1735\/revisions\/22008"}],"up":[{"embeddable":true,"href":"https:\/\/www.electroluxprofessional.com\/tr\/wp-json\/wp\/v2\/pages\/1152"}],"wp:featuredmedia":[{"embeddable":true,"href":"https:\/\/www.electroluxprofessional.com\/tr\/wp-json\/wp\/v2\/media\/10576"}],"wp:attachment":[{"href":"https:\/\/www.electroluxprofessional.com\/tr\/wp-json\/wp\/v2\/media?parent=1735"}],"curies":[{"name":"wp","href":"https:\/\/api.w.org\/{rel}","templated":true}]}}