{"id":17255,"date":"2023-10-30T21:07:57","date_gmt":"2023-10-30T21:07:57","guid":{"rendered":"https:\/\/www.electroluxprofessional.com\/tr\/?page_id=17255"},"modified":"2025-11-05T15:55:06","modified_gmt":"2025-11-05T15:55:06","slug":"line-6000-bariyerli-yikama-makineleri","status":"publish","type":"page","link":"https:\/\/www.electroluxprofessional.com\/tr\/ticari-camasirhane-ekipmanlari\/line-6000-bariyerli-yikama-makineleri\/","title":{"rendered":"Bariyerli Y\u0131kama Makineleri"},"content":{"rendered":"<p>[vc_row full_width=&#8221;electroluxpro-full-width-no-padding&#8221;][vc_column][vc_single_image image=&#8221;4949&#8243; img_size=&#8221;2000*350&#8243; alignment=&#8221;center&#8221;][\/vc_column][\/vc_row][vc_row][vc_column][vc_empty_space][elx_text_image tag_title=&#8221;h1&#8243; style_image=&#8221;image_square&#8221; bg_row=&#8221;bg-download-white&#8221; title=&#8221;Line 6000<br \/>\nBariyerli Y\u0131kama Makineleri&#8221; subtitle=&#8221;Hijyenin hayati \u00f6nem ta\u015f\u0131d\u0131\u011f\u0131 ortamlarda kontaminasyonu tamamen kontrol alt\u0131na al\u0131n.&#8221; lists=&#8221;%5B%7B%7D%5D&#8221; values=&#8221;%5B%7B%7D%5D&#8221; link=&#8221;url:%23products|title:%C3%9CR%C3%9CNLERE%20G%C4%B0D%C4%B0N&#8221; single_image=&#8221;17221&#8243;]Y\u00fcksek riskli uygulamalarda g\u00fcvenilir \u00e7ama\u015f\u0131r y\u0131kama program\u0131 y\u00f6netimi programlar\u0131n\u0131 uygulay\u0131n. \u0130nsan hatas\u0131n\u0131 ortadan kald\u0131rmak ve kazara kontaminasyona kar\u015f\u0131 koruma sa\u011flamak i\u00e7in tasarlanm\u0131\u015f y\u00fcksek verimli Bariyerli Y\u0131kama Makineleri \u00fcr\u00fcn grubu.[\/elx_text_image][vc_empty_space][\/vc_column][\/vc_row][vc_row full_width=&#8221;electroluxpro-full-width-no-padding&#8221;][vc_column][elx_features_download title=&#8221;&#8221; title_download=&#8221;\u0130ndirin&#8221; title_discover=&#8221;Ke\u015ffedin&#8221; bg_row=&#8221;bg-row-sustainability-green&#8221; values=&#8221;%5B%7B%22select_type%22%3A%22link%22%7D%5D&#8221; discover=&#8221;%5B%7B%7D%5D&#8221; features=&#8221;%5B%7B%22icon_electroluxpro%22%3A%22elx-icon%20icon-50-water-savings-white%22%2C%22title_icon%22%3A%22Su%20t%C3%BCketiminizi%20azalt%C4%B1r%22%2C%22text_icon%22%3A%22%C4%B0kinci%20bir%20tahliye%20vanas%C4%B1yla%20donat%C4%B1lm%C4%B1%C5%9F%20bir%20Bariyerli%20Y%C4%B1kama%20Makinesi%20ile%20su%20t%C3%BCketimini%20%2550%20azalt%C4%B1n.%22%7D%5D&#8221;][\/elx_features_download][\/vc_column][\/vc_row][vc_row full_width=&#8221;electroluxpro-full-width-no-padding&#8221;][vc_column][elx_features_download title=&#8221;Geli\u015fmi\u015f kullan\u0131labilirlik, \u00fcst\u00fcn g\u00fcvenlik&#8221; class_title=&#8221;h2&#8243; title_download=&#8221;\u0130ndirin&#8221; title_discover=&#8221;Ke\u015ffedin&#8221; bg_discover_color=&#8221;bg-download-white&#8221; link_discover_color=&#8221;download-text-blue&#8221; bg_row=&#8221;bg-row-light-blue&#8221; values=&#8221;%5B%7B%22select_type%22%3A%22link%22%2C%22link_download%22%3A%22url%3Ahttps%253A%252F%252Ftools.electroluxprofessional.com%252FMirror%252FDoc%252FELS%252FBRO%252FEPR-brochure-Line%2525206000%252520Evolution%252520Barrier%252520Washers-20241119-EN.pdf%7Ctitle%3ALine%25206000%2520Evolution%2520Bariyerli%2520Y%25C4%25B1kama%2520Makineleri%2520(EN)%7Ctarget%3A_blank%22%2C%22label_pride_document%22%3A%22Line%206000%20Evolution%20Bariyerli%20Y%C4%B1kama%20Makineleri%22%2C%22document_type%22%3A%22brochures%22%2C%22br_document_number%22%3A%22A0106%22%7D%2C%7B%22select_type%22%3A%22link%22%2C%22link_download%22%3A%22url%3Ahttps%253A%252F%252Fwww.electroluxprofessional.com%252Fwp-content%252Fuploads%252F2023%252F10%252FEPR-leaflet-pullman-barrier-washer-EN-20230919-LR.pdf%7Ctitle%3ALine%25206000%2520Pullman%2520Bariyerli%2520Y%25C4%25B1kama%2520Makineleri%2520(EN)%7Ctarget%3A_blank%22%2C%22label_pride_document%22%3A%22Line%206000%20Pullman%20Barrier%20Washers%22%2C%22document_type%22%3A%22leaflets%22%7D%2C%7B%22select_type%22%3A%22link%22%2C%22link_download%22%3A%22url%3Ahttps%253A%252F%252Fwww.electroluxprofessional.com%252Fwp-content%252Fuploads%252F2020%252F04%252FElectrolux_WhitePaper_CleaningSolution.pdf%7Ctitle%3ATemizlik%252C%2520Sterilizasyon%252C%2520Dekontaminasyon%2520bro%25C5%259F%25C3%25BCr%25C3%25BC%2520(EN)%7Ctarget%3A_blank%22%7D%5D&#8221; discover=&#8221;%5B%7B%22link_discover%22%3A%22url%3Ahttps%253A%252F%252Fwww.electroluxprofessional.com%252Ftr%252Fisletmenize-yonelik-cozumler%252Fhastaneler%252F%7Ctitle%3AHastane%253A%2520Maksimum%2520hijyen%7Ctarget%3A_blank%22%7D%2C%7B%22link_discover%22%3A%22url%3Ahttps%253A%252F%252Fwww.electroluxprofessional.com%252Ftr%252Fisletmenize-yonelik-cozumler%252Fitfaiyeciler%252F%7Ctitle%3A%25C4%25B0tfaiyeciler%253A%2520Koruyucular%25C4%25B1%2520koruma%7Ctarget%3A_blank%22%7D%2C%7B%22link_discover%22%3A%22url%3Ahttps%253A%252F%252Fwww.electroluxprofessional.com%252Ftr%252Fmusteri-hizmetleri%252F%7Ctitle%3AEssentia%253A%2520m%25C3%25BC%25C5%259Fteri%2520hizmetlerinin%2520kalbi%7Ctarget%3A_blank%22%7D%5D&#8221; features=&#8221;%5B%7B%22icon_electroluxpro%22%3A%22elx-icon%20icon-circle-safe-blue%22%2C%22title_icon%22%3A%22Sa%C4%9Fl%C4%B1k%20hizmetleri%20uygulamalar%C4%B1nda%20%5Cnhijyeni%20en%20%C3%BCst%20d%C3%BCzeye%20%C3%A7%C4%B1kar%C4%B1n%22%2C%22text_icon%22%3A%22Kontaminasyon%20riskini%20ortadan%20kald%C4%B1rmak%20i%C3%A7in%20g%C3%BC%C3%A7l%C3%BC%20enfeksiyon%20%C3%B6nleme%20tedbirleri%22%7D%2C%7B%22icon_electroluxpro%22%3A%22elx-icon%20icon-circle-ergonomics-blue%22%2C%22title_icon%22%3A%22Sirk%C3%BClasyonun%20y%C3%BCksek%20oldu%C4%9Fu%5Cn%C3%A7ama%C5%9F%C4%B1rhanelerde%20operat%C3%B6r%20deste%C4%9Fi%22%2C%22text_icon%22%3A%22%C3%87ift%20b%C3%B6lmeli%20tambur%20ve%20y%C3%BCksek%20hacimli%20%C3%A7ama%C5%9F%C4%B1rlar%C4%B1n%20kolayca%20y%C3%BCklenip%20bo%C5%9Falt%C4%B1lmas%C4%B1%20i%C3%A7in%20otomatik%20konumland%C4%B1rma%22%7D%2C%7B%22icon_electroluxpro%22%3A%22elx-icon%20icon-circle-easy-blue%22%2C%22title_icon%22%3A%22Ak%C4%B1ll%C4%B1%20kontrol%22%2C%22text_icon%22%3A%22G%C3%BCvenli%20dezenfeksiyon%20i%C3%A7in%20kirli%20ve%20temiz%20b%C3%B6lgelerde%20sezgisel%20aray%C3%BCz%22%7D%5D&#8221;][\/elx_features_download][vc_empty_space height=&#8221;40px&#8221;][\/vc_column][\/vc_row][vc_row][vc_column][elx_text_image number_images=&#8221;n&#8221; style_image=&#8221;image_horizontal&#8221; image_position=&#8221;image_left&#8221; bg_row=&#8221;bg-download-white&#8221; title=&#8221;Sa\u011fl\u0131k hizmetleri uygulamalar\u0131nda hijyeni en \u00fcst d\u00fczeye \u00e7\u0131kar\u0131n&#8221; lists=&#8221;%5B%7B%7D%5D&#8221; values=&#8221;%5B%7B%7D%5D&#8221; multi_images=&#8221;17224&#8243;]Bariyerli y\u0131kama teknolojisi, etkili ve tekrarlanabilir \u00e7ama\u015f\u0131r y\u0131kama program\u0131 y\u00f6netimi yoluyla enfeksiyonun yay\u0131lmas\u0131n\u0131 \u00f6nlemeye yard\u0131mc\u0131 olur.<br \/>\nBariyerli Y\u0131kama Makineleri, kirli \u00e7ama\u015f\u0131rlar\u0131 y\u00fckleme ve temiz \u00e7ama\u015f\u0131rlar\u0131 bo\u015faltma b\u00f6lmelerini fiziksel bir bariyerle ay\u0131r\u0131r ve kolay temizlik i\u00e7in duvara tamamen yaslanacak \u015fekilde yerle\u015ftirilir.<\/p>\n<p><img decoding=\"async\" class=\"size-full wp-image-53067 alignleft\" style=\"height: 130px;\" src=\"https:\/\/www.electroluxprofessional.com\/wp-content\/uploads\/2023\/10\/HygieneWatch_png.png\" alt=\"\" \/><\/p>\n<p><strong>Hygiene Watchdog <\/strong><strong>(Hijyen Bek\u00e7isi)<\/strong> \u00f6zelli\u011fi, program bitmeden makinenin kap\u0131lar\u0131n\u0131n a\u00e7\u0131lmas\u0131n\u0131 \u00f6nleyerek \u00e7apraz kontaminasyona kar\u015f\u0131 koruma sa\u011flar.[\/elx_text_image][\/vc_column][\/vc_row][vc_row][vc_column][elx_text_image style_image=&#8221;image_square&#8221; bg_row=&#8221;bg-download-white&#8221; title=&#8221;Sirk\u00fclasyonun y\u00fcksek oldu\u011fu \u00e7ama\u015f\u0131rhanelerde operat\u00f6r deste\u011fi&#8221; lists=&#8221;%5B%7B%7D%5D&#8221; values=&#8221;%5B%7B%7D%5D&#8221; single_image=&#8221;17222&#8243;]T\u00fcm Line 6000 Bariyerli Y\u0131kama Makineleri Ergocert 4 y\u0131ld\u0131z sertifikal\u0131d\u0131r ve kolay y\u00fckleme ve bo\u015faltma i\u00e7in ergonomik kap\u0131 kollar\u0131na ve optimize edilmi\u015f kap\u0131 y\u00fcksekli\u011fine sahiptir.<br \/>\n50 kg \u00fczerinde kapasiteye sahip modeller, her program\u0131n sonunda otomatik olarak do\u011fru bo\u015faltma pozisyonunu alan \u00e7ift b\u00f6lmeli tambura sahiptir.<\/p>\n<div class=\"col-md-10\">\n<p><img loading=\"lazy\" decoding=\"async\" class=\"size-full wp-image-53064 alignleft\" style=\"height: 130px;\" src=\"https:\/\/www.electroluxprofessional.com\/wp-content\/uploads\/2023\/10\/AutoInner_png.png\" alt=\"\" width=\"132\" height=\"130\" \/><strong>Otomatik \u0130\u00e7 Kap\u0131 A\u00e7ma<\/strong> \u00f6zelli\u011fi, her y\u0131kama program\u0131n\u0131n sonunda i\u00e7 tambur kap\u0131lar\u0131n\u0131 \u00f6nceden a\u00e7arak operat\u00f6r g\u00fcvenli\u011fini en \u00fcst d\u00fczeye \u00e7\u0131kar\u0131r.<\/p>\n<\/div>\n<p>[\/elx_text_image][\/vc_column][\/vc_row][vc_row][vc_column][elx_text_image style_image=&#8221;image_square&#8221; image_position=&#8221;image_left&#8221; bg_row=&#8221;bg-download-white&#8221; title=&#8221;Ak\u0131ll\u0131 kontrol&#8221; lists=&#8221;%5B%7B%7D%5D&#8221; values=&#8221;%5B%7B%7D%5D&#8221; note=&#8221;* Yaln\u0131zca Pullman \u00fcr\u00fcn grubunda mevcuttur&#8221; single_image=&#8221;17223&#8243;]Yeni Clarus Vibe ayar\u0131*, Electrolux Professional&#8217;\u0131n bug\u00fcne kadarki en sezgisel ekran\u0131d\u0131r.<br \/>\n\u00dcretkenli\u011fi art\u0131rmak ve i\u015fletme maliyetlerini azaltmak i\u00e7in kendinden a\u00e7\u0131klamal\u0131 \u00e7e\u015fitli programlarla \u00f6nceden ayarlanm\u0131\u015f olarak gelir.<br \/>\nOperat\u00f6rlerin farkl\u0131 b\u00f6lgeler aras\u0131nda gidip gelmesini \u00f6nlemek i\u00e7in Bariyerli Y\u0131kama Makinelerinin kirli \u00e7ama\u015f\u0131r y\u00fckleme ve temiz bo\u015faltma taraflar\u0131nda ayr\u0131 ekranlar mevcuttur.[\/elx_text_image][vc_empty_space height=&#8221;50px&#8221;][\/vc_column][\/vc_row][vc_row css=&#8221;.vc_custom_1695306084113{background-color: rgba(136,184,204,0.8) !important;*background-color: rgb(136,184,204) !important;}&#8221;][vc_column][elx_heading text_color=&#8221;inherit&#8221;]Bariyerli Y\u0131kama Makineleri \u00e7\u00f6z\u00fcmlerimizi nerede bulabilirsiniz[\/elx_heading][vc_empty_space height=&#8221;50px&#8221;][\/vc_column][\/vc_row][vc_row css=&#8221;.vc_custom_1554732161793{background-color: rgba(136,184,204,0.8) !important;*background-color: rgb(136,184,204) !important;}&#8221;][vc_column width=&#8221;1\/3&#8243;][elx_simple_link_block link=&#8221;url:https%3A%2F%2Fwww.electroluxprofessional.com%2Ftr%2Fisletmenize-yonelik-cozumler%2Fhastaneler%2F|target:_blank&#8221; text_align=&#8221;text-left&#8221; text_color=&#8221;inherit&#8221; background_color=&#8221;inherit&#8221; background_hover_color=&#8221;darker-hover&#8221; extra_class=&#8221;&#8221; reveal_effect=&#8221;&#8221; reveal_duration=&#8221;&#8221; reveal_delay=&#8221;&#8221;][vc_single_image image=&#8221;1531&#8243; img_size=&#8221;full&#8221; onclick=&#8221;custom_link&#8221;][elx_heading font_container=&#8221;h3&#8243; text_color=&#8221;inherit&#8221;]Bak\u0131m Evleri[\/elx_heading][vc_column_text]\u00c7ok \u00e7e\u015fitli sa\u011fl\u0131k kurulu\u015flar\u0131 ve sosyal hizmetler kurumlar\u0131nda s\u0131k\u0131 hijyen gerekliliklerini yerine getirerek enfeksiyon riskini en aza indirir.[\/vc_column_text][\/elx_simple_link_block][\/vc_column][vc_column width=&#8221;1\/3&#8243;][elx_simple_link_block link=&#8221;url:https%3A%2F%2Fwww.electroluxprofessional.com%2Ftr%2Fisletmenize-yonelik-cozumler%2Fitfaiyeciler%2F|target:_blank&#8221; text_align=&#8221;text-left&#8221; text_color=&#8221;inherit&#8221; background_color=&#8221;inherit&#8221; background_hover_color=&#8221;darker-hover&#8221; extra_class=&#8221;&#8221; reveal_effect=&#8221;&#8221; reveal_duration=&#8221;&#8221; reveal_delay=&#8221;&#8221;][vc_single_image image=&#8221;13843&#8243; img_size=&#8221;full&#8221; onclick=&#8221;custom_link&#8221;][elx_heading font_container=&#8221;h3&#8243; text_color=&#8221;inherit&#8221;]\u0130tfayeciler[\/elx_heading][vc_column_text]Kanserojen ve di\u011fer toksik maddelere maruz kalman\u0131n ard\u0131ndan koruyucu ekipman\u0131 ve \u00fcniformalar\u0131 g\u00fcvenli bir \u015fekilde temizleyin.[\/vc_column_text][\/elx_simple_link_block][\/vc_column][vc_column reveal_effect=&#8221;&#8221; width=&#8221;1\/3&#8243;][elx_simple_link_block link=&#8221;url:https%3A%2F%2Fwww.electroluxprofessional.com%2Ftr%2Ftemiz-oda%2F&#8221; text_align=&#8221;text-left&#8221; text_color=&#8221;inherit&#8221; background_color=&#8221;inherit&#8221; background_hover_color=&#8221;darker-hover&#8221; extra_class=&#8221;&#8221; reveal_effect=&#8221;&#8221; reveal_duration=&#8221;&#8221; reveal_delay=&#8221;&#8221;][vc_single_image image=&#8221;17220&#8243; img_size=&#8221;full&#8221;][elx_heading font_container=&#8221;h3&#8243; text_color=&#8221;inherit&#8221;]Temiz Odalar[\/elx_heading][vc_column_text]\u00c7ok hassas \u00e7al\u0131\u015fma ortamlar\u0131na sahip geli\u015fmi\u015f \u00fcretim tesislerinde kat\u0131 temizlik standartlar\u0131n\u0131n korunmas\u0131na yard\u0131mc\u0131 olur.[\/vc_column_text][\/elx_simple_link_block][\/vc_column][\/vc_row][vc_row][vc_column][vc_empty_space height=&#8221;50px&#8221;][\/vc_column][\/vc_row][vc_row el_id=&#8221;products&#8221;][vc_column][\/vc_column][\/vc_row][vc_row][vc_column][vc_column_text][\/vc_column_text][\/vc_column][\/vc_row][vc_row full_width=&#8221;electroluxpro-full-width-no-padding&#8221;][vc_column][elx_features_download title=&#8221;Essentia: m\u00fc\u015fteri hizmetlerinin kalbi&#8221; title_download=&#8221;&#8221; title_discover=&#8221;&#8221; bg_row=&#8221;bg-row-light-blue&#8221; values=&#8221;%5B%7B%22select_type%22%3A%22link%22%2C%22link_download%22%3A%22url%3Ahttps%253A%252F%252Fwww.electroluxprofessional.com%252Fwp-content%252Fuploads%252F2022%252F01%252FCLF_CLF-9JE00193_1_5_1_5_EPR_Essentia_Service-agreements_2020_ENG_LR.pdf%7Ctitle%3AEssentia&#8217;y%25C4%25B1%2520ke%25C5%259Ffedin%7Ctarget%3A_blank%22%7D%5D&#8221; discover=&#8221;%5B%7B%7D%5D&#8221; features=&#8221;%5B%7B%7D%5D&#8221;]G\u00fcvenilir hizmet a\u011f\u0131, bir dizi \u00f6zel ayr\u0131cal\u0131kl\u0131 hizmetler ve yenilik\u00e7i bir teknoloji ile size ihtiyac\u0131n\u0131z olan deste\u011fi sa\u011fl\u0131yor ve s\u00fcre\u00e7lerinize \u00f6nem veriyoruz.[\/elx_features_download][vc_empty_space height=&#8221;50px&#8221;][\/vc_column][\/vc_row][vc_row][vc_column][elx_heading text_color=&#8221;inherit&#8221;]Bariyerli Y\u0131kama Makinelerinizin i\u015fletmeniz i\u00e7in neler yapabilece\u011fini ke\u015ffetmek i\u00e7in bizimle ileti\u015fime ge\u00e7in[\/elx_heading][elx_o2000_contact_us s=&#8221;Yandan Y\u00fcklemeli Bariyerli Y\u0131kama Makineleri hakk\u0131nda bilgi talebi&#8221; b=&#8221;laundry&#8221; container=&#8221;elxcontactus1478690541&#8243; r=&#8221;Yandan Y\u00fcklemeli Bariyerli Y\u0131kama Makineleri hakk\u0131nda daha fazla bilgi edinmek istiyorum. L\u00fctfen benimle ileti\u015fime ge\u00e7in&#8221;][vc_empty_space height=&#8221;50px&#8221;][\/vc_column][\/vc_row]<\/p>\n","protected":false},"excerpt":{"rendered":"<p>[vc_row full_width=&#8221;electroluxpro-full-width-no-padding&#8221;][vc_column][vc_single_image image=&#8221;4949&#8243; img_size=&#8221;2000*350&#8243; alignment=&#8221;center&#8221;][\/vc_column][\/vc_row][vc_row][vc_column][vc_empty_space][elx_text_image tag_title=&#8221;h1&#8243; style_image=&#8221;image_square&#8221; bg_row=&#8221;bg-download-white&#8221; title=&#8221;Line 6000 Bariyerli Y\u0131kama Makineleri&#8221; subtitle=&#8221;Hijyenin hayati \u00f6nem ta\u015f\u0131d\u0131\u011f\u0131 ortamlarda kontaminasyonu tamamen kontrol alt\u0131na al\u0131n.&#8221; lists=&#8221;%5B%7B%7D%5D&#8221; values=&#8221;%5B%7B%7D%5D&#8221; link=&#8221;url:%23products|title:%C3%9CR%C3%9CNLERE%20G%C4%B0D%C4%B0N&#8221; single_image=&#8221;17221&#8243;]Y\u00fcksek riskli uygulamalarda g\u00fcvenilir \u00e7ama\u015f\u0131r y\u0131kama program\u0131 y\u00f6netimi programlar\u0131n\u0131 uygulay\u0131n. \u0130nsan hatas\u0131n\u0131 ortadan kald\u0131rmak ve kazara kontaminasyona kar\u015f\u0131 koruma sa\u011flamak i\u00e7in tasarlanm\u0131\u015f y\u00fcksek verimli Bariyerli Y\u0131kama Makineleri \u00fcr\u00fcn grubu.[\/elx_text_image][vc_empty_space][\/vc_column][\/vc_row][vc_row [&hellip;]<\/p>\n","protected":false},"author":40,"featured_media":823,"parent":2006,"menu_order":0,"comment_status":"closed","ping_status":"closed","template":"","meta":{"footnotes":""},"class_list":["post-17255","page","type-page","status-publish","has-post-thumbnail","hentry"],"acf":[],"yoast_head":"<!-- This site is optimized with the Yoast SEO plugin v23.3 - https:\/\/yoast.com\/wordpress\/plugins\/seo\/ -->\n<title>Line 6000 Barrier Washers | Electrolux Professional<\/title>\n<meta name=\"description\" content=\"\u0130nsan hatas\u0131n\u0131 ortadan kald\u0131rmak ve kazara kontaminasyona kar\u015f\u0131 koruma sa\u011flamak i\u00e7in tasarlanan y\u00fcksek verimli Bariyerli \u00c7ama\u015f\u0131r Makineleri.\" \/>\n<meta name=\"robots\" content=\"index, follow, max-snippet:-1, max-image-preview:large, max-video-preview:-1\" \/>\n<link rel=\"canonical\" href=\"https:\/\/www.electroluxprofessional.com\/tr\/ticari-camasirhane-ekipmanlari\/line-6000-bariyerli-yikama-makineleri\/\" \/>\n<meta property=\"og:locale\" content=\"tr_TR\" \/>\n<meta property=\"og:type\" content=\"article\" \/>\n<meta property=\"og:title\" content=\"Line 6000 Barrier Washers | Electrolux Professional\" \/>\n<meta property=\"og:description\" content=\"\u0130nsan hatas\u0131n\u0131 ortadan kald\u0131rmak ve kazara kontaminasyona kar\u015f\u0131 koruma sa\u011flamak i\u00e7in tasarlanan y\u00fcksek verimli Bariyerli \u00c7ama\u015f\u0131r Makineleri.\" \/>\n<meta property=\"og:url\" content=\"https:\/\/www.electroluxprofessional.com\/tr\/ticari-camasirhane-ekipmanlari\/line-6000-bariyerli-yikama-makineleri\/\" \/>\n<meta property=\"og:site_name\" content=\"Electrolux Professional T\u00fcrkiye\" \/>\n<meta property=\"article:modified_time\" content=\"2025-11-05T15:55:06+00:00\" \/>\n<meta name=\"twitter:card\" content=\"summary_large_image\" \/>\n<meta name=\"twitter:image\" content=\"https:\/\/www.electroluxprofessional.com\/tr\/wp-content\/uploads\/2016\/09\/side-load-barrier-washer-banner.jpg\" \/>\n<meta name=\"twitter:label1\" content=\"Tahmini okuma s\u00fcresi\" \/>\n\t<meta name=\"twitter:data1\" content=\"4 dakika\" \/>\n<script type=\"application\/ld+json\" class=\"yoast-schema-graph\">{\"@context\":\"https:\/\/schema.org\",\"@graph\":[{\"@type\":\"WebPage\",\"@id\":\"https:\/\/www.electroluxprofessional.com\/tr\/ticari-camasirhane-ekipmanlari\/line-6000-bariyerli-yikama-makineleri\/\",\"url\":\"https:\/\/www.electroluxprofessional.com\/tr\/ticari-camasirhane-ekipmanlari\/line-6000-bariyerli-yikama-makineleri\/\",\"name\":\"Line 6000 Barrier Washers | Electrolux Professional\",\"isPartOf\":{\"@id\":\"https:\/\/www.electroluxprofessional.com\/tr\/#website\"},\"primaryImageOfPage\":{\"@id\":\"https:\/\/www.electroluxprofessional.com\/tr\/ticari-camasirhane-ekipmanlari\/line-6000-bariyerli-yikama-makineleri\/#primaryimage\"},\"image\":{\"@id\":\"https:\/\/www.electroluxprofessional.com\/tr\/ticari-camasirhane-ekipmanlari\/line-6000-bariyerli-yikama-makineleri\/#primaryimage\"},\"thumbnailUrl\":\"https:\/\/www.electroluxprofessional.com\/tr\/wp-content\/uploads\/2016\/09\/side-load-barrier-washer-banner.jpg\",\"datePublished\":\"2023-10-30T21:07:57+00:00\",\"dateModified\":\"2025-11-05T15:55:06+00:00\",\"description\":\"\u0130nsan hatas\u0131n\u0131 ortadan kald\u0131rmak ve kazara kontaminasyona kar\u015f\u0131 koruma sa\u011flamak i\u00e7in tasarlanan y\u00fcksek verimli Bariyerli \u00c7ama\u015f\u0131r Makineleri.\",\"breadcrumb\":{\"@id\":\"https:\/\/www.electroluxprofessional.com\/tr\/ticari-camasirhane-ekipmanlari\/line-6000-bariyerli-yikama-makineleri\/#breadcrumb\"},\"inLanguage\":\"tr\",\"potentialAction\":[{\"@type\":\"ReadAction\",\"target\":[\"https:\/\/www.electroluxprofessional.com\/tr\/ticari-camasirhane-ekipmanlari\/line-6000-bariyerli-yikama-makineleri\/\"]}]},{\"@type\":\"ImageObject\",\"inLanguage\":\"tr\",\"@id\":\"https:\/\/www.electroluxprofessional.com\/tr\/ticari-camasirhane-ekipmanlari\/line-6000-bariyerli-yikama-makineleri\/#primaryimage\",\"url\":\"https:\/\/www.electroluxprofessional.com\/tr\/wp-content\/uploads\/2016\/09\/side-load-barrier-washer-banner.jpg\",\"contentUrl\":\"https:\/\/www.electroluxprofessional.com\/tr\/wp-content\/uploads\/2016\/09\/side-load-barrier-washer-banner.jpg\",\"width\":1200,\"height\":799,\"caption\":\"side load barrier washer\"},{\"@type\":\"BreadcrumbList\",\"@id\":\"https:\/\/www.electroluxprofessional.com\/tr\/ticari-camasirhane-ekipmanlari\/line-6000-bariyerli-yikama-makineleri\/#breadcrumb\",\"itemListElement\":[{\"@type\":\"ListItem\",\"position\":1,\"name\":\"Home\",\"item\":\"https:\/\/www.electroluxprofessional.com\/tr\/\"},{\"@type\":\"ListItem\",\"position\":2,\"name\":\"\u00c7ama\u015f\u0131rhane\",\"item\":\"https:\/\/www.electroluxprofessional.com\/tr\/ticari-camasirhane-ekipmanlari\/\"},{\"@type\":\"ListItem\",\"position\":3,\"name\":\"Bariyerli Y\u0131kama Makineleri\"}]},{\"@type\":\"WebSite\",\"@id\":\"https:\/\/www.electroluxprofessional.com\/tr\/#website\",\"url\":\"https:\/\/www.electroluxprofessional.com\/tr\/\",\"name\":\"Electrolux Professional T\u00fcrkiye\",\"description\":\"\",\"potentialAction\":[{\"@type\":\"SearchAction\",\"target\":{\"@type\":\"EntryPoint\",\"urlTemplate\":\"https:\/\/www.electroluxprofessional.com\/tr\/?src={search_term_string}\"},\"query-input\":\"required name=search_term_string\"}],\"inLanguage\":\"tr\"}]}<\/script>\n<!-- \/ Yoast SEO plugin. -->","yoast_head_json":{"title":"Line 6000 Barrier Washers | Electrolux Professional","description":"\u0130nsan hatas\u0131n\u0131 ortadan kald\u0131rmak ve kazara kontaminasyona kar\u015f\u0131 koruma sa\u011flamak i\u00e7in tasarlanan y\u00fcksek verimli Bariyerli \u00c7ama\u015f\u0131r Makineleri.","robots":{"index":"index","follow":"follow","max-snippet":"max-snippet:-1","max-image-preview":"max-image-preview:large","max-video-preview":"max-video-preview:-1"},"canonical":"https:\/\/www.electroluxprofessional.com\/tr\/ticari-camasirhane-ekipmanlari\/line-6000-bariyerli-yikama-makineleri\/","og_locale":"tr_TR","og_type":"article","og_title":"Line 6000 Barrier Washers | Electrolux Professional","og_description":"\u0130nsan hatas\u0131n\u0131 ortadan kald\u0131rmak ve kazara kontaminasyona kar\u015f\u0131 koruma sa\u011flamak i\u00e7in tasarlanan y\u00fcksek verimli Bariyerli \u00c7ama\u015f\u0131r Makineleri.","og_url":"https:\/\/www.electroluxprofessional.com\/tr\/ticari-camasirhane-ekipmanlari\/line-6000-bariyerli-yikama-makineleri\/","og_site_name":"Electrolux Professional T\u00fcrkiye","article_modified_time":"2025-11-05T15:55:06+00:00","twitter_card":"summary_large_image","twitter_image":"https:\/\/www.electroluxprofessional.com\/tr\/wp-content\/uploads\/2016\/09\/side-load-barrier-washer-banner.jpg","twitter_misc":{"Tahmini okuma s\u00fcresi":"4 dakika"},"schema":{"@context":"https:\/\/schema.org","@graph":[{"@type":"WebPage","@id":"https:\/\/www.electroluxprofessional.com\/tr\/ticari-camasirhane-ekipmanlari\/line-6000-bariyerli-yikama-makineleri\/","url":"https:\/\/www.electroluxprofessional.com\/tr\/ticari-camasirhane-ekipmanlari\/line-6000-bariyerli-yikama-makineleri\/","name":"Line 6000 Barrier Washers | Electrolux Professional","isPartOf":{"@id":"https:\/\/www.electroluxprofessional.com\/tr\/#website"},"primaryImageOfPage":{"@id":"https:\/\/www.electroluxprofessional.com\/tr\/ticari-camasirhane-ekipmanlari\/line-6000-bariyerli-yikama-makineleri\/#primaryimage"},"image":{"@id":"https:\/\/www.electroluxprofessional.com\/tr\/ticari-camasirhane-ekipmanlari\/line-6000-bariyerli-yikama-makineleri\/#primaryimage"},"thumbnailUrl":"https:\/\/www.electroluxprofessional.com\/tr\/wp-content\/uploads\/2016\/09\/side-load-barrier-washer-banner.jpg","datePublished":"2023-10-30T21:07:57+00:00","dateModified":"2025-11-05T15:55:06+00:00","description":"\u0130nsan hatas\u0131n\u0131 ortadan kald\u0131rmak ve kazara kontaminasyona kar\u015f\u0131 koruma sa\u011flamak i\u00e7in tasarlanan y\u00fcksek verimli Bariyerli \u00c7ama\u015f\u0131r Makineleri.","breadcrumb":{"@id":"https:\/\/www.electroluxprofessional.com\/tr\/ticari-camasirhane-ekipmanlari\/line-6000-bariyerli-yikama-makineleri\/#breadcrumb"},"inLanguage":"tr","potentialAction":[{"@type":"ReadAction","target":["https:\/\/www.electroluxprofessional.com\/tr\/ticari-camasirhane-ekipmanlari\/line-6000-bariyerli-yikama-makineleri\/"]}]},{"@type":"ImageObject","inLanguage":"tr","@id":"https:\/\/www.electroluxprofessional.com\/tr\/ticari-camasirhane-ekipmanlari\/line-6000-bariyerli-yikama-makineleri\/#primaryimage","url":"https:\/\/www.electroluxprofessional.com\/tr\/wp-content\/uploads\/2016\/09\/side-load-barrier-washer-banner.jpg","contentUrl":"https:\/\/www.electroluxprofessional.com\/tr\/wp-content\/uploads\/2016\/09\/side-load-barrier-washer-banner.jpg","width":1200,"height":799,"caption":"side load barrier washer"},{"@type":"BreadcrumbList","@id":"https:\/\/www.electroluxprofessional.com\/tr\/ticari-camasirhane-ekipmanlari\/line-6000-bariyerli-yikama-makineleri\/#breadcrumb","itemListElement":[{"@type":"ListItem","position":1,"name":"Home","item":"https:\/\/www.electroluxprofessional.com\/tr\/"},{"@type":"ListItem","position":2,"name":"\u00c7ama\u015f\u0131rhane","item":"https:\/\/www.electroluxprofessional.com\/tr\/ticari-camasirhane-ekipmanlari\/"},{"@type":"ListItem","position":3,"name":"Bariyerli Y\u0131kama Makineleri"}]},{"@type":"WebSite","@id":"https:\/\/www.electroluxprofessional.com\/tr\/#website","url":"https:\/\/www.electroluxprofessional.com\/tr\/","name":"Electrolux Professional T\u00fcrkiye","description":"","potentialAction":[{"@type":"SearchAction","target":{"@type":"EntryPoint","urlTemplate":"https:\/\/www.electroluxprofessional.com\/tr\/?src={search_term_string}"},"query-input":"required name=search_term_string"}],"inLanguage":"tr"}]}},"_links":{"self":[{"href":"https:\/\/www.electroluxprofessional.com\/tr\/wp-json\/wp\/v2\/pages\/17255"}],"collection":[{"href":"https:\/\/www.electroluxprofessional.com\/tr\/wp-json\/wp\/v2\/pages"}],"about":[{"href":"https:\/\/www.electroluxprofessional.com\/tr\/wp-json\/wp\/v2\/types\/page"}],"author":[{"embeddable":true,"href":"https:\/\/www.electroluxprofessional.com\/tr\/wp-json\/wp\/v2\/users\/40"}],"replies":[{"embeddable":true,"href":"https:\/\/www.electroluxprofessional.com\/tr\/wp-json\/wp\/v2\/comments?post=17255"}],"version-history":[{"count":22,"href":"https:\/\/www.electroluxprofessional.com\/tr\/wp-json\/wp\/v2\/pages\/17255\/revisions"}],"predecessor-version":[{"id":22940,"href":"https:\/\/www.electroluxprofessional.com\/tr\/wp-json\/wp\/v2\/pages\/17255\/revisions\/22940"}],"up":[{"embeddable":true,"href":"https:\/\/www.electroluxprofessional.com\/tr\/wp-json\/wp\/v2\/pages\/2006"}],"wp:featuredmedia":[{"embeddable":true,"href":"https:\/\/www.electroluxprofessional.com\/tr\/wp-json\/wp\/v2\/media\/823"}],"wp:attachment":[{"href":"https:\/\/www.electroluxprofessional.com\/tr\/wp-json\/wp\/v2\/media?parent=17255"}],"curies":[{"name":"wp","href":"https:\/\/api.w.org\/{rel}","templated":true}]}}