{"id":16955,"date":"2023-09-27T22:23:50","date_gmt":"2023-09-27T22:23:50","guid":{"rendered":"https:\/\/www.electroluxprofessional.com\/tr\/?page_id=16955"},"modified":"2025-09-25T08:19:02","modified_gmt":"2025-09-25T08:19:02","slug":"faq-mypro-yikama-makinesi","status":"publish","type":"page","link":"https:\/\/www.electroluxprofessional.com\/tr\/ticari-camasirhane-ekipmanlari\/mypro-yikama-kurutma-ve-silindir-utuler\/faq-mypro-yikama-makinesi\/","title":{"rendered":"FAQ \u2013 myPRO Y\u0131kama Makinesi"},"content":{"rendered":"<p>[vc_row][vc_column][vc_single_image image=&#8221;5286&#8243;][elx_heading font_container=&#8221;h1&#8243; text_color=&#8221;inherit&#8221;]FAQ &#8211; myPRO Y\u0131kama Makinesi[\/elx_heading][vc_empty_space][elx_heading text_color=&#8221;inherit&#8221;]\u00c7ama\u015f\u0131r makinemin giri\u015f hortumu s\u0131zd\u0131r\u0131yor[\/elx_heading][vc_column_text]Sorunu \u00e7\u00f6zmek i\u00e7in:<\/p>\n<ul>\n<li>Giri\u015f borusu konekt\u00f6r\u00fcn\u00fcn duvar giri\u015fine veya muslu\u011fa do\u011fru \u015fekilde vidaland\u0131\u011f\u0131n\u0131\/tak\u0131ld\u0131\u011f\u0131n\u0131 kontrol edin. Konekt\u00f6r\u00fc s\u0131kmak i\u00e7in pense veya benzeri bir alet kullanmay\u0131n. Sadece elle s\u0131k\u0131lmal\u0131d\u0131r!<\/li>\n<li>Su giri\u015fi muslu\u011funun s\u0131zd\u0131rmad\u0131\u011f\u0131n\u0131 kontrol edin. Muslu\u011fun s\u0131zd\u0131rd\u0131\u011f\u0131n\u0131 tespit ederseniz, sorunu gidermesi i\u00e7in bir tesisat\u00e7\u0131 \u00e7a\u011f\u0131r\u0131n.<\/li>\n<\/ul>\n<p>[\/vc_column_text][elx_heading text_color=&#8221;inherit&#8221;]\u00c7ama\u015f\u0131r makinenizin lastik contas\u0131 nas\u0131l temizlenir?[\/elx_heading][vc_column_text]\u00c7ama\u015f\u0131r makinenizin kapak contas\u0131 ve i\u00e7indeki di\u011fer par\u00e7alar nas\u0131l temizlenir:<\/p>\n<ul>\n<li>B\u00f6ylelikle h\u0131zl\u0131 y\u0131kama veya d\u00fc\u015f\u00fck s\u0131cakl\u0131k programlar\u0131 \u00e7ok s\u0131k kullan\u0131ld\u0131\u011f\u0131nda giysilerde olu\u015fan iz veya lekelerle ilgili sorunlar da \u00e7\u00f6z\u00fclebilir.<\/li>\n<li>Contay\u0131 temizlemek i\u00e7in tambura bir \u00f6l\u00e7ek sodyum karbonat koyarak 90\u00b0C&#8217;de \u00e7ama\u015f\u0131r olmadan birka\u00e7 kez y\u0131kama program\u0131 \u00e7al\u0131\u015ft\u0131r\u0131n. (Sodyum karbonat cilt ve mukoza zarlar\u0131n\u0131 tahri\u015f edebilir. Son derece dikkatli kullan\u0131lmal\u0131d\u0131r!)<\/li>\n<li>Dilerseniz \u00f6zel Electrolux Professional \u00e7ama\u015f\u0131r makinesi temizleyicimizi de kullanabilirsiniz.<\/li>\n<\/ul>\n<p>[\/vc_column_text][elx_heading text_color=&#8221;inherit&#8221;]\u00c7ama\u015f\u0131r makinem s\u0131kma program\u0131 esnas\u0131nda g\u00fcr\u00fclt\u00fc yaparak hareket ediyor ve sallan\u0131yor[\/elx_heading][vc_column_text]<strong>Ta\u015f\u0131ma c\u0131vatalar\u0131n\u0131n<\/strong> cihaz\u0131n arkas\u0131ndan s\u00f6k\u00fclm\u00fc\u015f oldu\u011fundan emin olun.<br \/>\n<strong>Ayaklar\u0131<\/strong> y\u00fckselterek veya al\u00e7altarak cihaz\u0131 d\u00fcz konuma getirin. Cihaz sert ve <strong>d\u00fcz bir zemin<\/strong> \u00fczerinde sabit durmal\u0131d\u0131r. Gerekirse bir su terazisi kullanabilirsiniz. Her t\u00fcrl\u00fc ince ayar bir anahtar yard\u0131m\u0131yla yap\u0131labilir. Cihaz s\u0131kma s\u0131ras\u0131nda titreyece\u011finden &#8220;z\u0131plama&#8221; yapmamas\u0131 \u00f6nemlidir.<br \/>\nT\u00fcm hortumlar\u0131n s\u0131k\u0131ca ba\u011fland\u0131\u011f\u0131ndan ve cihaz\u0131n arkas\u0131ndaki \u00e7er\u00e7eveye tutturuldu\u011fundan emin olun. Gev\u015fek ba\u011flanm\u0131\u015f hortumlar, s\u0131kma i\u015flemi s\u0131ras\u0131nda cihaza \u00e7arparak ses \u00e7\u0131karabilir.<br \/>\n<strong>\u00c7ama\u015f\u0131rlar\u0131n<\/strong> do\u011fru \u015fekilde yerle\u015ftirildi\u011fini kontrol edin ve kapak ile tambur aras\u0131na \u00e7ama\u015f\u0131r s\u0131k\u0131\u015fmad\u0131\u011f\u0131ndan emin olun.<br \/>\n<strong>UNUTMAYIN!\u00a0<\/strong>Sadece tek bir par\u00e7a y\u0131kamak, t\u0131pk\u0131 a\u015f\u0131r\u0131 y\u00fcklemede oldu\u011fu gibi tamburun dengesiz \u015fekilde d\u00f6nmesine neden olabilir.<br \/>\nBozuk para, \u00e7akmak, d\u00fc\u011fme veya di\u011fer k\u00fc\u00e7\u00fck nesnelerin <strong>tahliye filtresine<\/strong> s\u0131k\u0131\u015fmas\u0131 durumunda, makinenizin filtresi g\u00f6r\u00fcn\u00fcr bir yerdeyse filtreyi kontrol edin. Kontrol\u00fcn nas\u0131l yap\u0131laca\u011f\u0131na ili\u015fkin talimatlar i\u00e7in kullanma k\u0131lavuzuna bakabilirsiniz.<br \/>\n\u0130\u00e7 \u00e7ama\u015f\u0131r\u0131ndaki gev\u015fek balenler &#8211; tamburun deliklerini\/tambur b\u00f6l\u00fcmlerinin aras\u0131n\u0131 kontrol edin<br \/>\nNormal g\u00fcr\u00fclt\u00fc &#8211; Program boyunca olu\u015fabilecek sesler &#8211; \u00f6rne\u011fin, cama vuran tokalar ve fermuarlar, s\u0131kma programlar\u0131nda titre\u015fim, pompa ve motorlar\u0131n \u00e7al\u0131\u015fmas\u0131, su alma s\u0131ras\u0131nda su giri\u015fi, par\u00e7alar\u0131n \u0131s\u0131nmas\u0131, kurutma programlar\u0131nda fanlar\u0131n \u00e7al\u0131\u015fmas\u0131 (sadece kurutmal\u0131 \u00e7ama\u015f\u0131r makinelerinde), program ge\u00e7i\u015flerinde bip sesi, program ba\u015flang\u0131c\u0131nda ve sonunda \u00e7\u0131kan elektronik sesler.[\/vc_column_text][elx_heading text_color=&#8221;inherit&#8221;]\u00c7ama\u015f\u0131r makinemin kapak kilidi k\u0131r\u0131ld\u0131[\/elx_heading][vc_column_text]Bir program yeni bitti\u011finde, kapak hemen a\u00e7\u0131lmaz. Endi\u015felenmenize gerek yok, bu durum kapa\u011f\u0131n bozuk oldu\u011fu anlam\u0131na gelmez &#8211; bu standart bir \u00f6zelliktir ve kapak kilidi yakla\u015f\u0131k 2-5 dakika sonra a\u00e7\u0131l\u0131r.<br \/>\n2-5 dakika sonra hala kapa\u011f\u0131 a\u00e7am\u0131yorsan\u0131z, a\u00e7ma kolunun herhangi bir yerinde hasar olup olmad\u0131\u011f\u0131n\u0131 kontrol edin. B\u00f6yle bir durumda, sorunu gidermesi i\u00e7in bir servis teknisyeni \u00e7a\u011f\u0131rman\u0131z gerekecektir.[\/vc_column_text][elx_heading text_color=&#8221;inherit&#8221;]\u00c7ama\u015f\u0131r makinemin kapak contas\u0131 k\u0131vr\u0131lm\u0131\u015f ve s\u0131zd\u0131r\u0131yor[\/elx_heading][vc_column_text]Kapak contas\u0131ndaki hasar genellikle a\u015fa\u011f\u0131dakilerden kaynaklan\u0131r:<\/p>\n<ul>\n<li>Makinenin a\u015f\u0131r\u0131 doldurulmas\u0131<\/li>\n<li>Y\u0131kama program\u0131n\u0131n ba\u015f\u0131nda conta ile kapak cam\u0131 aras\u0131na \u00e7ama\u015f\u0131r s\u0131k\u0131\u015fmas\u0131<\/li>\n<\/ul>\n<p>Size daha fazla yard\u0131mc\u0131 olabilmemiz, sorununuzu tam olarak belirleyebilmemiz ve \u00e7\u00f6z\u00fcme kavu\u015fturabilmemiz i\u00e7in Yetkili Servis Teknisyenimizin cihaz\u0131n\u0131z\u0131 incelemek \u00fczere sizi ziyaret etmesini \u00f6neririz.[\/vc_column_text][elx_heading text_color=&#8221;inherit&#8221;]\u00c7ama\u015f\u0131rlar y\u0131kand\u0131ktan sonra \u00e7ekiyor.[\/elx_heading][vc_column_text]<strong>Y\u00fcnl\u00fc e\u015fyalar nas\u0131l y\u0131kan\u0131r<\/strong><br \/>\nY\u00fcn, \u00e7ok \u00e7e\u015fitli kullan\u0131m alanlar\u0131na sahip do\u011fal bir ipliktir. Zor bir malzeme oldu\u011fundan \u015feklinin, renginin ve kalitesinin korunmas\u0131 i\u00e7in \u00f6zen g\u00f6sterilmelidir.<\/p>\n<p><strong>Y\u00fcnl\u00fc e\u015fyalar\u0131n uygun \u015fekilde y\u0131kanmas\u0131<\/strong><br \/>\nY\u00fcn, belirli bir \u015fekilde y\u0131kanmas\u0131 ve kurutulmas\u0131 gereken do\u011fal bir malzemedir. Ayr\u0131ca giysilerin \u00fczerindeki y\u0131kama talimatlar\u0131na uyulmas\u0131 her zaman tavsiye edilir.<\/p>\n<p><strong>Y\u00fcnl\u00fc e\u015fyalar\u0131 y\u0131karken enzim i\u00e7eren toz deterjan kullanmay\u0131n<\/strong><br \/>\n\u00c7o\u011fu \u00e7ama\u015f\u0131r deterjan\u0131 ya\u011f ve kiri \u00e7\u00f6zmeye yard\u0131mc\u0131 olan enzim i\u00e7erikleri sayesinde giysilerin kolayca temizlenmesini sa\u011flar. Enzimler y\u00fcn\u00fc \u00e7\u00f6zebilece\u011finden, enzimli deterjanlar y\u00fcnl\u00fc e\u015fyalara uygun de\u011fildir. Bu nedenle, y\u00fcnl\u00fc e\u015fyalar\u0131n enzim i\u00e7erikli deterjanla y\u0131kanmamas\u0131 gerekir. Y\u00fcnl\u00fcler i\u00e7in \u00f6zel \u00fcretilmi\u015f deterjanlar\u0131 kullanabilirsiniz.[\/vc_column_text][elx_heading text_color=&#8221;inherit&#8221;]\u00c7ama\u015f\u0131rlardaki lekeler[\/elx_heading][vc_column_text]<strong>Neden<\/strong><br \/>\nSadece 40\u00b0C veya alt\u0131nda y\u0131kama yap\u0131ld\u0131\u011f\u0131nda \u00e7ama\u015f\u0131r makinesinde deterjan ve kir kal\u0131nt\u0131lar\u0131 birikebilir. Bu da \u00e7ama\u015f\u0131rlarda gri lekelere neden olabilir.<\/p>\n<p>E\u015fyalardaki lekeler, deterjanla temas etti\u011finde kimyasal reaksiyona giren baz\u0131 ki\u015fisel bak\u0131m veya temizlik \u00fcr\u00fcnlerinden de kaynaklanabilir, \u00f6rne\u011fin:<br \/>\n\u2022 \u00c7ama\u015f\u0131r suyu<br \/>\n\u2022 Akne kremi<br \/>\n\u2022 \u015eampuan<br \/>\n\u2022 Parf\u00fcmler<br \/>\n\u2022 Jeller<br \/>\n\u2022 Sa\u00e7 boyas\u0131<\/p>\n<p><strong>\u00c7\u00f6z\u00fcm<\/strong><br \/>\n\u00c7\u00f6z\u00fcm, contay\u0131 ve \u00e7ama\u015f\u0131r makinesinin i\u00e7 par\u00e7alar\u0131n\u0131 temizlemek i\u00e7in tambura bir \u00f6l\u00e7ek sodyum karbonat koyarak 90\u00b0C&#8217;de \u00e7ama\u015f\u0131r olmadan birka\u00e7 kez y\u0131kama program\u0131 \u00e7al\u0131\u015ft\u0131rmakt\u0131r. (Sodyum karbonat cilt ve mukoza zarlar\u0131n\u0131 tahri\u015f edebilir. Son derece dikkatli kullan\u0131lmal\u0131d\u0131r!)<\/p>\n<p>Dilerseniz \u00f6zel Electrolux Professional \u00e7ama\u015f\u0131r makinesi temizleyicimizi de kullanabilirsiniz.[\/vc_column_text][vc_empty_space][elx_button button_text=&#8221;myPRO \u00e7ama\u015f\u0131r y\u0131kama makineleri, kurutma makineleri ve silindir \u00fct\u00fclere gidin&#8221; button_style=&#8221;icon&#8221; button_link=&#8221;url:https%3A%2F%2Fwww.electroluxprofessional.com%2Ftr%2Fticari-camasirhane-ekipmanlari%2Fmypro-yikama-kurutma-ve-silindir-utuler%2F|title:myPro%2C%20y%C4%B1kama%20kurutma%20ve%20silindir%20%C3%BCt%C3%BCler&#8221;][elx_button button_text=&#8221;myPROzip self-servis y\u0131kama ve kurutma makinelerine gidin&#8221; button_style=&#8221;icon&#8221; button_link=&#8221;url:https%3A%2F%2Fwww.electroluxprofessional.com%2Ftr%2Fticari-camasirhane-ekipmanlari%2Fmyprozip-self-servis-camasirhane%2F|title:myPROzip%20self-servis%20%C3%A7ama%C5%9F%C4%B1rhane&#8221;][vc_empty_space][\/vc_column][\/vc_row]<\/p>\n","protected":false},"excerpt":{"rendered":"<p>[vc_row][vc_column][vc_single_image image=&#8221;5286&#8243;][elx_heading font_container=&#8221;h1&#8243; text_color=&#8221;inherit&#8221;]FAQ &#8211; myPRO Y\u0131kama Makinesi[\/elx_heading][vc_empty_space][elx_heading text_color=&#8221;inherit&#8221;]\u00c7ama\u015f\u0131r makinemin giri\u015f hortumu s\u0131zd\u0131r\u0131yor[\/elx_heading][vc_column_text]Sorunu \u00e7\u00f6zmek i\u00e7in: Giri\u015f borusu konekt\u00f6r\u00fcn\u00fcn duvar giri\u015fine veya muslu\u011fa do\u011fru \u015fekilde vidaland\u0131\u011f\u0131n\u0131\/tak\u0131ld\u0131\u011f\u0131n\u0131 kontrol edin. Konekt\u00f6r\u00fc s\u0131kmak i\u00e7in pense veya benzeri bir alet kullanmay\u0131n. Sadece elle s\u0131k\u0131lmal\u0131d\u0131r! Su giri\u015fi muslu\u011funun s\u0131zd\u0131rmad\u0131\u011f\u0131n\u0131 kontrol edin. Muslu\u011fun s\u0131zd\u0131rd\u0131\u011f\u0131n\u0131 tespit ederseniz, sorunu gidermesi i\u00e7in bir tesisat\u00e7\u0131 \u00e7a\u011f\u0131r\u0131n. [&hellip;]<\/p>\n","protected":false},"author":40,"featured_media":0,"parent":6149,"menu_order":0,"comment_status":"closed","ping_status":"closed","template":"page-campaigns.php","meta":{"footnotes":""},"class_list":["post-16955","page","type-page","status-publish","hentry"],"acf":[],"yoast_head":"<!-- This site is optimized with the Yoast SEO plugin v23.3 - https:\/\/yoast.com\/wordpress\/plugins\/seo\/ -->\n<title>FAQ \u2013 myPRO Y\u0131kama Makinesi - Electrolux Professional T\u00fcrkiye<\/title>\n<meta name=\"description\" content=\"Herhangi bir sorun mu var? myPRO y\u0131kama makinesi i\u00e7in \u00e7evrimi\u00e7i yard\u0131m sayfas\u0131n\u0131 kontrol edin.\" \/>\n<meta name=\"robots\" content=\"index, follow, max-snippet:-1, max-image-preview:large, max-video-preview:-1\" \/>\n<link rel=\"canonical\" href=\"https:\/\/www.electroluxprofessional.com\/tr\/ticari-camasirhane-ekipmanlari\/mypro-yikama-kurutma-ve-silindir-utuler\/faq-mypro-yikama-makinesi\/\" \/>\n<meta property=\"og:locale\" content=\"tr_TR\" \/>\n<meta property=\"og:type\" content=\"article\" \/>\n<meta property=\"og:title\" content=\"FAQ \u2013 myPRO Y\u0131kama Makinesi - Electrolux Professional T\u00fcrkiye\" \/>\n<meta property=\"og:description\" content=\"Herhangi bir sorun mu var? myPRO y\u0131kama makinesi i\u00e7in \u00e7evrimi\u00e7i yard\u0131m sayfas\u0131n\u0131 kontrol edin.\" \/>\n<meta property=\"og:url\" content=\"https:\/\/www.electroluxprofessional.com\/tr\/ticari-camasirhane-ekipmanlari\/mypro-yikama-kurutma-ve-silindir-utuler\/faq-mypro-yikama-makinesi\/\" \/>\n<meta property=\"og:site_name\" content=\"Electrolux Professional T\u00fcrkiye\" \/>\n<meta property=\"article:modified_time\" content=\"2025-09-25T08:19:02+00:00\" \/>\n<meta name=\"twitter:card\" content=\"summary_large_image\" \/>\n<meta name=\"twitter:label1\" content=\"Tahmini okuma s\u00fcresi\" \/>\n\t<meta name=\"twitter:data1\" content=\"4 dakika\" \/>\n<script type=\"application\/ld+json\" class=\"yoast-schema-graph\">{\"@context\":\"https:\/\/schema.org\",\"@graph\":[{\"@type\":\"WebPage\",\"@id\":\"https:\/\/www.electroluxprofessional.com\/tr\/ticari-camasirhane-ekipmanlari\/mypro-yikama-kurutma-ve-silindir-utuler\/faq-mypro-yikama-makinesi\/\",\"url\":\"https:\/\/www.electroluxprofessional.com\/tr\/ticari-camasirhane-ekipmanlari\/mypro-yikama-kurutma-ve-silindir-utuler\/faq-mypro-yikama-makinesi\/\",\"name\":\"FAQ \u2013 myPRO Y\u0131kama Makinesi - Electrolux Professional T\u00fcrkiye\",\"isPartOf\":{\"@id\":\"https:\/\/www.electroluxprofessional.com\/tr\/#website\"},\"datePublished\":\"2023-09-27T22:23:50+00:00\",\"dateModified\":\"2025-09-25T08:19:02+00:00\",\"description\":\"Herhangi bir sorun mu var? myPRO y\u0131kama makinesi i\u00e7in \u00e7evrimi\u00e7i yard\u0131m sayfas\u0131n\u0131 kontrol edin.\",\"breadcrumb\":{\"@id\":\"https:\/\/www.electroluxprofessional.com\/tr\/ticari-camasirhane-ekipmanlari\/mypro-yikama-kurutma-ve-silindir-utuler\/faq-mypro-yikama-makinesi\/#breadcrumb\"},\"inLanguage\":\"tr\",\"potentialAction\":[{\"@type\":\"ReadAction\",\"target\":[\"https:\/\/www.electroluxprofessional.com\/tr\/ticari-camasirhane-ekipmanlari\/mypro-yikama-kurutma-ve-silindir-utuler\/faq-mypro-yikama-makinesi\/\"]}]},{\"@type\":\"BreadcrumbList\",\"@id\":\"https:\/\/www.electroluxprofessional.com\/tr\/ticari-camasirhane-ekipmanlari\/mypro-yikama-kurutma-ve-silindir-utuler\/faq-mypro-yikama-makinesi\/#breadcrumb\",\"itemListElement\":[{\"@type\":\"ListItem\",\"position\":1,\"name\":\"Home\",\"item\":\"https:\/\/www.electroluxprofessional.com\/tr\/\"},{\"@type\":\"ListItem\",\"position\":2,\"name\":\"\u00c7ama\u015f\u0131rhane\",\"item\":\"https:\/\/www.electroluxprofessional.com\/tr\/ticari-camasirhane-ekipmanlari\/\"},{\"@type\":\"ListItem\",\"position\":3,\"name\":\"K\u00fc\u00e7\u00fck i\u015fletmeler i\u00e7in myPro, y\u0131kama kurutma ve silindir \u00fct\u00fcler\",\"item\":\"https:\/\/www.electroluxprofessional.com\/tr\/ticari-camasirhane-ekipmanlari\/mypro-yikama-kurutma-ve-silindir-utuler\/\"},{\"@type\":\"ListItem\",\"position\":4,\"name\":\"FAQ \u2013 myPRO Y\u0131kama Makinesi\"}]},{\"@type\":\"WebSite\",\"@id\":\"https:\/\/www.electroluxprofessional.com\/tr\/#website\",\"url\":\"https:\/\/www.electroluxprofessional.com\/tr\/\",\"name\":\"Electrolux Professional T\u00fcrkiye\",\"description\":\"\",\"potentialAction\":[{\"@type\":\"SearchAction\",\"target\":{\"@type\":\"EntryPoint\",\"urlTemplate\":\"https:\/\/www.electroluxprofessional.com\/tr\/?src={search_term_string}\"},\"query-input\":\"required name=search_term_string\"}],\"inLanguage\":\"tr\"}]}<\/script>\n<!-- \/ Yoast SEO plugin. -->","yoast_head_json":{"title":"FAQ \u2013 myPRO Y\u0131kama Makinesi - Electrolux Professional T\u00fcrkiye","description":"Herhangi bir sorun mu var? myPRO y\u0131kama makinesi i\u00e7in \u00e7evrimi\u00e7i yard\u0131m sayfas\u0131n\u0131 kontrol edin.","robots":{"index":"index","follow":"follow","max-snippet":"max-snippet:-1","max-image-preview":"max-image-preview:large","max-video-preview":"max-video-preview:-1"},"canonical":"https:\/\/www.electroluxprofessional.com\/tr\/ticari-camasirhane-ekipmanlari\/mypro-yikama-kurutma-ve-silindir-utuler\/faq-mypro-yikama-makinesi\/","og_locale":"tr_TR","og_type":"article","og_title":"FAQ \u2013 myPRO Y\u0131kama Makinesi - Electrolux Professional T\u00fcrkiye","og_description":"Herhangi bir sorun mu var? myPRO y\u0131kama makinesi i\u00e7in \u00e7evrimi\u00e7i yard\u0131m sayfas\u0131n\u0131 kontrol edin.","og_url":"https:\/\/www.electroluxprofessional.com\/tr\/ticari-camasirhane-ekipmanlari\/mypro-yikama-kurutma-ve-silindir-utuler\/faq-mypro-yikama-makinesi\/","og_site_name":"Electrolux Professional T\u00fcrkiye","article_modified_time":"2025-09-25T08:19:02+00:00","twitter_card":"summary_large_image","twitter_misc":{"Tahmini okuma s\u00fcresi":"4 dakika"},"schema":{"@context":"https:\/\/schema.org","@graph":[{"@type":"WebPage","@id":"https:\/\/www.electroluxprofessional.com\/tr\/ticari-camasirhane-ekipmanlari\/mypro-yikama-kurutma-ve-silindir-utuler\/faq-mypro-yikama-makinesi\/","url":"https:\/\/www.electroluxprofessional.com\/tr\/ticari-camasirhane-ekipmanlari\/mypro-yikama-kurutma-ve-silindir-utuler\/faq-mypro-yikama-makinesi\/","name":"FAQ \u2013 myPRO Y\u0131kama Makinesi - Electrolux Professional T\u00fcrkiye","isPartOf":{"@id":"https:\/\/www.electroluxprofessional.com\/tr\/#website"},"datePublished":"2023-09-27T22:23:50+00:00","dateModified":"2025-09-25T08:19:02+00:00","description":"Herhangi bir sorun mu var? myPRO y\u0131kama makinesi i\u00e7in \u00e7evrimi\u00e7i yard\u0131m sayfas\u0131n\u0131 kontrol edin.","breadcrumb":{"@id":"https:\/\/www.electroluxprofessional.com\/tr\/ticari-camasirhane-ekipmanlari\/mypro-yikama-kurutma-ve-silindir-utuler\/faq-mypro-yikama-makinesi\/#breadcrumb"},"inLanguage":"tr","potentialAction":[{"@type":"ReadAction","target":["https:\/\/www.electroluxprofessional.com\/tr\/ticari-camasirhane-ekipmanlari\/mypro-yikama-kurutma-ve-silindir-utuler\/faq-mypro-yikama-makinesi\/"]}]},{"@type":"BreadcrumbList","@id":"https:\/\/www.electroluxprofessional.com\/tr\/ticari-camasirhane-ekipmanlari\/mypro-yikama-kurutma-ve-silindir-utuler\/faq-mypro-yikama-makinesi\/#breadcrumb","itemListElement":[{"@type":"ListItem","position":1,"name":"Home","item":"https:\/\/www.electroluxprofessional.com\/tr\/"},{"@type":"ListItem","position":2,"name":"\u00c7ama\u015f\u0131rhane","item":"https:\/\/www.electroluxprofessional.com\/tr\/ticari-camasirhane-ekipmanlari\/"},{"@type":"ListItem","position":3,"name":"K\u00fc\u00e7\u00fck i\u015fletmeler i\u00e7in myPro, y\u0131kama kurutma ve silindir \u00fct\u00fcler","item":"https:\/\/www.electroluxprofessional.com\/tr\/ticari-camasirhane-ekipmanlari\/mypro-yikama-kurutma-ve-silindir-utuler\/"},{"@type":"ListItem","position":4,"name":"FAQ \u2013 myPRO Y\u0131kama Makinesi"}]},{"@type":"WebSite","@id":"https:\/\/www.electroluxprofessional.com\/tr\/#website","url":"https:\/\/www.electroluxprofessional.com\/tr\/","name":"Electrolux Professional T\u00fcrkiye","description":"","potentialAction":[{"@type":"SearchAction","target":{"@type":"EntryPoint","urlTemplate":"https:\/\/www.electroluxprofessional.com\/tr\/?src={search_term_string}"},"query-input":"required name=search_term_string"}],"inLanguage":"tr"}]}},"_links":{"self":[{"href":"https:\/\/www.electroluxprofessional.com\/tr\/wp-json\/wp\/v2\/pages\/16955"}],"collection":[{"href":"https:\/\/www.electroluxprofessional.com\/tr\/wp-json\/wp\/v2\/pages"}],"about":[{"href":"https:\/\/www.electroluxprofessional.com\/tr\/wp-json\/wp\/v2\/types\/page"}],"author":[{"embeddable":true,"href":"https:\/\/www.electroluxprofessional.com\/tr\/wp-json\/wp\/v2\/users\/40"}],"replies":[{"embeddable":true,"href":"https:\/\/www.electroluxprofessional.com\/tr\/wp-json\/wp\/v2\/comments?post=16955"}],"version-history":[{"count":9,"href":"https:\/\/www.electroluxprofessional.com\/tr\/wp-json\/wp\/v2\/pages\/16955\/revisions"}],"predecessor-version":[{"id":22394,"href":"https:\/\/www.electroluxprofessional.com\/tr\/wp-json\/wp\/v2\/pages\/16955\/revisions\/22394"}],"up":[{"embeddable":true,"href":"https:\/\/www.electroluxprofessional.com\/tr\/wp-json\/wp\/v2\/pages\/6149"}],"wp:attachment":[{"href":"https:\/\/www.electroluxprofessional.com\/tr\/wp-json\/wp\/v2\/media?parent=16955"}],"curies":[{"name":"wp","href":"https:\/\/api.w.org\/{rel}","templated":true}]}}