{"id":1666,"date":"2017-02-15T16:28:47","date_gmt":"2017-02-15T15:28:47","guid":{"rendered":"https:\/\/www.electroluxprofessional.com\/?page_id=9548"},"modified":"2025-04-16T14:13:20","modified_gmt":"2025-04-16T14:13:20","slug":"is-ortaklarimiza-ozel","status":"publish","type":"page","link":"https:\/\/www.electroluxprofessional.com\/tr\/is-ortaklarimiza-ozel\/","title":{"rendered":"\u0130\u015f Ortaklar\u0131m\u0131za \u00d6zel"},"content":{"rendered":"<p>[vc_row full_width=&#8221;electroluxpro-full-width-no-padding&#8221;][vc_column][elx_hero_title label=&#8221;&#8221; background_image=&#8221;637&#8243;][elx_heading font_container=&#8221;h1&#8243; font_size=&#8221;h3&#8243; text_color=&#8221;white&#8221; text_align=&#8221;text-center&#8221;]\u0130\u015f Ortaklar\u0131m\u0131za \u00d6zel[\/elx_heading][\/elx_hero_title][\/vc_column][\/vc_row][vc_row][vc_column][vc_empty_space][\/vc_column][\/vc_row][vc_row][vc_column width=&#8221;1\/2&#8243;][vc_empty_space height=&#8221;22px&#8221;][vc_single_image image=&#8221;1665&#8243; img_size=&#8221;full&#8221; onclick=&#8221;custom_link&#8221; link=&#8221;https:\/\/toolbox.epr-apps.com\/&#8221;][\/vc_column][vc_column width=&#8221;1\/2&#8243;][elx_heading font_size=&#8221;h3&#8243; text_color=&#8221;inherit&#8221;]\u0130\u015f Ortaklar\u0131m\u0131za \u00f6zel ayr\u0131lm\u0131\u015f alan[\/elx_heading][vc_column_text css=&#8221;.vc_custom_1507889583207{margin-bottom: 10px !important;border-bottom-width: 10px !important;padding-bottom: 10px !important;}&#8221;]ToolBox, \u0130\u015f Ortaklar\u0131m\u0131z\u0131n <strong>sat\u0131\u015f \u00f6ncesinde<\/strong>, <strong>sat\u0131\u015f s\u0131ras\u0131nda<\/strong> ve <strong>sat\u0131\u015f sonras\u0131ndaki<\/strong> i\u015f etkinliklerine y\u00f6nelik ara\u00e7lar\u0131 bulabilece\u011fi \u00f6zel bir aland\u0131r.\u00a0Hen\u00fcz kay\u0131t yapt\u0131rmad\u0131n\u0131z m\u0131?\u00a0Endi\u015felenmeyin, tek yapman\u0131z gereken kay\u0131t formunu doldurmak. Gerisini biz halledece\u011fiz![\/vc_column_text][elx_button button_text=&#8221;Toolbox oturum a\u00e7ma ve kay\u0131t formu&#8221; button_style=&#8221;icon&#8221; css=&#8221;.vc_custom_1507889593967{margin-top: 0px !important;border-top-width: 0px !important;padding-top: 0px !important;}&#8221; button_link=&#8221;url:https%3A%2F%2Ftoolbox.epr-apps.com%2F|title:Toolbox|target:%20_blank|&#8221;][\/vc_column][\/vc_row][vc_row][vc_column][vc_empty_space][\/vc_column][\/vc_row][vc_row custom_color_row=&#8221;bg-row-light-blue&#8221; css=&#8221;.vc_custom_1739176875824{background-color: #e9eff5 !important;}&#8221;][vc_column][vc_empty_space][elx_heading font_size=&#8221;h4&#8243; text_color=&#8221;electrolux-blue&#8221; text_align=&#8221;text-left&#8221;]Sertifikal\u0131 Hizmet Orta\u011f\u0131 Olun![\/elx_heading][vc_empty_space height=&#8221;10px&#8221;][vc_column_text]<span class=\"TextRun SCXW24567190 BCX0\" data-contrast=\"none\"><span class=\"NormalTextRun SCXW24567190 BCX0\">Sertifikal\u0131 hizmet a\u011f\u0131m\u0131za kat\u0131l\u0131n! Yetkili hizmet orta\u011f\u0131 olarak i\u015finizi b\u00fcy\u00fct\u00fcn. \u00d6zel e\u011fitim, destek ve b\u00fcy\u00fcme f\u0131rsatlar\u0131na eri\u015fim kazan\u0131n.\u00a0<\/span><\/span><span class=\"EOP SCXW24567190 BCX0\" data-ccp-props=\"{&quot;134233117&quot;:true,&quot;201341983&quot;:0,&quot;335557856&quot;:16777215,&quot;335559739&quot;:0,&quot;335559740&quot;:240}\">\u00a0<\/span>[\/vc_column_text][vc_empty_space height=&#8221;25px&#8221;][elx_o2000_contact_us request_type=&#8221;Customer support&#8221; button_mode=&#8221;true&#8221; button_style=&#8221;secondary&#8221; postion_button=&#8221;text-left&#8221; postion_button_mobile=&#8221;text-left-mobile&#8221; text_btn_contact=&#8221;Bug\u00fcn ba\u015fvurun!&#8221; r=&#8221;Hizmet orta\u011f\u0131n\u0131z olmak i\u00e7in benimle ileti\u015fime ge\u00e7ilmesini istiyorum. Te\u015fekk\u00fcr ederim.&#8221;][vc_empty_space height=&#8221;40px&#8221;][\/vc_column][\/vc_row]<\/p>\n","protected":false},"excerpt":{"rendered":"<p>[vc_row full_width=&#8221;electroluxpro-full-width-no-padding&#8221;][vc_column][elx_hero_title label=&#8221;&#8221; background_image=&#8221;637&#8243;][elx_heading font_container=&#8221;h1&#8243; font_size=&#8221;h3&#8243; text_color=&#8221;white&#8221; text_align=&#8221;text-center&#8221;]\u0130\u015f Ortaklar\u0131m\u0131za \u00d6zel[\/elx_heading][\/elx_hero_title][\/vc_column][\/vc_row][vc_row][vc_column][vc_empty_space][\/vc_column][\/vc_row][vc_row][vc_column width=&#8221;1\/2&#8243;][vc_empty_space height=&#8221;22px&#8221;][vc_single_image image=&#8221;1665&#8243; img_size=&#8221;full&#8221; onclick=&#8221;custom_link&#8221; link=&#8221;https:\/\/toolbox.epr-apps.com\/&#8221;][\/vc_column][vc_column width=&#8221;1\/2&#8243;][elx_heading font_size=&#8221;h3&#8243; text_color=&#8221;inherit&#8221;]\u0130\u015f Ortaklar\u0131m\u0131za \u00f6zel ayr\u0131lm\u0131\u015f alan[\/elx_heading][vc_column_text css=&#8221;.vc_custom_1507889583207{margin-bottom: 10px !important;border-bottom-width: 10px !important;padding-bottom: 10px !important;}&#8221;]ToolBox, \u0130\u015f Ortaklar\u0131m\u0131z\u0131n sat\u0131\u015f \u00f6ncesinde, sat\u0131\u015f s\u0131ras\u0131nda ve sat\u0131\u015f sonras\u0131ndaki i\u015f etkinliklerine y\u00f6nelik ara\u00e7lar\u0131 bulabilece\u011fi \u00f6zel bir aland\u0131r.\u00a0Hen\u00fcz kay\u0131t yapt\u0131rmad\u0131n\u0131z m\u0131?\u00a0Endi\u015felenmeyin, tek yapman\u0131z gereken kay\u0131t formunu [&hellip;]<\/p>\n","protected":false},"author":3,"featured_media":0,"parent":0,"menu_order":0,"comment_status":"closed","ping_status":"closed","template":"","meta":{"footnotes":""},"class_list":["post-1666","page","type-page","status-publish","hentry"],"acf":[],"yoast_head":"<!-- This site is optimized with the Yoast SEO plugin v23.3 - https:\/\/yoast.com\/wordpress\/plugins\/seo\/ -->\n<title>\u0130\u015f Ortaklar\u0131m\u0131za \u00d6zel - Electrolux Professional<\/title>\n<meta name=\"description\" content=\"Ortaklar\u0131m\u0131z i\u00e7in ayr\u0131lm\u0131\u015f alan. ToolBox, Ortaklar\u0131m\u0131z\u0131n sat\u0131\u015f \u00f6ncesi, sat\u0131\u015f ve sat\u0131\u015f sonras\u0131 i\u015f faaliyetlerine y\u00f6nelik ara\u00e7lar\u0131 bulabilece\u011fi \u00f6zel bir aland\u0131r.\" \/>\n<meta name=\"robots\" content=\"index, follow, max-snippet:-1, max-image-preview:large, max-video-preview:-1\" \/>\n<link rel=\"canonical\" href=\"https:\/\/www.electroluxprofessional.com\/tr\/is-ortaklarimiza-ozel\/\" \/>\n<meta property=\"og:locale\" content=\"tr_TR\" \/>\n<meta property=\"og:type\" content=\"article\" \/>\n<meta property=\"og:title\" content=\"\u0130\u015f Ortaklar\u0131m\u0131za \u00d6zel - Electrolux Professional\" \/>\n<meta property=\"og:description\" content=\"Ortaklar\u0131m\u0131z i\u00e7in ayr\u0131lm\u0131\u015f alan. ToolBox, Ortaklar\u0131m\u0131z\u0131n sat\u0131\u015f \u00f6ncesi, sat\u0131\u015f ve sat\u0131\u015f sonras\u0131 i\u015f faaliyetlerine y\u00f6nelik ara\u00e7lar\u0131 bulabilece\u011fi \u00f6zel bir aland\u0131r.\" \/>\n<meta property=\"og:url\" content=\"https:\/\/www.electroluxprofessional.com\/tr\/is-ortaklarimiza-ozel\/\" \/>\n<meta property=\"og:site_name\" content=\"Electrolux Professional T\u00fcrkiye\" \/>\n<meta property=\"article:modified_time\" content=\"2025-04-16T14:13:20+00:00\" \/>\n<meta name=\"twitter:card\" content=\"summary_large_image\" \/>\n<meta name=\"twitter:label1\" content=\"Tahmini okuma s\u00fcresi\" \/>\n\t<meta name=\"twitter:data1\" content=\"2 dakika\" \/>\n<script type=\"application\/ld+json\" class=\"yoast-schema-graph\">{\"@context\":\"https:\/\/schema.org\",\"@graph\":[{\"@type\":\"WebPage\",\"@id\":\"https:\/\/www.electroluxprofessional.com\/tr\/is-ortaklarimiza-ozel\/\",\"url\":\"https:\/\/www.electroluxprofessional.com\/tr\/is-ortaklarimiza-ozel\/\",\"name\":\"\u0130\u015f Ortaklar\u0131m\u0131za \u00d6zel - Electrolux Professional\",\"isPartOf\":{\"@id\":\"https:\/\/www.electroluxprofessional.com\/tr\/#website\"},\"datePublished\":\"2017-02-15T15:28:47+00:00\",\"dateModified\":\"2025-04-16T14:13:20+00:00\",\"description\":\"Ortaklar\u0131m\u0131z i\u00e7in ayr\u0131lm\u0131\u015f alan. ToolBox, Ortaklar\u0131m\u0131z\u0131n sat\u0131\u015f \u00f6ncesi, sat\u0131\u015f ve sat\u0131\u015f sonras\u0131 i\u015f faaliyetlerine y\u00f6nelik ara\u00e7lar\u0131 bulabilece\u011fi \u00f6zel bir aland\u0131r.\",\"breadcrumb\":{\"@id\":\"https:\/\/www.electroluxprofessional.com\/tr\/is-ortaklarimiza-ozel\/#breadcrumb\"},\"inLanguage\":\"tr\",\"potentialAction\":[{\"@type\":\"ReadAction\",\"target\":[\"https:\/\/www.electroluxprofessional.com\/tr\/is-ortaklarimiza-ozel\/\"]}]},{\"@type\":\"BreadcrumbList\",\"@id\":\"https:\/\/www.electroluxprofessional.com\/tr\/is-ortaklarimiza-ozel\/#breadcrumb\",\"itemListElement\":[{\"@type\":\"ListItem\",\"position\":1,\"name\":\"Home\",\"item\":\"https:\/\/www.electroluxprofessional.com\/tr\/\"},{\"@type\":\"ListItem\",\"position\":2,\"name\":\"\u0130\u015f Ortaklar\u0131m\u0131za \u00d6zel\"}]},{\"@type\":\"WebSite\",\"@id\":\"https:\/\/www.electroluxprofessional.com\/tr\/#website\",\"url\":\"https:\/\/www.electroluxprofessional.com\/tr\/\",\"name\":\"Electrolux Professional T\u00fcrkiye\",\"description\":\"\",\"potentialAction\":[{\"@type\":\"SearchAction\",\"target\":{\"@type\":\"EntryPoint\",\"urlTemplate\":\"https:\/\/www.electroluxprofessional.com\/tr\/?src={search_term_string}\"},\"query-input\":\"required name=search_term_string\"}],\"inLanguage\":\"tr\"}]}<\/script>\n<!-- \/ Yoast SEO plugin. -->","yoast_head_json":{"title":"\u0130\u015f Ortaklar\u0131m\u0131za \u00d6zel - Electrolux Professional","description":"Ortaklar\u0131m\u0131z i\u00e7in ayr\u0131lm\u0131\u015f alan. ToolBox, Ortaklar\u0131m\u0131z\u0131n sat\u0131\u015f \u00f6ncesi, sat\u0131\u015f ve sat\u0131\u015f sonras\u0131 i\u015f faaliyetlerine y\u00f6nelik ara\u00e7lar\u0131 bulabilece\u011fi \u00f6zel bir aland\u0131r.","robots":{"index":"index","follow":"follow","max-snippet":"max-snippet:-1","max-image-preview":"max-image-preview:large","max-video-preview":"max-video-preview:-1"},"canonical":"https:\/\/www.electroluxprofessional.com\/tr\/is-ortaklarimiza-ozel\/","og_locale":"tr_TR","og_type":"article","og_title":"\u0130\u015f Ortaklar\u0131m\u0131za \u00d6zel - Electrolux Professional","og_description":"Ortaklar\u0131m\u0131z i\u00e7in ayr\u0131lm\u0131\u015f alan. ToolBox, Ortaklar\u0131m\u0131z\u0131n sat\u0131\u015f \u00f6ncesi, sat\u0131\u015f ve sat\u0131\u015f sonras\u0131 i\u015f faaliyetlerine y\u00f6nelik ara\u00e7lar\u0131 bulabilece\u011fi \u00f6zel bir aland\u0131r.","og_url":"https:\/\/www.electroluxprofessional.com\/tr\/is-ortaklarimiza-ozel\/","og_site_name":"Electrolux Professional T\u00fcrkiye","article_modified_time":"2025-04-16T14:13:20+00:00","twitter_card":"summary_large_image","twitter_misc":{"Tahmini okuma s\u00fcresi":"2 dakika"},"schema":{"@context":"https:\/\/schema.org","@graph":[{"@type":"WebPage","@id":"https:\/\/www.electroluxprofessional.com\/tr\/is-ortaklarimiza-ozel\/","url":"https:\/\/www.electroluxprofessional.com\/tr\/is-ortaklarimiza-ozel\/","name":"\u0130\u015f Ortaklar\u0131m\u0131za \u00d6zel - Electrolux Professional","isPartOf":{"@id":"https:\/\/www.electroluxprofessional.com\/tr\/#website"},"datePublished":"2017-02-15T15:28:47+00:00","dateModified":"2025-04-16T14:13:20+00:00","description":"Ortaklar\u0131m\u0131z i\u00e7in ayr\u0131lm\u0131\u015f alan. ToolBox, Ortaklar\u0131m\u0131z\u0131n sat\u0131\u015f \u00f6ncesi, sat\u0131\u015f ve sat\u0131\u015f sonras\u0131 i\u015f faaliyetlerine y\u00f6nelik ara\u00e7lar\u0131 bulabilece\u011fi \u00f6zel bir aland\u0131r.","breadcrumb":{"@id":"https:\/\/www.electroluxprofessional.com\/tr\/is-ortaklarimiza-ozel\/#breadcrumb"},"inLanguage":"tr","potentialAction":[{"@type":"ReadAction","target":["https:\/\/www.electroluxprofessional.com\/tr\/is-ortaklarimiza-ozel\/"]}]},{"@type":"BreadcrumbList","@id":"https:\/\/www.electroluxprofessional.com\/tr\/is-ortaklarimiza-ozel\/#breadcrumb","itemListElement":[{"@type":"ListItem","position":1,"name":"Home","item":"https:\/\/www.electroluxprofessional.com\/tr\/"},{"@type":"ListItem","position":2,"name":"\u0130\u015f Ortaklar\u0131m\u0131za \u00d6zel"}]},{"@type":"WebSite","@id":"https:\/\/www.electroluxprofessional.com\/tr\/#website","url":"https:\/\/www.electroluxprofessional.com\/tr\/","name":"Electrolux Professional T\u00fcrkiye","description":"","potentialAction":[{"@type":"SearchAction","target":{"@type":"EntryPoint","urlTemplate":"https:\/\/www.electroluxprofessional.com\/tr\/?src={search_term_string}"},"query-input":"required name=search_term_string"}],"inLanguage":"tr"}]}},"_links":{"self":[{"href":"https:\/\/www.electroluxprofessional.com\/tr\/wp-json\/wp\/v2\/pages\/1666"}],"collection":[{"href":"https:\/\/www.electroluxprofessional.com\/tr\/wp-json\/wp\/v2\/pages"}],"about":[{"href":"https:\/\/www.electroluxprofessional.com\/tr\/wp-json\/wp\/v2\/types\/page"}],"author":[{"embeddable":true,"href":"https:\/\/www.electroluxprofessional.com\/tr\/wp-json\/wp\/v2\/users\/3"}],"replies":[{"embeddable":true,"href":"https:\/\/www.electroluxprofessional.com\/tr\/wp-json\/wp\/v2\/comments?post=1666"}],"version-history":[{"count":8,"href":"https:\/\/www.electroluxprofessional.com\/tr\/wp-json\/wp\/v2\/pages\/1666\/revisions"}],"predecessor-version":[{"id":19459,"href":"https:\/\/www.electroluxprofessional.com\/tr\/wp-json\/wp\/v2\/pages\/1666\/revisions\/19459"}],"wp:attachment":[{"href":"https:\/\/www.electroluxprofessional.com\/tr\/wp-json\/wp\/v2\/media?parent=1666"}],"curies":[{"name":"wp","href":"https:\/\/api.w.org\/{rel}","templated":true}]}}