{"id":1655,"date":"2016-06-16T09:59:30","date_gmt":"2016-06-16T09:59:30","guid":{"rendered":"https:\/\/www.electroluxprofessional.com\/?page_id=2408"},"modified":"2025-11-06T07:16:17","modified_gmt":"2025-11-06T07:16:17","slug":"self-servis-camasirhaneler","status":"publish","type":"page","link":"https:\/\/www.electroluxprofessional.com\/tr\/isletmenize-yonelik-cozumler\/self-servis-camasirhaneler\/","title":{"rendered":"Self-servis \u00e7ama\u015f\u0131rhaneler"},"content":{"rendered":"<p>[vc_row full_width=&#8221;electroluxpro-full-width-no-padding&#8221; equal_height=&#8221;yes&#8221;][vc_column reveal_effect=&#8221;&#8221;][elx_full_banner title=&#8221;Self-Servis \u00c7ama\u015f\u0131rhaneler&#8221; background_image_media_library=&#8221;22490&#8243; background_image_media_library_mobile=&#8221;22491&#8243;][\/vc_column][\/vc_row][vc_row][vc_column][vc_empty_space][elx_heading font_container=&#8221;h1&#8243; text_color=&#8221;inherit&#8221;]Farkl\u0131 i\u015fletme t\u00fcrleri i\u00e7in Self-servis \u00c7ama\u015f\u0131rhaneleri[\/elx_heading][\/vc_column][\/vc_row][vc_row][vc_column width=&#8221;1\/3&#8243;][elx_maylike_box id_box=&#8221;1650&#8243;][\/vc_column][vc_column width=&#8221;1\/3&#8243;][elx_maylike_box id_box=&#8221;7603&#8243;][\/vc_column][vc_column width=&#8221;1\/3&#8243;][elx_maylike_box id_box=&#8221;16324&#8243;][\/vc_column][\/vc_row][vc_row][vc_column][vc_empty_space][elx_heading font_container=&#8221;h1&#8243; text_color=&#8221;inherit&#8221;]Ki\u015fiye \u00f6zel \u00e7\u00f6z\u00fcmler[\/elx_heading][vc_column_text]Her kurulum farkl\u0131d\u0131r. \u0130novatif planlama ara\u00e7lar\u0131yla \u00e7ama\u015f\u0131rhane uzmanlar\u0131m\u0131z her t\u00fcrl\u00fc yap\u0131land\u0131rmay\u0131 sim\u00fcle edecek ve size sanal bir ger\u00e7eklik tasla\u011f\u0131 sunacakt\u0131r.[\/vc_column_text][\/vc_column][\/vc_row][vc_row][vc_column width=&#8221;1\/3&#8243;][elx_download_block text=&#8221;Self-Servis \u00c7ama\u015f\u0131rhane (EN)&#8221; link=&#8221;https:\/\/www.electroluxprofessional.com\/tr\/wp-content\/uploads\/2017\/11\/Self-Service-Laundry_ENG_lo.pdf&#8221; background_color=&#8221;self-laundries&#8221; reveal_effect=&#8221;&#8221; reveal_duration=&#8221;&#8221; reveal_delay=&#8221;&#8221;][\/vc_column][vc_column width=&#8221;1\/3&#8243;][elx_download_block text=&#8221;\u00c7ok Ama\u00e7l\u0131 \u00c7ama\u015f\u0131rhane (EN)&#8221; link=&#8221;https:\/\/www.electroluxprofessional.com\/tr\/wp-content\/uploads\/2017\/11\/Multi-Housing-Laundry_ENG_lo.pdf&#8221; background_color=&#8221;self-laundries&#8221; reveal_effect=&#8221;&#8221; reveal_duration=&#8221;&#8221; reveal_delay=&#8221;&#8221;][\/vc_column][vc_column width=&#8221;1\/3&#8243;][\/vc_column][\/vc_row][vc_row][vc_column][elx_heading font_container=&#8221;h1&#8243; text_color=&#8221;inherit&#8221;]Electrolux Professional&#8217;\u00fcn i\u015fletmeniz i\u00e7in neler yapabilece\u011fini ke\u015ffedin[\/elx_heading][elx_o2000_contact_us s=&#8221;Request for information: self-service laundries&#8221; country=&#8221;Turkey&#8221; b=&#8221;laundry&#8221; container=&#8221;elxcontactus1466432583&#8243; r=&#8221;Self Servis \u00c7ama\u015f\u0131rhane \u00c7\u00f6z\u00fcmleri ile ilgili daha fazla bilgi almak istiyorum, l\u00fctfen benimle ileti\u015fime ge\u00e7in.&#8221; l=&#8221;tr&#8221; request=&#8221;Daha fazla bilgi edinmek istiyorum&#8230;&#8221;][\/vc_column][\/vc_row][vc_row][vc_column][vc_empty_space][\/vc_column][\/vc_row]<\/p>\n","protected":false},"excerpt":{"rendered":"<p>[vc_row full_width=&#8221;electroluxpro-full-width-no-padding&#8221; equal_height=&#8221;yes&#8221;][vc_column reveal_effect=&#8221;&#8221;][elx_full_banner title=&#8221;Self-Servis \u00c7ama\u015f\u0131rhaneler&#8221; background_image_media_library=&#8221;22490&#8243; background_image_media_library_mobile=&#8221;22491&#8243;][\/vc_column][\/vc_row][vc_row][vc_column][vc_empty_space][elx_heading font_container=&#8221;h1&#8243; text_color=&#8221;inherit&#8221;]Farkl\u0131 i\u015fletme t\u00fcrleri i\u00e7in Self-servis \u00c7ama\u015f\u0131rhaneleri[\/elx_heading][\/vc_column][\/vc_row][vc_row][vc_column width=&#8221;1\/3&#8243;][elx_maylike_box id_box=&#8221;1650&#8243;][\/vc_column][vc_column width=&#8221;1\/3&#8243;][elx_maylike_box id_box=&#8221;7603&#8243;][\/vc_column][vc_column width=&#8221;1\/3&#8243;][elx_maylike_box id_box=&#8221;16324&#8243;][\/vc_column][\/vc_row][vc_row][vc_column][vc_empty_space][elx_heading font_container=&#8221;h1&#8243; text_color=&#8221;inherit&#8221;]Ki\u015fiye \u00f6zel \u00e7\u00f6z\u00fcmler[\/elx_heading][vc_column_text]Her kurulum farkl\u0131d\u0131r. \u0130novatif planlama ara\u00e7lar\u0131yla \u00e7ama\u015f\u0131rhane uzmanlar\u0131m\u0131z her t\u00fcrl\u00fc yap\u0131land\u0131rmay\u0131 sim\u00fcle edecek ve size sanal bir ger\u00e7eklik tasla\u011f\u0131 sunacakt\u0131r.[\/vc_column_text][\/vc_column][\/vc_row][vc_row][vc_column width=&#8221;1\/3&#8243;][elx_download_block text=&#8221;Self-Servis \u00c7ama\u015f\u0131rhane (EN)&#8221; link=&#8221;https:\/\/www.electroluxprofessional.com\/tr\/wp-content\/uploads\/2017\/11\/Self-Service-Laundry_ENG_lo.pdf&#8221; background_color=&#8221;self-laundries&#8221; reveal_effect=&#8221;&#8221; reveal_duration=&#8221;&#8221; reveal_delay=&#8221;&#8221;][\/vc_column][vc_column width=&#8221;1\/3&#8243;][elx_download_block text=&#8221;\u00c7ok [&hellip;]<\/p>\n","protected":false},"author":3,"featured_media":1506,"parent":1508,"menu_order":0,"comment_status":"closed","ping_status":"closed","template":"","meta":{"footnotes":""},"class_list":["post-1655","page","type-page","status-publish","has-post-thumbnail","hentry"],"acf":[],"yoast_head":"<!-- This site is optimized with the Yoast SEO plugin v23.3 - https:\/\/yoast.com\/wordpress\/plugins\/seo\/ -->\n<title>Self-Servis \u00c7ama\u015f\u0131rhaneler - Electrolux Professional<\/title>\n<meta name=\"description\" content=\"Her tarz i\u015f ve i\u015fyeri i\u00e7in \u00e7ama\u015f\u0131rhane servisleri. Jetonlu \u00e7ama\u015f\u0131rhanelerden \u00e7oklu \u00e7ama\u015f\u0131rhane \u00fcr\u00fcnlerine kadar t\u00fcm \u00e7\u00f6z\u00fcmlerimizi ke\u015ffedin.\" \/>\n<meta name=\"robots\" content=\"index, follow, max-snippet:-1, max-image-preview:large, max-video-preview:-1\" \/>\n<link rel=\"canonical\" href=\"https:\/\/www.electroluxprofessional.com\/tr\/isletmenize-yonelik-cozumler\/self-servis-camasirhaneler\/\" \/>\n<meta property=\"og:locale\" content=\"tr_TR\" \/>\n<meta property=\"og:type\" content=\"article\" \/>\n<meta property=\"og:title\" content=\"Self-Servis \u00c7ama\u015f\u0131rhaneler - Electrolux Professional\" \/>\n<meta property=\"og:description\" content=\"Her tarz i\u015f ve i\u015fyeri i\u00e7in \u00e7ama\u015f\u0131rhane servisleri. Jetonlu \u00e7ama\u015f\u0131rhanelerden \u00e7oklu \u00e7ama\u015f\u0131rhane \u00fcr\u00fcnlerine kadar t\u00fcm \u00e7\u00f6z\u00fcmlerimizi ke\u015ffedin.\" \/>\n<meta property=\"og:url\" content=\"https:\/\/www.electroluxprofessional.com\/tr\/isletmenize-yonelik-cozumler\/self-servis-camasirhaneler\/\" \/>\n<meta property=\"og:site_name\" content=\"Electrolux Professional T\u00fcrkiye\" \/>\n<meta property=\"article:modified_time\" content=\"2025-11-06T07:16:17+00:00\" \/>\n<meta property=\"og:image\" content=\"https:\/\/www.electroluxprofessional.com\/tr\/wp-content\/uploads\/2016\/11\/self.jpg\" \/>\n\t<meta property=\"og:image:width\" content=\"700\" \/>\n\t<meta property=\"og:image:height\" content=\"700\" \/>\n\t<meta property=\"og:image:type\" content=\"image\/jpeg\" \/>\n<meta name=\"twitter:card\" content=\"summary_large_image\" \/>\n<meta name=\"twitter:label1\" content=\"Tahmini okuma s\u00fcresi\" \/>\n\t<meta name=\"twitter:data1\" content=\"2 dakika\" \/>\n<script type=\"application\/ld+json\" class=\"yoast-schema-graph\">{\"@context\":\"https:\/\/schema.org\",\"@graph\":[{\"@type\":\"WebPage\",\"@id\":\"https:\/\/www.electroluxprofessional.com\/tr\/isletmenize-yonelik-cozumler\/self-servis-camasirhaneler\/\",\"url\":\"https:\/\/www.electroluxprofessional.com\/tr\/isletmenize-yonelik-cozumler\/self-servis-camasirhaneler\/\",\"name\":\"Self-Servis \u00c7ama\u015f\u0131rhaneler - Electrolux Professional\",\"isPartOf\":{\"@id\":\"https:\/\/www.electroluxprofessional.com\/tr\/#website\"},\"primaryImageOfPage\":{\"@id\":\"https:\/\/www.electroluxprofessional.com\/tr\/isletmenize-yonelik-cozumler\/self-servis-camasirhaneler\/#primaryimage\"},\"image\":{\"@id\":\"https:\/\/www.electroluxprofessional.com\/tr\/isletmenize-yonelik-cozumler\/self-servis-camasirhaneler\/#primaryimage\"},\"thumbnailUrl\":\"https:\/\/www.electroluxprofessional.com\/tr\/wp-content\/uploads\/2016\/11\/self.jpg\",\"datePublished\":\"2016-06-16T09:59:30+00:00\",\"dateModified\":\"2025-11-06T07:16:17+00:00\",\"description\":\"Her tarz i\u015f ve i\u015fyeri i\u00e7in \u00e7ama\u015f\u0131rhane servisleri. Jetonlu \u00e7ama\u015f\u0131rhanelerden \u00e7oklu \u00e7ama\u015f\u0131rhane \u00fcr\u00fcnlerine kadar t\u00fcm \u00e7\u00f6z\u00fcmlerimizi ke\u015ffedin.\",\"breadcrumb\":{\"@id\":\"https:\/\/www.electroluxprofessional.com\/tr\/isletmenize-yonelik-cozumler\/self-servis-camasirhaneler\/#breadcrumb\"},\"inLanguage\":\"tr\",\"potentialAction\":[{\"@type\":\"ReadAction\",\"target\":[\"https:\/\/www.electroluxprofessional.com\/tr\/isletmenize-yonelik-cozumler\/self-servis-camasirhaneler\/\"]}]},{\"@type\":\"ImageObject\",\"inLanguage\":\"tr\",\"@id\":\"https:\/\/www.electroluxprofessional.com\/tr\/isletmenize-yonelik-cozumler\/self-servis-camasirhaneler\/#primaryimage\",\"url\":\"https:\/\/www.electroluxprofessional.com\/tr\/wp-content\/uploads\/2016\/11\/self.jpg\",\"contentUrl\":\"https:\/\/www.electroluxprofessional.com\/tr\/wp-content\/uploads\/2016\/11\/self.jpg\",\"width\":700,\"height\":700,\"caption\":\"Self-service laundries\"},{\"@type\":\"BreadcrumbList\",\"@id\":\"https:\/\/www.electroluxprofessional.com\/tr\/isletmenize-yonelik-cozumler\/self-servis-camasirhaneler\/#breadcrumb\",\"itemListElement\":[{\"@type\":\"ListItem\",\"position\":1,\"name\":\"Home\",\"item\":\"https:\/\/www.electroluxprofessional.com\/tr\/\"},{\"@type\":\"ListItem\",\"position\":2,\"name\":\"\u0130\u015fletmenize Y\u00f6nelik \u00c7\u00f6z\u00fcmler\",\"item\":\"https:\/\/www.electroluxprofessional.com\/tr\/isletmenize-yonelik-cozumler\/\"},{\"@type\":\"ListItem\",\"position\":3,\"name\":\"Self-servis \u00e7ama\u015f\u0131rhaneler\"}]},{\"@type\":\"WebSite\",\"@id\":\"https:\/\/www.electroluxprofessional.com\/tr\/#website\",\"url\":\"https:\/\/www.electroluxprofessional.com\/tr\/\",\"name\":\"Electrolux Professional T\u00fcrkiye\",\"description\":\"\",\"potentialAction\":[{\"@type\":\"SearchAction\",\"target\":{\"@type\":\"EntryPoint\",\"urlTemplate\":\"https:\/\/www.electroluxprofessional.com\/tr\/?src={search_term_string}\"},\"query-input\":\"required name=search_term_string\"}],\"inLanguage\":\"tr\"}]}<\/script>\n<!-- \/ Yoast SEO plugin. -->","yoast_head_json":{"title":"Self-Servis \u00c7ama\u015f\u0131rhaneler - Electrolux Professional","description":"Her tarz i\u015f ve i\u015fyeri i\u00e7in \u00e7ama\u015f\u0131rhane servisleri. Jetonlu \u00e7ama\u015f\u0131rhanelerden \u00e7oklu \u00e7ama\u015f\u0131rhane \u00fcr\u00fcnlerine kadar t\u00fcm \u00e7\u00f6z\u00fcmlerimizi ke\u015ffedin.","robots":{"index":"index","follow":"follow","max-snippet":"max-snippet:-1","max-image-preview":"max-image-preview:large","max-video-preview":"max-video-preview:-1"},"canonical":"https:\/\/www.electroluxprofessional.com\/tr\/isletmenize-yonelik-cozumler\/self-servis-camasirhaneler\/","og_locale":"tr_TR","og_type":"article","og_title":"Self-Servis \u00c7ama\u015f\u0131rhaneler - Electrolux Professional","og_description":"Her tarz i\u015f ve i\u015fyeri i\u00e7in \u00e7ama\u015f\u0131rhane servisleri. Jetonlu \u00e7ama\u015f\u0131rhanelerden \u00e7oklu \u00e7ama\u015f\u0131rhane \u00fcr\u00fcnlerine kadar t\u00fcm \u00e7\u00f6z\u00fcmlerimizi ke\u015ffedin.","og_url":"https:\/\/www.electroluxprofessional.com\/tr\/isletmenize-yonelik-cozumler\/self-servis-camasirhaneler\/","og_site_name":"Electrolux Professional T\u00fcrkiye","article_modified_time":"2025-11-06T07:16:17+00:00","og_image":[{"width":700,"height":700,"url":"https:\/\/www.electroluxprofessional.com\/tr\/wp-content\/uploads\/2016\/11\/self.jpg","type":"image\/jpeg"}],"twitter_card":"summary_large_image","twitter_misc":{"Tahmini okuma s\u00fcresi":"2 dakika"},"schema":{"@context":"https:\/\/schema.org","@graph":[{"@type":"WebPage","@id":"https:\/\/www.electroluxprofessional.com\/tr\/isletmenize-yonelik-cozumler\/self-servis-camasirhaneler\/","url":"https:\/\/www.electroluxprofessional.com\/tr\/isletmenize-yonelik-cozumler\/self-servis-camasirhaneler\/","name":"Self-Servis \u00c7ama\u015f\u0131rhaneler - Electrolux Professional","isPartOf":{"@id":"https:\/\/www.electroluxprofessional.com\/tr\/#website"},"primaryImageOfPage":{"@id":"https:\/\/www.electroluxprofessional.com\/tr\/isletmenize-yonelik-cozumler\/self-servis-camasirhaneler\/#primaryimage"},"image":{"@id":"https:\/\/www.electroluxprofessional.com\/tr\/isletmenize-yonelik-cozumler\/self-servis-camasirhaneler\/#primaryimage"},"thumbnailUrl":"https:\/\/www.electroluxprofessional.com\/tr\/wp-content\/uploads\/2016\/11\/self.jpg","datePublished":"2016-06-16T09:59:30+00:00","dateModified":"2025-11-06T07:16:17+00:00","description":"Her tarz i\u015f ve i\u015fyeri i\u00e7in \u00e7ama\u015f\u0131rhane servisleri. Jetonlu \u00e7ama\u015f\u0131rhanelerden \u00e7oklu \u00e7ama\u015f\u0131rhane \u00fcr\u00fcnlerine kadar t\u00fcm \u00e7\u00f6z\u00fcmlerimizi ke\u015ffedin.","breadcrumb":{"@id":"https:\/\/www.electroluxprofessional.com\/tr\/isletmenize-yonelik-cozumler\/self-servis-camasirhaneler\/#breadcrumb"},"inLanguage":"tr","potentialAction":[{"@type":"ReadAction","target":["https:\/\/www.electroluxprofessional.com\/tr\/isletmenize-yonelik-cozumler\/self-servis-camasirhaneler\/"]}]},{"@type":"ImageObject","inLanguage":"tr","@id":"https:\/\/www.electroluxprofessional.com\/tr\/isletmenize-yonelik-cozumler\/self-servis-camasirhaneler\/#primaryimage","url":"https:\/\/www.electroluxprofessional.com\/tr\/wp-content\/uploads\/2016\/11\/self.jpg","contentUrl":"https:\/\/www.electroluxprofessional.com\/tr\/wp-content\/uploads\/2016\/11\/self.jpg","width":700,"height":700,"caption":"Self-service laundries"},{"@type":"BreadcrumbList","@id":"https:\/\/www.electroluxprofessional.com\/tr\/isletmenize-yonelik-cozumler\/self-servis-camasirhaneler\/#breadcrumb","itemListElement":[{"@type":"ListItem","position":1,"name":"Home","item":"https:\/\/www.electroluxprofessional.com\/tr\/"},{"@type":"ListItem","position":2,"name":"\u0130\u015fletmenize Y\u00f6nelik \u00c7\u00f6z\u00fcmler","item":"https:\/\/www.electroluxprofessional.com\/tr\/isletmenize-yonelik-cozumler\/"},{"@type":"ListItem","position":3,"name":"Self-servis \u00e7ama\u015f\u0131rhaneler"}]},{"@type":"WebSite","@id":"https:\/\/www.electroluxprofessional.com\/tr\/#website","url":"https:\/\/www.electroluxprofessional.com\/tr\/","name":"Electrolux Professional T\u00fcrkiye","description":"","potentialAction":[{"@type":"SearchAction","target":{"@type":"EntryPoint","urlTemplate":"https:\/\/www.electroluxprofessional.com\/tr\/?src={search_term_string}"},"query-input":"required name=search_term_string"}],"inLanguage":"tr"}]}},"_links":{"self":[{"href":"https:\/\/www.electroluxprofessional.com\/tr\/wp-json\/wp\/v2\/pages\/1655"}],"collection":[{"href":"https:\/\/www.electroluxprofessional.com\/tr\/wp-json\/wp\/v2\/pages"}],"about":[{"href":"https:\/\/www.electroluxprofessional.com\/tr\/wp-json\/wp\/v2\/types\/page"}],"author":[{"embeddable":true,"href":"https:\/\/www.electroluxprofessional.com\/tr\/wp-json\/wp\/v2\/users\/3"}],"replies":[{"embeddable":true,"href":"https:\/\/www.electroluxprofessional.com\/tr\/wp-json\/wp\/v2\/comments?post=1655"}],"version-history":[{"count":17,"href":"https:\/\/www.electroluxprofessional.com\/tr\/wp-json\/wp\/v2\/pages\/1655\/revisions"}],"predecessor-version":[{"id":22974,"href":"https:\/\/www.electroluxprofessional.com\/tr\/wp-json\/wp\/v2\/pages\/1655\/revisions\/22974"}],"up":[{"embeddable":true,"href":"https:\/\/www.electroluxprofessional.com\/tr\/wp-json\/wp\/v2\/pages\/1508"}],"wp:featuredmedia":[{"embeddable":true,"href":"https:\/\/www.electroluxprofessional.com\/tr\/wp-json\/wp\/v2\/media\/1506"}],"wp:attachment":[{"href":"https:\/\/www.electroluxprofessional.com\/tr\/wp-json\/wp\/v2\/media?parent=1655"}],"curies":[{"name":"wp","href":"https:\/\/api.w.org\/{rel}","templated":true}]}}