{"id":1641,"date":"2016-12-06T11:01:26","date_gmt":"2016-12-06T11:01:26","guid":{"rendered":"https:\/\/www.electroluxprofessional.com\/?page_id=6474"},"modified":"2025-06-30T07:28:38","modified_gmt":"2025-06-30T07:28:38","slug":"ticari-camasirhaneler","status":"publish","type":"page","link":"https:\/\/www.electroluxprofessional.com\/tr\/isletmenize-yonelik-cozumler\/ticari-camasirhaneler\/","title":{"rendered":"Ticari \u00c7ama\u015f\u0131rhaneler"},"content":{"rendered":"<p>[vc_row full_width=&#8221;electroluxpro-full-width-no-padding&#8221;][vc_column][elx_hero_slider text_position=&#8221;hero_slider_text_align_right&#8221; label_text_color=&#8221;inherit&#8221; images=&#8221;1640&#8243;][elx_heading font_container=&#8221;h1&#8243; text_color=&#8221;inherit&#8221;]Ticari \u00c7ama\u015f\u0131rhaneler[\/elx_heading][\/elx_hero_slider][\/vc_column][\/vc_row][vc_row][vc_column width=&#8221;1\/4&#8243;][elx_maylike_box id_box=&#8221;7617&#8243;][\/vc_column][vc_column width=&#8221;1\/4&#8243;][elx_maylike_box id_box=&#8221;2785&#8243;][\/vc_column][vc_column width=&#8221;1\/4&#8243;][elx_maylike_box id_box=&#8221;1498&#8243;][\/vc_column][vc_column width=&#8221;1\/4&#8243;][elx_maylike_box id_box=&#8221;1502&#8243; matched_labels=&#8221;&#8221;][\/vc_column][\/vc_row][vc_row][vc_column][vc_empty_space height=&#8221;50px&#8221;][elx_heading text_color=&#8221;inherit&#8221;]Electrolux Professional&#8217;\u0131n i\u015fletmeniz i\u00e7in neler yapabilece\u011fini ke\u015ffedin[\/elx_heading][elx_o2000_contact_us s=&#8221;Request of information about commercial laundries.&#8221; b=&#8221;laundry&#8221; container=&#8221;elxcontactus1484733826&#8243; r=&#8221;Ticari \u00c7ama\u015f\u0131rhaneler hakk\u0131nda daha fazla bilgi edinmek istiyorum. L\u00fctfen benimle ileti\u015fime ge\u00e7in.&#8221; l=&#8221;tr&#8221;][\/vc_column][\/vc_row]<\/p>\n","protected":false},"excerpt":{"rendered":"<p>[vc_row full_width=&#8221;electroluxpro-full-width-no-padding&#8221;][vc_column][elx_hero_slider text_position=&#8221;hero_slider_text_align_right&#8221; label_text_color=&#8221;inherit&#8221; images=&#8221;1640&#8243;][elx_heading font_container=&#8221;h1&#8243; text_color=&#8221;inherit&#8221;]Ticari \u00c7ama\u015f\u0131rhaneler[\/elx_heading][\/elx_hero_slider][\/vc_column][\/vc_row][vc_row][vc_column width=&#8221;1\/4&#8243;][elx_maylike_box id_box=&#8221;7617&#8243;][\/vc_column][vc_column width=&#8221;1\/4&#8243;][elx_maylike_box id_box=&#8221;2785&#8243;][\/vc_column][vc_column width=&#8221;1\/4&#8243;][elx_maylike_box id_box=&#8221;1498&#8243;][\/vc_column][vc_column width=&#8221;1\/4&#8243;][elx_maylike_box id_box=&#8221;1502&#8243; matched_labels=&#8221;&#8221;][\/vc_column][\/vc_row][vc_row][vc_column][vc_empty_space height=&#8221;50px&#8221;][elx_heading text_color=&#8221;inherit&#8221;]Electrolux Professional&#8217;\u0131n i\u015fletmeniz i\u00e7in neler yapabilece\u011fini ke\u015ffedin[\/elx_heading][elx_o2000_contact_us s=&#8221;Request of information about commercial laundries.&#8221; b=&#8221;laundry&#8221; container=&#8221;elxcontactus1484733826&#8243; r=&#8221;Ticari \u00c7ama\u015f\u0131rhaneler hakk\u0131nda daha fazla bilgi edinmek istiyorum. L\u00fctfen benimle ileti\u015fime ge\u00e7in.&#8221; l=&#8221;tr&#8221;][\/vc_column][\/vc_row]<\/p>\n","protected":false},"author":3,"featured_media":1637,"parent":1508,"menu_order":0,"comment_status":"closed","ping_status":"closed","template":"","meta":{"footnotes":""},"class_list":["post-1641","page","type-page","status-publish","has-post-thumbnail","hentry"],"acf":[],"yoast_head":"<!-- This site is optimized with the Yoast SEO plugin v23.3 - https:\/\/yoast.com\/wordpress\/plugins\/seo\/ -->\n<title>Ticari \u00c7ama\u015f\u0131rhaneler - Electrolux Professional<\/title>\n<meta name=\"description\" content=\"M\u00fckemmel bak\u0131m ve peformans i\u00e7in Electrolux Professional \u00e7ama\u015f\u0131rhane \u00e7\u00f6z\u00fcmlerini ke\u015ffedin.\" \/>\n<meta name=\"robots\" content=\"index, follow, max-snippet:-1, max-image-preview:large, max-video-preview:-1\" \/>\n<link rel=\"canonical\" href=\"https:\/\/www.electroluxprofessional.com\/tr\/isletmenize-yonelik-cozumler\/ticari-camasirhaneler\/\" \/>\n<meta property=\"og:locale\" content=\"tr_TR\" \/>\n<meta property=\"og:type\" content=\"article\" \/>\n<meta property=\"og:title\" content=\"Ticari \u00c7ama\u015f\u0131rhaneler - Electrolux Professional\" \/>\n<meta property=\"og:description\" content=\"M\u00fckemmel bak\u0131m ve peformans i\u00e7in Electrolux Professional \u00e7ama\u015f\u0131rhane \u00e7\u00f6z\u00fcmlerini ke\u015ffedin.\" \/>\n<meta property=\"og:url\" content=\"https:\/\/www.electroluxprofessional.com\/tr\/isletmenize-yonelik-cozumler\/ticari-camasirhaneler\/\" \/>\n<meta property=\"og:site_name\" content=\"Electrolux Professional T\u00fcrkiye\" \/>\n<meta property=\"article:modified_time\" content=\"2025-06-30T07:28:38+00:00\" \/>\n<meta property=\"og:image\" content=\"https:\/\/www.electroluxprofessional.com\/tr\/wp-content\/uploads\/2016\/12\/banner.jpg\" \/>\n\t<meta property=\"og:image:width\" content=\"1500\" \/>\n\t<meta property=\"og:image:height\" content=\"877\" \/>\n\t<meta property=\"og:image:type\" content=\"image\/jpeg\" \/>\n<meta name=\"twitter:card\" content=\"summary_large_image\" \/>\n<meta name=\"twitter:label1\" content=\"Tahmini okuma s\u00fcresi\" \/>\n\t<meta name=\"twitter:data1\" content=\"1 dakika\" \/>\n<script type=\"application\/ld+json\" class=\"yoast-schema-graph\">{\"@context\":\"https:\/\/schema.org\",\"@graph\":[{\"@type\":\"WebPage\",\"@id\":\"https:\/\/www.electroluxprofessional.com\/tr\/isletmenize-yonelik-cozumler\/ticari-camasirhaneler\/\",\"url\":\"https:\/\/www.electroluxprofessional.com\/tr\/isletmenize-yonelik-cozumler\/ticari-camasirhaneler\/\",\"name\":\"Ticari \u00c7ama\u015f\u0131rhaneler - Electrolux Professional\",\"isPartOf\":{\"@id\":\"https:\/\/www.electroluxprofessional.com\/tr\/#website\"},\"primaryImageOfPage\":{\"@id\":\"https:\/\/www.electroluxprofessional.com\/tr\/isletmenize-yonelik-cozumler\/ticari-camasirhaneler\/#primaryimage\"},\"image\":{\"@id\":\"https:\/\/www.electroluxprofessional.com\/tr\/isletmenize-yonelik-cozumler\/ticari-camasirhaneler\/#primaryimage\"},\"thumbnailUrl\":\"https:\/\/www.electroluxprofessional.com\/tr\/wp-content\/uploads\/2016\/12\/banner.jpg\",\"datePublished\":\"2016-12-06T11:01:26+00:00\",\"dateModified\":\"2025-06-30T07:28:38+00:00\",\"description\":\"M\u00fckemmel bak\u0131m ve peformans i\u00e7in Electrolux Professional \u00e7ama\u015f\u0131rhane \u00e7\u00f6z\u00fcmlerini ke\u015ffedin.\",\"breadcrumb\":{\"@id\":\"https:\/\/www.electroluxprofessional.com\/tr\/isletmenize-yonelik-cozumler\/ticari-camasirhaneler\/#breadcrumb\"},\"inLanguage\":\"tr\",\"potentialAction\":[{\"@type\":\"ReadAction\",\"target\":[\"https:\/\/www.electroluxprofessional.com\/tr\/isletmenize-yonelik-cozumler\/ticari-camasirhaneler\/\"]}]},{\"@type\":\"ImageObject\",\"inLanguage\":\"tr\",\"@id\":\"https:\/\/www.electroluxprofessional.com\/tr\/isletmenize-yonelik-cozumler\/ticari-camasirhaneler\/#primaryimage\",\"url\":\"https:\/\/www.electroluxprofessional.com\/tr\/wp-content\/uploads\/2016\/12\/banner.jpg\",\"contentUrl\":\"https:\/\/www.electroluxprofessional.com\/tr\/wp-content\/uploads\/2016\/12\/banner.jpg\",\"width\":1500,\"height\":877,\"caption\":\"Commercial laundries\"},{\"@type\":\"BreadcrumbList\",\"@id\":\"https:\/\/www.electroluxprofessional.com\/tr\/isletmenize-yonelik-cozumler\/ticari-camasirhaneler\/#breadcrumb\",\"itemListElement\":[{\"@type\":\"ListItem\",\"position\":1,\"name\":\"Home\",\"item\":\"https:\/\/www.electroluxprofessional.com\/tr\/\"},{\"@type\":\"ListItem\",\"position\":2,\"name\":\"\u0130\u015fletmenize Y\u00f6nelik \u00c7\u00f6z\u00fcmler\",\"item\":\"https:\/\/www.electroluxprofessional.com\/tr\/isletmenize-yonelik-cozumler\/\"},{\"@type\":\"ListItem\",\"position\":3,\"name\":\"Ticari \u00c7ama\u015f\u0131rhaneler\"}]},{\"@type\":\"WebSite\",\"@id\":\"https:\/\/www.electroluxprofessional.com\/tr\/#website\",\"url\":\"https:\/\/www.electroluxprofessional.com\/tr\/\",\"name\":\"Electrolux Professional T\u00fcrkiye\",\"description\":\"\",\"potentialAction\":[{\"@type\":\"SearchAction\",\"target\":{\"@type\":\"EntryPoint\",\"urlTemplate\":\"https:\/\/www.electroluxprofessional.com\/tr\/?src={search_term_string}\"},\"query-input\":\"required name=search_term_string\"}],\"inLanguage\":\"tr\"}]}<\/script>\n<!-- \/ Yoast SEO plugin. -->","yoast_head_json":{"title":"Ticari \u00c7ama\u015f\u0131rhaneler - Electrolux Professional","description":"M\u00fckemmel bak\u0131m ve peformans i\u00e7in Electrolux Professional \u00e7ama\u015f\u0131rhane \u00e7\u00f6z\u00fcmlerini ke\u015ffedin.","robots":{"index":"index","follow":"follow","max-snippet":"max-snippet:-1","max-image-preview":"max-image-preview:large","max-video-preview":"max-video-preview:-1"},"canonical":"https:\/\/www.electroluxprofessional.com\/tr\/isletmenize-yonelik-cozumler\/ticari-camasirhaneler\/","og_locale":"tr_TR","og_type":"article","og_title":"Ticari \u00c7ama\u015f\u0131rhaneler - Electrolux Professional","og_description":"M\u00fckemmel bak\u0131m ve peformans i\u00e7in Electrolux Professional \u00e7ama\u015f\u0131rhane \u00e7\u00f6z\u00fcmlerini ke\u015ffedin.","og_url":"https:\/\/www.electroluxprofessional.com\/tr\/isletmenize-yonelik-cozumler\/ticari-camasirhaneler\/","og_site_name":"Electrolux Professional T\u00fcrkiye","article_modified_time":"2025-06-30T07:28:38+00:00","og_image":[{"width":1500,"height":877,"url":"https:\/\/www.electroluxprofessional.com\/tr\/wp-content\/uploads\/2016\/12\/banner.jpg","type":"image\/jpeg"}],"twitter_card":"summary_large_image","twitter_misc":{"Tahmini okuma s\u00fcresi":"1 dakika"},"schema":{"@context":"https:\/\/schema.org","@graph":[{"@type":"WebPage","@id":"https:\/\/www.electroluxprofessional.com\/tr\/isletmenize-yonelik-cozumler\/ticari-camasirhaneler\/","url":"https:\/\/www.electroluxprofessional.com\/tr\/isletmenize-yonelik-cozumler\/ticari-camasirhaneler\/","name":"Ticari \u00c7ama\u015f\u0131rhaneler - Electrolux Professional","isPartOf":{"@id":"https:\/\/www.electroluxprofessional.com\/tr\/#website"},"primaryImageOfPage":{"@id":"https:\/\/www.electroluxprofessional.com\/tr\/isletmenize-yonelik-cozumler\/ticari-camasirhaneler\/#primaryimage"},"image":{"@id":"https:\/\/www.electroluxprofessional.com\/tr\/isletmenize-yonelik-cozumler\/ticari-camasirhaneler\/#primaryimage"},"thumbnailUrl":"https:\/\/www.electroluxprofessional.com\/tr\/wp-content\/uploads\/2016\/12\/banner.jpg","datePublished":"2016-12-06T11:01:26+00:00","dateModified":"2025-06-30T07:28:38+00:00","description":"M\u00fckemmel bak\u0131m ve peformans i\u00e7in Electrolux Professional \u00e7ama\u015f\u0131rhane \u00e7\u00f6z\u00fcmlerini ke\u015ffedin.","breadcrumb":{"@id":"https:\/\/www.electroluxprofessional.com\/tr\/isletmenize-yonelik-cozumler\/ticari-camasirhaneler\/#breadcrumb"},"inLanguage":"tr","potentialAction":[{"@type":"ReadAction","target":["https:\/\/www.electroluxprofessional.com\/tr\/isletmenize-yonelik-cozumler\/ticari-camasirhaneler\/"]}]},{"@type":"ImageObject","inLanguage":"tr","@id":"https:\/\/www.electroluxprofessional.com\/tr\/isletmenize-yonelik-cozumler\/ticari-camasirhaneler\/#primaryimage","url":"https:\/\/www.electroluxprofessional.com\/tr\/wp-content\/uploads\/2016\/12\/banner.jpg","contentUrl":"https:\/\/www.electroluxprofessional.com\/tr\/wp-content\/uploads\/2016\/12\/banner.jpg","width":1500,"height":877,"caption":"Commercial laundries"},{"@type":"BreadcrumbList","@id":"https:\/\/www.electroluxprofessional.com\/tr\/isletmenize-yonelik-cozumler\/ticari-camasirhaneler\/#breadcrumb","itemListElement":[{"@type":"ListItem","position":1,"name":"Home","item":"https:\/\/www.electroluxprofessional.com\/tr\/"},{"@type":"ListItem","position":2,"name":"\u0130\u015fletmenize Y\u00f6nelik \u00c7\u00f6z\u00fcmler","item":"https:\/\/www.electroluxprofessional.com\/tr\/isletmenize-yonelik-cozumler\/"},{"@type":"ListItem","position":3,"name":"Ticari \u00c7ama\u015f\u0131rhaneler"}]},{"@type":"WebSite","@id":"https:\/\/www.electroluxprofessional.com\/tr\/#website","url":"https:\/\/www.electroluxprofessional.com\/tr\/","name":"Electrolux Professional T\u00fcrkiye","description":"","potentialAction":[{"@type":"SearchAction","target":{"@type":"EntryPoint","urlTemplate":"https:\/\/www.electroluxprofessional.com\/tr\/?src={search_term_string}"},"query-input":"required name=search_term_string"}],"inLanguage":"tr"}]}},"_links":{"self":[{"href":"https:\/\/www.electroluxprofessional.com\/tr\/wp-json\/wp\/v2\/pages\/1641"}],"collection":[{"href":"https:\/\/www.electroluxprofessional.com\/tr\/wp-json\/wp\/v2\/pages"}],"about":[{"href":"https:\/\/www.electroluxprofessional.com\/tr\/wp-json\/wp\/v2\/types\/page"}],"author":[{"embeddable":true,"href":"https:\/\/www.electroluxprofessional.com\/tr\/wp-json\/wp\/v2\/users\/3"}],"replies":[{"embeddable":true,"href":"https:\/\/www.electroluxprofessional.com\/tr\/wp-json\/wp\/v2\/comments?post=1641"}],"version-history":[{"count":13,"href":"https:\/\/www.electroluxprofessional.com\/tr\/wp-json\/wp\/v2\/pages\/1641\/revisions"}],"predecessor-version":[{"id":21073,"href":"https:\/\/www.electroluxprofessional.com\/tr\/wp-json\/wp\/v2\/pages\/1641\/revisions\/21073"}],"up":[{"embeddable":true,"href":"https:\/\/www.electroluxprofessional.com\/tr\/wp-json\/wp\/v2\/pages\/1508"}],"wp:featuredmedia":[{"embeddable":true,"href":"https:\/\/www.electroluxprofessional.com\/tr\/wp-json\/wp\/v2\/media\/1637"}],"wp:attachment":[{"href":"https:\/\/www.electroluxprofessional.com\/tr\/wp-json\/wp\/v2\/media?parent=1641"}],"curies":[{"name":"wp","href":"https:\/\/api.w.org\/{rel}","templated":true}]}}