{"id":16162,"date":"2023-05-30T19:22:46","date_gmt":"2023-05-30T19:22:46","guid":{"rendered":"https:\/\/www.electroluxprofessional.com\/tr\/?page_id=16162"},"modified":"2025-11-06T07:09:18","modified_gmt":"2025-11-06T07:09:18","slug":"restoranlar-icin-cozumler","status":"publish","type":"page","link":"https:\/\/www.electroluxprofessional.com\/tr\/isletmenize-yonelik-cozumler\/restoranlar-icin-cozumler\/","title":{"rendered":"Restoranlar"},"content":{"rendered":"<p>[vc_row full_width=&#8221;electroluxpro-full-width-no-padding&#8221; css=&#8221;.vc_custom_1663584047097{margin-top: -50px !important;}&#8221;][vc_column reveal_effect=&#8221;&#8221;][elx_full_banner title=&#8221;Restoranlar&#8221; set_as_h1=&#8221;true&#8221; background_image_media_library=&#8221;16161&#8243; background_image_media_library_mobile=&#8221;43923&#8243;][\/vc_column][\/vc_row][vc_row disable_element=&#8221;yes&#8221; css=&#8221;.vc_custom_1663584023076{background-color: #041e41 !important;}&#8221;][vc_column reveal_effect=&#8221;&#8221; width=&#8221;2\/3&#8243;][vc_empty_space][vc_row_inner full_width=&#8221;electroluxpro-full-width-no-padding&#8221;][vc_column_inner width=&#8221;1\/4&#8243;][vc_single_image image=&#8221;16158&#8243; img_size=&#8221;full&#8221;][\/vc_column_inner][vc_column_inner width=&#8221;3\/4&#8243;][vc_empty_space height=&#8221;25px&#8221;][elx_heading font_container=&#8221;h1&#8243; font_size=&#8221;h3&#8243; text_color=&#8221;restaurant&#8221;]Restaurants[\/elx_heading][\/vc_column_inner][\/vc_row_inner][vc_empty_space height=&#8221;50px&#8221;][elx_heading font_container=&#8221;p&#8221; font_size=&#8221;h5&#8243; text_color=&#8221;white&#8221; text_align=&#8221;text-left&#8221;]&#8221;Electrolux Professional has been very good to me and the equipment has been very good to my kitchen. I wouldn&#8217;t hesitate to recommend the products to others in the industry.&#8221;[\/elx_heading][vc_column_text]<\/p>\n<p style=\"color: #fff;\"><strong>Simon Hulstone<\/strong><br \/>\nChef Proprietor <strong>The Elephant<\/strong> &#8211; Michelin star Restaurant<br \/>\n<strong>Devon, United Kingdom<\/strong>[\/vc_column_text][\/vc_column][vc_column reveal_effect=&#8221;&#8221; width=&#8221;1\/3&#8243;][elx_image_block background_image=&#8221;16157&#8243; minimum_height=&#8221;580px&#8221;][\/vc_column][\/vc_row][vc_row][vc_column][vc_empty_space][elx_heading font_size=&#8221;h3&#8243; text_color=&#8221;restaurant&#8221; text_align=&#8221;text-left&#8221;]Bazen bir restoran mutfa\u011f\u0131n\u0131 i\u015fletmek \u00e7ok zorlu bir g\u00f6rev olabilir.<br \/>\nBu nedenle size yard\u0131mc\u0131 olan ve sizi asla hayal k\u0131r\u0131kl\u0131\u011f\u0131na u\u011fratmayan bir orta\u011fa ihtiyac\u0131n\u0131z var.[\/elx_heading][\/vc_column][\/vc_row][vc_row][vc_column width=&#8221;2\/3&#8243; css=&#8221;.vc_custom_1464680696345{padding-top: 30px !important;}&#8221;][elx_image_block background_image=&#8221;598&#8243; minimum_height=&#8221;400px&#8221;][\/vc_column][vc_column width=&#8221;1\/3&#8243;][vc_empty_space height=&#8221;65px&#8221;][elx_heading font_size=&#8221;h3&#8243; text_color=&#8221;electrolux-blue&#8221; text_align=&#8221;text-left&#8221;]Electrolux Professional<br \/>\n\u00e7\u00f6z\u00fcmlerini[\/elx_heading][vc_column_text]se\u00e7erek tam olarak arad\u0131\u011f\u0131n\u0131z esnekli\u011fi, kolayl\u0131\u011f\u0131 ve g\u00fcc\u00fc elde edersiniz.[\/vc_column_text][\/vc_column][\/vc_row][vc_row][vc_column width=&#8221;2\/3&#8243;][vc_empty_space height=&#8221;50px&#8221;][elx_heading font_container=&#8221;h3&#8243; font_size=&#8221;h3&#8243; text_color=&#8221;inherit&#8221;]M\u00fckemmelle\u015fmenize yard\u0131mc\u0131 olan bir mutfak[\/elx_heading][vc_column_text css_animation=&#8221;none&#8221;]En iyi \u015feflere iyi bir ortak olmak i\u00e7in yarat\u0131lan, Electrolux Professional\u2019in <strong>therma<em>line ve<\/em>\u00a0Molteni <\/strong>\u00fcr\u00fcnleri <strong>fine dining restoranlar\u0131n\u0131n<\/strong> t\u00fcm ihtiya\u00e7lar\u0131n\u0131 kar\u015f\u0131lar.[\/vc_column_text][elx_heading font_container=&#8221;h3&#8243; text_color=&#8221;inherit&#8221;]T\u00fcm ihtiya\u00e7lar\u0131 kar\u015f\u0131lar[\/elx_heading][vc_column_text css_animation=&#8221;none&#8221;]\u0130ster <strong>zincir ve h\u0131zl\u0131 servis restoranlar\u0131<\/strong>, ister\u00a0<strong>fine dining<\/strong>\u00a0veya\u00a0<strong>tam servis restoranlar\u0131<\/strong>\u00a0i\u015fletin, Electrolux Professional en b\u00fcy\u00fck zorluklar\u0131n\u0131z\u0131 bile \u00e7\u00f6zebilecek ekipmana sahiptir.[\/vc_column_text][\/vc_column][vc_column width=&#8221;1\/3&#8243; css=&#8221;.vc_custom_1484036847003{margin-top: 30px !important;border-top-width: 30px !important;padding-top: 30px !important;}&#8221;][elx_image_block background_image=&#8221;596&#8243; minimum_height=&#8221;400px&#8221;][\/vc_column][\/vc_row][vc_row][vc_column][vc_empty_space][\/vc_column][\/vc_row][vc_row css=&#8221;.vc_custom_1517564415244{background-color: #eeeeee !important;}&#8221;][vc_column css=&#8221;.vc_custom_1484036722557{padding-top: 30px !important;padding-bottom: 10px !important;}&#8221;][elx_heading font_container=&#8221;h3&#8243; font_size=&#8221;h3&#8243; text_color=&#8221;inherit&#8221; text_align=&#8221;text-left&#8221;]\u0130\u015fletmenize y\u00f6nelik \u00e7\u00f6z\u00fcmlerimiz[\/elx_heading][vc_row_inner][vc_column_inner width=&#8221;1\/3&#8243;][elx_image_block background_image=&#8221;599&#8243; minimum_height=&#8221;332px&#8221;][elx_heading font_container=&#8221;h3&#8243; font_size=&#8221;h5&#8243; text_color=&#8221;inherit&#8221; text_align=&#8221;text-left&#8221;]Fine dining<br \/>\nrestoranlar[\/elx_heading][vc_column_text]An\u0131 ya\u015fay\u0131n, m\u00fc\u015fterilerinize unutulmaz bir yemek deneyimi ya\u015fat\u0131n. \u015eefler benzersiz mutfaklar\u0131nda sanatlar\u0131n\u0131 konu\u015fturarak en iyi yemekleri haz\u0131rlarken, m\u00fc\u015fterileriniz de ho\u015f vakit ge\u00e7irsin.[\/vc_column_text][vc_empty_space][elx_button button_text=&#8221;Daha fazla bilgi i\u00e7in bizimle ileti\u015fime ge\u00e7in&#8221; button_link=&#8221;url:%23contactus&#8221;][vc_empty_space][\/vc_column_inner][vc_column_inner width=&#8221;1\/3&#8243;][elx_image_block background_image=&#8221;600&#8243; minimum_height=&#8221;332px&#8221;][elx_heading font_size=&#8221;h5&#8243; text_color=&#8221;inherit&#8221; text_align=&#8221;text-left&#8221;]Tam servis<br \/>\nrestoranlar\u0131[\/elx_heading][vc_column_text]Men\u00fcn\u00fcz\u00fc s\u0131n\u0131rlamay\u0131n, m\u00fc\u015fterileriniz, sonsuz \u00e7ok \u00e7esitli yemekler aras\u0131ndan se\u00e7im yaps\u0131n.<\/p>\n<p>Mutfaktaki yard\u0131mc\u0131lar\u0131n\u0131z\u0131 iyi se\u00e7in. G\u00fcvenilir bir \u00e7\u00f6z\u00fcm orta\u011f\u0131 olarak Electrolux Professional&#8217;\u0131 tercih edin.[\/vc_column_text][vc_empty_space][elx_button button_text=&#8221;Daha fazla bilgi i\u00e7in bizimle ileti\u015fime ge\u00e7in&#8221; button_link=&#8221;url:%23contactus&#8221;][vc_empty_space][\/vc_column_inner][vc_column_inner width=&#8221;1\/3&#8243;][elx_image_block background_image=&#8221;601&#8243; minimum_height=&#8221;332px&#8221;][elx_heading font_size=&#8221;h5&#8243; text_color=&#8221;inherit&#8221; text_align=&#8221;text-left&#8221;]H\u0131zl\u0131 servis restoranlar\u0131[\/elx_heading][vc_column_text]Verimli olun, h\u0131zl\u0131 hareket edin. M\u00fc\u015fterilerinizin k\u0131sa \u00f6\u011fle yemeklerinde keyifli bir deneyim ya\u015famalar\u0131n\u0131 sa\u011flay\u0131n. Electrolux Professional her konudaki tek \u00e7\u00f6z\u00fcm orta\u011f\u0131n\u0131zd\u0131r. \u00c7ok i\u015flevli, esnek ve h\u0131zl\u0131 \u00fcr\u00fcnleri tercih edin.[\/vc_column_text][vc_empty_space][elx_button button_text=&#8221;Daha fazla bilgi i\u00e7in bizimle ileti\u015fime ge\u00e7in&#8221; button_link=&#8221;url:%23contactus&#8221;][vc_empty_space][\/vc_column_inner][\/vc_row_inner][\/vc_column][\/vc_row][vc_row full_width=&#8221;electroluxpro-full-width-no-padding&#8221;][vc_column][vc_empty_space][vc_empty_space height=&#8221;1px&#8221; css=&#8221;.vc_custom_1523005131385{background-color: #eeeeee !important;}&#8221;][vc_empty_space][\/vc_column][\/vc_row][vc_row css=&#8221;.vc_custom_1522939207643{background-color: #ededc9 !important;}&#8221;][vc_column][elx_heading font_size=&#8221;h3&#8243; text_color=&#8221;inherit&#8221; text_align=&#8221;text-left&#8221;]\u0130\u00e7ecek \u00e7\u00f6z\u00fcmleri[\/elx_heading][vc_empty_space][\/vc_column][\/vc_row][vc_row equal_height=&#8221;yes&#8221; css=&#8221;.vc_custom_1522941413247{background-color: #ededc9 !important;}&#8221;][vc_column width=&#8221;1\/2&#8243;][elx_simple_link_block link=&#8221;url:https%3A%2F%2Fwww.electroluxprofessional.com%2Ftr%2Fisletmeniz-icin-icecek-cozumleri%2F|title:Beverage%20solutions&#8221; text_align=&#8221;text-left&#8221; text_color=&#8221;inherit&#8221; background_color=&#8221;inherit&#8221; background_hover_color=&#8221;darker-hover&#8221; extra_class=&#8221;&#8221; reveal_effect=&#8221;&#8221; reveal_duration=&#8221;&#8221; reveal_delay=&#8221;&#8221;][vc_single_image image=&#8221;4405&#8243; img_size=&#8221;full&#8221;][\/elx_simple_link_block][\/vc_column][vc_column width=&#8221;1\/2&#8243;][elx_simple_link_block link=&#8221;url:https%3A%2F%2Fwww.electroluxprofessional.com%2Ftr%2Fisletmeniz-icin-icecek-cozumleri%2F|title:Beverage%20solutions&#8221; text_align=&#8221;text-left&#8221; text_color=&#8221;inherit&#8221; background_color=&#8221;inherit&#8221; background_hover_color=&#8221;darker-hover&#8221; extra_class=&#8221;&#8221; reveal_effect=&#8221;&#8221; reveal_duration=&#8221;&#8221; reveal_delay=&#8221;&#8221;][elx_heading font_container=&#8221;h3&#8243; font_size=&#8221;h5&#8243; text_color=&#8221;inherit&#8221;]Tam bir misafirperverlik[\/elx_heading][vc_column_text]\u0130kramlar\u0131n\u0131z\u0131 geni\u015fletmek, m\u00fc\u015fterilerinizin lezzetli, kaliteli i\u00e7ecek beklentilerini kar\u015f\u0131lamak i\u00e7in kapsaml\u0131 kahve ve i\u00e7ecek \u00e7\u00f6z\u00fcmleri \u00fcr\u00fcn yelpazesi.<\/p>\n<ul>\n<li>Kahve &amp; \u00e7ay demleyecileri<\/li>\n<li>Kahve de\u011firmenleri<\/li>\n<li>So\u011fuk dispenserler<\/li>\n<li>S\u0131cak ve dondurulmu\u015f i\u00e7ecek dispenserleri<\/li>\n<li>ve \u00e7ok daha fazlas\u0131&#8230;<\/li>\n<\/ul>\n<p>[\/vc_column_text][\/elx_simple_link_block][elx_button button_text=&#8221;Discover the coffee &amp; beverage offer&#8221; button_style=&#8221;icon-blue&#8221; button_link=&#8221;url:https%3A%2F%2Fwww.electroluxprofessional.com%2Ftr%2Fisletmeniz-icin-icecek-cozumleri%2F|title:coffee%20and%20beverage%20solutions&#8221;][\/vc_column][\/vc_row][vc_row full_width=&#8221;electroluxpro-full-width-no-padding&#8221;][vc_column][vc_empty_space][vc_empty_space height=&#8221;1px&#8221; css=&#8221;.vc_custom_1523005131385{background-color: #eeeeee !important;}&#8221;][vc_empty_space][\/vc_column][\/vc_row][vc_row equal_height=&#8221;yes&#8221; content_placement=&#8221;middle&#8221;][vc_column width=&#8221;1\/3&#8243;][elx_simple_block text_align=&#8221;text-center&#8221; background_color=&#8221;restaurant&#8221;][elx_heading text_color=&#8221;white&#8221;]Zincirler[\/elx_heading][vc_column_text]<\/p>\n<p style=\"text-align: center;\"><span style=\"color: #ffffff;\">Nas\u0131l fark yarat\u0131rs\u0131n\u0131z?<\/span><\/p>\n<p>[\/vc_column_text][elx_button button_text=&#8221;Daha fazlas\u0131n\u0131 ke\u015ffedin&#8221; button_style=&#8221;default&#8221; button_link=&#8221;url:https%3A%2F%2Fwww.electroluxprofessional.com%2Ftr%2Fisletmenize-yonelik-cozumler%2Frestoran-zincirler-3%2F|title:Restoranlar%20i%C3%A7in%20%C3%A7%C3%B6z%C3%BCmler&#8221;][\/elx_simple_block][\/vc_column][vc_column width=&#8221;1\/3&#8243;][vc_single_image image=&#8221;16159&#8243; img_size=&#8221;full&#8221;][\/vc_column][vc_column width=&#8221;1\/3&#8243;][vc_single_image image=&#8221;16160&#8243; img_size=&#8221;full&#8221;][\/vc_column][\/vc_row][vc_row][vc_column][vc_empty_space][\/vc_column][\/vc_row][vc_row][vc_column][vc_empty_space][\/vc_column][\/vc_row][vc_row el_id=&#8221;contactus&#8221;][vc_column][elx_heading font_container=&#8221;h3&#8243; text_color=&#8221;inherit&#8221;]Electrolux Professional&#8217;\u0131n i\u015fletmeniz i\u00e7in neler yapabilece\u011fini ke\u015ffedin[\/elx_heading][elx_o2000_contact_us s=&#8221;Your request for information: restaurants&#8221; container=&#8221;elxcontactus1466432017&#8243; r=&#8221;I would like to find out more about solutions for restaurants, please get in touch with me.&#8221;][\/vc_column][\/vc_row][vc_row css=&#8221;.vc_custom_1464686680535{padding-bottom: 30px !important;}&#8221;][vc_column][vc_empty_space][elx_heading font_size=&#8221;h3&#8243; text_color=&#8221;inherit&#8221; text_align=&#8221;text-left&#8221;]M\u00fc\u015fterilerimizin sesi[\/elx_heading][\/vc_column][\/vc_row][vc_row][vc_column width=&#8221;1\/3&#8243;][elx_image_block background_image=&#8221;603&#8243; minimum_height=&#8221;400px&#8221;][elx_heading font_container=&#8221;h3&#8243; font_size=&#8221;h5&#8243; text_color=&#8221;inherit&#8221;]IYO[\/elx_heading][vc_column_text css_animation=&#8221;none&#8221; css=&#8221;.vc_custom_1517565076750{padding-top: 15px !important;}&#8221;]&#8221;<em>We choose Electrolux Professional because in terms of technology and functionality it is definetly a step forward. With thermaline, we are really good as it is a block that guarantees unmatched efficency and solidity<\/em>&#8220;.<\/p>\n<p><strong>Claudio Liu, Founder<br \/>\n<\/strong>Iyo &#8211; Michelin star Restaurant<strong><br \/>\nMilan, Italy<\/strong>[\/vc_column_text][\/vc_column][vc_column width=&#8221;1\/3&#8243;][elx_image_block background_image=&#8221;379&#8243; minimum_height=&#8221;400px&#8221;][elx_heading font_container=&#8221;h3&#8243; font_size=&#8221;h5&#8243; text_color=&#8221;inherit&#8221;]Priceless Milano[\/elx_heading][vc_column_text]<em>&#8220;There are so many advantages in cooking that I would certainly recommend Electrolux solutions to my colleagues, not only in Italy but worldwide&#8221;.<\/em><\/p>\n<p><strong>Christian Pircher<br \/>\n<\/strong>JRE chef from the Kirchsteiger Restaurant<strong><br \/>\nFoiana<\/strong>[\/vc_column_text][\/vc_column][vc_column width=&#8221;1\/3&#8243;][elx_image_block background_image=&#8221;1515&#8243; vert_back_position=&#8221;top&#8221; minimum_height=&#8221;400px&#8221;][elx_heading font_container=&#8221;h3&#8243; font_size=&#8221;h5&#8243; text_color=&#8221;inherit&#8221;]Tiergarten[\/elx_heading][vc_column_text css_animation=&#8221;none&#8221; css=&#8221;.vc_custom_1517565108498{padding-top: 15px !important;}&#8221;]<em>&#8220;The decision for Electrolux Professional appliances was the result of a tender. Electrolux Professional was chosen thanks to the good support, the reliability of the products and the price \/ performance ratio&#8221;.<\/em><\/p>\n<p><strong>Maikel Konrad<br \/>\n<\/strong>Head Chef at Restaurant Tiergarten[\/vc_column_text][\/vc_column][\/vc_row][vc_row][vc_column][vc_empty_space][\/vc_column][\/vc_row]<\/p>\n","protected":false},"excerpt":{"rendered":"<p>[vc_row full_width=&#8221;electroluxpro-full-width-no-padding&#8221; css=&#8221;.vc_custom_1663584047097{margin-top: -50px !important;}&#8221;][vc_column reveal_effect=&#8221;&#8221;][elx_full_banner title=&#8221;Restoranlar&#8221; set_as_h1=&#8221;true&#8221; background_image_media_library=&#8221;16161&#8243; background_image_media_library_mobile=&#8221;43923&#8243;][\/vc_column][\/vc_row][vc_row disable_element=&#8221;yes&#8221; css=&#8221;.vc_custom_1663584023076{background-color: #041e41 !important;}&#8221;][vc_column reveal_effect=&#8221;&#8221; width=&#8221;2\/3&#8243;][vc_empty_space][vc_row_inner full_width=&#8221;electroluxpro-full-width-no-padding&#8221;][vc_column_inner width=&#8221;1\/4&#8243;][vc_single_image image=&#8221;16158&#8243; img_size=&#8221;full&#8221;][\/vc_column_inner][vc_column_inner width=&#8221;3\/4&#8243;][vc_empty_space height=&#8221;25px&#8221;][elx_heading font_container=&#8221;h1&#8243; font_size=&#8221;h3&#8243; text_color=&#8221;restaurant&#8221;]Restaurants[\/elx_heading][\/vc_column_inner][\/vc_row_inner][vc_empty_space height=&#8221;50px&#8221;][elx_heading font_container=&#8221;p&#8221; font_size=&#8221;h5&#8243; text_color=&#8221;white&#8221; text_align=&#8221;text-left&#8221;]&#8221;Electrolux Professional has been very good to me and the equipment has been very good to my kitchen. I wouldn&#8217;t hesitate to recommend the products to [&hellip;]<\/p>\n","protected":false},"author":40,"featured_media":598,"parent":1508,"menu_order":0,"comment_status":"closed","ping_status":"closed","template":"","meta":{"footnotes":""},"class_list":["post-16162","page","type-page","status-publish","has-post-thumbnail","hentry"],"acf":[],"yoast_head":"<!-- This site is optimized with the Yoast SEO plugin v23.3 - https:\/\/yoast.com\/wordpress\/plugins\/seo\/ -->\n<title>Restoranlar i\u00e7in \u00e7\u00f6z\u00fcmler - Electrolux Professional<\/title>\n<meta name=\"description\" content=\"Electrolux Professional, her t\u00fcr restoran i\u00e7in k\u00e2rl\u0131l\u0131\u011f\u0131 art\u0131ran yenilik\u00e7i \u00e7\u00f6z\u00fcmler sunar: zincir, h\u0131zl\u0131 servis veya fine dining fark etmez.\" \/>\n<meta name=\"robots\" content=\"index, follow, max-snippet:-1, max-image-preview:large, max-video-preview:-1\" \/>\n<link rel=\"canonical\" href=\"https:\/\/www.electroluxprofessional.com\/tr\/isletmenize-yonelik-cozumler\/restoranlar-icin-cozumler\/\" \/>\n<meta property=\"og:locale\" content=\"tr_TR\" \/>\n<meta property=\"og:type\" content=\"article\" \/>\n<meta property=\"og:title\" content=\"Restoranlar i\u00e7in \u00e7\u00f6z\u00fcmler - Electrolux Professional\" \/>\n<meta property=\"og:description\" content=\"Electrolux Professional, her t\u00fcr restoran i\u00e7in k\u00e2rl\u0131l\u0131\u011f\u0131 art\u0131ran yenilik\u00e7i \u00e7\u00f6z\u00fcmler sunar: zincir, h\u0131zl\u0131 servis veya fine dining fark etmez.\" \/>\n<meta property=\"og:url\" content=\"https:\/\/www.electroluxprofessional.com\/tr\/isletmenize-yonelik-cozumler\/restoranlar-icin-cozumler\/\" \/>\n<meta property=\"og:site_name\" content=\"Electrolux Professional T\u00fcrkiye\" \/>\n<meta property=\"article:modified_time\" content=\"2025-11-06T07:09:18+00:00\" \/>\n<meta property=\"og:image\" content=\"https:\/\/www.electroluxprofessional.com\/tr\/wp-content\/uploads\/2016\/05\/fine-dining-restaurants.jpg\" \/>\n\t<meta property=\"og:image:width\" content=\"1000\" \/>\n\t<meta property=\"og:image:height\" content=\"667\" \/>\n\t<meta property=\"og:image:type\" content=\"image\/jpeg\" \/>\n<meta name=\"twitter:card\" content=\"summary_large_image\" \/>\n<meta name=\"twitter:label1\" content=\"Tahmini okuma s\u00fcresi\" \/>\n\t<meta name=\"twitter:data1\" content=\"5 dakika\" \/>\n<script type=\"application\/ld+json\" class=\"yoast-schema-graph\">{\"@context\":\"https:\/\/schema.org\",\"@graph\":[{\"@type\":\"WebPage\",\"@id\":\"https:\/\/www.electroluxprofessional.com\/tr\/isletmenize-yonelik-cozumler\/restoranlar-icin-cozumler\/\",\"url\":\"https:\/\/www.electroluxprofessional.com\/tr\/isletmenize-yonelik-cozumler\/restoranlar-icin-cozumler\/\",\"name\":\"Restoranlar i\u00e7in \u00e7\u00f6z\u00fcmler - Electrolux Professional\",\"isPartOf\":{\"@id\":\"https:\/\/www.electroluxprofessional.com\/tr\/#website\"},\"primaryImageOfPage\":{\"@id\":\"https:\/\/www.electroluxprofessional.com\/tr\/isletmenize-yonelik-cozumler\/restoranlar-icin-cozumler\/#primaryimage\"},\"image\":{\"@id\":\"https:\/\/www.electroluxprofessional.com\/tr\/isletmenize-yonelik-cozumler\/restoranlar-icin-cozumler\/#primaryimage\"},\"thumbnailUrl\":\"https:\/\/www.electroluxprofessional.com\/tr\/wp-content\/uploads\/2016\/05\/fine-dining-restaurants.jpg\",\"datePublished\":\"2023-05-30T19:22:46+00:00\",\"dateModified\":\"2025-11-06T07:09:18+00:00\",\"description\":\"Electrolux Professional, her t\u00fcr restoran i\u00e7in k\u00e2rl\u0131l\u0131\u011f\u0131 art\u0131ran yenilik\u00e7i \u00e7\u00f6z\u00fcmler sunar: zincir, h\u0131zl\u0131 servis veya fine dining fark etmez.\",\"breadcrumb\":{\"@id\":\"https:\/\/www.electroluxprofessional.com\/tr\/isletmenize-yonelik-cozumler\/restoranlar-icin-cozumler\/#breadcrumb\"},\"inLanguage\":\"tr\",\"potentialAction\":[{\"@type\":\"ReadAction\",\"target\":[\"https:\/\/www.electroluxprofessional.com\/tr\/isletmenize-yonelik-cozumler\/restoranlar-icin-cozumler\/\"]}]},{\"@type\":\"ImageObject\",\"inLanguage\":\"tr\",\"@id\":\"https:\/\/www.electroluxprofessional.com\/tr\/isletmenize-yonelik-cozumler\/restoranlar-icin-cozumler\/#primaryimage\",\"url\":\"https:\/\/www.electroluxprofessional.com\/tr\/wp-content\/uploads\/2016\/05\/fine-dining-restaurants.jpg\",\"contentUrl\":\"https:\/\/www.electroluxprofessional.com\/tr\/wp-content\/uploads\/2016\/05\/fine-dining-restaurants.jpg\",\"width\":1000,\"height\":667,\"caption\":\"fine dining restaurants\"},{\"@type\":\"BreadcrumbList\",\"@id\":\"https:\/\/www.electroluxprofessional.com\/tr\/isletmenize-yonelik-cozumler\/restoranlar-icin-cozumler\/#breadcrumb\",\"itemListElement\":[{\"@type\":\"ListItem\",\"position\":1,\"name\":\"Home\",\"item\":\"https:\/\/www.electroluxprofessional.com\/tr\/\"},{\"@type\":\"ListItem\",\"position\":2,\"name\":\"\u0130\u015fletmenize Y\u00f6nelik \u00c7\u00f6z\u00fcmler\",\"item\":\"https:\/\/www.electroluxprofessional.com\/tr\/isletmenize-yonelik-cozumler\/\"},{\"@type\":\"ListItem\",\"position\":3,\"name\":\"Restoranlar\"}]},{\"@type\":\"WebSite\",\"@id\":\"https:\/\/www.electroluxprofessional.com\/tr\/#website\",\"url\":\"https:\/\/www.electroluxprofessional.com\/tr\/\",\"name\":\"Electrolux Professional T\u00fcrkiye\",\"description\":\"\",\"potentialAction\":[{\"@type\":\"SearchAction\",\"target\":{\"@type\":\"EntryPoint\",\"urlTemplate\":\"https:\/\/www.electroluxprofessional.com\/tr\/?src={search_term_string}\"},\"query-input\":\"required name=search_term_string\"}],\"inLanguage\":\"tr\"}]}<\/script>\n<!-- \/ Yoast SEO plugin. -->","yoast_head_json":{"title":"Restoranlar i\u00e7in \u00e7\u00f6z\u00fcmler - Electrolux Professional","description":"Electrolux Professional, her t\u00fcr restoran i\u00e7in k\u00e2rl\u0131l\u0131\u011f\u0131 art\u0131ran yenilik\u00e7i \u00e7\u00f6z\u00fcmler sunar: zincir, h\u0131zl\u0131 servis veya fine dining fark etmez.","robots":{"index":"index","follow":"follow","max-snippet":"max-snippet:-1","max-image-preview":"max-image-preview:large","max-video-preview":"max-video-preview:-1"},"canonical":"https:\/\/www.electroluxprofessional.com\/tr\/isletmenize-yonelik-cozumler\/restoranlar-icin-cozumler\/","og_locale":"tr_TR","og_type":"article","og_title":"Restoranlar i\u00e7in \u00e7\u00f6z\u00fcmler - Electrolux Professional","og_description":"Electrolux Professional, her t\u00fcr restoran i\u00e7in k\u00e2rl\u0131l\u0131\u011f\u0131 art\u0131ran yenilik\u00e7i \u00e7\u00f6z\u00fcmler sunar: zincir, h\u0131zl\u0131 servis veya fine dining fark etmez.","og_url":"https:\/\/www.electroluxprofessional.com\/tr\/isletmenize-yonelik-cozumler\/restoranlar-icin-cozumler\/","og_site_name":"Electrolux Professional T\u00fcrkiye","article_modified_time":"2025-11-06T07:09:18+00:00","og_image":[{"width":1000,"height":667,"url":"https:\/\/www.electroluxprofessional.com\/tr\/wp-content\/uploads\/2016\/05\/fine-dining-restaurants.jpg","type":"image\/jpeg"}],"twitter_card":"summary_large_image","twitter_misc":{"Tahmini okuma s\u00fcresi":"5 dakika"},"schema":{"@context":"https:\/\/schema.org","@graph":[{"@type":"WebPage","@id":"https:\/\/www.electroluxprofessional.com\/tr\/isletmenize-yonelik-cozumler\/restoranlar-icin-cozumler\/","url":"https:\/\/www.electroluxprofessional.com\/tr\/isletmenize-yonelik-cozumler\/restoranlar-icin-cozumler\/","name":"Restoranlar i\u00e7in \u00e7\u00f6z\u00fcmler - Electrolux Professional","isPartOf":{"@id":"https:\/\/www.electroluxprofessional.com\/tr\/#website"},"primaryImageOfPage":{"@id":"https:\/\/www.electroluxprofessional.com\/tr\/isletmenize-yonelik-cozumler\/restoranlar-icin-cozumler\/#primaryimage"},"image":{"@id":"https:\/\/www.electroluxprofessional.com\/tr\/isletmenize-yonelik-cozumler\/restoranlar-icin-cozumler\/#primaryimage"},"thumbnailUrl":"https:\/\/www.electroluxprofessional.com\/tr\/wp-content\/uploads\/2016\/05\/fine-dining-restaurants.jpg","datePublished":"2023-05-30T19:22:46+00:00","dateModified":"2025-11-06T07:09:18+00:00","description":"Electrolux Professional, her t\u00fcr restoran i\u00e7in k\u00e2rl\u0131l\u0131\u011f\u0131 art\u0131ran yenilik\u00e7i \u00e7\u00f6z\u00fcmler sunar: zincir, h\u0131zl\u0131 servis veya fine dining fark etmez.","breadcrumb":{"@id":"https:\/\/www.electroluxprofessional.com\/tr\/isletmenize-yonelik-cozumler\/restoranlar-icin-cozumler\/#breadcrumb"},"inLanguage":"tr","potentialAction":[{"@type":"ReadAction","target":["https:\/\/www.electroluxprofessional.com\/tr\/isletmenize-yonelik-cozumler\/restoranlar-icin-cozumler\/"]}]},{"@type":"ImageObject","inLanguage":"tr","@id":"https:\/\/www.electroluxprofessional.com\/tr\/isletmenize-yonelik-cozumler\/restoranlar-icin-cozumler\/#primaryimage","url":"https:\/\/www.electroluxprofessional.com\/tr\/wp-content\/uploads\/2016\/05\/fine-dining-restaurants.jpg","contentUrl":"https:\/\/www.electroluxprofessional.com\/tr\/wp-content\/uploads\/2016\/05\/fine-dining-restaurants.jpg","width":1000,"height":667,"caption":"fine dining restaurants"},{"@type":"BreadcrumbList","@id":"https:\/\/www.electroluxprofessional.com\/tr\/isletmenize-yonelik-cozumler\/restoranlar-icin-cozumler\/#breadcrumb","itemListElement":[{"@type":"ListItem","position":1,"name":"Home","item":"https:\/\/www.electroluxprofessional.com\/tr\/"},{"@type":"ListItem","position":2,"name":"\u0130\u015fletmenize Y\u00f6nelik \u00c7\u00f6z\u00fcmler","item":"https:\/\/www.electroluxprofessional.com\/tr\/isletmenize-yonelik-cozumler\/"},{"@type":"ListItem","position":3,"name":"Restoranlar"}]},{"@type":"WebSite","@id":"https:\/\/www.electroluxprofessional.com\/tr\/#website","url":"https:\/\/www.electroluxprofessional.com\/tr\/","name":"Electrolux Professional T\u00fcrkiye","description":"","potentialAction":[{"@type":"SearchAction","target":{"@type":"EntryPoint","urlTemplate":"https:\/\/www.electroluxprofessional.com\/tr\/?src={search_term_string}"},"query-input":"required name=search_term_string"}],"inLanguage":"tr"}]}},"_links":{"self":[{"href":"https:\/\/www.electroluxprofessional.com\/tr\/wp-json\/wp\/v2\/pages\/16162"}],"collection":[{"href":"https:\/\/www.electroluxprofessional.com\/tr\/wp-json\/wp\/v2\/pages"}],"about":[{"href":"https:\/\/www.electroluxprofessional.com\/tr\/wp-json\/wp\/v2\/types\/page"}],"author":[{"embeddable":true,"href":"https:\/\/www.electroluxprofessional.com\/tr\/wp-json\/wp\/v2\/users\/40"}],"replies":[{"embeddable":true,"href":"https:\/\/www.electroluxprofessional.com\/tr\/wp-json\/wp\/v2\/comments?post=16162"}],"version-history":[{"count":13,"href":"https:\/\/www.electroluxprofessional.com\/tr\/wp-json\/wp\/v2\/pages\/16162\/revisions"}],"predecessor-version":[{"id":22954,"href":"https:\/\/www.electroluxprofessional.com\/tr\/wp-json\/wp\/v2\/pages\/16162\/revisions\/22954"}],"up":[{"embeddable":true,"href":"https:\/\/www.electroluxprofessional.com\/tr\/wp-json\/wp\/v2\/pages\/1508"}],"wp:featuredmedia":[{"embeddable":true,"href":"https:\/\/www.electroluxprofessional.com\/tr\/wp-json\/wp\/v2\/media\/598"}],"wp:attachment":[{"href":"https:\/\/www.electroluxprofessional.com\/tr\/wp-json\/wp\/v2\/media?parent=16162"}],"curies":[{"name":"wp","href":"https:\/\/api.w.org\/{rel}","templated":true}]}}