{"id":15685,"date":"2023-04-06T13:57:02","date_gmt":"2023-04-06T13:57:02","guid":{"rendered":"https:\/\/www.electroluxprofessional.com\/tr\/?page_id=15685"},"modified":"2025-11-05T15:58:12","modified_gmt":"2025-11-05T15:58:12","slug":"myprozip-self-servis-camasirhane","status":"publish","type":"page","link":"https:\/\/www.electroluxprofessional.com\/tr\/ticari-camasirhane-ekipmanlari\/myprozip-self-servis-camasirhane\/","title":{"rendered":"myPROzip self-servis \u00e7ama\u015f\u0131rhane"},"content":{"rendered":"<p>[vc_row full_width=&#8221;electroluxpro-full-width-no-padding&#8221;][vc_column][elx_full_banner title=&#8221;myPROzip &#8211; Y\u0131kama ve Kurutma Makineleri&#8221; set_as_h1=&#8221;true&#8221; background_image_media_library=&#8221;13996&#8243; background_image_media_library_mobile=&#8221;41895&#8243;][\/vc_column][\/vc_row][vc_row][vc_column width=&#8221;1\/2&#8243; css=&#8221;.vc_custom_1484574375079{margin-left: 0px !important;border-left-width: 0px !important;padding-left: 0px !important;}&#8221;][elx_simple_block background_color=&#8221;inherit&#8221;][elx_heading font_container=&#8221;h1&#8243; text_color=&#8221;inherit&#8221;]Self-servis y\u0131kama<br \/>\ni\u00e7in \u00e7ama\u015f\u0131rhane mi<br \/>\ni\u015fletiyorsunuz?[\/elx_heading][elx_heading text_color=&#8221;inherit&#8221;]myPROzip y\u0131kama ve kurutma makineleri[\/elx_heading][vc_column_text]myPROzip, Electrolux Professional&#8217;\u0131n standart ev tipi cihazlardan <strong>daha g\u00fc\u00e7l\u00fc<\/strong> ve <strong>daha h\u0131zl\u0131 \u00e7ama\u015f\u0131rhane \u00e7\u00f6z\u00fcmlerine<\/strong> gerek duyan ve <strong>misafirler taraf\u0131ndan \u00e7al\u0131\u015ft\u0131r\u0131lan \u00e7ama\u015f\u0131rhane <\/strong>tesisleri olan <strong>k\u00fc\u00e7\u00fck i\u015fletmeler <\/strong>i\u00e7in Y\u0131kama ve Kurutma makinesi serisidir.[\/vc_column_text][vc_column_text]<\/p>\n<ul>\n<li><strong>Kullan\u0131m\u0131<\/strong> kolay<\/li>\n<li><strong>Anlamas\u0131 <\/strong>kolay<\/li>\n<li><strong>Self-servis<\/strong> kullan\u0131labilecek \u015fekilde tasarlanm\u0131\u015ft\u0131r<\/li>\n<li>\u00d6deme sisteminizle <strong>entegrasyona <\/strong>haz\u0131r<\/li>\n<\/ul>\n<p>[\/vc_column_text][\/elx_simple_block][elx_download_block text=&#8221;myPROzip<br \/>\nguest-operated laundry&#8221; document_type=&#8221;leaflets&#8221; background_color=&#8221;electrolux-blue&#8221; background_hover_color=&#8221;lighter-hover&#8221; le_document_number=&#8221;CLF-9JE00128&#8243;][\/vc_column][vc_column width=&#8221;1\/2&#8243;][vc_empty_space][elx_image_block background_image=&#8221;14672&#8243; minimum_height=&#8221;400px&#8221;][elx_button button_text=&#8221;\u00dcr\u00fcnlere gidin&#8221; button_style=&#8221;icon&#8221; button_link=&#8221;url:%23products|title:myPro%2C%20y%C4%B1kama%20kurutma%20ve%20silindir%20%C3%BCt%C3%BCler&#8221;][elx_button button_text=&#8221;Nereden alabilirsiniz&#8221; button_style=&#8221;icon&#8221; button_link=&#8221;url:https%3A%2F%2Fwww.electroluxprofessional.com%2Ftr%2Fbayi-ve-servis-arama%2F|title:Bayi%20ve%20Servis%20Arama&#8221;][elx_button button_text=&#8221;Online yard\u0131mc\u0131n\u0131z&#8221; button_style=&#8221;icon&#8221; button_link=&#8221;url:%20%23myassistant|title:myPRO%20Online%20Yard%C4%B1m%20Merkezi&#8221;][elx_button button_text=&#8221;Aksesuarlar ve sarf malzemeleri&#8221; button_style=&#8221;icon&#8221; button_link=&#8221;url:https%3A%2F%2Fwww.electroluxprofessional.com%2Ftr%2Fticari-camasirhane-ekipmanlari-mypro-yikama-kurutma-ve-silindir-utuler%2Faccessories-and-consumables%2F|title:Aksesuarlar%20ve%20Sarf%20Malzemeleri%20%E2%80%93%20%C3%87ama%C5%9F%C4%B1rhane&#8221;][elx_button button_text=&#8221;myPROzip&#8217;nizi kaydedin&#8221; button_style=&#8221;icon&#8221; button_link=&#8221;url:https%3A%2F%2Fwww.electroluxprofessional.com%2Ftr%2Fticari-camasirhane-ekipmanlari%2Fmypro-yikama-kurutma-ve-silindir-utuler%2Fmypro-urun-kaydi%2F|title:myPRO%20%C3%9Cr%C3%BCn%20Kayd%C4%B1&#8243;][vc_single_image image=&#8221;5286&#8243; img_size=&#8221;full&#8221;][\/vc_column][\/vc_row][vc_row][vc_column][vc_empty_space height=&#8221;50px&#8221;][\/vc_column][\/vc_row][vc_row][vc_column width=&#8221;1\/3&#8243;][elx_icons icon_size=&#8221;elx-icon-medium&#8221; icon_electroluxpro=&#8221;elx-icon icon-circle-food-quality-blue&#8221;][elx_heading font_container=&#8221;h3&#8243; font_size=&#8221;h5&#8243; text_color=&#8221;inherit&#8221; text_align=&#8221;text-center&#8221;]3 kat daha uzun \u00f6m\u00fcrl\u00fc[\/elx_heading][vc_column_text]<\/p>\n<p style=\"text-align: center;\">Profesyonel bile\u015fenlere sahip dayan\u0131kl\u0131 yap\u0131s\u0131 sayesinde ev tipi makinelere g\u00f6re 3 kat daha uzun kullan\u0131m \u00f6mr\u00fc.<\/p>\n<p>[\/vc_column_text][\/vc_column][vc_column width=&#8221;1\/3&#8243;][elx_icons icon_size=&#8221;elx-icon-medium&#8221; icon_electroluxpro=&#8221;elx-icon icon-circle-time-blue&#8221;][elx_heading font_container=&#8221;h3&#8243; font_size=&#8221;h5&#8243; text_color=&#8221;inherit&#8221; text_align=&#8221;text-center&#8221;]%50&#8217;ye varan oranda daha h\u0131zl\u0131[\/elx_heading][vc_column_text]<\/p>\n<p style=\"text-align: center;\">H\u0131z, kaliteli sonu\u00e7lar ve maliyet tasarrufu sa\u011flayan, profesyonel programlarla iki kat daha h\u0131zl\u0131 y\u0131kama programlar\u0131.<\/p>\n<p>[\/vc_column_text][\/vc_column][vc_column width=&#8221;1\/3&#8243;][elx_icons icon_size=&#8221;elx-icon-medium&#8221; icon_electroluxpro=&#8221;elx-icon icon-circle-easy-blue&#8221;][elx_heading font_container=&#8221;h3&#8243; font_size=&#8221;h5&#8243; text_color=&#8221;inherit&#8221; text_align=&#8221;text-center&#8221;]Garanti[\/elx_heading][vc_column_text]<\/p>\n<p style=\"text-align: center;\">\u00dclkenizdeki d\u00fczenlemelere g\u00f6re profesyonel uygulamalar i\u00e7in garanti.<\/p>\n<p>[\/vc_column_text][\/vc_column][\/vc_row][vc_row custom_color_row=&#8221;bg-download-blue&#8221;][vc_column][elx_o2000_needs_matcher need_matcher=&#8221;myPRO_Matcher&#8221;][\/vc_column][\/vc_row][vc_row el_id=&#8221;myassistant&#8221;][vc_column][vc_empty_space][elx_heading text_color=&#8221;inherit&#8221; text_align=&#8221;text-center&#8221;]myPRO online yard\u0131mc\u0131n\u0131z[\/elx_heading][vc_column_text]<\/p>\n<p style=\"text-align: center;\"><strong>myPRO ve myPROzip \u00e7ama\u015f\u0131r y\u0131kama, kurutma makinelerinden ve \u00fct\u00fcn\u00fczden en iyi \u015fekilde yararlan\u0131n.<\/strong><br \/>\nBu sayfada e\u011fitim videolar\u0131 kolleksiyonu, s\u0131k\u00e7a sorulan sorular (SSS) ve ek olarak online yard\u0131m bulabilirsiniz..<br \/>\n\u00dcr\u00fcnlerinizi kaydedin ve \u00e7ama\u015f\u0131r y\u0131kama, kurutma makinenizden ve \u00fct\u00fcn\u00fczden en iyi \u015fekilde yararlanman\u0131za yard\u0131mc\u0131 olacak ek aksesuarlar ve sarf malzemelerini bulun. \u0130lave deste\u011fe ihtiya\u00e7 duyman\u0131z durumunda bir uzmanla ileti\u015fime ge\u00e7mekten l\u00fctfen \u00e7ekinmeyin.[\/vc_column_text][vc_empty_space][\/vc_column][\/vc_row][vc_row][vc_column][elx_heading font_container=&#8221;h3&#8243; text_color=&#8221;inherit&#8221; text_align=&#8221;text-center&#8221;]myPRO: e\u011fitim videolar[\/elx_heading][vc_empty_space][\/vc_column][\/vc_row][vc_row equal_height=&#8221;yes&#8221;][vc_column width=&#8221;1\/3&#8243; css=&#8221;.vc_custom_1572277047643{margin-right: 1px !important;margin-left: 1px !important;background-color: #eeeeee !important;}&#8221;][elx_video_block video_link=&#8221;https:\/\/www.youtube.com\/watch?v=OX3JTInT8A4&#8243; minimum_height=&#8221;100px&#8221;][vc_column_text]myPROzip Y\u0131kama Makinesi: Kullan\u0131m K\u0131lavuzu[\/vc_column_text][\/vc_column][vc_column width=&#8221;1\/3&#8243; css=&#8221;.vc_custom_1572277056700{margin-right: 1px !important;margin-left: 1px !important;background-color: #eeeeee !important;}&#8221;][elx_video_block video_link=&#8221;https:\/\/www.youtube.com\/watch?v=liScSk-1b1c&#8221; minimum_height=&#8221;100px&#8221;][vc_column_text]myPROzip Kurutma Makinesi: Kullan\u0131m K\u0131lavuzu[\/vc_column_text][\/vc_column][vc_column width=&#8221;1\/3&#8243; css=&#8221;.vc_custom_1572277012763{margin-right: 1px !important;margin-left: 1px !important;background-color: #eeeeee !important;}&#8221;][elx_video_block video_link=&#8221;https:\/\/www.youtube.com\/watch?v=IHJiqGrhOm8&#8243; minimum_height=&#8221;100px&#8221;][vc_column_text]myPROzip: Y\u0131kama Ve Kurutma Makinesi ile ilgili talimatlar[\/vc_column_text][\/vc_column][\/vc_row][vc_row][vc_column][vc_empty_space][\/vc_column][\/vc_row][vc_row equal_height=&#8221;yes&#8221; content_placement=&#8221;top&#8221;][vc_column width=&#8221;1\/2&#8243;][elx_simple_link_block link=&#8221;url:https%3A%2F%2Fwww.electroluxprofessional.com%2Ftr%2Fticari-camasirhane-ekipmanlari-mypro-yikama-kurutma-ve-silindir-utuler%2Ffaq-mypro-yikama-makinesi%2F|target:_blank&#8221; text_align=&#8221;text-center&#8221; text_color=&#8221;white&#8221; background_color=&#8221;electrolux-blue-for-small&#8221; background_hover_color=&#8221;darker-hover&#8221; extra_class=&#8221;&#8221; reveal_effect=&#8221;&#8221; reveal_duration=&#8221;&#8221; reveal_delay=&#8221;&#8221;][elx_heading font_container=&#8221;h3&#8243; text_color=&#8221;inherit&#8221;]Y\u0131kama Makinesi Online yard\u0131m[\/elx_heading][\/elx_simple_link_block][\/vc_column][vc_column width=&#8221;1\/2&#8243;][elx_simple_link_block link=&#8221;url:https%3A%2F%2Fwww.electroluxprofessional.com%2Ftr%2Fticari-camasirhane-ekipmanlari%2Fmypro-yikama-kurutma-ve-silindir-utuler%2Ffaq-mypro-kurutma-makinesi%2F|title:FAQ%20%E2%80%93%20myPRO%20Kurutma%20Makinesi|target:_blank&#8221; text_align=&#8221;text-center&#8221; text_color=&#8221;white&#8221; background_color=&#8221;electrolux-blue-for-small&#8221; background_hover_color=&#8221;darker-hover&#8221; extra_class=&#8221;&#8221; reveal_effect=&#8221;&#8221; reveal_duration=&#8221;&#8221; reveal_delay=&#8221;&#8221;][elx_heading font_container=&#8221;h3&#8243; text_color=&#8221;inherit&#8221;]Kurutma Makinesi Online yard\u0131m[\/elx_heading][\/elx_simple_link_block][\/vc_column][\/vc_row][vc_row el_id=&#8221;products&#8221;][vc_column][vc_empty_space][elx_heading text_color=&#8221;inherit&#8221; text_align=&#8221;text-center&#8221;]Self-Servis \u00e7ama\u015f\u0131rhane tesisleri i\u00e7in myPROzip Y\u0131kama ve Kurutma Makineleri[\/elx_heading][\/vc_column][\/vc_row][vc_row css=&#8221;.vc_custom_1534772259989{background-color: #eeeeee !important;}&#8221;][vc_column width=&#8221;2\/3&#8243;][elx_heading font_size=&#8221;h3&#8243; text_color=&#8221;inherit&#8221;]Daha verimli \u00e7\u00f6z\u00fcmler mi ar\u0131yorsunuz?[\/elx_heading][elx_heading font_container=&#8221;h3&#8243; font_size=&#8221;h5&#8243; text_color=&#8221;inherit&#8221;]Profesyonel \u00e7ama\u015f\u0131rhane \u00e7\u00f6z\u00fcmlerimizi inceleyin[\/elx_heading][vc_column_text]Electrolux Professional, profesyonel \u00e7ama\u015f\u0131rhane ihtiya\u00e7lar\u0131n\u0131z i\u00e7in \u00e7ok y\u00f6nl\u00fc bir \u00fcr\u00fcn yelpazesi sunar.[\/vc_column_text][elx_button button_text=&#8221;Profesyonel \u00c7ama\u015f\u0131rhane \u00c7\u00f6z\u00fcmlerimizi Ke\u015ffedin&#8221; button_style=&#8221;icon&#8221; button_link=&#8221;url:https%3A%2F%2Fwww.electroluxprofessional.com%2Ftr%2Fticari-camasirhane-ekipmanlari%2F&#8221;][\/vc_column][vc_column width=&#8221;1\/3&#8243;][vc_empty_space][vc_single_image image=&#8221;13972&#8243; img_size=&#8221;700px&#8221; onclick=&#8221;custom_link&#8221; link=&#8221;http:\/\/https:\/\/www.electroluxprofessional.com\/tr\/your-business\/commercial-laundries\/&#8221;][vc_empty_space][\/vc_column][\/vc_row][vc_row][vc_column][vc_empty_space][elx_heading text_color=&#8221;inherit&#8221; text_align=&#8221;text-center&#8221;]myPROzip hakk\u0131nda bilgi almak i\u00e7in bize ula\u015f\u0131n[\/elx_heading][vc_empty_space][elx_o2000_contact_us b=&#8221;laundry-semi-professional&#8221; r=&#8221;I would like to find out more about myPROzip&#8221;][\/vc_column][\/vc_row]<\/p>\n","protected":false},"excerpt":{"rendered":"<p>[vc_row full_width=&#8221;electroluxpro-full-width-no-padding&#8221;][vc_column][elx_full_banner title=&#8221;myPROzip &#8211; Y\u0131kama ve Kurutma Makineleri&#8221; set_as_h1=&#8221;true&#8221; background_image_media_library=&#8221;13996&#8243; background_image_media_library_mobile=&#8221;41895&#8243;][\/vc_column][\/vc_row][vc_row][vc_column width=&#8221;1\/2&#8243; css=&#8221;.vc_custom_1484574375079{margin-left: 0px !important;border-left-width: 0px !important;padding-left: 0px !important;}&#8221;][elx_simple_block background_color=&#8221;inherit&#8221;][elx_heading font_container=&#8221;h1&#8243; text_color=&#8221;inherit&#8221;]Self-servis y\u0131kama i\u00e7in \u00e7ama\u015f\u0131rhane mi i\u015fletiyorsunuz?[\/elx_heading][elx_heading text_color=&#8221;inherit&#8221;]myPROzip y\u0131kama ve kurutma makineleri[\/elx_heading][vc_column_text]myPROzip, Electrolux Professional&#8217;\u0131n standart ev tipi cihazlardan daha g\u00fc\u00e7l\u00fc ve daha h\u0131zl\u0131 \u00e7ama\u015f\u0131rhane \u00e7\u00f6z\u00fcmlerine gerek duyan ve misafirler taraf\u0131ndan \u00e7al\u0131\u015ft\u0131r\u0131lan \u00e7ama\u015f\u0131rhane tesisleri olan k\u00fc\u00e7\u00fck [&hellip;]<\/p>\n","protected":false},"author":40,"featured_media":2745,"parent":2006,"menu_order":0,"comment_status":"closed","ping_status":"closed","template":"","meta":{"footnotes":""},"class_list":["post-15685","page","type-page","status-publish","has-post-thumbnail","hentry"],"acf":[],"yoast_head":"<!-- This site is optimized with the Yoast SEO plugin v23.3 - https:\/\/yoast.com\/wordpress\/plugins\/seo\/ -->\n<title>myPROzip self-servis \u00e7ama\u015f\u0131rhane - Electrolux Professional T\u00fcrkiye<\/title>\n<meta name=\"description\" content=\"myPROzip \u00e7ama\u015f\u0131r ve kurutma makineleri: Misafir kullan\u0131m\u0131na \u00f6zel, ev tipi cihazlardan daha g\u00fc\u00e7l\u00fc ve h\u0131zl\u0131 \u00e7\u00f6z\u00fcmler.\" \/>\n<meta name=\"robots\" content=\"index, follow, max-snippet:-1, max-image-preview:large, max-video-preview:-1\" \/>\n<link rel=\"canonical\" href=\"https:\/\/www.electroluxprofessional.com\/tr\/ticari-camasirhane-ekipmanlari\/myprozip-self-servis-camasirhane\/\" \/>\n<meta property=\"og:locale\" content=\"tr_TR\" \/>\n<meta property=\"og:type\" content=\"article\" \/>\n<meta property=\"og:title\" content=\"myPROzip self-servis \u00e7ama\u015f\u0131rhane - Electrolux Professional T\u00fcrkiye\" \/>\n<meta property=\"og:description\" content=\"myPROzip \u00e7ama\u015f\u0131r ve kurutma makineleri: Misafir kullan\u0131m\u0131na \u00f6zel, ev tipi cihazlardan daha g\u00fc\u00e7l\u00fc ve h\u0131zl\u0131 \u00e7\u00f6z\u00fcmler.\" \/>\n<meta property=\"og:url\" content=\"https:\/\/www.electroluxprofessional.com\/tr\/ticari-camasirhane-ekipmanlari\/myprozip-self-servis-camasirhane\/\" \/>\n<meta property=\"og:site_name\" content=\"Electrolux Professional T\u00fcrkiye\" \/>\n<meta property=\"article:modified_time\" content=\"2025-11-05T15:58:12+00:00\" \/>\n<meta property=\"og:image\" content=\"https:\/\/www.electroluxprofessional.com\/tr\/wp-content\/uploads\/2016\/12\/banner-2.jpg\" \/>\n\t<meta property=\"og:image:width\" content=\"2000\" \/>\n\t<meta property=\"og:image:height\" content=\"1383\" \/>\n\t<meta property=\"og:image:type\" content=\"image\/jpeg\" \/>\n<meta name=\"twitter:card\" content=\"summary_large_image\" \/>\n<meta name=\"twitter:label1\" content=\"Tahmini okuma s\u00fcresi\" \/>\n\t<meta name=\"twitter:data1\" content=\"3 dakika\" \/>\n<script type=\"application\/ld+json\" class=\"yoast-schema-graph\">{\"@context\":\"https:\/\/schema.org\",\"@graph\":[{\"@type\":\"WebPage\",\"@id\":\"https:\/\/www.electroluxprofessional.com\/tr\/ticari-camasirhane-ekipmanlari\/myprozip-self-servis-camasirhane\/\",\"url\":\"https:\/\/www.electroluxprofessional.com\/tr\/ticari-camasirhane-ekipmanlari\/myprozip-self-servis-camasirhane\/\",\"name\":\"myPROzip self-servis \u00e7ama\u015f\u0131rhane - Electrolux Professional T\u00fcrkiye\",\"isPartOf\":{\"@id\":\"https:\/\/www.electroluxprofessional.com\/tr\/#website\"},\"primaryImageOfPage\":{\"@id\":\"https:\/\/www.electroluxprofessional.com\/tr\/ticari-camasirhane-ekipmanlari\/myprozip-self-servis-camasirhane\/#primaryimage\"},\"image\":{\"@id\":\"https:\/\/www.electroluxprofessional.com\/tr\/ticari-camasirhane-ekipmanlari\/myprozip-self-servis-camasirhane\/#primaryimage\"},\"thumbnailUrl\":\"https:\/\/www.electroluxprofessional.com\/tr\/wp-content\/uploads\/2016\/12\/banner-2.jpg\",\"datePublished\":\"2023-04-06T13:57:02+00:00\",\"dateModified\":\"2025-11-05T15:58:12+00:00\",\"description\":\"myPROzip \u00e7ama\u015f\u0131r ve kurutma makineleri: Misafir kullan\u0131m\u0131na \u00f6zel, ev tipi cihazlardan daha g\u00fc\u00e7l\u00fc ve h\u0131zl\u0131 \u00e7\u00f6z\u00fcmler.\",\"breadcrumb\":{\"@id\":\"https:\/\/www.electroluxprofessional.com\/tr\/ticari-camasirhane-ekipmanlari\/myprozip-self-servis-camasirhane\/#breadcrumb\"},\"inLanguage\":\"tr\",\"potentialAction\":[{\"@type\":\"ReadAction\",\"target\":[\"https:\/\/www.electroluxprofessional.com\/tr\/ticari-camasirhane-ekipmanlari\/myprozip-self-servis-camasirhane\/\"]}]},{\"@type\":\"ImageObject\",\"inLanguage\":\"tr\",\"@id\":\"https:\/\/www.electroluxprofessional.com\/tr\/ticari-camasirhane-ekipmanlari\/myprozip-self-servis-camasirhane\/#primaryimage\",\"url\":\"https:\/\/www.electroluxprofessional.com\/tr\/wp-content\/uploads\/2016\/12\/banner-2.jpg\",\"contentUrl\":\"https:\/\/www.electroluxprofessional.com\/tr\/wp-content\/uploads\/2016\/12\/banner-2.jpg\",\"width\":2000,\"height\":1383,\"caption\":\"Front load washers\"},{\"@type\":\"BreadcrumbList\",\"@id\":\"https:\/\/www.electroluxprofessional.com\/tr\/ticari-camasirhane-ekipmanlari\/myprozip-self-servis-camasirhane\/#breadcrumb\",\"itemListElement\":[{\"@type\":\"ListItem\",\"position\":1,\"name\":\"Home\",\"item\":\"https:\/\/www.electroluxprofessional.com\/tr\/\"},{\"@type\":\"ListItem\",\"position\":2,\"name\":\"\u00c7ama\u015f\u0131rhane\",\"item\":\"https:\/\/www.electroluxprofessional.com\/tr\/ticari-camasirhane-ekipmanlari\/\"},{\"@type\":\"ListItem\",\"position\":3,\"name\":\"myPROzip self-servis \u00e7ama\u015f\u0131rhane\"}]},{\"@type\":\"WebSite\",\"@id\":\"https:\/\/www.electroluxprofessional.com\/tr\/#website\",\"url\":\"https:\/\/www.electroluxprofessional.com\/tr\/\",\"name\":\"Electrolux Professional T\u00fcrkiye\",\"description\":\"\",\"potentialAction\":[{\"@type\":\"SearchAction\",\"target\":{\"@type\":\"EntryPoint\",\"urlTemplate\":\"https:\/\/www.electroluxprofessional.com\/tr\/?src={search_term_string}\"},\"query-input\":\"required name=search_term_string\"}],\"inLanguage\":\"tr\"}]}<\/script>\n<!-- \/ Yoast SEO plugin. -->","yoast_head_json":{"title":"myPROzip self-servis \u00e7ama\u015f\u0131rhane - Electrolux Professional T\u00fcrkiye","description":"myPROzip \u00e7ama\u015f\u0131r ve kurutma makineleri: Misafir kullan\u0131m\u0131na \u00f6zel, ev tipi cihazlardan daha g\u00fc\u00e7l\u00fc ve h\u0131zl\u0131 \u00e7\u00f6z\u00fcmler.","robots":{"index":"index","follow":"follow","max-snippet":"max-snippet:-1","max-image-preview":"max-image-preview:large","max-video-preview":"max-video-preview:-1"},"canonical":"https:\/\/www.electroluxprofessional.com\/tr\/ticari-camasirhane-ekipmanlari\/myprozip-self-servis-camasirhane\/","og_locale":"tr_TR","og_type":"article","og_title":"myPROzip self-servis \u00e7ama\u015f\u0131rhane - Electrolux Professional T\u00fcrkiye","og_description":"myPROzip \u00e7ama\u015f\u0131r ve kurutma makineleri: Misafir kullan\u0131m\u0131na \u00f6zel, ev tipi cihazlardan daha g\u00fc\u00e7l\u00fc ve h\u0131zl\u0131 \u00e7\u00f6z\u00fcmler.","og_url":"https:\/\/www.electroluxprofessional.com\/tr\/ticari-camasirhane-ekipmanlari\/myprozip-self-servis-camasirhane\/","og_site_name":"Electrolux Professional T\u00fcrkiye","article_modified_time":"2025-11-05T15:58:12+00:00","og_image":[{"width":2000,"height":1383,"url":"https:\/\/www.electroluxprofessional.com\/tr\/wp-content\/uploads\/2016\/12\/banner-2.jpg","type":"image\/jpeg"}],"twitter_card":"summary_large_image","twitter_misc":{"Tahmini okuma s\u00fcresi":"3 dakika"},"schema":{"@context":"https:\/\/schema.org","@graph":[{"@type":"WebPage","@id":"https:\/\/www.electroluxprofessional.com\/tr\/ticari-camasirhane-ekipmanlari\/myprozip-self-servis-camasirhane\/","url":"https:\/\/www.electroluxprofessional.com\/tr\/ticari-camasirhane-ekipmanlari\/myprozip-self-servis-camasirhane\/","name":"myPROzip self-servis \u00e7ama\u015f\u0131rhane - Electrolux Professional T\u00fcrkiye","isPartOf":{"@id":"https:\/\/www.electroluxprofessional.com\/tr\/#website"},"primaryImageOfPage":{"@id":"https:\/\/www.electroluxprofessional.com\/tr\/ticari-camasirhane-ekipmanlari\/myprozip-self-servis-camasirhane\/#primaryimage"},"image":{"@id":"https:\/\/www.electroluxprofessional.com\/tr\/ticari-camasirhane-ekipmanlari\/myprozip-self-servis-camasirhane\/#primaryimage"},"thumbnailUrl":"https:\/\/www.electroluxprofessional.com\/tr\/wp-content\/uploads\/2016\/12\/banner-2.jpg","datePublished":"2023-04-06T13:57:02+00:00","dateModified":"2025-11-05T15:58:12+00:00","description":"myPROzip \u00e7ama\u015f\u0131r ve kurutma makineleri: Misafir kullan\u0131m\u0131na \u00f6zel, ev tipi cihazlardan daha g\u00fc\u00e7l\u00fc ve h\u0131zl\u0131 \u00e7\u00f6z\u00fcmler.","breadcrumb":{"@id":"https:\/\/www.electroluxprofessional.com\/tr\/ticari-camasirhane-ekipmanlari\/myprozip-self-servis-camasirhane\/#breadcrumb"},"inLanguage":"tr","potentialAction":[{"@type":"ReadAction","target":["https:\/\/www.electroluxprofessional.com\/tr\/ticari-camasirhane-ekipmanlari\/myprozip-self-servis-camasirhane\/"]}]},{"@type":"ImageObject","inLanguage":"tr","@id":"https:\/\/www.electroluxprofessional.com\/tr\/ticari-camasirhane-ekipmanlari\/myprozip-self-servis-camasirhane\/#primaryimage","url":"https:\/\/www.electroluxprofessional.com\/tr\/wp-content\/uploads\/2016\/12\/banner-2.jpg","contentUrl":"https:\/\/www.electroluxprofessional.com\/tr\/wp-content\/uploads\/2016\/12\/banner-2.jpg","width":2000,"height":1383,"caption":"Front load washers"},{"@type":"BreadcrumbList","@id":"https:\/\/www.electroluxprofessional.com\/tr\/ticari-camasirhane-ekipmanlari\/myprozip-self-servis-camasirhane\/#breadcrumb","itemListElement":[{"@type":"ListItem","position":1,"name":"Home","item":"https:\/\/www.electroluxprofessional.com\/tr\/"},{"@type":"ListItem","position":2,"name":"\u00c7ama\u015f\u0131rhane","item":"https:\/\/www.electroluxprofessional.com\/tr\/ticari-camasirhane-ekipmanlari\/"},{"@type":"ListItem","position":3,"name":"myPROzip self-servis \u00e7ama\u015f\u0131rhane"}]},{"@type":"WebSite","@id":"https:\/\/www.electroluxprofessional.com\/tr\/#website","url":"https:\/\/www.electroluxprofessional.com\/tr\/","name":"Electrolux Professional T\u00fcrkiye","description":"","potentialAction":[{"@type":"SearchAction","target":{"@type":"EntryPoint","urlTemplate":"https:\/\/www.electroluxprofessional.com\/tr\/?src={search_term_string}"},"query-input":"required name=search_term_string"}],"inLanguage":"tr"}]}},"_links":{"self":[{"href":"https:\/\/www.electroluxprofessional.com\/tr\/wp-json\/wp\/v2\/pages\/15685"}],"collection":[{"href":"https:\/\/www.electroluxprofessional.com\/tr\/wp-json\/wp\/v2\/pages"}],"about":[{"href":"https:\/\/www.electroluxprofessional.com\/tr\/wp-json\/wp\/v2\/types\/page"}],"author":[{"embeddable":true,"href":"https:\/\/www.electroluxprofessional.com\/tr\/wp-json\/wp\/v2\/users\/40"}],"replies":[{"embeddable":true,"href":"https:\/\/www.electroluxprofessional.com\/tr\/wp-json\/wp\/v2\/comments?post=15685"}],"version-history":[{"count":31,"href":"https:\/\/www.electroluxprofessional.com\/tr\/wp-json\/wp\/v2\/pages\/15685\/revisions"}],"predecessor-version":[{"id":22949,"href":"https:\/\/www.electroluxprofessional.com\/tr\/wp-json\/wp\/v2\/pages\/15685\/revisions\/22949"}],"up":[{"embeddable":true,"href":"https:\/\/www.electroluxprofessional.com\/tr\/wp-json\/wp\/v2\/pages\/2006"}],"wp:featuredmedia":[{"embeddable":true,"href":"https:\/\/www.electroluxprofessional.com\/tr\/wp-json\/wp\/v2\/media\/2745"}],"wp:attachment":[{"href":"https:\/\/www.electroluxprofessional.com\/tr\/wp-json\/wp\/v2\/media?parent=15685"}],"curies":[{"name":"wp","href":"https:\/\/api.w.org\/{rel}","templated":true}]}}