{"id":15668,"date":"2023-04-05T12:34:48","date_gmt":"2023-04-05T12:34:48","guid":{"rendered":"https:\/\/www.electroluxprofessional.com\/tr\/?page_id=15668"},"modified":"2025-10-16T11:52:11","modified_gmt":"2025-10-16T11:52:11","slug":"servis-anlasmalari","status":"publish","type":"page","link":"https:\/\/www.electroluxprofessional.com\/tr\/musteri-hizmetleri\/servis-anlasmalari\/","title":{"rendered":"Servis Anla\u015fmalar\u0131"},"content":{"rendered":"<p>[vc_row full_width=&#8221;electroluxpro-full-width-no-padding&#8221;][vc_column][elx_image_block background_image=&#8221;15667&#8243; minimum_height=&#8221;350px&#8221;][\/vc_column][\/vc_row][vc_row][vc_column width=&#8221;2\/3&#8243;][vc_empty_space][elx_heading font_container=&#8221;h1&#8243; font_size=&#8221;h3&#8243; text_color=&#8221;inherit&#8221;]Servis S\u00f6zle\u015fmeleri[\/elx_heading][vc_empty_space][elx_heading font_size=&#8221;h5&#8243; text_color=&#8221;inherit&#8221;]G\u00fcvenebilirsiniz[\/elx_heading][vc_column_text]Electrolux Professional M\u00fc\u015fteri Hizmetleri, \u00fcr\u00fcn k\u0131lavuzlar\u0131m\u0131z do\u011frultusunda, ekipman\u0131n\u0131z\u0131n performans, kullan\u0131labilirlik ve emniyetini s\u00fcrd\u00fcrmek \u00fczere tasarlanm\u0131\u015f olan ve <strong>\u00fcr\u00fcn\u00fcn \u00f6mr\u00fcn\u00fc ve k\u00e2rl\u0131l\u0131\u011f\u0131n\u0131 maksimum seviyeye getiren<\/strong> bir dizi <strong>\u00f6zel hizmet anla\u015fmas\u0131<\/strong> paketi sunmaktad\u0131r.[\/vc_column_text][elx_heading font_container=&#8221;h3&#8243; font_size=&#8221;h5&#8243; text_color=&#8221;inherit&#8221;]Temel Hizmet Paketi[\/elx_heading][vc_column_text]\u00d6nem derecesi daha d\u00fc\u015f\u00fck olan sorunlar\u0131 \u00e7\u00f6zmek ad\u0131na size yard\u0131mc\u0131 olacak t\u00fcm kay\u0131tl\u0131 \u00fcr\u00fcnler i\u00e7in, \u00e7al\u0131\u015fma saatleri i\u00e7erisinde e-posta ve telefon deste\u011fi ile Temel Hizmet, k\u00fcresel bir yedek par\u00e7a sto\u011funa ve kapsaml\u0131 saha servis a\u011f\u0131m\u0131za eri\u015fiminizi sa\u011flar.[\/vc_column_text][\/vc_column][vc_column width=&#8221;1\/3&#8243;][vc_empty_space][vc_empty_space][vc_empty_space][vc_single_image image=&#8221;7830&#8243; img_size=&#8221;full&#8221;][\/vc_column][\/vc_row][vc_row][vc_column][elx_heading font_size=&#8221;h3&#8243; text_color=&#8221;inherit&#8221;]Servis s\u00f6zle\u015fmesi paketleri (*)[\/elx_heading][elx_heading font_container=&#8221;h3&#8243; font_size=&#8221;h5&#8243; text_color=&#8221;inherit&#8221;](*) \u00dclkeye g\u00f6re de\u011fi\u015fiklik g\u00f6sterebilir[\/elx_heading][vc_empty_space height=&#8221;50px&#8221;][\/vc_column][\/vc_row][vc_row][vc_column width=&#8221;1\/3&#8243;][vc_empty_space css=&#8221;.vc_custom_1519742058383{background-color: #9fb5ba !important;}&#8221;][elx_heading font_container=&#8221;h3&#8243; font_size=&#8221;h3&#8243; text_color=&#8221;electrolux-blue&#8221; css=&#8221;.vc_custom_1680698430146{background-color: #041e41 !important;}&#8221;]Performans[\/elx_heading][elx_heading font_container=&#8221;h4&#8243; font_size=&#8221;h5&#8243; text_color=&#8221;electrolux-blue&#8221;]Standartlar\u0131n\u0131z\u0131 y\u00fckseltin[\/elx_heading][vc_column_text]Plans\u0131z ar\u0131zalar\u0131 azalt\u0131n, garanti ko\u015fullar\u0131n\u0131 ve optimal \u00e7al\u0131\u015fma performans\u0131n\u0131 s\u00fcrd\u00fcr\u00fcn.[\/vc_column_text][\/vc_column][vc_column width=&#8221;1\/3&#8243;][vc_empty_space css=&#8221;.vc_custom_1519742117220{background-color: #666765 !important;}&#8221;][elx_heading font_container=&#8221;h3&#8243; font_size=&#8221;h3&#8243; text_color=&#8221;electrolux-blue&#8221;]Premium[\/elx_heading][elx_heading font_container=&#8221;h4&#8243; font_size=&#8221;h5&#8243; text_color=&#8221;inherit&#8221;]Sizin i\u00e7in daha fazlas\u0131[\/elx_heading][vc_column_text]Daha h\u0131zl\u0131 saha m\u00fcdahaleleri ile yedek par\u00e7a ve i\u015f\u00e7ilik maliyetlerine ili\u015fkin garanti s\u00fcresini uzat\u0131n ve Aksesuarlar &amp; Sarf Malzemeleri i\u00e7in ilave indirim kazan\u0131n.[\/vc_column_text][\/vc_column][vc_column width=&#8221;1\/3&#8243;][vc_empty_space css=&#8221;.vc_custom_1519742137766{background-color: #bc8c47 !important;}&#8221;][elx_heading font_size=&#8221;h3&#8243; text_color=&#8221;electrolux-blue&#8221;]Excellence[\/elx_heading][elx_heading font_container=&#8221;h4&#8243; font_size=&#8221;h5&#8243; text_color=&#8221;inherit&#8221; css=&#8221;.vc_custom_1698009944063{background-image: url(https:\/\/www.electroluxprofessional.com\/tr\/wp-content\/uploads\/2018\/02\/Excellence.jpg?id=15451) !important;}&#8221;]G\u00f6n\u00fcl rahatl\u0131\u011f\u0131 g\u00fcvencesi[\/elx_heading][vc_column_text]Sabit fiyat kar\u015f\u0131l\u0131\u011f\u0131nda, tam kapsaml\u0131 bir bak\u0131m ve servis program\u0131 edinin.[\/vc_column_text][\/vc_column][\/vc_row][vc_row][vc_column][elx_heading font_size=&#8221;h3&#8243; text_color=&#8221;inherit&#8221;]Servis s\u00f6zle\u015fme pakatlerimiz i\u00e7in bize kat\u0131l\u0131n[\/elx_heading][elx_o2000_contact_us s=&#8221;Essentia Servis s\u00f6zle\u015fmeleri hakk\u0131nda bilgi talebi&#8221; container=&#8221;elxcontactus1484293813&#8243; r=&#8221;Essentia Servis anla\u015fmalar\u0131 hakk\u0131nda daha fazla bilgi edinmek istiyorum. L\u00fctfen benimle ileti\u015fime ge\u00e7in.&#8221;][\/vc_column][\/vc_row][vc_row][vc_column][elx_heading font_size=&#8221;h3&#8243; text_color=&#8221;inherit&#8221;]G\u00fcvenebilirsiniz[\/elx_heading][vc_column_text]Siz i\u015finiz ile ilgilenirken, biz problemlerinizi \u00e7\u00f6zelim.[\/vc_column_text][vc_empty_space][\/vc_column][\/vc_row][vc_row][vc_column width=&#8221;1\/2&#8243;][elx_download_block text=&#8221;Servis S\u00f6zle\u015fmeleri<br \/>\nbro\u015f\u00fcr\u00fc (EN)&#8221; link=&#8221;http:\/\/pride.int.electroluxprofessional.com\/PrIDE\/PrIDE_Attach_r\/CLF\/CLF_CLF-9JE00193_1_5_1_5_EPR_Essentia_Service%20agreements_2020_ENG_LR.pdf&#8221; background_color=&#8221;electrolux-blue&#8221;][\/vc_column][vc_column width=&#8221;1\/2&#8243;][elx_download_block text=&#8221;Servis S\u00f6zle\u015fmeleri<br \/>\nEl bro\u015f\u00fcr\u00fc (EN)&#8221; link=&#8221;http:\/\/pride.int.electroluxprofessional.com\/PrIDE\/PrIDE_Attach_r\/CLF\/CLF_CLF-9JE00192_1_5_1_4_EPR_Essentia%20Service%20agreements_flyer_LR.pdf&#8221; background_color=&#8221;electrolux-blue&#8221;][\/vc_column][\/vc_row][vc_row][vc_column][vc_empty_space][\/vc_column][\/vc_row][vc_row css=&#8221;.vc_custom_1525876248980{background-color: #eeeeee !important;}&#8221;][vc_column][elx_heading font_size=&#8221;h3&#8243; text_color=&#8221;inherit&#8221;]Komple \u00e7\u00f6z\u00fcmlerimiz hakk\u0131nda daha fazla bilgi edinin[\/elx_heading][vc_empty_space][\/vc_column][\/vc_row][vc_row css=&#8221;.vc_custom_1525876257702{background-color: #eeeeee !important;}&#8221;][vc_column width=&#8221;1\/3&#8243;][elx_maylike_box id_box=&#8221;9231&#8243;][\/vc_column][vc_column width=&#8221;1\/3&#8243;][\/vc_column][vc_column width=&#8221;1\/3&#8243;][\/vc_column][\/vc_row]<\/p>\n","protected":false},"excerpt":{"rendered":"<p>[vc_row full_width=&#8221;electroluxpro-full-width-no-padding&#8221;][vc_column][elx_image_block background_image=&#8221;15667&#8243; minimum_height=&#8221;350px&#8221;][\/vc_column][\/vc_row][vc_row][vc_column width=&#8221;2\/3&#8243;][vc_empty_space][elx_heading font_container=&#8221;h1&#8243; font_size=&#8221;h3&#8243; text_color=&#8221;inherit&#8221;]Servis S\u00f6zle\u015fmeleri[\/elx_heading][vc_empty_space][elx_heading font_size=&#8221;h5&#8243; text_color=&#8221;inherit&#8221;]G\u00fcvenebilirsiniz[\/elx_heading][vc_column_text]Electrolux Professional M\u00fc\u015fteri Hizmetleri, \u00fcr\u00fcn k\u0131lavuzlar\u0131m\u0131z do\u011frultusunda, ekipman\u0131n\u0131z\u0131n performans, kullan\u0131labilirlik ve emniyetini s\u00fcrd\u00fcrmek \u00fczere tasarlanm\u0131\u015f olan ve \u00fcr\u00fcn\u00fcn \u00f6mr\u00fcn\u00fc ve k\u00e2rl\u0131l\u0131\u011f\u0131n\u0131 maksimum seviyeye getiren bir dizi \u00f6zel hizmet anla\u015fmas\u0131 paketi sunmaktad\u0131r.[\/vc_column_text][elx_heading font_container=&#8221;h3&#8243; font_size=&#8221;h5&#8243; text_color=&#8221;inherit&#8221;]Temel Hizmet Paketi[\/elx_heading][vc_column_text]\u00d6nem derecesi daha d\u00fc\u015f\u00fck olan sorunlar\u0131 \u00e7\u00f6zmek ad\u0131na size yard\u0131mc\u0131 [&hellip;]<\/p>\n","protected":false},"author":40,"featured_media":11019,"parent":1115,"menu_order":0,"comment_status":"closed","ping_status":"closed","template":"","meta":{"footnotes":""},"class_list":["post-15668","page","type-page","status-publish","has-post-thumbnail","hentry"],"acf":[],"yoast_head":"<!-- This site is optimized with the Yoast SEO plugin v23.3 - https:\/\/yoast.com\/wordpress\/plugins\/seo\/ -->\n<title>Servis Anla\u015fmalar\u0131 - Electrolux Professional T\u00fcrkiye<\/title>\n<meta name=\"description\" content=\"Essentia M\u00fc\u015fteri Hizmetleri, i\u015fletmenizin k\u00e2rl\u0131l\u0131\u011f\u0131n\u0131 s\u00fcrd\u00fcrmeniz i\u00e7in gerekli olan bir dizi \u00f6zel haz\u0131rlanm\u0131\u015f hizmet s\u00f6zle\u015fmesi paketi sunar.\" \/>\n<meta name=\"robots\" content=\"index, follow, max-snippet:-1, max-image-preview:large, max-video-preview:-1\" \/>\n<link rel=\"canonical\" href=\"https:\/\/www.electroluxprofessional.com\/tr\/musteri-hizmetleri\/servis-anlasmalari\/\" \/>\n<meta property=\"og:locale\" content=\"tr_TR\" \/>\n<meta property=\"og:type\" content=\"article\" \/>\n<meta property=\"og:title\" content=\"Servis Anla\u015fmalar\u0131 - Electrolux Professional T\u00fcrkiye\" \/>\n<meta property=\"og:description\" content=\"Essentia M\u00fc\u015fteri Hizmetleri, i\u015fletmenizin k\u00e2rl\u0131l\u0131\u011f\u0131n\u0131 s\u00fcrd\u00fcrmeniz i\u00e7in gerekli olan bir dizi \u00f6zel haz\u0131rlanm\u0131\u015f hizmet s\u00f6zle\u015fmesi paketi sunar.\" \/>\n<meta property=\"og:url\" content=\"https:\/\/www.electroluxprofessional.com\/tr\/musteri-hizmetleri\/servis-anlasmalari\/\" \/>\n<meta property=\"og:site_name\" content=\"Electrolux Professional T\u00fcrkiye\" \/>\n<meta property=\"article:modified_time\" content=\"2025-10-16T11:52:11+00:00\" \/>\n<meta property=\"og:image\" content=\"https:\/\/www.electroluxprofessional.com\/tr\/wp-content\/uploads\/2017\/01\/cutomer-care.jpg\" \/>\n\t<meta property=\"og:image:width\" content=\"2000\" \/>\n\t<meta property=\"og:image:height\" content=\"1691\" \/>\n\t<meta property=\"og:image:type\" content=\"image\/jpeg\" \/>\n<meta name=\"twitter:card\" content=\"summary_large_image\" \/>\n<meta name=\"twitter:label1\" content=\"Tahmini okuma s\u00fcresi\" \/>\n\t<meta name=\"twitter:data1\" content=\"2 dakika\" \/>\n<script type=\"application\/ld+json\" class=\"yoast-schema-graph\">{\"@context\":\"https:\/\/schema.org\",\"@graph\":[{\"@type\":\"WebPage\",\"@id\":\"https:\/\/www.electroluxprofessional.com\/tr\/musteri-hizmetleri\/servis-anlasmalari\/\",\"url\":\"https:\/\/www.electroluxprofessional.com\/tr\/musteri-hizmetleri\/servis-anlasmalari\/\",\"name\":\"Servis Anla\u015fmalar\u0131 - Electrolux Professional T\u00fcrkiye\",\"isPartOf\":{\"@id\":\"https:\/\/www.electroluxprofessional.com\/tr\/#website\"},\"primaryImageOfPage\":{\"@id\":\"https:\/\/www.electroluxprofessional.com\/tr\/musteri-hizmetleri\/servis-anlasmalari\/#primaryimage\"},\"image\":{\"@id\":\"https:\/\/www.electroluxprofessional.com\/tr\/musteri-hizmetleri\/servis-anlasmalari\/#primaryimage\"},\"thumbnailUrl\":\"https:\/\/www.electroluxprofessional.com\/tr\/wp-content\/uploads\/2017\/01\/cutomer-care.jpg\",\"datePublished\":\"2023-04-05T12:34:48+00:00\",\"dateModified\":\"2025-10-16T11:52:11+00:00\",\"description\":\"Essentia M\u00fc\u015fteri Hizmetleri, i\u015fletmenizin k\u00e2rl\u0131l\u0131\u011f\u0131n\u0131 s\u00fcrd\u00fcrmeniz i\u00e7in gerekli olan bir dizi \u00f6zel haz\u0131rlanm\u0131\u015f hizmet s\u00f6zle\u015fmesi paketi sunar.\",\"breadcrumb\":{\"@id\":\"https:\/\/www.electroluxprofessional.com\/tr\/musteri-hizmetleri\/servis-anlasmalari\/#breadcrumb\"},\"inLanguage\":\"tr\",\"potentialAction\":[{\"@type\":\"ReadAction\",\"target\":[\"https:\/\/www.electroluxprofessional.com\/tr\/musteri-hizmetleri\/servis-anlasmalari\/\"]}]},{\"@type\":\"ImageObject\",\"inLanguage\":\"tr\",\"@id\":\"https:\/\/www.electroluxprofessional.com\/tr\/musteri-hizmetleri\/servis-anlasmalari\/#primaryimage\",\"url\":\"https:\/\/www.electroluxprofessional.com\/tr\/wp-content\/uploads\/2017\/01\/cutomer-care.jpg\",\"contentUrl\":\"https:\/\/www.electroluxprofessional.com\/tr\/wp-content\/uploads\/2017\/01\/cutomer-care.jpg\",\"width\":2000,\"height\":1691,\"caption\":\"customer care service electrolux professional\"},{\"@type\":\"BreadcrumbList\",\"@id\":\"https:\/\/www.electroluxprofessional.com\/tr\/musteri-hizmetleri\/servis-anlasmalari\/#breadcrumb\",\"itemListElement\":[{\"@type\":\"ListItem\",\"position\":1,\"name\":\"Home\",\"item\":\"https:\/\/www.electroluxprofessional.com\/tr\/\"},{\"@type\":\"ListItem\",\"position\":2,\"name\":\"Essentia M\u00fc\u015fteri Hizmetleri\",\"item\":\"https:\/\/www.electroluxprofessional.com\/tr\/musteri-hizmetleri\/\"},{\"@type\":\"ListItem\",\"position\":3,\"name\":\"Servis Anla\u015fmalar\u0131\"}]},{\"@type\":\"WebSite\",\"@id\":\"https:\/\/www.electroluxprofessional.com\/tr\/#website\",\"url\":\"https:\/\/www.electroluxprofessional.com\/tr\/\",\"name\":\"Electrolux Professional T\u00fcrkiye\",\"description\":\"\",\"potentialAction\":[{\"@type\":\"SearchAction\",\"target\":{\"@type\":\"EntryPoint\",\"urlTemplate\":\"https:\/\/www.electroluxprofessional.com\/tr\/?src={search_term_string}\"},\"query-input\":\"required name=search_term_string\"}],\"inLanguage\":\"tr\"}]}<\/script>\n<!-- \/ Yoast SEO plugin. -->","yoast_head_json":{"title":"Servis Anla\u015fmalar\u0131 - Electrolux Professional T\u00fcrkiye","description":"Essentia M\u00fc\u015fteri Hizmetleri, i\u015fletmenizin k\u00e2rl\u0131l\u0131\u011f\u0131n\u0131 s\u00fcrd\u00fcrmeniz i\u00e7in gerekli olan bir dizi \u00f6zel haz\u0131rlanm\u0131\u015f hizmet s\u00f6zle\u015fmesi paketi sunar.","robots":{"index":"index","follow":"follow","max-snippet":"max-snippet:-1","max-image-preview":"max-image-preview:large","max-video-preview":"max-video-preview:-1"},"canonical":"https:\/\/www.electroluxprofessional.com\/tr\/musteri-hizmetleri\/servis-anlasmalari\/","og_locale":"tr_TR","og_type":"article","og_title":"Servis Anla\u015fmalar\u0131 - Electrolux Professional T\u00fcrkiye","og_description":"Essentia M\u00fc\u015fteri Hizmetleri, i\u015fletmenizin k\u00e2rl\u0131l\u0131\u011f\u0131n\u0131 s\u00fcrd\u00fcrmeniz i\u00e7in gerekli olan bir dizi \u00f6zel haz\u0131rlanm\u0131\u015f hizmet s\u00f6zle\u015fmesi paketi sunar.","og_url":"https:\/\/www.electroluxprofessional.com\/tr\/musteri-hizmetleri\/servis-anlasmalari\/","og_site_name":"Electrolux Professional T\u00fcrkiye","article_modified_time":"2025-10-16T11:52:11+00:00","og_image":[{"width":2000,"height":1691,"url":"https:\/\/www.electroluxprofessional.com\/tr\/wp-content\/uploads\/2017\/01\/cutomer-care.jpg","type":"image\/jpeg"}],"twitter_card":"summary_large_image","twitter_misc":{"Tahmini okuma s\u00fcresi":"2 dakika"},"schema":{"@context":"https:\/\/schema.org","@graph":[{"@type":"WebPage","@id":"https:\/\/www.electroluxprofessional.com\/tr\/musteri-hizmetleri\/servis-anlasmalari\/","url":"https:\/\/www.electroluxprofessional.com\/tr\/musteri-hizmetleri\/servis-anlasmalari\/","name":"Servis Anla\u015fmalar\u0131 - Electrolux Professional T\u00fcrkiye","isPartOf":{"@id":"https:\/\/www.electroluxprofessional.com\/tr\/#website"},"primaryImageOfPage":{"@id":"https:\/\/www.electroluxprofessional.com\/tr\/musteri-hizmetleri\/servis-anlasmalari\/#primaryimage"},"image":{"@id":"https:\/\/www.electroluxprofessional.com\/tr\/musteri-hizmetleri\/servis-anlasmalari\/#primaryimage"},"thumbnailUrl":"https:\/\/www.electroluxprofessional.com\/tr\/wp-content\/uploads\/2017\/01\/cutomer-care.jpg","datePublished":"2023-04-05T12:34:48+00:00","dateModified":"2025-10-16T11:52:11+00:00","description":"Essentia M\u00fc\u015fteri Hizmetleri, i\u015fletmenizin k\u00e2rl\u0131l\u0131\u011f\u0131n\u0131 s\u00fcrd\u00fcrmeniz i\u00e7in gerekli olan bir dizi \u00f6zel haz\u0131rlanm\u0131\u015f hizmet s\u00f6zle\u015fmesi paketi sunar.","breadcrumb":{"@id":"https:\/\/www.electroluxprofessional.com\/tr\/musteri-hizmetleri\/servis-anlasmalari\/#breadcrumb"},"inLanguage":"tr","potentialAction":[{"@type":"ReadAction","target":["https:\/\/www.electroluxprofessional.com\/tr\/musteri-hizmetleri\/servis-anlasmalari\/"]}]},{"@type":"ImageObject","inLanguage":"tr","@id":"https:\/\/www.electroluxprofessional.com\/tr\/musteri-hizmetleri\/servis-anlasmalari\/#primaryimage","url":"https:\/\/www.electroluxprofessional.com\/tr\/wp-content\/uploads\/2017\/01\/cutomer-care.jpg","contentUrl":"https:\/\/www.electroluxprofessional.com\/tr\/wp-content\/uploads\/2017\/01\/cutomer-care.jpg","width":2000,"height":1691,"caption":"customer care service electrolux professional"},{"@type":"BreadcrumbList","@id":"https:\/\/www.electroluxprofessional.com\/tr\/musteri-hizmetleri\/servis-anlasmalari\/#breadcrumb","itemListElement":[{"@type":"ListItem","position":1,"name":"Home","item":"https:\/\/www.electroluxprofessional.com\/tr\/"},{"@type":"ListItem","position":2,"name":"Essentia M\u00fc\u015fteri Hizmetleri","item":"https:\/\/www.electroluxprofessional.com\/tr\/musteri-hizmetleri\/"},{"@type":"ListItem","position":3,"name":"Servis Anla\u015fmalar\u0131"}]},{"@type":"WebSite","@id":"https:\/\/www.electroluxprofessional.com\/tr\/#website","url":"https:\/\/www.electroluxprofessional.com\/tr\/","name":"Electrolux Professional T\u00fcrkiye","description":"","potentialAction":[{"@type":"SearchAction","target":{"@type":"EntryPoint","urlTemplate":"https:\/\/www.electroluxprofessional.com\/tr\/?src={search_term_string}"},"query-input":"required name=search_term_string"}],"inLanguage":"tr"}]}},"_links":{"self":[{"href":"https:\/\/www.electroluxprofessional.com\/tr\/wp-json\/wp\/v2\/pages\/15668"}],"collection":[{"href":"https:\/\/www.electroluxprofessional.com\/tr\/wp-json\/wp\/v2\/pages"}],"about":[{"href":"https:\/\/www.electroluxprofessional.com\/tr\/wp-json\/wp\/v2\/types\/page"}],"author":[{"embeddable":true,"href":"https:\/\/www.electroluxprofessional.com\/tr\/wp-json\/wp\/v2\/users\/40"}],"replies":[{"embeddable":true,"href":"https:\/\/www.electroluxprofessional.com\/tr\/wp-json\/wp\/v2\/comments?post=15668"}],"version-history":[{"count":11,"href":"https:\/\/www.electroluxprofessional.com\/tr\/wp-json\/wp\/v2\/pages\/15668\/revisions"}],"predecessor-version":[{"id":22500,"href":"https:\/\/www.electroluxprofessional.com\/tr\/wp-json\/wp\/v2\/pages\/15668\/revisions\/22500"}],"up":[{"embeddable":true,"href":"https:\/\/www.electroluxprofessional.com\/tr\/wp-json\/wp\/v2\/pages\/1115"}],"wp:featuredmedia":[{"embeddable":true,"href":"https:\/\/www.electroluxprofessional.com\/tr\/wp-json\/wp\/v2\/media\/11019"}],"wp:attachment":[{"href":"https:\/\/www.electroluxprofessional.com\/tr\/wp-json\/wp\/v2\/media?parent=15668"}],"curies":[{"name":"wp","href":"https:\/\/api.w.org\/{rel}","templated":true}]}}