{"id":15463,"date":"2023-03-13T07:51:19","date_gmt":"2023-03-13T07:51:19","guid":{"rendered":"https:\/\/www.electroluxprofessional.com\/tr\/?page_id=15463"},"modified":"2025-09-24T13:20:03","modified_gmt":"2025-09-24T13:20:03","slug":"kesme-diski-secim-kilavuzu","status":"publish","type":"page","link":"https:\/\/www.electroluxprofessional.com\/tr\/ticari-mutfak-ekipmanlari\/kes-karistir-dilimle\/kesme-diski-secim-kilavuzu\/","title":{"rendered":"Kesme Diski Se\u00e7im K\u0131lavuzu"},"content":{"rendered":"<p>[vc_row full_width=&#8221;electroluxpro-full-width-no-padding&#8221;][vc_column][vc_single_image image=&#8221;2174&#8243; img_size=&#8221;2000&#215;350&#8243; alignment=&#8221;center&#8221;][\/vc_column][\/vc_row][vc_row][vc_column][vc_empty_space][elx_heading font_container=&#8221;h1&#8243; font_size=&#8221;h3&#8243; text_color=&#8221;inherit&#8221; text_align=&#8221;text-left&#8221;]Kesme Diskleri Se\u00e7me K\u0131lavuzu[\/elx_heading][elx_heading font_size=&#8221;h5&#8243; text_color=&#8221;inherit&#8221; text_align=&#8221;text-left&#8221;]TRK, TRS, TR200 ve TR210 serileri i\u00e7in ihtiya\u00e7lar\u0131n\u0131za en uygun kesme ekipman\u0131n\u0131 se\u00e7menize yard\u0131mc\u0131 olacak yeni bir interaktif k\u0131lavuz geli\u015ftirildi.[\/elx_heading][vc_empty_space][vc_row_inner][vc_column_inner width=&#8221;2\/3&#8243;][vc_column_text]\u00dcr\u00fcn yelpazesini haz\u0131rlamak istedi\u011finiz malzemeye veya kesme diskinin boyutuna ve t\u00fcr\u00fcne g\u00f6re ke\u015ffedin.[\/vc_column_text][elx_button button_text=&#8221;Kesme, kar\u0131\u015ft\u0131rma ve dilimleme i\u00e7in \u00f6nerilerimizi ke\u015ffedin&#8221; button_style=&#8221;icon&#8221; button_link=&#8221;url:https%3A%2F%2Fwww.electroluxprofessional.com%2Ftr%2Fticari-mutfak-ekipmanlari%2Fkes-karistir-dilimle%2F|title:Haz%C4%B1rl%C4%B1k%20%E2%80%93%20Kes%2C%20Kar%C4%B1%C5%9Ft%C4%B1r%20ve%20Dilimle|target:_blank&#8221;][elx_button button_text=&#8221;Soyma, y\u0131kama ve kurutma makinelerimizi ke\u015ffedin&#8221; button_style=&#8221;icon&#8221; button_link=&#8221;url:https%3A%2F%2Fwww.electroluxprofessional.com%2Ftr%2Fticari-mutfak-ekipmanlari%2Fsoy-yika-kurut%2F|title:Haz%C4%B1rl%C4%B1k%20-%20Soy%2C%20y%C4%B1ka%20ve%20kurut&#8221;][\/vc_column_inner][vc_column_inner width=&#8221;1\/3&#8243;][elx_download_block text=&#8221;TRS\/TRK\/TR210 Kesme Diskler Rehberi (EN)&#8221; link=&#8221;https:\/\/webgate.electroluxprofessional.com\/PrIDE\/PrIDE_Attach_r\/CLF\/CLF_CLF-9JE00322_1_5_1_1_EPR_Cutting_Guide_TRS_ENG_05112024_LR.pdf?csrt=15757378057788928338&#8243; background_color=&#8221;cat-create&#8221; reveal_effect=&#8221;&#8221; reveal_duration=&#8221;&#8221; reveal_delay=&#8221;&#8221;][\/vc_column_inner][\/vc_row_inner][\/vc_column][\/vc_row][vc_row][vc_column][elx_o2000_cutting_guide][\/vc_column][\/vc_row][vc_row css=&#8221;.vc_custom_1555577086019{background-color: #eeeeee !important;}&#8221;][vc_column][elx_heading font_size=&#8221;h3&#8243; text_color=&#8221;inherit&#8221; text_align=&#8221;text-left&#8221;]\u00dcr\u00fcnlerimizin i\u015fletmeniz i\u00e7in neler yapabilece\u011fini ke\u015ffedin<br \/>\n[\/elx_heading][vc_row_inner][vc_column_inner width=&#8221;1\/3&#8243;][elx_maylike_box id_box=&#8221;1196&#8243;][\/vc_column_inner][vc_column_inner width=&#8221;1\/3&#8243;][elx_maylike_box id_box=&#8221;1498&#8243;][\/vc_column_inner][vc_column_inner width=&#8221;1\/3&#8243;][elx_maylike_box id_box=&#8221;16308&#8243;][\/vc_column_inner][\/vc_row_inner][\/vc_column][\/vc_row][vc_row][vc_column][vc_empty_space][elx_heading font_size=&#8221;h3&#8243; text_color=&#8221;inherit&#8221; text_align=&#8221;text-left&#8221;]Electrolux Professional&#8217;\u0131n i\u015fletmeniz i\u00e7in neler yapabilece\u011fini ke\u015ffedin[\/elx_heading][elx_o2000_contact_us s=&#8221;Request of information about Food preparation&#8221; container=&#8221;elxcontactus1480324839&#8243; r=&#8221;I would like to find out more about I would like to find out more about Food Preparation and the Cutting Disc Selection Guide, please get in touch with us.&#8221;][\/vc_column][\/vc_row][vc_row][vc_column][vc_empty_space][\/vc_column][\/vc_row]<\/p>\n","protected":false},"excerpt":{"rendered":"<p>[vc_row full_width=&#8221;electroluxpro-full-width-no-padding&#8221;][vc_column][vc_single_image image=&#8221;2174&#8243; img_size=&#8221;2000&#215;350&#8243; alignment=&#8221;center&#8221;][\/vc_column][\/vc_row][vc_row][vc_column][vc_empty_space][elx_heading font_container=&#8221;h1&#8243; font_size=&#8221;h3&#8243; text_color=&#8221;inherit&#8221; text_align=&#8221;text-left&#8221;]Kesme Diskleri Se\u00e7me K\u0131lavuzu[\/elx_heading][elx_heading font_size=&#8221;h5&#8243; text_color=&#8221;inherit&#8221; text_align=&#8221;text-left&#8221;]TRK, TRS, TR200 ve TR210 serileri i\u00e7in ihtiya\u00e7lar\u0131n\u0131za en uygun kesme ekipman\u0131n\u0131 se\u00e7menize yard\u0131mc\u0131 olacak yeni bir interaktif k\u0131lavuz geli\u015ftirildi.[\/elx_heading][vc_empty_space][vc_row_inner][vc_column_inner width=&#8221;2\/3&#8243;][vc_column_text]\u00dcr\u00fcn yelpazesini haz\u0131rlamak istedi\u011finiz malzemeye veya kesme diskinin boyutuna ve t\u00fcr\u00fcne g\u00f6re ke\u015ffedin.[\/vc_column_text][elx_button button_text=&#8221;Kesme, kar\u0131\u015ft\u0131rma ve dilimleme i\u00e7in \u00f6nerilerimizi ke\u015ffedin&#8221; button_style=&#8221;icon&#8221; [&hellip;]<\/p>\n","protected":false},"author":40,"featured_media":2174,"parent":2462,"menu_order":0,"comment_status":"closed","ping_status":"closed","template":"","meta":{"footnotes":""},"class_list":["post-15463","page","type-page","status-publish","has-post-thumbnail","hentry"],"acf":[],"yoast_head":"<!-- This site is optimized with the Yoast SEO plugin v23.3 - https:\/\/yoast.com\/wordpress\/plugins\/seo\/ -->\n<title>Kesme Diski Se\u00e7im K\u0131lavuzu - Electrolux Professional T\u00fcrkiye<\/title>\n<meta name=\"description\" content=\"Yeni kesme diski se\u00e7im k\u0131lavuzu, TRK, TRS, TR200 ve TR210 serileri i\u00e7in ihtiya\u00e7lar\u0131n\u0131za en uygun ekipman\u0131 se\u00e7menize yard\u0131mc\u0131 olur.\" \/>\n<meta name=\"robots\" content=\"index, follow, max-snippet:-1, max-image-preview:large, max-video-preview:-1\" \/>\n<link rel=\"canonical\" href=\"https:\/\/www.electroluxprofessional.com\/tr\/ticari-mutfak-ekipmanlari\/kes-karistir-dilimle\/kesme-diski-secim-kilavuzu\/\" \/>\n<meta property=\"og:locale\" content=\"tr_TR\" \/>\n<meta property=\"og:type\" content=\"article\" \/>\n<meta property=\"og:title\" content=\"Kesme Diski Se\u00e7im K\u0131lavuzu - Electrolux Professional T\u00fcrkiye\" \/>\n<meta property=\"og:description\" content=\"Yeni kesme diski se\u00e7im k\u0131lavuzu, TRK, TRS, TR200 ve TR210 serileri i\u00e7in ihtiya\u00e7lar\u0131n\u0131za en uygun ekipman\u0131 se\u00e7menize yard\u0131mc\u0131 olur.\" \/>\n<meta property=\"og:url\" content=\"https:\/\/www.electroluxprofessional.com\/tr\/ticari-mutfak-ekipmanlari\/kes-karistir-dilimle\/kesme-diski-secim-kilavuzu\/\" \/>\n<meta property=\"og:site_name\" content=\"Electrolux Professional T\u00fcrkiye\" \/>\n<meta property=\"article:modified_time\" content=\"2025-09-24T13:20:03+00:00\" \/>\n<meta property=\"og:image\" content=\"https:\/\/www.electroluxprofessional.com\/tr\/wp-content\/uploads\/2016\/11\/banner-10-1.jpg\" \/>\n\t<meta property=\"og:image:width\" content=\"2000\" \/>\n\t<meta property=\"og:image:height\" content=\"1688\" \/>\n\t<meta property=\"og:image:type\" content=\"image\/jpeg\" \/>\n<meta name=\"twitter:card\" content=\"summary_large_image\" \/>\n<meta name=\"twitter:label1\" content=\"Tahmini okuma s\u00fcresi\" \/>\n\t<meta name=\"twitter:data1\" content=\"2 dakika\" \/>\n<script type=\"application\/ld+json\" class=\"yoast-schema-graph\">{\"@context\":\"https:\/\/schema.org\",\"@graph\":[{\"@type\":\"WebPage\",\"@id\":\"https:\/\/www.electroluxprofessional.com\/tr\/ticari-mutfak-ekipmanlari\/kes-karistir-dilimle\/kesme-diski-secim-kilavuzu\/\",\"url\":\"https:\/\/www.electroluxprofessional.com\/tr\/ticari-mutfak-ekipmanlari\/kes-karistir-dilimle\/kesme-diski-secim-kilavuzu\/\",\"name\":\"Kesme Diski Se\u00e7im K\u0131lavuzu - Electrolux Professional T\u00fcrkiye\",\"isPartOf\":{\"@id\":\"https:\/\/www.electroluxprofessional.com\/tr\/#website\"},\"primaryImageOfPage\":{\"@id\":\"https:\/\/www.electroluxprofessional.com\/tr\/ticari-mutfak-ekipmanlari\/kes-karistir-dilimle\/kesme-diski-secim-kilavuzu\/#primaryimage\"},\"image\":{\"@id\":\"https:\/\/www.electroluxprofessional.com\/tr\/ticari-mutfak-ekipmanlari\/kes-karistir-dilimle\/kesme-diski-secim-kilavuzu\/#primaryimage\"},\"thumbnailUrl\":\"https:\/\/www.electroluxprofessional.com\/tr\/wp-content\/uploads\/2016\/11\/banner-10-1.jpg\",\"datePublished\":\"2023-03-13T07:51:19+00:00\",\"dateModified\":\"2025-09-24T13:20:03+00:00\",\"description\":\"Yeni kesme diski se\u00e7im k\u0131lavuzu, TRK, TRS, TR200 ve TR210 serileri i\u00e7in ihtiya\u00e7lar\u0131n\u0131za en uygun ekipman\u0131 se\u00e7menize yard\u0131mc\u0131 olur.\",\"breadcrumb\":{\"@id\":\"https:\/\/www.electroluxprofessional.com\/tr\/ticari-mutfak-ekipmanlari\/kes-karistir-dilimle\/kesme-diski-secim-kilavuzu\/#breadcrumb\"},\"inLanguage\":\"tr\",\"potentialAction\":[{\"@type\":\"ReadAction\",\"target\":[\"https:\/\/www.electroluxprofessional.com\/tr\/ticari-mutfak-ekipmanlari\/kes-karistir-dilimle\/kesme-diski-secim-kilavuzu\/\"]}]},{\"@type\":\"ImageObject\",\"inLanguage\":\"tr\",\"@id\":\"https:\/\/www.electroluxprofessional.com\/tr\/ticari-mutfak-ekipmanlari\/kes-karistir-dilimle\/kesme-diski-secim-kilavuzu\/#primaryimage\",\"url\":\"https:\/\/www.electroluxprofessional.com\/tr\/wp-content\/uploads\/2016\/11\/banner-10-1.jpg\",\"contentUrl\":\"https:\/\/www.electroluxprofessional.com\/tr\/wp-content\/uploads\/2016\/11\/banner-10-1.jpg\",\"width\":2000,\"height\":1688,\"caption\":\"food preparation\"},{\"@type\":\"BreadcrumbList\",\"@id\":\"https:\/\/www.electroluxprofessional.com\/tr\/ticari-mutfak-ekipmanlari\/kes-karistir-dilimle\/kesme-diski-secim-kilavuzu\/#breadcrumb\",\"itemListElement\":[{\"@type\":\"ListItem\",\"position\":1,\"name\":\"Home\",\"item\":\"https:\/\/www.electroluxprofessional.com\/tr\/\"},{\"@type\":\"ListItem\",\"position\":2,\"name\":\"End\u00fcstriyel Mutfak Ekipmanlar\u0131\",\"item\":\"https:\/\/www.electroluxprofessional.com\/tr\/ticari-mutfak-ekipmanlari\/\"},{\"@type\":\"ListItem\",\"position\":3,\"name\":\"Haz\u0131rl\u0131k &#8211; Kes, Kar\u0131\u015ft\u0131r ve Dilimle\",\"item\":\"https:\/\/www.electroluxprofessional.com\/tr\/ticari-mutfak-ekipmanlari\/kes-karistir-dilimle\/\"},{\"@type\":\"ListItem\",\"position\":4,\"name\":\"Kesme Diski Se\u00e7im K\u0131lavuzu\"}]},{\"@type\":\"WebSite\",\"@id\":\"https:\/\/www.electroluxprofessional.com\/tr\/#website\",\"url\":\"https:\/\/www.electroluxprofessional.com\/tr\/\",\"name\":\"Electrolux Professional T\u00fcrkiye\",\"description\":\"\",\"potentialAction\":[{\"@type\":\"SearchAction\",\"target\":{\"@type\":\"EntryPoint\",\"urlTemplate\":\"https:\/\/www.electroluxprofessional.com\/tr\/?src={search_term_string}\"},\"query-input\":\"required name=search_term_string\"}],\"inLanguage\":\"tr\"}]}<\/script>\n<!-- \/ Yoast SEO plugin. -->","yoast_head_json":{"title":"Kesme Diski Se\u00e7im K\u0131lavuzu - Electrolux Professional T\u00fcrkiye","description":"Yeni kesme diski se\u00e7im k\u0131lavuzu, TRK, TRS, TR200 ve TR210 serileri i\u00e7in ihtiya\u00e7lar\u0131n\u0131za en uygun ekipman\u0131 se\u00e7menize yard\u0131mc\u0131 olur.","robots":{"index":"index","follow":"follow","max-snippet":"max-snippet:-1","max-image-preview":"max-image-preview:large","max-video-preview":"max-video-preview:-1"},"canonical":"https:\/\/www.electroluxprofessional.com\/tr\/ticari-mutfak-ekipmanlari\/kes-karistir-dilimle\/kesme-diski-secim-kilavuzu\/","og_locale":"tr_TR","og_type":"article","og_title":"Kesme Diski Se\u00e7im K\u0131lavuzu - Electrolux Professional T\u00fcrkiye","og_description":"Yeni kesme diski se\u00e7im k\u0131lavuzu, TRK, TRS, TR200 ve TR210 serileri i\u00e7in ihtiya\u00e7lar\u0131n\u0131za en uygun ekipman\u0131 se\u00e7menize yard\u0131mc\u0131 olur.","og_url":"https:\/\/www.electroluxprofessional.com\/tr\/ticari-mutfak-ekipmanlari\/kes-karistir-dilimle\/kesme-diski-secim-kilavuzu\/","og_site_name":"Electrolux Professional T\u00fcrkiye","article_modified_time":"2025-09-24T13:20:03+00:00","og_image":[{"width":2000,"height":1688,"url":"https:\/\/www.electroluxprofessional.com\/tr\/wp-content\/uploads\/2016\/11\/banner-10-1.jpg","type":"image\/jpeg"}],"twitter_card":"summary_large_image","twitter_misc":{"Tahmini okuma s\u00fcresi":"2 dakika"},"schema":{"@context":"https:\/\/schema.org","@graph":[{"@type":"WebPage","@id":"https:\/\/www.electroluxprofessional.com\/tr\/ticari-mutfak-ekipmanlari\/kes-karistir-dilimle\/kesme-diski-secim-kilavuzu\/","url":"https:\/\/www.electroluxprofessional.com\/tr\/ticari-mutfak-ekipmanlari\/kes-karistir-dilimle\/kesme-diski-secim-kilavuzu\/","name":"Kesme Diski Se\u00e7im K\u0131lavuzu - Electrolux Professional T\u00fcrkiye","isPartOf":{"@id":"https:\/\/www.electroluxprofessional.com\/tr\/#website"},"primaryImageOfPage":{"@id":"https:\/\/www.electroluxprofessional.com\/tr\/ticari-mutfak-ekipmanlari\/kes-karistir-dilimle\/kesme-diski-secim-kilavuzu\/#primaryimage"},"image":{"@id":"https:\/\/www.electroluxprofessional.com\/tr\/ticari-mutfak-ekipmanlari\/kes-karistir-dilimle\/kesme-diski-secim-kilavuzu\/#primaryimage"},"thumbnailUrl":"https:\/\/www.electroluxprofessional.com\/tr\/wp-content\/uploads\/2016\/11\/banner-10-1.jpg","datePublished":"2023-03-13T07:51:19+00:00","dateModified":"2025-09-24T13:20:03+00:00","description":"Yeni kesme diski se\u00e7im k\u0131lavuzu, TRK, TRS, TR200 ve TR210 serileri i\u00e7in ihtiya\u00e7lar\u0131n\u0131za en uygun ekipman\u0131 se\u00e7menize yard\u0131mc\u0131 olur.","breadcrumb":{"@id":"https:\/\/www.electroluxprofessional.com\/tr\/ticari-mutfak-ekipmanlari\/kes-karistir-dilimle\/kesme-diski-secim-kilavuzu\/#breadcrumb"},"inLanguage":"tr","potentialAction":[{"@type":"ReadAction","target":["https:\/\/www.electroluxprofessional.com\/tr\/ticari-mutfak-ekipmanlari\/kes-karistir-dilimle\/kesme-diski-secim-kilavuzu\/"]}]},{"@type":"ImageObject","inLanguage":"tr","@id":"https:\/\/www.electroluxprofessional.com\/tr\/ticari-mutfak-ekipmanlari\/kes-karistir-dilimle\/kesme-diski-secim-kilavuzu\/#primaryimage","url":"https:\/\/www.electroluxprofessional.com\/tr\/wp-content\/uploads\/2016\/11\/banner-10-1.jpg","contentUrl":"https:\/\/www.electroluxprofessional.com\/tr\/wp-content\/uploads\/2016\/11\/banner-10-1.jpg","width":2000,"height":1688,"caption":"food preparation"},{"@type":"BreadcrumbList","@id":"https:\/\/www.electroluxprofessional.com\/tr\/ticari-mutfak-ekipmanlari\/kes-karistir-dilimle\/kesme-diski-secim-kilavuzu\/#breadcrumb","itemListElement":[{"@type":"ListItem","position":1,"name":"Home","item":"https:\/\/www.electroluxprofessional.com\/tr\/"},{"@type":"ListItem","position":2,"name":"End\u00fcstriyel Mutfak Ekipmanlar\u0131","item":"https:\/\/www.electroluxprofessional.com\/tr\/ticari-mutfak-ekipmanlari\/"},{"@type":"ListItem","position":3,"name":"Haz\u0131rl\u0131k &#8211; Kes, Kar\u0131\u015ft\u0131r ve Dilimle","item":"https:\/\/www.electroluxprofessional.com\/tr\/ticari-mutfak-ekipmanlari\/kes-karistir-dilimle\/"},{"@type":"ListItem","position":4,"name":"Kesme Diski Se\u00e7im K\u0131lavuzu"}]},{"@type":"WebSite","@id":"https:\/\/www.electroluxprofessional.com\/tr\/#website","url":"https:\/\/www.electroluxprofessional.com\/tr\/","name":"Electrolux Professional T\u00fcrkiye","description":"","potentialAction":[{"@type":"SearchAction","target":{"@type":"EntryPoint","urlTemplate":"https:\/\/www.electroluxprofessional.com\/tr\/?src={search_term_string}"},"query-input":"required name=search_term_string"}],"inLanguage":"tr"}]}},"_links":{"self":[{"href":"https:\/\/www.electroluxprofessional.com\/tr\/wp-json\/wp\/v2\/pages\/15463"}],"collection":[{"href":"https:\/\/www.electroluxprofessional.com\/tr\/wp-json\/wp\/v2\/pages"}],"about":[{"href":"https:\/\/www.electroluxprofessional.com\/tr\/wp-json\/wp\/v2\/types\/page"}],"author":[{"embeddable":true,"href":"https:\/\/www.electroluxprofessional.com\/tr\/wp-json\/wp\/v2\/users\/40"}],"replies":[{"embeddable":true,"href":"https:\/\/www.electroluxprofessional.com\/tr\/wp-json\/wp\/v2\/comments?post=15463"}],"version-history":[{"count":13,"href":"https:\/\/www.electroluxprofessional.com\/tr\/wp-json\/wp\/v2\/pages\/15463\/revisions"}],"predecessor-version":[{"id":22346,"href":"https:\/\/www.electroluxprofessional.com\/tr\/wp-json\/wp\/v2\/pages\/15463\/revisions\/22346"}],"up":[{"embeddable":true,"href":"https:\/\/www.electroluxprofessional.com\/tr\/wp-json\/wp\/v2\/pages\/2462"}],"wp:featuredmedia":[{"embeddable":true,"href":"https:\/\/www.electroluxprofessional.com\/tr\/wp-json\/wp\/v2\/media\/2174"}],"wp:attachment":[{"href":"https:\/\/www.electroluxprofessional.com\/tr\/wp-json\/wp\/v2\/media?parent=15463"}],"curies":[{"name":"wp","href":"https:\/\/api.w.org\/{rel}","templated":true}]}}