{"id":15240,"date":"2023-02-06T13:20:32","date_gmt":"2023-02-06T13:20:32","guid":{"rendered":"https:\/\/www.electroluxprofessional.com\/tr\/?page_id=15240"},"modified":"2025-11-06T07:16:41","modified_gmt":"2025-11-06T07:16:41","slug":"hotel-bb-restaurant","status":"publish","type":"page","link":"https:\/\/www.electroluxprofessional.com\/tr\/isletmenize-yonelik-cozumler\/kucuk-isletmeler\/hotel-bb-restaurant\/","title":{"rendered":"Otel, Pansiyon ve Restoranlar"},"content":{"rendered":"<p>[vc_row full_width=&#8221;electroluxpro-full-width-no-padding&#8221; css=&#8221;.vc_custom_1663604325303{margin-top: -50px !important;}&#8221;][vc_column][elx_full_banner title=&#8221;Otel, Pansiyon ve Restoranlar&#8221; background_image_media_library=&#8221;15239&#8243; background_image_media_library_mobile=&#8221;44001&#8243;][\/vc_column][\/vc_row][vc_row][vc_column][vc_empty_space][\/vc_column][\/vc_row][vc_row][vc_column width=&#8221;2\/3&#8243;][elx_heading font_container=&#8221;h1&#8243; text_color=&#8221;electrolux-blue&#8221;]Otel, Pansiyon ve Restoranlar i\u00e7in \u00e7ama\u015f\u0131rhane \u00e7\u00f6z\u00fcmleri[\/elx_heading][vc_column_text]Masa \u00f6rt\u00fclerindeki zorlu lekeler, y\u00fcksek d\u0131\u015f kaynak kullan\u0131m maliyetleri ve yatak \u00e7ar\u015faflar\u0131n\u0131 zaman\u0131nda y\u0131kama, kurutma ve de\u011fi\u015ftirme ihtiyac\u0131, k\u00fc\u00e7\u00fck otellerin, pansiyonlar\u0131n veya restoranlar\u0131n her g\u00fcn kar\u015f\u0131la\u015ft\u0131klar\u0131 sorunlard\u0131r. myPRO <strong>ile temel i\u015flerinize daha fazla zaman ay\u0131rabilirsiniz.<\/strong>[\/vc_column_text][elx_button button_text=&#8221;\u00dcr\u00fcnlere gidin&#8221; button_style=&#8221;icon&#8221; button_link=&#8221;url:https%3A%2F%2Fwww.electroluxprofessional.com%2Ftr%2Fticari-camasirhane-ekipmanlari-mypro-yikama-kurutma-ve-silindir-utuler%2F|title:myPRO%20washers%2C%20dryers%20and%20steam%20ironers%20for%20small%20businesses&#8221;][\/vc_column][vc_column width=&#8221;1\/3&#8243;][elx_heading text_color=&#8221;electrolux-blue&#8221;]Bro\u015f\u00fcr\u00fc indirin (EN)[\/elx_heading][elx_download_block text=&#8221;Otel, Pansiyon ve Restoranlar i\u00e7in<br \/>\nmyPRO \u00e7ama\u015f\u0131rhane \u00e7\u00f6z\u00fcmleri&#8221; link=&#8221;https:\/\/tools.electroluxprofessional.com\/Mirror\/Doc\/ELS\/CLFL\/EPR-leaflet-mypro-B&amp;B_2021%20ENG_LR.pdf&#8221; background_color=&#8221;laundry-solutions&#8221;][\/vc_column][\/vc_row][vc_row][vc_column][vc_single_image image=&#8221;6145&#8243; img_size=&#8221;full&#8221; alignment=&#8221;center&#8221;][\/vc_column][\/vc_row][vc_row content_placement=&#8221;top&#8221; el_class=&#8221;marginNegative&#8221;][vc_column width=&#8221;1\/3&#8243;][vc_empty_space][elx_heading font_container=&#8221;h5&#8243; font_size=&#8221;h5&#8243; text_color=&#8221;inherit&#8221;]Esneklik ve Dayan\u0131kl\u0131l\u0131k[\/elx_heading][vc_column_text]PRO \u00e7ama\u015f\u0131rhane \u00e7\u00f6z\u00fcmleri daha k\u0131sa s\u00fcrede daha y\u00fcksek dayan\u0131kl\u0131l\u0131k, daha fazla se\u00e7enek ve \u00fcst\u00fcn kalite sunar. <strong>Ev tipi standart makinelerden daha g\u00fc\u00e7l\u00fc ve daha h\u0131zl\u0131d\u0131r.<\/strong>[\/vc_column_text][\/vc_column][vc_column width=&#8221;1\/3&#8243;][vc_empty_space][elx_heading font_container=&#8221;h5&#8243; font_size=&#8221;h5&#8243; text_color=&#8221;inherit&#8221;]Enerji verimlili\u011fi[\/elx_heading][vc_column_text]<strong>Su, enerji ve para tasarruf<\/strong><\/p>\n<ul>\n<li><strong>A+++<\/strong> \u00e7ama\u015f\u0131r makineleriyle enerji verimlili\u011fi<\/li>\n<li><strong>A++<\/strong> \u0131s\u0131 pompal\u0131 kurutma makineleriyle enerji verimlili\u011fi<\/li>\n<\/ul>\n<p>[\/vc_column_text][\/vc_column][vc_column width=&#8221;1\/3&#8243;][vc_empty_space][elx_heading font_container=&#8221;h5&#8243; font_size=&#8221;h5&#8243; text_color=&#8221;inherit&#8221;]Ticari kullan\u0131m garantisi[\/elx_heading][vc_column_text]myPRO ailesi, yat\u0131r\u0131m\u0131n\u0131z\u0131 korumak i\u00e7in <strong>ticari kullan\u0131m garantisi<\/strong> sunar. Bir\u00e7ok \u00fclkede, ev tipi makineleri ticari ama\u00e7larla kulland\u0131\u011f\u0131n\u0131z takdirde bu garanti ge\u00e7erli olmaz. Ancak myPRO ile bu sorunla asla kar\u015f\u0131la\u015fmazs\u0131n\u0131z.[\/vc_column_text][\/vc_column][\/vc_row][vc_row content_placement=&#8221;top&#8221; el_class=&#8221;marginNegative&#8221;][vc_column width=&#8221;1\/3&#8243;][vc_single_image image=&#8221;14490&#8243; img_size=&#8221;large&#8221;][elx_heading text_color=&#8221;inherit&#8221;]\u00dcst\u00fcn kalite ve esneklik[\/elx_heading][vc_column_text css=&#8221;.vc_custom_1676491919827{margin-bottom: 0px !important;}&#8221; el_class=&#8221;minHeightCirclesText&#8221;]<em>&#8220;M\u00fc\u015fterilerim y\u00fcksek tekstil kalitesini hemen fark ediyor. Kuma\u015flar daha temiz, daha yumu\u015fak ve ferah kokuyor&#8221;<\/em>[\/vc_column_text][vc_column_text css=&#8221;.vc_custom_1676492448216{margin-top: 15px !important;}&#8221;]<\/p>\n<ul>\n<li class=\"li1\"><em>Electrolux SpeedCare tambur ile <\/em><strong>en iyi y\u0131kama sonu\u00e7lar\u0131<\/strong><\/li>\n<li class=\"li1\">\u00c7e\u015fitli uygulamalara y\u00f6nelik daha \u00e7ok profesyonel <strong>program se\u00e7ene\u011fi<\/strong><\/li>\n<li>Y\u00fcksek kapasiteli su depolar\u0131\u00a0 (1.9l) sayesinde <strong>uzun s\u00fcreli buhar \u00fcretimi<\/strong><\/li>\n<\/ul>\n<p>[\/vc_column_text][\/vc_column][vc_column width=&#8221;1\/3&#8243;][vc_single_image image=&#8221;15237&#8243; img_size=&#8221;large&#8221;][elx_heading text_color=&#8221;inherit&#8221; css=&#8221;.vc_custom_1676492474236{margin-top: 0px !important;}&#8221;]Y\u00fcksek h\u0131z ve g\u00fcvenilirlik[\/elx_heading][vc_column_text css=&#8221;.vc_custom_1676492595663{margin-bottom: 0px !important;}&#8221; el_class=&#8221;minHeightCirclesText&#8221;]<em>&#8220;Misafir yo\u011funlu\u011fu olan d\u00f6nemleri sorun ya\u015famadan daha kolay y\u00f6netebildi\u011fim i\u00e7in art\u0131k daha rahat\u0131m<\/em><em>&#8220;<\/em>[\/vc_column_text][vc_column_text css=&#8221;.vc_custom_1676492877683{margin-top: 15px !important;}&#8221;]<\/p>\n<ul>\n<li class=\"li1\"><span class=\"s1\"><b>%50&#8217;ye kadar daha h\u0131zl\u0131 <\/b><\/span><em>profesyonel program se\u00e7enekleri<\/em><\/li>\n<li class=\"li1\">O<em>tomatik Nem Kontrol\u00fc sayesinde <span class=\"s1\"><b>daha k\u0131sa kurutma s\u00fcresi<\/b><\/span><\/em><\/li>\n<li class=\"li1\">T\u00fcm kuma\u015f t\u00fcrlerini kolayca \u00fct\u00fcleyerek <strong>zamandan tasarruf edin<\/strong><\/li>\n<\/ul>\n<p>[\/vc_column_text][\/vc_column][vc_column width=&#8221;1\/3&#8243;][vc_single_image image=&#8221;15238&#8243; img_size=&#8221;large&#8221;][elx_heading text_color=&#8221;inherit&#8221;]Ekstra tasarruf sa\u011flar[\/elx_heading][vc_column_text css=&#8221;.vc_custom_1676493021687{margin-bottom: 0px !important;}&#8221; el_class=&#8221;minHeightCirclesText&#8221;]<em>&#8220;\u00c7evre dostu ve y\u0131pranmayan \u00e7ama\u015f\u0131rlar\u0131m sayesinde maliyetten tasarruf ediyorum&#8221;<\/em>[\/vc_column_text][vc_column_text css=&#8221;.vc_custom_1676493506732{margin-top: 15px !important;}&#8221;]<\/p>\n<ul>\n<li class=\"li1\"><span class=\"s1\"><b>Enerjiden ve paradan tasarruf edin<\/b><\/span><br \/>\n<em>A+++ \u00e7ama\u015f\u0131r makineleriyle enerji verimlili\u011fi<br \/>\n<\/em><\/li>\n<li class=\"li1\">Ev tipi makinelere g\u00f6re <span class=\"s1\"><b>3 kat daha uzun<\/b><\/span> s\u00fcre hizmet verecek \u015fekilde tasarlanm\u0131\u015f \u00e7ama\u015f\u0131r y\u0131kama ve kurutma makineleri<\/li>\n<li>Buharl\u0131 \u00fct\u00fcn\u00fcn <strong>katlanabilir yap\u0131s\u0131<\/strong> sayesinde <strong>yerden tasarruf edin<\/strong>. (IS185)<\/li>\n<\/ul>\n<p>[\/vc_column_text][\/vc_column][\/vc_row][vc_row][vc_column][vc_empty_space][\/vc_column][\/vc_row][vc_row][vc_column width=&#8221;1\/2&#8243;][elx_video_block background_image=&#8221;15234&#8243; video_link=&#8221;https:\/\/www.youtube.com\/watch?v=r8AGBXW8uYg&#8221; minimum_height=&#8221;300px&#8221;][\/vc_column][vc_column width=&#8221;1\/2&#8243;][vc_empty_space][elx_heading font_container=&#8221;h5&#8243; text_color=&#8221;inherit&#8221;]Zuani Casa,<br \/>\nSan Floriano del Collio (Italya)[\/elx_heading][vc_column_text]\u201cZuani aile i\u015fletmemiz bir \u015faraphane ve pansiyondan olu\u015fuyor.<br \/>\nM\u00fc\u015fterilerimiz 2-3 gece konakl\u0131yor, bu nedenle \u00e7ama\u015f\u0131rhanemizi h\u0131zl\u0131 bir \u015fekilde y\u00f6netmemiz ve kaliteyi de korumam\u0131z gerekiyor. Ev tipi makineler kulland\u0131k ancak y\u0131kama s\u00fcreleri \u00e7ok uzundu ve bedensel i\u015f y\u00fck\u00fc \u00e7ok fazlayd\u0131.\u201d[\/vc_column_text][\/vc_column][\/vc_row][vc_row][vc_column][vc_empty_space][\/vc_column][\/vc_row][vc_row][vc_column width=&#8221;1\/2&#8243;][elx_video_block background_image=&#8221;15235&#8243; video_link=&#8221;https:\/\/www.youtube.com\/watch?v=EJ4RMJFdkdo&#8221; minimum_height=&#8221;300px&#8221;][\/vc_column][vc_column width=&#8221;1\/2&#8243;][vc_empty_space][elx_heading font_container=&#8221;h5&#8243; text_color=&#8221;inherit&#8221;]Due Fiumi, Sacile (Italya)[\/elx_heading][vc_column_text]\u201cMerhaba, benim ad\u0131m Claudia.<br \/>\n\u0130\u015f arkada\u015flar\u0131m ve ben ta\u015fradaki bir \u00e7iftlik evini\u00a0 restore ederek pansiyona d\u00f6n\u00fc\u015ft\u00fcrmeye karar verdik.<br \/>\nK\u00fc\u00e7\u00fck ev tipi \u00e7ama\u015f\u0131r makinesi kullan\u0131yoruz ama i\u015f y\u00fck\u00fcn\u00fc kald\u0131rmakta zorlan\u0131yor.\u201d[\/vc_column_text][\/vc_column][\/vc_row][vc_row][vc_column][vc_empty_space][\/vc_column][\/vc_row][vc_row][vc_column width=&#8221;1\/2&#8243;][elx_video_block background_image=&#8221;15236&#8243; video_link=&#8221;https:\/\/www.youtube.com\/watch?v=mk4zVX8F0BQ&#8221; minimum_height=&#8221;300px&#8221;][\/vc_column][vc_column width=&#8221;1\/2&#8243;][vc_empty_space][elx_heading font_container=&#8221;h5&#8243; text_color=&#8221;inherit&#8221;]Guesthouse Fraune, Salzkotten (Almanya)[\/elx_heading][vc_column_text]\u201cGeleneksel ev tipi \u00e7ama\u015f\u0131r makinelerine k\u0131yasla muazzam bir zaman tasarrufu sa\u011fl\u0131yor.\u00a0 \u00d6zel SpeedCare tamburu ve profesyonel y\u0131kama programlar\u0131 sayesinde y\u0131kama i\u015flemi art\u0131k normalin yar\u0131s\u0131 s\u00fcrede m\u00fckemmel sonu\u00e7larla bitiyor.\u201d<br \/>\n<strong>Stefanie L\u00fctkewitte-Fraune, i\u015fletme sahibi<\/strong>[\/vc_column_text][\/vc_column][\/vc_row][vc_row][vc_column][vc_empty_space][\/vc_column][\/vc_row][vc_row][vc_column][elx_o2000_contact_us s=&#8221;Request of information about Hairdressers &amp; Beauty Salons&#8221; b=&#8221;laundry&#8221; r=&#8221;I would like to find out more about Laundry solutions for Hotel B&amp;B Resort&#8221; l=&#8221;en&#8221;][\/vc_column][\/vc_row][vc_row][vc_column][vc_empty_space][\/vc_column][\/vc_row][vc_row css=&#8221;.vc_custom_1534772259989{background-color: #eeeeee !important;}&#8221;][vc_column width=&#8221;2\/3&#8243;][elx_heading font_size=&#8221;h3&#8243; text_color=&#8221;inherit&#8221;]Daha verimli \u00e7\u00f6z\u00fcmler mi ar\u0131yorsunuz?[\/elx_heading][elx_heading font_container=&#8221;h3&#8243; font_size=&#8221;h5&#8243; text_color=&#8221;inherit&#8221;]Profesyonel \u00e7ama\u015f\u0131rhane \u00e7\u00f6z\u00fcmlerimizi inceleyin[\/elx_heading][vc_column_text]Electrolux Professional, profesyonel \u00e7ama\u015f\u0131rhane ihtiya\u00e7lar\u0131n\u0131z i\u00e7in \u00e7ok y\u00f6nl\u00fc bir \u00fcr\u00fcn yelpazesi sunar.[\/vc_column_text][elx_button button_text=&#8221;Profesyonel \u00c7ama\u015f\u0131rhane \u00e7\u00f6z\u00fcmlerimizi ke\u015ffedin&#8221; button_style=&#8221;icon&#8221; button_link=&#8221;url:https%3A%2F%2Fwww.electroluxprofessional.com%2Ftr%2Fticari-camasirhane-ekipmanlari%2F|title:Profesyonel%20%C3%87ama%C5%9F%C4%B1rhane%20%C3%A7%C3%B6z%C3%BCmler&#8221;][\/vc_column][vc_column width=&#8221;1\/3&#8243;][vc_empty_space][vc_single_image image=&#8221;1167&#8243; img_size=&#8221;700px&#8221; onclick=&#8221;custom_link&#8221; link=&#8221;http:\/\/https:\/\/www.electroluxprofessional.com\/tr\/your-business\/commercial-laundries\/&#8221;][\/vc_column][\/vc_row]<\/p>\n","protected":false},"excerpt":{"rendered":"<p>[vc_row full_width=&#8221;electroluxpro-full-width-no-padding&#8221; css=&#8221;.vc_custom_1663604325303{margin-top: -50px !important;}&#8221;][vc_column][elx_full_banner title=&#8221;Otel, Pansiyon ve Restoranlar&#8221; background_image_media_library=&#8221;15239&#8243; background_image_media_library_mobile=&#8221;44001&#8243;][\/vc_column][\/vc_row][vc_row][vc_column][vc_empty_space][\/vc_column][\/vc_row][vc_row][vc_column width=&#8221;2\/3&#8243;][elx_heading font_container=&#8221;h1&#8243; text_color=&#8221;electrolux-blue&#8221;]Otel, Pansiyon ve Restoranlar i\u00e7in \u00e7ama\u015f\u0131rhane \u00e7\u00f6z\u00fcmleri[\/elx_heading][vc_column_text]Masa \u00f6rt\u00fclerindeki zorlu lekeler, y\u00fcksek d\u0131\u015f kaynak kullan\u0131m maliyetleri ve yatak \u00e7ar\u015faflar\u0131n\u0131 zaman\u0131nda y\u0131kama, kurutma ve de\u011fi\u015ftirme ihtiyac\u0131, k\u00fc\u00e7\u00fck otellerin, pansiyonlar\u0131n veya restoranlar\u0131n her g\u00fcn kar\u015f\u0131la\u015ft\u0131klar\u0131 sorunlard\u0131r. myPRO ile temel i\u015flerinize daha fazla zaman ay\u0131rabilirsiniz.[\/vc_column_text][elx_button button_text=&#8221;\u00dcr\u00fcnlere [&hellip;]<\/p>\n","protected":false},"author":40,"featured_media":15233,"parent":21615,"menu_order":0,"comment_status":"closed","ping_status":"closed","template":"","meta":{"footnotes":""},"class_list":["post-15240","page","type-page","status-publish","has-post-thumbnail","hentry"],"acf":[],"yoast_head":"<!-- This site is optimized with the Yoast SEO plugin v23.3 - https:\/\/yoast.com\/wordpress\/plugins\/seo\/ -->\n<title>Otel, Pansiyon ve Restoranlar - Electrolux Professional T\u00fcrkiye<\/title>\n<meta name=\"description\" content=\"Otel, B&amp;B ve Restoranlar i\u00e7in \u00e7ama\u015f\u0131rhane \u00e7\u00f6z\u00fcmleri. myPRO, temel i\u015finize daha fazla zaman ay\u0131rman\u0131z\u0131 sa\u011flar. \u00dcst\u00fcn kaliteli \u00e7ama\u015f\u0131r sonu\u00e7lar\u0131 \u2013 h\u0131zl\u0131, pratik ve sorunsuz.\" \/>\n<meta name=\"robots\" content=\"index, follow, max-snippet:-1, max-image-preview:large, max-video-preview:-1\" \/>\n<link rel=\"canonical\" href=\"https:\/\/www.electroluxprofessional.com\/tr\/isletmenize-yonelik-cozumler\/kucuk-isletmeler\/hotel-bb-restaurant\/\" \/>\n<meta property=\"og:locale\" content=\"tr_TR\" \/>\n<meta property=\"og:type\" content=\"article\" \/>\n<meta property=\"og:title\" content=\"Otel, Pansiyon ve Restoranlar - Electrolux Professional T\u00fcrkiye\" \/>\n<meta property=\"og:description\" content=\"Otel, B&amp;B ve Restoranlar i\u00e7in \u00e7ama\u015f\u0131rhane \u00e7\u00f6z\u00fcmleri. myPRO, temel i\u015finize daha fazla zaman ay\u0131rman\u0131z\u0131 sa\u011flar. \u00dcst\u00fcn kaliteli \u00e7ama\u015f\u0131r sonu\u00e7lar\u0131 \u2013 h\u0131zl\u0131, pratik ve sorunsuz.\" \/>\n<meta property=\"og:url\" content=\"https:\/\/www.electroluxprofessional.com\/tr\/isletmenize-yonelik-cozumler\/kucuk-isletmeler\/hotel-bb-restaurant\/\" \/>\n<meta property=\"og:site_name\" content=\"Electrolux Professional T\u00fcrkiye\" \/>\n<meta property=\"article:modified_time\" content=\"2025-11-06T07:16:41+00:00\" \/>\n<meta property=\"og:image\" content=\"https:\/\/www.electroluxprofessional.com\/tr\/wp-content\/uploads\/2023\/02\/hotel-BB-restaurant.jpg\" \/>\n\t<meta property=\"og:image:width\" content=\"800\" \/>\n\t<meta property=\"og:image:height\" content=\"500\" \/>\n\t<meta property=\"og:image:type\" content=\"image\/jpeg\" \/>\n<meta name=\"twitter:card\" content=\"summary_large_image\" \/>\n<meta name=\"twitter:label1\" content=\"Tahmini okuma s\u00fcresi\" \/>\n\t<meta name=\"twitter:data1\" content=\"4 dakika\" \/>\n<script type=\"application\/ld+json\" class=\"yoast-schema-graph\">{\"@context\":\"https:\/\/schema.org\",\"@graph\":[{\"@type\":\"WebPage\",\"@id\":\"https:\/\/www.electroluxprofessional.com\/tr\/isletmenize-yonelik-cozumler\/kucuk-isletmeler\/hotel-bb-restaurant\/\",\"url\":\"https:\/\/www.electroluxprofessional.com\/tr\/isletmenize-yonelik-cozumler\/kucuk-isletmeler\/hotel-bb-restaurant\/\",\"name\":\"Otel, Pansiyon ve Restoranlar - Electrolux Professional T\u00fcrkiye\",\"isPartOf\":{\"@id\":\"https:\/\/www.electroluxprofessional.com\/tr\/#website\"},\"primaryImageOfPage\":{\"@id\":\"https:\/\/www.electroluxprofessional.com\/tr\/isletmenize-yonelik-cozumler\/kucuk-isletmeler\/hotel-bb-restaurant\/#primaryimage\"},\"image\":{\"@id\":\"https:\/\/www.electroluxprofessional.com\/tr\/isletmenize-yonelik-cozumler\/kucuk-isletmeler\/hotel-bb-restaurant\/#primaryimage\"},\"thumbnailUrl\":\"https:\/\/www.electroluxprofessional.com\/tr\/wp-content\/uploads\/2023\/02\/hotel-BB-restaurant.jpg\",\"datePublished\":\"2023-02-06T13:20:32+00:00\",\"dateModified\":\"2025-11-06T07:16:41+00:00\",\"description\":\"Otel, B&B ve Restoranlar i\u00e7in \u00e7ama\u015f\u0131rhane \u00e7\u00f6z\u00fcmleri. myPRO, temel i\u015finize daha fazla zaman ay\u0131rman\u0131z\u0131 sa\u011flar. \u00dcst\u00fcn kaliteli \u00e7ama\u015f\u0131r sonu\u00e7lar\u0131 \u2013 h\u0131zl\u0131, pratik ve sorunsuz.\",\"breadcrumb\":{\"@id\":\"https:\/\/www.electroluxprofessional.com\/tr\/isletmenize-yonelik-cozumler\/kucuk-isletmeler\/hotel-bb-restaurant\/#breadcrumb\"},\"inLanguage\":\"tr\",\"potentialAction\":[{\"@type\":\"ReadAction\",\"target\":[\"https:\/\/www.electroluxprofessional.com\/tr\/isletmenize-yonelik-cozumler\/kucuk-isletmeler\/hotel-bb-restaurant\/\"]}]},{\"@type\":\"ImageObject\",\"inLanguage\":\"tr\",\"@id\":\"https:\/\/www.electroluxprofessional.com\/tr\/isletmenize-yonelik-cozumler\/kucuk-isletmeler\/hotel-bb-restaurant\/#primaryimage\",\"url\":\"https:\/\/www.electroluxprofessional.com\/tr\/wp-content\/uploads\/2023\/02\/hotel-BB-restaurant.jpg\",\"contentUrl\":\"https:\/\/www.electroluxprofessional.com\/tr\/wp-content\/uploads\/2023\/02\/hotel-BB-restaurant.jpg\",\"width\":800,\"height\":500,\"caption\":\"hotel B&B restaurant\"},{\"@type\":\"BreadcrumbList\",\"@id\":\"https:\/\/www.electroluxprofessional.com\/tr\/isletmenize-yonelik-cozumler\/kucuk-isletmeler\/hotel-bb-restaurant\/#breadcrumb\",\"itemListElement\":[{\"@type\":\"ListItem\",\"position\":1,\"name\":\"Home\",\"item\":\"https:\/\/www.electroluxprofessional.com\/tr\/\"},{\"@type\":\"ListItem\",\"position\":2,\"name\":\"\u0130\u015fletmenize Y\u00f6nelik \u00c7\u00f6z\u00fcmler\",\"item\":\"https:\/\/www.electroluxprofessional.com\/tr\/isletmenize-yonelik-cozumler\/\"},{\"@type\":\"ListItem\",\"position\":3,\"name\":\"K\u00fc\u00e7\u00fck \u0130\u015fletmeler\",\"item\":\"https:\/\/www.electroluxprofessional.com\/tr\/isletmenize-yonelik-cozumler\/kucuk-isletmeler\/\"},{\"@type\":\"ListItem\",\"position\":4,\"name\":\"Otel, Pansiyon ve Restoranlar\"}]},{\"@type\":\"WebSite\",\"@id\":\"https:\/\/www.electroluxprofessional.com\/tr\/#website\",\"url\":\"https:\/\/www.electroluxprofessional.com\/tr\/\",\"name\":\"Electrolux Professional T\u00fcrkiye\",\"description\":\"\",\"potentialAction\":[{\"@type\":\"SearchAction\",\"target\":{\"@type\":\"EntryPoint\",\"urlTemplate\":\"https:\/\/www.electroluxprofessional.com\/tr\/?src={search_term_string}\"},\"query-input\":\"required name=search_term_string\"}],\"inLanguage\":\"tr\"}]}<\/script>\n<!-- \/ Yoast SEO plugin. -->","yoast_head_json":{"title":"Otel, Pansiyon ve Restoranlar - Electrolux Professional T\u00fcrkiye","description":"Otel, B&B ve Restoranlar i\u00e7in \u00e7ama\u015f\u0131rhane \u00e7\u00f6z\u00fcmleri. myPRO, temel i\u015finize daha fazla zaman ay\u0131rman\u0131z\u0131 sa\u011flar. \u00dcst\u00fcn kaliteli \u00e7ama\u015f\u0131r sonu\u00e7lar\u0131 \u2013 h\u0131zl\u0131, pratik ve sorunsuz.","robots":{"index":"index","follow":"follow","max-snippet":"max-snippet:-1","max-image-preview":"max-image-preview:large","max-video-preview":"max-video-preview:-1"},"canonical":"https:\/\/www.electroluxprofessional.com\/tr\/isletmenize-yonelik-cozumler\/kucuk-isletmeler\/hotel-bb-restaurant\/","og_locale":"tr_TR","og_type":"article","og_title":"Otel, Pansiyon ve Restoranlar - Electrolux Professional T\u00fcrkiye","og_description":"Otel, B&B ve Restoranlar i\u00e7in \u00e7ama\u015f\u0131rhane \u00e7\u00f6z\u00fcmleri. myPRO, temel i\u015finize daha fazla zaman ay\u0131rman\u0131z\u0131 sa\u011flar. \u00dcst\u00fcn kaliteli \u00e7ama\u015f\u0131r sonu\u00e7lar\u0131 \u2013 h\u0131zl\u0131, pratik ve sorunsuz.","og_url":"https:\/\/www.electroluxprofessional.com\/tr\/isletmenize-yonelik-cozumler\/kucuk-isletmeler\/hotel-bb-restaurant\/","og_site_name":"Electrolux Professional T\u00fcrkiye","article_modified_time":"2025-11-06T07:16:41+00:00","og_image":[{"width":800,"height":500,"url":"https:\/\/www.electroluxprofessional.com\/tr\/wp-content\/uploads\/2023\/02\/hotel-BB-restaurant.jpg","type":"image\/jpeg"}],"twitter_card":"summary_large_image","twitter_misc":{"Tahmini okuma s\u00fcresi":"4 dakika"},"schema":{"@context":"https:\/\/schema.org","@graph":[{"@type":"WebPage","@id":"https:\/\/www.electroluxprofessional.com\/tr\/isletmenize-yonelik-cozumler\/kucuk-isletmeler\/hotel-bb-restaurant\/","url":"https:\/\/www.electroluxprofessional.com\/tr\/isletmenize-yonelik-cozumler\/kucuk-isletmeler\/hotel-bb-restaurant\/","name":"Otel, Pansiyon ve Restoranlar - Electrolux Professional T\u00fcrkiye","isPartOf":{"@id":"https:\/\/www.electroluxprofessional.com\/tr\/#website"},"primaryImageOfPage":{"@id":"https:\/\/www.electroluxprofessional.com\/tr\/isletmenize-yonelik-cozumler\/kucuk-isletmeler\/hotel-bb-restaurant\/#primaryimage"},"image":{"@id":"https:\/\/www.electroluxprofessional.com\/tr\/isletmenize-yonelik-cozumler\/kucuk-isletmeler\/hotel-bb-restaurant\/#primaryimage"},"thumbnailUrl":"https:\/\/www.electroluxprofessional.com\/tr\/wp-content\/uploads\/2023\/02\/hotel-BB-restaurant.jpg","datePublished":"2023-02-06T13:20:32+00:00","dateModified":"2025-11-06T07:16:41+00:00","description":"Otel, B&B ve Restoranlar i\u00e7in \u00e7ama\u015f\u0131rhane \u00e7\u00f6z\u00fcmleri. myPRO, temel i\u015finize daha fazla zaman ay\u0131rman\u0131z\u0131 sa\u011flar. \u00dcst\u00fcn kaliteli \u00e7ama\u015f\u0131r sonu\u00e7lar\u0131 \u2013 h\u0131zl\u0131, pratik ve sorunsuz.","breadcrumb":{"@id":"https:\/\/www.electroluxprofessional.com\/tr\/isletmenize-yonelik-cozumler\/kucuk-isletmeler\/hotel-bb-restaurant\/#breadcrumb"},"inLanguage":"tr","potentialAction":[{"@type":"ReadAction","target":["https:\/\/www.electroluxprofessional.com\/tr\/isletmenize-yonelik-cozumler\/kucuk-isletmeler\/hotel-bb-restaurant\/"]}]},{"@type":"ImageObject","inLanguage":"tr","@id":"https:\/\/www.electroluxprofessional.com\/tr\/isletmenize-yonelik-cozumler\/kucuk-isletmeler\/hotel-bb-restaurant\/#primaryimage","url":"https:\/\/www.electroluxprofessional.com\/tr\/wp-content\/uploads\/2023\/02\/hotel-BB-restaurant.jpg","contentUrl":"https:\/\/www.electroluxprofessional.com\/tr\/wp-content\/uploads\/2023\/02\/hotel-BB-restaurant.jpg","width":800,"height":500,"caption":"hotel B&B restaurant"},{"@type":"BreadcrumbList","@id":"https:\/\/www.electroluxprofessional.com\/tr\/isletmenize-yonelik-cozumler\/kucuk-isletmeler\/hotel-bb-restaurant\/#breadcrumb","itemListElement":[{"@type":"ListItem","position":1,"name":"Home","item":"https:\/\/www.electroluxprofessional.com\/tr\/"},{"@type":"ListItem","position":2,"name":"\u0130\u015fletmenize Y\u00f6nelik \u00c7\u00f6z\u00fcmler","item":"https:\/\/www.electroluxprofessional.com\/tr\/isletmenize-yonelik-cozumler\/"},{"@type":"ListItem","position":3,"name":"K\u00fc\u00e7\u00fck \u0130\u015fletmeler","item":"https:\/\/www.electroluxprofessional.com\/tr\/isletmenize-yonelik-cozumler\/kucuk-isletmeler\/"},{"@type":"ListItem","position":4,"name":"Otel, Pansiyon ve Restoranlar"}]},{"@type":"WebSite","@id":"https:\/\/www.electroluxprofessional.com\/tr\/#website","url":"https:\/\/www.electroluxprofessional.com\/tr\/","name":"Electrolux Professional T\u00fcrkiye","description":"","potentialAction":[{"@type":"SearchAction","target":{"@type":"EntryPoint","urlTemplate":"https:\/\/www.electroluxprofessional.com\/tr\/?src={search_term_string}"},"query-input":"required name=search_term_string"}],"inLanguage":"tr"}]}},"_links":{"self":[{"href":"https:\/\/www.electroluxprofessional.com\/tr\/wp-json\/wp\/v2\/pages\/15240"}],"collection":[{"href":"https:\/\/www.electroluxprofessional.com\/tr\/wp-json\/wp\/v2\/pages"}],"about":[{"href":"https:\/\/www.electroluxprofessional.com\/tr\/wp-json\/wp\/v2\/types\/page"}],"author":[{"embeddable":true,"href":"https:\/\/www.electroluxprofessional.com\/tr\/wp-json\/wp\/v2\/users\/40"}],"replies":[{"embeddable":true,"href":"https:\/\/www.electroluxprofessional.com\/tr\/wp-json\/wp\/v2\/comments?post=15240"}],"version-history":[{"count":21,"href":"https:\/\/www.electroluxprofessional.com\/tr\/wp-json\/wp\/v2\/pages\/15240\/revisions"}],"predecessor-version":[{"id":22976,"href":"https:\/\/www.electroluxprofessional.com\/tr\/wp-json\/wp\/v2\/pages\/15240\/revisions\/22976"}],"up":[{"embeddable":true,"href":"https:\/\/www.electroluxprofessional.com\/tr\/wp-json\/wp\/v2\/pages\/21615"}],"wp:featuredmedia":[{"embeddable":true,"href":"https:\/\/www.electroluxprofessional.com\/tr\/wp-json\/wp\/v2\/media\/15233"}],"wp:attachment":[{"href":"https:\/\/www.electroluxprofessional.com\/tr\/wp-json\/wp\/v2\/media?parent=15240"}],"curies":[{"name":"wp","href":"https:\/\/api.w.org\/{rel}","templated":true}]}}