{"id":15082,"date":"2023-01-18T19:19:52","date_gmt":"2023-01-18T19:19:52","guid":{"rendered":"https:\/\/www.electroluxprofessional.com\/tr\/?page_id=15082"},"modified":"2025-09-16T07:56:09","modified_gmt":"2025-09-16T07:56:09","slug":"haccp-gida-kontaminasyonunu-onleme-proseduru","status":"publish","type":"page","link":"https:\/\/www.electroluxprofessional.com\/tr\/haccp-gida-kontaminasyonunu-onleme-proseduru\/","title":{"rendered":"HACCP"},"content":{"rendered":"<p>[vc_row full_width=&#8221;electroluxpro-full-width-no-padding&#8221;][vc_column][elx_hero_slider label_text_color=&#8221;inherit&#8221; images=&#8221;15081&#8243;][elx_heading font_container=&#8221;h1&#8243; text_color=&#8221;inherit&#8221;]HACCP[\/elx_heading][vc_column_text]HACCP \u2013 Tehlike Analizi ve Kritik Kontrol Noktalar\u0131 prosed\u00fcr\u00fc, bir \u00fcr\u00fcnde veya s\u00fcre\u00e7te olu\u015fabilecek do\u011fal riskleri tespit etme ve tespit edilen riskleri kontrol etmek i\u00e7in uygulanmas\u0131 gereken ad\u0131mlar\u0131 belirleme y\u00f6ntemidir.[\/vc_column_text][\/elx_hero_slider][\/vc_column][\/vc_row][vc_row][vc_column width=&#8221;1\/2&#8243;][vc_empty_space][elx_heading text_color=&#8221;inherit&#8221; text_align=&#8221;text-left&#8221;]Electrolux Professional, 1998&#8217;den bu yana HACCP s\u00fcrecini uygulamaktad\u0131r.[\/elx_heading][vc_empty_space][vc_column_text]<\/p>\n<h3 style=\"text-align: left;\">Peki bu ne anlama geliyor?<\/h3>\n<p>[\/vc_column_text][vc_empty_space][vc_column_text]Yiyecek hizmetleri veren bir i\u015fletmeden kaynaklanan bir hastal\u0131k salg\u0131n\u0131 veya kontaminasyon halinde bu i\u015fletmeler, <strong>Electrolux Professional ekipman\u0131 i\u00e7indeki HACCP i\u015flevlerini kullanarak<\/strong> s\u00fcre\u00e7leri izleyebilir ve b\u00f6ylece <strong>kayna\u011f\u0131n izini s\u00fcrerek \u00e7\u0131k\u0131\u015f yerini belirleyebilir veya ortadan kald\u0131rabilir<\/strong>.[\/vc_column_text][\/vc_column][vc_column width=&#8221;1\/2&#8243;][vc_empty_space][elx_image_block background_image=&#8221;654&#8243; vert_back_position=&#8221;top&#8221; minimum_height=&#8221;400px&#8221;][\/vc_column][\/vc_row][vc_row full_width=&#8221;electroluxpro-full-width-no-padding&#8221; equal_height=&#8221;yes&#8221;][vc_column width=&#8221;1\/2&#8243;][elx_image_block background_image=&#8221;3978&#8243; vert_back_position=&#8221;top&#8221; minimum_height=&#8221;598px&#8221;][\/vc_column][vc_column width=&#8221;1\/2&#8243;][elx_simple_block][elx_heading text_color=&#8221;inherit&#8221;]Pi\u015firme \u2013 Electrolux Professional Dokunmatik Kombi F\u0131r\u0131n[\/elx_heading][vc_column_text css_animation=&#8221;right-to-left&#8221;]<strong>G\u0131da G\u00fcvenlik Kontrol\u00fc i\u015flevi, HACCP standartlar\u0131na uygun, kapsaml\u0131 g\u0131da g\u00fcvenli\u011fi sa\u011flar<\/strong>. Sadece yemek kategorisini se\u00e7meniz yeterli. G\u0131da G\u00fcvenlik Kontrol\u00fc i\u015flevi, pi\u015firme boyunca bir denetleyici g\u00f6revi g\u00f6rerek gerisini halleder. Touchline f\u0131r\u0131n, G\u0131da G\u00fcvenlik Kontrol\u00fc simgesi etkin ve 6 sens\u00f6rl\u00fc prob tak\u0131l\u0131yken, yeme\u011fin do\u011fru g\u00fcvenlik seviyesine ula\u015facak \u015fekilde yeterince pi\u015firilip pi\u015firilmedi\u011fini hesaplar.[\/vc_column_text][elx_button button_text=&#8221;Cook&amp;Chill &#8220;Pi\u015fir&amp;So\u011fut&#8220;&#8221; button_style=&#8221;icon&#8221; button_link=&#8221;url:https%3A%2F%2Fwww.electroluxprofessional.com%2Ftr%2Fcook-and-chill%2F|title:Cook%20and%20Chill||&#8221;][\/elx_simple_block][\/vc_column][\/vc_row][vc_row][vc_column][vc_empty_space height=&#8221;50px&#8221;][vc_row_inner][vc_column_inner width=&#8221;1\/2&#8243;][vc_single_image image=&#8221;15080&#8243; img_size=&#8221;full&#8221;][vc_column_text]<\/p>\n<h2>G\u0131da G\u00fcvenli\u011fi<\/h2>\n<p>G\u0131da G\u00fcvenlik Kontrol\u00fc ile pi\u015firme kalitesi ve g\u00fcvenlik aras\u0131nda se\u00e7im yapman\u0131za gerek yok. 6 sens\u00f6rl\u00fc \u00e7oklu prob tak\u0131l\u0131yken, HACCP standartlar\u0131na uygun olarak \u00e7al\u0131\u015fan SkyLine Premium<sup>S<\/sup>, yiyeceklerin otomatik olarak m\u00fckemmel \u015fekilde pi\u015firilmesini sa\u011flar.[\/vc_column_text][vc_empty_space][vc_single_image image=&#8221;7796&#8243; img_size=&#8221;full&#8221;][vc_column_text]<\/p>\n<h6>*G\u0131da G\u00fcvenlik Kontrol\u00fc \u2013 US6818865B2 patenti ve ilgili aile.<\/h6>\n<p>[\/vc_column_text][\/vc_column_inner][vc_column_inner width=&#8221;1\/2&#8243;][vc_single_image image=&#8221;15080&#8243; img_size=&#8221;full&#8221;][vc_column_text]<\/p>\n<h2>Daima g\u00fcvenli yemekler<\/h2>\n<p>HACCP ve g\u0131da g\u00fcvenli\u011fi y\u00f6netmeliklerine kolay uyum. \u015eok so\u011futucu ile yiyecekler (SkyDuo ile her zaman f\u0131r\u0131ndan yeni \u00e7\u0131km\u0131\u015f olsa bile) hassas kontroll\u00fc ortamda h\u0131zla so\u011futuldu\u011fu i\u00e7in bakterilerin \u00e7o\u011falma \u015fans\u0131 yoktur.<\/p>\n<p>Yiyece\u011fin i\u00e7 s\u0131cakl\u0131\u011f\u0131n\u0131 70\u00b0C&#8217;den 3\u00b0C&#8217;ye d\u00fc\u015f\u00fcrmek en fazla 90 dakika, dondurmak i\u00e7in -18\u00b0C&#8217;ye getirmek ise 240 dakika s\u00fcrer. Cook&amp;Chill \u201cPi\u015fir&amp;So\u011fut\u201d i\u015flemi i\u00e7in beklemeyin. Yiyeceklerin ortam s\u0131cakl\u0131\u011f\u0131na gelmesini beklemeden f\u0131r\u0131ndan al\u0131p do\u011frudan SkyLine Chill<sup>S<\/sup> s\u00fcrecine ge\u00e7in.[\/vc_column_text][\/vc_column_inner][\/vc_row_inner][\/vc_column][\/vc_row][vc_row full_width=&#8221;electroluxpro-full-width-no-padding&#8221; equal_height=&#8221;yes&#8221;][vc_column width=&#8221;1\/2&#8243;][elx_image_block background_image=&#8221;15078&#8243; vert_back_position=&#8221;top&#8221; minimum_height=&#8221;500px&#8221;][\/vc_column][vc_column width=&#8221;1\/2&#8243;][elx_simple_block][elx_heading font_container=&#8221;h3&#8243; text_color=&#8221;inherit&#8221;]Depolama \u2013 Electrolux Professional So\u011futma \u2013 ecostore buzdolaplar\u0131[\/elx_heading][vc_column_text css_animation=&#8221;right-to-left&#8221;]<strong>Dokunmatik ekran i\u00e7indeki HACCP kontrol alan\u0131, \u00e7al\u0131\u015fma s\u0131cakl\u0131\u011f\u0131n\u0131 ve olas\u0131 anormal durumlar\u0131 s\u00fcrekli olarak kontrol eder ve kaydeder.<\/strong>\u00a0\u00a0\u00c7al\u0131\u015fma durumu ve s\u0131cakl\u0131kta ya\u015fanan t\u00fcm y\u00fckselmeler veya d\u00fc\u015f\u00fc\u015fler bir grafik ile g\u00f6sterilir. \u00a0Veriler USB arac\u0131l\u0131\u011f\u0131yla indirilebilir olup raporlama ve izleme ama\u00e7l\u0131 saklanabilir.[\/vc_column_text][elx_button button_text=&#8221;Buzdolaplar\u0131&#8221; button_style=&#8221;icon&#8221; button_link=&#8221;url:https%3A%2F%2Fwww.electroluxprofessional.com%2Ftr%2Fticari-mutfak-ekipmanlari%2Fbuzdolaplari-ve-dondurucular%2F|title:Refrigerated%20cabinets&#8221;][elx_button button_text=&#8221;so\u011futmal\u0131 tezgahlar&#8221; button_style=&#8221;icon&#8221; button_link=&#8221;url:https%3A%2F%2Fwww.electroluxprofessional.com%2Ftr%2Fticari-mutfak-ekipmanlari%2Ftezgah-tipi-sogutucular%2F|title:Refrigerated%20counters&#8221;][\/elx_simple_block][\/vc_column][\/vc_row][vc_row][vc_column][vc_empty_space][\/vc_column][\/vc_row][vc_row][vc_column][elx_heading font_container=&#8221;h3&#8243; text_color=&#8221;inherit&#8221;]<\/p>\n<h2 class=\"customHeaderV2 bp3\" style=\"text-align: center;\">Electrolux Professional, \u00e7ama\u015f\u0131r y\u0131kama hijyeninde d\u00fcnya \u00e7ap\u0131nda \u00f6nemli bir sertifika ald\u0131. Electrolux Professional, HACCP International taraf\u0131ndan onaylanan ilk end\u00fcstriyel \u00e7ama\u015f\u0131rhane \u00e7\u00f6z\u00fcmleri \u00fcreticisidir.<\/h2>\n<h2 class=\"customHeaderV2 bp3\" style=\"text-align: center;\"><\/h2>\n<p>[\/elx_heading][\/vc_column][\/vc_row][vc_row full_width=&#8221;electroluxpro-full-width-no-padding&#8221;][vc_column][vc_empty_space][\/vc_column][\/vc_row][vc_row][vc_column width=&#8221;1\/2&#8243;][vc_single_image image=&#8221;5654&#8243; img_size=&#8221;full&#8221; alignment=&#8221;center&#8221;][vc_empty_space][vc_column_text]<\/p>\n<h3>\u0130\u015fletmenizin g\u00fcvenli\u011fini ve de\u011ferini<br \/>\nnas\u0131l art\u0131rabilece\u011fimize g\u00f6z at\u0131n<\/h3>\n<p>[\/vc_column_text][vc_empty_space][elx_video_block background_image=&#8221;15079&#8243; video_link=&#8221;https:\/\/www.youtube.com\/watch?v=-ATQgfZH67Q&#8221; minimum_height=&#8221;280px&#8221;][vc_empty_space][\/vc_column][vc_column width=&#8221;1\/2&#8243;][elx_heading font_container=&#8221;h3&#8243; text_color=&#8221;inherit&#8221;]G\u0131da \u00fcretim operasyonlar\u0131nda kullan\u0131lan t\u00fcm giysi ve bezleri dezenfekte etmek i\u00e7in profesyonel y\u0131kama programlar\u0131 kullan\u0131lmal\u0131d\u0131r.[\/elx_heading][vc_column_text]Electrolux Professional&#8217;\u0131n Line 5000 \u00e7ama\u015f\u0131r y\u0131kama \u00e7\u00f6z\u00fcmleri gibi <a href=\"https:\/\/www.electroluxprofessional.com\/tr\/ticari-camasirhane-ekipmanlari\/endustriyel-camasir-yikama-makineleri\/\">Line 6000 makineler<\/a> de en s\u0131k\u0131 HACCP prosed\u00fcrlerine uygundur: Serideki <strong>end\u00fcstriyel y\u0131kama makineleri ve kurutucular <\/strong>(ayr\u0131ca bariyerli y\u0131kama makineleri, \u00fct\u00fcler ve ba\u011flant\u0131 \u00e7\u00f6z\u00fcmleri) <a href=\"https:\/\/www.electroluxprofessional.com\/electrolux-gets-worldwide-milestone-certification-laundry-hygiene\/\">HACCP International taraf\u0131ndan onaylanan ilk ve halihaz\u0131rda tek \u00e7ama\u015f\u0131rhane \u00e7\u00f6z\u00fcmleridir.<\/a> Electrolux Professional, <strong>HACCP International taraf\u0131ndan onaylanan<\/strong> ilk ve halihaz\u0131rda tek \u00e7ama\u015f\u0131rhane \u00e7\u00f6z\u00fcmleri \u00fcreticisi olmu\u015ftur. \u00d6nden y\u00fcklemeli \u00e7ama\u015f\u0131r y\u0131kama makinelerinin yan\u0131 s\u0131ra bariyerli y\u0131kama makineleri, \u00fct\u00fcler ve ba\u011flant\u0131 \u00e7\u00f6z\u00fcmleri de akredite edildi.[\/vc_column_text][vc_row_inner][vc_column_inner width=&#8221;1\/2&#8243;][vc_empty_space][vc_empty_space][vc_empty_space][vc_empty_space][vc_column_text]\u0130lk olarak \u0130ngiltere ve \u0130rlanda&#8217;da Line 5000&#8217;e verilen bu sertifika, Haziran 2015&#8217;ten bu yana d\u00fcnya \u00e7ap\u0131nda ge\u00e7erlidir.[\/vc_column_text][vc_empty_space][elx_button button_text=&#8221;HACCP INTERNATIONAL hakk\u0131nda daha fazlas\u0131n\u0131 ke\u015ffedin&#8221; button_style=&#8221;icon&#8221; button_link=&#8221;url:https%3A%2F%2Fhaccp-international.com%2F|title:haccp%20international|target:%20_blank|&#8221;][\/vc_column_inner][vc_column_inner width=&#8221;1\/2&#8243;][vc_empty_space][vc_empty_space][vc_empty_space][vc_empty_space][vc_single_image image=&#8221;657&#8243; img_size=&#8221;250&#215;250&#8243; alignment=&#8221;center&#8221;][vc_empty_space][\/vc_column_inner][\/vc_row_inner][\/vc_column][\/vc_row][vc_row full_width=&#8221;electroluxpro-full-width-no-padding&#8221;][vc_column][vc_empty_space css=&#8221;.vc_custom_1464077755704{background-color: #eaeef2 !important;}&#8221;][\/vc_column][\/vc_row]<\/p>\n","protected":false},"excerpt":{"rendered":"<p>[vc_row full_width=&#8221;electroluxpro-full-width-no-padding&#8221;][vc_column][elx_hero_slider label_text_color=&#8221;inherit&#8221; images=&#8221;15081&#8243;][elx_heading font_container=&#8221;h1&#8243; text_color=&#8221;inherit&#8221;]HACCP[\/elx_heading][vc_column_text]HACCP \u2013 Tehlike Analizi ve Kritik Kontrol Noktalar\u0131 prosed\u00fcr\u00fc, bir \u00fcr\u00fcnde veya s\u00fcre\u00e7te olu\u015fabilecek do\u011fal riskleri tespit etme ve tespit edilen riskleri kontrol etmek i\u00e7in uygulanmas\u0131 gereken ad\u0131mlar\u0131 belirleme y\u00f6ntemidir.[\/vc_column_text][\/elx_hero_slider][\/vc_column][\/vc_row][vc_row][vc_column width=&#8221;1\/2&#8243;][vc_empty_space][elx_heading text_color=&#8221;inherit&#8221; text_align=&#8221;text-left&#8221;]Electrolux Professional, 1998&#8217;den bu yana HACCP s\u00fcrecini uygulamaktad\u0131r.[\/elx_heading][vc_empty_space][vc_column_text] Peki bu ne anlama geliyor? [\/vc_column_text][vc_empty_space][vc_column_text]Yiyecek hizmetleri veren bir i\u015fletmeden [&hellip;]<\/p>\n","protected":false},"author":40,"featured_media":657,"parent":0,"menu_order":0,"comment_status":"closed","ping_status":"closed","template":"","meta":{"footnotes":""},"class_list":["post-15082","page","type-page","status-publish","has-post-thumbnail","hentry"],"acf":[],"yoast_head":"<!-- This site is optimized with the Yoast SEO plugin v23.3 - https:\/\/yoast.com\/wordpress\/plugins\/seo\/ -->\n<title>HACCP - G\u0131da kontaminasyonunu \u00f6nleme prosed\u00fcr\u00fc<\/title>\n<meta name=\"description\" content=\"HACCP (G\u00fcvenlik Analizi ve Kritik Nokta Kontrol\u00fc) prosed\u00fcr\u00fc, bir \u00fcr\u00fcn\u00fcn ve ya s\u00fcrecin do\u011fal riskleri de\u011ferlendirmenin bir yoludur.\" \/>\n<meta name=\"robots\" content=\"index, follow, max-snippet:-1, max-image-preview:large, max-video-preview:-1\" \/>\n<link rel=\"canonical\" href=\"https:\/\/www.electroluxprofessional.com\/tr\/haccp-gida-kontaminasyonunu-onleme-proseduru\/\" \/>\n<meta property=\"og:locale\" content=\"tr_TR\" \/>\n<meta property=\"og:type\" content=\"article\" \/>\n<meta property=\"og:title\" content=\"HACCP - G\u0131da kontaminasyonunu \u00f6nleme prosed\u00fcr\u00fc\" \/>\n<meta property=\"og:description\" content=\"HACCP (G\u00fcvenlik Analizi ve Kritik Nokta Kontrol\u00fc) prosed\u00fcr\u00fc, bir \u00fcr\u00fcn\u00fcn ve ya s\u00fcrecin do\u011fal riskleri de\u011ferlendirmenin bir yoludur.\" \/>\n<meta property=\"og:url\" content=\"https:\/\/www.electroluxprofessional.com\/tr\/haccp-gida-kontaminasyonunu-onleme-proseduru\/\" \/>\n<meta property=\"og:site_name\" content=\"Electrolux Professional T\u00fcrkiye\" \/>\n<meta property=\"article:modified_time\" content=\"2025-09-16T07:56:09+00:00\" \/>\n<meta property=\"og:image\" content=\"https:\/\/www.electroluxprofessional.com\/tr\/wp-content\/uploads\/2016\/05\/haccp-logo.jpg\" \/>\n\t<meta property=\"og:image:width\" content=\"600\" \/>\n\t<meta property=\"og:image:height\" content=\"601\" \/>\n\t<meta property=\"og:image:type\" content=\"image\/jpeg\" \/>\n<meta name=\"twitter:card\" content=\"summary_large_image\" \/>\n<meta name=\"twitter:label1\" content=\"Tahmini okuma s\u00fcresi\" \/>\n\t<meta name=\"twitter:data1\" content=\"4 dakika\" \/>\n<script type=\"application\/ld+json\" class=\"yoast-schema-graph\">{\"@context\":\"https:\/\/schema.org\",\"@graph\":[{\"@type\":\"WebPage\",\"@id\":\"https:\/\/www.electroluxprofessional.com\/tr\/haccp-gida-kontaminasyonunu-onleme-proseduru\/\",\"url\":\"https:\/\/www.electroluxprofessional.com\/tr\/haccp-gida-kontaminasyonunu-onleme-proseduru\/\",\"name\":\"HACCP - G\u0131da kontaminasyonunu \u00f6nleme prosed\u00fcr\u00fc\",\"isPartOf\":{\"@id\":\"https:\/\/www.electroluxprofessional.com\/tr\/#website\"},\"primaryImageOfPage\":{\"@id\":\"https:\/\/www.electroluxprofessional.com\/tr\/haccp-gida-kontaminasyonunu-onleme-proseduru\/#primaryimage\"},\"image\":{\"@id\":\"https:\/\/www.electroluxprofessional.com\/tr\/haccp-gida-kontaminasyonunu-onleme-proseduru\/#primaryimage\"},\"thumbnailUrl\":\"https:\/\/www.electroluxprofessional.com\/tr\/wp-content\/uploads\/2016\/05\/haccp-logo.jpg\",\"datePublished\":\"2023-01-18T19:19:52+00:00\",\"dateModified\":\"2025-09-16T07:56:09+00:00\",\"description\":\"HACCP (G\u00fcvenlik Analizi ve Kritik Nokta Kontrol\u00fc) prosed\u00fcr\u00fc, bir \u00fcr\u00fcn\u00fcn ve ya s\u00fcrecin do\u011fal riskleri de\u011ferlendirmenin bir yoludur.\",\"breadcrumb\":{\"@id\":\"https:\/\/www.electroluxprofessional.com\/tr\/haccp-gida-kontaminasyonunu-onleme-proseduru\/#breadcrumb\"},\"inLanguage\":\"tr\",\"potentialAction\":[{\"@type\":\"ReadAction\",\"target\":[\"https:\/\/www.electroluxprofessional.com\/tr\/haccp-gida-kontaminasyonunu-onleme-proseduru\/\"]}]},{\"@type\":\"ImageObject\",\"inLanguage\":\"tr\",\"@id\":\"https:\/\/www.electroluxprofessional.com\/tr\/haccp-gida-kontaminasyonunu-onleme-proseduru\/#primaryimage\",\"url\":\"https:\/\/www.electroluxprofessional.com\/tr\/wp-content\/uploads\/2016\/05\/haccp-logo.jpg\",\"contentUrl\":\"https:\/\/www.electroluxprofessional.com\/tr\/wp-content\/uploads\/2016\/05\/haccp-logo.jpg\",\"width\":600,\"height\":601,\"caption\":\"haccp-international-programm-certification-food-safety\"},{\"@type\":\"BreadcrumbList\",\"@id\":\"https:\/\/www.electroluxprofessional.com\/tr\/haccp-gida-kontaminasyonunu-onleme-proseduru\/#breadcrumb\",\"itemListElement\":[{\"@type\":\"ListItem\",\"position\":1,\"name\":\"Home\",\"item\":\"https:\/\/www.electroluxprofessional.com\/tr\/\"},{\"@type\":\"ListItem\",\"position\":2,\"name\":\"HACCP\"}]},{\"@type\":\"WebSite\",\"@id\":\"https:\/\/www.electroluxprofessional.com\/tr\/#website\",\"url\":\"https:\/\/www.electroluxprofessional.com\/tr\/\",\"name\":\"Electrolux Professional T\u00fcrkiye\",\"description\":\"\",\"potentialAction\":[{\"@type\":\"SearchAction\",\"target\":{\"@type\":\"EntryPoint\",\"urlTemplate\":\"https:\/\/www.electroluxprofessional.com\/tr\/?src={search_term_string}\"},\"query-input\":\"required name=search_term_string\"}],\"inLanguage\":\"tr\"}]}<\/script>\n<!-- \/ Yoast SEO plugin. -->","yoast_head_json":{"title":"HACCP - G\u0131da kontaminasyonunu \u00f6nleme prosed\u00fcr\u00fc","description":"HACCP (G\u00fcvenlik Analizi ve Kritik Nokta Kontrol\u00fc) prosed\u00fcr\u00fc, bir \u00fcr\u00fcn\u00fcn ve ya s\u00fcrecin do\u011fal riskleri de\u011ferlendirmenin bir yoludur.","robots":{"index":"index","follow":"follow","max-snippet":"max-snippet:-1","max-image-preview":"max-image-preview:large","max-video-preview":"max-video-preview:-1"},"canonical":"https:\/\/www.electroluxprofessional.com\/tr\/haccp-gida-kontaminasyonunu-onleme-proseduru\/","og_locale":"tr_TR","og_type":"article","og_title":"HACCP - G\u0131da kontaminasyonunu \u00f6nleme prosed\u00fcr\u00fc","og_description":"HACCP (G\u00fcvenlik Analizi ve Kritik Nokta Kontrol\u00fc) prosed\u00fcr\u00fc, bir \u00fcr\u00fcn\u00fcn ve ya s\u00fcrecin do\u011fal riskleri de\u011ferlendirmenin bir yoludur.","og_url":"https:\/\/www.electroluxprofessional.com\/tr\/haccp-gida-kontaminasyonunu-onleme-proseduru\/","og_site_name":"Electrolux Professional T\u00fcrkiye","article_modified_time":"2025-09-16T07:56:09+00:00","og_image":[{"width":600,"height":601,"url":"https:\/\/www.electroluxprofessional.com\/tr\/wp-content\/uploads\/2016\/05\/haccp-logo.jpg","type":"image\/jpeg"}],"twitter_card":"summary_large_image","twitter_misc":{"Tahmini okuma s\u00fcresi":"4 dakika"},"schema":{"@context":"https:\/\/schema.org","@graph":[{"@type":"WebPage","@id":"https:\/\/www.electroluxprofessional.com\/tr\/haccp-gida-kontaminasyonunu-onleme-proseduru\/","url":"https:\/\/www.electroluxprofessional.com\/tr\/haccp-gida-kontaminasyonunu-onleme-proseduru\/","name":"HACCP - G\u0131da kontaminasyonunu \u00f6nleme prosed\u00fcr\u00fc","isPartOf":{"@id":"https:\/\/www.electroluxprofessional.com\/tr\/#website"},"primaryImageOfPage":{"@id":"https:\/\/www.electroluxprofessional.com\/tr\/haccp-gida-kontaminasyonunu-onleme-proseduru\/#primaryimage"},"image":{"@id":"https:\/\/www.electroluxprofessional.com\/tr\/haccp-gida-kontaminasyonunu-onleme-proseduru\/#primaryimage"},"thumbnailUrl":"https:\/\/www.electroluxprofessional.com\/tr\/wp-content\/uploads\/2016\/05\/haccp-logo.jpg","datePublished":"2023-01-18T19:19:52+00:00","dateModified":"2025-09-16T07:56:09+00:00","description":"HACCP (G\u00fcvenlik Analizi ve Kritik Nokta Kontrol\u00fc) prosed\u00fcr\u00fc, bir \u00fcr\u00fcn\u00fcn ve ya s\u00fcrecin do\u011fal riskleri de\u011ferlendirmenin bir yoludur.","breadcrumb":{"@id":"https:\/\/www.electroluxprofessional.com\/tr\/haccp-gida-kontaminasyonunu-onleme-proseduru\/#breadcrumb"},"inLanguage":"tr","potentialAction":[{"@type":"ReadAction","target":["https:\/\/www.electroluxprofessional.com\/tr\/haccp-gida-kontaminasyonunu-onleme-proseduru\/"]}]},{"@type":"ImageObject","inLanguage":"tr","@id":"https:\/\/www.electroluxprofessional.com\/tr\/haccp-gida-kontaminasyonunu-onleme-proseduru\/#primaryimage","url":"https:\/\/www.electroluxprofessional.com\/tr\/wp-content\/uploads\/2016\/05\/haccp-logo.jpg","contentUrl":"https:\/\/www.electroluxprofessional.com\/tr\/wp-content\/uploads\/2016\/05\/haccp-logo.jpg","width":600,"height":601,"caption":"haccp-international-programm-certification-food-safety"},{"@type":"BreadcrumbList","@id":"https:\/\/www.electroluxprofessional.com\/tr\/haccp-gida-kontaminasyonunu-onleme-proseduru\/#breadcrumb","itemListElement":[{"@type":"ListItem","position":1,"name":"Home","item":"https:\/\/www.electroluxprofessional.com\/tr\/"},{"@type":"ListItem","position":2,"name":"HACCP"}]},{"@type":"WebSite","@id":"https:\/\/www.electroluxprofessional.com\/tr\/#website","url":"https:\/\/www.electroluxprofessional.com\/tr\/","name":"Electrolux Professional T\u00fcrkiye","description":"","potentialAction":[{"@type":"SearchAction","target":{"@type":"EntryPoint","urlTemplate":"https:\/\/www.electroluxprofessional.com\/tr\/?src={search_term_string}"},"query-input":"required name=search_term_string"}],"inLanguage":"tr"}]}},"_links":{"self":[{"href":"https:\/\/www.electroluxprofessional.com\/tr\/wp-json\/wp\/v2\/pages\/15082"}],"collection":[{"href":"https:\/\/www.electroluxprofessional.com\/tr\/wp-json\/wp\/v2\/pages"}],"about":[{"href":"https:\/\/www.electroluxprofessional.com\/tr\/wp-json\/wp\/v2\/types\/page"}],"author":[{"embeddable":true,"href":"https:\/\/www.electroluxprofessional.com\/tr\/wp-json\/wp\/v2\/users\/40"}],"replies":[{"embeddable":true,"href":"https:\/\/www.electroluxprofessional.com\/tr\/wp-json\/wp\/v2\/comments?post=15082"}],"version-history":[{"count":8,"href":"https:\/\/www.electroluxprofessional.com\/tr\/wp-json\/wp\/v2\/pages\/15082\/revisions"}],"predecessor-version":[{"id":22175,"href":"https:\/\/www.electroluxprofessional.com\/tr\/wp-json\/wp\/v2\/pages\/15082\/revisions\/22175"}],"wp:featuredmedia":[{"embeddable":true,"href":"https:\/\/www.electroluxprofessional.com\/tr\/wp-json\/wp\/v2\/media\/657"}],"wp:attachment":[{"href":"https:\/\/www.electroluxprofessional.com\/tr\/wp-json\/wp\/v2\/media?parent=15082"}],"curies":[{"name":"wp","href":"https:\/\/api.w.org\/{rel}","templated":true}]}}