{"id":14993,"date":"2022-12-20T11:37:47","date_gmt":"2022-12-20T11:37:47","guid":{"rendered":"https:\/\/www.electroluxprofessional.com\/tr\/?page_id=14993"},"modified":"2025-11-06T07:10:58","modified_gmt":"2025-11-06T07:10:58","slug":"egitim-eglence-ve-spor","status":"publish","type":"page","link":"https:\/\/www.electroluxprofessional.com\/tr\/isletmenize-yonelik-cozumler\/egitim-eglence-ve-spor\/","title":{"rendered":"E\u011fitim, E\u011flence ve Spor"},"content":{"rendered":"<p>[vc_row full_width=&#8221;electroluxpro-full-width-no-padding&#8221; css=&#8221;.vc_custom_1663596219879{margin-top: -50px !important;}&#8221;][vc_column][elx_full_banner title=&#8221;E\u011fitim, E\u011flence ve Spor&#8221; background_image_media_library=&#8221;14488&#8243; background_image_media_library_mobile=&#8221;43961&#8243;][\/vc_column][\/vc_row][vc_row][vc_column][vc_empty_space][elx_heading font_container=&#8221;h1&#8243; text_color=&#8221;inherit&#8221;]E\u011fitim, e\u011flence ve spor tesisleriniz i\u00e7in tam kapsaml\u0131 \u00e7ama\u015f\u0131rhane ve yemek \u00e7\u00f6z\u00fcmleri[\/elx_heading][vc_column_text]Yemek ve \u00e7ama\u015f\u0131rhane \u00e7\u00f6z\u00fcmleri alan\u0131nda k\u00fcresel bir uzman olan Electrolux Professional, piyasadaki en geni\u015f \u00e7\u00f6z\u00fcm yelpazesinin yan\u0131 s\u0131ra en iyi program esnekli\u011fini sunuyor.[\/vc_column_text][vc_empty_space][\/vc_column][\/vc_row][vc_row][vc_column width=&#8221;1\/3&#8243;][elx_image_block background_image=&#8221;14483&#8243; vert_back_position=&#8221;top&#8221; minimum_height=&#8221;450px&#8221;][vc_column_text drop_caps=&#8221;big-first-letter&#8221;]<\/p>\n<h3>Prue Leith<br \/>\n\u015eef Akademisi<\/h3>\n<p>Pretoria, G\u00fcney Afrika<br \/>\n<strong>\u015eef Akademisi<\/strong><\/p>\n<p><em>\u201cElectrolux Professional \u00fcr\u00fcnleri, olduk\u00e7a y\u00fcksek standartlarda \u00fcretilmi\u015f \u00e7ok profesyonel \u00fcr\u00fcnlerdir. Afrika&#8217;daki \u015eef Akademileri aras\u0131nda en \u00fcst s\u0131rada yer al\u0131yoruz. \u00d6\u011frencilerimizin alan\u0131nda en iyisi olmas\u0131n\u0131 istiyoruz ve bunun i\u00e7in sekt\u00f6rdeki en iyi imkanlarla ve ekipmanlarla \u00e7al\u0131\u015fmalar\u0131 ve e\u011fitim almalar\u0131 gerekiyor.\u201d<\/em><br \/>\n<strong>Anthony Roberts<\/strong>, Direkt\u00f6r[\/vc_column_text][vc_empty_space height=&#8221;10px&#8221;][\/vc_column][vc_column width=&#8221;1\/3&#8243;][elx_image_block background_image=&#8221;14484&#8243; vert_back_position=&#8221;top&#8221; minimum_height=&#8221;450px&#8221;][vc_column_text drop_caps=&#8221;big-first-letter&#8221;]<\/p>\n<h3>FICO<br \/>\nEataly World<\/h3>\n<p>Bolonya, \u0130talya<br \/>\n<strong>E\u011flence<\/strong><\/p>\n<p><em>\u201cMutfakta harika teknolojiler kullanman\u0131n amac\u0131, ana bile\u015fenlerin olabildi\u011fince az etkilenmesini temin etmek. 47 FICO restoran\u0131n\u0131n tamam\u0131n\u0131n, yolculu\u011fumuzun ba\u015f\u0131ndan beri bizimle birlikte olan Electrolux Professional \u00fcr\u00fcnleriyle donat\u0131lmas\u0131nda \u0131srar ettik.\u201d<br \/>\n<\/em><strong>Oscar Farinetti<\/strong>, Onursal Ba\u015fkan[\/vc_column_text][vc_empty_space height=&#8221;10px&#8221;][\/vc_column][vc_column width=&#8221;1\/3&#8243;][elx_image_block background_image=&#8221;12414&#8243; vert_back_position=&#8221;top&#8221; minimum_height=&#8221;450px&#8221;][vc_column_text drop_caps=&#8221;big-first-letter&#8221;]<\/p>\n<h3>Diemen Zuid Kamp\u00fcs\u00fc<\/h3>\n<p>Hollanda<br \/>\n<strong>Apartman-Ev \u00c7ama\u015f\u0131rhanesi<\/strong><\/p>\n<p>Diemen Zuid Kamp\u00fcs\u00fcn\u00fcn sakinleri modern bir Apartman-Ev \u00c7ama\u015f\u0131rhane tesisine ihtiya\u00e7 duyuyordu. Bu ihtiyac\u0131 gidermek i\u00e7in m\u00fckemmel bir \u00e7\u00f6z\u00fcm buldular: Deterjan da dahil en iyi kalite y\u0131kama sonu\u00e7lar\u0131, Kamp\u00fcs\u00fcn \u00f6deme sistemiyle entegrasyon ve ba\u015flang\u0131\u00e7 yat\u0131r\u0131m\u0131 gerekmemesi, zira makinelerin paras\u0131n\u0131 yapt\u0131klar\u0131 her y\u0131kamayla Kamp\u00fcs sakinleri \u00f6d\u00fcyor.[\/vc_column_text][vc_empty_space height=&#8221;10px&#8221;][\/vc_column][\/vc_row][vc_row][vc_column width=&#8221;1\/3&#8243;][elx_image_block background_image=&#8221;557&#8243; vert_back_position=&#8221;top&#8221; minimum_height=&#8221;450px&#8221;][vc_column_text drop_caps=&#8221;big-first-letter&#8221;]<\/p>\n<h3>ICCA Dubai<\/h3>\n<p>Dubai<br \/>\n<strong>Mutfak Sanatlar\u0131 G\u00f6sterisi<\/strong><\/p>\n<p><em>\u201cSekt\u00f6rde fark yaratmak gerekti\u011fine inan\u0131yoruz ve biz bu fark\u0131 Electrolux Professional ile ortakl\u0131\u011fa girerek elde ettik. Sekt\u00f6r ve \u015feflerimizin ba\u015far\u0131s\u0131 \u00fczerinde b\u00fcy\u00fck bir etkisi olacak profesyonel e\u011fitimi ve profesyonel teknolojiyi tek bir platformda bir araya getirdik\u201d<\/em><br \/>\n<strong>Sunjeh Raja<\/strong>, Direkt\u00f6r[\/vc_column_text][\/vc_column][vc_column width=&#8221;1\/3&#8243;][elx_image_block background_image=&#8221;14485&#8243; minimum_height=&#8221;450px&#8221;][vc_column_text drop_caps=&#8221;big-first-letter&#8221;]<\/p>\n<h3>Strandpark De Zeeuwse Kust<\/h3>\n<p>Hollanda<br \/>\n<b>E\u011flence park\u0131<\/b><\/p>\n<p><em>\u201cElectrolux Professional \u201cPayPerWash\u201d konseptini kulland\u0131k. Makinelere yat\u0131r\u0131m yapmak zorunda kalmad\u0131k, bunun yerine hem biz hem de m\u00fc\u015fterilerimiz y\u0131kama ve kurutma ba\u015f\u0131na sabit bir \u00fccret \u00f6d\u00fcyor. Bu \u00e7\u00f6z\u00fcm, Electrolux Professional makinelerinin sa\u011flaml\u0131\u011f\u0131, kullan\u0131m\u0131 kolay ayarlar\u0131 ve genel olarak y\u00fcksek kalitesiyle birle\u015fti\u011finde Electrolux Professional se\u00e7imimizi kolayla\u015ft\u0131rd\u0131.\u201d<\/em><br \/>\n<strong>Marc Ruijtenberg<\/strong>[\/vc_column_text][\/vc_column][vc_column width=&#8221;1\/3&#8243;][elx_image_block background_image=&#8221;14486&#8243; minimum_height=&#8221;450px&#8221;][vc_column_text drop_caps=&#8221;big-first-letter&#8221;]<\/p>\n<h3>Union Berlin futbol kul\u00fcb\u00fc<\/h3>\n<p>Almanya<br \/>\n<strong>Stadyum mutfa\u011f\u0131<\/strong><\/p>\n<p>Electrolux Professional, \u00e7ok \u00e7e\u015fitli bir \u00e7\u00f6z\u00fcmler yelpazesi sunuyor, bu da onlara rakiplerinin yenemedi\u011fi bir avantaj sa\u011fl\u0131yor. \u00dcstelik Electrolux Professional, Pi\u015firme &amp; So\u011futma y\u00f6ntemiyle 1900 ki\u015filik yemeklerin planlanmas\u0131 i\u00e7in de eksiksiz \u00e7\u00f6z\u00fcmler sunuyor. Bu ba\u015far\u0131l\u0131 hikaye bu son detayla kusursuz hale geliyor.[\/vc_column_text][\/vc_column][\/vc_row][vc_row][vc_column][elx_heading text_color=&#8221;inherit&#8221;]E\u011fitim tesisleri i\u00e7in geli\u015ftirdi\u011fimiz \u00e7\u00f6z\u00fcmleri ke\u015ffedin.[\/elx_heading][\/vc_column][\/vc_row][vc_row][vc_column width=&#8221;1\/3&#8243;][elx_download_block text=&#8221;Solutions for Education Brochure&#8221; file_picker=&#8221;25204&#8243; background_color=&#8221;electrolux-blue&#8221;][\/vc_column][vc_column width=&#8221;1\/3&#8243;][\/vc_column][vc_column width=&#8221;1\/3&#8243;][\/vc_column][\/vc_row][vc_row css=&#8221;.vc_custom_1542027396835{background-color: #eeeeee !important;}&#8221;][vc_column][elx_heading text_color=&#8221;inherit&#8221;]Be\u011fenebilece\u011finiz di\u011fer ba\u015fl\u0131klar:[\/elx_heading][\/vc_column][\/vc_row][vc_row css=&#8221;.vc_custom_1542027408159{background-color: #eeeeee !important;}&#8221;][vc_column width=&#8221;1\/3&#8243;][elx_maylike_box id_box=&#8221;14072&#8243;][\/vc_column][vc_column width=&#8221;1\/3&#8243;][elx_maylike_box id_box=&#8221;1520&#8243;][\/vc_column][vc_column width=&#8221;1\/3&#8243;][elx_maylike_box id_box=&#8221;16321&#8243; matched_labels=&#8221;&#8221;][\/vc_column][\/vc_row][vc_row][vc_column][vc_empty_space height=&#8221;20px&#8221;][elx_heading text_color=&#8221;inherit&#8221;]Uzmanlar\u0131m\u0131z ile ileti\u015fime ge\u00e7iniz[\/elx_heading][elx_o2000_contact_us s=&#8221;Request of information about education, leisure and sports&#8221; container=&#8221;elxcontactus1487857958&#8243; r=&#8221;I would like to find out more about solutions for education, leisure and sports. Please get in touch with me.&#8221;][vc_empty_space][\/vc_column][\/vc_row]<\/p>\n","protected":false},"excerpt":{"rendered":"<p>[vc_row full_width=&#8221;electroluxpro-full-width-no-padding&#8221; css=&#8221;.vc_custom_1663596219879{margin-top: -50px !important;}&#8221;][vc_column][elx_full_banner title=&#8221;E\u011fitim, E\u011flence ve Spor&#8221; background_image_media_library=&#8221;14488&#8243; background_image_media_library_mobile=&#8221;43961&#8243;][\/vc_column][\/vc_row][vc_row][vc_column][vc_empty_space][elx_heading font_container=&#8221;h1&#8243; text_color=&#8221;inherit&#8221;]E\u011fitim, e\u011flence ve spor tesisleriniz i\u00e7in tam kapsaml\u0131 \u00e7ama\u015f\u0131rhane ve yemek \u00e7\u00f6z\u00fcmleri[\/elx_heading][vc_column_text]Yemek ve \u00e7ama\u015f\u0131rhane \u00e7\u00f6z\u00fcmleri alan\u0131nda k\u00fcresel bir uzman olan Electrolux Professional, piyasadaki en geni\u015f \u00e7\u00f6z\u00fcm yelpazesinin yan\u0131 s\u0131ra en iyi program esnekli\u011fini sunuyor.[\/vc_column_text][vc_empty_space][\/vc_column][\/vc_row][vc_row][vc_column width=&#8221;1\/3&#8243;][elx_image_block background_image=&#8221;14483&#8243; vert_back_position=&#8221;top&#8221; minimum_height=&#8221;450px&#8221;][vc_column_text drop_caps=&#8221;big-first-letter&#8221;] Prue Leith \u015eef Akademisi [&hellip;]<\/p>\n","protected":false},"author":40,"featured_media":14481,"parent":1508,"menu_order":0,"comment_status":"closed","ping_status":"closed","template":"","meta":{"footnotes":""},"class_list":["post-14993","page","type-page","status-publish","has-post-thumbnail","hentry"],"acf":[],"yoast_head":"<!-- This site is optimized with the Yoast SEO plugin v23.3 - https:\/\/yoast.com\/wordpress\/plugins\/seo\/ -->\n<title>E\u011fitim, E\u011flence ve Spor - Electrolux Professional T\u00fcrkiye<\/title>\n<meta name=\"description\" content=\"E\u011fitim, e\u011flence ve spor tesisleri i\u00e7in s\u00fcrd\u00fcr\u00fclebilir mutfak ve \u00e7ama\u015f\u0131rhane \u00e7\u00f6z\u00fcmleri Electrolux Professional\u2019da.\" \/>\n<meta name=\"robots\" content=\"index, follow, max-snippet:-1, max-image-preview:large, max-video-preview:-1\" \/>\n<link rel=\"canonical\" href=\"https:\/\/www.electroluxprofessional.com\/tr\/isletmenize-yonelik-cozumler\/egitim-eglence-ve-spor\/\" \/>\n<meta property=\"og:locale\" content=\"tr_TR\" \/>\n<meta property=\"og:type\" content=\"article\" \/>\n<meta property=\"og:title\" content=\"E\u011fitim, E\u011flence ve Spor - Electrolux Professional T\u00fcrkiye\" \/>\n<meta property=\"og:description\" content=\"E\u011fitim, e\u011flence ve spor tesisleri i\u00e7in s\u00fcrd\u00fcr\u00fclebilir mutfak ve \u00e7ama\u015f\u0131rhane \u00e7\u00f6z\u00fcmleri Electrolux Professional\u2019da.\" \/>\n<meta property=\"og:url\" content=\"https:\/\/www.electroluxprofessional.com\/tr\/isletmenize-yonelik-cozumler\/egitim-eglence-ve-spor\/\" \/>\n<meta property=\"og:site_name\" content=\"Electrolux Professional T\u00fcrkiye\" \/>\n<meta property=\"article:modified_time\" content=\"2025-11-06T07:10:58+00:00\" \/>\n<meta property=\"og:image\" content=\"https:\/\/www.electroluxprofessional.com\/tr\/wp-content\/uploads\/2022\/09\/education-banner-v.jpg\" \/>\n\t<meta property=\"og:image:width\" content=\"1125\" \/>\n\t<meta property=\"og:image:height\" content=\"1583\" \/>\n\t<meta property=\"og:image:type\" content=\"image\/jpeg\" \/>\n<meta name=\"twitter:card\" content=\"summary_large_image\" \/>\n<meta name=\"twitter:label1\" content=\"Tahmini okuma s\u00fcresi\" \/>\n\t<meta name=\"twitter:data1\" content=\"4 dakika\" \/>\n<script type=\"application\/ld+json\" class=\"yoast-schema-graph\">{\"@context\":\"https:\/\/schema.org\",\"@graph\":[{\"@type\":\"WebPage\",\"@id\":\"https:\/\/www.electroluxprofessional.com\/tr\/isletmenize-yonelik-cozumler\/egitim-eglence-ve-spor\/\",\"url\":\"https:\/\/www.electroluxprofessional.com\/tr\/isletmenize-yonelik-cozumler\/egitim-eglence-ve-spor\/\",\"name\":\"E\u011fitim, E\u011flence ve Spor - Electrolux Professional T\u00fcrkiye\",\"isPartOf\":{\"@id\":\"https:\/\/www.electroluxprofessional.com\/tr\/#website\"},\"primaryImageOfPage\":{\"@id\":\"https:\/\/www.electroluxprofessional.com\/tr\/isletmenize-yonelik-cozumler\/egitim-eglence-ve-spor\/#primaryimage\"},\"image\":{\"@id\":\"https:\/\/www.electroluxprofessional.com\/tr\/isletmenize-yonelik-cozumler\/egitim-eglence-ve-spor\/#primaryimage\"},\"thumbnailUrl\":\"https:\/\/www.electroluxprofessional.com\/tr\/wp-content\/uploads\/2022\/09\/education-banner-v.jpg\",\"datePublished\":\"2022-12-20T11:37:47+00:00\",\"dateModified\":\"2025-11-06T07:10:58+00:00\",\"description\":\"E\u011fitim, e\u011flence ve spor tesisleri i\u00e7in s\u00fcrd\u00fcr\u00fclebilir mutfak ve \u00e7ama\u015f\u0131rhane \u00e7\u00f6z\u00fcmleri Electrolux Professional\u2019da.\",\"breadcrumb\":{\"@id\":\"https:\/\/www.electroluxprofessional.com\/tr\/isletmenize-yonelik-cozumler\/egitim-eglence-ve-spor\/#breadcrumb\"},\"inLanguage\":\"tr\",\"potentialAction\":[{\"@type\":\"ReadAction\",\"target\":[\"https:\/\/www.electroluxprofessional.com\/tr\/isletmenize-yonelik-cozumler\/egitim-eglence-ve-spor\/\"]}]},{\"@type\":\"ImageObject\",\"inLanguage\":\"tr\",\"@id\":\"https:\/\/www.electroluxprofessional.com\/tr\/isletmenize-yonelik-cozumler\/egitim-eglence-ve-spor\/#primaryimage\",\"url\":\"https:\/\/www.electroluxprofessional.com\/tr\/wp-content\/uploads\/2022\/09\/education-banner-v.jpg\",\"contentUrl\":\"https:\/\/www.electroluxprofessional.com\/tr\/wp-content\/uploads\/2022\/09\/education-banner-v.jpg\",\"width\":1125,\"height\":1583,\"caption\":\"education-banner-v\"},{\"@type\":\"BreadcrumbList\",\"@id\":\"https:\/\/www.electroluxprofessional.com\/tr\/isletmenize-yonelik-cozumler\/egitim-eglence-ve-spor\/#breadcrumb\",\"itemListElement\":[{\"@type\":\"ListItem\",\"position\":1,\"name\":\"Home\",\"item\":\"https:\/\/www.electroluxprofessional.com\/tr\/\"},{\"@type\":\"ListItem\",\"position\":2,\"name\":\"\u0130\u015fletmenize Y\u00f6nelik \u00c7\u00f6z\u00fcmler\",\"item\":\"https:\/\/www.electroluxprofessional.com\/tr\/isletmenize-yonelik-cozumler\/\"},{\"@type\":\"ListItem\",\"position\":3,\"name\":\"E\u011fitim, E\u011flence ve Spor\"}]},{\"@type\":\"WebSite\",\"@id\":\"https:\/\/www.electroluxprofessional.com\/tr\/#website\",\"url\":\"https:\/\/www.electroluxprofessional.com\/tr\/\",\"name\":\"Electrolux Professional T\u00fcrkiye\",\"description\":\"\",\"potentialAction\":[{\"@type\":\"SearchAction\",\"target\":{\"@type\":\"EntryPoint\",\"urlTemplate\":\"https:\/\/www.electroluxprofessional.com\/tr\/?src={search_term_string}\"},\"query-input\":\"required name=search_term_string\"}],\"inLanguage\":\"tr\"}]}<\/script>\n<!-- \/ Yoast SEO plugin. -->","yoast_head_json":{"title":"E\u011fitim, E\u011flence ve Spor - Electrolux Professional T\u00fcrkiye","description":"E\u011fitim, e\u011flence ve spor tesisleri i\u00e7in s\u00fcrd\u00fcr\u00fclebilir mutfak ve \u00e7ama\u015f\u0131rhane \u00e7\u00f6z\u00fcmleri Electrolux Professional\u2019da.","robots":{"index":"index","follow":"follow","max-snippet":"max-snippet:-1","max-image-preview":"max-image-preview:large","max-video-preview":"max-video-preview:-1"},"canonical":"https:\/\/www.electroluxprofessional.com\/tr\/isletmenize-yonelik-cozumler\/egitim-eglence-ve-spor\/","og_locale":"tr_TR","og_type":"article","og_title":"E\u011fitim, E\u011flence ve Spor - Electrolux Professional T\u00fcrkiye","og_description":"E\u011fitim, e\u011flence ve spor tesisleri i\u00e7in s\u00fcrd\u00fcr\u00fclebilir mutfak ve \u00e7ama\u015f\u0131rhane \u00e7\u00f6z\u00fcmleri Electrolux Professional\u2019da.","og_url":"https:\/\/www.electroluxprofessional.com\/tr\/isletmenize-yonelik-cozumler\/egitim-eglence-ve-spor\/","og_site_name":"Electrolux Professional T\u00fcrkiye","article_modified_time":"2025-11-06T07:10:58+00:00","og_image":[{"width":1125,"height":1583,"url":"https:\/\/www.electroluxprofessional.com\/tr\/wp-content\/uploads\/2022\/09\/education-banner-v.jpg","type":"image\/jpeg"}],"twitter_card":"summary_large_image","twitter_misc":{"Tahmini okuma s\u00fcresi":"4 dakika"},"schema":{"@context":"https:\/\/schema.org","@graph":[{"@type":"WebPage","@id":"https:\/\/www.electroluxprofessional.com\/tr\/isletmenize-yonelik-cozumler\/egitim-eglence-ve-spor\/","url":"https:\/\/www.electroluxprofessional.com\/tr\/isletmenize-yonelik-cozumler\/egitim-eglence-ve-spor\/","name":"E\u011fitim, E\u011flence ve Spor - Electrolux Professional T\u00fcrkiye","isPartOf":{"@id":"https:\/\/www.electroluxprofessional.com\/tr\/#website"},"primaryImageOfPage":{"@id":"https:\/\/www.electroluxprofessional.com\/tr\/isletmenize-yonelik-cozumler\/egitim-eglence-ve-spor\/#primaryimage"},"image":{"@id":"https:\/\/www.electroluxprofessional.com\/tr\/isletmenize-yonelik-cozumler\/egitim-eglence-ve-spor\/#primaryimage"},"thumbnailUrl":"https:\/\/www.electroluxprofessional.com\/tr\/wp-content\/uploads\/2022\/09\/education-banner-v.jpg","datePublished":"2022-12-20T11:37:47+00:00","dateModified":"2025-11-06T07:10:58+00:00","description":"E\u011fitim, e\u011flence ve spor tesisleri i\u00e7in s\u00fcrd\u00fcr\u00fclebilir mutfak ve \u00e7ama\u015f\u0131rhane \u00e7\u00f6z\u00fcmleri Electrolux Professional\u2019da.","breadcrumb":{"@id":"https:\/\/www.electroluxprofessional.com\/tr\/isletmenize-yonelik-cozumler\/egitim-eglence-ve-spor\/#breadcrumb"},"inLanguage":"tr","potentialAction":[{"@type":"ReadAction","target":["https:\/\/www.electroluxprofessional.com\/tr\/isletmenize-yonelik-cozumler\/egitim-eglence-ve-spor\/"]}]},{"@type":"ImageObject","inLanguage":"tr","@id":"https:\/\/www.electroluxprofessional.com\/tr\/isletmenize-yonelik-cozumler\/egitim-eglence-ve-spor\/#primaryimage","url":"https:\/\/www.electroluxprofessional.com\/tr\/wp-content\/uploads\/2022\/09\/education-banner-v.jpg","contentUrl":"https:\/\/www.electroluxprofessional.com\/tr\/wp-content\/uploads\/2022\/09\/education-banner-v.jpg","width":1125,"height":1583,"caption":"education-banner-v"},{"@type":"BreadcrumbList","@id":"https:\/\/www.electroluxprofessional.com\/tr\/isletmenize-yonelik-cozumler\/egitim-eglence-ve-spor\/#breadcrumb","itemListElement":[{"@type":"ListItem","position":1,"name":"Home","item":"https:\/\/www.electroluxprofessional.com\/tr\/"},{"@type":"ListItem","position":2,"name":"\u0130\u015fletmenize Y\u00f6nelik \u00c7\u00f6z\u00fcmler","item":"https:\/\/www.electroluxprofessional.com\/tr\/isletmenize-yonelik-cozumler\/"},{"@type":"ListItem","position":3,"name":"E\u011fitim, E\u011flence ve Spor"}]},{"@type":"WebSite","@id":"https:\/\/www.electroluxprofessional.com\/tr\/#website","url":"https:\/\/www.electroluxprofessional.com\/tr\/","name":"Electrolux Professional T\u00fcrkiye","description":"","potentialAction":[{"@type":"SearchAction","target":{"@type":"EntryPoint","urlTemplate":"https:\/\/www.electroluxprofessional.com\/tr\/?src={search_term_string}"},"query-input":"required name=search_term_string"}],"inLanguage":"tr"}]}},"_links":{"self":[{"href":"https:\/\/www.electroluxprofessional.com\/tr\/wp-json\/wp\/v2\/pages\/14993"}],"collection":[{"href":"https:\/\/www.electroluxprofessional.com\/tr\/wp-json\/wp\/v2\/pages"}],"about":[{"href":"https:\/\/www.electroluxprofessional.com\/tr\/wp-json\/wp\/v2\/types\/page"}],"author":[{"embeddable":true,"href":"https:\/\/www.electroluxprofessional.com\/tr\/wp-json\/wp\/v2\/users\/40"}],"replies":[{"embeddable":true,"href":"https:\/\/www.electroluxprofessional.com\/tr\/wp-json\/wp\/v2\/comments?post=14993"}],"version-history":[{"count":9,"href":"https:\/\/www.electroluxprofessional.com\/tr\/wp-json\/wp\/v2\/pages\/14993\/revisions"}],"predecessor-version":[{"id":22959,"href":"https:\/\/www.electroluxprofessional.com\/tr\/wp-json\/wp\/v2\/pages\/14993\/revisions\/22959"}],"up":[{"embeddable":true,"href":"https:\/\/www.electroluxprofessional.com\/tr\/wp-json\/wp\/v2\/pages\/1508"}],"wp:featuredmedia":[{"embeddable":true,"href":"https:\/\/www.electroluxprofessional.com\/tr\/wp-json\/wp\/v2\/media\/14481"}],"wp:attachment":[{"href":"https:\/\/www.electroluxprofessional.com\/tr\/wp-json\/wp\/v2\/media?parent=14993"}],"curies":[{"name":"wp","href":"https:\/\/api.w.org\/{rel}","templated":true}]}}