{"id":14814,"date":"2022-11-30T12:48:41","date_gmt":"2022-11-30T12:48:41","guid":{"rendered":"https:\/\/www.electroluxprofessional.com\/tr\/?page_id=14814"},"modified":"2025-11-05T15:55:40","modified_gmt":"2025-11-05T15:55:40","slug":"isi-pompali-kurutma-makineleri","status":"publish","type":"page","link":"https:\/\/www.electroluxprofessional.com\/tr\/ticari-camasirhane-ekipmanlari\/isi-pompali-kurutma-makineleri\/","title":{"rendered":"Is\u0131 pompal\u0131 kurutma makineleri"},"content":{"rendered":"<p>[vc_row full_width=&#8221;electroluxpro-full-width-no-padding&#8221; equal_height=&#8221;yes&#8221; css=&#8221;.vc_custom_1604054607517{margin-top: -30px !important;border-top-width: -30px !important;padding-top: -30px !important;}&#8221;][vc_column][elx_full_banner title=&#8221;Line 6000 Is\u0131 Pompal\u0131 Kurutma Makineleri&#8221; background_image_media_library=&#8221;14813&#8243; background_image_media_library_mobile=&#8221;45088&#8243; link=&#8221;url:%23CONTACT|title:Daha%20fazlas%C4%B1n%C4%B1%20ke%C5%9Ffedin&#8221;][elx_download_block text=&#8221;Line 6000 Kurutma makineleri bro\u015f\u00fcr\u00fcn\u00fc indirin&#8221; document_type=&#8221;brochures&#8221; link=&#8221;https:\/\/tools.electroluxprofessional.com\/Mirror\/Doc\/CAT\/CAT_CAT8_1_5_1_1_EPR_Catalog_Accessories_and_Consumables_ENG_16032020_LR.pdf&#8221; background_color=&#8221;electrolux-blue&#8221; br_document_number=&#8221;A0100&#8243;][vc_empty_space][\/vc_column][\/vc_row][vc_row][vc_column][vc_empty_space][vc_column_text]<\/p>\n<h1 style=\"text-align: center;\"><strong>Is\u0131 Pompal\u0131 kurutma <\/strong><strong>makinelerimizle enerji t\u00fcketiminizde %65&#8217;e varan tasarruf sa\u011flay\u0131n.<\/strong><\/h1>\n<p>[\/vc_column_text][vc_empty_space][vc_row_inner][vc_column_inner width=&#8221;1\/2&#8243; css=&#8221;.vc_custom_1613330679677{padding-top: 50px !important;}&#8221;][vc_column_text]<\/p>\n<p style=\"text-align: left;\"><strong>Electrolux Professional<\/strong>&#8216;\u0131n<strong> yeni \u0131s\u0131 pompas\u0131 serisinin<\/strong> arkas\u0131ndaki geli\u015fmi\u015f teknolojisi, geleneksel bir kurutucuya k\u0131yasla kurutma s\u00fcresini etkilemeden <strong>enerji t\u00fcketiminde %65&#8217;e varan tasarruf sa\u011flar<\/strong> ve b\u00f6ylece <strong>\u00fcretkenli\u011fi etkilemeden \u00e7ama\u015f\u0131rlar\u0131n karbon izini azalt\u0131r<\/strong><\/p>\n<p>[\/vc_column_text][vc_empty_space][elx_button button_text=&#8221;NE KADAR TASARRUF EDEB\u0130LECE\u011e\u0130N\u0130Z\u0130 HESAPLAYIN&#8221; button_link=&#8221;url:%23calculator|title:Tasarrufu%20Hesaplay%C4%B1n&#8221;][\/vc_column_inner][vc_column_inner width=&#8221;1\/2&#8243;][vc_empty_space][vc_empty_space][vc_single_image image=&#8221;14812&#8243; alignment=&#8221;center&#8221;][vc_empty_space][\/vc_column_inner][\/vc_row_inner][\/vc_column][\/vc_row][vc_row][vc_column][vc_empty_space][vc_column_text]<\/p>\n<h2 style=\"text-align: center;\">Is\u0131 Pompas\u0131 teknolojisini neden tercih etmelisiniz?<\/h2>\n<p>[\/vc_column_text][vc_empty_space][\/vc_column][\/vc_row][vc_row][vc_column][vc_row_inner][vc_column_inner width=&#8221;1\/2&#8243;][vc_hoverbox image=&#8221;10435&#8243; primary_title=&#8221;Enerji tasarrufu&#8221; hover_title=&#8221;Enerji tasarrufu&#8221;]<\/p>\n<p style=\"text-align: center;\"><span class=\"jCAhz ChMk0b\"><span class=\"ryNqvb\">Line 6000 Is\u0131 Pompal\u0131 \u00c7ama\u015f\u0131r Kurutma Makineleri ile <strong>geleneksel \u00e7ama\u015f\u0131r kurutma makinelerine<\/strong> k\u0131yasla <strong>%65&#8217;e varan enerji tasarrufu sa\u011flayabilirsiniz.<\/strong><\/span><\/span> <span class=\"jCAhz ChMk0b\"><span class=\"ryNqvb\">Bu, Yat\u0131r\u0131m Getirinizi en \u00fcst d\u00fczeye \u00e7\u0131karman\u0131za olanak tan\u0131r.<\/span><\/span><\/p>\n<p>[\/vc_hoverbox][vc_empty_space][\/vc_column_inner][vc_column_inner width=&#8221;1\/2&#8243;][vc_hoverbox image=&#8221;10435&#8243; primary_title=&#8221;Y\u00fcksek verimlilik&#8221; hover_title=&#8221;Y\u00fcksek verimlilik&#8221;]<\/p>\n<p style=\"text-align: center;\"><span class=\"jCAhz ChMk0b\"><span class=\"ryNqvb\"><strong>Nem Dengesi<\/strong> \u00f6zelli\u011fi, kurutma i\u015flemi boyunca <strong>tam nem seviyesini \u00f6l\u00e7er<\/strong>.<\/span><\/span> <span class=\"jCAhz ChMk0b\"><span class=\"ryNqvb\">Bu i\u015flem <strong>giysiler kurudu\u011funda kurutucunun durmas\u0131n\u0131 sa\u011flayarak daha y\u00fcksek \u00fcretkenlik sa\u011flar<\/strong>.<\/span><\/span><\/p>\n<p>[\/vc_hoverbox][vc_empty_space][\/vc_column_inner][\/vc_row_inner][\/vc_column][vc_column][vc_row_inner][vc_column_inner width=&#8221;1\/2&#8243;][vc_hoverbox image=&#8221;10435&#8243; primary_title=&#8221;\u00c7evresel Etki&#8221; hover_title=&#8221;\u00c7evresel Etki&#8221;]<\/p>\n<p style=\"text-align: center;\"><span class=\"jCAhz ChMk0b\"><span class=\"ryNqvb\"><strong>Nem Dengesi<\/strong> \u00f6zelli\u011fi ve <strong>Tambur H\u0131z\u0131<\/strong> kontrol\u00fc, y\u00fcksek verimlilik, enerji tasarrufu ve dolay\u0131s\u0131yla <strong>k\u00fc\u00e7\u00fck karbon izi<\/strong> b\u0131rak\u0131r.<\/span><\/span> <span class=\"jCAhz ChMk0b\"><span class=\"ryNqvb\">Is\u0131 Pompal\u0131 Kurutma makineleri ayr\u0131ca geleneksel tamburlu kurutma makinelerinden daha sessizdir ve bu da kurutma makinelerinin zorlu bir ortamda kurulmas\u0131n\u0131 kolayla\u015ft\u0131r\u0131r.<\/span><\/span><\/p>\n<p>[\/vc_hoverbox][vc_empty_space][\/vc_column_inner][vc_column_inner width=&#8221;1\/2&#8243;][vc_hoverbox image=&#8221;10435&#8243; primary_title=&#8221;Kolay kurulum&#8221; hover_title=&#8221;Kolay kurulum&#8221;]<\/p>\n<p style=\"text-align: center;\">\u00a0 \u00a0Kaplad\u0131\u011f\u0131 alan ve Plug&amp;play \u201ctak&amp;\u00e7al\u0131\u015ft\u0131r\u201d \u00f6zelli\u011fi\u00a0sayesinde, \u0131s\u0131 pompal\u0131 kurutma makineleri hemen hemen her yere kurulabilir. Egzoz veya su so\u011futma sistemine gerek yoktur. B\u00f6ylece egzoz veya su so\u011futma sistemine\u00a0 gerek olmad\u0131\u011f\u0131 i\u00e7in kurulum maliyetlerinden tasarruf sa\u011flan\u0131r.<\/p>\n<p>[\/vc_hoverbox][vc_empty_space][\/vc_column_inner][\/vc_row_inner][\/vc_column][\/vc_row][vc_row el_id=&#8221;calculator&#8221;][vc_column][vc_empty_space][vc_column_text]<\/p>\n<h2 style=\"text-align: center;\">Geleneksel ve Is\u0131 Pompas\u0131 teknolojisini kar\u015f\u0131la\u015ft\u0131r\u0131n<\/h2>\n<p style=\"text-align: center;\">Is\u0131 pompas\u0131 teknolojisini ve elde edebilece\u011finiz yat\u0131r\u0131m getirisini se\u00e7erek ne kadar tasarruf edebilece\u011finizi ke\u015ffedin.<\/p>\n<p>[\/vc_column_text][vc_empty_space][elx_o2000_speedelight_calculator_dryers][\/vc_column][vc_column][elx_heading font_container=&#8221;h3&#8243; text_color=&#8221;inherit&#8221; text_align=&#8221;text-center&#8221;]Line 6000 Is\u0131 Pompal\u0131 Kurutma Makineleri[\/elx_heading][\/vc_column][\/vc_row][vc_row el_id=&#8221;contact&#8221;][vc_column][vc_empty_space][elx_heading font_container=&#8221;h3&#8243; text_color=&#8221;electrolux-blue&#8221; text_align=&#8221;text-center&#8221;]Ne kadar tasarruf edebilece\u011finizi g\u00f6rmek i\u00e7in uzmanlar\u0131m\u0131zla ileti\u015fime ge\u00e7in[\/elx_heading][vc_empty_space][elx_o2000_contact_us r=&#8221;Is\u0131 pompal\u0131 kurutma makineleri hakk\u0131nda daha fazla bilgi edinmek istiyorum&#8221; s=&#8221;Is\u0131 pompal\u0131 kurutucular hakk\u0131nda bilgi talebi&#8221; b=&#8221;laundry&#8221; l=&#8221;en&#8221; container=&#8221;elxcontactus1482242857&#8243;][\/vc_column][\/vc_row]<\/p>\n","protected":false},"excerpt":{"rendered":"<p>[vc_row full_width=&#8221;electroluxpro-full-width-no-padding&#8221; equal_height=&#8221;yes&#8221; css=&#8221;.vc_custom_1604054607517{margin-top: -30px !important;border-top-width: -30px !important;padding-top: -30px !important;}&#8221;][vc_column][elx_full_banner title=&#8221;Line 6000 Is\u0131 Pompal\u0131 Kurutma Makineleri&#8221; background_image_media_library=&#8221;14813&#8243; background_image_media_library_mobile=&#8221;45088&#8243; link=&#8221;url:%23CONTACT|title:Daha%20fazlas%C4%B1n%C4%B1%20ke%C5%9Ffedin&#8221;][elx_download_block text=&#8221;Line 6000 Kurutma makineleri bro\u015f\u00fcr\u00fcn\u00fc indirin&#8221; document_type=&#8221;brochures&#8221; link=&#8221;https:\/\/tools.electroluxprofessional.com\/Mirror\/Doc\/CAT\/CAT_CAT8_1_5_1_1_EPR_Catalog_Accessories_and_Consumables_ENG_16032020_LR.pdf&#8221; background_color=&#8221;electrolux-blue&#8221; br_document_number=&#8221;A0100&#8243;][vc_empty_space][\/vc_column][\/vc_row][vc_row][vc_column][vc_empty_space][vc_column_text] Is\u0131 Pompal\u0131 kurutma makinelerimizle enerji t\u00fcketiminizde %65&#8217;e varan tasarruf sa\u011flay\u0131n. [\/vc_column_text][vc_empty_space][vc_row_inner][vc_column_inner width=&#8221;1\/2&#8243; css=&#8221;.vc_custom_1613330679677{padding-top: 50px !important;}&#8221;][vc_column_text] Electrolux Professional&#8216;\u0131n yeni \u0131s\u0131 pompas\u0131 serisinin arkas\u0131ndaki geli\u015fmi\u015f teknolojisi, geleneksel bir [&hellip;]<\/p>\n","protected":false},"author":40,"featured_media":0,"parent":2006,"menu_order":0,"comment_status":"closed","ping_status":"closed","template":"","meta":{"footnotes":""},"class_list":["post-14814","page","type-page","status-publish","hentry"],"acf":[],"yoast_head":"<!-- This site is optimized with the Yoast SEO plugin v23.3 - https:\/\/yoast.com\/wordpress\/plugins\/seo\/ -->\n<title>Is\u0131 pompal\u0131 kurutma makineleri - Electrolux Professional T\u00fcrkiye<\/title>\n<meta name=\"description\" content=\"Yeni Line 6000 kurutma makineleri, enerji tasarrufu, h\u0131z ve ergonomiyle \u00f6ne \u00e7\u0131kar; kullan\u0131c\u0131 odakl\u0131 tasar\u0131m\u0131yla zahmetsiz deneyim sunar.\" \/>\n<meta name=\"robots\" content=\"index, follow, max-snippet:-1, max-image-preview:large, max-video-preview:-1\" \/>\n<link rel=\"canonical\" href=\"https:\/\/www.electroluxprofessional.com\/tr\/ticari-camasirhane-ekipmanlari\/isi-pompali-kurutma-makineleri\/\" \/>\n<meta property=\"og:locale\" content=\"tr_TR\" \/>\n<meta property=\"og:type\" content=\"article\" \/>\n<meta property=\"og:title\" content=\"Is\u0131 pompal\u0131 kurutma makineleri - Electrolux Professional T\u00fcrkiye\" \/>\n<meta property=\"og:description\" content=\"Yeni Line 6000 kurutma makineleri, enerji tasarrufu, h\u0131z ve ergonomiyle \u00f6ne \u00e7\u0131kar; kullan\u0131c\u0131 odakl\u0131 tasar\u0131m\u0131yla zahmetsiz deneyim sunar.\" \/>\n<meta property=\"og:url\" content=\"https:\/\/www.electroluxprofessional.com\/tr\/ticari-camasirhane-ekipmanlari\/isi-pompali-kurutma-makineleri\/\" \/>\n<meta property=\"og:site_name\" content=\"Electrolux Professional T\u00fcrkiye\" \/>\n<meta property=\"article:modified_time\" content=\"2025-11-05T15:55:40+00:00\" \/>\n<meta name=\"twitter:card\" content=\"summary_large_image\" \/>\n<meta name=\"twitter:label1\" content=\"Tahmini okuma s\u00fcresi\" \/>\n\t<meta name=\"twitter:data1\" content=\"2 dakika\" \/>\n<script type=\"application\/ld+json\" class=\"yoast-schema-graph\">{\"@context\":\"https:\/\/schema.org\",\"@graph\":[{\"@type\":\"WebPage\",\"@id\":\"https:\/\/www.electroluxprofessional.com\/tr\/ticari-camasirhane-ekipmanlari\/isi-pompali-kurutma-makineleri\/\",\"url\":\"https:\/\/www.electroluxprofessional.com\/tr\/ticari-camasirhane-ekipmanlari\/isi-pompali-kurutma-makineleri\/\",\"name\":\"Is\u0131 pompal\u0131 kurutma makineleri - Electrolux Professional T\u00fcrkiye\",\"isPartOf\":{\"@id\":\"https:\/\/www.electroluxprofessional.com\/tr\/#website\"},\"datePublished\":\"2022-11-30T12:48:41+00:00\",\"dateModified\":\"2025-11-05T15:55:40+00:00\",\"description\":\"Yeni Line 6000 kurutma makineleri, enerji tasarrufu, h\u0131z ve ergonomiyle \u00f6ne \u00e7\u0131kar; kullan\u0131c\u0131 odakl\u0131 tasar\u0131m\u0131yla zahmetsiz deneyim sunar.\",\"breadcrumb\":{\"@id\":\"https:\/\/www.electroluxprofessional.com\/tr\/ticari-camasirhane-ekipmanlari\/isi-pompali-kurutma-makineleri\/#breadcrumb\"},\"inLanguage\":\"tr\",\"potentialAction\":[{\"@type\":\"ReadAction\",\"target\":[\"https:\/\/www.electroluxprofessional.com\/tr\/ticari-camasirhane-ekipmanlari\/isi-pompali-kurutma-makineleri\/\"]}]},{\"@type\":\"BreadcrumbList\",\"@id\":\"https:\/\/www.electroluxprofessional.com\/tr\/ticari-camasirhane-ekipmanlari\/isi-pompali-kurutma-makineleri\/#breadcrumb\",\"itemListElement\":[{\"@type\":\"ListItem\",\"position\":1,\"name\":\"Home\",\"item\":\"https:\/\/www.electroluxprofessional.com\/tr\/\"},{\"@type\":\"ListItem\",\"position\":2,\"name\":\"\u00c7ama\u015f\u0131rhane\",\"item\":\"https:\/\/www.electroluxprofessional.com\/tr\/ticari-camasirhane-ekipmanlari\/\"},{\"@type\":\"ListItem\",\"position\":3,\"name\":\"Is\u0131 pompal\u0131 kurutma makineleri\"}]},{\"@type\":\"WebSite\",\"@id\":\"https:\/\/www.electroluxprofessional.com\/tr\/#website\",\"url\":\"https:\/\/www.electroluxprofessional.com\/tr\/\",\"name\":\"Electrolux Professional T\u00fcrkiye\",\"description\":\"\",\"potentialAction\":[{\"@type\":\"SearchAction\",\"target\":{\"@type\":\"EntryPoint\",\"urlTemplate\":\"https:\/\/www.electroluxprofessional.com\/tr\/?src={search_term_string}\"},\"query-input\":\"required name=search_term_string\"}],\"inLanguage\":\"tr\"}]}<\/script>\n<!-- \/ Yoast SEO plugin. -->","yoast_head_json":{"title":"Is\u0131 pompal\u0131 kurutma makineleri - Electrolux Professional T\u00fcrkiye","description":"Yeni Line 6000 kurutma makineleri, enerji tasarrufu, h\u0131z ve ergonomiyle \u00f6ne \u00e7\u0131kar; kullan\u0131c\u0131 odakl\u0131 tasar\u0131m\u0131yla zahmetsiz deneyim sunar.","robots":{"index":"index","follow":"follow","max-snippet":"max-snippet:-1","max-image-preview":"max-image-preview:large","max-video-preview":"max-video-preview:-1"},"canonical":"https:\/\/www.electroluxprofessional.com\/tr\/ticari-camasirhane-ekipmanlari\/isi-pompali-kurutma-makineleri\/","og_locale":"tr_TR","og_type":"article","og_title":"Is\u0131 pompal\u0131 kurutma makineleri - Electrolux Professional T\u00fcrkiye","og_description":"Yeni Line 6000 kurutma makineleri, enerji tasarrufu, h\u0131z ve ergonomiyle \u00f6ne \u00e7\u0131kar; kullan\u0131c\u0131 odakl\u0131 tasar\u0131m\u0131yla zahmetsiz deneyim sunar.","og_url":"https:\/\/www.electroluxprofessional.com\/tr\/ticari-camasirhane-ekipmanlari\/isi-pompali-kurutma-makineleri\/","og_site_name":"Electrolux Professional T\u00fcrkiye","article_modified_time":"2025-11-05T15:55:40+00:00","twitter_card":"summary_large_image","twitter_misc":{"Tahmini okuma s\u00fcresi":"2 dakika"},"schema":{"@context":"https:\/\/schema.org","@graph":[{"@type":"WebPage","@id":"https:\/\/www.electroluxprofessional.com\/tr\/ticari-camasirhane-ekipmanlari\/isi-pompali-kurutma-makineleri\/","url":"https:\/\/www.electroluxprofessional.com\/tr\/ticari-camasirhane-ekipmanlari\/isi-pompali-kurutma-makineleri\/","name":"Is\u0131 pompal\u0131 kurutma makineleri - Electrolux Professional T\u00fcrkiye","isPartOf":{"@id":"https:\/\/www.electroluxprofessional.com\/tr\/#website"},"datePublished":"2022-11-30T12:48:41+00:00","dateModified":"2025-11-05T15:55:40+00:00","description":"Yeni Line 6000 kurutma makineleri, enerji tasarrufu, h\u0131z ve ergonomiyle \u00f6ne \u00e7\u0131kar; kullan\u0131c\u0131 odakl\u0131 tasar\u0131m\u0131yla zahmetsiz deneyim sunar.","breadcrumb":{"@id":"https:\/\/www.electroluxprofessional.com\/tr\/ticari-camasirhane-ekipmanlari\/isi-pompali-kurutma-makineleri\/#breadcrumb"},"inLanguage":"tr","potentialAction":[{"@type":"ReadAction","target":["https:\/\/www.electroluxprofessional.com\/tr\/ticari-camasirhane-ekipmanlari\/isi-pompali-kurutma-makineleri\/"]}]},{"@type":"BreadcrumbList","@id":"https:\/\/www.electroluxprofessional.com\/tr\/ticari-camasirhane-ekipmanlari\/isi-pompali-kurutma-makineleri\/#breadcrumb","itemListElement":[{"@type":"ListItem","position":1,"name":"Home","item":"https:\/\/www.electroluxprofessional.com\/tr\/"},{"@type":"ListItem","position":2,"name":"\u00c7ama\u015f\u0131rhane","item":"https:\/\/www.electroluxprofessional.com\/tr\/ticari-camasirhane-ekipmanlari\/"},{"@type":"ListItem","position":3,"name":"Is\u0131 pompal\u0131 kurutma makineleri"}]},{"@type":"WebSite","@id":"https:\/\/www.electroluxprofessional.com\/tr\/#website","url":"https:\/\/www.electroluxprofessional.com\/tr\/","name":"Electrolux Professional T\u00fcrkiye","description":"","potentialAction":[{"@type":"SearchAction","target":{"@type":"EntryPoint","urlTemplate":"https:\/\/www.electroluxprofessional.com\/tr\/?src={search_term_string}"},"query-input":"required name=search_term_string"}],"inLanguage":"tr"}]}},"_links":{"self":[{"href":"https:\/\/www.electroluxprofessional.com\/tr\/wp-json\/wp\/v2\/pages\/14814"}],"collection":[{"href":"https:\/\/www.electroluxprofessional.com\/tr\/wp-json\/wp\/v2\/pages"}],"about":[{"href":"https:\/\/www.electroluxprofessional.com\/tr\/wp-json\/wp\/v2\/types\/page"}],"author":[{"embeddable":true,"href":"https:\/\/www.electroluxprofessional.com\/tr\/wp-json\/wp\/v2\/users\/40"}],"replies":[{"embeddable":true,"href":"https:\/\/www.electroluxprofessional.com\/tr\/wp-json\/wp\/v2\/comments?post=14814"}],"version-history":[{"count":28,"href":"https:\/\/www.electroluxprofessional.com\/tr\/wp-json\/wp\/v2\/pages\/14814\/revisions"}],"predecessor-version":[{"id":22942,"href":"https:\/\/www.electroluxprofessional.com\/tr\/wp-json\/wp\/v2\/pages\/14814\/revisions\/22942"}],"up":[{"embeddable":true,"href":"https:\/\/www.electroluxprofessional.com\/tr\/wp-json\/wp\/v2\/pages\/2006"}],"wp:attachment":[{"href":"https:\/\/www.electroluxprofessional.com\/tr\/wp-json\/wp\/v2\/media?parent=14814"}],"curies":[{"name":"wp","href":"https:\/\/api.w.org\/{rel}","templated":true}]}}