{"id":14663,"date":"2022-11-03T09:42:57","date_gmt":"2022-11-03T09:42:57","guid":{"rendered":"https:\/\/www.electroluxprofessional.com\/tr\/?page_id=14663"},"modified":"2025-05-20T14:36:15","modified_gmt":"2025-05-20T14:36:15","slug":"rise-safe-laundry","status":"publish","type":"page","link":"https:\/\/www.electroluxprofessional.com\/tr\/rise-safe-laundry\/","title":{"rendered":"rise-safe-laundry"},"content":{"rendered":"<p>[vc_row full_width=&#8221;electroluxpro-full-width-no-padding&#8221; equal_height=&#8221;yes&#8221; css=&#8221;.vc_custom_1604054607517{margin-top: -30px !important;border-top-width: -30px !important;padding-top: -30px !important;}&#8221;][vc_column][elx_full_banner title=&#8221;G\u00fcvenli* \u00e7ama\u015f\u0131rhane i\u015fletmesinde yeni d\u00f6nem&#8221; background_image_media_library=&#8221;14662&#8243; background_image_media_library_mobile=&#8221;33969&#8243; link=&#8221;url:%23contact|title:Contact%20us||&#8221;][\/vc_column][\/vc_row][vc_row][vc_column][vc_empty_space][elx_heading font_container=&#8221;h1&#8243; text_color=&#8221;electrolux-blue&#8221; text_align=&#8221;text-center&#8221;]G\u00f6r\u00fcnmez d\u00fc\u015fmanlarla m\u00fccadele edin[\/elx_heading][vc_empty_space][vc_column_text]<\/p>\n<p style=\"text-align: center;\">Son d\u00f6nemde <strong>d\u00fcnya genelinde ya\u015fanan sa\u011fl\u0131k olaylar\u0131<\/strong> sebebiyle benzeri g\u00f6r\u00fclmemi\u015f sorunlarla kar\u015f\u0131 kar\u015f\u0131ya kald\u0131k. Art\u0131k \u00f6nceli\u011fimiz hem sizin sa\u011fl\u0131\u011f\u0131n\u0131z hem de m\u00fc\u015fterileriniz ve \u00e7al\u0131\u015fanlar\u0131n\u0131z\u0131n sa\u011fl\u0131\u011f\u0131n\u0131n korunmas\u0131 konusunda g\u00fcvence vererek i\u015finizi her zaman m\u00fcmk\u00fcn olan en iyi \u015fekilde y\u00fcr\u00fctmenizi sa\u011flamak.<\/p>\n<p>[\/vc_column_text][vc_empty_space][\/vc_column][\/vc_row][vc_row full_width=&#8221;electroluxpro-full-width&#8221; css=&#8221;.vc_custom_1611845778413{background-color: #d8d8d8 !important;}&#8221;][vc_column width=&#8221;1\/5&#8243;][vc_empty_space][vc_single_image image=&#8221;10507&#8243; img_size=&#8221;medium&#8221;][vc_empty_space][\/vc_column][vc_column width=&#8221;2\/5&#8243;][vc_empty_space][vc_column_text]<\/p>\n<h2>Electrolux Professional<\/h2>\n<p>[\/vc_column_text][vc_empty_space][vc_column_text]y\u0131kama s\u0131ras\u0131nda giysi ve kuma\u015flardaki patojenik mikroorganizmalar\u0131n etkisiz<br \/>\nhale getirilmesi i\u00e7in en uygun protokol\u00fcn tespiti ve do\u011frulanmas\u0131 i\u00e7in Rise AB ile i\u015fbirli\u011fi yap\u0131yor.[\/vc_column_text][vc_empty_space][elx_download_block text=&#8221;RiSe bro\u015f\u00fcr\u00fcn\u00fc indirin&#8221; file_picker=&#8221;35281&#8243; background_color=&#8221;electrolux-blue&#8221;][\/vc_column][vc_column width=&#8221;2\/5&#8243;][vc_empty_space][vc_empty_space][vc_column_text]<\/p>\n<h2 style=\"text-align: center;\"><strong><img loading=\"lazy\" decoding=\"async\" class=\"alignnone wp-image-33962 \" src=\"https:\/\/www.electroluxprofessional.com\/wp-content\/uploads\/2021\/01\/cross.png\" alt=\"\" width=\"83\" height=\"78\" \/><\/strong><\/h2>\n<h2 style=\"text-align: center;\">G\u00fcvenilir hijyen<strong><br \/>\n<\/strong><\/h2>\n<p style=\"text-align: center;\">\u00c7ama\u015f\u0131rlar\u0131n her y\u0131kamada etkili \u015fekilde dezenfekte<br \/>\nedilece\u011finden \u015f\u00fcpheniz olmas\u0131n.<\/p>\n<p>[\/vc_column_text][vc_empty_space][\/vc_column][\/vc_row][vc_row][vc_column width=&#8221;1\/2&#8243;][vc_empty_space][vc_column_text]<\/p>\n<p style=\"text-align: left;\">\u0130sve\u00e7 merkezli ara\u015ft\u0131rma enstit\u00fcs\u00fc ve inovasyon orta\u011f\u0131<strong> RISE,<\/strong> sanayi, akademi ve kamu sekt\u00f6rlerinde uluslararas\u0131 i\u015fbirli\u011fi programlar\u0131 ile \u0130sve\u00e7 i\u015f d\u00fcnyas\u0131n\u0131n, uluslararas\u0131 d\u00fczeydeki rekabet g\u00fcc\u00fcn\u00fc korumas\u0131n\u0131 sa\u011flarken s\u00fcrd\u00fcr\u00fclebilir bir toplum yolunda da katk\u0131lar sunuyor.<\/p>\n<p style=\"text-align: left;\">Kurum 2800 \u00e7al\u0131\u015fan\u0131yla her t\u00fcrl\u00fc inovasyon s\u00fcrecini y\u00fcr\u00fct\u00fcyor ve destekliyor.<\/p>\n<p>[\/vc_column_text][vc_empty_space][\/vc_column][vc_column width=&#8221;1\/2&#8243;][vc_empty_space][vc_column_text]<\/p>\n<p style=\"text-align: left;\"><strong>RISE<\/strong>, gelece\u011fe haz\u0131r teknolojiler, \u00fcr\u00fcnler ve hizmetlerin geli\u015ftirilmesi i\u00e7in benzersiz uzmanl\u0131\u011f\u0131n\u0131n yan\u0131 s\u0131ra 100\u2019\u00fc a\u015fk\u0131n test ve demo ortam\u0131 sunan ba\u011f\u0131ms\u0131z bir devlet ara\u015ft\u0131rma enstit\u00fcs\u00fcd\u00fcr.<\/p>\n<p style=\"text-align: left;\">Electrolux Professional, \u00e7ama\u015f\u0131rhane sekt\u00f6r\u00fcnde \u00f6zel \u00e7\u00f6z\u00fcmlerin geli\u015ftirilmesi ve test edilmesi s\u00fcre\u00e7lerinde RISE ile uzun zamand\u0131r i\u015fbirli\u011fi yap\u0131yor.<\/p>\n<p>[\/vc_column_text][vc_empty_space][\/vc_column][\/vc_row][vc_row full_width=&#8221;electroluxpro-full-width-no-padding&#8221;][vc_column][elx_hero_slider label_text_color=&#8221;inherit&#8221; images=&#8221;14660&#8243;][elx_heading text_color=&#8221;inherit&#8221;]Electrolux Professional Global Geli\u015fmi\u015f Hijyen program paketiyle geli\u015ftirilen Line 6000,[\/elx_heading][vc_column_text]y\u0131kama ve kurutma veya y\u0131kama ve \u00fct\u00fcleme programlar\u0131n\u0131 bir araya getirerek SARS-CoV-2 vir\u00fcslerini 6 log birim* d\u00fczeyinde etkisiz hale getirir.<br \/>\nElectrolux Professional Global Geli\u015fmi\u015f Hijyen programlar\u0131 sayesinde her t\u00fcrden \u00e7ama\u015f\u0131rhanede temiz ve dezenfekte edilmi\u015f \u00e7ama\u015f\u0131rlar\u0131 sunabilirsiniz.[\/vc_column_text][\/elx_hero_slider][\/vc_column][\/vc_row][vc_row css=&#8221;.vc_custom_1611801765238{background-color: #e2e2e2 !important;}&#8221;][vc_column][vc_empty_space][elx_heading font_container=&#8221;h1&#8243; text_color=&#8221;electrolux-blue&#8221; text_align=&#8221;text-center&#8221;]\u00c7ama\u015f\u0131rhanenizde hijyen g\u00fcvencesi sunun[\/elx_heading][vc_empty_space][vc_column_text]<\/p>\n<p style=\"text-align: center;\">\u00a0G\u00fcn\u00fcm\u00fczde ticari \u00e7ama\u015f\u0131rhane, ortak kullan\u0131ml\u0131 mesken, otel veya hastane gibi \u00e7ama\u015f\u0131rhanesi bulunan her yerde \u00e7ama\u015f\u0131r dezenfeksiyonuna y\u00f6nelik b\u00fcy\u00fck bir talep s\u00f6z konusu. Electrolux Professional\u2019\u0131n makine, program, deterjan ve takip sistemi dahil b\u00fct\u00fcnc\u00fcl bir s\u00fcre\u00e7 sunan \u00e7\u00f6z\u00fcmleri ile her t\u00fcrl\u00fc \u00e7ama\u015f\u0131r ve kuma\u015fta maksimum dezenfeksiyonu sa\u011flayabilirsiniz.<\/p>\n<p>[\/vc_column_text][vc_empty_space][\/vc_column][\/vc_row][vc_row full_width=&#8221;electroluxpro-container-no-padding&#8221; css=&#8221;.vc_custom_1611802906384{padding-right: 50px !important;}&#8221;][vc_column width=&#8221;1\/4&#8243;][vc_empty_space][elx_heading text_color=&#8221;inherit&#8221;]Elinizin alt\u0131ndaki tam kapsaml\u0131 \u00e7\u00f6z\u00fcm[\/elx_heading][vc_empty_space][vc_column_text]<strong>Tertemiz \u00e7ama\u015f\u0131rlar\u0131n\u00a0 konforu ve kan\u0131tlanm\u0131\u015f hijyen standard\u0131 sayesinde m\u00fc\u015fterilerinizin i\u00e7i rahat olsun.<\/strong>[\/vc_column_text][vc_empty_space][\/vc_column][vc_column width=&#8221;3\/4&#8243;][vc_empty_space][vc_column_text]<strong>Electrolux Professional Global Geli\u015fmi\u015f Hijyen programlar\u0131 ve hijyen protokollerinin kullan\u0131ld\u0131\u011f\u0131 Line 6000 \u00e7ama\u015f\u0131r ve kurutma makineleri ve \u00fct\u00fcler<\/strong>, \u00e7ama\u015f\u0131rhanenizi i\u00e7iniz rahat \u015fekilde y\u00f6netmeniz i\u00e7in gereken her \u015feyi size sa\u011fl\u0131yor.<\/p>\n<p>Ar-Ge laboratuvarlar\u0131m\u0131zda ger\u00e7ekle\u015ftirilen kapsaml\u0131 testler ve<br \/>\nRISE analizlerinin sundu\u011fu detayl\u0131 bilimsel kan\u0131tlar sayesinde en isabetli sonu\u00e7lar\u0131 elde etmek i\u00e7in s\u0131cakl\u0131k, zaman, su seviyesi ve \u00e7ama\u015f\u0131r y\u00fck\u00fc dahil t\u00fcm parametrelerde hassas ayarlar yapt\u0131k.<\/p>\n<p>Bu sayede size, <strong>fabrikadan gelir gelmez do\u011frudan prize tak\u0131p kullanabilece\u011finiz, test edilmi\u015f, \u00f6zelle\u015ftirilmi\u015f ve do\u011frulanm\u0131\u015f sonu\u00e7larla hijyen garantisi veren<\/strong> cihazlar sunuyoruz. Mevcut program \u00f6zellikleriyle uyumlu olmayan baz\u0131 kuma\u015flar ayr\u0131 olarak de\u011ferlendirilecektir.[\/vc_column_text][vc_empty_space][\/vc_column][\/vc_row][vc_row full_width=&#8221;electroluxpro-full-width-no-padding&#8221;][vc_column][elx_hero_slider text_position=&#8221;hero_slider_text_align_right&#8221; label_text_color=&#8221;inherit&#8221; images=&#8221;14661&#8243;][elx_heading text_color=&#8221;inherit&#8221;]* 6-log birim inaktivasyon, viral bula\u015f\u0131c\u0131l\u0131\u011f\u0131n %99,9999 oran\u0131nda azalmas\u0131 anlam\u0131na gelir.[\/elx_heading][vc_column_text]Line 6000 cihazlarla y\u0131kanan kuma\u015flarda <strong>SARS-CoV-2<\/strong> vir\u00fcs say\u0131s\u0131n\u0131n etkili bir \u015fekilde azald\u0131\u011f\u0131, RISE (\u0130sve\u00e7 Ara\u015ft\u0131rma Enstit\u00fcs\u00fc) taraf\u0131ndan Electrolux Professional laboratuvar verilerine dayal\u0131 olarak do\u011frulanm\u0131\u015ft\u0131r.[\/vc_column_text][\/elx_hero_slider][\/vc_column][\/vc_row][vc_row el_id=&#8221;contact&#8221;][vc_column][vc_empty_space][elx_heading font_container=&#8221;h3&#8243; text_color=&#8221;electrolux-blue&#8221; text_align=&#8221;text-center&#8221;]Daha fazlas\u0131n\u0131 ke\u015ffedin. Uzmanlar\u0131m\u0131zla ileti\u015fime ge\u00e7in[\/elx_heading][elx_o2000_contact_us s=&#8221;Request of information about multi-housing laundry&#8221; b=&#8221;laundry&#8221; container=&#8221;elxcontactus1482242857&#8243; r=&#8221;I would like to find out more about multi-housing laundry&#8221; l=&#8221;en&#8221;][\/vc_column][\/vc_row]<\/p>\n","protected":false},"excerpt":{"rendered":"<p>[vc_row full_width=&#8221;electroluxpro-full-width-no-padding&#8221; equal_height=&#8221;yes&#8221; css=&#8221;.vc_custom_1604054607517{margin-top: -30px !important;border-top-width: -30px !important;padding-top: -30px !important;}&#8221;][vc_column][elx_full_banner title=&#8221;G\u00fcvenli* \u00e7ama\u015f\u0131rhane i\u015fletmesinde yeni d\u00f6nem&#8221; background_image_media_library=&#8221;14662&#8243; background_image_media_library_mobile=&#8221;33969&#8243; link=&#8221;url:%23contact|title:Contact%20us||&#8221;][\/vc_column][\/vc_row][vc_row][vc_column][vc_empty_space][elx_heading font_container=&#8221;h1&#8243; text_color=&#8221;electrolux-blue&#8221; text_align=&#8221;text-center&#8221;]G\u00f6r\u00fcnmez d\u00fc\u015fmanlarla m\u00fccadele edin[\/elx_heading][vc_empty_space][vc_column_text] Son d\u00f6nemde d\u00fcnya genelinde ya\u015fanan sa\u011fl\u0131k olaylar\u0131 sebebiyle benzeri g\u00f6r\u00fclmemi\u015f sorunlarla kar\u015f\u0131 kar\u015f\u0131ya kald\u0131k. Art\u0131k \u00f6nceli\u011fimiz hem sizin sa\u011fl\u0131\u011f\u0131n\u0131z hem de m\u00fc\u015fterileriniz ve \u00e7al\u0131\u015fanlar\u0131n\u0131z\u0131n sa\u011fl\u0131\u011f\u0131n\u0131n korunmas\u0131 konusunda g\u00fcvence vererek i\u015finizi her [&hellip;]<\/p>\n","protected":false},"author":40,"featured_media":14659,"parent":0,"menu_order":0,"comment_status":"closed","ping_status":"closed","template":"","meta":{"footnotes":""},"class_list":["post-14663","page","type-page","status-publish","has-post-thumbnail","hentry"],"acf":[],"yoast_head":"<!-- This site is optimized with the Yoast SEO plugin v23.3 - https:\/\/yoast.com\/wordpress\/plugins\/seo\/ -->\n<title>rise-safe-laundry - Electrolux Professional T\u00fcrkiye<\/title>\n<meta name=\"description\" content=\"Today our priority is to provide you, your customers and your staff with theconfidence that your well-being is safeguarded allowing you to operate your businessin the best possible way at all times.\" \/>\n<meta name=\"robots\" content=\"index, follow, max-snippet:-1, max-image-preview:large, max-video-preview:-1\" \/>\n<link rel=\"canonical\" href=\"https:\/\/www.electroluxprofessional.com\/tr\/rise-safe-laundry\/\" \/>\n<meta property=\"og:locale\" content=\"tr_TR\" \/>\n<meta property=\"og:type\" content=\"article\" \/>\n<meta property=\"og:title\" content=\"rise-safe-laundry - Electrolux Professional T\u00fcrkiye\" \/>\n<meta property=\"og:description\" content=\"Today our priority is to provide you, your customers and your staff with theconfidence that your well-being is safeguarded allowing you to operate your businessin the best possible way at all times.\" \/>\n<meta property=\"og:url\" content=\"https:\/\/www.electroluxprofessional.com\/tr\/rise-safe-laundry\/\" \/>\n<meta property=\"og:site_name\" content=\"Electrolux Professional T\u00fcrkiye\" \/>\n<meta property=\"article:modified_time\" content=\"2025-05-20T14:36:15+00:00\" \/>\n<meta name=\"twitter:card\" content=\"summary_large_image\" \/>\n<meta name=\"twitter:image\" content=\"https:\/\/www.electroluxprofessional.com\/tr\/wp-content\/uploads\/2022\/11\/rise.jpg\" \/>\n<meta name=\"twitter:label1\" content=\"Tahmini okuma s\u00fcresi\" \/>\n\t<meta name=\"twitter:data1\" content=\"4 dakika\" \/>\n<script type=\"application\/ld+json\" class=\"yoast-schema-graph\">{\"@context\":\"https:\/\/schema.org\",\"@graph\":[{\"@type\":\"WebPage\",\"@id\":\"https:\/\/www.electroluxprofessional.com\/tr\/rise-safe-laundry\/\",\"url\":\"https:\/\/www.electroluxprofessional.com\/tr\/rise-safe-laundry\/\",\"name\":\"rise-safe-laundry - Electrolux Professional T\u00fcrkiye\",\"isPartOf\":{\"@id\":\"https:\/\/www.electroluxprofessional.com\/tr\/#website\"},\"primaryImageOfPage\":{\"@id\":\"https:\/\/www.electroluxprofessional.com\/tr\/rise-safe-laundry\/#primaryimage\"},\"image\":{\"@id\":\"https:\/\/www.electroluxprofessional.com\/tr\/rise-safe-laundry\/#primaryimage\"},\"thumbnailUrl\":\"https:\/\/www.electroluxprofessional.com\/tr\/wp-content\/uploads\/2022\/11\/rise.jpg\",\"datePublished\":\"2022-11-03T09:42:57+00:00\",\"dateModified\":\"2025-05-20T14:36:15+00:00\",\"description\":\"Today our priority is to provide you, your customers and your staff with theconfidence that your well-being is safeguarded allowing you to operate your businessin the best possible way at all times.\",\"breadcrumb\":{\"@id\":\"https:\/\/www.electroluxprofessional.com\/tr\/rise-safe-laundry\/#breadcrumb\"},\"inLanguage\":\"tr\",\"potentialAction\":[{\"@type\":\"ReadAction\",\"target\":[\"https:\/\/www.electroluxprofessional.com\/tr\/rise-safe-laundry\/\"]}]},{\"@type\":\"ImageObject\",\"inLanguage\":\"tr\",\"@id\":\"https:\/\/www.electroluxprofessional.com\/tr\/rise-safe-laundry\/#primaryimage\",\"url\":\"https:\/\/www.electroluxprofessional.com\/tr\/wp-content\/uploads\/2022\/11\/rise.jpg\",\"contentUrl\":\"https:\/\/www.electroluxprofessional.com\/tr\/wp-content\/uploads\/2022\/11\/rise.jpg\",\"width\":200,\"height\":200,\"caption\":\"rise\"},{\"@type\":\"BreadcrumbList\",\"@id\":\"https:\/\/www.electroluxprofessional.com\/tr\/rise-safe-laundry\/#breadcrumb\",\"itemListElement\":[{\"@type\":\"ListItem\",\"position\":1,\"name\":\"Home\",\"item\":\"https:\/\/www.electroluxprofessional.com\/tr\/\"},{\"@type\":\"ListItem\",\"position\":2,\"name\":\"rise-safe-laundry\"}]},{\"@type\":\"WebSite\",\"@id\":\"https:\/\/www.electroluxprofessional.com\/tr\/#website\",\"url\":\"https:\/\/www.electroluxprofessional.com\/tr\/\",\"name\":\"Electrolux Professional T\u00fcrkiye\",\"description\":\"\",\"potentialAction\":[{\"@type\":\"SearchAction\",\"target\":{\"@type\":\"EntryPoint\",\"urlTemplate\":\"https:\/\/www.electroluxprofessional.com\/tr\/?src={search_term_string}\"},\"query-input\":\"required name=search_term_string\"}],\"inLanguage\":\"tr\"}]}<\/script>\n<!-- \/ Yoast SEO plugin. -->","yoast_head_json":{"title":"rise-safe-laundry - Electrolux Professional T\u00fcrkiye","description":"Today our priority is to provide you, your customers and your staff with theconfidence that your well-being is safeguarded allowing you to operate your businessin the best possible way at all times.","robots":{"index":"index","follow":"follow","max-snippet":"max-snippet:-1","max-image-preview":"max-image-preview:large","max-video-preview":"max-video-preview:-1"},"canonical":"https:\/\/www.electroluxprofessional.com\/tr\/rise-safe-laundry\/","og_locale":"tr_TR","og_type":"article","og_title":"rise-safe-laundry - Electrolux Professional T\u00fcrkiye","og_description":"Today our priority is to provide you, your customers and your staff with theconfidence that your well-being is safeguarded allowing you to operate your businessin the best possible way at all times.","og_url":"https:\/\/www.electroluxprofessional.com\/tr\/rise-safe-laundry\/","og_site_name":"Electrolux Professional T\u00fcrkiye","article_modified_time":"2025-05-20T14:36:15+00:00","twitter_card":"summary_large_image","twitter_image":"https:\/\/www.electroluxprofessional.com\/tr\/wp-content\/uploads\/2022\/11\/rise.jpg","twitter_misc":{"Tahmini okuma s\u00fcresi":"4 dakika"},"schema":{"@context":"https:\/\/schema.org","@graph":[{"@type":"WebPage","@id":"https:\/\/www.electroluxprofessional.com\/tr\/rise-safe-laundry\/","url":"https:\/\/www.electroluxprofessional.com\/tr\/rise-safe-laundry\/","name":"rise-safe-laundry - Electrolux Professional T\u00fcrkiye","isPartOf":{"@id":"https:\/\/www.electroluxprofessional.com\/tr\/#website"},"primaryImageOfPage":{"@id":"https:\/\/www.electroluxprofessional.com\/tr\/rise-safe-laundry\/#primaryimage"},"image":{"@id":"https:\/\/www.electroluxprofessional.com\/tr\/rise-safe-laundry\/#primaryimage"},"thumbnailUrl":"https:\/\/www.electroluxprofessional.com\/tr\/wp-content\/uploads\/2022\/11\/rise.jpg","datePublished":"2022-11-03T09:42:57+00:00","dateModified":"2025-05-20T14:36:15+00:00","description":"Today our priority is to provide you, your customers and your staff with theconfidence that your well-being is safeguarded allowing you to operate your businessin the best possible way at all times.","breadcrumb":{"@id":"https:\/\/www.electroluxprofessional.com\/tr\/rise-safe-laundry\/#breadcrumb"},"inLanguage":"tr","potentialAction":[{"@type":"ReadAction","target":["https:\/\/www.electroluxprofessional.com\/tr\/rise-safe-laundry\/"]}]},{"@type":"ImageObject","inLanguage":"tr","@id":"https:\/\/www.electroluxprofessional.com\/tr\/rise-safe-laundry\/#primaryimage","url":"https:\/\/www.electroluxprofessional.com\/tr\/wp-content\/uploads\/2022\/11\/rise.jpg","contentUrl":"https:\/\/www.electroluxprofessional.com\/tr\/wp-content\/uploads\/2022\/11\/rise.jpg","width":200,"height":200,"caption":"rise"},{"@type":"BreadcrumbList","@id":"https:\/\/www.electroluxprofessional.com\/tr\/rise-safe-laundry\/#breadcrumb","itemListElement":[{"@type":"ListItem","position":1,"name":"Home","item":"https:\/\/www.electroluxprofessional.com\/tr\/"},{"@type":"ListItem","position":2,"name":"rise-safe-laundry"}]},{"@type":"WebSite","@id":"https:\/\/www.electroluxprofessional.com\/tr\/#website","url":"https:\/\/www.electroluxprofessional.com\/tr\/","name":"Electrolux Professional T\u00fcrkiye","description":"","potentialAction":[{"@type":"SearchAction","target":{"@type":"EntryPoint","urlTemplate":"https:\/\/www.electroluxprofessional.com\/tr\/?src={search_term_string}"},"query-input":"required name=search_term_string"}],"inLanguage":"tr"}]}},"_links":{"self":[{"href":"https:\/\/www.electroluxprofessional.com\/tr\/wp-json\/wp\/v2\/pages\/14663"}],"collection":[{"href":"https:\/\/www.electroluxprofessional.com\/tr\/wp-json\/wp\/v2\/pages"}],"about":[{"href":"https:\/\/www.electroluxprofessional.com\/tr\/wp-json\/wp\/v2\/types\/page"}],"author":[{"embeddable":true,"href":"https:\/\/www.electroluxprofessional.com\/tr\/wp-json\/wp\/v2\/users\/40"}],"replies":[{"embeddable":true,"href":"https:\/\/www.electroluxprofessional.com\/tr\/wp-json\/wp\/v2\/comments?post=14663"}],"version-history":[{"count":13,"href":"https:\/\/www.electroluxprofessional.com\/tr\/wp-json\/wp\/v2\/pages\/14663\/revisions"}],"predecessor-version":[{"id":19728,"href":"https:\/\/www.electroluxprofessional.com\/tr\/wp-json\/wp\/v2\/pages\/14663\/revisions\/19728"}],"wp:featuredmedia":[{"embeddable":true,"href":"https:\/\/www.electroluxprofessional.com\/tr\/wp-json\/wp\/v2\/media\/14659"}],"wp:attachment":[{"href":"https:\/\/www.electroluxprofessional.com\/tr\/wp-json\/wp\/v2\/media?parent=14663"}],"curies":[{"name":"wp","href":"https:\/\/api.w.org\/{rel}","templated":true}]}}