{"id":1463,"date":"2016-05-23T08:40:23","date_gmt":"2016-05-23T08:40:23","guid":{"rendered":"https:\/\/www.electroluxprofessional.com\/?page_id=1344"},"modified":"2025-07-30T12:36:38","modified_gmt":"2025-07-30T12:36:38","slug":"guvenlik","status":"publish","type":"page","link":"https:\/\/www.electroluxprofessional.com\/tr\/daha-iyi-surdurulebilirlik\/guvenlik\/","title":{"rendered":"Bir g\u00fcvenlik k\u00fclt\u00fcr\u00fc"},"content":{"rendered":"<p>[vc_row full_width=&#8221;electroluxpro-full-width-no-padding&#8221;][vc_column][elx_hero_slider label_text_color=&#8221;inherit&#8221; images=&#8221;652&#8243;][elx_heading font_container=&#8221;h1&#8243; font_size=&#8221;h2&#8243; text_color=&#8221;inherit&#8221;]Garanti alt\u0131nda bir g\u00fcvenlik k\u00fclt\u00fcr\u00fc[\/elx_heading][vc_column_text]<\/p>\n<p class=\"p1\">Electrolux Professional, sa\u011fl\u0131k ve g\u00fcvenlik konusundaki \u00f6l\u00e7\u00fclebilir ve somut ba\u011fl\u0131l\u0131\u011f\u0131yla da g\u00f6sterdi\u011fi gibi, birinci s\u0131n\u0131f, dayan\u0131kl\u0131 ve tarafs\u0131z bir g\u00fcvenlik sa\u011flar.<\/p>\n<p>[\/vc_column_text][\/elx_hero_slider][\/vc_column][\/vc_row][vc_row][vc_column][elx_heading text_color=&#8221;inherit&#8221; text_align=&#8221;text-center&#8221;]Sa\u011fl\u0131kl\u0131 b\u00fcy\u00fcmek, huzur i\u00e7inde \u00e7al\u0131\u015fmak, emniyette hissetmek ve korunmak.[\/elx_heading][\/vc_column][\/vc_row][vc_row full_width=&#8221;electroluxpro-full-width&#8221; equal_height=&#8221;yes&#8221;][vc_column width=&#8221;1\/2&#8243;][elx_image_block background_image=&#8221;646&#8243; minimum_height=&#8221;500px&#8221;][\/vc_column][vc_column width=&#8221;1\/2&#8243;][elx_simple_block background_color=&#8221;inherit&#8221;][elx_heading font_container=&#8221;h3&#8243; text_color=&#8221;inherit&#8221;]S\u00f6z konusu olan onlar\u0131 beslemek oldu\u011funda g\u00fcvenlik yaln\u0131zca olmas\u0131 iyi olabilecek bir se\u00e7enek de\u011fildir.[\/elx_heading][vc_column_text drop_caps=&#8221;big-first-letter&#8221;]<\/p>\n<p class=\"p1\">Bebekler ve be\u015f ya\u015f ve alt\u0131 \u00e7ocuklar <strong>g\u0131da zehirlenmesinden<\/strong> kaynaklanan komplikasyonlar a\u00e7\u0131s\u0131ndan daha fazla risk alt\u0131ndad\u0131r.<\/p>\n<p class=\"p1\">Electrolux Professional olarak sizi, \u00e7ocuklar\u0131n\u0131z\u0131 ve ailenizi <strong>yiyecek g\u00fcvenli\u011fini en \u00fcst d\u00fczeyde tutarak<\/strong> korumak istiyoruz. Profesyonel Mutfak \u00e7\u00f6z\u00fcmlerimiz, haz\u0131rl\u0131ktan kullanma ve saklamaya kadar <strong>t\u00fcm g\u0131da zinciri boyunca<\/strong> yiyecek zehirlenmesine yol a\u00e7an bakteri yay\u0131lmas\u0131n\u0131 \u00f6nler.<\/p>\n<p>[\/vc_column_text][\/elx_simple_block][\/vc_column][\/vc_row][vc_row][vc_column][vc_empty_space][\/vc_column][\/vc_row][vc_row css=&#8221;.vc_custom_1753878366248{padding-top: 20px !important;padding-bottom: 20px !important;background-color: #d2d5d8 !important;}&#8221;][vc_column][\/vc_column][vc_column width=&#8221;1\/2&#8243;][vc_single_image image=&#8221;21489&#8243; img_size=&#8221;275&#215;275&#8243; alignment=&#8221;center&#8221;][\/vc_column][vc_column width=&#8221;1\/2&#8243;][elx_heading font_container=&#8221;h3&#8243; text_color=&#8221;inherit&#8221;]<span style=\"color: #418700;\">G\u0131da g\u00fcvenli\u011fi, \u00e7apraz kontaminasyon \u00f6nleme ve en iyi performans<\/span>[\/elx_heading][vc_column_text drop_caps=&#8221;big-first-letter&#8221; css=&#8221;.vc_custom_1621693514085{margin-bottom: 0px !important;}&#8221;]<\/p>\n<p class=\"p1\">G\u0131da Temas\u0131 d\u00fczenlemelerine uygun olarak Electrolux Professional t\u00fcm plastik bile\u015fenlerde BPA (Bisfenol A) kullan\u0131m\u0131n\u0131 b\u0131rakm\u0131\u015ft\u0131r.<\/p>\n<p>[\/vc_column_text][elx_button button_text=&#8221;GIDA HAZIRLI\u011eIMIZ, SA\u011eLIKLI Y\u0130YECEKLER \u0130\u00c7\u0130N GEREKENDEN FAZLASINI SA\u011eLAR&#8221; button_style=&#8221;icon&#8221; css=&#8221;.vc_custom_1747397582899{margin-top: 0px !important;border-top-width: 0px !important;padding-top: 0px !important;}&#8221; button_link=&#8221;url:https%3A%2F%2Fwww.electroluxprofessional.com%2Ftr%2Fticari-mutfak-ekipmanlari%2Fkes-karistir-dilimle%2F|title:Food%20preparation&#8221;][\/vc_column][\/vc_row][vc_row][vc_column][vc_empty_space][\/vc_column][\/vc_row][vc_row full_width=&#8221;electroluxpro-full-width-no-padding&#8221;][vc_column width=&#8221;1\/2&#8243;][elx_image_block background_image=&#8221;567&#8243; minimum_height=&#8221;550px&#8221;][\/vc_column][vc_column width=&#8221;1\/2&#8243;][elx_simple_block background_color=&#8221;inherit&#8221;][elx_heading font_container=&#8221;h3&#8243; text_color=&#8221;inherit&#8221;]<strong>Electrolux Professional&#8217;da<\/strong>\u00a0\u00dc\u00e7\u00fcnc\u00fc Taraf Sertifikasyon\u00a0i\u00e7in\u00a0y\u0131lda 1 milyon \u20ac\u2019ya kadar <strong>yat\u0131r\u0131m yap\u0131yoruz.<\/strong>[\/elx_heading][vc_column_text drop_caps=&#8221;big-first-letter&#8221;]<\/p>\n<p class=\"p1\">\u00dc\u00e7\u00fcnc\u00fc taraf sertifikasyon <b>dayan\u0131kl\u0131, \u00f6l\u00e7\u00fclebilir ve birinci s\u0131n\u0131f g\u00fcvenli\u011fi<\/b> sa\u011flamaya olan ba\u011fl\u0131l\u0131\u011f\u0131m\u0131z\u0131 a\u00e7\u0131k\u00e7a g\u00f6stermektedir.<\/p>\n<p class=\"p1\">S\u00f6z konusu <b>G\u00fcvenlik ve Performans Standartlar\u0131n\u0131<\/b> belirlemek<span class=\"s1\"><b>\u00a0<\/b><\/span>oldu\u011funda, ulusal ve uluslararas\u0131 d\u00fczeyde \u00f6n s\u0131raday\u0131z, piyasadaki \u00fcr\u00fcnlerin g\u00fcvenlik ve enerji tasarrufu gerekliliklerini iyile\u015ftirmek i\u00e7in aktif olarak katk\u0131da bulunuyoruz.<\/p>\n<p>[\/vc_column_text][\/elx_simple_block][\/vc_column][\/vc_row][vc_row full_width=&#8221;electroluxpro-full-width-no-padding&#8221;][vc_column width=&#8221;1\/2&#8243;][elx_simple_block][elx_heading font_container=&#8221;h3&#8243; text_color=&#8221;inherit&#8221;]<strong>Electrolux Professional olarak, enfeksiyon riskini en aza indirerek<\/strong> sizi ve sevdi\u011finiz insanlar\u0131 korumak sorumlulu\u011fumuzdur.[\/elx_heading][vc_column_text drop_caps=&#8221;big-first-letter&#8221;]<\/p>\n<p class=\"p1\"><b>Hastaneler, bak\u0131m evleri ve di\u011fer sa\u011fl\u0131k hizmetleri kurumlar\u0131nda enfeksiyon riski y\u00fcksektir.<\/b><span class=\"s1\"><b>\u00a0<\/b><\/span><\/p>\n<p class=\"p1\">Maksimum g\u00fcvenli\u011fi sa\u011flamak i\u00e7in Bariyerli <b>Y\u0131kama Makinelerimiz <\/b>e\u015fsiz <b>hygiene watchdog <\/b>\u201c<b>hijyen takip\u00e7isi<\/b>\u201c ile donat\u0131lm\u0131\u015ft\u0131r: etkili \u00c7ama\u015f\u0131rhane Program Y\u00f6netimi ile birlikte <b>her zaman %100 g\u00fcvenli hijyenik \u00e7ar\u015faflar\u0131<\/b> garanti eder.<\/p>\n<p>[\/vc_column_text][elx_button button_text=&#8221;Sa\u011fl\u0131k Hizmetleri&#8221; button_style=&#8221;icon&#8221; button_link=&#8221;url:https%3A%2F%2Fwww.electroluxprofessional.com%2Ftr%2Fisletmenize-yonelik-cozumler%2Fbakim%2Fhastaneler%2F|title:health%20care||&#8221;][\/elx_simple_block][\/vc_column][vc_column width=&#8221;1\/2&#8243;][elx_image_block background_image=&#8221;647&#8243; minimum_height=&#8221;600px&#8221;][\/vc_column][\/vc_row][vc_row full_width=&#8221;electroluxpro-full-width-no-padding&#8221;][vc_column width=&#8221;1\/2&#8243;][elx_image_block background_image=&#8221;648&#8243; minimum_height=&#8221;600px&#8221;][\/vc_column][vc_column width=&#8221;1\/2&#8243;][elx_simple_block background_color=&#8221;inherit&#8221;][elx_heading font_container=&#8221;h3&#8243; text_color=&#8221;inherit&#8221;]Sa\u011fl\u0131kl\u0131 ve g\u00fcvenli \u00e7al\u0131\u015fma alanlar\u0131, <strong>verimli \u00e7al\u0131\u015fma ve y\u00fcksek kaliteli \u00e7al\u0131\u015fma \u00f6mr\u00fc elde etmek a\u00e7\u0131s\u0131ndan b\u00fcy\u00fck \u00f6nem ta\u015f\u0131r.[\/elx_heading][vc_column_text drop_caps=&#8221;big-first-letter&#8221;]<\/strong><\/p>\n<p class=\"p1\">Electrolux Professional&#8217;da <b>g\u00fcvenlik herkesin g\u00fcndemidir<\/b>, her projenin bir bile\u015fenidir ve t\u00fcm \u015firket i\u015flevlerinin yan\u0131 s\u0131ra d\u0131\u015f ortaklar\u0131 ve payda\u015flar\u0131 da ilgilendirir.<\/p>\n<p class=\"p1\">Ama\u00e7, &#8220;s\u0131f\u0131r risk hedefi&#8221;ne ula\u015farak <b>d\u00fcnya genelindeki t\u00fcm tesislerdeki ve \u00fcretim sahalar\u0131ndaki<\/b> i\u015f yeri g\u00fcvenli\u011fini korumak ve geli\u015ftirmektir.<\/p>\n<p>[\/vc_column_text][\/elx_simple_block][\/vc_column][\/vc_row][vc_row full_width=&#8221;electroluxpro-container-no-padding&#8221; equal_height=&#8221;yes&#8221; disable_element=&#8221;yes&#8221; css=&#8221;.vc_custom_1753877955398{padding-top: 50px !important;padding-bottom: 50px !important;}&#8221;][vc_column width=&#8221;1\/3&#8243;][elx_image_block background_image=&#8221;649&#8243; minimum_height=&#8221;380px&#8221;][\/vc_column][vc_column width=&#8221;1\/3&#8243; css=&#8221;.vc_custom_1464275824218{background-color: #e2e2e2 !important;}&#8221;][elx_simple_block text_align=&#8221;text-center&#8221; background_color=&#8221;inherit&#8221;][elx_heading text_color=&#8221;inherit&#8221;]Daha iyisi i\u00e7in[\/elx_heading][vc_column_text]<\/p>\n<p class=\"p1\">\u0130nsanlar\u0131n hayatlar\u0131nda ve gezegenimizde her g\u00fcn pozitif bir fark yaratmak istiyoruz.<\/p>\n<p>[\/vc_column_text][elx_button button_text=&#8221;Daha fazlas\u0131 i\u00e7in&#8221; button_link=&#8221;url:https%3A%2F%2Fwww.electroluxprofessional.com%2Ftr%2Fdaha-iyi-surdurulebilirlik%2F|title:Find%20out%20more||&#8221;][\/elx_simple_block][\/vc_column][vc_column width=&#8221;1\/3&#8243;][elx_image_block background_image=&#8221;650&#8243; minimum_height=&#8221;380px&#8221;][\/vc_column][\/vc_row]<\/p>\n","protected":false},"excerpt":{"rendered":"<p>[vc_row full_width=&#8221;electroluxpro-full-width-no-padding&#8221;][vc_column][elx_hero_slider label_text_color=&#8221;inherit&#8221; images=&#8221;652&#8243;][elx_heading font_container=&#8221;h1&#8243; font_size=&#8221;h2&#8243; text_color=&#8221;inherit&#8221;]Garanti alt\u0131nda bir g\u00fcvenlik k\u00fclt\u00fcr\u00fc[\/elx_heading][vc_column_text] Electrolux Professional, sa\u011fl\u0131k ve g\u00fcvenlik konusundaki \u00f6l\u00e7\u00fclebilir ve somut ba\u011fl\u0131l\u0131\u011f\u0131yla da g\u00f6sterdi\u011fi gibi, birinci s\u0131n\u0131f, dayan\u0131kl\u0131 ve tarafs\u0131z bir g\u00fcvenlik sa\u011flar. [\/vc_column_text][\/elx_hero_slider][\/vc_column][\/vc_row][vc_row][vc_column][elx_heading text_color=&#8221;inherit&#8221; text_align=&#8221;text-center&#8221;]Sa\u011fl\u0131kl\u0131 b\u00fcy\u00fcmek, huzur i\u00e7inde \u00e7al\u0131\u015fmak, emniyette hissetmek ve korunmak.[\/elx_heading][\/vc_column][\/vc_row][vc_row full_width=&#8221;electroluxpro-full-width&#8221; equal_height=&#8221;yes&#8221;][vc_column width=&#8221;1\/2&#8243;][elx_image_block background_image=&#8221;646&#8243; minimum_height=&#8221;500px&#8221;][\/vc_column][vc_column width=&#8221;1\/2&#8243;][elx_simple_block background_color=&#8221;inherit&#8221;][elx_heading font_container=&#8221;h3&#8243; text_color=&#8221;inherit&#8221;]S\u00f6z konusu olan onlar\u0131 [&hellip;]<\/p>\n","protected":false},"author":3,"featured_media":1445,"parent":10886,"menu_order":0,"comment_status":"closed","ping_status":"closed","template":"","meta":{"footnotes":""},"class_list":["post-1463","page","type-page","status-publish","has-post-thumbnail","hentry"],"acf":[],"yoast_head":"<!-- This site is optimized with the Yoast SEO plugin v23.3 - https:\/\/yoast.com\/wordpress\/plugins\/seo\/ -->\n<title>G\u00fcvenlik k\u00fclt\u00fcr\u00fc - Electrolux Professional<\/title>\n<meta name=\"description\" content=\"Electrolux Professional, sa\u011fl\u0131k ve g\u00fcvenlik konusundaki somut ve \u00f6l\u00e7\u00fclebilir \u00e7\u00f6z\u00fcmleri ile tarafs\u0131z bir g\u00fcvenlik hizmeti sunar.\" \/>\n<meta name=\"robots\" content=\"index, follow, max-snippet:-1, max-image-preview:large, max-video-preview:-1\" \/>\n<link rel=\"canonical\" href=\"https:\/\/www.electroluxprofessional.com\/tr\/daha-iyi-surdurulebilirlik\/guvenlik\/\" \/>\n<meta property=\"og:locale\" content=\"tr_TR\" \/>\n<meta property=\"og:type\" content=\"article\" \/>\n<meta property=\"og:title\" content=\"G\u00fcvenlik k\u00fclt\u00fcr\u00fc - Electrolux Professional\" \/>\n<meta property=\"og:description\" content=\"Electrolux Professional, sa\u011fl\u0131k ve g\u00fcvenlik konusundaki somut ve \u00f6l\u00e7\u00fclebilir \u00e7\u00f6z\u00fcmleri ile tarafs\u0131z bir g\u00fcvenlik hizmeti sunar.\" \/>\n<meta property=\"og:url\" content=\"https:\/\/www.electroluxprofessional.com\/tr\/daha-iyi-surdurulebilirlik\/guvenlik\/\" \/>\n<meta property=\"og:site_name\" content=\"Electrolux Professional T\u00fcrkiye\" \/>\n<meta property=\"article:modified_time\" content=\"2025-07-30T12:36:38+00:00\" \/>\n<meta property=\"og:image\" content=\"https:\/\/www.electroluxprofessional.com\/tr\/wp-content\/uploads\/2017\/03\/feeling-secure.jpg\" \/>\n\t<meta property=\"og:image:width\" content=\"700\" \/>\n\t<meta property=\"og:image:height\" content=\"700\" \/>\n\t<meta property=\"og:image:type\" content=\"image\/jpeg\" \/>\n<meta name=\"twitter:card\" content=\"summary_large_image\" \/>\n<meta name=\"twitter:label1\" content=\"Tahmini okuma s\u00fcresi\" \/>\n\t<meta name=\"twitter:data1\" content=\"3 dakika\" \/>\n<script type=\"application\/ld+json\" class=\"yoast-schema-graph\">{\"@context\":\"https:\/\/schema.org\",\"@graph\":[{\"@type\":\"WebPage\",\"@id\":\"https:\/\/www.electroluxprofessional.com\/tr\/daha-iyi-surdurulebilirlik\/guvenlik\/\",\"url\":\"https:\/\/www.electroluxprofessional.com\/tr\/daha-iyi-surdurulebilirlik\/guvenlik\/\",\"name\":\"G\u00fcvenlik k\u00fclt\u00fcr\u00fc - Electrolux Professional\",\"isPartOf\":{\"@id\":\"https:\/\/www.electroluxprofessional.com\/tr\/#website\"},\"primaryImageOfPage\":{\"@id\":\"https:\/\/www.electroluxprofessional.com\/tr\/daha-iyi-surdurulebilirlik\/guvenlik\/#primaryimage\"},\"image\":{\"@id\":\"https:\/\/www.electroluxprofessional.com\/tr\/daha-iyi-surdurulebilirlik\/guvenlik\/#primaryimage\"},\"thumbnailUrl\":\"https:\/\/www.electroluxprofessional.com\/tr\/wp-content\/uploads\/2017\/03\/feeling-secure.jpg\",\"datePublished\":\"2016-05-23T08:40:23+00:00\",\"dateModified\":\"2025-07-30T12:36:38+00:00\",\"description\":\"Electrolux Professional, sa\u011fl\u0131k ve g\u00fcvenlik konusundaki somut ve \u00f6l\u00e7\u00fclebilir \u00e7\u00f6z\u00fcmleri ile tarafs\u0131z bir g\u00fcvenlik hizmeti sunar.\",\"breadcrumb\":{\"@id\":\"https:\/\/www.electroluxprofessional.com\/tr\/daha-iyi-surdurulebilirlik\/guvenlik\/#breadcrumb\"},\"inLanguage\":\"tr\",\"potentialAction\":[{\"@type\":\"ReadAction\",\"target\":[\"https:\/\/www.electroluxprofessional.com\/tr\/daha-iyi-surdurulebilirlik\/guvenlik\/\"]}]},{\"@type\":\"ImageObject\",\"inLanguage\":\"tr\",\"@id\":\"https:\/\/www.electroluxprofessional.com\/tr\/daha-iyi-surdurulebilirlik\/guvenlik\/#primaryimage\",\"url\":\"https:\/\/www.electroluxprofessional.com\/tr\/wp-content\/uploads\/2017\/03\/feeling-secure.jpg\",\"contentUrl\":\"https:\/\/www.electroluxprofessional.com\/tr\/wp-content\/uploads\/2017\/03\/feeling-secure.jpg\",\"width\":700,\"height\":700,\"caption\":\"feeling-secure\"},{\"@type\":\"BreadcrumbList\",\"@id\":\"https:\/\/www.electroluxprofessional.com\/tr\/daha-iyi-surdurulebilirlik\/guvenlik\/#breadcrumb\",\"itemListElement\":[{\"@type\":\"ListItem\",\"position\":1,\"name\":\"Home\",\"item\":\"https:\/\/www.electroluxprofessional.com\/tr\/\"},{\"@type\":\"ListItem\",\"position\":2,\"name\":\"Daha iyi s\u00fcrd\u00fcr\u00fclebilirlik\",\"item\":\"https:\/\/www.electroluxprofessional.com\/tr\/daha-iyi-surdurulebilirlik\/\"},{\"@type\":\"ListItem\",\"position\":3,\"name\":\"Bir g\u00fcvenlik k\u00fclt\u00fcr\u00fc\"}]},{\"@type\":\"WebSite\",\"@id\":\"https:\/\/www.electroluxprofessional.com\/tr\/#website\",\"url\":\"https:\/\/www.electroluxprofessional.com\/tr\/\",\"name\":\"Electrolux Professional T\u00fcrkiye\",\"description\":\"\",\"potentialAction\":[{\"@type\":\"SearchAction\",\"target\":{\"@type\":\"EntryPoint\",\"urlTemplate\":\"https:\/\/www.electroluxprofessional.com\/tr\/?src={search_term_string}\"},\"query-input\":\"required name=search_term_string\"}],\"inLanguage\":\"tr\"}]}<\/script>\n<!-- \/ Yoast SEO plugin. -->","yoast_head_json":{"title":"G\u00fcvenlik k\u00fclt\u00fcr\u00fc - Electrolux Professional","description":"Electrolux Professional, sa\u011fl\u0131k ve g\u00fcvenlik konusundaki somut ve \u00f6l\u00e7\u00fclebilir \u00e7\u00f6z\u00fcmleri ile tarafs\u0131z bir g\u00fcvenlik hizmeti sunar.","robots":{"index":"index","follow":"follow","max-snippet":"max-snippet:-1","max-image-preview":"max-image-preview:large","max-video-preview":"max-video-preview:-1"},"canonical":"https:\/\/www.electroluxprofessional.com\/tr\/daha-iyi-surdurulebilirlik\/guvenlik\/","og_locale":"tr_TR","og_type":"article","og_title":"G\u00fcvenlik k\u00fclt\u00fcr\u00fc - Electrolux Professional","og_description":"Electrolux Professional, sa\u011fl\u0131k ve g\u00fcvenlik konusundaki somut ve \u00f6l\u00e7\u00fclebilir \u00e7\u00f6z\u00fcmleri ile tarafs\u0131z bir g\u00fcvenlik hizmeti sunar.","og_url":"https:\/\/www.electroluxprofessional.com\/tr\/daha-iyi-surdurulebilirlik\/guvenlik\/","og_site_name":"Electrolux Professional T\u00fcrkiye","article_modified_time":"2025-07-30T12:36:38+00:00","og_image":[{"width":700,"height":700,"url":"https:\/\/www.electroluxprofessional.com\/tr\/wp-content\/uploads\/2017\/03\/feeling-secure.jpg","type":"image\/jpeg"}],"twitter_card":"summary_large_image","twitter_misc":{"Tahmini okuma s\u00fcresi":"3 dakika"},"schema":{"@context":"https:\/\/schema.org","@graph":[{"@type":"WebPage","@id":"https:\/\/www.electroluxprofessional.com\/tr\/daha-iyi-surdurulebilirlik\/guvenlik\/","url":"https:\/\/www.electroluxprofessional.com\/tr\/daha-iyi-surdurulebilirlik\/guvenlik\/","name":"G\u00fcvenlik k\u00fclt\u00fcr\u00fc - Electrolux Professional","isPartOf":{"@id":"https:\/\/www.electroluxprofessional.com\/tr\/#website"},"primaryImageOfPage":{"@id":"https:\/\/www.electroluxprofessional.com\/tr\/daha-iyi-surdurulebilirlik\/guvenlik\/#primaryimage"},"image":{"@id":"https:\/\/www.electroluxprofessional.com\/tr\/daha-iyi-surdurulebilirlik\/guvenlik\/#primaryimage"},"thumbnailUrl":"https:\/\/www.electroluxprofessional.com\/tr\/wp-content\/uploads\/2017\/03\/feeling-secure.jpg","datePublished":"2016-05-23T08:40:23+00:00","dateModified":"2025-07-30T12:36:38+00:00","description":"Electrolux Professional, sa\u011fl\u0131k ve g\u00fcvenlik konusundaki somut ve \u00f6l\u00e7\u00fclebilir \u00e7\u00f6z\u00fcmleri ile tarafs\u0131z bir g\u00fcvenlik hizmeti sunar.","breadcrumb":{"@id":"https:\/\/www.electroluxprofessional.com\/tr\/daha-iyi-surdurulebilirlik\/guvenlik\/#breadcrumb"},"inLanguage":"tr","potentialAction":[{"@type":"ReadAction","target":["https:\/\/www.electroluxprofessional.com\/tr\/daha-iyi-surdurulebilirlik\/guvenlik\/"]}]},{"@type":"ImageObject","inLanguage":"tr","@id":"https:\/\/www.electroluxprofessional.com\/tr\/daha-iyi-surdurulebilirlik\/guvenlik\/#primaryimage","url":"https:\/\/www.electroluxprofessional.com\/tr\/wp-content\/uploads\/2017\/03\/feeling-secure.jpg","contentUrl":"https:\/\/www.electroluxprofessional.com\/tr\/wp-content\/uploads\/2017\/03\/feeling-secure.jpg","width":700,"height":700,"caption":"feeling-secure"},{"@type":"BreadcrumbList","@id":"https:\/\/www.electroluxprofessional.com\/tr\/daha-iyi-surdurulebilirlik\/guvenlik\/#breadcrumb","itemListElement":[{"@type":"ListItem","position":1,"name":"Home","item":"https:\/\/www.electroluxprofessional.com\/tr\/"},{"@type":"ListItem","position":2,"name":"Daha iyi s\u00fcrd\u00fcr\u00fclebilirlik","item":"https:\/\/www.electroluxprofessional.com\/tr\/daha-iyi-surdurulebilirlik\/"},{"@type":"ListItem","position":3,"name":"Bir g\u00fcvenlik k\u00fclt\u00fcr\u00fc"}]},{"@type":"WebSite","@id":"https:\/\/www.electroluxprofessional.com\/tr\/#website","url":"https:\/\/www.electroluxprofessional.com\/tr\/","name":"Electrolux Professional T\u00fcrkiye","description":"","potentialAction":[{"@type":"SearchAction","target":{"@type":"EntryPoint","urlTemplate":"https:\/\/www.electroluxprofessional.com\/tr\/?src={search_term_string}"},"query-input":"required name=search_term_string"}],"inLanguage":"tr"}]}},"_links":{"self":[{"href":"https:\/\/www.electroluxprofessional.com\/tr\/wp-json\/wp\/v2\/pages\/1463"}],"collection":[{"href":"https:\/\/www.electroluxprofessional.com\/tr\/wp-json\/wp\/v2\/pages"}],"about":[{"href":"https:\/\/www.electroluxprofessional.com\/tr\/wp-json\/wp\/v2\/types\/page"}],"author":[{"embeddable":true,"href":"https:\/\/www.electroluxprofessional.com\/tr\/wp-json\/wp\/v2\/users\/3"}],"replies":[{"embeddable":true,"href":"https:\/\/www.electroluxprofessional.com\/tr\/wp-json\/wp\/v2\/comments?post=1463"}],"version-history":[{"count":19,"href":"https:\/\/www.electroluxprofessional.com\/tr\/wp-json\/wp\/v2\/pages\/1463\/revisions"}],"predecessor-version":[{"id":21671,"href":"https:\/\/www.electroluxprofessional.com\/tr\/wp-json\/wp\/v2\/pages\/1463\/revisions\/21671"}],"up":[{"embeddable":true,"href":"https:\/\/www.electroluxprofessional.com\/tr\/wp-json\/wp\/v2\/pages\/10886"}],"wp:featuredmedia":[{"embeddable":true,"href":"https:\/\/www.electroluxprofessional.com\/tr\/wp-json\/wp\/v2\/media\/1445"}],"wp:attachment":[{"href":"https:\/\/www.electroluxprofessional.com\/tr\/wp-json\/wp\/v2\/media?parent=1463"}],"curies":[{"name":"wp","href":"https:\/\/api.w.org\/{rel}","templated":true}]}}