{"id":14520,"date":"2022-09-29T14:26:21","date_gmt":"2022-09-29T14:26:21","guid":{"rendered":"https:\/\/www.electroluxprofessional.com\/tr\/?page_id=14520"},"modified":"2025-11-06T07:12:46","modified_gmt":"2025-11-06T07:12:46","slug":"staff-canteens-2","status":"publish","type":"page","link":"https:\/\/www.electroluxprofessional.com\/tr\/isletmenize-yonelik-cozumler\/staff-canteens-2\/","title":{"rendered":"Personel yemekhaneleri"},"content":{"rendered":"<p>[vc_row full_width=&#8221;electroluxpro-full-width-no-padding&#8221; css=&#8221;.vc_custom_1663586747054{margin-top: -50px !important;}&#8221;][vc_column][elx_full_banner title=&#8221;Personel Yemekhanesi&#8221; background_image_media_library=&#8221;14518&#8243; background_image_media_library_mobile=&#8221;43933&#8243;][\/vc_column][\/vc_row][vc_row disable_element=&#8221;yes&#8221; css=&#8221;.vc_custom_1663586704023{background-color: #041e41 !important;}&#8221;][vc_column reveal_effect=&#8221;&#8221; width=&#8221;2\/3&#8243;][vc_empty_space][vc_row_inner full_width=&#8221;electroluxpro-full-width-no-padding&#8221;][vc_column_inner width=&#8221;1\/4&#8243;][vc_single_image image=&#8221;8647&#8243; img_size=&#8221;full&#8221;][\/vc_column_inner][vc_column_inner width=&#8221;3\/4&#8243;][vc_empty_space height=&#8221;25px&#8221;][elx_heading font_container=&#8221;h1&#8243; font_size=&#8221;h3&#8243; text_color=&#8221;business&#8221; text_align=&#8221;text-left&#8221;]Personel kantinleri[\/elx_heading][\/vc_column_inner][\/vc_row_inner][elx_heading font_size=&#8221;h5&#8243; text_color=&#8221;white&#8221;]\u201cWe are very lucky to be working with world class equipment by Electrolux Professional which has not just given us the comfort and feel of a luxury space, but we are also able to maintain international standards of cleanliness and hygiene, in our kitchens. We are very proud to be associated with a world class company like Electrolux.\u201d[\/elx_heading][vc_column_text]<\/p>\n<p style=\"color: #fff;\"><strong>Mr. Ramesh Palagiri<\/strong>, Managing Director &amp; CEO<br \/>\n<strong>Mrs. Maithili Bhojwani<\/strong>, Administration<br \/>\n<strong>Wirtgen Group<\/strong> &#8211; Pune, India[\/vc_column_text][vc_column reveal_effect=&#8221;&#8221; width=&#8221;1\/2&#8243;][\/vc_column][\/vc_column][vc_column reveal_effect=&#8221;&#8221; width=&#8221;1\/3&#8243;][elx_image_block background_image=&#8221;478&#8243; minimum_height=&#8221;580px&#8221;][\/vc_column][\/vc_row][vc_row][vc_column][vc_empty_space][elx_heading font_size=&#8221;h1&#8243; text_color=&#8221;inherit&#8221; text_align=&#8221;text-center&#8221;]Y\u00fcksek performans i\u00e7in tasarland\u0131[\/elx_heading][vc_empty_space][\/vc_column][\/vc_row][vc_row][vc_column width=&#8221;1\/3&#8243;][vc_single_image image=&#8221;14512&#8243; img_size=&#8221;120&#215;120&#8243; alignment=&#8221;center&#8221;][elx_heading text_color=&#8221;inherit&#8221; text_align=&#8221;text-center&#8221;]Daha d\u00fc\u015f\u00fck \u00fcretim maliyetleri[\/elx_heading][vc_empty_space][\/vc_column][vc_column width=&#8221;1\/3&#8243;][vc_single_image image=&#8221;14513&#8243; img_size=&#8221;120&#215;120&#8243; alignment=&#8221;center&#8221;][elx_heading text_color=&#8221;inherit&#8221; text_align=&#8221;text-center&#8221;]G\u0131da kalitesi ve standardo garantisi[\/elx_heading][\/vc_column][vc_column width=&#8221;1\/3&#8243;][vc_single_image image=&#8221;9465&#8243; img_size=&#8221;120&#215;120&#8243; alignment=&#8221;center&#8221;][elx_heading text_color=&#8221;inherit&#8221; text_align=&#8221;text-center&#8221;]G\u0131da g\u00fcvenli\u011fi (HACCP) standartlar\u0131yla uyumlu[\/elx_heading][\/vc_column][\/vc_row][vc_row][vc_column][vc_empty_space][elx_heading font_size=&#8221;h1&#8243; text_color=&#8221;inherit&#8221; text_align=&#8221;text-center&#8221;]10m<sup>2<\/sup>&#8216;den daha dar bir<br \/>\nalanda neler yapabilirsiniz?[\/elx_heading][vc_empty_space][\/vc_column][\/vc_row][vc_row][vc_column width=&#8221;1\/2&#8243; css=&#8221;.vc_custom_1590559110836{background-color: #deebec !important;}&#8221;][elx_heading font_size=&#8221;h1&#8243; text_color=&#8221;inherit&#8221; text_align=&#8221;text-center&#8221;]1013 ana<br \/>\nyemek[\/elx_heading][vc_column_text]<\/p>\n<h3 style=\"text-align: center;\">150 gr gula\u015f +<br \/>\n75 gr lahana tur\u015fusu<\/h3>\n<p>[\/vc_column_text][vc_single_image image=&#8221;14514&#8243; img_size=&#8221;full&#8221; alignment=&#8221;center&#8221;][elx_heading font_size=&#8221;h1&#8243; text_color=&#8221;inherit&#8221; text_align=&#8221;text-center&#8221;]8 saatten daha<br \/>\nk\u0131sa s\u00fcrede[\/elx_heading][vc_single_image image=&#8221;14515&#8243; img_size=&#8221;full&#8221; alignment=&#8221;center&#8221;][\/vc_column][vc_column width=&#8221;1\/2&#8243;][elx_heading text_color=&#8221;inherit&#8221; text_align=&#8221;text-center&#8221;]10m<sup>2<\/sup> &#8216;den daha dar bir alanda ka\u00e7 \u00e7e\u015fit yemek pi\u015firebilece\u011finizi izleyin[\/elx_heading][elx_video_block background_image=&#8221;14509&#8243; video_link=&#8221;https:\/\/www.youtube.com\/watch?v=TvhF7dGZ3D4&#8243; minimum_height=&#8221;270px&#8221;][vc_empty_space][elx_heading text_color=&#8221;inherit&#8221; text_align=&#8221;text-center&#8221;]A\u015fa\u011f\u0131daki bro\u015f\u00fcr\u00fc indiriniz[\/elx_heading][elx_download_block text=&#8221;Download<br \/>\nthe High Productivity Leaflet&#8221; document_type=&#8221;leaflets&#8221; background_color=&#8221;electrolux-blue&#8221; le_document_number=&#8221;CLF-9JE00254&#8243; background_image=&#8221;14511&#8243;][\/vc_column][\/vc_row][vc_row][vc_column][vc_empty_space][elx_heading font_size=&#8221;h3&#8243; text_color=&#8221;inherit&#8221;]M\u00fc\u015fterilerimiz[\/elx_heading][vc_empty_space][\/vc_column][\/vc_row][vc_row][vc_column width=&#8221;1\/2&#8243;][elx_image_block background_image=&#8221;490&#8243; minimum_height=&#8221;400px&#8221;][elx_heading font_container=&#8221;h3&#8243; font_size=&#8221;h5&#8243; text_color=&#8221;inherit&#8221;]GAI Industrie Spa[\/elx_heading][vc_column_text]Cuneo, Italya[\/vc_column_text][vc_column_text]Kurulumun karma\u015f\u0131k olu\u015fu sebebiyle, ekipman\u0131 binan\u0131n 2. ve 3. katlar\u0131nda bulunan yemekhaneye g\u00f6t\u00fcrmek i\u00e7in vin\u00e7 kullan\u0131lmas\u0131 gerekti. Bu mutfa\u011f\u0131n \u00f6ne \u00e7\u0131kan en \u00f6nemli \u00f6zelli\u011fi duvarlar\u0131n\u0131n olmamas\u0131. 4 tarafta bulunan b\u00fcy\u00fck pencereler, \u015fefleri i\u015f ba\u015f\u0131nda g\u00f6rmenize olanak tan\u0131yor.<\/p>\n<p>T\u00fcm buzdolaplar\u0131n\u0131n kapaklar\u0131 camdan. Bu da onlara \u015f\u0131k bir hava katarken i\u015f organizasyonunu m\u00fckemmel hale getiriyor. Mutfa\u011f\u0131n merkezinde ise Electrolux Professional\u2019\u0131n en \u00fcst d\u00fczey \u00fcr\u00fcnlerinden olan Thermaline mod\u00fcler pi\u015firme \u00fcnitesi yer al\u0131yor.[\/vc_column_text][\/vc_column][vc_column width=&#8221;1\/2&#8243;][vc_single_image image=&#8221;479&#8243; img_size=&#8221;555*400&#8243; alignment=&#8221;right&#8221;][elx_heading font_container=&#8221;h3&#8243; font_size=&#8221;h5&#8243; text_color=&#8221;inherit&#8221;]Wirtgen Group[\/elx_heading][vc_column_text]Pune, Hindistan[\/vc_column_text][vc_column_text]Yol in\u015faat ve bak\u0131m ekipmanlar\u0131 pazar\u0131nda lider konumundaki Almanya merkezli in\u015faat ekipman\u0131 imalat\u00e7\u0131s\u0131 Wirtgen Group\u2019un Hindistan Pune&#8217;de bulunan son teknoloji \u00fcretim tesisi, \u015firketin Almanya d\u0131\u015f\u0131nda kurdu\u011fu \u00fc\u00e7\u00fcnc\u00fc fabrika.<\/p>\n<p>Tesisin y\u00fcksek \u00fcretim kapasiteli personel yemekhanesinin tamam\u0131 ise Electrolux Professional end\u00fcstriyel mutfak ekipmanlar\u0131yla donat\u0131lm\u0131\u015f.<\/p>\n<p>\u201c\u2026personelimizin verimlili\u011fini art\u0131ran ve enerji maliyetlerimizi \u00f6nemli \u00f6l\u00e7\u00fcde azaltan bu \u00fcr\u00fcnler, end\u00fcstriyel yemek pi\u015firme alan\u0131nda yeni standartlarla tan\u0131\u015fmalar\u0131n\u0131 sa\u011flad\u0131.\u201d<\/p>\n<p><strong>\u015eef Deepak<\/strong>[\/vc_column_text][vc_empty_space][\/vc_column][\/vc_row][vc_row css=&#8221;.vc_custom_1522939207643{background-color: #ededc9 !important;}&#8221;][vc_column][elx_heading font_size=&#8221;h3&#8243; text_color=&#8221;inherit&#8221; text_align=&#8221;text-left&#8221;]\u0130\u00e7ecek \u00c7\u00f6z\u00fcmleri[\/elx_heading][vc_empty_space][\/vc_column][\/vc_row][vc_row equal_height=&#8221;yes&#8221; css=&#8221;.vc_custom_1522941413247{background-color: #ededc9 !important;}&#8221;][vc_column width=&#8221;1\/2&#8243;][elx_simple_link_block link=&#8221;url:https%3A%2F%2Fwww.electroluxprofessional.com%2Ftr%2Fisletmeniz-icin-icecek-cozumleri%2F|title:Beverage%20solutions&#8221; text_align=&#8221;text-left&#8221; text_color=&#8221;inherit&#8221; background_color=&#8221;inherit&#8221; background_hover_color=&#8221;darker-hover&#8221; extra_class=&#8221;&#8221; reveal_effect=&#8221;&#8221; reveal_duration=&#8221;&#8221; reveal_delay=&#8221;&#8221;][vc_single_image image=&#8221;4405&#8243; img_size=&#8221;full&#8221;][\/elx_simple_link_block][\/vc_column][vc_column width=&#8221;1\/2&#8243;][elx_simple_link_block link=&#8221;url:https%3A%2F%2Fwww.electroluxprofessional.com%2Ftr%2Fisletmeniz-icin-icecek-cozumleri%2F|title:Beverage%20solutions&#8221; text_align=&#8221;text-left&#8221; text_color=&#8221;inherit&#8221; background_color=&#8221;inherit&#8221; background_hover_color=&#8221;darker-hover&#8221; extra_class=&#8221;&#8221; reveal_effect=&#8221;&#8221; reveal_duration=&#8221;&#8221; reveal_delay=&#8221;&#8221;][elx_heading font_container=&#8221;h3&#8243; font_size=&#8221;h5&#8243; text_color=&#8221;inherit&#8221;]Eksiksiz bir a\u011f\u0131rlama[\/elx_heading][vc_column_text]Uzmanlardan olu\u015fan ekibimizle, m\u00fc\u015fterilerinizin beklentilerinin \u00f6tesinde, kapsaml\u0131 <strong>kahve ve i\u00e7ecek \u00e7\u00f6z\u00fcmleri<\/strong> sunuyoruz.<\/p>\n<ul>\n<li>Kahve &amp; \u00e7ay demleme makineleri<\/li>\n<li>Kahve de\u011firmenleri<\/li>\n<li>So\u011fuk \u015ferbetlikler<\/li>\n<li>S\u0131cak ve so\u011fuk i\u00e7ecek dispenserleri<\/li>\n<li>ve \u00e7ok daha fazlas\u0131&#8230;<\/li>\n<\/ul>\n<p>[\/vc_column_text][\/elx_simple_link_block][elx_button button_text=&#8221;Kahve ve i\u00e7ecek \u00e7\u00f6z\u00fcmleri teklifini ke\u015ffedin&#8221; button_style=&#8221;icon-blue&#8221; button_link=&#8221;url:https%3A%2F%2Fwww.electroluxprofessional.com%2Ftr%2Fisletmeniz-icin-icecek-cozumleri%2F|title:coffee%20and%20beverage%20solutions&#8221;][\/vc_column][\/vc_row][vc_row][vc_column][vc_empty_space height=&#8221;50px&#8221;][\/vc_column][\/vc_row][vc_row][vc_column][elx_heading font_size=&#8221;h3&#8243; text_color=&#8221;inherit&#8221; text_align=&#8221;text-left&#8221;]Personel yemekhaneleri i\u00e7in en iyi 3 \u00e7\u00f6z\u00fcm\u00fcm\u00fcz[\/elx_heading][\/vc_column][\/vc_row][vc_row css=&#8221;.vc_custom_1465550821993{padding-top: 20px !important;padding-bottom: 20px !important;background-color: #f7f6f6 !important;}&#8221;][vc_column width=&#8221;1\/3&#8243;][elx_simple_link_block link=&#8221;url:https%3A%2F%2Fwww.electroluxprofessional.com%2Ftr%2Fticari-mutfak-ekipmanlari%2Fthermaline-pisirme-serisi%2F|title:thermaline&#8221; text_align=&#8221;text-left&#8221; text_color=&#8221;inherit&#8221; background_color=&#8221;inherit&#8221; background_hover_color=&#8221;darker-hover&#8221; extra_class=&#8221;&#8221; reveal_effect=&#8221;&#8221; reveal_duration=&#8221;&#8221; reveal_delay=&#8221;&#8221;][vc_single_image image=&#8221;748&#8243; img_size=&#8221;full&#8221; alignment=&#8221;center&#8221;][elx_heading font_container=&#8221;h3&#8243; text_color=&#8221;inherit&#8221; text_align=&#8221;text-left&#8221;]therma<em>line<\/em>[\/elx_heading][vc_column_text]<\/p>\n<ul>\n<li>Thermaline premium pi\u015firme serisiyle performans\u0131 art\u0131r\u0131rken enerji maliyetlerinden %60&#8217;a varan oranda tasarruf edin<\/li>\n<li>Tam y\u00fczeyli ind\u00fcksiyonlu ocak ile birden fazla yeme\u011fi ayn\u0131 anda pi\u015firmek hi\u00e7 olmad\u0131\u011f\u0131 kadar kolay.<\/li>\n<\/ul>\n<p>[\/vc_column_text][\/elx_simple_link_block][\/vc_column][vc_column width=&#8221;1\/3&#8243;][elx_simple_link_block link=&#8221;url:https%3A%2F%2Fwww.electroluxprofessional.com%2Ftr%2Fcommercial-kitchen-equipment%2Fcook-and-chill%2F|title:Cook%20and%20chill||&#8221; text_align=&#8221;text-left&#8221; text_color=&#8221;inherit&#8221; background_color=&#8221;inherit&#8221; background_hover_color=&#8221;darker-hover&#8221; extra_class=&#8221;&#8221; reveal_effect=&#8221;&#8221; reveal_duration=&#8221;&#8221; reveal_delay=&#8221;&#8221;][vc_single_image image=&#8221;14516&#8243; img_size=&#8221;large&#8221; alignment=&#8221;center&#8221;][elx_heading font_container=&#8221;h3&#8243; text_color=&#8221;inherit&#8221; text_align=&#8221;text-center&#8221;]Cook&amp;Chill &#8220;Pi\u015fir&amp;So\u011fut&#8221;[\/elx_heading][vc_column_text]<\/p>\n<ul>\n<li>\u015eu anda piyasadaki en \u00e7evre dostu kombi f\u0131r\u0131n SkyLine ile yemeklerinizi \u00e7evreye zarar vermeden pi\u015firin.<\/li>\n<li>Daha esnek men\u00fcler, daha sade ve d\u00fczenli i\u015f ak\u0131\u015flar\u0131, daha az at\u0131k ve zamandan, maliyetten ve enerjiden tasarruf imkan\u0131.<\/li>\n<\/ul>\n<p>[\/vc_column_text][\/elx_simple_link_block][\/vc_column][vc_column width=&#8221;1\/3&#8243;][elx_simple_link_block link=&#8221;url:https%3A%2F%2Fwww.electroluxprofessional.com%2Ftr%2Fticari-mutfak-ekipmanlari%2Ftezgah-tipi-sogutucular%2F|title:ecostoreHP%20Refrigerated%20cabinets&#8221; text_align=&#8221;text-left&#8221; text_color=&#8221;inherit&#8221; background_color=&#8221;inherit&#8221; background_hover_color=&#8221;darker-hover&#8221; extra_class=&#8221;&#8221; reveal_effect=&#8221;&#8221; reveal_duration=&#8221;&#8221; reveal_delay=&#8221;&#8221;][vc_single_image image=&#8221;14517&#8243; img_size=&#8221;large&#8221;][elx_heading font_container=&#8221;h3&#8243; text_color=&#8221;inherit&#8221; text_align=&#8221;text-center&#8221;]So\u011futma[\/elx_heading][vc_column_text]<\/p>\n<ul>\n<li>S\u0131n\u0131f\u0131nda en iyi d\u00fczeyde enerji verimlili\u011fi sunan Ecostore dolap tipi buzdolaplar\u0131 ile yiyecekleri s\u0131caktan koruyun<\/li>\n<li>Mutfa\u011f\u0131n\u0131z\u0131 daha s\u00fcrd\u00fcr\u00fclebilir ve \u00fcretken hale getirmeye yard\u0131mc\u0131 olur.<\/li>\n<\/ul>\n<p>[\/vc_column_text][\/elx_simple_link_block][\/vc_column][\/vc_row][vc_row][vc_column][elx_heading font_size=&#8221;h3&#8243; text_color=&#8221;inherit&#8221;]Electrolux Professional&#8217;\u0131n i\u015fletmenize neler sunabilece\u011fini ke\u015ffedin.[\/elx_heading][elx_o2000_contact_us s=&#8221;Your request for information: staff canteens&#8221; container=&#8221;elxcontactus1466430938&#8243; r=&#8221;Personel yemekhanelerine y\u00f6nelik \u00e7\u00f6z\u00fcmler hakk\u0131nda daha fazla bilgi edinmek istiyorum.&#8221;][\/vc_column][\/vc_row]<\/p>\n","protected":false},"excerpt":{"rendered":"<p>[vc_row full_width=&#8221;electroluxpro-full-width-no-padding&#8221; css=&#8221;.vc_custom_1663586747054{margin-top: -50px !important;}&#8221;][vc_column][elx_full_banner title=&#8221;Personel Yemekhanesi&#8221; background_image_media_library=&#8221;14518&#8243; background_image_media_library_mobile=&#8221;43933&#8243;][\/vc_column][\/vc_row][vc_row disable_element=&#8221;yes&#8221; css=&#8221;.vc_custom_1663586704023{background-color: #041e41 !important;}&#8221;][vc_column reveal_effect=&#8221;&#8221; width=&#8221;2\/3&#8243;][vc_empty_space][vc_row_inner full_width=&#8221;electroluxpro-full-width-no-padding&#8221;][vc_column_inner width=&#8221;1\/4&#8243;][vc_single_image image=&#8221;8647&#8243; img_size=&#8221;full&#8221;][\/vc_column_inner][vc_column_inner width=&#8221;3\/4&#8243;][vc_empty_space height=&#8221;25px&#8221;][elx_heading font_container=&#8221;h1&#8243; font_size=&#8221;h3&#8243; text_color=&#8221;business&#8221; text_align=&#8221;text-left&#8221;]Personel kantinleri[\/elx_heading][\/vc_column_inner][\/vc_row_inner][elx_heading font_size=&#8221;h5&#8243; text_color=&#8221;white&#8221;]\u201cWe are very lucky to be working with world class equipment by Electrolux Professional which has not just given us the comfort and feel of a luxury space, [&hellip;]<\/p>\n","protected":false},"author":40,"featured_media":1627,"parent":1508,"menu_order":0,"comment_status":"closed","ping_status":"closed","template":"","meta":{"footnotes":""},"class_list":["post-14520","page","type-page","status-publish","has-post-thumbnail","hentry"],"acf":[],"yoast_head":"<!-- This site is optimized with the Yoast SEO plugin v23.3 - https:\/\/yoast.com\/wordpress\/plugins\/seo\/ -->\n<title>Personel yemekhaneleri - Electrolux Professional T\u00fcrkiye<\/title>\n<meta name=\"description\" content=\"Maintain international standards of cleanliness and hygiene in your kitchens thanks to Electrolux Professional. Discover our solutions for staff canteens.\" \/>\n<meta name=\"robots\" content=\"index, follow, max-snippet:-1, max-image-preview:large, max-video-preview:-1\" \/>\n<link rel=\"canonical\" href=\"https:\/\/www.electroluxprofessional.com\/tr\/isletmenize-yonelik-cozumler\/staff-canteens-2\/\" \/>\n<meta property=\"og:locale\" content=\"tr_TR\" \/>\n<meta property=\"og:type\" content=\"article\" \/>\n<meta property=\"og:title\" content=\"Personel yemekhaneleri - Electrolux Professional T\u00fcrkiye\" \/>\n<meta property=\"og:description\" content=\"Maintain international standards of cleanliness and hygiene in your kitchens thanks to Electrolux Professional. Discover our solutions for staff canteens.\" \/>\n<meta property=\"og:url\" content=\"https:\/\/www.electroluxprofessional.com\/tr\/isletmenize-yonelik-cozumler\/staff-canteens-2\/\" \/>\n<meta property=\"og:site_name\" content=\"Electrolux Professional T\u00fcrkiye\" \/>\n<meta property=\"article:modified_time\" content=\"2025-11-06T07:12:46+00:00\" \/>\n<meta property=\"og:image\" content=\"https:\/\/www.electroluxprofessional.com\/tr\/wp-content\/uploads\/2016\/11\/staff-canteens1.jpg\" \/>\n\t<meta property=\"og:image:width\" content=\"700\" \/>\n\t<meta property=\"og:image:height\" content=\"700\" \/>\n\t<meta property=\"og:image:type\" content=\"image\/jpeg\" \/>\n<meta name=\"twitter:card\" content=\"summary_large_image\" \/>\n<meta name=\"twitter:label1\" content=\"Tahmini okuma s\u00fcresi\" \/>\n\t<meta name=\"twitter:data1\" content=\"4 dakika\" \/>\n<script type=\"application\/ld+json\" class=\"yoast-schema-graph\">{\"@context\":\"https:\/\/schema.org\",\"@graph\":[{\"@type\":\"WebPage\",\"@id\":\"https:\/\/www.electroluxprofessional.com\/tr\/isletmenize-yonelik-cozumler\/staff-canteens-2\/\",\"url\":\"https:\/\/www.electroluxprofessional.com\/tr\/isletmenize-yonelik-cozumler\/staff-canteens-2\/\",\"name\":\"Personel yemekhaneleri - Electrolux Professional T\u00fcrkiye\",\"isPartOf\":{\"@id\":\"https:\/\/www.electroluxprofessional.com\/tr\/#website\"},\"primaryImageOfPage\":{\"@id\":\"https:\/\/www.electroluxprofessional.com\/tr\/isletmenize-yonelik-cozumler\/staff-canteens-2\/#primaryimage\"},\"image\":{\"@id\":\"https:\/\/www.electroluxprofessional.com\/tr\/isletmenize-yonelik-cozumler\/staff-canteens-2\/#primaryimage\"},\"thumbnailUrl\":\"https:\/\/www.electroluxprofessional.com\/tr\/wp-content\/uploads\/2016\/11\/staff-canteens1.jpg\",\"datePublished\":\"2022-09-29T14:26:21+00:00\",\"dateModified\":\"2025-11-06T07:12:46+00:00\",\"description\":\"Maintain international standards of cleanliness and hygiene in your kitchens thanks to Electrolux Professional. Discover our solutions for staff canteens.\",\"breadcrumb\":{\"@id\":\"https:\/\/www.electroluxprofessional.com\/tr\/isletmenize-yonelik-cozumler\/staff-canteens-2\/#breadcrumb\"},\"inLanguage\":\"tr\",\"potentialAction\":[{\"@type\":\"ReadAction\",\"target\":[\"https:\/\/www.electroluxprofessional.com\/tr\/isletmenize-yonelik-cozumler\/staff-canteens-2\/\"]}]},{\"@type\":\"ImageObject\",\"inLanguage\":\"tr\",\"@id\":\"https:\/\/www.electroluxprofessional.com\/tr\/isletmenize-yonelik-cozumler\/staff-canteens-2\/#primaryimage\",\"url\":\"https:\/\/www.electroluxprofessional.com\/tr\/wp-content\/uploads\/2016\/11\/staff-canteens1.jpg\",\"contentUrl\":\"https:\/\/www.electroluxprofessional.com\/tr\/wp-content\/uploads\/2016\/11\/staff-canteens1.jpg\",\"width\":700,\"height\":700,\"caption\":\"Staff Canteens\"},{\"@type\":\"BreadcrumbList\",\"@id\":\"https:\/\/www.electroluxprofessional.com\/tr\/isletmenize-yonelik-cozumler\/staff-canteens-2\/#breadcrumb\",\"itemListElement\":[{\"@type\":\"ListItem\",\"position\":1,\"name\":\"Home\",\"item\":\"https:\/\/www.electroluxprofessional.com\/tr\/\"},{\"@type\":\"ListItem\",\"position\":2,\"name\":\"\u0130\u015fletmenize Y\u00f6nelik \u00c7\u00f6z\u00fcmler\",\"item\":\"https:\/\/www.electroluxprofessional.com\/tr\/isletmenize-yonelik-cozumler\/\"},{\"@type\":\"ListItem\",\"position\":3,\"name\":\"Personel yemekhaneleri\"}]},{\"@type\":\"WebSite\",\"@id\":\"https:\/\/www.electroluxprofessional.com\/tr\/#website\",\"url\":\"https:\/\/www.electroluxprofessional.com\/tr\/\",\"name\":\"Electrolux Professional T\u00fcrkiye\",\"description\":\"\",\"potentialAction\":[{\"@type\":\"SearchAction\",\"target\":{\"@type\":\"EntryPoint\",\"urlTemplate\":\"https:\/\/www.electroluxprofessional.com\/tr\/?src={search_term_string}\"},\"query-input\":\"required name=search_term_string\"}],\"inLanguage\":\"tr\"}]}<\/script>\n<!-- \/ Yoast SEO plugin. -->","yoast_head_json":{"title":"Personel yemekhaneleri - Electrolux Professional T\u00fcrkiye","description":"Maintain international standards of cleanliness and hygiene in your kitchens thanks to Electrolux Professional. Discover our solutions for staff canteens.","robots":{"index":"index","follow":"follow","max-snippet":"max-snippet:-1","max-image-preview":"max-image-preview:large","max-video-preview":"max-video-preview:-1"},"canonical":"https:\/\/www.electroluxprofessional.com\/tr\/isletmenize-yonelik-cozumler\/staff-canteens-2\/","og_locale":"tr_TR","og_type":"article","og_title":"Personel yemekhaneleri - Electrolux Professional T\u00fcrkiye","og_description":"Maintain international standards of cleanliness and hygiene in your kitchens thanks to Electrolux Professional. Discover our solutions for staff canteens.","og_url":"https:\/\/www.electroluxprofessional.com\/tr\/isletmenize-yonelik-cozumler\/staff-canteens-2\/","og_site_name":"Electrolux Professional T\u00fcrkiye","article_modified_time":"2025-11-06T07:12:46+00:00","og_image":[{"width":700,"height":700,"url":"https:\/\/www.electroluxprofessional.com\/tr\/wp-content\/uploads\/2016\/11\/staff-canteens1.jpg","type":"image\/jpeg"}],"twitter_card":"summary_large_image","twitter_misc":{"Tahmini okuma s\u00fcresi":"4 dakika"},"schema":{"@context":"https:\/\/schema.org","@graph":[{"@type":"WebPage","@id":"https:\/\/www.electroluxprofessional.com\/tr\/isletmenize-yonelik-cozumler\/staff-canteens-2\/","url":"https:\/\/www.electroluxprofessional.com\/tr\/isletmenize-yonelik-cozumler\/staff-canteens-2\/","name":"Personel yemekhaneleri - Electrolux Professional T\u00fcrkiye","isPartOf":{"@id":"https:\/\/www.electroluxprofessional.com\/tr\/#website"},"primaryImageOfPage":{"@id":"https:\/\/www.electroluxprofessional.com\/tr\/isletmenize-yonelik-cozumler\/staff-canteens-2\/#primaryimage"},"image":{"@id":"https:\/\/www.electroluxprofessional.com\/tr\/isletmenize-yonelik-cozumler\/staff-canteens-2\/#primaryimage"},"thumbnailUrl":"https:\/\/www.electroluxprofessional.com\/tr\/wp-content\/uploads\/2016\/11\/staff-canteens1.jpg","datePublished":"2022-09-29T14:26:21+00:00","dateModified":"2025-11-06T07:12:46+00:00","description":"Maintain international standards of cleanliness and hygiene in your kitchens thanks to Electrolux Professional. Discover our solutions for staff canteens.","breadcrumb":{"@id":"https:\/\/www.electroluxprofessional.com\/tr\/isletmenize-yonelik-cozumler\/staff-canteens-2\/#breadcrumb"},"inLanguage":"tr","potentialAction":[{"@type":"ReadAction","target":["https:\/\/www.electroluxprofessional.com\/tr\/isletmenize-yonelik-cozumler\/staff-canteens-2\/"]}]},{"@type":"ImageObject","inLanguage":"tr","@id":"https:\/\/www.electroluxprofessional.com\/tr\/isletmenize-yonelik-cozumler\/staff-canteens-2\/#primaryimage","url":"https:\/\/www.electroluxprofessional.com\/tr\/wp-content\/uploads\/2016\/11\/staff-canteens1.jpg","contentUrl":"https:\/\/www.electroluxprofessional.com\/tr\/wp-content\/uploads\/2016\/11\/staff-canteens1.jpg","width":700,"height":700,"caption":"Staff Canteens"},{"@type":"BreadcrumbList","@id":"https:\/\/www.electroluxprofessional.com\/tr\/isletmenize-yonelik-cozumler\/staff-canteens-2\/#breadcrumb","itemListElement":[{"@type":"ListItem","position":1,"name":"Home","item":"https:\/\/www.electroluxprofessional.com\/tr\/"},{"@type":"ListItem","position":2,"name":"\u0130\u015fletmenize Y\u00f6nelik \u00c7\u00f6z\u00fcmler","item":"https:\/\/www.electroluxprofessional.com\/tr\/isletmenize-yonelik-cozumler\/"},{"@type":"ListItem","position":3,"name":"Personel yemekhaneleri"}]},{"@type":"WebSite","@id":"https:\/\/www.electroluxprofessional.com\/tr\/#website","url":"https:\/\/www.electroluxprofessional.com\/tr\/","name":"Electrolux Professional T\u00fcrkiye","description":"","potentialAction":[{"@type":"SearchAction","target":{"@type":"EntryPoint","urlTemplate":"https:\/\/www.electroluxprofessional.com\/tr\/?src={search_term_string}"},"query-input":"required name=search_term_string"}],"inLanguage":"tr"}]}},"_links":{"self":[{"href":"https:\/\/www.electroluxprofessional.com\/tr\/wp-json\/wp\/v2\/pages\/14520"}],"collection":[{"href":"https:\/\/www.electroluxprofessional.com\/tr\/wp-json\/wp\/v2\/pages"}],"about":[{"href":"https:\/\/www.electroluxprofessional.com\/tr\/wp-json\/wp\/v2\/types\/page"}],"author":[{"embeddable":true,"href":"https:\/\/www.electroluxprofessional.com\/tr\/wp-json\/wp\/v2\/users\/40"}],"replies":[{"embeddable":true,"href":"https:\/\/www.electroluxprofessional.com\/tr\/wp-json\/wp\/v2\/comments?post=14520"}],"version-history":[{"count":10,"href":"https:\/\/www.electroluxprofessional.com\/tr\/wp-json\/wp\/v2\/pages\/14520\/revisions"}],"predecessor-version":[{"id":22963,"href":"https:\/\/www.electroluxprofessional.com\/tr\/wp-json\/wp\/v2\/pages\/14520\/revisions\/22963"}],"up":[{"embeddable":true,"href":"https:\/\/www.electroluxprofessional.com\/tr\/wp-json\/wp\/v2\/pages\/1508"}],"wp:featuredmedia":[{"embeddable":true,"href":"https:\/\/www.electroluxprofessional.com\/tr\/wp-json\/wp\/v2\/media\/1627"}],"wp:attachment":[{"href":"https:\/\/www.electroluxprofessional.com\/tr\/wp-json\/wp\/v2\/media?parent=14520"}],"curies":[{"name":"wp","href":"https:\/\/api.w.org\/{rel}","templated":true}]}}