{"id":14498,"date":"2022-09-29T14:26:14","date_gmt":"2022-09-29T14:26:14","guid":{"rendered":"https:\/\/www.electroluxprofessional.com\/tr\/?page_id=14498"},"modified":"2025-10-16T11:17:12","modified_gmt":"2025-10-16T11:17:12","slug":"self-servis-camasirhane","status":"publish","type":"page","link":"https:\/\/www.electroluxprofessional.com\/tr\/isletmenize-yonelik-cozumler\/kucuk-isletmeler\/self-servis-camasirhane\/","title":{"rendered":"Self-servis \u00e7ama\u015f\u0131rhane \u00e7\u00f6z\u00fcmleri"},"content":{"rendered":"<p>[vc_row full_width=&#8221;electroluxpro-full-width-no-padding&#8221; css=&#8221;.vc_custom_1663593385575{margin-top: -50px !important;}&#8221;][vc_column][elx_full_banner title=&#8221;Self servis \u00e7ama\u015f\u0131rhane \u00e7\u00f6z\u00fcmleri&#8221; background_image_media_library=&#8221;14494&#8243; background_image_media_library_mobile=&#8221;43949&#8243;][\/vc_column][\/vc_row][vc_row][vc_column][vc_empty_space][\/vc_column][\/vc_row][vc_row][vc_column width=&#8221;2\/3&#8243;][elx_heading font_container=&#8221;h1&#8243; text_color=&#8221;electrolux-blue&#8221;]Self-servis i\u00e7in \u00e7ama\u015f\u0131rhane \u00e7\u00f6z\u00fcmleri[\/elx_heading][vc_column_text]K\u00fc\u00e7\u00fck ve orta \u00f6l\u00e7ekli apartmanlarda ve ortak konut tesislerinde kullan\u0131m i\u00e7in ideal olan my PRO, dayan\u0131kl\u0131l\u0131\u011f\u0131 verimlilikle birle\u015ftirerek sakinlerin daha az g\u00fc\u00e7l\u00fckle daha \u00e7abuk y\u0131kan\u0131p kurumas\u0131n\u0131 sa\u011flar. Zamandan tasarruf ederken paradan da tasarruf edin.[\/vc_column_text][elx_button button_text=&#8221;\u00dcR\u00dcNLER\u0130 \u0130NCELEY\u0130N&#8221; button_style=&#8221;icon&#8221; button_link=&#8221;url:https%3A%2F%2Fwww.electroluxprofessional.com%2Ftr%2Fticari-camasirhane-ekipmanlari%2Fmypro-yikama-kurutma-ve-silindir-utuler%2F|title:K%C3%BC%C3%A7%C3%BCk%20i%C5%9Fletmeler%20i%C3%A7in%20myPro%2C%20y%C4%B1kama%20kurutma%20ve%20silindir%20%C3%BCt%C3%BCler&#8221;][\/vc_column][vc_column width=&#8221;1\/3&#8243;][elx_heading text_color=&#8221;electrolux-blue&#8221;]Bro\u015f\u00fcr\u00fcn\u00fcz\u00fc indirin[\/elx_heading][elx_download_block text=&#8221;Self-servis i\u00e7in<br \/>\nmyPRO \u00e7ama\u015f\u0131rhane \u00e7\u00f6z\u00fcm\u00fc (EN)&#8221; link=&#8221;https:\/\/tools.electroluxprofessional.com\/Mirror\/Doc\/ELS\/CLFL\/EPR-leaflet-mypro-GENERAL-INFO_eng%202021_LR.pdf&#8221; background_color=&#8221;laundry-solutions&#8221;][\/vc_column][\/vc_row][vc_row][vc_column][vc_single_image image=&#8221;6145&#8243; img_size=&#8221;full&#8221; alignment=&#8221;center&#8221;][\/vc_column][\/vc_row][vc_row content_placement=&#8221;top&#8221; el_class=&#8221;marginNegative&#8221;][vc_column width=&#8221;1\/3&#8243;][vc_empty_space][elx_heading font_container=&#8221;h5&#8243; font_size=&#8221;h5&#8243; text_color=&#8221;inherit&#8221;]Profesyonel programlar[\/elx_heading][vc_column_text]Ev tipi makinelerden <strong>%50&#8217;ye kadar daha h\u0131zl\u0131<\/strong>, ayr\u0131ca dezenfeksiyon programlar\u0131 da dahil olmak \u00fczere \u00e7ok \u00e7e\u015fitli uygulamalara y\u00f6nelik programlarla daha fazla se\u00e7enek.[\/vc_column_text][\/vc_column][vc_column width=&#8221;1\/3&#8243;][vc_empty_space][elx_heading font_container=&#8221;h5&#8243; font_size=&#8221;h5&#8243; text_color=&#8221;inherit&#8221;]Dezenfeksiyon programlar\u0131[\/elx_heading][vc_column_text]Hijyen ve temizlik gereksinimlerini kar\u015f\u0131laman\u0131za yard\u0131mc\u0131 olacak <strong>dezenfeksiyon programlar\u0131<\/strong> da dahil olmak \u00fczere \u00e7ok \u00e7e\u015fitli uygulamalara y\u00f6nelik programlarla daha fazla esneklik sa\u011flar.[\/vc_column_text][\/vc_column][vc_column width=&#8221;1\/3&#8243;][vc_empty_space][elx_heading font_container=&#8221;h5&#8243; font_size=&#8221;h5&#8243; text_color=&#8221;inherit&#8221;]Otomatik Nem Kontrol\u00fc[\/elx_heading][vc_column_text]Giysilerin i\u00e7indeki nem seviyesinin <strong>ger\u00e7ek zamanl\u0131 kontrol\u00fc<\/strong> sayesinde daha k\u0131sa kurutma d\u00f6ng\u00fcs\u00fc.<br \/>\nLiflerin a\u015f\u0131r\u0131 kurumas\u0131n\u0131 \u00f6nler, zaman kazand\u0131r\u0131r ve kullan\u0131c\u0131lar\u0131n i\u00e7inin rahat olmas\u0131n\u0131 sa\u011flar.[\/vc_column_text][\/vc_column][\/vc_row][vc_row content_placement=&#8221;top&#8221; el_class=&#8221;marginNegative&#8221;][vc_column width=&#8221;1\/3&#8243;][vc_single_image image=&#8221;14489&#8243; img_size=&#8221;large&#8221;][elx_heading text_color=&#8221;inherit&#8221;]Verimli ve g\u00fcvenilir[\/elx_heading][vc_column_text css=&#8221;.vc_custom_1672752757944{margin-bottom: 0px !important;}&#8221; el_class=&#8221;minHeightCirclesText&#8221;]&#8221;\u00c7ama\u015f\u0131r odas\u0131ndaki ar\u0131zalar i\u00e7in endi\u015felenmeme gerek yok&#8221;[\/vc_column_text][vc_column_text css=&#8221;.vc_custom_1672753691583{margin-top: 15px !important;}&#8221;]<\/p>\n<ul>\n<li>Ev tipi makinelerden <strong>3 kat daha uzun<\/strong> s\u00fcre dayanacak \u015fekilde tasarlanm\u0131\u015f \u00e7ama\u015f\u0131r makinesi ve kurutucu<\/li>\n<li>Profesyonel uygulamalar i\u00e7in garantili<\/li>\n<li><strong>Harici Dozajlama<\/strong> Sistemi ile daha fazla esneklik<\/li>\n<\/ul>\n<p>[\/vc_column_text][\/vc_column][vc_column width=&#8221;1\/3&#8243;][vc_single_image image=&#8221;14490&#8243; img_size=&#8221;full&#8221;][elx_heading text_color=&#8221;inherit&#8221; css=&#8221;.vc_custom_1672752872410{margin-top: 0px !important;}&#8221;]Kullan\u0131c\u0131lar zamandan tasarruf ederken paradan tasarruf edin[\/elx_heading][vc_column_text css=&#8221;.vc_custom_1672752963435{margin-bottom: 0px !important;}&#8221; el_class=&#8221;minHeightCirclesText&#8221;]&#8221;D\u00f6ng\u00fc s\u00fcresi daha k\u0131sa oldu\u011fu i\u00e7in bir\u00e7ok mutlu kullan\u0131c\u0131m var&#8221;[\/vc_column_text][vc_column_text css=&#8221;.vc_custom_1760612269264{margin-top: 15px !important;}&#8221;]<\/p>\n<ul>\n<li>Profesyonel programlarla <strong>%50&#8217;ye kadar daha h\u0131zl\u0131<\/strong><\/li>\n<li>Kurutma ve \u00fct\u00fcleme a\u015famalar\u0131n\u0131 kolayla\u015ft\u0131ran <strong>s\u0131n\u0131f\u0131n\u0131n en iyisi<\/strong> <strong>susuzla\u015ft\u0131rma<\/strong><\/li>\n<li><strong>Otomatik Nem<\/strong> <strong>Kontrol\u00fc<\/strong> sayesinde daha k\u0131sa kurutma d\u00f6ng\u00fcs\u00fc<\/li>\n<\/ul>\n<p>[\/vc_column_text][\/vc_column][vc_column width=&#8221;1\/3&#8243;][vc_single_image image=&#8221;14493&#8243; img_size=&#8221;large&#8221;][elx_heading text_color=&#8221;inherit&#8221;]G\u00fcvenlik ve ergonomi[\/elx_heading][vc_column_text css=&#8221;.vc_custom_1672753003031{margin-bottom: 0px !important;}&#8221; el_class=&#8221;minHeightCirclesText&#8221;]&#8221;G\u00fcvenlik kap\u0131s\u0131 ile m\u00fc\u015fterilerim \u00e7ocuklar etraftayken rahatlayabilir&#8221;[\/vc_column_text][vc_column_text css=&#8221;.vc_custom_1760612281694{margin-top: 15px !important;}&#8221;]<\/p>\n<ul>\n<li class=\"li1\">\u00c7ocuk i\u00e7in g\u00fcvenli kap\u0131 ile i\u00e7iniz rahat olsun: <strong>i\u00e7eriden kolayca a\u00e7\u0131labilir<\/strong><\/li>\n<li class=\"li1\">Davul \u0131\u015f\u0131\u011f\u0131 ile i\u00e7 tambura <strong>h\u0131zl\u0131 ve kolay<\/strong> genel bak\u0131\u015f<\/li>\n<li class=\"li1\">Son derece etkili \u015fok emicilik sistemi sayesinde <strong>daha az titre\u015fim ve g\u00fcr\u00fclt\u00fc<\/strong><\/li>\n<\/ul>\n<p>[\/vc_column_text][\/vc_column][\/vc_row][vc_row][vc_column][vc_empty_space][\/vc_column][\/vc_row][vc_row][vc_column][elx_o2000_contact_us s=&#8221;Request of information about Hairdressers &amp; Beauty Salons&#8221; b=&#8221;laundry&#8221; r=&#8221;I would like to find out more about Laundry solutions for Self-service&#8221; l=&#8221;en&#8221;][\/vc_column][\/vc_row][vc_row][vc_column][vc_empty_space][\/vc_column][\/vc_row][vc_row css=&#8221;.vc_custom_1534772259989{background-color: #eeeeee !important;}&#8221;][vc_column width=&#8221;2\/3&#8243;][elx_heading font_size=&#8221;h3&#8243; text_color=&#8221;inherit&#8221;]Daha verimli \u00e7\u00f6z\u00fcmler mi ar\u0131yorsunuz?[\/elx_heading][elx_heading font_container=&#8221;h3&#8243; font_size=&#8221;h5&#8243; text_color=&#8221;inherit&#8221;]End\u00fcstriyel \u00e7ama\u015f\u0131rhane \u00e7\u00f6z\u00fcmlerimizi ke\u015ffedin[\/elx_heading][vc_column_text]Electrolux Professional, profesyonel \u00e7ama\u015f\u0131rhane ihtiya\u00e7lar\u0131n\u0131z i\u00e7in kapsaml\u0131 bir \u00fcr\u00fcn yelpazesi sunar.[\/vc_column_text][elx_button button_text=&#8221;Profesyonel \u00c7ama\u015f\u0131rhane \u00c7\u00f6z\u00fcmlerimizi Ke\u015ffedin&#8221; button_style=&#8221;icon&#8221; button_link=&#8221;url:https%3A%2F%2Fwww.electroluxprofessional.com%2Ftr%2Fticari-camasirhane-ekipmanlari%2Fline-6000-cozumler%2F|title:Line%206000%20%C3%87%C3%B6z%C3%BCmler&#8221;][\/vc_column][vc_column width=&#8221;1\/3&#8243;][vc_empty_space][vc_single_image image=&#8221;1167&#8243; img_size=&#8221;700px&#8221; onclick=&#8221;custom_link&#8221; link=&#8221;http:\/\/https:\/\/www.electroluxprofessional.com\/tr\/your-business\/commercial-laundries\/&#8221;][\/vc_column][\/vc_row]<\/p>\n","protected":false},"excerpt":{"rendered":"<p>[vc_row full_width=&#8221;electroluxpro-full-width-no-padding&#8221; css=&#8221;.vc_custom_1663593385575{margin-top: -50px !important;}&#8221;][vc_column][elx_full_banner title=&#8221;Self servis \u00e7ama\u015f\u0131rhane \u00e7\u00f6z\u00fcmleri&#8221; background_image_media_library=&#8221;14494&#8243; background_image_media_library_mobile=&#8221;43949&#8243;][\/vc_column][\/vc_row][vc_row][vc_column][vc_empty_space][\/vc_column][\/vc_row][vc_row][vc_column width=&#8221;2\/3&#8243;][elx_heading font_container=&#8221;h1&#8243; text_color=&#8221;electrolux-blue&#8221;]Self-servis i\u00e7in \u00e7ama\u015f\u0131rhane \u00e7\u00f6z\u00fcmleri[\/elx_heading][vc_column_text]K\u00fc\u00e7\u00fck ve orta \u00f6l\u00e7ekli apartmanlarda ve ortak konut tesislerinde kullan\u0131m i\u00e7in ideal olan my PRO, dayan\u0131kl\u0131l\u0131\u011f\u0131 verimlilikle birle\u015ftirerek sakinlerin daha az g\u00fc\u00e7l\u00fckle daha \u00e7abuk y\u0131kan\u0131p kurumas\u0131n\u0131 sa\u011flar. Zamandan tasarruf ederken paradan da tasarruf edin.[\/vc_column_text][elx_button button_text=&#8221;\u00dcR\u00dcNLER\u0130 \u0130NCELEY\u0130N&#8221; button_style=&#8221;icon&#8221; button_link=&#8221;url:https%3A%2F%2Fwww.electroluxprofessional.com%2Ftr%2Fticari-camasirhane-ekipmanlari%2Fmypro-yikama-kurutma-ve-silindir-utuler%2F|title:K%C3%BC%C3%A7%C3%BCk%20i%C5%9Fletmeler%20i%C3%A7in%20myPro%2C%20y%C4%B1kama%20kurutma%20ve%20silindir%20%C3%BCt%C3%BCler&#8221;][\/vc_column][vc_column width=&#8221;1\/3&#8243;][elx_heading [&hellip;]<\/p>\n","protected":false},"author":40,"featured_media":14487,"parent":21615,"menu_order":0,"comment_status":"closed","ping_status":"closed","template":"","meta":{"footnotes":""},"class_list":["post-14498","page","type-page","status-publish","has-post-thumbnail","hentry"],"acf":[],"yoast_head":"<!-- This site is optimized with the Yoast SEO plugin v23.3 - https:\/\/yoast.com\/wordpress\/plugins\/seo\/ -->\n<title>Self-servis \u00e7ama\u015f\u0131rhane \u00e7\u00f6z\u00fcmleri - Electrolux Professional<\/title>\n<meta name=\"description\" content=\"Self-servis \u00e7ama\u015f\u0131rhane \u00e7\u00f6z\u00fcmleri ile tan\u0131\u015f\u0131n! K\u00fc\u00e7\u00fck ve orta \u00f6l\u00e7ekli apartmanlar ile payla\u015f\u0131ml\u0131 ya\u015fam alanlar\u0131 i\u00e7in ideal, pratik ve yer tasarrufu sa\u011flayan \u00e7\u00f6z\u00fcmler.\" \/>\n<meta name=\"robots\" content=\"index, follow, max-snippet:-1, max-image-preview:large, max-video-preview:-1\" \/>\n<link rel=\"canonical\" href=\"https:\/\/www.electroluxprofessional.com\/tr\/isletmenize-yonelik-cozumler\/kucuk-isletmeler\/self-servis-camasirhane\/\" \/>\n<meta property=\"og:locale\" content=\"tr_TR\" \/>\n<meta property=\"og:type\" content=\"article\" \/>\n<meta property=\"og:title\" content=\"Self-servis \u00e7ama\u015f\u0131rhane \u00e7\u00f6z\u00fcmleri - Electrolux Professional\" \/>\n<meta property=\"og:description\" content=\"Self-servis \u00e7ama\u015f\u0131rhane \u00e7\u00f6z\u00fcmleri ile tan\u0131\u015f\u0131n! K\u00fc\u00e7\u00fck ve orta \u00f6l\u00e7ekli apartmanlar ile payla\u015f\u0131ml\u0131 ya\u015fam alanlar\u0131 i\u00e7in ideal, pratik ve yer tasarrufu sa\u011flayan \u00e7\u00f6z\u00fcmler.\" \/>\n<meta property=\"og:url\" content=\"https:\/\/www.electroluxprofessional.com\/tr\/isletmenize-yonelik-cozumler\/kucuk-isletmeler\/self-servis-camasirhane\/\" \/>\n<meta property=\"og:site_name\" content=\"Electrolux Professional T\u00fcrkiye\" \/>\n<meta property=\"article:modified_time\" content=\"2025-10-16T11:17:12+00:00\" \/>\n<meta property=\"og:image\" content=\"https:\/\/www.electroluxprofessional.com\/tr\/wp-content\/uploads\/2022\/09\/myPRO-zip-self-service-laundries-featured.jpg\" \/>\n\t<meta property=\"og:image:width\" content=\"800\" \/>\n\t<meta property=\"og:image:height\" content=\"500\" \/>\n\t<meta property=\"og:image:type\" content=\"image\/jpeg\" \/>\n<meta name=\"twitter:card\" content=\"summary_large_image\" \/>\n<meta name=\"twitter:label1\" content=\"Tahmini okuma s\u00fcresi\" \/>\n\t<meta name=\"twitter:data1\" content=\"4 dakika\" \/>\n<script type=\"application\/ld+json\" class=\"yoast-schema-graph\">{\"@context\":\"https:\/\/schema.org\",\"@graph\":[{\"@type\":\"WebPage\",\"@id\":\"https:\/\/www.electroluxprofessional.com\/tr\/isletmenize-yonelik-cozumler\/kucuk-isletmeler\/self-servis-camasirhane\/\",\"url\":\"https:\/\/www.electroluxprofessional.com\/tr\/isletmenize-yonelik-cozumler\/kucuk-isletmeler\/self-servis-camasirhane\/\",\"name\":\"Self-servis \u00e7ama\u015f\u0131rhane \u00e7\u00f6z\u00fcmleri - Electrolux Professional\",\"isPartOf\":{\"@id\":\"https:\/\/www.electroluxprofessional.com\/tr\/#website\"},\"primaryImageOfPage\":{\"@id\":\"https:\/\/www.electroluxprofessional.com\/tr\/isletmenize-yonelik-cozumler\/kucuk-isletmeler\/self-servis-camasirhane\/#primaryimage\"},\"image\":{\"@id\":\"https:\/\/www.electroluxprofessional.com\/tr\/isletmenize-yonelik-cozumler\/kucuk-isletmeler\/self-servis-camasirhane\/#primaryimage\"},\"thumbnailUrl\":\"https:\/\/www.electroluxprofessional.com\/tr\/wp-content\/uploads\/2022\/09\/myPRO-zip-self-service-laundries-featured.jpg\",\"datePublished\":\"2022-09-29T14:26:14+00:00\",\"dateModified\":\"2025-10-16T11:17:12+00:00\",\"description\":\"Self-servis \u00e7ama\u015f\u0131rhane \u00e7\u00f6z\u00fcmleri ile tan\u0131\u015f\u0131n! K\u00fc\u00e7\u00fck ve orta \u00f6l\u00e7ekli apartmanlar ile payla\u015f\u0131ml\u0131 ya\u015fam alanlar\u0131 i\u00e7in ideal, pratik ve yer tasarrufu sa\u011flayan \u00e7\u00f6z\u00fcmler.\",\"breadcrumb\":{\"@id\":\"https:\/\/www.electroluxprofessional.com\/tr\/isletmenize-yonelik-cozumler\/kucuk-isletmeler\/self-servis-camasirhane\/#breadcrumb\"},\"inLanguage\":\"tr\",\"potentialAction\":[{\"@type\":\"ReadAction\",\"target\":[\"https:\/\/www.electroluxprofessional.com\/tr\/isletmenize-yonelik-cozumler\/kucuk-isletmeler\/self-servis-camasirhane\/\"]}]},{\"@type\":\"ImageObject\",\"inLanguage\":\"tr\",\"@id\":\"https:\/\/www.electroluxprofessional.com\/tr\/isletmenize-yonelik-cozumler\/kucuk-isletmeler\/self-servis-camasirhane\/#primaryimage\",\"url\":\"https:\/\/www.electroluxprofessional.com\/tr\/wp-content\/uploads\/2022\/09\/myPRO-zip-self-service-laundries-featured.jpg\",\"contentUrl\":\"https:\/\/www.electroluxprofessional.com\/tr\/wp-content\/uploads\/2022\/09\/myPRO-zip-self-service-laundries-featured.jpg\",\"width\":800,\"height\":500,\"caption\":\"myPRO zip self service laundries\"},{\"@type\":\"BreadcrumbList\",\"@id\":\"https:\/\/www.electroluxprofessional.com\/tr\/isletmenize-yonelik-cozumler\/kucuk-isletmeler\/self-servis-camasirhane\/#breadcrumb\",\"itemListElement\":[{\"@type\":\"ListItem\",\"position\":1,\"name\":\"Home\",\"item\":\"https:\/\/www.electroluxprofessional.com\/tr\/\"},{\"@type\":\"ListItem\",\"position\":2,\"name\":\"\u0130\u015fletmenize Y\u00f6nelik \u00c7\u00f6z\u00fcmler\",\"item\":\"https:\/\/www.electroluxprofessional.com\/tr\/isletmenize-yonelik-cozumler\/\"},{\"@type\":\"ListItem\",\"position\":3,\"name\":\"K\u00fc\u00e7\u00fck \u0130\u015fletmeler\",\"item\":\"https:\/\/www.electroluxprofessional.com\/tr\/isletmenize-yonelik-cozumler\/kucuk-isletmeler\/\"},{\"@type\":\"ListItem\",\"position\":4,\"name\":\"Self-servis \u00e7ama\u015f\u0131rhane \u00e7\u00f6z\u00fcmleri\"}]},{\"@type\":\"WebSite\",\"@id\":\"https:\/\/www.electroluxprofessional.com\/tr\/#website\",\"url\":\"https:\/\/www.electroluxprofessional.com\/tr\/\",\"name\":\"Electrolux Professional T\u00fcrkiye\",\"description\":\"\",\"potentialAction\":[{\"@type\":\"SearchAction\",\"target\":{\"@type\":\"EntryPoint\",\"urlTemplate\":\"https:\/\/www.electroluxprofessional.com\/tr\/?src={search_term_string}\"},\"query-input\":\"required name=search_term_string\"}],\"inLanguage\":\"tr\"}]}<\/script>\n<!-- \/ Yoast SEO plugin. -->","yoast_head_json":{"title":"Self-servis \u00e7ama\u015f\u0131rhane \u00e7\u00f6z\u00fcmleri - Electrolux Professional","description":"Self-servis \u00e7ama\u015f\u0131rhane \u00e7\u00f6z\u00fcmleri ile tan\u0131\u015f\u0131n! K\u00fc\u00e7\u00fck ve orta \u00f6l\u00e7ekli apartmanlar ile payla\u015f\u0131ml\u0131 ya\u015fam alanlar\u0131 i\u00e7in ideal, pratik ve yer tasarrufu sa\u011flayan \u00e7\u00f6z\u00fcmler.","robots":{"index":"index","follow":"follow","max-snippet":"max-snippet:-1","max-image-preview":"max-image-preview:large","max-video-preview":"max-video-preview:-1"},"canonical":"https:\/\/www.electroluxprofessional.com\/tr\/isletmenize-yonelik-cozumler\/kucuk-isletmeler\/self-servis-camasirhane\/","og_locale":"tr_TR","og_type":"article","og_title":"Self-servis \u00e7ama\u015f\u0131rhane \u00e7\u00f6z\u00fcmleri - Electrolux Professional","og_description":"Self-servis \u00e7ama\u015f\u0131rhane \u00e7\u00f6z\u00fcmleri ile tan\u0131\u015f\u0131n! K\u00fc\u00e7\u00fck ve orta \u00f6l\u00e7ekli apartmanlar ile payla\u015f\u0131ml\u0131 ya\u015fam alanlar\u0131 i\u00e7in ideal, pratik ve yer tasarrufu sa\u011flayan \u00e7\u00f6z\u00fcmler.","og_url":"https:\/\/www.electroluxprofessional.com\/tr\/isletmenize-yonelik-cozumler\/kucuk-isletmeler\/self-servis-camasirhane\/","og_site_name":"Electrolux Professional T\u00fcrkiye","article_modified_time":"2025-10-16T11:17:12+00:00","og_image":[{"width":800,"height":500,"url":"https:\/\/www.electroluxprofessional.com\/tr\/wp-content\/uploads\/2022\/09\/myPRO-zip-self-service-laundries-featured.jpg","type":"image\/jpeg"}],"twitter_card":"summary_large_image","twitter_misc":{"Tahmini okuma s\u00fcresi":"4 dakika"},"schema":{"@context":"https:\/\/schema.org","@graph":[{"@type":"WebPage","@id":"https:\/\/www.electroluxprofessional.com\/tr\/isletmenize-yonelik-cozumler\/kucuk-isletmeler\/self-servis-camasirhane\/","url":"https:\/\/www.electroluxprofessional.com\/tr\/isletmenize-yonelik-cozumler\/kucuk-isletmeler\/self-servis-camasirhane\/","name":"Self-servis \u00e7ama\u015f\u0131rhane \u00e7\u00f6z\u00fcmleri - Electrolux Professional","isPartOf":{"@id":"https:\/\/www.electroluxprofessional.com\/tr\/#website"},"primaryImageOfPage":{"@id":"https:\/\/www.electroluxprofessional.com\/tr\/isletmenize-yonelik-cozumler\/kucuk-isletmeler\/self-servis-camasirhane\/#primaryimage"},"image":{"@id":"https:\/\/www.electroluxprofessional.com\/tr\/isletmenize-yonelik-cozumler\/kucuk-isletmeler\/self-servis-camasirhane\/#primaryimage"},"thumbnailUrl":"https:\/\/www.electroluxprofessional.com\/tr\/wp-content\/uploads\/2022\/09\/myPRO-zip-self-service-laundries-featured.jpg","datePublished":"2022-09-29T14:26:14+00:00","dateModified":"2025-10-16T11:17:12+00:00","description":"Self-servis \u00e7ama\u015f\u0131rhane \u00e7\u00f6z\u00fcmleri ile tan\u0131\u015f\u0131n! K\u00fc\u00e7\u00fck ve orta \u00f6l\u00e7ekli apartmanlar ile payla\u015f\u0131ml\u0131 ya\u015fam alanlar\u0131 i\u00e7in ideal, pratik ve yer tasarrufu sa\u011flayan \u00e7\u00f6z\u00fcmler.","breadcrumb":{"@id":"https:\/\/www.electroluxprofessional.com\/tr\/isletmenize-yonelik-cozumler\/kucuk-isletmeler\/self-servis-camasirhane\/#breadcrumb"},"inLanguage":"tr","potentialAction":[{"@type":"ReadAction","target":["https:\/\/www.electroluxprofessional.com\/tr\/isletmenize-yonelik-cozumler\/kucuk-isletmeler\/self-servis-camasirhane\/"]}]},{"@type":"ImageObject","inLanguage":"tr","@id":"https:\/\/www.electroluxprofessional.com\/tr\/isletmenize-yonelik-cozumler\/kucuk-isletmeler\/self-servis-camasirhane\/#primaryimage","url":"https:\/\/www.electroluxprofessional.com\/tr\/wp-content\/uploads\/2022\/09\/myPRO-zip-self-service-laundries-featured.jpg","contentUrl":"https:\/\/www.electroluxprofessional.com\/tr\/wp-content\/uploads\/2022\/09\/myPRO-zip-self-service-laundries-featured.jpg","width":800,"height":500,"caption":"myPRO zip self service laundries"},{"@type":"BreadcrumbList","@id":"https:\/\/www.electroluxprofessional.com\/tr\/isletmenize-yonelik-cozumler\/kucuk-isletmeler\/self-servis-camasirhane\/#breadcrumb","itemListElement":[{"@type":"ListItem","position":1,"name":"Home","item":"https:\/\/www.electroluxprofessional.com\/tr\/"},{"@type":"ListItem","position":2,"name":"\u0130\u015fletmenize Y\u00f6nelik \u00c7\u00f6z\u00fcmler","item":"https:\/\/www.electroluxprofessional.com\/tr\/isletmenize-yonelik-cozumler\/"},{"@type":"ListItem","position":3,"name":"K\u00fc\u00e7\u00fck \u0130\u015fletmeler","item":"https:\/\/www.electroluxprofessional.com\/tr\/isletmenize-yonelik-cozumler\/kucuk-isletmeler\/"},{"@type":"ListItem","position":4,"name":"Self-servis \u00e7ama\u015f\u0131rhane \u00e7\u00f6z\u00fcmleri"}]},{"@type":"WebSite","@id":"https:\/\/www.electroluxprofessional.com\/tr\/#website","url":"https:\/\/www.electroluxprofessional.com\/tr\/","name":"Electrolux Professional T\u00fcrkiye","description":"","potentialAction":[{"@type":"SearchAction","target":{"@type":"EntryPoint","urlTemplate":"https:\/\/www.electroluxprofessional.com\/tr\/?src={search_term_string}"},"query-input":"required name=search_term_string"}],"inLanguage":"tr"}]}},"_links":{"self":[{"href":"https:\/\/www.electroluxprofessional.com\/tr\/wp-json\/wp\/v2\/pages\/14498"}],"collection":[{"href":"https:\/\/www.electroluxprofessional.com\/tr\/wp-json\/wp\/v2\/pages"}],"about":[{"href":"https:\/\/www.electroluxprofessional.com\/tr\/wp-json\/wp\/v2\/types\/page"}],"author":[{"embeddable":true,"href":"https:\/\/www.electroluxprofessional.com\/tr\/wp-json\/wp\/v2\/users\/40"}],"replies":[{"embeddable":true,"href":"https:\/\/www.electroluxprofessional.com\/tr\/wp-json\/wp\/v2\/comments?post=14498"}],"version-history":[{"count":10,"href":"https:\/\/www.electroluxprofessional.com\/tr\/wp-json\/wp\/v2\/pages\/14498\/revisions"}],"predecessor-version":[{"id":22488,"href":"https:\/\/www.electroluxprofessional.com\/tr\/wp-json\/wp\/v2\/pages\/14498\/revisions\/22488"}],"up":[{"embeddable":true,"href":"https:\/\/www.electroluxprofessional.com\/tr\/wp-json\/wp\/v2\/pages\/21615"}],"wp:featuredmedia":[{"embeddable":true,"href":"https:\/\/www.electroluxprofessional.com\/tr\/wp-json\/wp\/v2\/media\/14487"}],"wp:attachment":[{"href":"https:\/\/www.electroluxprofessional.com\/tr\/wp-json\/wp\/v2\/media?parent=14498"}],"curies":[{"name":"wp","href":"https:\/\/api.w.org\/{rel}","templated":true}]}}