{"id":14468,"date":"2022-09-29T14:26:03","date_gmt":"2022-09-29T14:26:03","guid":{"rendered":"https:\/\/www.electroluxprofessional.com\/tr\/?page_id=14468"},"modified":"2025-11-06T07:13:52","modified_gmt":"2025-11-06T07:13:52","slug":"heavy-duty-laundries","status":"publish","type":"page","link":"https:\/\/www.electroluxprofessional.com\/tr\/isletmenize-yonelik-cozumler\/ticari-camasirhaneler\/heavy-duty-laundries\/","title":{"rendered":"Yo\u011fun hizmet veren \u00e7ama\u015f\u0131rhaneler"},"content":{"rendered":"<p>[vc_row full_width=&#8221;electroluxpro-full-width-no-padding&#8221; equal_height=&#8221;yes&#8221;][vc_column reveal_effect=&#8221;&#8221;][elx_full_banner title=&#8221;Yo\u011fun hizmet veren \u00e7ama\u015f\u0131rhaneler&#8221; set_as_h1=&#8221;true&#8221; background_image_media_library=&#8221;14466&#8243; background_image_media_library_mobile=&#8221;39315&#8243;][\/vc_column][\/vc_row][vc_row][vc_column][vc_column_text]<\/p>\n<h1 style=\"text-align: left;\">\u00c7ama\u015f\u0131rhane s\u00fcrecinde \u00fcst\u00fcn performans, y\u00fcksek \u00fcretkenlik, d\u00fc\u015f\u00fck i\u015fletme maliyetleri ve maksimum \u015feffafl\u0131k.<\/h1>\n<p>[\/vc_column_text][vc_empty_space][elx_heading text_color=&#8221;inherit&#8221;]\u00c7\u00f6z\u00fcmlerimiz \u00f6nemli zaman ve para tasarruflar\u0131 sa\u011flar[\/elx_heading][vc_column_text css_animation=&#8221;none&#8221;]<\/p>\n<ul>\n<li>Ak\u0131ll\u0131 teknoloji sayesinde<br \/>\nsu, enerji ve deterjan t\u00fcketimini optimize eder<\/li>\n<li>Daha h\u0131zl\u0131 d\u00f6ng\u00fc s\u00fcreleri<\/li>\n<li>Daha d\u00fc\u015f\u00fck su tutma sayesinde daha h\u0131zl\u0131 ve daha ekonomik kurutma s\u00fcre\u00e7leri<\/li>\n<li>Pazardaki en iyi \u00fct\u00fcleme performans\u0131<\/li>\n<li>Geni\u015f bir \u00fct\u00fc \u00e7\u00f6z\u00fcmleri gam\u0131 \u2013 besleme ve katlama ekipman\u0131 ile \u00fct\u00fcleme bantlar\u0131na kadar<\/li>\n<li>Daha fazla himzet esnekli\u011fi \u2013<br \/>\nuzmanlar, e\u011fitim ve d\u00fcnyan\u0131n en geni\u015f servis a\u011f\u0131<\/li>\n<\/ul>\n<p>[\/vc_column_text][vc_empty_space][\/vc_column][\/vc_row][vc_row equal_height=&#8221;yes&#8221;][vc_column width=&#8221;1\/2&#8243;][elx_image_block background_image=&#8221;710&#8243; minimum_height=&#8221;600px&#8221;][\/vc_column][vc_column width=&#8221;1\/2&#8243;][elx_simple_block background_color=&#8221;inherit&#8221;][elx_heading text_color=&#8221;inherit&#8221;]HIA Ticari \u00e7ama\u015f\u0131rhane[\/elx_heading][vc_column_text]<\/p>\n<h3><em>&#8220;Electrolux\u00a0 Professional vites y\u00fckseltmenize yard\u0131m etti&#8221;.<\/em><\/h3>\n<p><strong><br \/>\nEva-Maj Axelsson, Laundry Manager HIA <\/strong><br \/>\n<strong> Eksj\u00f6, Sweden<\/strong>[\/vc_column_text][\/elx_simple_block][\/vc_column][\/vc_row][vc_row][vc_column][vc_empty_space][elx_heading text_color=&#8221;inherit&#8221; text_align=&#8221;text-center&#8221;]\u0130htiya\u00e7lar\u0131n\u0131z i\u00e7in konfig\u00fcre edildi.<br \/>\nKendi \u00e7\u00f6z\u00fcm paketinizi se\u00e7in.<\/p>\n<p>[\/elx_heading][\/vc_column][\/vc_row][vc_row equal_height=&#8221;yes&#8221;][vc_column width=&#8221;1\/2&#8243;][elx_image_block background_image=&#8221;711&#8243; minimum_height=&#8221;350px&#8221;][\/vc_column][vc_column width=&#8221;1\/2&#8243;][elx_simple_block background_color=&#8221;inherit&#8221;][elx_heading text_color=&#8221;inherit&#8221;]Eri\u015fim \u00e7\u00f6z\u00fcm\u00fc[\/elx_heading][vc_column_text]<\/p>\n<ul>\n<li>Son derece d\u00fc\u015f\u00fck su ve enerji t\u00fcketimi ve yar\u0131m y\u00fckleme de <strong>%<\/strong><strong>50&#8217;ye kadar su tasarrufu<\/strong><\/li>\n<li><strong>%30 daha az<\/strong> kurutma s\u00fcresi<\/li>\n<li>D\u00fcz \u00e7ar\u015faflar i\u00e7in \u00f6zel bak\u0131m \u00f6zellikleri ve y\u00fcksek s\u0131cakl\u0131klarda uzat\u0131lm\u0131\u015f kullan\u0131m i\u00e7in tasarlanm\u0131\u015f <strong>\u00fct\u00fcleme bantlar\u0131<\/strong><\/li>\n<\/ul>\n<p>[\/vc_column_text][vc_column_text]2 x \u00d6nden Y\u00fcklemeli \u00c7ama\u015f\u0131r Makineleri (33 kg)<br \/>\n1 x Tamburlu Kurutma Makineleri (30.5 kg)<br \/>\n1 x Silindir tip \u00dct\u00fc (2065 mm)[\/vc_column_text][\/elx_simple_block][\/vc_column][\/vc_row][vc_row equal_height=&#8221;yes&#8221; css=&#8221;.vc_custom_1465207502266{padding-top: 30px !important;}&#8221;][vc_column width=&#8221;1\/2&#8243;][elx_image_block background_image=&#8221;709&#8243; minimum_height=&#8221;350px&#8221;][\/vc_column][vc_column width=&#8221;1\/2&#8243;][elx_simple_block background_color=&#8221;inherit&#8221;][elx_heading text_color=&#8221;inherit&#8221;]Geli\u015fmi\u015f \u00e7\u00f6z\u00fcm[\/elx_heading][vc_column_text]<\/p>\n<ul>\n<li>\u00c7ama\u015f\u0131r makinesinin <strong>optimum \u015fekilde y\u00fcklenmesi<\/strong> i\u00e7in Entegre Tasarruf Sistemi sayesinde<strong> m\u00fckemmel y\u0131kama<\/strong> ve m\u00fckemmel bak\u0131m<\/li>\n<li><strong>%10\u2019a kadar daha h\u0131zl\u0131 ve %15\u2019e kadar daha fazla enerji verimli<\/strong> kurutma s\u00fcre\u00e7leri<\/li>\n<li>Direk \u00dct\u00fc ile Geli\u015fmi\u015f Nem Y\u00f6netim Sistemi<\/li>\n<\/ul>\n<p>[\/vc_column_text][vc_column_text]3 x \u00d6nden Y\u00fcklemeli \u00c7ama\u015f\u0131r Makinesi (45 kg)<br \/>\n1 x Tamburlu Kurutma Makinesi (45 kg)<br \/>\n1 x Silindir tip \u00dct\u00fc, beslemeli, katlamal\u0131 ve istiflemeli (3170 mm)[\/vc_column_text][\/elx_simple_block][\/vc_column][\/vc_row][vc_row equal_height=&#8221;yes&#8221; css=&#8221;.vc_custom_1465208851809{padding-top: 30px !important;}&#8221;][vc_column width=&#8221;1\/2&#8243;][elx_image_block background_image=&#8221;713&#8243; minimum_height=&#8221;350px&#8221;][\/vc_column][vc_column width=&#8221;1\/2&#8243;][elx_simple_block background_color=&#8221;inherit&#8221;][elx_heading text_color=&#8221;inherit&#8221;]\u00dcst\u00fcn \u00e7\u00f6z\u00fcm[\/elx_heading][vc_column_text]<\/p>\n<ul>\n<li><strong>\u00c7ama\u015f\u0131r makinesinin optimum \u015fekilde y\u00fcklenmesi<\/strong> ve etkin su ve <strong>deterjan dozajlamas\u0131<\/strong> i\u00e7in Entegre Tasarruf Sistemi sayesinde <strong>m\u00fckemmel y\u0131kama<\/strong><\/li>\n<li>En iyi performans ve y\u00fcksek \u00fcretkenlik: <strong>%<\/strong><strong>10&#8217;a kadar daha h\u0131zl\u0131<\/strong> ve <strong>%<\/strong><strong>15&#8217;e kadar daha enerji verimli <\/strong>kurutma s\u00fcre\u00e7leri<\/li>\n<li>S\u00fcper Esnek\u00a0 ve sabit rulolu, Sand\u0131k tipi <strong>end\u00fcstriyel \u00fct\u00fc<\/strong>, en y\u00fcksek \u00fct\u00fc kalitesi i\u00e7in <strong>sabit bir bas\u0131n\u00e7<\/strong> ve <strong>maksimum \u00fct\u00fcleme y\u00fczeyi<\/strong> sa\u011flar<\/li>\n<\/ul>\n<p>[\/vc_column_text][vc_column_text]3 x \u00d6nden Y\u00fcklemeli \u00c7ama\u015f\u0131r Makineleri (120 kg)<br \/>\n2 x \u00d6nden Y\u00fcklemeli \u00c7ama\u015f\u0131r Makineleri (65 kg)<br \/>\n1 x \u00d6nden Y\u00fcklemeli \u00c7ama\u015f\u0131r Makineleri (20 kg)<br \/>\n4 x Tamburlu Kurutma Makineleri (60 kg)<br \/>\n1 x Tamburlu Kurutma Makineleri (20 kg)<br \/>\n1 x C-Flex Silindir \u00fct\u00fc[\/vc_column_text][\/elx_simple_block][\/vc_column][\/vc_row][vc_row][vc_column][vc_empty_space][\/vc_column][\/vc_row][vc_row el_id=&#8221;contactus&#8221;][vc_column][vc_empty_space][elx_heading text_color=&#8221;inherit&#8221;]Uzman ekiplerimizle g\u00f6r\u00fc\u015f\u00fcn ve Electrolux Professional\u2019\u0131n i\u015finiz i\u00e7in ne yapabilece\u011fini \u00f6\u011frenin.[\/elx_heading][elx_o2000_contact_us r=&#8221;I would like to get in touch with your team of experts and find out together a solution for my business.&#8221; s=&#8221;Request for information: commercial laundries&#8221; container=&#8221;elxcontactus1466427204&#8243;][\/vc_column][\/vc_row][vc_row][vc_column][vc_empty_space][\/vc_column][\/vc_row]<\/p>\n","protected":false},"excerpt":{"rendered":"<p>[vc_row full_width=&#8221;electroluxpro-full-width-no-padding&#8221; equal_height=&#8221;yes&#8221;][vc_column reveal_effect=&#8221;&#8221;][elx_full_banner title=&#8221;Yo\u011fun hizmet veren \u00e7ama\u015f\u0131rhaneler&#8221; set_as_h1=&#8221;true&#8221; background_image_media_library=&#8221;14466&#8243; background_image_media_library_mobile=&#8221;39315&#8243;][\/vc_column][\/vc_row][vc_row][vc_column][vc_column_text] \u00c7ama\u015f\u0131rhane s\u00fcrecinde \u00fcst\u00fcn performans, y\u00fcksek \u00fcretkenlik, d\u00fc\u015f\u00fck i\u015fletme maliyetleri ve maksimum \u015feffafl\u0131k. [\/vc_column_text][vc_empty_space][elx_heading text_color=&#8221;inherit&#8221;]\u00c7\u00f6z\u00fcmlerimiz \u00f6nemli zaman ve para tasarruflar\u0131 sa\u011flar[\/elx_heading][vc_column_text css_animation=&#8221;none&#8221;] Ak\u0131ll\u0131 teknoloji sayesinde su, enerji ve deterjan t\u00fcketimini optimize eder Daha h\u0131zl\u0131 d\u00f6ng\u00fc s\u00fcreleri Daha d\u00fc\u015f\u00fck su tutma sayesinde daha h\u0131zl\u0131 ve daha [&hellip;]<\/p>\n","protected":false},"author":40,"featured_media":14465,"parent":1641,"menu_order":0,"comment_status":"closed","ping_status":"closed","template":"","meta":{"footnotes":""},"class_list":["post-14468","page","type-page","status-publish","has-post-thumbnail","hentry"],"acf":[],"yoast_head":"<!-- This site is optimized with the Yoast SEO plugin v23.3 - https:\/\/yoast.com\/wordpress\/plugins\/seo\/ -->\n<title>Yo\u011fun hizmet veren \u00e7ama\u015f\u0131rhaneler - Electrolux Professional T\u00fcrkiye<\/title>\n<meta name=\"description\" content=\"Extra robust Washers, Dryers and Ironers that last longer. Due to robust mechanical construction, our machines require less maintenance.\" \/>\n<meta name=\"robots\" content=\"index, follow, max-snippet:-1, max-image-preview:large, max-video-preview:-1\" \/>\n<link rel=\"canonical\" href=\"https:\/\/www.electroluxprofessional.com\/tr\/isletmenize-yonelik-cozumler\/ticari-camasirhaneler\/heavy-duty-laundries\/\" \/>\n<meta property=\"og:locale\" content=\"tr_TR\" \/>\n<meta property=\"og:type\" content=\"article\" \/>\n<meta property=\"og:title\" content=\"Yo\u011fun hizmet veren \u00e7ama\u015f\u0131rhaneler - Electrolux Professional T\u00fcrkiye\" \/>\n<meta property=\"og:description\" content=\"Extra robust Washers, Dryers and Ironers that last longer. Due to robust mechanical construction, our machines require less maintenance.\" \/>\n<meta property=\"og:url\" content=\"https:\/\/www.electroluxprofessional.com\/tr\/isletmenize-yonelik-cozumler\/ticari-camasirhaneler\/heavy-duty-laundries\/\" \/>\n<meta property=\"og:site_name\" content=\"Electrolux Professional T\u00fcrkiye\" \/>\n<meta property=\"article:modified_time\" content=\"2025-11-06T07:13:52+00:00\" \/>\n<meta property=\"og:image\" content=\"https:\/\/www.electroluxprofessional.com\/tr\/wp-content\/uploads\/2022\/09\/Full-Banner-11251583.jpg\" \/>\n\t<meta property=\"og:image:width\" content=\"1125\" \/>\n\t<meta property=\"og:image:height\" content=\"1583\" \/>\n\t<meta property=\"og:image:type\" content=\"image\/jpeg\" \/>\n<meta name=\"twitter:card\" content=\"summary_large_image\" \/>\n<meta name=\"twitter:label1\" content=\"Tahmini okuma s\u00fcresi\" \/>\n\t<meta name=\"twitter:data1\" content=\"4 dakika\" \/>\n<script type=\"application\/ld+json\" class=\"yoast-schema-graph\">{\"@context\":\"https:\/\/schema.org\",\"@graph\":[{\"@type\":\"WebPage\",\"@id\":\"https:\/\/www.electroluxprofessional.com\/tr\/isletmenize-yonelik-cozumler\/ticari-camasirhaneler\/heavy-duty-laundries\/\",\"url\":\"https:\/\/www.electroluxprofessional.com\/tr\/isletmenize-yonelik-cozumler\/ticari-camasirhaneler\/heavy-duty-laundries\/\",\"name\":\"Yo\u011fun hizmet veren \u00e7ama\u015f\u0131rhaneler - Electrolux Professional T\u00fcrkiye\",\"isPartOf\":{\"@id\":\"https:\/\/www.electroluxprofessional.com\/tr\/#website\"},\"primaryImageOfPage\":{\"@id\":\"https:\/\/www.electroluxprofessional.com\/tr\/isletmenize-yonelik-cozumler\/ticari-camasirhaneler\/heavy-duty-laundries\/#primaryimage\"},\"image\":{\"@id\":\"https:\/\/www.electroluxprofessional.com\/tr\/isletmenize-yonelik-cozumler\/ticari-camasirhaneler\/heavy-duty-laundries\/#primaryimage\"},\"thumbnailUrl\":\"https:\/\/www.electroluxprofessional.com\/tr\/wp-content\/uploads\/2022\/09\/Full-Banner-11251583.jpg\",\"datePublished\":\"2022-09-29T14:26:03+00:00\",\"dateModified\":\"2025-11-06T07:13:52+00:00\",\"description\":\"Extra robust Washers, Dryers and Ironers that last longer. Due to robust mechanical construction, our machines require less maintenance.\",\"breadcrumb\":{\"@id\":\"https:\/\/www.electroluxprofessional.com\/tr\/isletmenize-yonelik-cozumler\/ticari-camasirhaneler\/heavy-duty-laundries\/#breadcrumb\"},\"inLanguage\":\"tr\",\"potentialAction\":[{\"@type\":\"ReadAction\",\"target\":[\"https:\/\/www.electroluxprofessional.com\/tr\/isletmenize-yonelik-cozumler\/ticari-camasirhaneler\/heavy-duty-laundries\/\"]}]},{\"@type\":\"ImageObject\",\"inLanguage\":\"tr\",\"@id\":\"https:\/\/www.electroluxprofessional.com\/tr\/isletmenize-yonelik-cozumler\/ticari-camasirhaneler\/heavy-duty-laundries\/#primaryimage\",\"url\":\"https:\/\/www.electroluxprofessional.com\/tr\/wp-content\/uploads\/2022\/09\/Full-Banner-11251583.jpg\",\"contentUrl\":\"https:\/\/www.electroluxprofessional.com\/tr\/wp-content\/uploads\/2022\/09\/Full-Banner-11251583.jpg\",\"width\":1125,\"height\":1583,\"caption\":\"Full-Banner-11251583\"},{\"@type\":\"BreadcrumbList\",\"@id\":\"https:\/\/www.electroluxprofessional.com\/tr\/isletmenize-yonelik-cozumler\/ticari-camasirhaneler\/heavy-duty-laundries\/#breadcrumb\",\"itemListElement\":[{\"@type\":\"ListItem\",\"position\":1,\"name\":\"Home\",\"item\":\"https:\/\/www.electroluxprofessional.com\/tr\/\"},{\"@type\":\"ListItem\",\"position\":2,\"name\":\"\u0130\u015fletmenize Y\u00f6nelik \u00c7\u00f6z\u00fcmler\",\"item\":\"https:\/\/www.electroluxprofessional.com\/tr\/isletmenize-yonelik-cozumler\/\"},{\"@type\":\"ListItem\",\"position\":3,\"name\":\"Ticari \u00c7ama\u015f\u0131rhaneler\",\"item\":\"https:\/\/www.electroluxprofessional.com\/tr\/isletmenize-yonelik-cozumler\/ticari-camasirhaneler\/\"},{\"@type\":\"ListItem\",\"position\":4,\"name\":\"Yo\u011fun hizmet veren \u00e7ama\u015f\u0131rhaneler\"}]},{\"@type\":\"WebSite\",\"@id\":\"https:\/\/www.electroluxprofessional.com\/tr\/#website\",\"url\":\"https:\/\/www.electroluxprofessional.com\/tr\/\",\"name\":\"Electrolux Professional T\u00fcrkiye\",\"description\":\"\",\"potentialAction\":[{\"@type\":\"SearchAction\",\"target\":{\"@type\":\"EntryPoint\",\"urlTemplate\":\"https:\/\/www.electroluxprofessional.com\/tr\/?src={search_term_string}\"},\"query-input\":\"required name=search_term_string\"}],\"inLanguage\":\"tr\"}]}<\/script>\n<!-- \/ Yoast SEO plugin. -->","yoast_head_json":{"title":"Yo\u011fun hizmet veren \u00e7ama\u015f\u0131rhaneler - Electrolux Professional T\u00fcrkiye","description":"Extra robust Washers, Dryers and Ironers that last longer. Due to robust mechanical construction, our machines require less maintenance.","robots":{"index":"index","follow":"follow","max-snippet":"max-snippet:-1","max-image-preview":"max-image-preview:large","max-video-preview":"max-video-preview:-1"},"canonical":"https:\/\/www.electroluxprofessional.com\/tr\/isletmenize-yonelik-cozumler\/ticari-camasirhaneler\/heavy-duty-laundries\/","og_locale":"tr_TR","og_type":"article","og_title":"Yo\u011fun hizmet veren \u00e7ama\u015f\u0131rhaneler - Electrolux Professional T\u00fcrkiye","og_description":"Extra robust Washers, Dryers and Ironers that last longer. Due to robust mechanical construction, our machines require less maintenance.","og_url":"https:\/\/www.electroluxprofessional.com\/tr\/isletmenize-yonelik-cozumler\/ticari-camasirhaneler\/heavy-duty-laundries\/","og_site_name":"Electrolux Professional T\u00fcrkiye","article_modified_time":"2025-11-06T07:13:52+00:00","og_image":[{"width":1125,"height":1583,"url":"https:\/\/www.electroluxprofessional.com\/tr\/wp-content\/uploads\/2022\/09\/Full-Banner-11251583.jpg","type":"image\/jpeg"}],"twitter_card":"summary_large_image","twitter_misc":{"Tahmini okuma s\u00fcresi":"4 dakika"},"schema":{"@context":"https:\/\/schema.org","@graph":[{"@type":"WebPage","@id":"https:\/\/www.electroluxprofessional.com\/tr\/isletmenize-yonelik-cozumler\/ticari-camasirhaneler\/heavy-duty-laundries\/","url":"https:\/\/www.electroluxprofessional.com\/tr\/isletmenize-yonelik-cozumler\/ticari-camasirhaneler\/heavy-duty-laundries\/","name":"Yo\u011fun hizmet veren \u00e7ama\u015f\u0131rhaneler - Electrolux Professional T\u00fcrkiye","isPartOf":{"@id":"https:\/\/www.electroluxprofessional.com\/tr\/#website"},"primaryImageOfPage":{"@id":"https:\/\/www.electroluxprofessional.com\/tr\/isletmenize-yonelik-cozumler\/ticari-camasirhaneler\/heavy-duty-laundries\/#primaryimage"},"image":{"@id":"https:\/\/www.electroluxprofessional.com\/tr\/isletmenize-yonelik-cozumler\/ticari-camasirhaneler\/heavy-duty-laundries\/#primaryimage"},"thumbnailUrl":"https:\/\/www.electroluxprofessional.com\/tr\/wp-content\/uploads\/2022\/09\/Full-Banner-11251583.jpg","datePublished":"2022-09-29T14:26:03+00:00","dateModified":"2025-11-06T07:13:52+00:00","description":"Extra robust Washers, Dryers and Ironers that last longer. Due to robust mechanical construction, our machines require less maintenance.","breadcrumb":{"@id":"https:\/\/www.electroluxprofessional.com\/tr\/isletmenize-yonelik-cozumler\/ticari-camasirhaneler\/heavy-duty-laundries\/#breadcrumb"},"inLanguage":"tr","potentialAction":[{"@type":"ReadAction","target":["https:\/\/www.electroluxprofessional.com\/tr\/isletmenize-yonelik-cozumler\/ticari-camasirhaneler\/heavy-duty-laundries\/"]}]},{"@type":"ImageObject","inLanguage":"tr","@id":"https:\/\/www.electroluxprofessional.com\/tr\/isletmenize-yonelik-cozumler\/ticari-camasirhaneler\/heavy-duty-laundries\/#primaryimage","url":"https:\/\/www.electroluxprofessional.com\/tr\/wp-content\/uploads\/2022\/09\/Full-Banner-11251583.jpg","contentUrl":"https:\/\/www.electroluxprofessional.com\/tr\/wp-content\/uploads\/2022\/09\/Full-Banner-11251583.jpg","width":1125,"height":1583,"caption":"Full-Banner-11251583"},{"@type":"BreadcrumbList","@id":"https:\/\/www.electroluxprofessional.com\/tr\/isletmenize-yonelik-cozumler\/ticari-camasirhaneler\/heavy-duty-laundries\/#breadcrumb","itemListElement":[{"@type":"ListItem","position":1,"name":"Home","item":"https:\/\/www.electroluxprofessional.com\/tr\/"},{"@type":"ListItem","position":2,"name":"\u0130\u015fletmenize Y\u00f6nelik \u00c7\u00f6z\u00fcmler","item":"https:\/\/www.electroluxprofessional.com\/tr\/isletmenize-yonelik-cozumler\/"},{"@type":"ListItem","position":3,"name":"Ticari \u00c7ama\u015f\u0131rhaneler","item":"https:\/\/www.electroluxprofessional.com\/tr\/isletmenize-yonelik-cozumler\/ticari-camasirhaneler\/"},{"@type":"ListItem","position":4,"name":"Yo\u011fun hizmet veren \u00e7ama\u015f\u0131rhaneler"}]},{"@type":"WebSite","@id":"https:\/\/www.electroluxprofessional.com\/tr\/#website","url":"https:\/\/www.electroluxprofessional.com\/tr\/","name":"Electrolux Professional T\u00fcrkiye","description":"","potentialAction":[{"@type":"SearchAction","target":{"@type":"EntryPoint","urlTemplate":"https:\/\/www.electroluxprofessional.com\/tr\/?src={search_term_string}"},"query-input":"required name=search_term_string"}],"inLanguage":"tr"}]}},"_links":{"self":[{"href":"https:\/\/www.electroluxprofessional.com\/tr\/wp-json\/wp\/v2\/pages\/14468"}],"collection":[{"href":"https:\/\/www.electroluxprofessional.com\/tr\/wp-json\/wp\/v2\/pages"}],"about":[{"href":"https:\/\/www.electroluxprofessional.com\/tr\/wp-json\/wp\/v2\/types\/page"}],"author":[{"embeddable":true,"href":"https:\/\/www.electroluxprofessional.com\/tr\/wp-json\/wp\/v2\/users\/40"}],"replies":[{"embeddable":true,"href":"https:\/\/www.electroluxprofessional.com\/tr\/wp-json\/wp\/v2\/comments?post=14468"}],"version-history":[{"count":6,"href":"https:\/\/www.electroluxprofessional.com\/tr\/wp-json\/wp\/v2\/pages\/14468\/revisions"}],"predecessor-version":[{"id":22966,"href":"https:\/\/www.electroluxprofessional.com\/tr\/wp-json\/wp\/v2\/pages\/14468\/revisions\/22966"}],"up":[{"embeddable":true,"href":"https:\/\/www.electroluxprofessional.com\/tr\/wp-json\/wp\/v2\/pages\/1641"}],"wp:featuredmedia":[{"embeddable":true,"href":"https:\/\/www.electroluxprofessional.com\/tr\/wp-json\/wp\/v2\/media\/14465"}],"wp:attachment":[{"href":"https:\/\/www.electroluxprofessional.com\/tr\/wp-json\/wp\/v2\/media?parent=14468"}],"curies":[{"name":"wp","href":"https:\/\/api.w.org\/{rel}","templated":true}]}}