{"id":14464,"date":"2022-09-29T14:26:00","date_gmt":"2022-09-29T14:26:00","guid":{"rendered":"https:\/\/www.electroluxprofessional.com\/tr\/?page_id=14464"},"modified":"2025-07-30T08:05:15","modified_gmt":"2025-07-30T08:05:15","slug":"bakim-evleri","status":"publish","type":"page","link":"https:\/\/www.electroluxprofessional.com\/tr\/isletmenize-yonelik-cozumler\/kucuk-isletmeler\/bakim-evleri\/","title":{"rendered":"Bak\u0131m Evleri"},"content":{"rendered":"<p>[vc_row full_width=&#8221;electroluxpro-full-width-no-padding&#8221; css=&#8221;.vc_custom_1663602970430{margin-top: -50px !important;}&#8221;][vc_column][elx_full_banner title=&#8221;Bak\u0131m Evleri&#8221; background_image_media_library=&#8221;14463&#8243; background_image_media_library_mobile=&#8221;43991&#8243;][\/vc_column][\/vc_row][vc_row][vc_column][vc_empty_space][\/vc_column][\/vc_row][vc_row][vc_column][elx_heading font_container=&#8221;h1&#8243; text_color=&#8221;electrolux-blue&#8221;]Bak\u0131m evleri i\u00e7in \u00e7ama\u015f\u0131rhane \u00e7\u00f6z\u00fcmleri[\/elx_heading][vc_column_text]<span data-contrast=\"auto\">Bak\u0131m evlerinde ev tipi makineler kullan\u0131rken programlar\u0131n yava\u015f olmas\u0131 ve y\u0131kamadan iyi sonu\u00e7 alamama gibi bir\u00e7ok sorunla kar\u015f\u0131la\u015f\u0131l\u0131r.<\/span><span data-ccp-props=\"{&quot;201341983&quot;:0,&quot;335559739&quot;:160,&quot;335559740&quot;:259}\">\u00a0<\/span><br \/>\n<span data-contrast=\"auto\">myPRO, <strong>\u00fcst\u00fcn hijyen ve en \u00fcst d\u00fczeyde konforla y\u00fcksek kaliteli sonu\u00e7lar sunar<\/strong> ve i\u015finizi kolayla\u015ft\u0131r\u0131r rahatlat\u0131r.<\/span><span data-ccp-props=\"{&quot;201341983&quot;:0,&quot;335559739&quot;:160,&quot;335559740&quot;:259}\">\u00a0<\/span>[\/vc_column_text][elx_button button_text=&#8221;\u00dcr\u00fcnlere gidin&#8221; button_style=&#8221;icon&#8221; button_link=&#8221;url:https%3A%2F%2Fwww.electroluxprofessional.com%2Ftr%2Fticari-camasirhane-ekipmanlari%2Fmypro-yikama-kurutma-ve-silindir-utuler%2F|title:K%C3%BC%C3%A7%C3%BCl%20%C4%B0%C5%9Fletmelere%20y%C3%B6nelik%20myPro%20Y%C4%B1kama%2C%20Kurutma%20ve%20Silindir%20%C3%9Ct%C3%BCler&#8221;][\/vc_column][\/vc_row][vc_row][vc_column][vc_single_image image=&#8221;6145&#8243; img_size=&#8221;full&#8221; alignment=&#8221;center&#8221;][\/vc_column][\/vc_row][vc_row content_placement=&#8221;top&#8221; el_class=&#8221;marginNegative&#8221;][vc_column width=&#8221;1\/3&#8243;][vc_empty_space][elx_heading font_container=&#8221;h5&#8243; font_size=&#8221;h5&#8243; text_color=&#8221;inherit&#8221;]Uzun \u00f6m\u00fcrl\u00fc[\/elx_heading][vc_column_text]<span class=\"TextRun SCXW68844859 BCX9\" lang=\"TR-TR\" xml:lang=\"TR-TR\" data-contrast=\"auto\"><span class=\"NormalTextRun SCXW68844859 BCX9\">myPRO, daha dayan\u0131kl\u0131 yap\u0131s\u0131 ve profesyonel bile\u015fenleri sayesinde <strong>ev tipi makinelere g\u00f6re 3 kat daha uzun \u00f6m\u00fcrl\u00fcd\u00fcr.<\/strong><\/span><\/span><strong><span class=\"EOP SCXW68844859 BCX9\" data-ccp-props=\"{&quot;201341983&quot;:0,&quot;335559739&quot;:160,&quot;335559740&quot;:259}\">\u00a0<\/span><\/strong>[\/vc_column_text][\/vc_column][vc_column width=&#8221;1\/3&#8243;][vc_empty_space][elx_heading font_container=&#8221;h5&#8243; font_size=&#8221;h5&#8243; text_color=&#8221;inherit&#8221;]Dezenfeksiyon programlar\u0131[\/elx_heading][vc_column_text]<span class=\"TextRun SCXW157557200 BCX9\" lang=\"TR-TR\" xml:lang=\"TR-TR\" data-contrast=\"auto\"><span class=\"NormalTextRun SCXW157557200 BCX9\">Hijyen ve temizlik gerekliliklerini kar\u015f\u0131laman\u0131za yard\u0131mc\u0131 olan dezenfeksiyon programlar\u0131 da dahil olmak \u00fczere <strong>bir\u00e7ok farkl\u0131 uygulamaya y\u00f6nelik program se\u00e7enekleriyle<\/strong> daha fazla esneklik sunar.<\/span><\/span><span class=\"EOP SCXW157557200 BCX9\" data-ccp-props=\"{&quot;201341983&quot;:0,&quot;335559739&quot;:160,&quot;335559740&quot;:259}\">\u00a0<\/span>[\/vc_column_text][\/vc_column][vc_column width=&#8221;1\/3&#8243;][vc_empty_space][elx_heading font_container=&#8221;h5&#8243; font_size=&#8221;h5&#8243; text_color=&#8221;inherit&#8221;]Otomatik Nem Kontrol\u00fc[\/elx_heading][vc_column_text]<span class=\"TextRun SCXW66624086 BCX9\" lang=\"TR-TR\" xml:lang=\"TR-TR\" data-contrast=\"auto\"><span class=\"NormalTextRun SCXW66624086 BCX9\">Giysilerin i\u00e7indeki nem seviyesinin <strong>ger\u00e7ek zamanl\u0131 kontrol\u00fc<\/strong> ile kurutma s\u00fcresini k\u0131salt\u0131r. Liflerin a\u015f\u0131r\u0131 kurumas\u0131n\u0131 \u00f6nler, zamandan tasarruf sa\u011flar ve kullan\u0131c\u0131lar\u0131n i\u00e7ini rahatlat\u0131r.<\/span><\/span><span class=\"EOP SCXW66624086 BCX9\" data-ccp-props=\"{&quot;201341983&quot;:0,&quot;335559739&quot;:160,&quot;335559740&quot;:259}\">\u00a0<\/span>[\/vc_column_text][\/vc_column][\/vc_row][vc_row content_placement=&#8221;top&#8221; el_class=&#8221;marginNegative&#8221;][vc_column width=&#8221;1\/3&#8243;][vc_single_image image=&#8221;14461&#8243; img_size=&#8221;large&#8221;][elx_heading text_color=&#8221;inherit&#8221;]\u00dcst\u00fcn kalite ve hijyen[\/elx_heading][vc_column_text css=&#8221;.vc_custom_1671015836766{margin-bottom: 0px !important;}&#8221; el_class=&#8221;minHeightCirclesText&#8221;]<span class=\"TextRun SCXW154353156 BCX9\" lang=\"TR-TR\" xml:lang=\"TR-TR\" data-contrast=\"auto\"><span class=\"NormalTextRun SCXW154353156 BCX9\">\u201c\u00c7ama\u015f\u0131rlar konusunda i\u00e7im rahat, b\u00f6ylece tamamen huzurevi sakinleriyle ilgilenmeye odaklanabiliyorum\u201d<\/span><\/span><span class=\"EOP SCXW154353156 BCX9\" data-ccp-props=\"{&quot;201341983&quot;:0,&quot;335559739&quot;:160,&quot;335559740&quot;:259}\">\u00a0<\/span>[\/vc_column_text][vc_column_text css=&#8221;.vc_custom_1753794434509{margin-top: 15px !important;}&#8221;]<\/p>\n<ul>\n<li><span class=\"TextRun SCXW238263638 BCX9\" lang=\"TR-TR\" xml:lang=\"TR-TR\" data-contrast=\"auto\"><span class=\"NormalTextRun SCXW238263638 BCX9\"><em>Electrolux SpeedCare tambur<\/em> sayesinde <strong>\u00fcst\u00fcn sonu\u00e7lar ve giysi bak\u0131m\u0131<\/strong><\/span><\/span><span class=\"EOP SCXW238263638 BCX9\" data-ccp-props=\"{&quot;201341983&quot;:0,&quot;335559739&quot;:160,&quot;335559740&quot;:259}\">\u00a0<\/span><\/li>\n<li><span class=\"TextRun SCXW158724800 BCX9\" lang=\"TR-TR\" xml:lang=\"TR-TR\" data-contrast=\"auto\"><span class=\"NormalTextRun SCXW158724800 BCX9\"><em>Dezenfeksiyon programlar\u0131<\/em> ile <strong>hijyen ve temizlik<\/strong><\/span><\/span><strong><span class=\"EOP SCXW158724800 BCX9\" data-ccp-props=\"{&quot;201341983&quot;:0,&quot;335559739&quot;:160,&quot;335559740&quot;:259}\">\u00a0<\/span><\/strong><\/li>\n<li><span class=\"TextRun SCXW164736802 BCX9\" lang=\"TR-TR\" xml:lang=\"TR-TR\" data-contrast=\"auto\"><span class=\"NormalTextRun SCXW164736802 BCX9\">Ev tipi makinelere g\u00f6re <strong>3 kat daha uzun s\u00fcre hizmet verecek<\/strong> \u015fekilde tasarlanm\u0131\u015f \u00e7ama\u015f\u0131r ve kurutma makineleri<\/span><\/span><span class=\"EOP SCXW164736802 BCX9\" data-ccp-props=\"{&quot;201341983&quot;:0,&quot;335559739&quot;:160,&quot;335559740&quot;:259}\">\u00a0<\/span><\/li>\n<\/ul>\n<p>[\/vc_column_text][\/vc_column][vc_column width=&#8221;1\/3&#8243;][vc_single_image image=&#8221;1531&#8243; img_size=&#8221;large&#8221;][elx_heading text_color=&#8221;inherit&#8221; css=&#8221;.vc_custom_1671016042326{margin-top: 0px !important;}&#8221;]Y\u00fcksek h\u0131z ve esneklik[\/elx_heading][vc_column_text css=&#8221;.vc_custom_1676464546397{margin-bottom: 0px !important;}&#8221; el_class=&#8221;minHeightCirclesText&#8221;]<span class=\"TextRun SCXW176761148 BCX9\" lang=\"TR-TR\" xml:lang=\"TR-TR\" data-contrast=\"auto\"><span class=\"NormalTextRun SCXW176761148 BCX9\">\u201cBak\u0131m evi sakinleri h\u0131zl\u0131 ve profesyonel self-servis \u00e7ama\u015f\u0131rhanemizin keyfini \u00e7\u0131kar\u0131yor\u201d<\/span><\/span><span class=\"EOP SCXW176761148 BCX9\" data-ccp-props=\"{&quot;201341983&quot;:0,&quot;335559739&quot;:160,&quot;335559740&quot;:259}\">\u00a0<\/span>[\/vc_column_text][vc_column_text css=&#8221;.vc_custom_1753794520243{margin-top: 15px !important;}&#8221;]<\/p>\n<ul>\n<li><span class=\"TextRun SCXW179088275 BCX9\" lang=\"TR-TR\" xml:lang=\"TR-TR\" data-contrast=\"auto\"><span class=\"NormalTextRun SCXW179088275 BCX9\"><strong>%50&#8217;ye kadar<\/strong> daha h\u0131zl\u0131 <em>profesyonel program se\u00e7enekleri<\/em><\/span><\/span><span class=\"EOP SCXW179088275 BCX9\" data-ccp-props=\"{&quot;201341983&quot;:0,&quot;335559739&quot;:160,&quot;335559740&quot;:259}\"> sayesinde<\/span><\/li>\n<li><span class=\"TextRun SCXW153992185 BCX9\" lang=\"TR-TR\" xml:lang=\"TR-TR\" data-contrast=\"auto\"><span class=\"NormalTextRun SCXW153992185 BCX9\">K\u0131r\u0131\u015f\u0131kl\u0131klar\u0131 daha k\u0131sa s\u00fcrede gidermek i\u00e7in <strong>buharl\u0131 \u00fct\u00fcleme<\/strong> yap\u0131n<\/span><\/span><span class=\"EOP SCXW153992185 BCX9\" data-ccp-props=\"{&quot;201341983&quot;:0,&quot;335559739&quot;:160,&quot;335559740&quot;:259}\">\u00a0<\/span><\/li>\n<li><span class=\"TextRun SCXW266365871 BCX9\" lang=\"TR-TR\" xml:lang=\"TR-TR\" data-contrast=\"auto\"><span class=\"NormalTextRun SCXW266365871 BCX9\">Opsiyonel <em>Harici Dozajlama Sistemi<\/em> ile <strong>daha fazla esneklik<\/strong><\/span><\/span><strong><span class=\"EOP SCXW266365871 BCX9\" data-ccp-props=\"{&quot;201341983&quot;:0,&quot;335559739&quot;:160,&quot;335559740&quot;:259}\">\u00a0<\/span><\/strong><\/li>\n<\/ul>\n<p>[\/vc_column_text][\/vc_column][vc_column width=&#8221;1\/3&#8243;][vc_single_image image=&#8221;14462&#8243; img_size=&#8221;large&#8221;][elx_heading text_color=&#8221;inherit&#8221;]Harika ve g\u00fcvenilir bir yat\u0131r\u0131m[\/elx_heading][vc_column_text css=&#8221;.vc_custom_1671016154285{margin-bottom: 0px !important;}&#8221; el_class=&#8221;minHeightCirclesText&#8221;]<span class=\"TextRun SCXW47729402 BCX9\" lang=\"TR-TR\" xml:lang=\"TR-TR\" data-contrast=\"auto\"><span class=\"NormalTextRun SCXW47729402 BCX9\">\u201cNihayet d\u00fc\u015f\u00fck hacimli \u00e7ama\u015f\u0131r y\u0131kama ihtiya\u00e7lar\u0131m i\u00e7in profesyonel bir \u00e7\u00f6z\u00fcm\u201d<\/span><\/span><span class=\"EOP SCXW47729402 BCX9\" data-ccp-props=\"{&quot;201341983&quot;:0,&quot;335559739&quot;:160,&quot;335559740&quot;:259}\">\u00a0<\/span>[\/vc_column_text][vc_column_text css=&#8221;.vc_custom_1753794569343{margin-top: 15px !important;}&#8221;]<\/p>\n<ul>\n<li><em>\u00c7ok \u00e7e\u015fitli profesyonel programlarla<\/em> <strong>y\u00fcksek esneklik<\/strong><\/li>\n<li><span class=\"TextRun SCXW121088145 BCX9\" lang=\"TR-TR\" xml:lang=\"TR-TR\" data-contrast=\"auto\"><span class=\"NormalTextRun SCXW121088145 BCX9\"><strong>A+++<\/strong> \u00e7ama\u015f\u0131r makinesi <em>enerji verimlili\u011fi<\/em><\/span><\/span><span class=\"EOP SCXW121088145 BCX9\" data-ccp-props=\"{&quot;201341983&quot;:0,&quot;335559739&quot;:160,&quot;335559740&quot;:259}\">\u00a0<\/span><\/li>\n<li><span class=\"TextRun SCXW180212339 BCX9\" lang=\"TR-TR\" xml:lang=\"TR-TR\" data-contrast=\"auto\"><span class=\"NormalTextRun SCXW180212339 BCX9\"><strong>A++<\/strong> \u0131s\u0131 pompal\u0131 kurutucu <em>enerji verimlili\u011fi<\/em><\/span><\/span><span class=\"EOP SCXW180212339 BCX9\" data-ccp-props=\"{&quot;201341983&quot;:0,&quot;335559739&quot;:160,&quot;335559740&quot;:259}\">\u00a0<\/span><\/li>\n<\/ul>\n<p>[\/vc_column_text][\/vc_column][\/vc_row][vc_row][vc_column][vc_empty_space][\/vc_column][\/vc_row][vc_row][vc_column][elx_o2000_contact_us s=&#8221;Request of information about Hairdressers &amp; Beauty Salons&#8221; b=&#8221;laundry&#8221; r=&#8221;I would like to find out more about Laundry solutions for Care homes&#8221; l=&#8221;en&#8221;][\/vc_column][\/vc_row][vc_row][vc_column][vc_empty_space][\/vc_column][\/vc_row][vc_row css=&#8221;.vc_custom_1753794641587{background-color: #efefef !important;}&#8221;][vc_column width=&#8221;2\/3&#8243;][elx_heading font_size=&#8221;h3&#8243; text_color=&#8221;inherit&#8221;]Verimlili\u011fi art\u0131racak \u00e7\u00f6z\u00fcmler mi ar\u0131yorsunuz?[\/elx_heading][elx_heading font_container=&#8221;h3&#8243; font_size=&#8221;h5&#8243; text_color=&#8221;inherit&#8221;]Profesyonel \u00e7ama\u015f\u0131rhane \u00e7\u00f6z\u00fcmlerimizi inceleyin.[\/elx_heading][vc_column_text]Electrolux Professional, profesyonel \u00e7ama\u015f\u0131rhane ihtiya\u00e7lar\u0131n\u0131z i\u00e7in kapsaml\u0131 bir \u00fcr\u00fcn yelpazesi sunar.[\/vc_column_text][elx_button button_text=&#8221;End\u00fcstriyel \u00c7ama\u015f\u0131rhane \u00c7\u00f6z\u00fcmlerimizi ke\u015ffedin.&#8221; button_style=&#8221;icon&#8221; button_link=&#8221;url:https%3A%2F%2Fwww.electroluxprofessional.com%2Ftr%2Fticari-camasirhane-ekipmanlari%2F|title:End%C3%BCstriyel%20%C3%87ama%C5%9F%C4%B1rhane%20%C3%87%C3%B6z%C3%BCmleri&#8221;][\/vc_column][vc_column width=&#8221;1\/3&#8243;][vc_empty_space][vc_single_image image=&#8221;1167&#8243; img_size=&#8221;700px&#8221; onclick=&#8221;custom_link&#8221; link=&#8221;http:\/\/https:\/\/www.electroluxprofessional.com\/tr\/your-business\/commercial-laundries\/&#8221;][\/vc_column][\/vc_row]<\/p>\n","protected":false},"excerpt":{"rendered":"<p>[vc_row full_width=&#8221;electroluxpro-full-width-no-padding&#8221; css=&#8221;.vc_custom_1663602970430{margin-top: -50px !important;}&#8221;][vc_column][elx_full_banner title=&#8221;Bak\u0131m Evleri&#8221; background_image_media_library=&#8221;14463&#8243; background_image_media_library_mobile=&#8221;43991&#8243;][\/vc_column][\/vc_row][vc_row][vc_column][vc_empty_space][\/vc_column][\/vc_row][vc_row][vc_column][elx_heading font_container=&#8221;h1&#8243; text_color=&#8221;electrolux-blue&#8221;]Bak\u0131m evleri i\u00e7in \u00e7ama\u015f\u0131rhane \u00e7\u00f6z\u00fcmleri[\/elx_heading][vc_column_text]Bak\u0131m evlerinde ev tipi makineler kullan\u0131rken programlar\u0131n yava\u015f olmas\u0131 ve y\u0131kamadan iyi sonu\u00e7 alamama gibi bir\u00e7ok sorunla kar\u015f\u0131la\u015f\u0131l\u0131r.\u00a0 myPRO, \u00fcst\u00fcn hijyen ve en \u00fcst d\u00fczeyde konforla y\u00fcksek kaliteli sonu\u00e7lar sunar ve i\u015finizi kolayla\u015ft\u0131r\u0131r rahatlat\u0131r.\u00a0[\/vc_column_text][elx_button button_text=&#8221;\u00dcr\u00fcnlere gidin&#8221; button_style=&#8221;icon&#8221; button_link=&#8221;url:https%3A%2F%2Fwww.electroluxprofessional.com%2Ftr%2Fticari-camasirhane-ekipmanlari%2Fmypro-yikama-kurutma-ve-silindir-utuler%2F|title:K%C3%BC%C3%A7%C3%BCl%20%C4%B0%C5%9Fletmelere%20y%C3%B6nelik%20myPro%20Y%C4%B1kama%2C%20Kurutma%20ve%20Silindir%20%C3%9Ct%C3%BCler&#8221;][\/vc_column][\/vc_row][vc_row][vc_column][vc_single_image image=&#8221;6145&#8243; img_size=&#8221;full&#8221; alignment=&#8221;center&#8221;][\/vc_column][\/vc_row][vc_row [&hellip;]<\/p>\n","protected":false},"author":40,"featured_media":14460,"parent":21615,"menu_order":0,"comment_status":"closed","ping_status":"closed","template":"","meta":{"footnotes":""},"class_list":["post-14464","page","type-page","status-publish","has-post-thumbnail","hentry"],"acf":[],"yoast_head":"<!-- This site is optimized with the Yoast SEO plugin v23.3 - https:\/\/yoast.com\/wordpress\/plugins\/seo\/ -->\n<title>Bak\u0131m Evleri - Electrolux Professional T\u00fcrkiye<\/title>\n<meta name=\"description\" content=\"Yerle\u015fiminizde t\u00fcm bulunanlar i\u00e7in rahat bir tarz. Ev ve hastaneler i\u00e7in t\u00fcm bak\u0131m \u00e7\u00f6z\u00fcmlerini Electrolux Professional&#039;de ke\u015ffedin.\" \/>\n<meta name=\"robots\" content=\"index, follow, max-snippet:-1, max-image-preview:large, max-video-preview:-1\" \/>\n<link rel=\"canonical\" href=\"https:\/\/www.electroluxprofessional.com\/tr\/isletmenize-yonelik-cozumler\/kucuk-isletmeler\/bakim-evleri\/\" \/>\n<meta property=\"og:locale\" content=\"tr_TR\" \/>\n<meta property=\"og:type\" content=\"article\" \/>\n<meta property=\"og:title\" content=\"Bak\u0131m Evleri - Electrolux Professional T\u00fcrkiye\" \/>\n<meta property=\"og:description\" content=\"Yerle\u015fiminizde t\u00fcm bulunanlar i\u00e7in rahat bir tarz. Ev ve hastaneler i\u00e7in t\u00fcm bak\u0131m \u00e7\u00f6z\u00fcmlerini Electrolux Professional&#039;de ke\u015ffedin.\" \/>\n<meta property=\"og:url\" content=\"https:\/\/www.electroluxprofessional.com\/tr\/isletmenize-yonelik-cozumler\/kucuk-isletmeler\/bakim-evleri\/\" \/>\n<meta property=\"og:site_name\" content=\"Electrolux Professional T\u00fcrkiye\" \/>\n<meta property=\"article:modified_time\" content=\"2025-07-30T08:05:15+00:00\" \/>\n<meta property=\"og:image\" content=\"https:\/\/www.electroluxprofessional.com\/tr\/wp-content\/uploads\/2022\/09\/care-homes.jpg\" \/>\n\t<meta property=\"og:image:width\" content=\"800\" \/>\n\t<meta property=\"og:image:height\" content=\"500\" \/>\n\t<meta property=\"og:image:type\" content=\"image\/jpeg\" \/>\n<meta name=\"twitter:card\" content=\"summary_large_image\" \/>\n<meta name=\"twitter:label1\" content=\"Tahmini okuma s\u00fcresi\" \/>\n\t<meta name=\"twitter:data1\" content=\"3 dakika\" \/>\n<script type=\"application\/ld+json\" class=\"yoast-schema-graph\">{\"@context\":\"https:\/\/schema.org\",\"@graph\":[{\"@type\":\"WebPage\",\"@id\":\"https:\/\/www.electroluxprofessional.com\/tr\/isletmenize-yonelik-cozumler\/kucuk-isletmeler\/bakim-evleri\/\",\"url\":\"https:\/\/www.electroluxprofessional.com\/tr\/isletmenize-yonelik-cozumler\/kucuk-isletmeler\/bakim-evleri\/\",\"name\":\"Bak\u0131m Evleri - Electrolux Professional T\u00fcrkiye\",\"isPartOf\":{\"@id\":\"https:\/\/www.electroluxprofessional.com\/tr\/#website\"},\"primaryImageOfPage\":{\"@id\":\"https:\/\/www.electroluxprofessional.com\/tr\/isletmenize-yonelik-cozumler\/kucuk-isletmeler\/bakim-evleri\/#primaryimage\"},\"image\":{\"@id\":\"https:\/\/www.electroluxprofessional.com\/tr\/isletmenize-yonelik-cozumler\/kucuk-isletmeler\/bakim-evleri\/#primaryimage\"},\"thumbnailUrl\":\"https:\/\/www.electroluxprofessional.com\/tr\/wp-content\/uploads\/2022\/09\/care-homes.jpg\",\"datePublished\":\"2022-09-29T14:26:00+00:00\",\"dateModified\":\"2025-07-30T08:05:15+00:00\",\"description\":\"Yerle\u015fiminizde t\u00fcm bulunanlar i\u00e7in rahat bir tarz. Ev ve hastaneler i\u00e7in t\u00fcm bak\u0131m \u00e7\u00f6z\u00fcmlerini Electrolux Professional'de ke\u015ffedin.\",\"breadcrumb\":{\"@id\":\"https:\/\/www.electroluxprofessional.com\/tr\/isletmenize-yonelik-cozumler\/kucuk-isletmeler\/bakim-evleri\/#breadcrumb\"},\"inLanguage\":\"tr\",\"potentialAction\":[{\"@type\":\"ReadAction\",\"target\":[\"https:\/\/www.electroluxprofessional.com\/tr\/isletmenize-yonelik-cozumler\/kucuk-isletmeler\/bakim-evleri\/\"]}]},{\"@type\":\"ImageObject\",\"inLanguage\":\"tr\",\"@id\":\"https:\/\/www.electroluxprofessional.com\/tr\/isletmenize-yonelik-cozumler\/kucuk-isletmeler\/bakim-evleri\/#primaryimage\",\"url\":\"https:\/\/www.electroluxprofessional.com\/tr\/wp-content\/uploads\/2022\/09\/care-homes.jpg\",\"contentUrl\":\"https:\/\/www.electroluxprofessional.com\/tr\/wp-content\/uploads\/2022\/09\/care-homes.jpg\",\"width\":800,\"height\":500,\"caption\":\"care homes\"},{\"@type\":\"BreadcrumbList\",\"@id\":\"https:\/\/www.electroluxprofessional.com\/tr\/isletmenize-yonelik-cozumler\/kucuk-isletmeler\/bakim-evleri\/#breadcrumb\",\"itemListElement\":[{\"@type\":\"ListItem\",\"position\":1,\"name\":\"Home\",\"item\":\"https:\/\/www.electroluxprofessional.com\/tr\/\"},{\"@type\":\"ListItem\",\"position\":2,\"name\":\"\u0130\u015fletmenize Y\u00f6nelik \u00c7\u00f6z\u00fcmler\",\"item\":\"https:\/\/www.electroluxprofessional.com\/tr\/isletmenize-yonelik-cozumler\/\"},{\"@type\":\"ListItem\",\"position\":3,\"name\":\"K\u00fc\u00e7\u00fck \u0130\u015fletmeler\",\"item\":\"https:\/\/www.electroluxprofessional.com\/tr\/isletmenize-yonelik-cozumler\/kucuk-isletmeler\/\"},{\"@type\":\"ListItem\",\"position\":4,\"name\":\"Bak\u0131m Evleri\"}]},{\"@type\":\"WebSite\",\"@id\":\"https:\/\/www.electroluxprofessional.com\/tr\/#website\",\"url\":\"https:\/\/www.electroluxprofessional.com\/tr\/\",\"name\":\"Electrolux Professional T\u00fcrkiye\",\"description\":\"\",\"potentialAction\":[{\"@type\":\"SearchAction\",\"target\":{\"@type\":\"EntryPoint\",\"urlTemplate\":\"https:\/\/www.electroluxprofessional.com\/tr\/?src={search_term_string}\"},\"query-input\":\"required name=search_term_string\"}],\"inLanguage\":\"tr\"}]}<\/script>\n<!-- \/ Yoast SEO plugin. -->","yoast_head_json":{"title":"Bak\u0131m Evleri - Electrolux Professional T\u00fcrkiye","description":"Yerle\u015fiminizde t\u00fcm bulunanlar i\u00e7in rahat bir tarz. Ev ve hastaneler i\u00e7in t\u00fcm bak\u0131m \u00e7\u00f6z\u00fcmlerini Electrolux Professional'de ke\u015ffedin.","robots":{"index":"index","follow":"follow","max-snippet":"max-snippet:-1","max-image-preview":"max-image-preview:large","max-video-preview":"max-video-preview:-1"},"canonical":"https:\/\/www.electroluxprofessional.com\/tr\/isletmenize-yonelik-cozumler\/kucuk-isletmeler\/bakim-evleri\/","og_locale":"tr_TR","og_type":"article","og_title":"Bak\u0131m Evleri - Electrolux Professional T\u00fcrkiye","og_description":"Yerle\u015fiminizde t\u00fcm bulunanlar i\u00e7in rahat bir tarz. Ev ve hastaneler i\u00e7in t\u00fcm bak\u0131m \u00e7\u00f6z\u00fcmlerini Electrolux Professional'de ke\u015ffedin.","og_url":"https:\/\/www.electroluxprofessional.com\/tr\/isletmenize-yonelik-cozumler\/kucuk-isletmeler\/bakim-evleri\/","og_site_name":"Electrolux Professional T\u00fcrkiye","article_modified_time":"2025-07-30T08:05:15+00:00","og_image":[{"width":800,"height":500,"url":"https:\/\/www.electroluxprofessional.com\/tr\/wp-content\/uploads\/2022\/09\/care-homes.jpg","type":"image\/jpeg"}],"twitter_card":"summary_large_image","twitter_misc":{"Tahmini okuma s\u00fcresi":"3 dakika"},"schema":{"@context":"https:\/\/schema.org","@graph":[{"@type":"WebPage","@id":"https:\/\/www.electroluxprofessional.com\/tr\/isletmenize-yonelik-cozumler\/kucuk-isletmeler\/bakim-evleri\/","url":"https:\/\/www.electroluxprofessional.com\/tr\/isletmenize-yonelik-cozumler\/kucuk-isletmeler\/bakim-evleri\/","name":"Bak\u0131m Evleri - Electrolux Professional T\u00fcrkiye","isPartOf":{"@id":"https:\/\/www.electroluxprofessional.com\/tr\/#website"},"primaryImageOfPage":{"@id":"https:\/\/www.electroluxprofessional.com\/tr\/isletmenize-yonelik-cozumler\/kucuk-isletmeler\/bakim-evleri\/#primaryimage"},"image":{"@id":"https:\/\/www.electroluxprofessional.com\/tr\/isletmenize-yonelik-cozumler\/kucuk-isletmeler\/bakim-evleri\/#primaryimage"},"thumbnailUrl":"https:\/\/www.electroluxprofessional.com\/tr\/wp-content\/uploads\/2022\/09\/care-homes.jpg","datePublished":"2022-09-29T14:26:00+00:00","dateModified":"2025-07-30T08:05:15+00:00","description":"Yerle\u015fiminizde t\u00fcm bulunanlar i\u00e7in rahat bir tarz. Ev ve hastaneler i\u00e7in t\u00fcm bak\u0131m \u00e7\u00f6z\u00fcmlerini Electrolux Professional'de ke\u015ffedin.","breadcrumb":{"@id":"https:\/\/www.electroluxprofessional.com\/tr\/isletmenize-yonelik-cozumler\/kucuk-isletmeler\/bakim-evleri\/#breadcrumb"},"inLanguage":"tr","potentialAction":[{"@type":"ReadAction","target":["https:\/\/www.electroluxprofessional.com\/tr\/isletmenize-yonelik-cozumler\/kucuk-isletmeler\/bakim-evleri\/"]}]},{"@type":"ImageObject","inLanguage":"tr","@id":"https:\/\/www.electroluxprofessional.com\/tr\/isletmenize-yonelik-cozumler\/kucuk-isletmeler\/bakim-evleri\/#primaryimage","url":"https:\/\/www.electroluxprofessional.com\/tr\/wp-content\/uploads\/2022\/09\/care-homes.jpg","contentUrl":"https:\/\/www.electroluxprofessional.com\/tr\/wp-content\/uploads\/2022\/09\/care-homes.jpg","width":800,"height":500,"caption":"care homes"},{"@type":"BreadcrumbList","@id":"https:\/\/www.electroluxprofessional.com\/tr\/isletmenize-yonelik-cozumler\/kucuk-isletmeler\/bakim-evleri\/#breadcrumb","itemListElement":[{"@type":"ListItem","position":1,"name":"Home","item":"https:\/\/www.electroluxprofessional.com\/tr\/"},{"@type":"ListItem","position":2,"name":"\u0130\u015fletmenize Y\u00f6nelik \u00c7\u00f6z\u00fcmler","item":"https:\/\/www.electroluxprofessional.com\/tr\/isletmenize-yonelik-cozumler\/"},{"@type":"ListItem","position":3,"name":"K\u00fc\u00e7\u00fck \u0130\u015fletmeler","item":"https:\/\/www.electroluxprofessional.com\/tr\/isletmenize-yonelik-cozumler\/kucuk-isletmeler\/"},{"@type":"ListItem","position":4,"name":"Bak\u0131m Evleri"}]},{"@type":"WebSite","@id":"https:\/\/www.electroluxprofessional.com\/tr\/#website","url":"https:\/\/www.electroluxprofessional.com\/tr\/","name":"Electrolux Professional T\u00fcrkiye","description":"","potentialAction":[{"@type":"SearchAction","target":{"@type":"EntryPoint","urlTemplate":"https:\/\/www.electroluxprofessional.com\/tr\/?src={search_term_string}"},"query-input":"required name=search_term_string"}],"inLanguage":"tr"}]}},"_links":{"self":[{"href":"https:\/\/www.electroluxprofessional.com\/tr\/wp-json\/wp\/v2\/pages\/14464"}],"collection":[{"href":"https:\/\/www.electroluxprofessional.com\/tr\/wp-json\/wp\/v2\/pages"}],"about":[{"href":"https:\/\/www.electroluxprofessional.com\/tr\/wp-json\/wp\/v2\/types\/page"}],"author":[{"embeddable":true,"href":"https:\/\/www.electroluxprofessional.com\/tr\/wp-json\/wp\/v2\/users\/40"}],"replies":[{"embeddable":true,"href":"https:\/\/www.electroluxprofessional.com\/tr\/wp-json\/wp\/v2\/comments?post=14464"}],"version-history":[{"count":11,"href":"https:\/\/www.electroluxprofessional.com\/tr\/wp-json\/wp\/v2\/pages\/14464\/revisions"}],"predecessor-version":[{"id":21631,"href":"https:\/\/www.electroluxprofessional.com\/tr\/wp-json\/wp\/v2\/pages\/14464\/revisions\/21631"}],"up":[{"embeddable":true,"href":"https:\/\/www.electroluxprofessional.com\/tr\/wp-json\/wp\/v2\/pages\/21615"}],"wp:featuredmedia":[{"embeddable":true,"href":"https:\/\/www.electroluxprofessional.com\/tr\/wp-json\/wp\/v2\/media\/14460"}],"wp:attachment":[{"href":"https:\/\/www.electroluxprofessional.com\/tr\/wp-json\/wp\/v2\/media?parent=14464"}],"curies":[{"name":"wp","href":"https:\/\/api.w.org\/{rel}","templated":true}]}}