{"id":14459,"date":"2022-09-29T14:25:57","date_gmt":"2022-09-29T14:25:57","guid":{"rendered":"https:\/\/www.electroluxprofessional.com\/tr\/?page_id=14459"},"modified":"2025-11-06T07:16:29","modified_gmt":"2025-11-06T07:16:29","slug":"spor-fitness-merkezleri","status":"publish","type":"page","link":"https:\/\/www.electroluxprofessional.com\/tr\/isletmenize-yonelik-cozumler\/kucuk-isletmeler\/spor-fitness-merkezleri\/","title":{"rendered":"Spor &#038; Fitness merkezleri"},"content":{"rendered":"<p>[vc_row full_width=&#8221;electroluxpro-full-width-no-padding&#8221; css=&#8221;.vc_custom_1663603533477{margin-top: -50px !important;}&#8221;][vc_column][elx_full_banner title=&#8221;Spor &amp; Fitness Merkezleri&#8221; background_image_media_library=&#8221;14458&#8243; background_image_media_library_mobile=&#8221;43995&#8243;][\/vc_column][\/vc_row][vc_row][vc_column][vc_empty_space][\/vc_column][\/vc_row][vc_row][vc_column width=&#8221;2\/3&#8243;][elx_heading font_container=&#8221;h1&#8243; text_color=&#8221;electrolux-blue&#8221;]Spor ve fitness merkezleri i\u00e7in \u00e7ama\u015f\u0131rhane \u00e7\u00f6z\u00fcmleri[\/elx_heading][vc_column_text]<span data-contrast=\"auto\">S\u0131radan ev tipi \u00e7ama\u015f\u0131r makineleri genellikle <strong>inat\u00e7\u0131 \u00e7im, kir ve ter lekelerini<\/strong> \u00e7\u0131karamaz.<\/span><span data-ccp-props=\"{&quot;201341983&quot;:0,&quot;335559739&quot;:160,&quot;335559740&quot;:259}\">\u00a0<\/span><br \/>\n<span data-contrast=\"auto\">myPRO ile \u00e7\u0131kmayan lekeler veya makine sorunlar\u0131 i\u00e7in art\u0131k endi\u015felenmenize gerek yok.<br \/>\nTek yapman\u0131z gereken makineyi doldurmak, program\u0131 ba\u015flatmak ve keyfinize bakmak.<\/span><span data-ccp-props=\"{&quot;201341983&quot;:0,&quot;335559739&quot;:160,&quot;335559740&quot;:259}\">\u00a0<\/span>[\/vc_column_text][elx_button button_text=&#8221;\u00dcr\u00fcnlere gidin&#8221; button_style=&#8221;icon&#8221; button_link=&#8221;url:https%3A%2F%2Fwww.electroluxprofessional.com%2Ftr%2Fticari-camasirhane-ekipmanlari%2Fmypro-yikama-kurutma-ve-silindir-utuler%2F|title:K%C3%BC%C3%A7%C3%BCk%20i%C5%9Fletmeler%20i%C3%A7in%20myPro%2C%20y%C4%B1kama%20kurutma%20ve%20silindir%20%C3%BCt%C3%BCler&#8221;][\/vc_column][vc_column width=&#8221;1\/3&#8243;][elx_heading text_color=&#8221;electrolux-blue&#8221;]Bro\u015f\u00fcr\u00fc indirin[\/elx_heading][elx_download_block text=&#8221;Spor ve Fitness merkezleri i\u00e7in<br \/>\nmyPRO \u00e7ama\u015f\u0131rhane \u00e7\u00f6z\u00fcmlerimiz (EN)&#8221; link=&#8221;https:\/\/tools.electroluxprofessional.com\/Mirror\/Doc\/ELS\/CLFL\/EPR-leaflet-mypro-SPORT-2021%20eng_LR.pdf&#8221; background_color=&#8221;laundry-solutions&#8221;][\/vc_column][\/vc_row][vc_row][vc_column][vc_single_image image=&#8221;6145&#8243; img_size=&#8221;full&#8221; alignment=&#8221;center&#8221;][\/vc_column][\/vc_row][vc_row content_placement=&#8221;top&#8221; el_class=&#8221;marginNegative&#8221;][vc_column width=&#8221;1\/3&#8243;][vc_empty_space][elx_heading font_container=&#8221;h5&#8243; font_size=&#8221;h5&#8243; text_color=&#8221;inherit&#8221;]Optimize edilmi\u015f tambur delikleri[\/elx_heading][vc_column_text]<span class=\"TextRun SCXW136532955 BCX9\" lang=\"TR-TR\" xml:lang=\"TR-TR\" data-contrast=\"auto\"><span class=\"NormalTextRun SCXW136532955 BCX9\">\u00c7\u0131kan t\u00fcm kir ve par\u00e7ac\u0131klar\u0131n at\u0131lmas\u0131n\u0131 sa\u011flar. <strong>4,5 mm&#8217;lik b\u00fcy\u00fck delikler<\/strong>, kat\u0131 par\u00e7ac\u0131klar\u0131n tamburdan at\u0131lmas\u0131n\u0131 sa\u011flayarak giysilerdeki a\u015f\u0131nmay\u0131 en aza indirir.<\/span><\/span><span class=\"EOP SCXW136532955 BCX9\" data-ccp-props=\"{&quot;201341983&quot;:0,&quot;335559739&quot;:160,&quot;335559740&quot;:259}\">\u00a0<\/span>[\/vc_column_text][\/vc_column][vc_column width=&#8221;1\/3&#8243;][vc_empty_space][elx_heading font_container=&#8221;h5&#8243; font_size=&#8221;h5&#8243; text_color=&#8221;inherit&#8221;]Normalin yar\u0131s\u0131 s\u00fcrede \u00fcst\u00fcn kalite[\/elx_heading][vc_column_text]<span class=\"TextRun SCXW82465132 BCX9\" lang=\"TR-TR\" xml:lang=\"TR-TR\" data-contrast=\"auto\"><span class=\"NormalTextRun SCXW82465132 BCX9\"><strong>Daha k\u0131sa y\u0131kama s\u00fcreleri<\/strong>, daha d\u00fc\u015f\u00fck \u00e7al\u0131\u015ft\u0131rma maliyetleri ve her seferinde m\u00fckemmel sonu\u00e7larla <strong>su tahliyesinde s\u0131n\u0131f\u0131n\u0131n en iyisi<\/strong>.<\/span><\/span><span class=\"EOP SCXW82465132 BCX9\" data-ccp-props=\"{&quot;201341983&quot;:0,&quot;335559739&quot;:160,&quot;335559740&quot;:259}\">\u00a0<\/span>[\/vc_column_text][\/vc_column][vc_column width=&#8221;1\/3&#8243;][vc_empty_space][elx_heading font_container=&#8221;h5&#8243; font_size=&#8221;h5&#8243; text_color=&#8221;inherit&#8221;]SpeedCare tambur[\/elx_heading][vc_column_text]<span data-contrast=\"auto\">Giysilerin i\u00e7indeki nem seviyesinin <strong>ger\u00e7ek zamanl\u0131 kontrol\u00fc ile kurutma s\u00fcresini k\u0131salt\u0131r.<\/strong><\/span><strong><br \/>\n<\/strong><span data-contrast=\"auto\">Liflerin a\u015f\u0131r\u0131 kurumas\u0131n\u0131 \u00f6nler, zamandan tasarruf sa\u011flar ve kullan\u0131c\u0131lar\u0131n i\u015fini kolayla\u015ft\u0131r\u0131r.<\/span><span data-ccp-props=\"{&quot;201341983&quot;:0,&quot;335559739&quot;:160,&quot;335559740&quot;:259}\">\u00a0<\/span>[\/vc_column_text][\/vc_column][\/vc_row][vc_row content_placement=&#8221;top&#8221; el_class=&#8221;marginNegative&#8221;][vc_column width=&#8221;1\/3&#8243;][vc_single_image image=&#8221;14455&#8243; img_size=&#8221;large&#8221;][elx_heading text_color=&#8221;inherit&#8221;]Para, enerji ve yer tasarrufu sa\u011flar[\/elx_heading][vc_column_text css=&#8221;.vc_custom_1671008225392{margin-bottom: 0px !important;}&#8221; el_class=&#8221;minHeightCirclesText&#8221;]<span class=\"TextRun SCXW113045309 BCX9\" lang=\"TR-TR\" xml:lang=\"TR-TR\" data-contrast=\"auto\"><span class=\"NormalTextRun SCXW113045309 BCX9\">\u201cTak\u0131m\u0131m\u0131n formalar\u0131 sahada her zaman m\u00fckemmel g\u00f6r\u00fcn\u00fcr\u201d<\/span><\/span><span class=\"EOP SCXW113045309 BCX9\" data-ccp-props=\"{&quot;201341983&quot;:0,&quot;335559739&quot;:160,&quot;335559740&quot;:259}\">\u00a0<\/span>[\/vc_column_text][vc_column_text css=&#8221;.vc_custom_1671009510216{margin-top: 15px !important;}&#8221;]<\/p>\n<ul>\n<li><span class=\"TextRun SCXW248582734 BCX9\" lang=\"TR-TR\" xml:lang=\"TR-TR\" data-contrast=\"auto\"><span class=\"NormalTextRun SCXW248582734 BCX9\">Benzersiz Electrolux SpeedCare tambur sayesinde en iyi y\u0131kama sonu\u00e7lar\u0131<\/span><\/span><span class=\"EOP SCXW248582734 BCX9\" data-ccp-props=\"{&quot;201341983&quot;:0,&quot;335559739&quot;:160,&quot;335559740&quot;:259}\">\u00a0<\/span><\/li>\n<li><span class=\"TextRun SCXW164200249 BCX9\" lang=\"TR-TR\" xml:lang=\"TR-TR\" data-contrast=\"auto\"><span class=\"NormalTextRun SCXW164200249 BCX9\"><strong>Enerjiden ve paradan tasarruf sa\u011flar<\/strong> (A+++ \u00e7ama\u015f\u0131r makinesi enerji verimlili\u011fi etiketi)<\/span><\/span><span class=\"EOP SCXW164200249 BCX9\" data-ccp-props=\"{&quot;201341983&quot;:0,&quot;335559739&quot;:160,&quot;335559740&quot;:259}\">\u00a0<\/span><\/li>\n<li><span class=\"TextRun SCXW164641976 BCX9\" lang=\"TR-TR\" xml:lang=\"TR-TR\" data-contrast=\"auto\"><span class=\"NormalTextRun SCXW164641976 BCX9\">Kompakt boyutta y\u00fcksek verimli \u00e7ama\u015f\u0131rhane ile i\u015fletme alan\u0131n\u0131z\u0131 optimize eder<\/span><\/span><span class=\"EOP SCXW164641976 BCX9\" data-ccp-props=\"{&quot;201341983&quot;:0,&quot;335559739&quot;:160,&quot;335559740&quot;:259}\">\u00a0<\/span><\/li>\n<\/ul>\n<p>[\/vc_column_text][\/vc_column][vc_column width=&#8221;1\/3&#8243;][vc_single_image image=&#8221;14456&#8243; img_size=&#8221;large&#8221;][elx_heading text_color=&#8221;inherit&#8221; css=&#8221;.vc_custom_1671008666088{margin-top: 0px !important;}&#8221;]Normalin yar\u0131s\u0131 s\u00fcrede \u00fcst\u00fcn kalite[\/elx_heading][vc_column_text css=&#8221;.vc_custom_1671008706873{margin-bottom: 0px !important;}&#8221; el_class=&#8221;minHeightCirclesText&#8221;]<em>&#8220;<span class=\"TextRun SCXW19628928 BCX9\" lang=\"TR-TR\" xml:lang=\"TR-TR\" data-contrast=\"auto\"><span class=\"NormalTextRun SCXW19628928 BCX9\">\u00c7ama\u015f\u0131rlar\u0131m\u0131n zaman\u0131nda y\u0131kanarak ma\u00e7tan \u00f6nce haz\u0131r olaca\u011f\u0131na g\u00fcvenim tam<\/span><\/span><\/em><em>&#8220;<\/em>[\/vc_column_text][vc_column_text css=&#8221;.vc_custom_1671009676851{margin-top: 15px !important;}&#8221;]<\/p>\n<ul>\n<li><span class=\"TextRun SCXW80811786 BCX9\" lang=\"TR-TR\" xml:lang=\"TR-TR\" data-contrast=\"auto\"><span class=\"NormalTextRun SCXW80811786 BCX9\">\u0130\u015finizi g\u00f6recek kompakt boyutta <strong>y\u00fcksek verimli \u00e7ama\u015f\u0131rhane<\/strong> ve her daim bir sonraki ma\u00e7a haz\u0131r \u00e7ama\u015f\u0131rlar.<\/span><\/span><\/li>\n<li><span class=\"TextRun SCXW42951306 BCX9\" lang=\"TR-TR\" xml:lang=\"TR-TR\" data-contrast=\"auto\"><span class=\"NormalTextRun SCXW42951306 BCX9\">4,5 mm&#8217;lik geni\u015f delikleriyle toprak ve \u00e7ak\u0131llar tamburdan verimli bir \u015fekilde at\u0131l\u0131r<\/span><\/span><span class=\"EOP SCXW42951306 BCX9\" data-ccp-props=\"{&quot;201341983&quot;:0,&quot;335559739&quot;:160,&quot;335559740&quot;:259}\">\u00a0<\/span><\/li>\n<li><span class=\"TextRun SCXW85459333 BCX9\" lang=\"TR-TR\" xml:lang=\"TR-TR\" data-contrast=\"auto\"><span class=\"NormalTextRun SCXW85459333 BCX9\">Otomatik Nem Kontrol\u00fc sayesinde <strong>daha k\u0131sa kurutma s\u00fcresi<\/strong><\/span><\/span><strong><span class=\"EOP SCXW85459333 BCX9\" data-ccp-props=\"{&quot;201341983&quot;:0,&quot;335559739&quot;:160,&quot;335559740&quot;:259}\">\u00a0<\/span><\/strong><\/li>\n<\/ul>\n<p>[\/vc_column_text][\/vc_column][vc_column width=&#8221;1\/3&#8243;][vc_single_image image=&#8221;14457&#8243; img_size=&#8221;large&#8221;][elx_heading text_color=&#8221;inherit&#8221;]Profesyonel ihtiya\u00e7lar\u0131n\u0131z\u0131 kar\u015f\u0131layan h\u0131zl\u0131 y\u0131kama \u00f6zelli\u011fi[\/elx_heading][vc_column_text css=&#8221;.vc_custom_1671008860535{margin-bottom: 0px !important;}&#8221; el_class=&#8221;minHeightCirclesText&#8221;]<em>&#8220;<span class=\"TextRun SCXW199570765 BCX9\" lang=\"TR-TR\" xml:lang=\"TR-TR\" data-contrast=\"auto\"><span class=\"NormalTextRun SCXW199570765 BCX9\">Kul\u00fcb\u00fcm\u00fcn \u00fcyelerine havlu kiralay\u0131p ekstra para kazanabilirim<\/span><\/span>&#8220;<\/em>[\/vc_column_text][vc_column_text css=&#8221;.vc_custom_1671009825762{margin-top: 15px !important;}&#8221;]<\/p>\n<ul>\n<li><span class=\"TextRun SCXW21825421 BCX9\" lang=\"TR-TR\" xml:lang=\"TR-TR\" data-contrast=\"auto\"><span class=\"NormalTextRun SCXW21825421 BCX9\">Y\u00fcksek standartta hijyen sunan <strong>profesyonel dezenfeksiyon programlar\u0131<\/strong><\/span><\/span><strong><span class=\"EOP SCXW21825421 BCX9\" data-ccp-props=\"{&quot;201341983&quot;:0,&quot;335559739&quot;:160,&quot;335559740&quot;:259}\">\u00a0<\/span><\/strong><\/li>\n<li><span class=\"TextRun SCXW179627058 BCX9\" lang=\"TR-TR\" xml:lang=\"TR-TR\" data-contrast=\"auto\"><span class=\"NormalTextRun SCXW179627058 BCX9\">Birinci s\u0131n\u0131f kalite \u00e7\u00f6z\u00fcm, <strong>daha uzun hizmet s\u00fcresi<\/strong><\/span><\/span><strong><span class=\"EOP SCXW179627058 BCX9\" data-ccp-props=\"{&quot;201341983&quot;:0,&quot;335559739&quot;:160,&quot;335559740&quot;:259}\">\u00a0<\/span><\/strong><\/li>\n<li><span class=\"TextRun SCXW90166008 BCX9\" lang=\"TR-TR\" xml:lang=\"TR-TR\" data-contrast=\"auto\"><span class=\"NormalTextRun SCXW90166008 BCX9\">Ticari <strong>kullan\u0131m garantisi<\/strong><\/span><\/span><strong><span class=\"EOP SCXW90166008 BCX9\" data-ccp-props=\"{&quot;201341983&quot;:0,&quot;335559739&quot;:160,&quot;335559740&quot;:259}\">\u00a0<\/span><\/strong><\/li>\n<\/ul>\n<p>[\/vc_column_text][\/vc_column][\/vc_row][vc_row][vc_column][vc_empty_space][\/vc_column][\/vc_row][vc_row][vc_column][elx_o2000_contact_us s=&#8221;Request of information about Hairdressers &amp; Beauty Salons&#8221; b=&#8221;laundry&#8221; r=&#8221;I would like to find out more about Laundry solutions for Sport &amp; Fitness clubs&#8221; l=&#8221;en&#8221;][\/vc_column][\/vc_row][vc_row][vc_column][vc_empty_space][\/vc_column][\/vc_row][vc_row][vc_column width=&#8221;1\/2&#8243;][vc_single_image image=&#8221;1851&#8243; img_size=&#8221;full&#8221;][\/vc_column][vc_column width=&#8221;1\/2&#8243;][elx_heading font_container=&#8221;h5&#8243; text_color=&#8221;inherit&#8221;]Richmond Futbol Kul\u00fcb\u00fc, Melbourne (Avustralya)[\/elx_heading][vc_column_text]\u201cArt\u0131k k\u00fc\u00e7\u00fck \u00e7ama\u015f\u0131rhane alan\u0131m\u0131za kurulu 3 \u00e7ama\u015f\u0131r ve kurutma makinemiz var; makineler kompakt, sessiz ve haftada 100-120 y\u0131kama y\u00fck\u00fcn\u00fc harika bir \u015fekilde kald\u0131r\u0131yor. Art\u0131k ne \u00e7im lekesi ne de yang\u0131n riski olu\u015fturabilecek ya\u011fl\u0131 kal\u0131nt\u0131lar kal\u0131yor.\u201d<br \/>\n<strong>Giuseppe Mamone, emlak y\u00f6neticisi<\/strong>[\/vc_column_text][elx_button button_text=&#8221;Richmond Futbol Kul\u00fcb\u00fc&#8221; button_style=&#8221;icon&#8221; button_link=&#8221;url:https%3A%2F%2Fwww.electroluxprofessional.com%2Freferences%2Fmypro-for-richmond-football-club%2F|title:Richmond%20Futbol%20Kul%C3%BCb%C3%BC%20(EN)|target:_blank&#8221;][\/vc_column][\/vc_row][vc_row][vc_column][vc_empty_space][\/vc_column][\/vc_row][vc_row css=&#8221;.vc_custom_1534772259989{background-color: #eeeeee !important;}&#8221;][vc_column width=&#8221;2\/3&#8243;][elx_heading font_size=&#8221;h3&#8243; text_color=&#8221;inherit&#8221;]Daha verimli \u00e7\u00f6z\u00fcmler mi ar\u0131yorsunuz?[\/elx_heading][elx_heading font_container=&#8221;h3&#8243; font_size=&#8221;h5&#8243; text_color=&#8221;inherit&#8221;]End\u00fcstriyel \u00e7ama\u015f\u0131rhane \u00e7\u00f6z\u00fcmlerimizi ke\u015ffedin[\/elx_heading][vc_column_text]Electrolux Professional\u00a0<span class=\"Y2IQFc\" lang=\"tr\">end\u00fcstriyel \u00e7ama\u015f\u0131r y\u0131kama ihtiya\u00e7lar\u0131n\u0131z i\u00e7in \u00e7ok y\u00f6nl\u00fc bir \u00fcr\u00fcn yelpazesi sunar.<\/span>[\/vc_column_text][elx_button button_text=&#8221;Profesyonel \u00c7ama\u015f\u0131rhane \u00c7\u00f6z\u00fcmlerimizi ke\u015ffedin&#8221; button_style=&#8221;icon&#8221; button_link=&#8221;url:https%3A%2F%2Fwww.electroluxprofessional.com%2Ftr%2Fticari-camasirhane-ekipmanlari%2Fline-6000-cozumler%2F|title:Line%206000%20%C3%87%C3%B6z%C3%BCmler&#8221;][\/vc_column][vc_column width=&#8221;1\/3&#8243;][vc_empty_space][vc_single_image image=&#8221;1167&#8243; img_size=&#8221;700px&#8221; onclick=&#8221;custom_link&#8221; link=&#8221;http:\/\/https:\/\/www.electroluxprofessional.com\/tr\/your-business\/commercial-laundries\/&#8221;][\/vc_column][\/vc_row]<\/p>\n","protected":false},"excerpt":{"rendered":"<p>[vc_row full_width=&#8221;electroluxpro-full-width-no-padding&#8221; css=&#8221;.vc_custom_1663603533477{margin-top: -50px !important;}&#8221;][vc_column][elx_full_banner title=&#8221;Spor &amp; Fitness Merkezleri&#8221; background_image_media_library=&#8221;14458&#8243; background_image_media_library_mobile=&#8221;43995&#8243;][\/vc_column][\/vc_row][vc_row][vc_column][vc_empty_space][\/vc_column][\/vc_row][vc_row][vc_column width=&#8221;2\/3&#8243;][elx_heading font_container=&#8221;h1&#8243; text_color=&#8221;electrolux-blue&#8221;]Spor ve fitness merkezleri i\u00e7in \u00e7ama\u015f\u0131rhane \u00e7\u00f6z\u00fcmleri[\/elx_heading][vc_column_text]S\u0131radan ev tipi \u00e7ama\u015f\u0131r makineleri genellikle inat\u00e7\u0131 \u00e7im, kir ve ter lekelerini \u00e7\u0131karamaz.\u00a0 myPRO ile \u00e7\u0131kmayan lekeler veya makine sorunlar\u0131 i\u00e7in art\u0131k endi\u015felenmenize gerek yok. Tek yapman\u0131z gereken makineyi doldurmak, program\u0131 ba\u015flatmak ve keyfinize bakmak.\u00a0[\/vc_column_text][elx_button button_text=&#8221;\u00dcr\u00fcnlere [&hellip;]<\/p>\n","protected":false},"author":40,"featured_media":0,"parent":21615,"menu_order":0,"comment_status":"closed","ping_status":"closed","template":"","meta":{"footnotes":""},"class_list":["post-14459","page","type-page","status-publish","hentry"],"acf":[],"yoast_head":"<!-- This site is optimized with the Yoast SEO plugin v23.3 - https:\/\/yoast.com\/wordpress\/plugins\/seo\/ -->\n<title>Spor &amp; Fitness merkezleri - Electrolux Professional T\u00fcrkiye<\/title>\n<meta name=\"description\" content=\"Spor ve Fitness merkezleri i\u00e7in \u00e7ama\u015f\u0131rhane \u00e7\u00f6z\u00fcmleri. Daha k\u0131sa program s\u00fcreleri, daha d\u00fc\u015f\u00fck i\u015fletme maliyetleri ve her seferinde m\u00fckemmel sonu\u00e7lar i\u00e7in s\u0131n\u0131f\u0131n\u0131n en iyisi\" \/>\n<meta name=\"robots\" content=\"index, follow, max-snippet:-1, max-image-preview:large, max-video-preview:-1\" \/>\n<link rel=\"canonical\" href=\"https:\/\/www.electroluxprofessional.com\/tr\/isletmenize-yonelik-cozumler\/kucuk-isletmeler\/spor-fitness-merkezleri\/\" \/>\n<meta property=\"og:locale\" content=\"tr_TR\" \/>\n<meta property=\"og:type\" content=\"article\" \/>\n<meta property=\"og:title\" content=\"Spor &amp; Fitness merkezleri - Electrolux Professional T\u00fcrkiye\" \/>\n<meta property=\"og:description\" content=\"Spor ve Fitness merkezleri i\u00e7in \u00e7ama\u015f\u0131rhane \u00e7\u00f6z\u00fcmleri. Daha k\u0131sa program s\u00fcreleri, daha d\u00fc\u015f\u00fck i\u015fletme maliyetleri ve her seferinde m\u00fckemmel sonu\u00e7lar i\u00e7in s\u0131n\u0131f\u0131n\u0131n en iyisi\" \/>\n<meta property=\"og:url\" content=\"https:\/\/www.electroluxprofessional.com\/tr\/isletmenize-yonelik-cozumler\/kucuk-isletmeler\/spor-fitness-merkezleri\/\" \/>\n<meta property=\"og:site_name\" content=\"Electrolux Professional T\u00fcrkiye\" \/>\n<meta property=\"article:modified_time\" content=\"2025-11-06T07:16:29+00:00\" \/>\n<meta name=\"twitter:card\" content=\"summary_large_image\" \/>\n<meta name=\"twitter:label1\" content=\"Tahmini okuma s\u00fcresi\" \/>\n\t<meta name=\"twitter:data1\" content=\"3 dakika\" \/>\n<script type=\"application\/ld+json\" class=\"yoast-schema-graph\">{\"@context\":\"https:\/\/schema.org\",\"@graph\":[{\"@type\":\"WebPage\",\"@id\":\"https:\/\/www.electroluxprofessional.com\/tr\/isletmenize-yonelik-cozumler\/kucuk-isletmeler\/spor-fitness-merkezleri\/\",\"url\":\"https:\/\/www.electroluxprofessional.com\/tr\/isletmenize-yonelik-cozumler\/kucuk-isletmeler\/spor-fitness-merkezleri\/\",\"name\":\"Spor & Fitness merkezleri - Electrolux Professional T\u00fcrkiye\",\"isPartOf\":{\"@id\":\"https:\/\/www.electroluxprofessional.com\/tr\/#website\"},\"datePublished\":\"2022-09-29T14:25:57+00:00\",\"dateModified\":\"2025-11-06T07:16:29+00:00\",\"description\":\"Spor ve Fitness merkezleri i\u00e7in \u00e7ama\u015f\u0131rhane \u00e7\u00f6z\u00fcmleri. Daha k\u0131sa program s\u00fcreleri, daha d\u00fc\u015f\u00fck i\u015fletme maliyetleri ve her seferinde m\u00fckemmel sonu\u00e7lar i\u00e7in s\u0131n\u0131f\u0131n\u0131n en iyisi\",\"breadcrumb\":{\"@id\":\"https:\/\/www.electroluxprofessional.com\/tr\/isletmenize-yonelik-cozumler\/kucuk-isletmeler\/spor-fitness-merkezleri\/#breadcrumb\"},\"inLanguage\":\"tr\",\"potentialAction\":[{\"@type\":\"ReadAction\",\"target\":[\"https:\/\/www.electroluxprofessional.com\/tr\/isletmenize-yonelik-cozumler\/kucuk-isletmeler\/spor-fitness-merkezleri\/\"]}]},{\"@type\":\"BreadcrumbList\",\"@id\":\"https:\/\/www.electroluxprofessional.com\/tr\/isletmenize-yonelik-cozumler\/kucuk-isletmeler\/spor-fitness-merkezleri\/#breadcrumb\",\"itemListElement\":[{\"@type\":\"ListItem\",\"position\":1,\"name\":\"Home\",\"item\":\"https:\/\/www.electroluxprofessional.com\/tr\/\"},{\"@type\":\"ListItem\",\"position\":2,\"name\":\"\u0130\u015fletmenize Y\u00f6nelik \u00c7\u00f6z\u00fcmler\",\"item\":\"https:\/\/www.electroluxprofessional.com\/tr\/isletmenize-yonelik-cozumler\/\"},{\"@type\":\"ListItem\",\"position\":3,\"name\":\"K\u00fc\u00e7\u00fck \u0130\u015fletmeler\",\"item\":\"https:\/\/www.electroluxprofessional.com\/tr\/isletmenize-yonelik-cozumler\/kucuk-isletmeler\/\"},{\"@type\":\"ListItem\",\"position\":4,\"name\":\"Spor &#038; Fitness merkezleri\"}]},{\"@type\":\"WebSite\",\"@id\":\"https:\/\/www.electroluxprofessional.com\/tr\/#website\",\"url\":\"https:\/\/www.electroluxprofessional.com\/tr\/\",\"name\":\"Electrolux Professional T\u00fcrkiye\",\"description\":\"\",\"potentialAction\":[{\"@type\":\"SearchAction\",\"target\":{\"@type\":\"EntryPoint\",\"urlTemplate\":\"https:\/\/www.electroluxprofessional.com\/tr\/?src={search_term_string}\"},\"query-input\":\"required name=search_term_string\"}],\"inLanguage\":\"tr\"}]}<\/script>\n<!-- \/ Yoast SEO plugin. -->","yoast_head_json":{"title":"Spor & Fitness merkezleri - Electrolux Professional T\u00fcrkiye","description":"Spor ve Fitness merkezleri i\u00e7in \u00e7ama\u015f\u0131rhane \u00e7\u00f6z\u00fcmleri. Daha k\u0131sa program s\u00fcreleri, daha d\u00fc\u015f\u00fck i\u015fletme maliyetleri ve her seferinde m\u00fckemmel sonu\u00e7lar i\u00e7in s\u0131n\u0131f\u0131n\u0131n en iyisi","robots":{"index":"index","follow":"follow","max-snippet":"max-snippet:-1","max-image-preview":"max-image-preview:large","max-video-preview":"max-video-preview:-1"},"canonical":"https:\/\/www.electroluxprofessional.com\/tr\/isletmenize-yonelik-cozumler\/kucuk-isletmeler\/spor-fitness-merkezleri\/","og_locale":"tr_TR","og_type":"article","og_title":"Spor & Fitness merkezleri - Electrolux Professional T\u00fcrkiye","og_description":"Spor ve Fitness merkezleri i\u00e7in \u00e7ama\u015f\u0131rhane \u00e7\u00f6z\u00fcmleri. Daha k\u0131sa program s\u00fcreleri, daha d\u00fc\u015f\u00fck i\u015fletme maliyetleri ve her seferinde m\u00fckemmel sonu\u00e7lar i\u00e7in s\u0131n\u0131f\u0131n\u0131n en iyisi","og_url":"https:\/\/www.electroluxprofessional.com\/tr\/isletmenize-yonelik-cozumler\/kucuk-isletmeler\/spor-fitness-merkezleri\/","og_site_name":"Electrolux Professional T\u00fcrkiye","article_modified_time":"2025-11-06T07:16:29+00:00","twitter_card":"summary_large_image","twitter_misc":{"Tahmini okuma s\u00fcresi":"3 dakika"},"schema":{"@context":"https:\/\/schema.org","@graph":[{"@type":"WebPage","@id":"https:\/\/www.electroluxprofessional.com\/tr\/isletmenize-yonelik-cozumler\/kucuk-isletmeler\/spor-fitness-merkezleri\/","url":"https:\/\/www.electroluxprofessional.com\/tr\/isletmenize-yonelik-cozumler\/kucuk-isletmeler\/spor-fitness-merkezleri\/","name":"Spor & Fitness merkezleri - Electrolux Professional T\u00fcrkiye","isPartOf":{"@id":"https:\/\/www.electroluxprofessional.com\/tr\/#website"},"datePublished":"2022-09-29T14:25:57+00:00","dateModified":"2025-11-06T07:16:29+00:00","description":"Spor ve Fitness merkezleri i\u00e7in \u00e7ama\u015f\u0131rhane \u00e7\u00f6z\u00fcmleri. Daha k\u0131sa program s\u00fcreleri, daha d\u00fc\u015f\u00fck i\u015fletme maliyetleri ve her seferinde m\u00fckemmel sonu\u00e7lar i\u00e7in s\u0131n\u0131f\u0131n\u0131n en iyisi","breadcrumb":{"@id":"https:\/\/www.electroluxprofessional.com\/tr\/isletmenize-yonelik-cozumler\/kucuk-isletmeler\/spor-fitness-merkezleri\/#breadcrumb"},"inLanguage":"tr","potentialAction":[{"@type":"ReadAction","target":["https:\/\/www.electroluxprofessional.com\/tr\/isletmenize-yonelik-cozumler\/kucuk-isletmeler\/spor-fitness-merkezleri\/"]}]},{"@type":"BreadcrumbList","@id":"https:\/\/www.electroluxprofessional.com\/tr\/isletmenize-yonelik-cozumler\/kucuk-isletmeler\/spor-fitness-merkezleri\/#breadcrumb","itemListElement":[{"@type":"ListItem","position":1,"name":"Home","item":"https:\/\/www.electroluxprofessional.com\/tr\/"},{"@type":"ListItem","position":2,"name":"\u0130\u015fletmenize Y\u00f6nelik \u00c7\u00f6z\u00fcmler","item":"https:\/\/www.electroluxprofessional.com\/tr\/isletmenize-yonelik-cozumler\/"},{"@type":"ListItem","position":3,"name":"K\u00fc\u00e7\u00fck \u0130\u015fletmeler","item":"https:\/\/www.electroluxprofessional.com\/tr\/isletmenize-yonelik-cozumler\/kucuk-isletmeler\/"},{"@type":"ListItem","position":4,"name":"Spor &#038; Fitness merkezleri"}]},{"@type":"WebSite","@id":"https:\/\/www.electroluxprofessional.com\/tr\/#website","url":"https:\/\/www.electroluxprofessional.com\/tr\/","name":"Electrolux Professional T\u00fcrkiye","description":"","potentialAction":[{"@type":"SearchAction","target":{"@type":"EntryPoint","urlTemplate":"https:\/\/www.electroluxprofessional.com\/tr\/?src={search_term_string}"},"query-input":"required name=search_term_string"}],"inLanguage":"tr"}]}},"_links":{"self":[{"href":"https:\/\/www.electroluxprofessional.com\/tr\/wp-json\/wp\/v2\/pages\/14459"}],"collection":[{"href":"https:\/\/www.electroluxprofessional.com\/tr\/wp-json\/wp\/v2\/pages"}],"about":[{"href":"https:\/\/www.electroluxprofessional.com\/tr\/wp-json\/wp\/v2\/types\/page"}],"author":[{"embeddable":true,"href":"https:\/\/www.electroluxprofessional.com\/tr\/wp-json\/wp\/v2\/users\/40"}],"replies":[{"embeddable":true,"href":"https:\/\/www.electroluxprofessional.com\/tr\/wp-json\/wp\/v2\/comments?post=14459"}],"version-history":[{"count":11,"href":"https:\/\/www.electroluxprofessional.com\/tr\/wp-json\/wp\/v2\/pages\/14459\/revisions"}],"predecessor-version":[{"id":22975,"href":"https:\/\/www.electroluxprofessional.com\/tr\/wp-json\/wp\/v2\/pages\/14459\/revisions\/22975"}],"up":[{"embeddable":true,"href":"https:\/\/www.electroluxprofessional.com\/tr\/wp-json\/wp\/v2\/pages\/21615"}],"wp:attachment":[{"href":"https:\/\/www.electroluxprofessional.com\/tr\/wp-json\/wp\/v2\/media?parent=14459"}],"curies":[{"name":"wp","href":"https:\/\/api.w.org\/{rel}","templated":true}]}}