{"id":14374,"date":"2022-09-16T20:08:43","date_gmt":"2022-09-16T20:08:43","guid":{"rendered":"https:\/\/www.electroluxprofessional.com\/tr\/?page_id=14374"},"modified":"2025-11-07T08:28:25","modified_gmt":"2025-11-07T08:28:25","slug":"saladet","status":"publish","type":"page","link":"https:\/\/www.electroluxprofessional.com\/tr\/ticari-mutfak-ekipmanlari\/saladet\/","title":{"rendered":"Saladet So\u011fuk Tezgahlar"},"content":{"rendered":"<p>[vc_row full_width=&#8221;electroluxpro-full-width-no-padding&#8221;][vc_column][vc_single_image image=&#8221;2656&#8243; img_size=&#8221;2000*350&#8243;][\/vc_column][\/vc_row][vc_row][vc_column][elx_heading font_container=&#8221;h1&#8243; font_size=&#8221;h3&#8243; text_color=&#8221;inherit&#8221; text_align=&#8221;text-left&#8221;]Saladet[\/elx_heading][elx_heading font_container=&#8221;h3&#8243; font_size=&#8221;h5&#8243; text_color=&#8221;inherit&#8221;]Electrolux Professional so\u011fuk <strong>tezgahlar\u0131<\/strong> \u00fcr\u00fcn grubunda, \u00e7al\u0131\u015fma tezgah\u0131 alan\u0131n\u0131n rahatl\u0131\u011f\u0131n\u0131n yan\u0131nda, alt b\u00f6l\u00fcmde so\u011fuk depolama alan\u0131 da bulunur.[\/elx_heading][vc_empty_space][\/vc_column][\/vc_row][vc_row][vc_column width=&#8221;2\/3&#8243;][vc_single_image image=&#8221;22878&#8243; img_size=&#8221;700*400&#8243; alignment=&#8221;center&#8221;][\/vc_column][vc_column width=&#8221;1\/3&#8243;][vc_empty_space][vc_column_text css=&#8221;.vc_custom_1663359215035{margin-top: 20px !important;border-top-width: 20px !important;padding-top: 20px !important;}&#8221;]<\/p>\n<h5>Bu \u00e7ok y\u00f6nl\u00fcl\u00fck, t\u00fcm mutfak ihtiya\u00e7lar\u0131na <strong>i\u015flevsel ve mod\u00fcler bir \u00e7\u00f6z\u00fcm<\/strong>\u00a0sunman\u0131n yan\u0131 s\u0131ra\u00a0<strong>kullan\u0131m alan\u0131ndan da \u00f6nemli oranda tasarruf edilmesini<\/strong>\u00a0sa\u011flar.<\/h5>\n<p>[\/vc_column_text][\/vc_column][\/vc_row][vc_row][vc_column][vc_empty_space][\/vc_column][\/vc_row][vc_row][vc_column][vc_column_text][\/vc_column_text][\/vc_column][\/vc_row][vc_row][vc_column][vc_column_text]<\/p>\n<h2 style=\"text-align: center;\">Ekstra s\u00fcrd\u00fcr\u00fclebilir<\/h2>\n<p style=\"text-align: center;\">\u0130novasyon yoluyla s\u00fcrd\u00fcr\u00fclebilir<br \/>\ni\u015f ve \u00e7evre dostu \u00e7\u00f6z\u00fcmlere \u00f6nc\u00fcl\u00fck etmek[\/vc_column_text][vc_row_inner][vc_column_inner width=&#8221;1\/2&#8243;][vc_empty_space height=&#8221;8px&#8221;][vc_column_text]<\/p>\n<h2>Electrolux Professional y\u00fcksek verimli R290 \u00e7\u00f6z\u00fcmleriyle pazardaki ilklerden biri olarak de\u011fi\u015fimi y\u00f6nlendiriyor<\/h2>\n<p>[\/vc_column_text][\/vc_column_inner][vc_column_inner width=&#8221;1\/2&#8243;][vc_empty_space][elx_icons alignment=&#8221;left&#8221; icon_electroluxpro=&#8221;elx-icon icon-r290-green&#8221;][vc_empty_space][vc_column_text]R290 gaz\u0131 \u00e7evresel etkiyi azalt\u0131r ve buzdolab\u0131n\u0131n bile\u015fenleri \u00fczerinde eski geleneksel gaza g\u00f6re daha az agresif bir etkiye sahiptir.[\/vc_column_text][\/vc_column_inner][\/vc_row_inner][vc_empty_space][\/vc_column][\/vc_row][vc_row css=&#8221;.vc_custom_1517830702010{background-color: #eeeeee !important;}&#8221;][vc_column][elx_heading font_size=&#8221;h3&#8243; text_color=&#8221;inherit&#8221; text_align=&#8221;text-left&#8221;]\u0130\u015fletmeniz i\u00e7in ideal paketi bulun[\/elx_heading][\/vc_column][\/vc_row][vc_row][vc_column][vc_column_text][\/vc_column_text][\/vc_column][\/vc_row][vc_row css=&#8221;.vc_custom_1517830708765{background-color: #eeeeee !important;}&#8221;][vc_column width=&#8221;1\/3&#8243;][elx_maylike_box id_box=&#8221;1196&#8243;][\/vc_column][vc_column width=&#8221;1\/3&#8243;][elx_maylike_box id_box=&#8221;1498&#8243;][\/vc_column][vc_column width=&#8221;1\/3&#8243;][elx_maylike_box id_box=&#8221;1500&#8243;][\/vc_column][\/vc_row][vc_row][vc_column][vc_empty_space height=&#8221;50px&#8221;][elx_heading font_size=&#8221;h3&#8243; text_color=&#8221;inherit&#8221; text_align=&#8221;text-left&#8221;]Saladetin i\u015fletmeniz i\u00e7in neler yapabilece\u011fini ke\u015ffedin[\/elx_heading][elx_o2000_contact_us s=&#8221;Request of information about saladette&#8221; container=&#8221;elxcontactus1480424351&#8243; r=&#8221;I would like to find out more about saladette. Please get in touch with me.&#8221;][vc_empty_space height=&#8221;50px&#8221;][elx_heading font_container=&#8221;h3&#8243; font_size=&#8221;h3&#8243; text_color=&#8221;inherit&#8221; text_align=&#8221;text-left&#8221;]Saladet[\/elx_heading][\/vc_column][\/vc_row][vc_row el_id=&#8221;products&#8221;][vc_column][vc_column_text][\/vc_column_text][\/vc_column][\/vc_row]<\/p>\n","protected":false},"excerpt":{"rendered":"<p>[vc_row full_width=&#8221;electroluxpro-full-width-no-padding&#8221;][vc_column][vc_single_image image=&#8221;2656&#8243; img_size=&#8221;2000*350&#8243;][\/vc_column][\/vc_row][vc_row][vc_column][elx_heading font_container=&#8221;h1&#8243; font_size=&#8221;h3&#8243; text_color=&#8221;inherit&#8221; text_align=&#8221;text-left&#8221;]Saladet[\/elx_heading][elx_heading font_container=&#8221;h3&#8243; font_size=&#8221;h5&#8243; text_color=&#8221;inherit&#8221;]Electrolux Professional so\u011fuk tezgahlar\u0131 \u00fcr\u00fcn grubunda, \u00e7al\u0131\u015fma tezgah\u0131 alan\u0131n\u0131n rahatl\u0131\u011f\u0131n\u0131n yan\u0131nda, alt b\u00f6l\u00fcmde so\u011fuk depolama alan\u0131 da bulunur.[\/elx_heading][vc_empty_space][\/vc_column][\/vc_row][vc_row][vc_column width=&#8221;2\/3&#8243;][vc_single_image image=&#8221;22878&#8243; img_size=&#8221;700*400&#8243; alignment=&#8221;center&#8221;][\/vc_column][vc_column width=&#8221;1\/3&#8243;][vc_empty_space][vc_column_text css=&#8221;.vc_custom_1663359215035{margin-top: 20px !important;border-top-width: 20px !important;padding-top: 20px !important;}&#8221;] Bu \u00e7ok y\u00f6nl\u00fcl\u00fck, t\u00fcm mutfak ihtiya\u00e7lar\u0131na i\u015flevsel ve mod\u00fcler bir \u00e7\u00f6z\u00fcm\u00a0sunman\u0131n yan\u0131 s\u0131ra\u00a0kullan\u0131m alan\u0131ndan da [&hellip;]<\/p>\n","protected":false},"author":40,"featured_media":14373,"parent":19849,"menu_order":0,"comment_status":"closed","ping_status":"closed","template":"","meta":{"footnotes":""},"class_list":["post-14374","page","type-page","status-publish","has-post-thumbnail","hentry"],"acf":[],"yoast_head":"<!-- This site is optimized with the Yoast SEO plugin v23.3 - https:\/\/yoast.com\/wordpress\/plugins\/seo\/ -->\n<title>Saladet So\u011fuk Tezgahlar - Electrolux Professional T\u00fcrkiye<\/title>\n<meta name=\"description\" content=\"Electrolux Professional&#039;in geni\u015f \u00e7\u00f6z\u00fcm yelpazesi, rahat \u00e7al\u0131\u015fma alanlar\u0131 ile alt\u0131nda so\u011futma tezgahlar\u0131n\u0131 bulu\u015fturuyor.\" \/>\n<meta name=\"robots\" content=\"index, follow, max-snippet:-1, max-image-preview:large, max-video-preview:-1\" \/>\n<link rel=\"canonical\" href=\"https:\/\/www.electroluxprofessional.com\/tr\/ticari-mutfak-ekipmanlari\/saladet\/\" \/>\n<meta property=\"og:locale\" content=\"tr_TR\" \/>\n<meta property=\"og:type\" content=\"article\" \/>\n<meta property=\"og:title\" content=\"Saladet So\u011fuk Tezgahlar - Electrolux Professional T\u00fcrkiye\" \/>\n<meta property=\"og:description\" content=\"Electrolux Professional&#039;in geni\u015f \u00e7\u00f6z\u00fcm yelpazesi, rahat \u00e7al\u0131\u015fma alanlar\u0131 ile alt\u0131nda so\u011futma tezgahlar\u0131n\u0131 bulu\u015fturuyor.\" \/>\n<meta property=\"og:url\" content=\"https:\/\/www.electroluxprofessional.com\/tr\/ticari-mutfak-ekipmanlari\/saladet\/\" \/>\n<meta property=\"og:site_name\" content=\"Electrolux Professional T\u00fcrkiye\" \/>\n<meta property=\"article:modified_time\" content=\"2025-11-07T08:28:25+00:00\" \/>\n<meta property=\"og:image\" content=\"https:\/\/www.electroluxprofessional.com\/tr\/wp-content\/uploads\/2022\/09\/saladette-710025-1.jpg\" \/>\n\t<meta property=\"og:image:width\" content=\"700\" \/>\n\t<meta property=\"og:image:height\" content=\"400\" \/>\n\t<meta property=\"og:image:type\" content=\"image\/jpeg\" \/>\n<meta name=\"twitter:card\" content=\"summary_large_image\" \/>\n<meta name=\"twitter:label1\" content=\"Tahmini okuma s\u00fcresi\" \/>\n\t<meta name=\"twitter:data1\" content=\"2 dakika\" \/>\n<script type=\"application\/ld+json\" class=\"yoast-schema-graph\">{\"@context\":\"https:\/\/schema.org\",\"@graph\":[{\"@type\":\"WebPage\",\"@id\":\"https:\/\/www.electroluxprofessional.com\/tr\/ticari-mutfak-ekipmanlari\/saladet\/\",\"url\":\"https:\/\/www.electroluxprofessional.com\/tr\/ticari-mutfak-ekipmanlari\/saladet\/\",\"name\":\"Saladet So\u011fuk Tezgahlar - Electrolux Professional T\u00fcrkiye\",\"isPartOf\":{\"@id\":\"https:\/\/www.electroluxprofessional.com\/tr\/#website\"},\"primaryImageOfPage\":{\"@id\":\"https:\/\/www.electroluxprofessional.com\/tr\/ticari-mutfak-ekipmanlari\/saladet\/#primaryimage\"},\"image\":{\"@id\":\"https:\/\/www.electroluxprofessional.com\/tr\/ticari-mutfak-ekipmanlari\/saladet\/#primaryimage\"},\"thumbnailUrl\":\"https:\/\/www.electroluxprofessional.com\/tr\/wp-content\/uploads\/2022\/09\/saladette-710025-1.jpg\",\"datePublished\":\"2022-09-16T20:08:43+00:00\",\"dateModified\":\"2025-11-07T08:28:25+00:00\",\"description\":\"Electrolux Professional'in geni\u015f \u00e7\u00f6z\u00fcm yelpazesi, rahat \u00e7al\u0131\u015fma alanlar\u0131 ile alt\u0131nda so\u011futma tezgahlar\u0131n\u0131 bulu\u015fturuyor.\",\"breadcrumb\":{\"@id\":\"https:\/\/www.electroluxprofessional.com\/tr\/ticari-mutfak-ekipmanlari\/saladet\/#breadcrumb\"},\"inLanguage\":\"tr\",\"potentialAction\":[{\"@type\":\"ReadAction\",\"target\":[\"https:\/\/www.electroluxprofessional.com\/tr\/ticari-mutfak-ekipmanlari\/saladet\/\"]}]},{\"@type\":\"ImageObject\",\"inLanguage\":\"tr\",\"@id\":\"https:\/\/www.electroluxprofessional.com\/tr\/ticari-mutfak-ekipmanlari\/saladet\/#primaryimage\",\"url\":\"https:\/\/www.electroluxprofessional.com\/tr\/wp-content\/uploads\/2022\/09\/saladette-710025-1.jpg\",\"contentUrl\":\"https:\/\/www.electroluxprofessional.com\/tr\/wp-content\/uploads\/2022\/09\/saladette-710025-1.jpg\",\"width\":700,\"height\":400,\"caption\":\"saladette-710025\"},{\"@type\":\"BreadcrumbList\",\"@id\":\"https:\/\/www.electroluxprofessional.com\/tr\/ticari-mutfak-ekipmanlari\/saladet\/#breadcrumb\",\"itemListElement\":[{\"@type\":\"ListItem\",\"position\":1,\"name\":\"Home\",\"item\":\"https:\/\/www.electroluxprofessional.com\/tr\/\"},{\"@type\":\"ListItem\",\"position\":2,\"name\":\"End\u00fcstriyel Mutfak Ekipmanlar\u0131\",\"item\":\"https:\/\/www.electroluxprofessional.com\/tr\/ticari-mutfak-ekipmanlari\/\"},{\"@type\":\"ListItem\",\"position\":3,\"name\":\"Saladet So\u011fuk Tezgahlar\"}]},{\"@type\":\"WebSite\",\"@id\":\"https:\/\/www.electroluxprofessional.com\/tr\/#website\",\"url\":\"https:\/\/www.electroluxprofessional.com\/tr\/\",\"name\":\"Electrolux Professional T\u00fcrkiye\",\"description\":\"\",\"potentialAction\":[{\"@type\":\"SearchAction\",\"target\":{\"@type\":\"EntryPoint\",\"urlTemplate\":\"https:\/\/www.electroluxprofessional.com\/tr\/?src={search_term_string}\"},\"query-input\":\"required name=search_term_string\"}],\"inLanguage\":\"tr\"}]}<\/script>\n<!-- \/ Yoast SEO plugin. -->","yoast_head_json":{"title":"Saladet So\u011fuk Tezgahlar - Electrolux Professional T\u00fcrkiye","description":"Electrolux Professional'in geni\u015f \u00e7\u00f6z\u00fcm yelpazesi, rahat \u00e7al\u0131\u015fma alanlar\u0131 ile alt\u0131nda so\u011futma tezgahlar\u0131n\u0131 bulu\u015fturuyor.","robots":{"index":"index","follow":"follow","max-snippet":"max-snippet:-1","max-image-preview":"max-image-preview:large","max-video-preview":"max-video-preview:-1"},"canonical":"https:\/\/www.electroluxprofessional.com\/tr\/ticari-mutfak-ekipmanlari\/saladet\/","og_locale":"tr_TR","og_type":"article","og_title":"Saladet So\u011fuk Tezgahlar - Electrolux Professional T\u00fcrkiye","og_description":"Electrolux Professional'in geni\u015f \u00e7\u00f6z\u00fcm yelpazesi, rahat \u00e7al\u0131\u015fma alanlar\u0131 ile alt\u0131nda so\u011futma tezgahlar\u0131n\u0131 bulu\u015fturuyor.","og_url":"https:\/\/www.electroluxprofessional.com\/tr\/ticari-mutfak-ekipmanlari\/saladet\/","og_site_name":"Electrolux Professional T\u00fcrkiye","article_modified_time":"2025-11-07T08:28:25+00:00","og_image":[{"width":700,"height":400,"url":"https:\/\/www.electroluxprofessional.com\/tr\/wp-content\/uploads\/2022\/09\/saladette-710025-1.jpg","type":"image\/jpeg"}],"twitter_card":"summary_large_image","twitter_misc":{"Tahmini okuma s\u00fcresi":"2 dakika"},"schema":{"@context":"https:\/\/schema.org","@graph":[{"@type":"WebPage","@id":"https:\/\/www.electroluxprofessional.com\/tr\/ticari-mutfak-ekipmanlari\/saladet\/","url":"https:\/\/www.electroluxprofessional.com\/tr\/ticari-mutfak-ekipmanlari\/saladet\/","name":"Saladet So\u011fuk Tezgahlar - Electrolux Professional T\u00fcrkiye","isPartOf":{"@id":"https:\/\/www.electroluxprofessional.com\/tr\/#website"},"primaryImageOfPage":{"@id":"https:\/\/www.electroluxprofessional.com\/tr\/ticari-mutfak-ekipmanlari\/saladet\/#primaryimage"},"image":{"@id":"https:\/\/www.electroluxprofessional.com\/tr\/ticari-mutfak-ekipmanlari\/saladet\/#primaryimage"},"thumbnailUrl":"https:\/\/www.electroluxprofessional.com\/tr\/wp-content\/uploads\/2022\/09\/saladette-710025-1.jpg","datePublished":"2022-09-16T20:08:43+00:00","dateModified":"2025-11-07T08:28:25+00:00","description":"Electrolux Professional'in geni\u015f \u00e7\u00f6z\u00fcm yelpazesi, rahat \u00e7al\u0131\u015fma alanlar\u0131 ile alt\u0131nda so\u011futma tezgahlar\u0131n\u0131 bulu\u015fturuyor.","breadcrumb":{"@id":"https:\/\/www.electroluxprofessional.com\/tr\/ticari-mutfak-ekipmanlari\/saladet\/#breadcrumb"},"inLanguage":"tr","potentialAction":[{"@type":"ReadAction","target":["https:\/\/www.electroluxprofessional.com\/tr\/ticari-mutfak-ekipmanlari\/saladet\/"]}]},{"@type":"ImageObject","inLanguage":"tr","@id":"https:\/\/www.electroluxprofessional.com\/tr\/ticari-mutfak-ekipmanlari\/saladet\/#primaryimage","url":"https:\/\/www.electroluxprofessional.com\/tr\/wp-content\/uploads\/2022\/09\/saladette-710025-1.jpg","contentUrl":"https:\/\/www.electroluxprofessional.com\/tr\/wp-content\/uploads\/2022\/09\/saladette-710025-1.jpg","width":700,"height":400,"caption":"saladette-710025"},{"@type":"BreadcrumbList","@id":"https:\/\/www.electroluxprofessional.com\/tr\/ticari-mutfak-ekipmanlari\/saladet\/#breadcrumb","itemListElement":[{"@type":"ListItem","position":1,"name":"Home","item":"https:\/\/www.electroluxprofessional.com\/tr\/"},{"@type":"ListItem","position":2,"name":"End\u00fcstriyel Mutfak Ekipmanlar\u0131","item":"https:\/\/www.electroluxprofessional.com\/tr\/ticari-mutfak-ekipmanlari\/"},{"@type":"ListItem","position":3,"name":"Saladet So\u011fuk Tezgahlar"}]},{"@type":"WebSite","@id":"https:\/\/www.electroluxprofessional.com\/tr\/#website","url":"https:\/\/www.electroluxprofessional.com\/tr\/","name":"Electrolux Professional T\u00fcrkiye","description":"","potentialAction":[{"@type":"SearchAction","target":{"@type":"EntryPoint","urlTemplate":"https:\/\/www.electroluxprofessional.com\/tr\/?src={search_term_string}"},"query-input":"required name=search_term_string"}],"inLanguage":"tr"}]}},"_links":{"self":[{"href":"https:\/\/www.electroluxprofessional.com\/tr\/wp-json\/wp\/v2\/pages\/14374"}],"collection":[{"href":"https:\/\/www.electroluxprofessional.com\/tr\/wp-json\/wp\/v2\/pages"}],"about":[{"href":"https:\/\/www.electroluxprofessional.com\/tr\/wp-json\/wp\/v2\/types\/page"}],"author":[{"embeddable":true,"href":"https:\/\/www.electroluxprofessional.com\/tr\/wp-json\/wp\/v2\/users\/40"}],"replies":[{"embeddable":true,"href":"https:\/\/www.electroluxprofessional.com\/tr\/wp-json\/wp\/v2\/comments?post=14374"}],"version-history":[{"count":12,"href":"https:\/\/www.electroluxprofessional.com\/tr\/wp-json\/wp\/v2\/pages\/14374\/revisions"}],"predecessor-version":[{"id":22981,"href":"https:\/\/www.electroluxprofessional.com\/tr\/wp-json\/wp\/v2\/pages\/14374\/revisions\/22981"}],"up":[{"embeddable":true,"href":"https:\/\/www.electroluxprofessional.com\/tr\/wp-json\/wp\/v2\/pages\/19849"}],"wp:featuredmedia":[{"embeddable":true,"href":"https:\/\/www.electroluxprofessional.com\/tr\/wp-json\/wp\/v2\/media\/14373"}],"wp:attachment":[{"href":"https:\/\/www.electroluxprofessional.com\/tr\/wp-json\/wp\/v2\/media?parent=14374"}],"curies":[{"name":"wp","href":"https:\/\/api.w.org\/{rel}","templated":true}]}}