{"id":14351,"date":"2022-09-13T13:26:42","date_gmt":"2022-09-13T13:26:42","guid":{"rendered":"https:\/\/www.electroluxprofessional.com\/tr\/?page_id=14351"},"modified":"2025-11-05T15:59:17","modified_gmt":"2025-11-05T15:59:17","slug":"odeme-sistemleri","status":"publish","type":"page","link":"https:\/\/www.electroluxprofessional.com\/tr\/ticari-camasirhane-ekipmanlari\/odeme-sistemleri\/","title":{"rendered":"\u00d6deme Sistemleri"},"content":{"rendered":"<p>[vc_row full_width=&#8221;electroluxpro-full-width-no-padding&#8221; css=&#8221;.vc_custom_1618193199927{margin-top: -40px !important;border-top-width: -40px !important;padding-top: -40px !important;}&#8221;][vc_column][elx_full_banner title=&#8221;\u00d6deme Sistemleri&#8221; set_as_h1=&#8221;true&#8221; background_image_media_library=&#8221;14350&#8243; background_image_media_library_mobile=&#8221;34836&#8243; link=&#8221;url:%23contact|title:Daha%20fazlas%C4%B1n%C4%B1%20ke%C5%9Ffedin&#8221;][elx_download_block text=&#8221;\u00c7ama\u015f\u0131rhaneniz i\u00e7in \u00f6deme sistemlerimizi ke\u015ffedin (EN)&#8221; link=&#8221;https:\/\/www.electroluxprofessional.com\/wp-content\/uploads\/2016\/11\/Payment-Systems-Self-Service-Laundries-Electrolux-Professional.pdf&#8221; background_color=&#8221;electrolux-blue&#8221; reveal_effect=&#8221;&#8221; reveal_duration=&#8221;&#8221; reveal_delay=&#8221;&#8221;][\/vc_column][\/vc_row][vc_row][vc_column][vc_empty_space][elx_heading font_size=&#8221;h5&#8243; text_color=&#8221;inherit&#8221; text_align=&#8221;text-left&#8221;]Makinede kart ile, bozuk para ile veya jeton ile \u00f6deme yapma olana\u011f\u0131ndan, makineleri merkezi \u00f6deme sistemlerine ba\u011flama se\u00e7ene\u011fine uzanan \u00f6deme sistemleri.[\/elx_heading][\/vc_column][\/vc_row][vc_row][vc_column][vc_empty_space][elx_heading font_container=&#8221;h3&#8243; font_size=&#8221;h5&#8243; text_color=&#8221;inherit&#8221; text_align=&#8221;text-left&#8221;]<strong>\u00c7ok geni\u015f \u00f6deme sistemi<\/strong>[\/elx_heading][vc_empty_space][\/vc_column][\/vc_row][vc_row][vc_column][vc_column_text]Y\u0131kama ve kurutma makinelerinde kullan\u0131lan \u00f6deme sistemleri i\u00e7in \u015fu se\u00e7enekler sunulur: yaln\u0131zca para atma makinelerinden olu\u015fan setler, yaln\u0131zca para kutular\u0131ndan olu\u015fan setler veya para atma makineleri ile para kutular\u0131n\u0131 bir arada sunan tam setler.<\/p>\n<p>\u0130ste\u011fe ba\u011fl\u0131 olarak, y\u0131kama ve kurutma makinelerimiz g\u00fcn\u00fcm\u00fczde global \u00e7apta kullan\u0131lan \u00f6nemli \u00f6deme sistemlerinin \u00e7o\u011funa ba\u011flanabilir.<\/p>\n<p>Geni\u015f \u00f6deme sistemi se\u00e7eneklerimiz ve \u00e7\u00f6z\u00fcmlerimiz i\u00e7in bizimle ileti\u015fime ge\u00e7ebilirsiniz.[\/vc_column_text][vc_empty_space height=&#8221;50px&#8221;][\/vc_column][\/vc_row][vc_row css=&#8221;.vc_custom_1604014467256{background-color: #efefef !important;}&#8221;][vc_column][vc_empty_space][elx_heading text_color=&#8221;inherit&#8221; text_align=&#8221;text-center&#8221;]Bir\u00e7ok pratik se\u00e7enek[\/elx_heading][vc_empty_space][vc_row_inner][vc_column_inner width=&#8221;1\/3&#8243;][vc_single_image image=&#8221;12417&#8243; img_size=&#8221;100px&#8221; alignment=&#8221;center&#8221;][elx_heading font_container=&#8221;h6&#8243; font_size=&#8221;h6&#8243; text_color=&#8221;electrolux-blue&#8221; text_align=&#8221;text-center&#8221;]Jeton Saya\u00e7lar\u0131[\/elx_heading][vc_column_text]<\/p>\n<p style=\"font-size: 16px; text-align: center;\">Jeton veya madeni para, mekanik veya elektromekanik<\/p>\n<p>[\/vc_column_text][vc_empty_space][\/vc_column_inner][vc_column_inner width=&#8221;1\/3&#8243;][vc_single_image image=&#8221;12418&#8243; img_size=&#8221;100px&#8221; alignment=&#8221;center&#8221;][elx_heading font_container=&#8221;h6&#8243; font_size=&#8221;h6&#8243; text_color=&#8221;electrolux-blue&#8221; text_align=&#8221;text-center&#8221;]Kart okuyucular[\/elx_heading][vc_column_text]<\/p>\n<p style=\"font-size: 16px; text-align: center;\">\u00d6n \u00f6demeli, anahtar kart,<br \/>\nbanka kart\u0131[\/vc_column_text][vc_empty_space][\/vc_column_inner][vc_column_inner width=&#8221;1\/3&#8243;][vc_single_image image=&#8221;12419&#8243; img_size=&#8221;80px&#8221; alignment=&#8221;center&#8221;][elx_heading font_container=&#8221;h6&#8243; font_size=&#8221;h6&#8243; text_color=&#8221;electrolux-blue&#8221; text_align=&#8221;text-center&#8221;]Apps[\/elx_heading][vc_column_text]<\/p>\n<p style=\"font-size: 16px; text-align: center;\">Mevcut \u00f6deme sistemine ba\u011fl\u0131<br \/>\nba\u011f\u0131ms\u0131z \u00f6deme se\u00e7ene\u011fi[\/vc_column_text][vc_empty_space][\/vc_column_inner][\/vc_row_inner][vc_row_inner][vc_column_inner width=&#8221;1\/3&#8243;][vc_single_image image=&#8221;12420&#8243; img_size=&#8221;100px&#8221; alignment=&#8221;center&#8221;][elx_heading font_container=&#8221;h6&#8243; font_size=&#8221;h6&#8243; text_color=&#8221;electrolux-blue&#8221; text_align=&#8221;text-center&#8221;]Ak\u0131ll\u0131 saya\u00e7lar[\/elx_heading][vc_column_text]<\/p>\n<p style=\"font-size: 16px; text-align: center;\">G\u00fc\u00e7 beslemesini a\u00e7mak ve kapamak i\u00e7in ayakl\u0131 mekanizma<\/p>\n<p>[\/vc_column_text][vc_empty_space][\/vc_column_inner][vc_column_inner width=&#8221;1\/3&#8243;][vc_single_image image=&#8221;12421&#8243; img_size=&#8221;100px&#8221; alignment=&#8221;center&#8221;][elx_heading font_container=&#8221;h6&#8243; font_size=&#8221;h6&#8243; text_color=&#8221;electrolux-blue&#8221; text_align=&#8221;text-center&#8221;]Merkezi \u00f6deme<br \/>\nsistemi[\/elx_heading][vc_column_text]<\/p>\n<p style=\"font-size: 16px; text-align: center;\">Birden fazla makine i\u00e7in tekli \u00f6deme istasyonu<\/p>\n<p>[\/vc_column_text][vc_empty_space][\/vc_column_inner][vc_column_inner width=&#8221;1\/3&#8243;][vc_single_image image=&#8221;12422&#8243; img_size=&#8221;100px&#8221; alignment=&#8221;center&#8221;][elx_heading font_container=&#8221;h6&#8243; font_size=&#8221;h6&#8243; text_color=&#8221;electrolux-blue&#8221; text_align=&#8221;text-center&#8221;]Ayl\u0131k \u00f6demeli<br \/>\nabonelik sistemi[\/elx_heading][vc_column_text]<\/p>\n<p style=\"font-size: 16px; text-align: center;\">Bizzat ya da uzaktan kontol ile makineleri rezerve etmek i\u00e7in her \u00e7ama\u015f\u0131rhaneye bir cihaz. Birka\u00e7 \u00f6deme se\u00e7ene\u011fi<\/p>\n<p>[\/vc_column_text][vc_empty_space][\/vc_column_inner][\/vc_row_inner][vc_empty_space height=&#8221;50px&#8221;][\/vc_column][\/vc_row][vc_row][vc_column][elx_heading font_size=&#8221;h3&#8243; text_color=&#8221;inherit&#8221; text_align=&#8221;text-left&#8221;]Find your complete solution[\/elx_heading][\/vc_column][\/vc_row][vc_row][vc_column width=&#8221;1\/3&#8243;][elx_maylike_box id_box=&#8221;1650&#8243;][\/vc_column][vc_column width=&#8221;1\/3&#8243;][elx_maylike_box id_box=&#8221;7603&#8243;][\/vc_column][vc_column width=&#8221;1\/3&#8243;][elx_maylike_box id_box=&#8221;1498&#8243;][\/vc_column][\/vc_row][vc_row el_id=&#8221;contact&#8221;][vc_column][vc_empty_space][elx_heading font_container=&#8221;h3&#8243; text_color=&#8221;white&#8221; text_align=&#8221;text-center&#8221;]Daha fazlas\u0131n\u0131 ke\u015ffet. Uzmanlar\u0131m\u0131zla ileti\u015fime ge\u00e7in[\/elx_heading][elx_o2000_contact_us s=&#8221;Request of information about multi-housing laundry&#8221; b=&#8221;laundry&#8221; container=&#8221;elxcontactus1482242857&#8243; r=&#8221;I would like to find out more about multi-housing laundry&#8221; l=&#8221;en&#8221;][\/vc_column][\/vc_row][vc_row][vc_column][vc_column_text][\/vc_column_text][\/vc_column][\/vc_row][vc_column width=&#8221;1\/6&#8243;][\/vc_column][vc_column width=&#8221;2\/6&#8243;][\/vc_column][vc_column width=&#8221;2\/6&#8243;][\/vc_column]<\/p>\n","protected":false},"excerpt":{"rendered":"<p>[vc_row full_width=&#8221;electroluxpro-full-width-no-padding&#8221; css=&#8221;.vc_custom_1618193199927{margin-top: -40px !important;border-top-width: -40px !important;padding-top: -40px !important;}&#8221;][vc_column][elx_full_banner title=&#8221;\u00d6deme Sistemleri&#8221; set_as_h1=&#8221;true&#8221; background_image_media_library=&#8221;14350&#8243; background_image_media_library_mobile=&#8221;34836&#8243; link=&#8221;url:%23contact|title:Daha%20fazlas%C4%B1n%C4%B1%20ke%C5%9Ffedin&#8221;][elx_download_block text=&#8221;\u00c7ama\u015f\u0131rhaneniz i\u00e7in \u00f6deme sistemlerimizi ke\u015ffedin (EN)&#8221; link=&#8221;https:\/\/www.electroluxprofessional.com\/wp-content\/uploads\/2016\/11\/Payment-Systems-Self-Service-Laundries-Electrolux-Professional.pdf&#8221; background_color=&#8221;electrolux-blue&#8221; reveal_effect=&#8221;&#8221; reveal_duration=&#8221;&#8221; reveal_delay=&#8221;&#8221;][\/vc_column][\/vc_row][vc_row][vc_column][vc_empty_space][elx_heading font_size=&#8221;h5&#8243; text_color=&#8221;inherit&#8221; text_align=&#8221;text-left&#8221;]Makinede kart ile, bozuk para ile veya jeton ile \u00f6deme yapma olana\u011f\u0131ndan, makineleri merkezi \u00f6deme sistemlerine ba\u011flama se\u00e7ene\u011fine uzanan \u00f6deme sistemleri.[\/elx_heading][\/vc_column][\/vc_row][vc_row][vc_column][vc_empty_space][elx_heading font_container=&#8221;h3&#8243; font_size=&#8221;h5&#8243; text_color=&#8221;inherit&#8221; text_align=&#8221;text-left&#8221;]\u00c7ok geni\u015f \u00f6deme [&hellip;]<\/p>\n","protected":false},"author":40,"featured_media":935,"parent":2006,"menu_order":0,"comment_status":"closed","ping_status":"closed","template":"","meta":{"footnotes":""},"class_list":["post-14351","page","type-page","status-publish","has-post-thumbnail","hentry"],"acf":[],"yoast_head":"<!-- This site is optimized with the Yoast SEO plugin v23.3 - https:\/\/yoast.com\/wordpress\/plugins\/seo\/ -->\n<title>Self-Servis \u00c7ama\u015f\u0131rhane i\u00e7in \u00d6deme Sistemleri<\/title>\n<meta name=\"description\" content=\"Kart, jeton veya madeni para ile \u00f6deme se\u00e7eneklerinden merkezi \u00f6deme sistemlerine ba\u011flanma imk\u00e2n\u0131na kadar esnek \u00e7\u00f6z\u00fcmler.\" \/>\n<meta name=\"robots\" content=\"index, follow, max-snippet:-1, max-image-preview:large, max-video-preview:-1\" \/>\n<link rel=\"canonical\" href=\"https:\/\/www.electroluxprofessional.com\/tr\/ticari-camasirhane-ekipmanlari\/odeme-sistemleri\/\" \/>\n<meta property=\"og:locale\" content=\"tr_TR\" \/>\n<meta property=\"og:type\" content=\"article\" \/>\n<meta property=\"og:title\" content=\"Self-Servis \u00c7ama\u015f\u0131rhane i\u00e7in \u00d6deme Sistemleri\" \/>\n<meta property=\"og:description\" content=\"Kart, jeton veya madeni para ile \u00f6deme se\u00e7eneklerinden merkezi \u00f6deme sistemlerine ba\u011flanma imk\u00e2n\u0131na kadar esnek \u00e7\u00f6z\u00fcmler.\" \/>\n<meta property=\"og:url\" content=\"https:\/\/www.electroluxprofessional.com\/tr\/ticari-camasirhane-ekipmanlari\/odeme-sistemleri\/\" \/>\n<meta property=\"og:site_name\" content=\"Electrolux Professional T\u00fcrkiye\" \/>\n<meta property=\"article:modified_time\" content=\"2025-11-05T15:59:17+00:00\" \/>\n<meta property=\"og:image\" content=\"https:\/\/www.electroluxprofessional.com\/tr\/wp-content\/uploads\/2016\/11\/payment-quadro.jpg\" \/>\n\t<meta property=\"og:image:width\" content=\"700\" \/>\n\t<meta property=\"og:image:height\" content=\"700\" \/>\n\t<meta property=\"og:image:type\" content=\"image\/jpeg\" \/>\n<meta name=\"twitter:card\" content=\"summary_large_image\" \/>\n<meta name=\"twitter:label1\" content=\"Tahmini okuma s\u00fcresi\" \/>\n\t<meta name=\"twitter:data1\" content=\"2 dakika\" \/>\n<script type=\"application\/ld+json\" class=\"yoast-schema-graph\">{\"@context\":\"https:\/\/schema.org\",\"@graph\":[{\"@type\":\"WebPage\",\"@id\":\"https:\/\/www.electroluxprofessional.com\/tr\/ticari-camasirhane-ekipmanlari\/odeme-sistemleri\/\",\"url\":\"https:\/\/www.electroluxprofessional.com\/tr\/ticari-camasirhane-ekipmanlari\/odeme-sistemleri\/\",\"name\":\"Self-Servis \u00c7ama\u015f\u0131rhane i\u00e7in \u00d6deme Sistemleri\",\"isPartOf\":{\"@id\":\"https:\/\/www.electroluxprofessional.com\/tr\/#website\"},\"primaryImageOfPage\":{\"@id\":\"https:\/\/www.electroluxprofessional.com\/tr\/ticari-camasirhane-ekipmanlari\/odeme-sistemleri\/#primaryimage\"},\"image\":{\"@id\":\"https:\/\/www.electroluxprofessional.com\/tr\/ticari-camasirhane-ekipmanlari\/odeme-sistemleri\/#primaryimage\"},\"thumbnailUrl\":\"https:\/\/www.electroluxprofessional.com\/tr\/wp-content\/uploads\/2016\/11\/payment-quadro.jpg\",\"datePublished\":\"2022-09-13T13:26:42+00:00\",\"dateModified\":\"2025-11-05T15:59:17+00:00\",\"description\":\"Kart, jeton veya madeni para ile \u00f6deme se\u00e7eneklerinden merkezi \u00f6deme sistemlerine ba\u011flanma imk\u00e2n\u0131na kadar esnek \u00e7\u00f6z\u00fcmler.\",\"breadcrumb\":{\"@id\":\"https:\/\/www.electroluxprofessional.com\/tr\/ticari-camasirhane-ekipmanlari\/odeme-sistemleri\/#breadcrumb\"},\"inLanguage\":\"tr\",\"potentialAction\":[{\"@type\":\"ReadAction\",\"target\":[\"https:\/\/www.electroluxprofessional.com\/tr\/ticari-camasirhane-ekipmanlari\/odeme-sistemleri\/\"]}]},{\"@type\":\"ImageObject\",\"inLanguage\":\"tr\",\"@id\":\"https:\/\/www.electroluxprofessional.com\/tr\/ticari-camasirhane-ekipmanlari\/odeme-sistemleri\/#primaryimage\",\"url\":\"https:\/\/www.electroluxprofessional.com\/tr\/wp-content\/uploads\/2016\/11\/payment-quadro.jpg\",\"contentUrl\":\"https:\/\/www.electroluxprofessional.com\/tr\/wp-content\/uploads\/2016\/11\/payment-quadro.jpg\",\"width\":700,\"height\":700,\"caption\":\"Payment Systems\"},{\"@type\":\"BreadcrumbList\",\"@id\":\"https:\/\/www.electroluxprofessional.com\/tr\/ticari-camasirhane-ekipmanlari\/odeme-sistemleri\/#breadcrumb\",\"itemListElement\":[{\"@type\":\"ListItem\",\"position\":1,\"name\":\"Home\",\"item\":\"https:\/\/www.electroluxprofessional.com\/tr\/\"},{\"@type\":\"ListItem\",\"position\":2,\"name\":\"\u00c7ama\u015f\u0131rhane\",\"item\":\"https:\/\/www.electroluxprofessional.com\/tr\/ticari-camasirhane-ekipmanlari\/\"},{\"@type\":\"ListItem\",\"position\":3,\"name\":\"\u00d6deme Sistemleri\"}]},{\"@type\":\"WebSite\",\"@id\":\"https:\/\/www.electroluxprofessional.com\/tr\/#website\",\"url\":\"https:\/\/www.electroluxprofessional.com\/tr\/\",\"name\":\"Electrolux Professional T\u00fcrkiye\",\"description\":\"\",\"potentialAction\":[{\"@type\":\"SearchAction\",\"target\":{\"@type\":\"EntryPoint\",\"urlTemplate\":\"https:\/\/www.electroluxprofessional.com\/tr\/?src={search_term_string}\"},\"query-input\":\"required name=search_term_string\"}],\"inLanguage\":\"tr\"}]}<\/script>\n<!-- \/ Yoast SEO plugin. -->","yoast_head_json":{"title":"Self-Servis \u00c7ama\u015f\u0131rhane i\u00e7in \u00d6deme Sistemleri","description":"Kart, jeton veya madeni para ile \u00f6deme se\u00e7eneklerinden merkezi \u00f6deme sistemlerine ba\u011flanma imk\u00e2n\u0131na kadar esnek \u00e7\u00f6z\u00fcmler.","robots":{"index":"index","follow":"follow","max-snippet":"max-snippet:-1","max-image-preview":"max-image-preview:large","max-video-preview":"max-video-preview:-1"},"canonical":"https:\/\/www.electroluxprofessional.com\/tr\/ticari-camasirhane-ekipmanlari\/odeme-sistemleri\/","og_locale":"tr_TR","og_type":"article","og_title":"Self-Servis \u00c7ama\u015f\u0131rhane i\u00e7in \u00d6deme Sistemleri","og_description":"Kart, jeton veya madeni para ile \u00f6deme se\u00e7eneklerinden merkezi \u00f6deme sistemlerine ba\u011flanma imk\u00e2n\u0131na kadar esnek \u00e7\u00f6z\u00fcmler.","og_url":"https:\/\/www.electroluxprofessional.com\/tr\/ticari-camasirhane-ekipmanlari\/odeme-sistemleri\/","og_site_name":"Electrolux Professional T\u00fcrkiye","article_modified_time":"2025-11-05T15:59:17+00:00","og_image":[{"width":700,"height":700,"url":"https:\/\/www.electroluxprofessional.com\/tr\/wp-content\/uploads\/2016\/11\/payment-quadro.jpg","type":"image\/jpeg"}],"twitter_card":"summary_large_image","twitter_misc":{"Tahmini okuma s\u00fcresi":"2 dakika"},"schema":{"@context":"https:\/\/schema.org","@graph":[{"@type":"WebPage","@id":"https:\/\/www.electroluxprofessional.com\/tr\/ticari-camasirhane-ekipmanlari\/odeme-sistemleri\/","url":"https:\/\/www.electroluxprofessional.com\/tr\/ticari-camasirhane-ekipmanlari\/odeme-sistemleri\/","name":"Self-Servis \u00c7ama\u015f\u0131rhane i\u00e7in \u00d6deme Sistemleri","isPartOf":{"@id":"https:\/\/www.electroluxprofessional.com\/tr\/#website"},"primaryImageOfPage":{"@id":"https:\/\/www.electroluxprofessional.com\/tr\/ticari-camasirhane-ekipmanlari\/odeme-sistemleri\/#primaryimage"},"image":{"@id":"https:\/\/www.electroluxprofessional.com\/tr\/ticari-camasirhane-ekipmanlari\/odeme-sistemleri\/#primaryimage"},"thumbnailUrl":"https:\/\/www.electroluxprofessional.com\/tr\/wp-content\/uploads\/2016\/11\/payment-quadro.jpg","datePublished":"2022-09-13T13:26:42+00:00","dateModified":"2025-11-05T15:59:17+00:00","description":"Kart, jeton veya madeni para ile \u00f6deme se\u00e7eneklerinden merkezi \u00f6deme sistemlerine ba\u011flanma imk\u00e2n\u0131na kadar esnek \u00e7\u00f6z\u00fcmler.","breadcrumb":{"@id":"https:\/\/www.electroluxprofessional.com\/tr\/ticari-camasirhane-ekipmanlari\/odeme-sistemleri\/#breadcrumb"},"inLanguage":"tr","potentialAction":[{"@type":"ReadAction","target":["https:\/\/www.electroluxprofessional.com\/tr\/ticari-camasirhane-ekipmanlari\/odeme-sistemleri\/"]}]},{"@type":"ImageObject","inLanguage":"tr","@id":"https:\/\/www.electroluxprofessional.com\/tr\/ticari-camasirhane-ekipmanlari\/odeme-sistemleri\/#primaryimage","url":"https:\/\/www.electroluxprofessional.com\/tr\/wp-content\/uploads\/2016\/11\/payment-quadro.jpg","contentUrl":"https:\/\/www.electroluxprofessional.com\/tr\/wp-content\/uploads\/2016\/11\/payment-quadro.jpg","width":700,"height":700,"caption":"Payment Systems"},{"@type":"BreadcrumbList","@id":"https:\/\/www.electroluxprofessional.com\/tr\/ticari-camasirhane-ekipmanlari\/odeme-sistemleri\/#breadcrumb","itemListElement":[{"@type":"ListItem","position":1,"name":"Home","item":"https:\/\/www.electroluxprofessional.com\/tr\/"},{"@type":"ListItem","position":2,"name":"\u00c7ama\u015f\u0131rhane","item":"https:\/\/www.electroluxprofessional.com\/tr\/ticari-camasirhane-ekipmanlari\/"},{"@type":"ListItem","position":3,"name":"\u00d6deme Sistemleri"}]},{"@type":"WebSite","@id":"https:\/\/www.electroluxprofessional.com\/tr\/#website","url":"https:\/\/www.electroluxprofessional.com\/tr\/","name":"Electrolux Professional T\u00fcrkiye","description":"","potentialAction":[{"@type":"SearchAction","target":{"@type":"EntryPoint","urlTemplate":"https:\/\/www.electroluxprofessional.com\/tr\/?src={search_term_string}"},"query-input":"required name=search_term_string"}],"inLanguage":"tr"}]}},"_links":{"self":[{"href":"https:\/\/www.electroluxprofessional.com\/tr\/wp-json\/wp\/v2\/pages\/14351"}],"collection":[{"href":"https:\/\/www.electroluxprofessional.com\/tr\/wp-json\/wp\/v2\/pages"}],"about":[{"href":"https:\/\/www.electroluxprofessional.com\/tr\/wp-json\/wp\/v2\/types\/page"}],"author":[{"embeddable":true,"href":"https:\/\/www.electroluxprofessional.com\/tr\/wp-json\/wp\/v2\/users\/40"}],"replies":[{"embeddable":true,"href":"https:\/\/www.electroluxprofessional.com\/tr\/wp-json\/wp\/v2\/comments?post=14351"}],"version-history":[{"count":9,"href":"https:\/\/www.electroluxprofessional.com\/tr\/wp-json\/wp\/v2\/pages\/14351\/revisions"}],"predecessor-version":[{"id":22952,"href":"https:\/\/www.electroluxprofessional.com\/tr\/wp-json\/wp\/v2\/pages\/14351\/revisions\/22952"}],"up":[{"embeddable":true,"href":"https:\/\/www.electroluxprofessional.com\/tr\/wp-json\/wp\/v2\/pages\/2006"}],"wp:featuredmedia":[{"embeddable":true,"href":"https:\/\/www.electroluxprofessional.com\/tr\/wp-json\/wp\/v2\/media\/935"}],"wp:attachment":[{"href":"https:\/\/www.electroluxprofessional.com\/tr\/wp-json\/wp\/v2\/media?parent=14351"}],"curies":[{"name":"wp","href":"https:\/\/api.w.org\/{rel}","templated":true}]}}