{"id":14208,"date":"2022-08-25T21:58:29","date_gmt":"2022-08-25T21:58:29","guid":{"rendered":"https:\/\/www.electroluxprofessional.com\/tr\/?page_id=14208"},"modified":"2025-11-05T15:57:53","modified_gmt":"2025-11-05T15:57:53","slug":"mypro-xl-camasirhane-kucuk-isletmeler","status":"publish","type":"page","link":"https:\/\/www.electroluxprofessional.com\/tr\/ticari-camasirhane-ekipmanlari\/mypro-xl-camasirhane-kucuk-isletmeler\/","title":{"rendered":"myPRO XL fazla \u00e7ama\u015f\u0131r y\u00fck\u00fc olan k\u00fc\u00e7\u00fck i\u015fletmeler i\u00e7in \u00e7ama\u015f\u0131rhane \u00e7\u00f6z\u00fcmleri"},"content":{"rendered":"<p>[vc_row full_width=&#8221;electroluxpro-full-width-no-padding&#8221; css=&#8221;.vc_custom_1618191495061{margin-top: -50px !important;border-top-width: -30px !important;padding-top: -30px !important;}&#8221;][vc_column][elx_full_banner title=&#8221;myPRO<sup>XL <\/sup> &#8211; 12 kg\u2018l\u0131k bir \u00e7\u00f6z\u00fcmde en y\u00fcksek dayan\u0131kl\u0131l\u0131k&#8221; background_image_media_library=&#8221;13973&#8243; background_image_media_library_mobile=&#8221;34822&#8243; link=&#8221;url:%23contact|title:Daha%20fazlas%C4%B1n%C4%B1%20ke%C5%9Ffedin&#8221;][elx_download_block text=&#8221;myPRO<sup>XL<\/sup> bro\u015f\u00fcr\u00fc indirin&#8221; background_color=&#8221;electrolux-blue&#8221; background_hover_color=&#8221;lighter-hover&#8221;][\/vc_column][\/vc_row][vc_row css=&#8221;.vc_custom_1618350392700{background-color: #e2e2e2 !important;}&#8221;][vc_column][elx_heading font_container=&#8221;h1&#8243; text_color=&#8221;inherit&#8221;]Fazla \u00e7ama\u015f\u0131r y\u00fck\u00fc olan k\u00fc\u00e7\u00fck i\u015fletmeler i\u00e7in \u00e7ama\u015f\u0131rhane \u00e7\u00f6z\u00fcmleri[\/elx_heading][vc_empty_space][vc_column_text]<strong>myPRO<sup>XL<\/sup><\/strong> \u00a0\u00e7ama\u015f\u0131rhaneler, otel misafir \u00e7ama\u015f\u0131rhaneleri, apartman \u00e7ama\u015f\u0131rhane odalar\u0131, bak\u0131m evleri, veterinerler ve b\u00fcy\u00fck g\u00fczellik salonlar\u0131 gibi fazla \u00e7ama\u015f\u0131r y\u00fck\u00fc olan k\u00fc\u00e7\u00fck i\u015fletmeler i\u00e7in \u00e7ama\u015f\u0131rhane \u00e7\u00f6z\u00fcm\u00fcd\u00fcr.<\/p>\n<p>myPRO<sup>XL <\/sup>sayesinde\u00a0<strong>ekstra kapasite, dayan\u0131kl\u0131l\u0131k ve ultra h\u0131z<\/strong>.[\/vc_column_text][vc_empty_space][elx_button button_text=&#8221;\u00dcr\u00fcnleri inceleyin&#8221; button_style=&#8221;icon&#8221; button_link=&#8221;url:%23products|title:Go%20to%20products||&#8221;][vc_empty_space][\/vc_column][\/vc_row][vc_row][vc_column width=&#8221;1\/2&#8243;][vc_single_image image=&#8221;14098&#8243; img_size=&#8221;full&#8221;][\/vc_column][vc_column width=&#8221;1\/2&#8243;][elx_heading text_color=&#8221;inherit&#8221;]Tek bir d\u00fc\u011fmeye dokunarak m\u00fckemmel sonu\u00e7lar[\/elx_heading][vc_empty_space][vc_column_text]myPRO<sup>XL<\/sup> y\u0131kama ve kurutma makineleri, hijyen ve temizli\u011fi \u00f6nemli \u00f6l\u00e7\u00fcde artt\u0131ran \u00f6zel dezenfeksiyon programlar\u0131 ile birlikte gelir. Tasarruflar\u0131n\u0131z\u0131 art\u0131rmak i\u00e7in ayarlanabilir su seviyeleri sa\u011flayan, \u00f6z\u00fcnde s\u00fcrd\u00fcr\u00fclebilirli\u011fe sahip profesyonel \u00e7\u00f6z\u00fcmlerdir.<\/p>\n<p>\u0130stifleme se\u00e7enekleri sayesinde, daha h\u0131zl\u0131 programlar ile zamandan ve yerden tasarruf edin, kurutucu \u00fcst\u00fcnde kurutucu se\u00e7ene\u011fi de mevcuttur.<\/p>\n<p>T\u00fcm ihtiya\u00e7lar\u0131n\u0131z i\u00e7in t\u00fcm modellerde \u00f6deme sistemi se\u00e7enekleri mevcuttur.[\/vc_column_text][\/vc_column][\/vc_row][vc_row][vc_column][vc_empty_space][\/vc_column][\/vc_row][vc_row][vc_column width=&#8221;1\/3&#8243;][elx_icons icon_size=&#8221;elx-icon-medium&#8221; icon_electroluxpro=&#8221;elx-icon icon-circle-food-quality-blue&#8221;][elx_heading text_color=&#8221;inherit&#8221;]Dayan\u0131kl\u0131 ve esnek[\/elx_heading][vc_column_text]myPRO<sup>XL<\/sup> serisi 15.000\u2019den fazla kullan\u0131m\u0131 garanti eder ve 8 noktal\u0131 yayl\u0131 s\u00fcspansiyon sayesinde daha dayan\u0131kl\u0131d\u0131r. Electrolux Professional programlar her ihtiyac\u0131 kar\u015f\u0131layacak \u015fekilde tasarlanm\u0131\u015ft\u0131r.[\/vc_column_text][\/vc_column][vc_column width=&#8221;1\/3&#8243;][elx_icons icon_size=&#8221;elx-icon-medium&#8221; icon_electroluxpro=&#8221;elx-icon icon-circle-time-blue&#8221;][elx_heading text_color=&#8221;inherit&#8221;]H\u0131zl\u0131 ve verimli[\/elx_heading][vc_column_text]<strong>myPRO<sup>XL<\/sup> <\/strong><strong>Y\u0131kama Makineleri<\/strong>: so\u011fuk su program\u0131 i\u00e7in 35 dakika, normal 60\u00baC program\u0131 i\u00e7in 73 dakika.*<\/p>\n<p><strong>myPRO<sup>XL<\/sup> Elektrikli <\/strong><strong>Kurutma Makineleri<\/strong>: tam y\u00fckleme ba\u015f\u0131na 87 dakika, yar\u0131m y\u00fckleme ba\u015f\u0131na 45 dakika.<\/p>\n<p><strong>myPRO<sup>XL<\/sup> Gazl\u0131 Kurutma Makineleri:<\/strong> tam y\u00fckleme ba\u015f\u0131na 84 dakika, yar\u0131m y\u00fckleme ba\u015f\u0131na 44 dakika.<\/p>\n<p><span style=\"font-size: x-small;\">* 15 \u00b0C so\u011fuk ve 55 \u00b0C s\u0131cak su giri\u015f s\u0131cakl\u0131klar\u0131 ile.\u00a0<\/span>[\/vc_column_text][\/vc_column][vc_column width=&#8221;1\/3&#8243;][elx_icons icon_size=&#8221;elx-icon-medium&#8221; icon_electroluxpro=&#8221;elx-icon icon-circle-easy-blue&#8221;][elx_heading text_color=&#8221;inherit&#8221;]Sorunsuz operasyonlar[\/elx_heading][vc_column_text]Do\u011fru program\u0131 ve se\u00e7ene\u011fi se\u00e7mek i\u00e7in kolay basma butonlar\u0131. \u015eok emme sistemi sayesinde azalt\u0131lm\u0131\u015f ses: y\u0131kama i\u015fleminde 62 dB\u2019nin alt\u0131nda.[\/vc_column_text][\/vc_column][\/vc_row][vc_row][vc_column][vc_empty_space][\/vc_column][\/vc_row][vc_row][vc_column][elx_o2000_needs_matcher need_matcher=&#8221;myPRO_Matcher&#8221;][vc_empty_space][\/vc_column][\/vc_row][vc_row content_placement=&#8221;bottom&#8221; css=&#8221;.vc_custom_1758783809270{background-color: #eeeeee !important;}&#8221; el_id=&#8221;back&#8221;][vc_column][vc_empty_space][elx_heading text_color=&#8221;inherit&#8221;]\u0130htiya\u00e7lar\u0131n\u0131z\u0131 kar\u015f\u0131layan \u00e7ama\u015f\u0131rhane \u00e7\u00f6z\u00fcm\u00fcn\u00fc se\u00e7in[\/elx_heading][\/vc_column][vc_column width=&#8221;1\/4&#8243;][vc_empty_space height=&#8221;20px&#8221;][elx_simple_link_block link=&#8221;url:%23back&#8221; text_align=&#8221;text-left&#8221; text_color=&#8221;inherit&#8221; background_color=&#8221;inherit&#8221; background_hover_color=&#8221;darker-hover&#8221; extra_class=&#8221;&#8221; reveal_effect=&#8221;&#8221; reveal_duration=&#8221;&#8221; reveal_delay=&#8221;&#8221;][elx_heading font_container=&#8221;h3&#8243; text_color=&#8221;inherit&#8221; text_align=&#8221;text-left&#8221; css=&#8221;.vc_custom_1758782310830{border-radius: 15px !important;}&#8221;]Ev Tipi Makineler[\/elx_heading][vc_column_text]<strong>2.500 kullan\u0131m<\/strong>[\/vc_column_text][vc_single_image image=&#8221;11547&#8243; img_size=&#8221;full&#8221; css=&#8221;.vc_custom_1619098482827{padding-top: 20px !important;padding-right: 20px !important;padding-bottom: 20px !important;}&#8221;][\/elx_simple_link_block][\/vc_column][vc_column width=&#8221;1\/4&#8243;][vc_empty_space height=&#8221;20px&#8221;][elx_simple_link_block link=&#8221;url:https%3A%2F%2Fwww.electroluxprofessional.com%2Ftr%2Fticari-camasirhane-ekipmanlari%2Fmypro-yikama-kurutma-ve-silindir-utuler%2F|title:K%C3%BC%C3%A7%C3%BCk%20i%C5%9Fletmeler%20i%C3%A7in%20myPro%2C%20y%C4%B1kama%20kurutma%20ve%20silindir%20%C3%BCt%C3%BCler&#8221; text_align=&#8221;text-left&#8221; text_color=&#8221;inherit&#8221; background_color=&#8221;inherit&#8221; background_hover_color=&#8221;darker-hover&#8221; extra_class=&#8221;&#8221; reveal_effect=&#8221;&#8221; reveal_duration=&#8221;&#8221; reveal_delay=&#8221;&#8221;][elx_heading font_container=&#8221;h3&#8243; text_color=&#8221;inherit&#8221;]myPRO 8kg[\/elx_heading][vc_column_text]<strong>7.500 kullan\u0131m<\/strong>[\/vc_column_text][vc_single_image image=&#8221;11548&#8243; img_size=&#8221;full&#8221; css=&#8221;.vc_custom_1618188328110{padding-top: 20px !important;padding-right: 20px !important;padding-bottom: 20px !important;}&#8221;][\/elx_simple_link_block][\/vc_column][vc_column width=&#8221;1\/4&#8243;][vc_empty_space height=&#8221;20px&#8221;][elx_simple_link_block link=&#8221;url:%23back|title:myPRO%20XL%20fazla%20%C3%A7ama%C5%9F%C4%B1r%20y%C3%BCk%C3%BC%20olan%20k%C3%BC%C3%A7%C3%BCk%20i%C5%9Fletmeler%20i%C3%A7in%20%C3%A7ama%C5%9F%C4%B1rhane%20%C3%A7%C3%B6z%C3%BCmleri&#8221; text_align=&#8221;text-left&#8221; text_color=&#8221;inherit&#8221; background_color=&#8221;inherit&#8221; background_hover_color=&#8221;darker-hover&#8221; extra_class=&#8221;&#8221; reveal_effect=&#8221;&#8221; reveal_duration=&#8221;&#8221; reveal_delay=&#8221;&#8221;][elx_heading font_container=&#8221;h3&#8243; text_color=&#8221;inherit&#8221;]myPRO<sup>XL<\/sup> 12kg[\/elx_heading][vc_column_text]<strong>+15.000 kullan\u0131m<\/strong>[\/vc_column_text][vc_single_image image=&#8221;13970&#8243; img_size=&#8221;full&#8221; css=&#8221;.vc_custom_1653841969984{padding-top: 20px !important;padding-right: 20px !important;padding-bottom: 20px !important;}&#8221;][\/elx_simple_link_block][\/vc_column][vc_column width=&#8221;1\/4&#8243;][vc_empty_space height=&#8221;20px&#8221;][elx_simple_link_block link=&#8221;url:https%3A%2F%2Fwww.electroluxprofessional.com%2Ftr%2Fticari-camasirhane-ekipmanlari%2Fendustriyel-yikama-makineleri%2F|title:End%C3%BCstriyel%20%C3%87ama%C5%9F%C4%B1r%20Y%C4%B1kama&#8221; text_align=&#8221;text-left&#8221; text_color=&#8221;inherit&#8221; background_color=&#8221;inherit&#8221; background_hover_color=&#8221;darker-hover&#8221; extra_class=&#8221;&#8221; reveal_effect=&#8221;&#8221; reveal_duration=&#8221;&#8221; reveal_delay=&#8221;&#8221;][elx_heading font_container=&#8221;h3&#8243; text_color=&#8221;inherit&#8221;]End\u00fcstriyel[\/elx_heading][vc_column_text]<strong>+30.000 kullan\u0131m<\/strong>[\/vc_column_text][vc_single_image image=&#8221;11550&#8243; img_size=&#8221;full&#8221; css=&#8221;.vc_custom_1612517579149{padding-top: 20px !important;padding-right: 20px !important;padding-bottom: 20px !important;}&#8221;][\/elx_simple_link_block][\/vc_column][vc_column][vc_empty_space][\/vc_column][\/vc_row][vc_row][vc_column][vc_column_text][\/vc_column_text][\/vc_column][\/vc_row][vc_row][vc_column][vc_empty_space][\/vc_column][\/vc_row][vc_row][vc_column][vc_column_text][\/vc_column_text][\/vc_column][\/vc_row][vc_row][vc_column][elx_heading text_color=&#8221;inherit&#8221;]fazla \u00e7ama\u015f\u0131r y\u00fck\u00fc olan k\u00fc\u00e7\u00fck i\u015fletmeler i\u00e7in myPRO<sup>XL<\/sup> \u00e7ama\u015f\u0131rhane \u00e7\u00f6z\u00fcmleri[\/elx_heading][\/vc_column][\/vc_row][vc_row el_id=&#8221;products&#8221;][vc_column][\/vc_column][\/vc_row][vc_row el_id=&#8221;contact&#8221;][vc_column][vc_row_inner][vc_column_inner][vc_empty_space][elx_heading text_color=&#8221;inherit&#8221;]K\u00fc\u00e7\u00fck i\u015fletmeler i\u00e7in myPRO XL \u00e7ama\u015f\u0131r makinesi, kurutma makinesi ve \u00fct\u00fc hakk\u0131nda bilgi almak i\u00e7in bizimle ileti\u015fime ge\u00e7in[\/elx_heading][vc_empty_space][\/vc_column_inner][\/vc_row_inner][elx_o2000_contact_us][\/vc_column][\/vc_row][vc_row][vc_column][vc_empty_space][elx_heading text_color=&#8221;inherit&#8221; text_align=&#8221;text-center&#8221;]\u0130\u015fletmenize uygun t\u00fcm myPRO serisi[\/elx_heading][vc_single_image image=&#8221;13971&#8243; img_size=&#8221;full&#8221; alignment=&#8221;center&#8221;][vc_empty_space][\/vc_column][\/vc_row][vc_row css=&#8221;.vc_custom_1534772259989{background-color: #eeeeee !important;}&#8221;][vc_column width=&#8221;2\/3&#8243;][vc_empty_space][elx_heading font_size=&#8221;h3&#8243; text_color=&#8221;inherit&#8221;]Daha \u00fcretken \u00e7\u00f6z\u00fcmler mi ar\u0131yorsunuz?[\/elx_heading][elx_heading font_container=&#8221;h3&#8243; font_size=&#8221;h5&#8243; text_color=&#8221;inherit&#8221;]Ticari \u00e7ama\u015f\u0131rhane \u00e7\u00f6z\u00fcmlerimizi ke\u015ffedin[\/elx_heading][vc_column_text]Electrolux Professional, profesyonel \u00e7ama\u015f\u0131rhane ihtiya\u00e7lar\u0131n\u0131z i\u00e7in \u00e7ok y\u00f6nl\u00fc bir \u00fcr\u00fcn yelpazesi sunar.[\/vc_column_text][vc_empty_space][elx_button button_text=&#8221;End\u00fcstriyel \u00c7ama\u015f\u0131rhane \u00e7\u00f6z\u00fcmlerimizi inceleyin&#8221; button_style=&#8221;icon&#8221; button_link=&#8221;url:https%3A%2F%2Fwww.electroluxprofessional.com%2Ftr%2Fticari-camasirhane-ekipmanlari%2Fendustriyel-camasir-yikama-makineleri%2F|title:Commercial%20Laundry%20Solutions&#8221;][vc_empty_space][\/vc_column][vc_column width=&#8221;1\/3&#8243;][vc_empty_space][vc_single_image image=&#8221;13972&#8243; img_size=&#8221;full&#8221; onclick=&#8221;custom_link&#8221; link=&#8221;http:\/\/https:\/\/www.electroluxprofessional.com\/tr\/your-business\/commercial-laundries\/&#8221;][vc_empty_space][\/vc_column][\/vc_row]<\/p>\n","protected":false},"excerpt":{"rendered":"<p>[vc_row full_width=&#8221;electroluxpro-full-width-no-padding&#8221; css=&#8221;.vc_custom_1618191495061{margin-top: -50px !important;border-top-width: -30px !important;padding-top: -30px !important;}&#8221;][vc_column][elx_full_banner title=&#8221;myPROXL &#8211; 12 kg\u2018l\u0131k bir \u00e7\u00f6z\u00fcmde en y\u00fcksek dayan\u0131kl\u0131l\u0131k&#8221; background_image_media_library=&#8221;13973&#8243; background_image_media_library_mobile=&#8221;34822&#8243; link=&#8221;url:%23contact|title:Daha%20fazlas%C4%B1n%C4%B1%20ke%C5%9Ffedin&#8221;][elx_download_block text=&#8221;myPROXL bro\u015f\u00fcr\u00fc indirin&#8221; background_color=&#8221;electrolux-blue&#8221; background_hover_color=&#8221;lighter-hover&#8221;][\/vc_column][\/vc_row][vc_row css=&#8221;.vc_custom_1618350392700{background-color: #e2e2e2 !important;}&#8221;][vc_column][elx_heading font_container=&#8221;h1&#8243; text_color=&#8221;inherit&#8221;]Fazla \u00e7ama\u015f\u0131r y\u00fck\u00fc olan k\u00fc\u00e7\u00fck i\u015fletmeler i\u00e7in \u00e7ama\u015f\u0131rhane \u00e7\u00f6z\u00fcmleri[\/elx_heading][vc_empty_space][vc_column_text]myPROXL \u00a0\u00e7ama\u015f\u0131rhaneler, otel misafir \u00e7ama\u015f\u0131rhaneleri, apartman \u00e7ama\u015f\u0131rhane odalar\u0131, bak\u0131m evleri, veterinerler ve b\u00fcy\u00fck g\u00fczellik salonlar\u0131 gibi fazla [&hellip;]<\/p>\n","protected":false},"author":40,"featured_media":9483,"parent":2006,"menu_order":0,"comment_status":"closed","ping_status":"closed","template":"","meta":{"footnotes":""},"class_list":["post-14208","page","type-page","status-publish","has-post-thumbnail","hentry"],"acf":[],"yoast_head":"<!-- This site is optimized with the Yoast SEO plugin v23.3 - https:\/\/yoast.com\/wordpress\/plugins\/seo\/ -->\n<title>myPRO XL k\u00fc\u00e7\u00fck i\u015fletmeler i\u00e7in \u00e7amas\u0131r y\u0131kama \u00e7\u00f6z\u00fcmleri<\/title>\n<meta name=\"description\" content=\"myPRO XL: \u00c7ama\u015f\u0131rhaneler, oteller, apartlar, huzurevleri, veterinerler ve b\u00fcy\u00fck g\u00fczellik salonlar\u0131 i\u00e7in y\u00fcksek kapasiteli \u00e7ama\u015f\u0131r \u00e7\u00f6z\u00fcmleri.\" \/>\n<meta name=\"robots\" content=\"index, follow, max-snippet:-1, max-image-preview:large, max-video-preview:-1\" \/>\n<link rel=\"canonical\" href=\"https:\/\/www.electroluxprofessional.com\/tr\/ticari-camasirhane-ekipmanlari\/mypro-xl-camasirhane-kucuk-isletmeler\/\" \/>\n<meta property=\"og:locale\" content=\"tr_TR\" \/>\n<meta property=\"og:type\" content=\"article\" \/>\n<meta property=\"og:title\" content=\"myPRO XL k\u00fc\u00e7\u00fck i\u015fletmeler i\u00e7in \u00e7amas\u0131r y\u0131kama \u00e7\u00f6z\u00fcmleri\" \/>\n<meta property=\"og:description\" content=\"myPRO XL: \u00c7ama\u015f\u0131rhaneler, oteller, apartlar, huzurevleri, veterinerler ve b\u00fcy\u00fck g\u00fczellik salonlar\u0131 i\u00e7in y\u00fcksek kapasiteli \u00e7ama\u015f\u0131r \u00e7\u00f6z\u00fcmleri.\" \/>\n<meta property=\"og:url\" content=\"https:\/\/www.electroluxprofessional.com\/tr\/ticari-camasirhane-ekipmanlari\/mypro-xl-camasirhane-kucuk-isletmeler\/\" \/>\n<meta property=\"og:site_name\" content=\"Electrolux Professional T\u00fcrkiye\" \/>\n<meta property=\"article:modified_time\" content=\"2025-11-05T15:57:53+00:00\" \/>\n<meta property=\"og:image\" content=\"https:\/\/www.electroluxprofessional.com\/tr\/wp-content\/uploads\/2019\/10\/myPRO-XL.jpg\" \/>\n\t<meta property=\"og:image:width\" content=\"800\" \/>\n\t<meta property=\"og:image:height\" content=\"500\" \/>\n\t<meta property=\"og:image:type\" content=\"image\/jpeg\" \/>\n<meta name=\"twitter:card\" content=\"summary_large_image\" \/>\n<meta name=\"twitter:label1\" content=\"Tahmini okuma s\u00fcresi\" \/>\n\t<meta name=\"twitter:data1\" content=\"4 dakika\" \/>\n<script type=\"application\/ld+json\" class=\"yoast-schema-graph\">{\"@context\":\"https:\/\/schema.org\",\"@graph\":[{\"@type\":\"WebPage\",\"@id\":\"https:\/\/www.electroluxprofessional.com\/tr\/ticari-camasirhane-ekipmanlari\/mypro-xl-camasirhane-kucuk-isletmeler\/\",\"url\":\"https:\/\/www.electroluxprofessional.com\/tr\/ticari-camasirhane-ekipmanlari\/mypro-xl-camasirhane-kucuk-isletmeler\/\",\"name\":\"myPRO XL k\u00fc\u00e7\u00fck i\u015fletmeler i\u00e7in \u00e7amas\u0131r y\u0131kama \u00e7\u00f6z\u00fcmleri\",\"isPartOf\":{\"@id\":\"https:\/\/www.electroluxprofessional.com\/tr\/#website\"},\"primaryImageOfPage\":{\"@id\":\"https:\/\/www.electroluxprofessional.com\/tr\/ticari-camasirhane-ekipmanlari\/mypro-xl-camasirhane-kucuk-isletmeler\/#primaryimage\"},\"image\":{\"@id\":\"https:\/\/www.electroluxprofessional.com\/tr\/ticari-camasirhane-ekipmanlari\/mypro-xl-camasirhane-kucuk-isletmeler\/#primaryimage\"},\"thumbnailUrl\":\"https:\/\/www.electroluxprofessional.com\/tr\/wp-content\/uploads\/2019\/10\/myPRO-XL.jpg\",\"datePublished\":\"2022-08-25T21:58:29+00:00\",\"dateModified\":\"2025-11-05T15:57:53+00:00\",\"description\":\"myPRO XL: \u00c7ama\u015f\u0131rhaneler, oteller, apartlar, huzurevleri, veterinerler ve b\u00fcy\u00fck g\u00fczellik salonlar\u0131 i\u00e7in y\u00fcksek kapasiteli \u00e7ama\u015f\u0131r \u00e7\u00f6z\u00fcmleri.\",\"breadcrumb\":{\"@id\":\"https:\/\/www.electroluxprofessional.com\/tr\/ticari-camasirhane-ekipmanlari\/mypro-xl-camasirhane-kucuk-isletmeler\/#breadcrumb\"},\"inLanguage\":\"tr\",\"potentialAction\":[{\"@type\":\"ReadAction\",\"target\":[\"https:\/\/www.electroluxprofessional.com\/tr\/ticari-camasirhane-ekipmanlari\/mypro-xl-camasirhane-kucuk-isletmeler\/\"]}]},{\"@type\":\"ImageObject\",\"inLanguage\":\"tr\",\"@id\":\"https:\/\/www.electroluxprofessional.com\/tr\/ticari-camasirhane-ekipmanlari\/mypro-xl-camasirhane-kucuk-isletmeler\/#primaryimage\",\"url\":\"https:\/\/www.electroluxprofessional.com\/tr\/wp-content\/uploads\/2019\/10\/myPRO-XL.jpg\",\"contentUrl\":\"https:\/\/www.electroluxprofessional.com\/tr\/wp-content\/uploads\/2019\/10\/myPRO-XL.jpg\",\"width\":800,\"height\":500,\"caption\":\"myPRO XL for small businesses\"},{\"@type\":\"BreadcrumbList\",\"@id\":\"https:\/\/www.electroluxprofessional.com\/tr\/ticari-camasirhane-ekipmanlari\/mypro-xl-camasirhane-kucuk-isletmeler\/#breadcrumb\",\"itemListElement\":[{\"@type\":\"ListItem\",\"position\":1,\"name\":\"Home\",\"item\":\"https:\/\/www.electroluxprofessional.com\/tr\/\"},{\"@type\":\"ListItem\",\"position\":2,\"name\":\"\u00c7ama\u015f\u0131rhane\",\"item\":\"https:\/\/www.electroluxprofessional.com\/tr\/ticari-camasirhane-ekipmanlari\/\"},{\"@type\":\"ListItem\",\"position\":3,\"name\":\"myPRO XL fazla \u00e7ama\u015f\u0131r y\u00fck\u00fc olan k\u00fc\u00e7\u00fck i\u015fletmeler i\u00e7in \u00e7ama\u015f\u0131rhane \u00e7\u00f6z\u00fcmleri\"}]},{\"@type\":\"WebSite\",\"@id\":\"https:\/\/www.electroluxprofessional.com\/tr\/#website\",\"url\":\"https:\/\/www.electroluxprofessional.com\/tr\/\",\"name\":\"Electrolux Professional T\u00fcrkiye\",\"description\":\"\",\"potentialAction\":[{\"@type\":\"SearchAction\",\"target\":{\"@type\":\"EntryPoint\",\"urlTemplate\":\"https:\/\/www.electroluxprofessional.com\/tr\/?src={search_term_string}\"},\"query-input\":\"required name=search_term_string\"}],\"inLanguage\":\"tr\"}]}<\/script>\n<!-- \/ Yoast SEO plugin. -->","yoast_head_json":{"title":"myPRO XL k\u00fc\u00e7\u00fck i\u015fletmeler i\u00e7in \u00e7amas\u0131r y\u0131kama \u00e7\u00f6z\u00fcmleri","description":"myPRO XL: \u00c7ama\u015f\u0131rhaneler, oteller, apartlar, huzurevleri, veterinerler ve b\u00fcy\u00fck g\u00fczellik salonlar\u0131 i\u00e7in y\u00fcksek kapasiteli \u00e7ama\u015f\u0131r \u00e7\u00f6z\u00fcmleri.","robots":{"index":"index","follow":"follow","max-snippet":"max-snippet:-1","max-image-preview":"max-image-preview:large","max-video-preview":"max-video-preview:-1"},"canonical":"https:\/\/www.electroluxprofessional.com\/tr\/ticari-camasirhane-ekipmanlari\/mypro-xl-camasirhane-kucuk-isletmeler\/","og_locale":"tr_TR","og_type":"article","og_title":"myPRO XL k\u00fc\u00e7\u00fck i\u015fletmeler i\u00e7in \u00e7amas\u0131r y\u0131kama \u00e7\u00f6z\u00fcmleri","og_description":"myPRO XL: \u00c7ama\u015f\u0131rhaneler, oteller, apartlar, huzurevleri, veterinerler ve b\u00fcy\u00fck g\u00fczellik salonlar\u0131 i\u00e7in y\u00fcksek kapasiteli \u00e7ama\u015f\u0131r \u00e7\u00f6z\u00fcmleri.","og_url":"https:\/\/www.electroluxprofessional.com\/tr\/ticari-camasirhane-ekipmanlari\/mypro-xl-camasirhane-kucuk-isletmeler\/","og_site_name":"Electrolux Professional T\u00fcrkiye","article_modified_time":"2025-11-05T15:57:53+00:00","og_image":[{"width":800,"height":500,"url":"https:\/\/www.electroluxprofessional.com\/tr\/wp-content\/uploads\/2019\/10\/myPRO-XL.jpg","type":"image\/jpeg"}],"twitter_card":"summary_large_image","twitter_misc":{"Tahmini okuma s\u00fcresi":"4 dakika"},"schema":{"@context":"https:\/\/schema.org","@graph":[{"@type":"WebPage","@id":"https:\/\/www.electroluxprofessional.com\/tr\/ticari-camasirhane-ekipmanlari\/mypro-xl-camasirhane-kucuk-isletmeler\/","url":"https:\/\/www.electroluxprofessional.com\/tr\/ticari-camasirhane-ekipmanlari\/mypro-xl-camasirhane-kucuk-isletmeler\/","name":"myPRO XL k\u00fc\u00e7\u00fck i\u015fletmeler i\u00e7in \u00e7amas\u0131r y\u0131kama \u00e7\u00f6z\u00fcmleri","isPartOf":{"@id":"https:\/\/www.electroluxprofessional.com\/tr\/#website"},"primaryImageOfPage":{"@id":"https:\/\/www.electroluxprofessional.com\/tr\/ticari-camasirhane-ekipmanlari\/mypro-xl-camasirhane-kucuk-isletmeler\/#primaryimage"},"image":{"@id":"https:\/\/www.electroluxprofessional.com\/tr\/ticari-camasirhane-ekipmanlari\/mypro-xl-camasirhane-kucuk-isletmeler\/#primaryimage"},"thumbnailUrl":"https:\/\/www.electroluxprofessional.com\/tr\/wp-content\/uploads\/2019\/10\/myPRO-XL.jpg","datePublished":"2022-08-25T21:58:29+00:00","dateModified":"2025-11-05T15:57:53+00:00","description":"myPRO XL: \u00c7ama\u015f\u0131rhaneler, oteller, apartlar, huzurevleri, veterinerler ve b\u00fcy\u00fck g\u00fczellik salonlar\u0131 i\u00e7in y\u00fcksek kapasiteli \u00e7ama\u015f\u0131r \u00e7\u00f6z\u00fcmleri.","breadcrumb":{"@id":"https:\/\/www.electroluxprofessional.com\/tr\/ticari-camasirhane-ekipmanlari\/mypro-xl-camasirhane-kucuk-isletmeler\/#breadcrumb"},"inLanguage":"tr","potentialAction":[{"@type":"ReadAction","target":["https:\/\/www.electroluxprofessional.com\/tr\/ticari-camasirhane-ekipmanlari\/mypro-xl-camasirhane-kucuk-isletmeler\/"]}]},{"@type":"ImageObject","inLanguage":"tr","@id":"https:\/\/www.electroluxprofessional.com\/tr\/ticari-camasirhane-ekipmanlari\/mypro-xl-camasirhane-kucuk-isletmeler\/#primaryimage","url":"https:\/\/www.electroluxprofessional.com\/tr\/wp-content\/uploads\/2019\/10\/myPRO-XL.jpg","contentUrl":"https:\/\/www.electroluxprofessional.com\/tr\/wp-content\/uploads\/2019\/10\/myPRO-XL.jpg","width":800,"height":500,"caption":"myPRO XL for small businesses"},{"@type":"BreadcrumbList","@id":"https:\/\/www.electroluxprofessional.com\/tr\/ticari-camasirhane-ekipmanlari\/mypro-xl-camasirhane-kucuk-isletmeler\/#breadcrumb","itemListElement":[{"@type":"ListItem","position":1,"name":"Home","item":"https:\/\/www.electroluxprofessional.com\/tr\/"},{"@type":"ListItem","position":2,"name":"\u00c7ama\u015f\u0131rhane","item":"https:\/\/www.electroluxprofessional.com\/tr\/ticari-camasirhane-ekipmanlari\/"},{"@type":"ListItem","position":3,"name":"myPRO XL fazla \u00e7ama\u015f\u0131r y\u00fck\u00fc olan k\u00fc\u00e7\u00fck i\u015fletmeler i\u00e7in \u00e7ama\u015f\u0131rhane \u00e7\u00f6z\u00fcmleri"}]},{"@type":"WebSite","@id":"https:\/\/www.electroluxprofessional.com\/tr\/#website","url":"https:\/\/www.electroluxprofessional.com\/tr\/","name":"Electrolux Professional T\u00fcrkiye","description":"","potentialAction":[{"@type":"SearchAction","target":{"@type":"EntryPoint","urlTemplate":"https:\/\/www.electroluxprofessional.com\/tr\/?src={search_term_string}"},"query-input":"required name=search_term_string"}],"inLanguage":"tr"}]}},"_links":{"self":[{"href":"https:\/\/www.electroluxprofessional.com\/tr\/wp-json\/wp\/v2\/pages\/14208"}],"collection":[{"href":"https:\/\/www.electroluxprofessional.com\/tr\/wp-json\/wp\/v2\/pages"}],"about":[{"href":"https:\/\/www.electroluxprofessional.com\/tr\/wp-json\/wp\/v2\/types\/page"}],"author":[{"embeddable":true,"href":"https:\/\/www.electroluxprofessional.com\/tr\/wp-json\/wp\/v2\/users\/40"}],"replies":[{"embeddable":true,"href":"https:\/\/www.electroluxprofessional.com\/tr\/wp-json\/wp\/v2\/comments?post=14208"}],"version-history":[{"count":18,"href":"https:\/\/www.electroluxprofessional.com\/tr\/wp-json\/wp\/v2\/pages\/14208\/revisions"}],"predecessor-version":[{"id":22948,"href":"https:\/\/www.electroluxprofessional.com\/tr\/wp-json\/wp\/v2\/pages\/14208\/revisions\/22948"}],"up":[{"embeddable":true,"href":"https:\/\/www.electroluxprofessional.com\/tr\/wp-json\/wp\/v2\/pages\/2006"}],"wp:featuredmedia":[{"embeddable":true,"href":"https:\/\/www.electroluxprofessional.com\/tr\/wp-json\/wp\/v2\/media\/9483"}],"wp:attachment":[{"href":"https:\/\/www.electroluxprofessional.com\/tr\/wp-json\/wp\/v2\/media?parent=14208"}],"curies":[{"name":"wp","href":"https:\/\/api.w.org\/{rel}","templated":true}]}}