{"id":14186,"date":"2022-08-25T21:06:23","date_gmt":"2022-08-25T21:06:23","guid":{"rendered":"https:\/\/www.electroluxprofessional.com\/tr\/?page_id=14186"},"modified":"2025-08-15T08:40:01","modified_gmt":"2025-08-15T08:40:01","slug":"accessories-and-consumables","status":"publish","type":"page","link":"https:\/\/www.electroluxprofessional.com\/tr\/ticari-camasirhane-ekipmanlari\/mypro-yikama-kurutma-ve-silindir-utuler\/accessories-and-consumables\/","title":{"rendered":"myPRO i\u00e7in Aksesuarlar ve Sarf malzemeleri"},"content":{"rendered":"<p>[vc_row][vc_column][vc_single_image image=&#8221;5286&#8243; alignment=&#8221;center&#8221;][elx_heading font_container=&#8221;h1&#8243; text_color=&#8221;inherit&#8221; text_align=&#8221;text-center&#8221;]myPRO aksesuarlar\u0131 ve sarf malzemeleri[\/elx_heading][vc_empty_space][elx_heading text_color=&#8221;inherit&#8221; text_align=&#8221;text-center&#8221;]K\u00fc\u00e7\u00fck i\u015fletmeler i\u00e7in benzersiz profesyonel uzmanl\u0131k.[\/elx_heading][vc_column_text]<\/p>\n<p style=\"text-align: center;\">Electrolux Professional aksesuarlar\u0131n\u0131 ve sarf malzemelerini kullanarak myPRO deneyimini geli\u015ftirin!<\/p>\n<p>[\/vc_column_text][vc_empty_space][\/vc_column][\/vc_row][vc_row][vc_column width=&#8221;1\/2&#8243;][elx_heading font_container=&#8221;h3&#8243; text_color=&#8221;inherit&#8221;]\u0130stifleme Kiti[\/elx_heading][vc_column_text]Kurutma makinesini \u00e7ama\u015f\u0131r makinesinin \u00fczerine istifleyerek yerden tasarruf edin.[\/vc_column_text][vc_empty_space][vc_single_image image=&#8221;14184&#8243; img_size=&#8221;full&#8221;][\/vc_column][vc_column width=&#8221;1\/2&#8243;][elx_heading font_container=&#8221;h3&#8243; text_color=&#8221;inherit&#8221;]Kaide[\/elx_heading][vc_column_text]Y\u0131kama ve kurutma makinesini en ergonomik y\u00fckseklikte olacak \u015fekilde bir kaide \u00fczerine kald\u0131r\u0131n.[\/vc_column_text][vc_empty_space][vc_single_image image=&#8221;14185&#8243; img_size=&#8221;full&#8221;][\/vc_column][\/vc_row][vc_row][vc_column][vc_empty_space][\/vc_column][\/vc_row][vc_row css=&#8221;.vc_custom_1571737982010{margin-bottom: 32px !important;}&#8221;][vc_column][elx_heading text_color=&#8221;inherit&#8221;]myPRO Sarf malzemeleri[\/elx_heading][vc_column_text]<\/p>\n<div class=\"wpb_text_column wpb_content_element \"><\/div>\n<p>Line 6000 eko serisi deterjanlar, d\u00fc\u015f\u00fck \u00e7evresel etki sa\u011flayan y\u00fcksek kalite, g\u00fcvenlik ve etkinlik sunmak i\u00e7in geli\u015ftirilmi\u015ftir.<br \/>\nEn iyi y\u0131kama sonu\u00e7lar\u0131 i\u00e7in ihtiyac\u0131n\u0131za uygun \u00fcr\u00fcn\u00fc kullan\u0131n.[\/vc_column_text][vc_empty_space][elx_button button_text=&#8221;Deterjanlar\u0131m\u0131z\u0131 ke\u015ffedin&#8221; button_link=&#8221;url:https%3A%2F%2Fwww.electroluxprofessional.com%2Ftr%2Faksesuarlar-sarf-malzemeleri%2Fline-6000-eco-serisi-deterjanlar%2F|title:deterjanlar%C4%B1m%C4%B1z%C4%B1%20ke%C5%9Ffedin&#8221;][\/vc_column][\/vc_row][vc_row][vc_column][vc_empty_space][elx_heading font_container=&#8221;h1&#8243; text_color=&#8221;inherit&#8221;]Nereden Alabilirsiniz[\/elx_heading][\/vc_column][\/vc_row][vc_row][vc_column][elx_o2000_contact_us s=&#8221;myPRO Aksesuarlar\u0131 ve sarf malzemeleri hakk\u0131nda bilgi talebi&#8221; b=&#8221;laundry&#8221; r=&#8221;myPRO serisi i\u00e7in aksesuarlar ve sarf malzemeleri hakk\u0131nda daha fazla bilgi edinmek istiyorum.L\u00fctfen benimle ileti\u015fime ge\u00e7in.&#8221; l=&#8221;en&#8221;][\/vc_column][\/vc_row][vc_row][vc_column][vc_empty_space][elx_button button_text=&#8221;\u00dcr\u00fcnlere gidiniz&#8221; button_style=&#8221;icon&#8221; button_link=&#8221;url:https%3A%2F%2Fwww.electroluxprofessional.com%2Ftr%2Fticari-camasirhane-ekipmanlari%2Fmypro-yikama-kurutma-ve-silindir-utuler%2F&#8221;][vc_empty_space][\/vc_column][\/vc_row]<\/p>\n","protected":false},"excerpt":{"rendered":"<p>[vc_row][vc_column][vc_single_image image=&#8221;5286&#8243; alignment=&#8221;center&#8221;][elx_heading font_container=&#8221;h1&#8243; text_color=&#8221;inherit&#8221; text_align=&#8221;text-center&#8221;]myPRO aksesuarlar\u0131 ve sarf malzemeleri[\/elx_heading][vc_empty_space][elx_heading text_color=&#8221;inherit&#8221; text_align=&#8221;text-center&#8221;]K\u00fc\u00e7\u00fck i\u015fletmeler i\u00e7in benzersiz profesyonel uzmanl\u0131k.[\/elx_heading][vc_column_text] Electrolux Professional aksesuarlar\u0131n\u0131 ve sarf malzemelerini kullanarak myPRO deneyimini geli\u015ftirin! [\/vc_column_text][vc_empty_space][\/vc_column][\/vc_row][vc_row][vc_column width=&#8221;1\/2&#8243;][elx_heading font_container=&#8221;h3&#8243; text_color=&#8221;inherit&#8221;]\u0130stifleme Kiti[\/elx_heading][vc_column_text]Kurutma makinesini \u00e7ama\u015f\u0131r makinesinin \u00fczerine istifleyerek yerden tasarruf edin.[\/vc_column_text][vc_empty_space][vc_single_image image=&#8221;14184&#8243; img_size=&#8221;full&#8221;][\/vc_column][vc_column width=&#8221;1\/2&#8243;][elx_heading font_container=&#8221;h3&#8243; text_color=&#8221;inherit&#8221;]Kaide[\/elx_heading][vc_column_text]Y\u0131kama ve kurutma makinesini en ergonomik y\u00fckseklikte olacak \u015fekilde bir kaide [&hellip;]<\/p>\n","protected":false},"author":40,"featured_media":0,"parent":6149,"menu_order":0,"comment_status":"closed","ping_status":"closed","template":"","meta":{"footnotes":""},"class_list":["post-14186","page","type-page","status-publish","hentry"],"acf":[],"yoast_head":"<!-- This site is optimized with the Yoast SEO plugin v23.3 - https:\/\/yoast.com\/wordpress\/plugins\/seo\/ -->\n<title>myPRO i\u00e7in Aksesuarlar ve Sarf malzemeleri - Electrolux Professional T\u00fcrkiye<\/title>\n<meta name=\"description\" content=\"The Cleanstar detergents are developed with your business and the environment in mind. For best wash results use the product that matches your need.\" \/>\n<meta name=\"robots\" content=\"index, follow, max-snippet:-1, max-image-preview:large, max-video-preview:-1\" \/>\n<link rel=\"canonical\" href=\"https:\/\/www.electroluxprofessional.com\/tr\/ticari-camasirhane-ekipmanlari\/mypro-yikama-kurutma-ve-silindir-utuler\/accessories-and-consumables\/\" \/>\n<meta property=\"og:locale\" content=\"tr_TR\" \/>\n<meta property=\"og:type\" content=\"article\" \/>\n<meta property=\"og:title\" content=\"myPRO i\u00e7in Aksesuarlar ve Sarf malzemeleri - Electrolux Professional T\u00fcrkiye\" \/>\n<meta property=\"og:description\" content=\"The Cleanstar detergents are developed with your business and the environment in mind. For best wash results use the product that matches your need.\" \/>\n<meta property=\"og:url\" content=\"https:\/\/www.electroluxprofessional.com\/tr\/ticari-camasirhane-ekipmanlari\/mypro-yikama-kurutma-ve-silindir-utuler\/accessories-and-consumables\/\" \/>\n<meta property=\"og:site_name\" content=\"Electrolux Professional T\u00fcrkiye\" \/>\n<meta property=\"article:modified_time\" content=\"2025-08-15T08:40:01+00:00\" \/>\n<meta name=\"twitter:card\" content=\"summary_large_image\" \/>\n<meta name=\"twitter:label1\" content=\"Tahmini okuma s\u00fcresi\" \/>\n\t<meta name=\"twitter:data1\" content=\"1 dakika\" \/>\n<script type=\"application\/ld+json\" class=\"yoast-schema-graph\">{\"@context\":\"https:\/\/schema.org\",\"@graph\":[{\"@type\":\"WebPage\",\"@id\":\"https:\/\/www.electroluxprofessional.com\/tr\/ticari-camasirhane-ekipmanlari\/mypro-yikama-kurutma-ve-silindir-utuler\/accessories-and-consumables\/\",\"url\":\"https:\/\/www.electroluxprofessional.com\/tr\/ticari-camasirhane-ekipmanlari\/mypro-yikama-kurutma-ve-silindir-utuler\/accessories-and-consumables\/\",\"name\":\"myPRO i\u00e7in Aksesuarlar ve Sarf malzemeleri - Electrolux Professional T\u00fcrkiye\",\"isPartOf\":{\"@id\":\"https:\/\/www.electroluxprofessional.com\/tr\/#website\"},\"datePublished\":\"2022-08-25T21:06:23+00:00\",\"dateModified\":\"2025-08-15T08:40:01+00:00\",\"description\":\"The Cleanstar detergents are developed with your business and the environment in mind. For best wash results use the product that matches your need.\",\"breadcrumb\":{\"@id\":\"https:\/\/www.electroluxprofessional.com\/tr\/ticari-camasirhane-ekipmanlari\/mypro-yikama-kurutma-ve-silindir-utuler\/accessories-and-consumables\/#breadcrumb\"},\"inLanguage\":\"tr\",\"potentialAction\":[{\"@type\":\"ReadAction\",\"target\":[\"https:\/\/www.electroluxprofessional.com\/tr\/ticari-camasirhane-ekipmanlari\/mypro-yikama-kurutma-ve-silindir-utuler\/accessories-and-consumables\/\"]}]},{\"@type\":\"BreadcrumbList\",\"@id\":\"https:\/\/www.electroluxprofessional.com\/tr\/ticari-camasirhane-ekipmanlari\/mypro-yikama-kurutma-ve-silindir-utuler\/accessories-and-consumables\/#breadcrumb\",\"itemListElement\":[{\"@type\":\"ListItem\",\"position\":1,\"name\":\"Home\",\"item\":\"https:\/\/www.electroluxprofessional.com\/tr\/\"},{\"@type\":\"ListItem\",\"position\":2,\"name\":\"\u00c7ama\u015f\u0131rhane\",\"item\":\"https:\/\/www.electroluxprofessional.com\/tr\/ticari-camasirhane-ekipmanlari\/\"},{\"@type\":\"ListItem\",\"position\":3,\"name\":\"K\u00fc\u00e7\u00fck i\u015fletmeler i\u00e7in myPro, y\u0131kama kurutma ve silindir \u00fct\u00fcler\",\"item\":\"https:\/\/www.electroluxprofessional.com\/tr\/ticari-camasirhane-ekipmanlari\/mypro-yikama-kurutma-ve-silindir-utuler\/\"},{\"@type\":\"ListItem\",\"position\":4,\"name\":\"myPRO i\u00e7in Aksesuarlar ve Sarf malzemeleri\"}]},{\"@type\":\"WebSite\",\"@id\":\"https:\/\/www.electroluxprofessional.com\/tr\/#website\",\"url\":\"https:\/\/www.electroluxprofessional.com\/tr\/\",\"name\":\"Electrolux Professional T\u00fcrkiye\",\"description\":\"\",\"potentialAction\":[{\"@type\":\"SearchAction\",\"target\":{\"@type\":\"EntryPoint\",\"urlTemplate\":\"https:\/\/www.electroluxprofessional.com\/tr\/?src={search_term_string}\"},\"query-input\":\"required name=search_term_string\"}],\"inLanguage\":\"tr\"}]}<\/script>\n<!-- \/ Yoast SEO plugin. -->","yoast_head_json":{"title":"myPRO i\u00e7in Aksesuarlar ve Sarf malzemeleri - Electrolux Professional T\u00fcrkiye","description":"The Cleanstar detergents are developed with your business and the environment in mind. For best wash results use the product that matches your need.","robots":{"index":"index","follow":"follow","max-snippet":"max-snippet:-1","max-image-preview":"max-image-preview:large","max-video-preview":"max-video-preview:-1"},"canonical":"https:\/\/www.electroluxprofessional.com\/tr\/ticari-camasirhane-ekipmanlari\/mypro-yikama-kurutma-ve-silindir-utuler\/accessories-and-consumables\/","og_locale":"tr_TR","og_type":"article","og_title":"myPRO i\u00e7in Aksesuarlar ve Sarf malzemeleri - Electrolux Professional T\u00fcrkiye","og_description":"The Cleanstar detergents are developed with your business and the environment in mind. For best wash results use the product that matches your need.","og_url":"https:\/\/www.electroluxprofessional.com\/tr\/ticari-camasirhane-ekipmanlari\/mypro-yikama-kurutma-ve-silindir-utuler\/accessories-and-consumables\/","og_site_name":"Electrolux Professional T\u00fcrkiye","article_modified_time":"2025-08-15T08:40:01+00:00","twitter_card":"summary_large_image","twitter_misc":{"Tahmini okuma s\u00fcresi":"1 dakika"},"schema":{"@context":"https:\/\/schema.org","@graph":[{"@type":"WebPage","@id":"https:\/\/www.electroluxprofessional.com\/tr\/ticari-camasirhane-ekipmanlari\/mypro-yikama-kurutma-ve-silindir-utuler\/accessories-and-consumables\/","url":"https:\/\/www.electroluxprofessional.com\/tr\/ticari-camasirhane-ekipmanlari\/mypro-yikama-kurutma-ve-silindir-utuler\/accessories-and-consumables\/","name":"myPRO i\u00e7in Aksesuarlar ve Sarf malzemeleri - Electrolux Professional T\u00fcrkiye","isPartOf":{"@id":"https:\/\/www.electroluxprofessional.com\/tr\/#website"},"datePublished":"2022-08-25T21:06:23+00:00","dateModified":"2025-08-15T08:40:01+00:00","description":"The Cleanstar detergents are developed with your business and the environment in mind. For best wash results use the product that matches your need.","breadcrumb":{"@id":"https:\/\/www.electroluxprofessional.com\/tr\/ticari-camasirhane-ekipmanlari\/mypro-yikama-kurutma-ve-silindir-utuler\/accessories-and-consumables\/#breadcrumb"},"inLanguage":"tr","potentialAction":[{"@type":"ReadAction","target":["https:\/\/www.electroluxprofessional.com\/tr\/ticari-camasirhane-ekipmanlari\/mypro-yikama-kurutma-ve-silindir-utuler\/accessories-and-consumables\/"]}]},{"@type":"BreadcrumbList","@id":"https:\/\/www.electroluxprofessional.com\/tr\/ticari-camasirhane-ekipmanlari\/mypro-yikama-kurutma-ve-silindir-utuler\/accessories-and-consumables\/#breadcrumb","itemListElement":[{"@type":"ListItem","position":1,"name":"Home","item":"https:\/\/www.electroluxprofessional.com\/tr\/"},{"@type":"ListItem","position":2,"name":"\u00c7ama\u015f\u0131rhane","item":"https:\/\/www.electroluxprofessional.com\/tr\/ticari-camasirhane-ekipmanlari\/"},{"@type":"ListItem","position":3,"name":"K\u00fc\u00e7\u00fck i\u015fletmeler i\u00e7in myPro, y\u0131kama kurutma ve silindir \u00fct\u00fcler","item":"https:\/\/www.electroluxprofessional.com\/tr\/ticari-camasirhane-ekipmanlari\/mypro-yikama-kurutma-ve-silindir-utuler\/"},{"@type":"ListItem","position":4,"name":"myPRO i\u00e7in Aksesuarlar ve Sarf malzemeleri"}]},{"@type":"WebSite","@id":"https:\/\/www.electroluxprofessional.com\/tr\/#website","url":"https:\/\/www.electroluxprofessional.com\/tr\/","name":"Electrolux Professional T\u00fcrkiye","description":"","potentialAction":[{"@type":"SearchAction","target":{"@type":"EntryPoint","urlTemplate":"https:\/\/www.electroluxprofessional.com\/tr\/?src={search_term_string}"},"query-input":"required name=search_term_string"}],"inLanguage":"tr"}]}},"_links":{"self":[{"href":"https:\/\/www.electroluxprofessional.com\/tr\/wp-json\/wp\/v2\/pages\/14186"}],"collection":[{"href":"https:\/\/www.electroluxprofessional.com\/tr\/wp-json\/wp\/v2\/pages"}],"about":[{"href":"https:\/\/www.electroluxprofessional.com\/tr\/wp-json\/wp\/v2\/types\/page"}],"author":[{"embeddable":true,"href":"https:\/\/www.electroluxprofessional.com\/tr\/wp-json\/wp\/v2\/users\/40"}],"replies":[{"embeddable":true,"href":"https:\/\/www.electroluxprofessional.com\/tr\/wp-json\/wp\/v2\/comments?post=14186"}],"version-history":[{"count":8,"href":"https:\/\/www.electroluxprofessional.com\/tr\/wp-json\/wp\/v2\/pages\/14186\/revisions"}],"predecessor-version":[{"id":21854,"href":"https:\/\/www.electroluxprofessional.com\/tr\/wp-json\/wp\/v2\/pages\/14186\/revisions\/21854"}],"up":[{"embeddable":true,"href":"https:\/\/www.electroluxprofessional.com\/tr\/wp-json\/wp\/v2\/pages\/6149"}],"wp:attachment":[{"href":"https:\/\/www.electroluxprofessional.com\/tr\/wp-json\/wp\/v2\/media?parent=14186"}],"curies":[{"name":"wp","href":"https:\/\/api.w.org\/{rel}","templated":true}]}}