{"id":14077,"date":"2022-07-30T18:30:56","date_gmt":"2022-07-30T18:30:56","guid":{"rendered":"https:\/\/www.electroluxprofessional.com\/tr\/?page_id=14077"},"modified":"2025-11-03T07:15:13","modified_gmt":"2025-11-03T07:15:13","slug":"hakkimizda","status":"publish","type":"page","link":"https:\/\/www.electroluxprofessional.com\/tr\/hakkimizda\/","title":{"rendered":"Hakk\u0131m\u0131zda"},"content":{"rendered":"<p>[vc_row full_width=&#8221;electroluxpro-full-width-no-padding&#8221;][vc_column][vc_single_image image=&#8221;14071&#8243; img_size=&#8221;2000&#215;400&#8243; alignment=&#8221;center&#8221;][\/vc_column][\/vc_row][vc_row][vc_column][vc_empty_space height=&#8221;50px&#8221;][elx_heading font_container=&#8221;h1&#8243; text_color=&#8221;inherit&#8221; text_align=&#8221;text-center&#8221;]Electrolux Professional \u00e7al\u0131\u015fma hayat\u0131n\u0131z\u0131 her g\u00fcn daha kolay, daha k\u00e2rl\u0131 ve ger\u00e7ekten s\u00fcrd\u00fcr\u00fclebilir hale getiren G\u00fcvenilir The OnE \u0130\u015f Orta\u011f\u0131d\u0131r.[\/elx_heading][vc_empty_space][\/vc_column][\/vc_row][vc_row][vc_column][vc_column_text]\u0130\u015finiz ne olursa olsun, onu bir \u00f6m\u00fcr boyu <strong>Yiyecek<\/strong>, <strong>\u0130\u00e7ecek<\/strong> ve <strong>\u00c7ama\u015f\u0131rhane<\/strong>\u2019de en s\u00fcrd\u00fcr\u00fclebilir deneyimlere d\u00f6n\u00fc\u015ft\u00fcrece\u011fiz.<\/p>\n<p>S\u00fcrd\u00fcr\u00fclebilirli\u011fi merkezimize alarak, y\u00fcksek verimlilik, en d\u00fc\u015f\u00fck ya\u015fam d\u00f6ng\u00fcs\u00fc maliyetleri ve en kolay kullan\u0131m, bak\u0131m ve servis sa\u011flayan tam ve entegre \u00e7\u00f6z\u00fcmler tasarlamada \u00f6nc\u00fcl\u00fck ediyoruz. Ba\u011flant\u0131l\u0131 ve senkronize \u00fcr\u00fcn ve hizmetleri kullanarak t\u00fcm operasyonlar\u0131n\u0131 y\u00f6netmelerini sa\u011flayan <strong>tek bir aray\u00fcz arac\u0131<\/strong>l\u0131\u011f\u0131yla, m\u00fc\u015fterilerimize nihai i\u015f de\u011ferini yarat\u0131yoruz.<\/p>\n<p>Electrolux Professional, tek ve tam \u00e7\u00f6z\u00fcmler i\u00e7in g\u00fcvenilir &#8220;The OnE&#8221; ortakt\u0131r \u00e7\u00fcnk\u00fc s\u00fcre\u00e7leri ve \u00e7\u00f6z\u00fcmleri \u015fekillendirme bi\u00e7imimiz, <strong>insan odakl\u0131 miras\u0131m\u0131z<\/strong>dan ve i\u015finizi daha verimli hale getiren <strong>uzun y\u0131llara dayanan uzmanl\u0131\u011f\u0131m\u0131z<\/strong>dan gelmektedir.[\/vc_column_text][\/vc_column][\/vc_row][vc_row css=&#8221;.vc_custom_1465566954449{padding-top: 20px !important;}&#8221;][vc_column][vc_empty_space][elx_heading text_color=&#8221;inherit&#8221; text_align=&#8221;text-center&#8221;]\u00c7\u00f6z\u00fcmlerimiz 10 milyar SEK tutar\u0131nda,<br \/>\ngrup sat\u0131\u015f\u0131 ile 110 \u00fclkede sat\u0131lmaktad\u0131r[\/elx_heading][vc_empty_space][\/vc_column][\/vc_row][vc_row][vc_column width=&#8221;1\/2&#8243;][elx_video_block background_image=&#8221;14070&#8243; minimum_height=&#8221;350px&#8221; video_link=&#8221;https:\/\/www.youtube.com\/watch?v=zJpGYzvbdxE&#8221;][\/vc_column][vc_column width=&#8221;1\/2&#8243;][vc_column_text]Belirli s\u00fcrd\u00fcr\u00fclebilirlik hedeflerine odaklanarak, inovasyon ve enerji verimlili\u011fi ile sekt\u00f6r\u00fcm\u00fcz\u00fcn h\u0131z\u0131n\u0131 belirliyoruz: CO2 emisyonlar\u0131n\u0131 %50 azaltmak ve 2030 y\u0131l\u0131na kadar t\u00fcm end\u00fcstriyel faaliyetlerde iklime zarars\u0131z hale gelmek.<\/p>\n<p>T\u00fcm bunlar, kendini i\u015fine adam\u0131\u015f 4.000 \u00e7al\u0131\u015fan ve d\u00f6rt k\u0131lavuz ilke taraf\u0131ndan y\u00f6nlendirilen a\u00e7\u0131k bir k\u00fclt\u00fcr sayesinde:<\/p>\n<ul>\n<li>M\u00fc\u015fteri odakl\u0131 olmak<\/li>\n<li>G\u00fcven in\u015faa etmek<\/li>\n<li>Cesur olmak<\/li>\n<li>S\u00fcrd\u00fcr\u00fclebilir hareket etmek<\/li>\n<\/ul>\n<p>[\/vc_column_text][\/vc_column][\/vc_row][vc_row css=&#8221;.vc_custom_1465566954449{padding-top: 20px !important;}&#8221;][vc_column][vc_empty_space][\/vc_column][\/vc_row][vc_row][vc_column width=&#8221;1\/3&#8243;][elx_maylike_box id_box=&#8221;14072&#8243;][\/vc_column][vc_column width=&#8221;1\/3&#8243;][elx_maylike_box id_box=&#8221;16321&#8243;][\/vc_column][vc_column width=&#8221;1\/3&#8243;][elx_maylike_box id_box=&#8221;1520&#8243;][\/vc_column][\/vc_row]<\/p>\n","protected":false},"excerpt":{"rendered":"<p>[vc_row full_width=&#8221;electroluxpro-full-width-no-padding&#8221;][vc_column][vc_single_image image=&#8221;14071&#8243; img_size=&#8221;2000&#215;400&#8243; alignment=&#8221;center&#8221;][\/vc_column][\/vc_row][vc_row][vc_column][vc_empty_space height=&#8221;50px&#8221;][elx_heading font_container=&#8221;h1&#8243; text_color=&#8221;inherit&#8221; text_align=&#8221;text-center&#8221;]Electrolux Professional \u00e7al\u0131\u015fma hayat\u0131n\u0131z\u0131 her g\u00fcn daha kolay, daha k\u00e2rl\u0131 ve ger\u00e7ekten s\u00fcrd\u00fcr\u00fclebilir hale getiren G\u00fcvenilir The OnE \u0130\u015f Orta\u011f\u0131d\u0131r.[\/elx_heading][vc_empty_space][\/vc_column][\/vc_row][vc_row][vc_column][vc_column_text]\u0130\u015finiz ne olursa olsun, onu bir \u00f6m\u00fcr boyu Yiyecek, \u0130\u00e7ecek ve \u00c7ama\u015f\u0131rhane\u2019de en s\u00fcrd\u00fcr\u00fclebilir deneyimlere d\u00f6n\u00fc\u015ft\u00fcrece\u011fiz. S\u00fcrd\u00fcr\u00fclebilirli\u011fi merkezimize alarak, y\u00fcksek verimlilik, en d\u00fc\u015f\u00fck ya\u015fam d\u00f6ng\u00fcs\u00fc maliyetleri ve en [&hellip;]<\/p>\n","protected":false},"author":40,"featured_media":14069,"parent":0,"menu_order":0,"comment_status":"closed","ping_status":"closed","template":"","meta":{"footnotes":""},"class_list":["post-14077","page","type-page","status-publish","has-post-thumbnail","hentry"],"acf":[],"yoast_head":"<!-- This site is optimized with the Yoast SEO plugin v23.3 - https:\/\/yoast.com\/wordpress\/plugins\/seo\/ -->\n<title>Hakk\u0131m\u0131zda - Electrolux Profesyonel<\/title>\n<meta name=\"description\" content=\"Electrolux Professional ile i\u015f hayat\u0131n\u0131z\u0131 kolayla\u015ft\u0131r\u0131n: k\u00e2rl\u0131, s\u00fcrd\u00fcr\u00fclebilir \u00e7\u00f6z\u00fcmler sunan g\u00fcvenilir i\u015f orta\u011f\u0131n\u0131z.\" \/>\n<meta name=\"robots\" content=\"index, follow, max-snippet:-1, max-image-preview:large, max-video-preview:-1\" \/>\n<link rel=\"canonical\" href=\"https:\/\/www.electroluxprofessional.com\/tr\/hakkimizda\/\" \/>\n<meta property=\"og:locale\" content=\"tr_TR\" \/>\n<meta property=\"og:type\" content=\"article\" \/>\n<meta property=\"og:title\" content=\"Hakk\u0131m\u0131zda - Electrolux Profesyonel\" \/>\n<meta property=\"og:description\" content=\"Electrolux Professional ile i\u015f hayat\u0131n\u0131z\u0131 kolayla\u015ft\u0131r\u0131n: k\u00e2rl\u0131, s\u00fcrd\u00fcr\u00fclebilir \u00e7\u00f6z\u00fcmler sunan g\u00fcvenilir i\u015f orta\u011f\u0131n\u0131z.\" \/>\n<meta property=\"og:url\" content=\"https:\/\/www.electroluxprofessional.com\/tr\/hakkimizda\/\" \/>\n<meta property=\"og:site_name\" content=\"Electrolux Professional T\u00fcrkiye\" \/>\n<meta property=\"article:modified_time\" content=\"2025-11-03T07:15:13+00:00\" \/>\n<meta property=\"og:image\" content=\"https:\/\/www.electroluxprofessional.com\/tr\/wp-content\/uploads\/2022\/07\/video-one-cover.jpg\" \/>\n\t<meta property=\"og:image:width\" content=\"800\" \/>\n\t<meta property=\"og:image:height\" content=\"500\" \/>\n\t<meta property=\"og:image:type\" content=\"image\/jpeg\" \/>\n<meta name=\"twitter:card\" content=\"summary_large_image\" \/>\n<meta name=\"twitter:label1\" content=\"Tahmini okuma s\u00fcresi\" \/>\n\t<meta name=\"twitter:data1\" content=\"2 dakika\" \/>\n<script type=\"application\/ld+json\" class=\"yoast-schema-graph\">{\"@context\":\"https:\/\/schema.org\",\"@graph\":[{\"@type\":\"WebPage\",\"@id\":\"https:\/\/www.electroluxprofessional.com\/tr\/hakkimizda\/\",\"url\":\"https:\/\/www.electroluxprofessional.com\/tr\/hakkimizda\/\",\"name\":\"Hakk\u0131m\u0131zda - Electrolux Profesyonel\",\"isPartOf\":{\"@id\":\"https:\/\/www.electroluxprofessional.com\/tr\/#website\"},\"primaryImageOfPage\":{\"@id\":\"https:\/\/www.electroluxprofessional.com\/tr\/hakkimizda\/#primaryimage\"},\"image\":{\"@id\":\"https:\/\/www.electroluxprofessional.com\/tr\/hakkimizda\/#primaryimage\"},\"thumbnailUrl\":\"https:\/\/www.electroluxprofessional.com\/tr\/wp-content\/uploads\/2022\/07\/video-one-cover.jpg\",\"datePublished\":\"2022-07-30T18:30:56+00:00\",\"dateModified\":\"2025-11-03T07:15:13+00:00\",\"description\":\"Electrolux Professional ile i\u015f hayat\u0131n\u0131z\u0131 kolayla\u015ft\u0131r\u0131n: k\u00e2rl\u0131, s\u00fcrd\u00fcr\u00fclebilir \u00e7\u00f6z\u00fcmler sunan g\u00fcvenilir i\u015f orta\u011f\u0131n\u0131z.\",\"breadcrumb\":{\"@id\":\"https:\/\/www.electroluxprofessional.com\/tr\/hakkimizda\/#breadcrumb\"},\"inLanguage\":\"tr\",\"potentialAction\":[{\"@type\":\"ReadAction\",\"target\":[\"https:\/\/www.electroluxprofessional.com\/tr\/hakkimizda\/\"]}]},{\"@type\":\"ImageObject\",\"inLanguage\":\"tr\",\"@id\":\"https:\/\/www.electroluxprofessional.com\/tr\/hakkimizda\/#primaryimage\",\"url\":\"https:\/\/www.electroluxprofessional.com\/tr\/wp-content\/uploads\/2022\/07\/video-one-cover.jpg\",\"contentUrl\":\"https:\/\/www.electroluxprofessional.com\/tr\/wp-content\/uploads\/2022\/07\/video-one-cover.jpg\",\"width\":800,\"height\":500,\"caption\":\"Electrolux Professional, the OnE trusted partner\"},{\"@type\":\"BreadcrumbList\",\"@id\":\"https:\/\/www.electroluxprofessional.com\/tr\/hakkimizda\/#breadcrumb\",\"itemListElement\":[{\"@type\":\"ListItem\",\"position\":1,\"name\":\"Home\",\"item\":\"https:\/\/www.electroluxprofessional.com\/tr\/\"},{\"@type\":\"ListItem\",\"position\":2,\"name\":\"Hakk\u0131m\u0131zda\"}]},{\"@type\":\"WebSite\",\"@id\":\"https:\/\/www.electroluxprofessional.com\/tr\/#website\",\"url\":\"https:\/\/www.electroluxprofessional.com\/tr\/\",\"name\":\"Electrolux Professional T\u00fcrkiye\",\"description\":\"\",\"potentialAction\":[{\"@type\":\"SearchAction\",\"target\":{\"@type\":\"EntryPoint\",\"urlTemplate\":\"https:\/\/www.electroluxprofessional.com\/tr\/?src={search_term_string}\"},\"query-input\":\"required name=search_term_string\"}],\"inLanguage\":\"tr\"}]}<\/script>\n<!-- \/ Yoast SEO plugin. -->","yoast_head_json":{"title":"Hakk\u0131m\u0131zda - Electrolux Profesyonel","description":"Electrolux Professional ile i\u015f hayat\u0131n\u0131z\u0131 kolayla\u015ft\u0131r\u0131n: k\u00e2rl\u0131, s\u00fcrd\u00fcr\u00fclebilir \u00e7\u00f6z\u00fcmler sunan g\u00fcvenilir i\u015f orta\u011f\u0131n\u0131z.","robots":{"index":"index","follow":"follow","max-snippet":"max-snippet:-1","max-image-preview":"max-image-preview:large","max-video-preview":"max-video-preview:-1"},"canonical":"https:\/\/www.electroluxprofessional.com\/tr\/hakkimizda\/","og_locale":"tr_TR","og_type":"article","og_title":"Hakk\u0131m\u0131zda - Electrolux Profesyonel","og_description":"Electrolux Professional ile i\u015f hayat\u0131n\u0131z\u0131 kolayla\u015ft\u0131r\u0131n: k\u00e2rl\u0131, s\u00fcrd\u00fcr\u00fclebilir \u00e7\u00f6z\u00fcmler sunan g\u00fcvenilir i\u015f orta\u011f\u0131n\u0131z.","og_url":"https:\/\/www.electroluxprofessional.com\/tr\/hakkimizda\/","og_site_name":"Electrolux Professional T\u00fcrkiye","article_modified_time":"2025-11-03T07:15:13+00:00","og_image":[{"width":800,"height":500,"url":"https:\/\/www.electroluxprofessional.com\/tr\/wp-content\/uploads\/2022\/07\/video-one-cover.jpg","type":"image\/jpeg"}],"twitter_card":"summary_large_image","twitter_misc":{"Tahmini okuma s\u00fcresi":"2 dakika"},"schema":{"@context":"https:\/\/schema.org","@graph":[{"@type":"WebPage","@id":"https:\/\/www.electroluxprofessional.com\/tr\/hakkimizda\/","url":"https:\/\/www.electroluxprofessional.com\/tr\/hakkimizda\/","name":"Hakk\u0131m\u0131zda - Electrolux Profesyonel","isPartOf":{"@id":"https:\/\/www.electroluxprofessional.com\/tr\/#website"},"primaryImageOfPage":{"@id":"https:\/\/www.electroluxprofessional.com\/tr\/hakkimizda\/#primaryimage"},"image":{"@id":"https:\/\/www.electroluxprofessional.com\/tr\/hakkimizda\/#primaryimage"},"thumbnailUrl":"https:\/\/www.electroluxprofessional.com\/tr\/wp-content\/uploads\/2022\/07\/video-one-cover.jpg","datePublished":"2022-07-30T18:30:56+00:00","dateModified":"2025-11-03T07:15:13+00:00","description":"Electrolux Professional ile i\u015f hayat\u0131n\u0131z\u0131 kolayla\u015ft\u0131r\u0131n: k\u00e2rl\u0131, s\u00fcrd\u00fcr\u00fclebilir \u00e7\u00f6z\u00fcmler sunan g\u00fcvenilir i\u015f orta\u011f\u0131n\u0131z.","breadcrumb":{"@id":"https:\/\/www.electroluxprofessional.com\/tr\/hakkimizda\/#breadcrumb"},"inLanguage":"tr","potentialAction":[{"@type":"ReadAction","target":["https:\/\/www.electroluxprofessional.com\/tr\/hakkimizda\/"]}]},{"@type":"ImageObject","inLanguage":"tr","@id":"https:\/\/www.electroluxprofessional.com\/tr\/hakkimizda\/#primaryimage","url":"https:\/\/www.electroluxprofessional.com\/tr\/wp-content\/uploads\/2022\/07\/video-one-cover.jpg","contentUrl":"https:\/\/www.electroluxprofessional.com\/tr\/wp-content\/uploads\/2022\/07\/video-one-cover.jpg","width":800,"height":500,"caption":"Electrolux Professional, the OnE trusted partner"},{"@type":"BreadcrumbList","@id":"https:\/\/www.electroluxprofessional.com\/tr\/hakkimizda\/#breadcrumb","itemListElement":[{"@type":"ListItem","position":1,"name":"Home","item":"https:\/\/www.electroluxprofessional.com\/tr\/"},{"@type":"ListItem","position":2,"name":"Hakk\u0131m\u0131zda"}]},{"@type":"WebSite","@id":"https:\/\/www.electroluxprofessional.com\/tr\/#website","url":"https:\/\/www.electroluxprofessional.com\/tr\/","name":"Electrolux Professional T\u00fcrkiye","description":"","potentialAction":[{"@type":"SearchAction","target":{"@type":"EntryPoint","urlTemplate":"https:\/\/www.electroluxprofessional.com\/tr\/?src={search_term_string}"},"query-input":"required name=search_term_string"}],"inLanguage":"tr"}]}},"_links":{"self":[{"href":"https:\/\/www.electroluxprofessional.com\/tr\/wp-json\/wp\/v2\/pages\/14077"}],"collection":[{"href":"https:\/\/www.electroluxprofessional.com\/tr\/wp-json\/wp\/v2\/pages"}],"about":[{"href":"https:\/\/www.electroluxprofessional.com\/tr\/wp-json\/wp\/v2\/types\/page"}],"author":[{"embeddable":true,"href":"https:\/\/www.electroluxprofessional.com\/tr\/wp-json\/wp\/v2\/users\/40"}],"replies":[{"embeddable":true,"href":"https:\/\/www.electroluxprofessional.com\/tr\/wp-json\/wp\/v2\/comments?post=14077"}],"version-history":[{"count":9,"href":"https:\/\/www.electroluxprofessional.com\/tr\/wp-json\/wp\/v2\/pages\/14077\/revisions"}],"predecessor-version":[{"id":22875,"href":"https:\/\/www.electroluxprofessional.com\/tr\/wp-json\/wp\/v2\/pages\/14077\/revisions\/22875"}],"wp:featuredmedia":[{"embeddable":true,"href":"https:\/\/www.electroluxprofessional.com\/tr\/wp-json\/wp\/v2\/media\/14069"}],"wp:attachment":[{"href":"https:\/\/www.electroluxprofessional.com\/tr\/wp-json\/wp\/v2\/media?parent=14077"}],"curies":[{"name":"wp","href":"https:\/\/api.w.org\/{rel}","templated":true}]}}