{"id":13950,"date":"2022-05-16T07:23:32","date_gmt":"2022-05-16T07:23:32","guid":{"rendered":"https:\/\/www.electroluxprofessional.com\/tr\/?page_id=13950"},"modified":"2025-11-05T15:51:08","modified_gmt":"2025-11-05T15:51:08","slug":"aksesuarlar-ve-sarf-malzemeleri-kirec-cozucu-kimyasallar","status":"publish","type":"page","link":"https:\/\/www.electroluxprofessional.com\/tr\/aksesuarlar-sarf-malzemeleri\/aksesuarlar-ve-sarf-malzemeleri-kirec-cozucu-kimyasallar\/","title":{"rendered":"Aksesuarlar ve Sarf Malzemeleri &#8211; Kire\u00e7 \u00c7\u00f6z\u00fcc\u00fc Kimyasallar"},"content":{"rendered":"<p>[vc_row full_width=&#8221;electroluxpro-full-width-no-padding&#8221;][vc_column css=&#8221;.vc_custom_1618358802266{margin-top: -40px !important;border-top-width: -40px !important;padding-top: -40px !important;}&#8221;][elx_full_banner title=&#8221;Kire\u00e7 \u00c7\u00f6z\u00fcc\u00fc Kimyasallar&#8221; set_as_h1=&#8221;true&#8221; background_image_media_library=&#8221;13949&#8243; background_image_media_library_mobile=&#8221;35219&#8243; link=&#8221;url:%23contact|title:Daha%20fazla%20bilgi%20edinin&#8221;][vc_row_inner full_width=&#8221;electroluxpro-full-width&#8221; gap=&#8221;15&#8243;][vc_column_inner width=&#8221;1\/5&#8243;][elx_download_block text=&#8221;Koruma, sanitasyon ve temizlik katalo\u011fu i\u00e7in aksesuarlar&#8221; document_type=&#8221;cat&#8221; file_picker=&#8221;24892&#8243; background_color=&#8221;electrolux-blue&#8221; background_hover_color=&#8221;lighter-hover&#8221; ca_document_number=&#8221;CAT10&#8243;][\/vc_column_inner][vc_column_inner width=&#8221;1\/5&#8243;][elx_download_block text=&#8221;Yedek Par\u00e7a katalo\u011fu&#8221; document_type=&#8221;cat&#8221; file_picker=&#8221;24892&#8243; background_color=&#8221;electrolux-blue&#8221; background_hover_color=&#8221;lighter-hover&#8221; ca_document_number=&#8221;CAT7&#8243;][\/vc_column_inner][vc_column_inner width=&#8221;1\/5&#8243;][elx_download_block text=&#8221;Aksesuarlar ve Sarf Malzemeleri katalo\u011fu&#8221; document_type=&#8221;cat&#8221; file_picker=&#8221;24892&#8243; background_color=&#8221;electrolux-blue&#8221; background_hover_color=&#8221;lighter-hover&#8221; ca_document_number=&#8221;CAT8&#8243;][\/vc_column_inner][vc_column_inner width=&#8221;1\/5&#8243;][elx_download_block text=&#8221;Yedek Par\u00e7a Kitleri katalo\u011fu&#8221; document_type=&#8221;cat&#8221; file_picker=&#8221;24892&#8243; background_color=&#8221;electrolux-blue&#8221; background_hover_color=&#8221;lighter-hover&#8221; ca_document_number=&#8221;CAT9&#8243;][\/vc_column_inner][vc_column_inner width=&#8221;1\/5&#8243;][elx_download_block text=&#8221;Profesyonel temizlik deterjanlar\u0131 Se\u00e7im K\u0131lavuzu&#8221; file_picker=&#8221;35121&#8243; background_color=&#8221;electrolux-blue&#8221;][\/vc_column_inner][\/vc_row_inner][\/vc_column][\/vc_row][vc_row][vc_column][elx_menu][vc_empty_space][vc_empty_space][vc_empty_space][\/vc_column][\/vc_row][vc_row][vc_column][vc_row_inner][vc_column_inner width=&#8221;1\/2&#8243;][vc_single_image image=&#8221;13947&#8243; img_size=&#8221;medium&#8221; alignment=&#8221;center&#8221; css_animation=&#8221;none&#8221;][elx_shop_now button_text=&#8221;\u015eimdi sat\u0131n al&#8221; button_link=&#8221;url:https%3A%2F%2Fbuy.electroluxprofessional.com%2Felectrolux-professional%2Felx0s2362|title:Shop%20now&#8221;][\/vc_column_inner][vc_column_inner width=&#8221;1\/2&#8243;][elx_heading font_size=&#8221;h5&#8243; text_color=&#8221;inherit&#8221;]C30 \u00c7ok ama\u00e7l\u0131 Kire\u00e7 \u00c7\u00f6z\u00fcc\u00fc[\/elx_heading][vc_column_text]\u25ba Herhangi bir profesyonel ekipman\u0131n y\u0131kama cihazlar\u0131ndan ve boylerlerinden kaynaklanan tortular\u0131 ve kire\u00e7lenmeleri etkin bir \u015fekilde ortadan kald\u0131r\u0131r<br \/>\n\u25ba C30 \u00c7ok ama\u00e7l\u0131 kire\u00e7 \u00e7\u00f6z\u00fcc\u00fcn\u00fcn d\u00fczenli kullan\u0131m\u0131, ekipman\u0131n her zaman verimli olmas\u0131n\u0131 sa\u011flarken, do\u011fal a\u015f\u0131nma ve y\u0131pranmay\u0131 yava\u015flat\u0131r<br \/>\n\u25ba D\u00fc\u015f\u00fck k\u00f6p\u00fcklenme g\u00fcc\u00fc sayesinde, C30 \u00c7ok ama\u00e7l\u0131 kire\u00e7 \u00e7\u00f6z\u00fcc\u00fc, boylerlerin ve ekipman\u0131n otomatik kire\u00e7 \u00e7\u00f6zme cihaz\u0131 ile temizlenmesi i\u00e7in tavsiye edilir<br \/>\n\u25ba N\u00f6tr koku, kullan\u0131m\u0131n\u0131 daha keyifli hale getirir[\/vc_column_text][\/vc_column_inner][\/vc_row_inner][\/vc_column][vc_column][vc_empty_space][vc_row_inner][vc_column_inner width=&#8221;1\/2&#8243;][elx_heading font_size=&#8221;h5&#8243; text_color=&#8221;inherit&#8221;]C25 Parlat\u0131c\u0131 &amp; Kire\u00e7 \u00e7\u00f6zme tableti[\/elx_heading][vc_column_text]\u25ba Dahili otomatik y\u0131kama \u00f6zelli\u011fine sahip f\u0131r\u0131nlar i\u00e7in etkili durulama ve kire\u00e7 \u00e7\u00f6zme tableti.<br \/>\n\u25ba Kurutma makinesi tamburunun kirecini temizlemek i\u00e7in 1 tableti 1 litre suda eritin.<br \/>\n\u25ba H\u0131zl\u0131 kurutma i\u00e7in m\u00fckemmel parlayan hazne ve kire\u00e7ten ar\u0131nd\u0131r\u0131lm\u0131\u015f boylerle.<br \/>\n\u25ba D\u00fc\u015f\u00fck dozajlamada etkili konsantre form\u00fcl.<br \/>\n\u25ba Erken k\u0131r\u0131lma risksiz.<br \/>\n\u25ba Electrolux Professional laboratuvarlar\u0131nda yo\u011fun olarak test edilmi\u015ftir.<br \/>\n\u25ba 50 tabletli kova; her biri 30 gr.[\/vc_column_text][\/vc_column_inner][vc_column_inner width=&#8221;1\/2&#8243;][vc_empty_space][vc_single_image image=&#8221;13948&#8243; img_size=&#8221;medium&#8221; alignment=&#8221;center&#8221; css_animation=&#8221;none&#8221;][elx_shop_now button_text=&#8221;\u015eimdi sat\u0131n al&#8221; button_link=&#8221;url:https%3A%2F%2Fbuy.electroluxprofessional.com%2Felectrolux-professional%2Felx0s2394|title:shop%20now&#8221;][\/vc_column_inner][\/vc_row_inner][vc_empty_space][\/vc_column][\/vc_row][vc_row el_id=&#8221;contact&#8221;][vc_column][vc_empty_space][vc_empty_space][elx_heading font_container=&#8221;h3&#8243; text_color=&#8221;inherit&#8221;]Bula\u015f\u0131k y\u0131kama ekipman\u0131n\u0131z\u0131 nas\u0131l ki\u015fiselle\u015ftirece\u011finizi ke\u015ffedin[\/elx_heading][elx_o2000_contact_us s=&#8221;Request of information about accessories and consumables for dishwashing.&#8221; container=&#8221;elxcontactus1484553998&#8243; r=&#8221;Bula\u015f\u0131k y\u0131kama makineleri i\u00e7in aksesuarlar ve sarf malzemeleri hakk\u0131nda daha fazla bilgi almak istiyorum. L\u00fctfen benimle ileti\u015fime ge\u00e7iniz.&#8221;][\/vc_column][\/vc_row]<\/p>\n","protected":false},"excerpt":{"rendered":"<p>[vc_row full_width=&#8221;electroluxpro-full-width-no-padding&#8221;][vc_column css=&#8221;.vc_custom_1618358802266{margin-top: -40px !important;border-top-width: -40px !important;padding-top: -40px !important;}&#8221;][elx_full_banner title=&#8221;Kire\u00e7 \u00c7\u00f6z\u00fcc\u00fc Kimyasallar&#8221; set_as_h1=&#8221;true&#8221; background_image_media_library=&#8221;13949&#8243; background_image_media_library_mobile=&#8221;35219&#8243; link=&#8221;url:%23contact|title:Daha%20fazla%20bilgi%20edinin&#8221;][vc_row_inner full_width=&#8221;electroluxpro-full-width&#8221; gap=&#8221;15&#8243;][vc_column_inner width=&#8221;1\/5&#8243;][elx_download_block text=&#8221;Koruma, sanitasyon ve temizlik katalo\u011fu i\u00e7in aksesuarlar&#8221; document_type=&#8221;cat&#8221; file_picker=&#8221;24892&#8243; background_color=&#8221;electrolux-blue&#8221; background_hover_color=&#8221;lighter-hover&#8221; ca_document_number=&#8221;CAT10&#8243;][\/vc_column_inner][vc_column_inner width=&#8221;1\/5&#8243;][elx_download_block text=&#8221;Yedek Par\u00e7a katalo\u011fu&#8221; document_type=&#8221;cat&#8221; file_picker=&#8221;24892&#8243; background_color=&#8221;electrolux-blue&#8221; background_hover_color=&#8221;lighter-hover&#8221; ca_document_number=&#8221;CAT7&#8243;][\/vc_column_inner][vc_column_inner width=&#8221;1\/5&#8243;][elx_download_block text=&#8221;Aksesuarlar ve Sarf Malzemeleri katalo\u011fu&#8221; document_type=&#8221;cat&#8221; file_picker=&#8221;24892&#8243; background_color=&#8221;electrolux-blue&#8221; background_hover_color=&#8221;lighter-hover&#8221; ca_document_number=&#8221;CAT8&#8243;][\/vc_column_inner][vc_column_inner width=&#8221;1\/5&#8243;][elx_download_block text=&#8221;Yedek Par\u00e7a Kitleri [&hellip;]<\/p>\n","protected":false},"author":40,"featured_media":796,"parent":1371,"menu_order":0,"comment_status":"closed","ping_status":"closed","template":"","meta":{"footnotes":""},"class_list":["post-13950","page","type-page","status-publish","has-post-thumbnail","hentry"],"acf":[],"yoast_head":"<!-- This site is optimized with the Yoast SEO plugin v23.3 - https:\/\/yoast.com\/wordpress\/plugins\/seo\/ -->\n<title>Aksesuarlar ve Sarf Malzemeleri - Kire\u00e7 \u00c7\u00f6z\u00fcc\u00fc Kimyasallar - Electrolux Professional T\u00fcrkiye<\/title>\n<meta name=\"description\" content=\"Bula\u015f\u0131k makineleri i\u00e7in \u00f6zel deterjanlar, parlat\u0131c\u0131lar ve aksesuarlarla maksimum temizlik, performans ve d\u00fczen sa\u011flay\u0131n.\" \/>\n<meta name=\"robots\" content=\"index, follow, max-snippet:-1, max-image-preview:large, max-video-preview:-1\" \/>\n<link rel=\"canonical\" href=\"https:\/\/www.electroluxprofessional.com\/tr\/aksesuarlar-sarf-malzemeleri\/aksesuarlar-ve-sarf-malzemeleri-kirec-cozucu-kimyasallar\/\" \/>\n<meta property=\"og:locale\" content=\"tr_TR\" \/>\n<meta property=\"og:type\" content=\"article\" \/>\n<meta property=\"og:title\" content=\"Aksesuarlar ve Sarf Malzemeleri - Kire\u00e7 \u00c7\u00f6z\u00fcc\u00fc Kimyasallar - Electrolux Professional T\u00fcrkiye\" \/>\n<meta property=\"og:description\" content=\"Bula\u015f\u0131k makineleri i\u00e7in \u00f6zel deterjanlar, parlat\u0131c\u0131lar ve aksesuarlarla maksimum temizlik, performans ve d\u00fczen sa\u011flay\u0131n.\" \/>\n<meta property=\"og:url\" content=\"https:\/\/www.electroluxprofessional.com\/tr\/aksesuarlar-sarf-malzemeleri\/aksesuarlar-ve-sarf-malzemeleri-kirec-cozucu-kimyasallar\/\" \/>\n<meta property=\"og:site_name\" content=\"Electrolux Professional T\u00fcrkiye\" \/>\n<meta property=\"article:modified_time\" content=\"2025-11-05T15:51:08+00:00\" \/>\n<meta property=\"og:image\" content=\"https:\/\/www.electroluxprofessional.com\/tr\/wp-content\/uploads\/2016\/08\/detergent-washing-machine.jpg\" \/>\n\t<meta property=\"og:image:width\" content=\"750\" \/>\n\t<meta property=\"og:image:height\" content=\"617\" \/>\n\t<meta property=\"og:image:type\" content=\"image\/jpeg\" \/>\n<meta name=\"twitter:card\" content=\"summary_large_image\" \/>\n<meta name=\"twitter:label1\" content=\"Tahmini okuma s\u00fcresi\" \/>\n\t<meta name=\"twitter:data1\" content=\"2 dakika\" \/>\n<script type=\"application\/ld+json\" class=\"yoast-schema-graph\">{\"@context\":\"https:\/\/schema.org\",\"@graph\":[{\"@type\":\"WebPage\",\"@id\":\"https:\/\/www.electroluxprofessional.com\/tr\/aksesuarlar-sarf-malzemeleri\/aksesuarlar-ve-sarf-malzemeleri-kirec-cozucu-kimyasallar\/\",\"url\":\"https:\/\/www.electroluxprofessional.com\/tr\/aksesuarlar-sarf-malzemeleri\/aksesuarlar-ve-sarf-malzemeleri-kirec-cozucu-kimyasallar\/\",\"name\":\"Aksesuarlar ve Sarf Malzemeleri - Kire\u00e7 \u00c7\u00f6z\u00fcc\u00fc Kimyasallar - Electrolux Professional T\u00fcrkiye\",\"isPartOf\":{\"@id\":\"https:\/\/www.electroluxprofessional.com\/tr\/#website\"},\"primaryImageOfPage\":{\"@id\":\"https:\/\/www.electroluxprofessional.com\/tr\/aksesuarlar-sarf-malzemeleri\/aksesuarlar-ve-sarf-malzemeleri-kirec-cozucu-kimyasallar\/#primaryimage\"},\"image\":{\"@id\":\"https:\/\/www.electroluxprofessional.com\/tr\/aksesuarlar-sarf-malzemeleri\/aksesuarlar-ve-sarf-malzemeleri-kirec-cozucu-kimyasallar\/#primaryimage\"},\"thumbnailUrl\":\"https:\/\/www.electroluxprofessional.com\/tr\/wp-content\/uploads\/2016\/08\/detergent-washing-machine.jpg\",\"datePublished\":\"2022-05-16T07:23:32+00:00\",\"dateModified\":\"2025-11-05T15:51:08+00:00\",\"description\":\"Bula\u015f\u0131k makineleri i\u00e7in \u00f6zel deterjanlar, parlat\u0131c\u0131lar ve aksesuarlarla maksimum temizlik, performans ve d\u00fczen sa\u011flay\u0131n.\",\"breadcrumb\":{\"@id\":\"https:\/\/www.electroluxprofessional.com\/tr\/aksesuarlar-sarf-malzemeleri\/aksesuarlar-ve-sarf-malzemeleri-kirec-cozucu-kimyasallar\/#breadcrumb\"},\"inLanguage\":\"tr\",\"potentialAction\":[{\"@type\":\"ReadAction\",\"target\":[\"https:\/\/www.electroluxprofessional.com\/tr\/aksesuarlar-sarf-malzemeleri\/aksesuarlar-ve-sarf-malzemeleri-kirec-cozucu-kimyasallar\/\"]}]},{\"@type\":\"ImageObject\",\"inLanguage\":\"tr\",\"@id\":\"https:\/\/www.electroluxprofessional.com\/tr\/aksesuarlar-sarf-malzemeleri\/aksesuarlar-ve-sarf-malzemeleri-kirec-cozucu-kimyasallar\/#primaryimage\",\"url\":\"https:\/\/www.electroluxprofessional.com\/tr\/wp-content\/uploads\/2016\/08\/detergent-washing-machine.jpg\",\"contentUrl\":\"https:\/\/www.electroluxprofessional.com\/tr\/wp-content\/uploads\/2016\/08\/detergent-washing-machine.jpg\",\"width\":750,\"height\":617,\"caption\":\"dishwasher rinse\"},{\"@type\":\"BreadcrumbList\",\"@id\":\"https:\/\/www.electroluxprofessional.com\/tr\/aksesuarlar-sarf-malzemeleri\/aksesuarlar-ve-sarf-malzemeleri-kirec-cozucu-kimyasallar\/#breadcrumb\",\"itemListElement\":[{\"@type\":\"ListItem\",\"position\":1,\"name\":\"Home\",\"item\":\"https:\/\/www.electroluxprofessional.com\/tr\/\"},{\"@type\":\"ListItem\",\"position\":2,\"name\":\"Aksesuarlar ve Sarf Malzemeleri\",\"item\":\"https:\/\/www.electroluxprofessional.com\/tr\/aksesuarlar-sarf-malzemeleri\/\"},{\"@type\":\"ListItem\",\"position\":3,\"name\":\"Aksesuarlar ve Sarf Malzemeleri &#8211; Kire\u00e7 \u00c7\u00f6z\u00fcc\u00fc Kimyasallar\"}]},{\"@type\":\"WebSite\",\"@id\":\"https:\/\/www.electroluxprofessional.com\/tr\/#website\",\"url\":\"https:\/\/www.electroluxprofessional.com\/tr\/\",\"name\":\"Electrolux Professional T\u00fcrkiye\",\"description\":\"\",\"potentialAction\":[{\"@type\":\"SearchAction\",\"target\":{\"@type\":\"EntryPoint\",\"urlTemplate\":\"https:\/\/www.electroluxprofessional.com\/tr\/?src={search_term_string}\"},\"query-input\":\"required name=search_term_string\"}],\"inLanguage\":\"tr\"}]}<\/script>\n<!-- \/ Yoast SEO plugin. -->","yoast_head_json":{"title":"Aksesuarlar ve Sarf Malzemeleri - Kire\u00e7 \u00c7\u00f6z\u00fcc\u00fc Kimyasallar - Electrolux Professional T\u00fcrkiye","description":"Bula\u015f\u0131k makineleri i\u00e7in \u00f6zel deterjanlar, parlat\u0131c\u0131lar ve aksesuarlarla maksimum temizlik, performans ve d\u00fczen sa\u011flay\u0131n.","robots":{"index":"index","follow":"follow","max-snippet":"max-snippet:-1","max-image-preview":"max-image-preview:large","max-video-preview":"max-video-preview:-1"},"canonical":"https:\/\/www.electroluxprofessional.com\/tr\/aksesuarlar-sarf-malzemeleri\/aksesuarlar-ve-sarf-malzemeleri-kirec-cozucu-kimyasallar\/","og_locale":"tr_TR","og_type":"article","og_title":"Aksesuarlar ve Sarf Malzemeleri - Kire\u00e7 \u00c7\u00f6z\u00fcc\u00fc Kimyasallar - Electrolux Professional T\u00fcrkiye","og_description":"Bula\u015f\u0131k makineleri i\u00e7in \u00f6zel deterjanlar, parlat\u0131c\u0131lar ve aksesuarlarla maksimum temizlik, performans ve d\u00fczen sa\u011flay\u0131n.","og_url":"https:\/\/www.electroluxprofessional.com\/tr\/aksesuarlar-sarf-malzemeleri\/aksesuarlar-ve-sarf-malzemeleri-kirec-cozucu-kimyasallar\/","og_site_name":"Electrolux Professional T\u00fcrkiye","article_modified_time":"2025-11-05T15:51:08+00:00","og_image":[{"width":750,"height":617,"url":"https:\/\/www.electroluxprofessional.com\/tr\/wp-content\/uploads\/2016\/08\/detergent-washing-machine.jpg","type":"image\/jpeg"}],"twitter_card":"summary_large_image","twitter_misc":{"Tahmini okuma s\u00fcresi":"2 dakika"},"schema":{"@context":"https:\/\/schema.org","@graph":[{"@type":"WebPage","@id":"https:\/\/www.electroluxprofessional.com\/tr\/aksesuarlar-sarf-malzemeleri\/aksesuarlar-ve-sarf-malzemeleri-kirec-cozucu-kimyasallar\/","url":"https:\/\/www.electroluxprofessional.com\/tr\/aksesuarlar-sarf-malzemeleri\/aksesuarlar-ve-sarf-malzemeleri-kirec-cozucu-kimyasallar\/","name":"Aksesuarlar ve Sarf Malzemeleri - Kire\u00e7 \u00c7\u00f6z\u00fcc\u00fc Kimyasallar - Electrolux Professional T\u00fcrkiye","isPartOf":{"@id":"https:\/\/www.electroluxprofessional.com\/tr\/#website"},"primaryImageOfPage":{"@id":"https:\/\/www.electroluxprofessional.com\/tr\/aksesuarlar-sarf-malzemeleri\/aksesuarlar-ve-sarf-malzemeleri-kirec-cozucu-kimyasallar\/#primaryimage"},"image":{"@id":"https:\/\/www.electroluxprofessional.com\/tr\/aksesuarlar-sarf-malzemeleri\/aksesuarlar-ve-sarf-malzemeleri-kirec-cozucu-kimyasallar\/#primaryimage"},"thumbnailUrl":"https:\/\/www.electroluxprofessional.com\/tr\/wp-content\/uploads\/2016\/08\/detergent-washing-machine.jpg","datePublished":"2022-05-16T07:23:32+00:00","dateModified":"2025-11-05T15:51:08+00:00","description":"Bula\u015f\u0131k makineleri i\u00e7in \u00f6zel deterjanlar, parlat\u0131c\u0131lar ve aksesuarlarla maksimum temizlik, performans ve d\u00fczen sa\u011flay\u0131n.","breadcrumb":{"@id":"https:\/\/www.electroluxprofessional.com\/tr\/aksesuarlar-sarf-malzemeleri\/aksesuarlar-ve-sarf-malzemeleri-kirec-cozucu-kimyasallar\/#breadcrumb"},"inLanguage":"tr","potentialAction":[{"@type":"ReadAction","target":["https:\/\/www.electroluxprofessional.com\/tr\/aksesuarlar-sarf-malzemeleri\/aksesuarlar-ve-sarf-malzemeleri-kirec-cozucu-kimyasallar\/"]}]},{"@type":"ImageObject","inLanguage":"tr","@id":"https:\/\/www.electroluxprofessional.com\/tr\/aksesuarlar-sarf-malzemeleri\/aksesuarlar-ve-sarf-malzemeleri-kirec-cozucu-kimyasallar\/#primaryimage","url":"https:\/\/www.electroluxprofessional.com\/tr\/wp-content\/uploads\/2016\/08\/detergent-washing-machine.jpg","contentUrl":"https:\/\/www.electroluxprofessional.com\/tr\/wp-content\/uploads\/2016\/08\/detergent-washing-machine.jpg","width":750,"height":617,"caption":"dishwasher rinse"},{"@type":"BreadcrumbList","@id":"https:\/\/www.electroluxprofessional.com\/tr\/aksesuarlar-sarf-malzemeleri\/aksesuarlar-ve-sarf-malzemeleri-kirec-cozucu-kimyasallar\/#breadcrumb","itemListElement":[{"@type":"ListItem","position":1,"name":"Home","item":"https:\/\/www.electroluxprofessional.com\/tr\/"},{"@type":"ListItem","position":2,"name":"Aksesuarlar ve Sarf Malzemeleri","item":"https:\/\/www.electroluxprofessional.com\/tr\/aksesuarlar-sarf-malzemeleri\/"},{"@type":"ListItem","position":3,"name":"Aksesuarlar ve Sarf Malzemeleri &#8211; Kire\u00e7 \u00c7\u00f6z\u00fcc\u00fc Kimyasallar"}]},{"@type":"WebSite","@id":"https:\/\/www.electroluxprofessional.com\/tr\/#website","url":"https:\/\/www.electroluxprofessional.com\/tr\/","name":"Electrolux Professional T\u00fcrkiye","description":"","potentialAction":[{"@type":"SearchAction","target":{"@type":"EntryPoint","urlTemplate":"https:\/\/www.electroluxprofessional.com\/tr\/?src={search_term_string}"},"query-input":"required name=search_term_string"}],"inLanguage":"tr"}]}},"_links":{"self":[{"href":"https:\/\/www.electroluxprofessional.com\/tr\/wp-json\/wp\/v2\/pages\/13950"}],"collection":[{"href":"https:\/\/www.electroluxprofessional.com\/tr\/wp-json\/wp\/v2\/pages"}],"about":[{"href":"https:\/\/www.electroluxprofessional.com\/tr\/wp-json\/wp\/v2\/types\/page"}],"author":[{"embeddable":true,"href":"https:\/\/www.electroluxprofessional.com\/tr\/wp-json\/wp\/v2\/users\/40"}],"replies":[{"embeddable":true,"href":"https:\/\/www.electroluxprofessional.com\/tr\/wp-json\/wp\/v2\/comments?post=13950"}],"version-history":[{"count":10,"href":"https:\/\/www.electroluxprofessional.com\/tr\/wp-json\/wp\/v2\/pages\/13950\/revisions"}],"predecessor-version":[{"id":22929,"href":"https:\/\/www.electroluxprofessional.com\/tr\/wp-json\/wp\/v2\/pages\/13950\/revisions\/22929"}],"up":[{"embeddable":true,"href":"https:\/\/www.electroluxprofessional.com\/tr\/wp-json\/wp\/v2\/pages\/1371"}],"wp:featuredmedia":[{"embeddable":true,"href":"https:\/\/www.electroluxprofessional.com\/tr\/wp-json\/wp\/v2\/media\/796"}],"wp:attachment":[{"href":"https:\/\/www.electroluxprofessional.com\/tr\/wp-json\/wp\/v2\/media?parent=13950"}],"curies":[{"name":"wp","href":"https:\/\/api.w.org\/{rel}","templated":true}]}}