{"id":1371,"date":"2016-08-25T08:47:14","date_gmt":"2016-08-25T08:47:14","guid":{"rendered":"https:\/\/www.electroluxprofessional.com\/?page_id=2876"},"modified":"2025-07-29T07:43:21","modified_gmt":"2025-07-29T07:43:21","slug":"aksesuarlar-sarf-malzemeleri","status":"publish","type":"page","link":"https:\/\/www.electroluxprofessional.com\/tr\/aksesuarlar-sarf-malzemeleri\/","title":{"rendered":"Aksesuarlar ve Sarf Malzemeleri"},"content":{"rendered":"<p>[vc_row full_width=&#8221;electroluxpro-full-width-no-padding&#8221;][vc_column][elx_image_block background_image=&#8221;4497&#8243; minimum_height=&#8221;400px&#8221;][\/vc_column][\/vc_row][vc_row][vc_column][elx_heading font_container=&#8221;h1&#8243; font_size=&#8221;h3&#8243; text_color=&#8221;inherit&#8221; text_align=&#8221;text-center&#8221;]Aksesuarlar &amp; Sarf Malzemeleri[\/elx_heading][vc_column_text]<\/p>\n<p style=\"text-align: center;\">Electrolux Professional orijinal aksesuar ve sarf malzemeleri, uzmanlar taraf\u0131ndan test edilmi\u015ftir. Cihazlar\u0131n\u0131z\u0131n performans\u0131n\u0131, dayan\u0131kl\u0131l\u0131\u011f\u0131n\u0131 ve verimlili\u011fini art\u0131rarak i\u015finize katma de\u011fer sa\u011flar. <strong>En y\u00fcksek kalite ve k\u00e2rl\u0131l\u0131k i\u00e7in orijinal \u00fcr\u00fcnleri tercih edin.<\/strong><\/p>\n<p>[\/vc_column_text][vc_empty_space][\/vc_column][\/vc_row][vc_row css=&#8221;.vc_custom_1523535531732{background-color: #f4f4f4 !important;}&#8221;][vc_column width=&#8221;1\/3&#8243;][vc_empty_space][elx_simple_link_block link=&#8221;url:https%3A%2F%2Fwww.electroluxprofessional.com%2Ftr%2Faksesuarlar-sarf-malzemeleri%2Fmoduler-pisirme%2F|title:Modular%20cooking||&#8221; text_align=&#8221;text-left&#8221; text_color=&#8221;inherit&#8221; background_color=&#8221;inherit&#8221; background_hover_color=&#8221;darker-hover&#8221; extra_class=&#8221;&#8221; reveal_effect=&#8221;&#8221; reveal_duration=&#8221;&#8221; reveal_delay=&#8221;&#8221;][vc_single_image image=&#8221;4498&#8243; img_size=&#8221;360*120&#8243;][elx_heading font_size=&#8221;h5&#8243; text_color=&#8221;inherit&#8221;]Mod\u00fcler pi\u015firme[\/elx_heading][vc_column_text]Makarna pi\u015firiciler, s\u0131cak y\u00fczeyler, \u0131zgaralar ve frit\u00f6zler i\u00e7in profesyonel ya\u011f \u00e7\u00f6z\u00fcc\u00fcler[\/vc_column_text][\/elx_simple_link_block][\/vc_column][vc_column width=&#8221;1\/3&#8243;][vc_empty_space][elx_simple_link_block link=&#8221;url:https%3A%2F%2Fwww.electroluxprofessional.com%2Ftr%2Faksesuarlar-sarf-malzemeleri%2Faksesuarlar-ve-sarf-malzemeleri-speedelight%2F|title:SpeeDelight&#8221; text_align=&#8221;text-left&#8221; text_color=&#8221;inherit&#8221; background_color=&#8221;inherit&#8221; background_hover_color=&#8221;darker-hover&#8221; extra_class=&#8221;&#8221; reveal_effect=&#8221;&#8221; reveal_duration=&#8221;&#8221; reveal_delay=&#8221;&#8221;][vc_single_image image=&#8221;14228&#8243; img_size=&#8221;360*120&#8243;][elx_heading font_size=&#8221;h5&#8243; text_color=&#8221;inherit&#8221;]SpeeDelight Y\u00fcksek H\u0131zl\u0131 Pi\u015firme Cihaz\u0131[\/elx_heading][vc_column_text]SpeeDelight&#8217;\u0131n\u0131z\u0131 zirvede tutun ki en iyi yapt\u0131\u011f\u0131 \u015feyi yapabilsin.[\/vc_column_text][\/elx_simple_link_block][\/vc_column][vc_column width=&#8221;1\/3&#8243;][vc_empty_space][elx_simple_link_block link=&#8221;url:https%3A%2F%2Fwww.electroluxprofessional.com%2Ftr%2Faksesuarlar-sarf-malzemeleri%2Faksesuarlar-sarf-malzemeleri-pisir-ve-sogut%2F|title:Cook%20%26%20Chill&#8221; text_align=&#8221;text-left&#8221; text_color=&#8221;inherit&#8221; background_color=&#8221;inherit&#8221; background_hover_color=&#8221;darker-hover&#8221; extra_class=&#8221;&#8221; reveal_effect=&#8221;&#8221; reveal_duration=&#8221;&#8221; reveal_delay=&#8221;&#8221;][vc_single_image image=&#8221;19456&#8243; img_size=&#8221;360*120&#8243;][elx_heading font_size=&#8221;h5&#8243; text_color=&#8221;inherit&#8221;]Pi\u015fir &amp; So\u011fut \u201cCook &amp; Chill\u201d[\/elx_heading][vc_column_text]Izgaralar, filtreler, sous-vide pi\u015firme, t\u00fcts\u00fcleme ekipmanlar\u0131 ve daha fazlas\u0131.[\/vc_column_text][\/elx_simple_link_block][\/vc_column][\/vc_row][vc_row css=&#8221;.vc_custom_1523535559178{background-color: #f4f4f4 !important;}&#8221;][vc_column width=&#8221;1\/3&#8243;][elx_simple_link_block link=&#8221;url:https%3A%2F%2Fwww.electroluxprofessional.com%2Ftr%2Faksesuarlar-sarf-malzemeleri%2Faksesuarlar-ve-sarf-malzemeler-koruma%2F|title:Refrigeration&#8221; text_align=&#8221;text-left&#8221; text_color=&#8221;inherit&#8221; background_color=&#8221;inherit&#8221; background_hover_color=&#8221;darker-hover&#8221; extra_class=&#8221;&#8221; reveal_effect=&#8221;&#8221; reveal_duration=&#8221;&#8221; reveal_delay=&#8221;&#8221;][vc_single_image image=&#8221;17757&#8243; img_size=&#8221;360*120&#8243;][elx_heading font_size=&#8221;h5&#8243; text_color=&#8221;inherit&#8221;]So\u011futucular[\/elx_heading][vc_column_text]So\u011futucu aksesuarlar\u0131, yiyecekleri saklamak i\u00e7in mutfa\u011f\u0131n\u0131zdaki en de\u011ferli varl\u0131klard\u0131r.[\/vc_column_text][\/elx_simple_link_block][\/vc_column][vc_column width=&#8221;1\/3&#8243;][elx_simple_link_block link=&#8221;url:https%3A%2F%2Fwww.electroluxprofessional.com%2Ftr%2Faksesuarlar-sarf-malzemeleri%2Faksesuarlar-ve-sarf-malzemeleri-bulasikhane-ekipmanlari%2F|title:Dishwashing%20equipment&#8221; text_align=&#8221;text-left&#8221; text_color=&#8221;inherit&#8221; background_color=&#8221;inherit&#8221; background_hover_color=&#8221;darker-hover&#8221; extra_class=&#8221;&#8221; reveal_effect=&#8221;&#8221; reveal_duration=&#8221;&#8221; reveal_delay=&#8221;&#8221;][vc_single_image image=&#8221;14389&#8243; img_size=&#8221;360*120&#8243;][elx_heading font_size=&#8221;h5&#8243; text_color=&#8221;inherit&#8221;]Bula\u015f\u0131khane[\/elx_heading][vc_column_text]Bula\u015f\u0131k y\u0131kama alan\u0131n\u0131z\u0131 tamamlamak i\u00e7in geni\u015f aksesuar se\u00e7eneklerimiz aras\u0131ndan se\u00e7im yap\u0131n.[\/vc_column_text][\/elx_simple_link_block][\/vc_column][vc_column width=&#8221;1\/3&#8243;][elx_simple_link_block link=&#8221;url:https%3A%2F%2Fwww.electroluxprofessional.com%2Ftr%2Faksesuarlar-sarf-malzemeleri%2Faksesuarlar-ve-sarf-malzemeleri-kirec-cozucu-kimyasallar%2F|title:Kire%C3%A7%20%C3%87%C3%B6z%C3%BCc%C3%BC%20Kimyasallar&#8221; text_align=&#8221;text-left&#8221; text_color=&#8221;inherit&#8221; background_color=&#8221;inherit&#8221; background_hover_color=&#8221;darker-hover&#8221; extra_class=&#8221;&#8221; reveal_effect=&#8221;&#8221; reveal_duration=&#8221;&#8221; reveal_delay=&#8221;&#8221;][vc_single_image image=&#8221;13949&#8243; img_size=&#8221;360*120&#8243;][elx_heading font_size=&#8221;h5&#8243; text_color=&#8221;inherit&#8221;]Kire\u00e7 \u00c7\u00f6z\u00fcc\u00fc Kimyasallar[\/elx_heading][vc_column_text]Kire\u00e7 \u00e7\u00f6z\u00fcc\u00fc kimyasallar, ekipmanlar\u0131n\u0131z\u0131 kire\u00e7ten ar\u0131nd\u0131rarak \u00f6mr\u00fcn\u00fc uzat\u0131r, enerji verimlili\u011fini art\u0131r\u0131r.[\/vc_column_text][\/elx_simple_link_block][\/vc_column][\/vc_row][vc_row css=&#8221;.vc_custom_1523535559178{background-color: #f4f4f4 !important;}&#8221;][vc_column width=&#8221;1\/3&#8243;][\/vc_column][vc_column width=&#8221;1\/3&#8243; content_position=&#8221;center&#8221;][elx_simple_link_block link=&#8221;url:https%3A%2F%2Fwww.electroluxprofessional.com%2Ftr%2Faksesuarlar-sarf-malzemeleri%2Faksesuarlar-ve-sarf-malzemeleri-camasirhane%2F|title:Laundry&#8221; text_align=&#8221;text-left&#8221; text_color=&#8221;inherit&#8221; background_color=&#8221;inherit&#8221; background_hover_color=&#8221;darker-hover&#8221; extra_class=&#8221;&#8221; reveal_effect=&#8221;&#8221; reveal_duration=&#8221;&#8221; reveal_delay=&#8221;&#8221;][vc_single_image image=&#8221;21273&#8243; img_size=&#8221;360*120&#8243;][elx_heading font_size=&#8221;h5&#8243; text_color=&#8221;inherit&#8221;]\u00c7ama\u015f\u0131rhane[\/elx_heading][vc_column_text]Ba\u015far\u0131l\u0131 bir \u00e7ama\u015f\u0131rhane i\u00e7in k\u00fc\u00e7\u00fck \u015feylerin de planland\u0131\u011f\u0131 gibi i\u015flemesi \u00f6nemlidir.[\/vc_column_text][\/elx_simple_link_block][\/vc_column][vc_column width=&#8221;1\/3&#8243;][\/vc_column][\/vc_row][vc_row][vc_column][vc_empty_space][elx_heading font_container=&#8221;h3&#8243; text_color=&#8221;inherit&#8221; text_align=&#8221;text-center&#8221;]Aksesuarlar &#038; Sarf Malzemeleri Hakk\u0131nda Daha Fazlas\u0131n\u0131 Ke\u015ffedin[\/elx_heading][elx_o2000_contact_us s=&#8221;Aksesuarlar ve Sarf Malzemeleri hakk\u0131nda bilgi talebi.&#8221; country=&#8221;Turkey&#8221; container=&#8221;elxcontactus1484303211&#8243; r=&#8221;Aksesuarlar ve Sarf Malzemeleri hakk\u0131nda daha fazla bilgi almak istiyorum. L\u00fctfen benimle ileti\u015fime ge\u00e7iniz.&#8221; e=&#8221;sebla.genc@electrolux.com&#8221; l=&#8221;tr&#8221;][\/vc_column][\/vc_row]<\/p>\n","protected":false},"excerpt":{"rendered":"<p>[vc_row full_width=&#8221;electroluxpro-full-width-no-padding&#8221;][vc_column][elx_image_block background_image=&#8221;4497&#8243; minimum_height=&#8221;400px&#8221;][\/vc_column][\/vc_row][vc_row][vc_column][elx_heading font_container=&#8221;h1&#8243; font_size=&#8221;h3&#8243; text_color=&#8221;inherit&#8221; text_align=&#8221;text-center&#8221;]Aksesuarlar &amp; Sarf Malzemeleri[\/elx_heading][vc_column_text] Electrolux Professional orijinal aksesuar ve sarf malzemeleri, uzmanlar taraf\u0131ndan test edilmi\u015ftir. Cihazlar\u0131n\u0131z\u0131n performans\u0131n\u0131, dayan\u0131kl\u0131l\u0131\u011f\u0131n\u0131 ve verimlili\u011fini art\u0131rarak i\u015finize katma de\u011fer sa\u011flar. En y\u00fcksek kalite ve k\u00e2rl\u0131l\u0131k i\u00e7in orijinal \u00fcr\u00fcnleri tercih edin. [\/vc_column_text][vc_empty_space][\/vc_column][\/vc_row][vc_row css=&#8221;.vc_custom_1523535531732{background-color: #f4f4f4 !important;}&#8221;][vc_column width=&#8221;1\/3&#8243;][vc_empty_space][elx_simple_link_block link=&#8221;url:https%3A%2F%2Fwww.electroluxprofessional.com%2Ftr%2Faksesuarlar-sarf-malzemeleri%2Fmoduler-pisirme%2F|title:Modular%20cooking||&#8221; text_align=&#8221;text-left&#8221; text_color=&#8221;inherit&#8221; background_color=&#8221;inherit&#8221; background_hover_color=&#8221;darker-hover&#8221; extra_class=&#8221;&#8221; reveal_effect=&#8221;&#8221; reveal_duration=&#8221;&#8221; [&hellip;]<\/p>\n","protected":false},"author":3,"featured_media":335,"parent":0,"menu_order":0,"comment_status":"closed","ping_status":"closed","template":"","meta":{"footnotes":""},"class_list":["post-1371","page","type-page","status-publish","has-post-thumbnail","hentry"],"acf":[],"yoast_head":"<!-- This site is optimized with the Yoast SEO plugin v23.3 - https:\/\/yoast.com\/wordpress\/plugins\/seo\/ -->\n<title>Aksesuarlar ve Sarf Malzemeleri - Electrolux Professional<\/title>\n<meta name=\"description\" content=\"Orijinal aksesuarlar ve sarf malzemeleri, ar\u0131za s\u00fcresini azalt\u0131r, performans\u0131 art\u0131r\u0131r, k\u00e2rl\u0131l\u0131\u011f\u0131n\u0131z\u0131 en \u00fcst seviyeye ta\u015f\u0131r.\" \/>\n<meta name=\"robots\" content=\"index, follow, max-snippet:-1, max-image-preview:large, max-video-preview:-1\" \/>\n<link rel=\"canonical\" href=\"https:\/\/www.electroluxprofessional.com\/tr\/aksesuarlar-sarf-malzemeleri\/\" \/>\n<meta property=\"og:locale\" content=\"tr_TR\" \/>\n<meta property=\"og:type\" content=\"article\" \/>\n<meta property=\"og:title\" content=\"Aksesuarlar ve Sarf Malzemeleri - Electrolux Professional\" \/>\n<meta property=\"og:description\" content=\"Orijinal aksesuarlar ve sarf malzemeleri, ar\u0131za s\u00fcresini azalt\u0131r, performans\u0131 art\u0131r\u0131r, k\u00e2rl\u0131l\u0131\u011f\u0131n\u0131z\u0131 en \u00fcst seviyeye ta\u015f\u0131r.\" \/>\n<meta property=\"og:url\" content=\"https:\/\/www.electroluxprofessional.com\/tr\/aksesuarlar-sarf-malzemeleri\/\" \/>\n<meta property=\"og:site_name\" content=\"Electrolux Professional T\u00fcrkiye\" \/>\n<meta property=\"article:modified_time\" content=\"2025-07-29T07:43:21+00:00\" \/>\n<meta property=\"og:image\" content=\"https:\/\/www.electroluxprofessional.com\/tr\/wp-content\/uploads\/2016\/11\/IMG_9959-as-Smart-Object-1.jpg\" \/>\n\t<meta property=\"og:image:width\" content=\"3244\" \/>\n\t<meta property=\"og:image:height\" content=\"4325\" \/>\n\t<meta property=\"og:image:type\" content=\"image\/jpeg\" \/>\n<meta name=\"twitter:card\" content=\"summary_large_image\" \/>\n<meta name=\"twitter:label1\" content=\"Tahmini okuma s\u00fcresi\" \/>\n\t<meta name=\"twitter:data1\" content=\"2 dakika\" \/>\n<script type=\"application\/ld+json\" class=\"yoast-schema-graph\">{\"@context\":\"https:\/\/schema.org\",\"@graph\":[{\"@type\":\"WebPage\",\"@id\":\"https:\/\/www.electroluxprofessional.com\/tr\/aksesuarlar-sarf-malzemeleri\/\",\"url\":\"https:\/\/www.electroluxprofessional.com\/tr\/aksesuarlar-sarf-malzemeleri\/\",\"name\":\"Aksesuarlar ve Sarf Malzemeleri - Electrolux Professional\",\"isPartOf\":{\"@id\":\"https:\/\/www.electroluxprofessional.com\/tr\/#website\"},\"primaryImageOfPage\":{\"@id\":\"https:\/\/www.electroluxprofessional.com\/tr\/aksesuarlar-sarf-malzemeleri\/#primaryimage\"},\"image\":{\"@id\":\"https:\/\/www.electroluxprofessional.com\/tr\/aksesuarlar-sarf-malzemeleri\/#primaryimage\"},\"thumbnailUrl\":\"https:\/\/www.electroluxprofessional.com\/tr\/wp-content\/uploads\/2016\/11\/IMG_9959-as-Smart-Object-1.jpg\",\"datePublished\":\"2016-08-25T08:47:14+00:00\",\"dateModified\":\"2025-07-29T07:43:21+00:00\",\"description\":\"Orijinal aksesuarlar ve sarf malzemeleri, ar\u0131za s\u00fcresini azalt\u0131r, performans\u0131 art\u0131r\u0131r, k\u00e2rl\u0131l\u0131\u011f\u0131n\u0131z\u0131 en \u00fcst seviyeye ta\u015f\u0131r.\",\"breadcrumb\":{\"@id\":\"https:\/\/www.electroluxprofessional.com\/tr\/aksesuarlar-sarf-malzemeleri\/#breadcrumb\"},\"inLanguage\":\"tr\",\"potentialAction\":[{\"@type\":\"ReadAction\",\"target\":[\"https:\/\/www.electroluxprofessional.com\/tr\/aksesuarlar-sarf-malzemeleri\/\"]}]},{\"@type\":\"ImageObject\",\"inLanguage\":\"tr\",\"@id\":\"https:\/\/www.electroluxprofessional.com\/tr\/aksesuarlar-sarf-malzemeleri\/#primaryimage\",\"url\":\"https:\/\/www.electroluxprofessional.com\/tr\/wp-content\/uploads\/2016\/11\/IMG_9959-as-Smart-Object-1.jpg\",\"contentUrl\":\"https:\/\/www.electroluxprofessional.com\/tr\/wp-content\/uploads\/2016\/11\/IMG_9959-as-Smart-Object-1.jpg\",\"width\":3244,\"height\":4325,\"caption\":\"Eataly - Expo 2015\"},{\"@type\":\"BreadcrumbList\",\"@id\":\"https:\/\/www.electroluxprofessional.com\/tr\/aksesuarlar-sarf-malzemeleri\/#breadcrumb\",\"itemListElement\":[{\"@type\":\"ListItem\",\"position\":1,\"name\":\"Home\",\"item\":\"https:\/\/www.electroluxprofessional.com\/tr\/\"},{\"@type\":\"ListItem\",\"position\":2,\"name\":\"Aksesuarlar ve Sarf Malzemeleri\"}]},{\"@type\":\"WebSite\",\"@id\":\"https:\/\/www.electroluxprofessional.com\/tr\/#website\",\"url\":\"https:\/\/www.electroluxprofessional.com\/tr\/\",\"name\":\"Electrolux Professional T\u00fcrkiye\",\"description\":\"\",\"potentialAction\":[{\"@type\":\"SearchAction\",\"target\":{\"@type\":\"EntryPoint\",\"urlTemplate\":\"https:\/\/www.electroluxprofessional.com\/tr\/?src={search_term_string}\"},\"query-input\":\"required name=search_term_string\"}],\"inLanguage\":\"tr\"}]}<\/script>\n<!-- \/ Yoast SEO plugin. -->","yoast_head_json":{"title":"Aksesuarlar ve Sarf Malzemeleri - Electrolux Professional","description":"Orijinal aksesuarlar ve sarf malzemeleri, ar\u0131za s\u00fcresini azalt\u0131r, performans\u0131 art\u0131r\u0131r, k\u00e2rl\u0131l\u0131\u011f\u0131n\u0131z\u0131 en \u00fcst seviyeye ta\u015f\u0131r.","robots":{"index":"index","follow":"follow","max-snippet":"max-snippet:-1","max-image-preview":"max-image-preview:large","max-video-preview":"max-video-preview:-1"},"canonical":"https:\/\/www.electroluxprofessional.com\/tr\/aksesuarlar-sarf-malzemeleri\/","og_locale":"tr_TR","og_type":"article","og_title":"Aksesuarlar ve Sarf Malzemeleri - Electrolux Professional","og_description":"Orijinal aksesuarlar ve sarf malzemeleri, ar\u0131za s\u00fcresini azalt\u0131r, performans\u0131 art\u0131r\u0131r, k\u00e2rl\u0131l\u0131\u011f\u0131n\u0131z\u0131 en \u00fcst seviyeye ta\u015f\u0131r.","og_url":"https:\/\/www.electroluxprofessional.com\/tr\/aksesuarlar-sarf-malzemeleri\/","og_site_name":"Electrolux Professional T\u00fcrkiye","article_modified_time":"2025-07-29T07:43:21+00:00","og_image":[{"width":3244,"height":4325,"url":"https:\/\/www.electroluxprofessional.com\/tr\/wp-content\/uploads\/2016\/11\/IMG_9959-as-Smart-Object-1.jpg","type":"image\/jpeg"}],"twitter_card":"summary_large_image","twitter_misc":{"Tahmini okuma s\u00fcresi":"2 dakika"},"schema":{"@context":"https:\/\/schema.org","@graph":[{"@type":"WebPage","@id":"https:\/\/www.electroluxprofessional.com\/tr\/aksesuarlar-sarf-malzemeleri\/","url":"https:\/\/www.electroluxprofessional.com\/tr\/aksesuarlar-sarf-malzemeleri\/","name":"Aksesuarlar ve Sarf Malzemeleri - Electrolux Professional","isPartOf":{"@id":"https:\/\/www.electroluxprofessional.com\/tr\/#website"},"primaryImageOfPage":{"@id":"https:\/\/www.electroluxprofessional.com\/tr\/aksesuarlar-sarf-malzemeleri\/#primaryimage"},"image":{"@id":"https:\/\/www.electroluxprofessional.com\/tr\/aksesuarlar-sarf-malzemeleri\/#primaryimage"},"thumbnailUrl":"https:\/\/www.electroluxprofessional.com\/tr\/wp-content\/uploads\/2016\/11\/IMG_9959-as-Smart-Object-1.jpg","datePublished":"2016-08-25T08:47:14+00:00","dateModified":"2025-07-29T07:43:21+00:00","description":"Orijinal aksesuarlar ve sarf malzemeleri, ar\u0131za s\u00fcresini azalt\u0131r, performans\u0131 art\u0131r\u0131r, k\u00e2rl\u0131l\u0131\u011f\u0131n\u0131z\u0131 en \u00fcst seviyeye ta\u015f\u0131r.","breadcrumb":{"@id":"https:\/\/www.electroluxprofessional.com\/tr\/aksesuarlar-sarf-malzemeleri\/#breadcrumb"},"inLanguage":"tr","potentialAction":[{"@type":"ReadAction","target":["https:\/\/www.electroluxprofessional.com\/tr\/aksesuarlar-sarf-malzemeleri\/"]}]},{"@type":"ImageObject","inLanguage":"tr","@id":"https:\/\/www.electroluxprofessional.com\/tr\/aksesuarlar-sarf-malzemeleri\/#primaryimage","url":"https:\/\/www.electroluxprofessional.com\/tr\/wp-content\/uploads\/2016\/11\/IMG_9959-as-Smart-Object-1.jpg","contentUrl":"https:\/\/www.electroluxprofessional.com\/tr\/wp-content\/uploads\/2016\/11\/IMG_9959-as-Smart-Object-1.jpg","width":3244,"height":4325,"caption":"Eataly - Expo 2015"},{"@type":"BreadcrumbList","@id":"https:\/\/www.electroluxprofessional.com\/tr\/aksesuarlar-sarf-malzemeleri\/#breadcrumb","itemListElement":[{"@type":"ListItem","position":1,"name":"Home","item":"https:\/\/www.electroluxprofessional.com\/tr\/"},{"@type":"ListItem","position":2,"name":"Aksesuarlar ve Sarf Malzemeleri"}]},{"@type":"WebSite","@id":"https:\/\/www.electroluxprofessional.com\/tr\/#website","url":"https:\/\/www.electroluxprofessional.com\/tr\/","name":"Electrolux Professional T\u00fcrkiye","description":"","potentialAction":[{"@type":"SearchAction","target":{"@type":"EntryPoint","urlTemplate":"https:\/\/www.electroluxprofessional.com\/tr\/?src={search_term_string}"},"query-input":"required name=search_term_string"}],"inLanguage":"tr"}]}},"_links":{"self":[{"href":"https:\/\/www.electroluxprofessional.com\/tr\/wp-json\/wp\/v2\/pages\/1371"}],"collection":[{"href":"https:\/\/www.electroluxprofessional.com\/tr\/wp-json\/wp\/v2\/pages"}],"about":[{"href":"https:\/\/www.electroluxprofessional.com\/tr\/wp-json\/wp\/v2\/types\/page"}],"author":[{"embeddable":true,"href":"https:\/\/www.electroluxprofessional.com\/tr\/wp-json\/wp\/v2\/users\/3"}],"replies":[{"embeddable":true,"href":"https:\/\/www.electroluxprofessional.com\/tr\/wp-json\/wp\/v2\/comments?post=1371"}],"version-history":[{"count":27,"href":"https:\/\/www.electroluxprofessional.com\/tr\/wp-json\/wp\/v2\/pages\/1371\/revisions"}],"predecessor-version":[{"id":21566,"href":"https:\/\/www.electroluxprofessional.com\/tr\/wp-json\/wp\/v2\/pages\/1371\/revisions\/21566"}],"wp:featuredmedia":[{"embeddable":true,"href":"https:\/\/www.electroluxprofessional.com\/tr\/wp-json\/wp\/v2\/media\/335"}],"wp:attachment":[{"href":"https:\/\/www.electroluxprofessional.com\/tr\/wp-json\/wp\/v2\/media?parent=1371"}],"curies":[{"name":"wp","href":"https:\/\/api.w.org\/{rel}","templated":true}]}}