{"id":1352,"date":"2016-05-02T12:24:37","date_gmt":"2016-05-02T12:24:37","guid":{"rendered":"https:\/\/www.electroluxprofessional.com\/?page_id=406"},"modified":"2025-07-30T12:14:09","modified_gmt":"2025-07-30T12:14:09","slug":"bayi-ve-servis-arama","status":"publish","type":"page","link":"https:\/\/www.electroluxprofessional.com\/tr\/bayi-ve-servis-arama\/","title":{"rendered":"Bayi ve Servis Arama"},"content":{"rendered":"<p>[vc_row full_width=&#8221;electroluxpro-full-width-no-padding&#8221;][vc_column][elx_image_block background_image=&#8221;11062&#8243; minimum_height=&#8221;420px&#8221;][\/vc_column][\/vc_row][vc_row][vc_column][elx_heading font_container=&#8221;h1&#8243; text_color=&#8221;inherit&#8221;]Bayi ve Servis Arama[\/elx_heading][vc_column_text]<\/p>\n<div class=\"vc_row wpb_row vc_row-fluid containered bg-download-white\">\n<div class=\"container\">\n<div class=\"row\">\n<div class=\"wpb_column vc_column_container vc_col-sm-12\">\n<div class=\"vc_column-inner\">\n<div class=\"wpb_wrapper wow fadeIn\">\n<div class=\"wpb_text_column wpb_content_element\">\n<div class=\"\">\n<p>\u0130\u015f ya\u015fam\u0131n\u0131z\u0131 kolayla\u015ft\u0131ran benzersiz sat\u0131\u015f ve hizmet a\u011f\u0131m\u0131zla memnuniyetiniz i\u00e7in haz\u0131r ve kararl\u0131y\u0131z. Bayilerimiz ve i\u015f ortaklar\u0131m\u0131z d\u00fcnyan\u0131n d\u00f6rt bir yan\u0131na yay\u0131lm\u0131\u015f durumdad\u0131r.<\/p>\n<\/div>\n<\/div>\n<\/div>\n<\/div>\n<\/div>\n<\/div>\n<\/div>\n<\/div>\n<p>[\/vc_column_text][vc_empty_space][elx_o2000_locator cf=&#8221;Turkey&#8221; l=&#8221;tr&#8221; request=&#8221;Daha fazla bilgi edinmek istiyorum {{acs}}&#8221;][vc_empty_space height=&#8221;20px&#8221;][\/vc_column][\/vc_row][vc_row custom_color_row=&#8221;bg-row-light-blue&#8221; css=&#8221;.vc_custom_1739176875824{background-color: #e9eff5 !important;}&#8221;][vc_column][elx_heading font_size=&#8221;h4&#8243; text_color=&#8221;electrolux-blue&#8221; text_align=&#8221;text-left&#8221;]Sertifikal\u0131 Hizmet Orta\u011f\u0131 Olun![\/elx_heading][vc_empty_space height=&#8221;10px&#8221;][vc_column_text]<span class=\"TextRun SCXW24567190 BCX0\" data-contrast=\"none\"><span class=\"NormalTextRun SCXW24567190 BCX0\">Sertifikal\u0131 hizmet a\u011f\u0131m\u0131za kat\u0131l\u0131n! Yetkili hizmet orta\u011f\u0131 olarak i\u015finizi b\u00fcy\u00fct\u00fcn. \u00d6zel e\u011fitim, destek ve b\u00fcy\u00fcme f\u0131rsatlar\u0131na eri\u015fim kazan\u0131n.\u00a0<\/span><\/span><span class=\"EOP SCXW24567190 BCX0\" data-ccp-props=\"{&quot;134233117&quot;:true,&quot;201341983&quot;:0,&quot;335557856&quot;:16777215,&quot;335559739&quot;:0,&quot;335559740&quot;:240}\">\u00a0<\/span>[\/vc_column_text][vc_empty_space height=&#8221;25px&#8221;][elx_o2000_contact_us request_type=&#8221;Customer support&#8221; button_mode=&#8221;true&#8221; button_style=&#8221;secondary&#8221; postion_button=&#8221;text-left&#8221; postion_button_mobile=&#8221;text-left-mobile&#8221; text_btn_contact=&#8221;Bug\u00fcn ba\u015fvurun!&#8221; r=&#8221;Hizmet orta\u011f\u0131n\u0131z olmak i\u00e7in benimle ileti\u015fime ge\u00e7ilmesini istiyorum. Te\u015fekk\u00fcr ederim.&#8221;][vc_empty_space height=&#8221;40px&#8221;][\/vc_column][\/vc_row]<\/p>\n","protected":false},"excerpt":{"rendered":"<p>[vc_row full_width=&#8221;electroluxpro-full-width-no-padding&#8221;][vc_column][elx_image_block background_image=&#8221;11062&#8243; minimum_height=&#8221;420px&#8221;][\/vc_column][\/vc_row][vc_row][vc_column][elx_heading font_container=&#8221;h1&#8243; text_color=&#8221;inherit&#8221;]Bayi ve Servis Arama[\/elx_heading][vc_column_text] \u0130\u015f ya\u015fam\u0131n\u0131z\u0131 kolayla\u015ft\u0131ran benzersiz sat\u0131\u015f ve hizmet a\u011f\u0131m\u0131zla memnuniyetiniz i\u00e7in haz\u0131r ve kararl\u0131y\u0131z. Bayilerimiz ve i\u015f ortaklar\u0131m\u0131z d\u00fcnyan\u0131n d\u00f6rt bir yan\u0131na yay\u0131lm\u0131\u015f durumdad\u0131r. [\/vc_column_text][vc_empty_space][elx_o2000_locator cf=&#8221;Turkey&#8221; l=&#8221;tr&#8221; request=&#8221;Daha fazla bilgi edinmek istiyorum {{acs}}&#8221;][vc_empty_space height=&#8221;20px&#8221;][\/vc_column][\/vc_row][vc_row custom_color_row=&#8221;bg-row-light-blue&#8221; css=&#8221;.vc_custom_1739176875824{background-color: #e9eff5 !important;}&#8221;][vc_column][elx_heading font_size=&#8221;h4&#8243; text_color=&#8221;electrolux-blue&#8221; text_align=&#8221;text-left&#8221;]Sertifikal\u0131 Hizmet Orta\u011f\u0131 Olun![\/elx_heading][vc_empty_space height=&#8221;10px&#8221;][vc_column_text]Sertifikal\u0131 hizmet a\u011f\u0131m\u0131za [&hellip;]<\/p>\n","protected":false},"author":3,"featured_media":0,"parent":0,"menu_order":0,"comment_status":"closed","ping_status":"closed","template":"","meta":{"footnotes":""},"class_list":["post-1352","page","type-page","status-publish","hentry"],"acf":[],"yoast_head":"<!-- This site is optimized with the Yoast SEO plugin v23.3 - https:\/\/yoast.com\/wordpress\/plugins\/seo\/ -->\n<title>Bayi ve Servis Arama - Electrolux Professional<\/title>\n<meta name=\"description\" content=\"Electrolux Professional\u2019\u0131n sat\u0131\u015f ve servis a\u011f\u0131 sayesinde en yak\u0131n bayiyi kolayca bulun, i\u015f s\u00fcre\u00e7lerinizi profesyonel hizmetle destekleyin.\" \/>\n<meta name=\"robots\" content=\"index, follow, max-snippet:-1, max-image-preview:large, max-video-preview:-1\" \/>\n<link rel=\"canonical\" href=\"https:\/\/www.electroluxprofessional.com\/tr\/bayi-ve-servis-arama\/\" \/>\n<meta property=\"og:locale\" content=\"tr_TR\" \/>\n<meta property=\"og:type\" content=\"article\" \/>\n<meta property=\"og:title\" content=\"Bayi ve Servis Arama - Electrolux Professional\" \/>\n<meta property=\"og:description\" content=\"Electrolux Professional\u2019\u0131n sat\u0131\u015f ve servis a\u011f\u0131 sayesinde en yak\u0131n bayiyi kolayca bulun, i\u015f s\u00fcre\u00e7lerinizi profesyonel hizmetle destekleyin.\" \/>\n<meta property=\"og:url\" content=\"https:\/\/www.electroluxprofessional.com\/tr\/bayi-ve-servis-arama\/\" \/>\n<meta property=\"og:site_name\" content=\"Electrolux Professional T\u00fcrkiye\" \/>\n<meta property=\"article:modified_time\" content=\"2025-07-30T12:14:09+00:00\" \/>\n<meta name=\"twitter:card\" content=\"summary_large_image\" \/>\n<meta name=\"twitter:label1\" content=\"Tahmini okuma s\u00fcresi\" \/>\n\t<meta name=\"twitter:data1\" content=\"1 dakika\" \/>\n<script type=\"application\/ld+json\" class=\"yoast-schema-graph\">{\"@context\":\"https:\/\/schema.org\",\"@graph\":[{\"@type\":\"WebPage\",\"@id\":\"https:\/\/www.electroluxprofessional.com\/tr\/bayi-ve-servis-arama\/\",\"url\":\"https:\/\/www.electroluxprofessional.com\/tr\/bayi-ve-servis-arama\/\",\"name\":\"Bayi ve Servis Arama - Electrolux Professional\",\"isPartOf\":{\"@id\":\"https:\/\/www.electroluxprofessional.com\/tr\/#website\"},\"datePublished\":\"2016-05-02T12:24:37+00:00\",\"dateModified\":\"2025-07-30T12:14:09+00:00\",\"description\":\"Electrolux Professional\u2019\u0131n sat\u0131\u015f ve servis a\u011f\u0131 sayesinde en yak\u0131n bayiyi kolayca bulun, i\u015f s\u00fcre\u00e7lerinizi profesyonel hizmetle destekleyin.\",\"breadcrumb\":{\"@id\":\"https:\/\/www.electroluxprofessional.com\/tr\/bayi-ve-servis-arama\/#breadcrumb\"},\"inLanguage\":\"tr\",\"potentialAction\":[{\"@type\":\"ReadAction\",\"target\":[\"https:\/\/www.electroluxprofessional.com\/tr\/bayi-ve-servis-arama\/\"]}]},{\"@type\":\"BreadcrumbList\",\"@id\":\"https:\/\/www.electroluxprofessional.com\/tr\/bayi-ve-servis-arama\/#breadcrumb\",\"itemListElement\":[{\"@type\":\"ListItem\",\"position\":1,\"name\":\"Home\",\"item\":\"https:\/\/www.electroluxprofessional.com\/tr\/\"},{\"@type\":\"ListItem\",\"position\":2,\"name\":\"Bayi ve Servis Arama\"}]},{\"@type\":\"WebSite\",\"@id\":\"https:\/\/www.electroluxprofessional.com\/tr\/#website\",\"url\":\"https:\/\/www.electroluxprofessional.com\/tr\/\",\"name\":\"Electrolux Professional T\u00fcrkiye\",\"description\":\"\",\"potentialAction\":[{\"@type\":\"SearchAction\",\"target\":{\"@type\":\"EntryPoint\",\"urlTemplate\":\"https:\/\/www.electroluxprofessional.com\/tr\/?src={search_term_string}\"},\"query-input\":\"required name=search_term_string\"}],\"inLanguage\":\"tr\"}]}<\/script>\n<!-- \/ Yoast SEO plugin. -->","yoast_head_json":{"title":"Bayi ve Servis Arama - Electrolux Professional","description":"Electrolux Professional\u2019\u0131n sat\u0131\u015f ve servis a\u011f\u0131 sayesinde en yak\u0131n bayiyi kolayca bulun, i\u015f s\u00fcre\u00e7lerinizi profesyonel hizmetle destekleyin.","robots":{"index":"index","follow":"follow","max-snippet":"max-snippet:-1","max-image-preview":"max-image-preview:large","max-video-preview":"max-video-preview:-1"},"canonical":"https:\/\/www.electroluxprofessional.com\/tr\/bayi-ve-servis-arama\/","og_locale":"tr_TR","og_type":"article","og_title":"Bayi ve Servis Arama - Electrolux Professional","og_description":"Electrolux Professional\u2019\u0131n sat\u0131\u015f ve servis a\u011f\u0131 sayesinde en yak\u0131n bayiyi kolayca bulun, i\u015f s\u00fcre\u00e7lerinizi profesyonel hizmetle destekleyin.","og_url":"https:\/\/www.electroluxprofessional.com\/tr\/bayi-ve-servis-arama\/","og_site_name":"Electrolux Professional T\u00fcrkiye","article_modified_time":"2025-07-30T12:14:09+00:00","twitter_card":"summary_large_image","twitter_misc":{"Tahmini okuma s\u00fcresi":"1 dakika"},"schema":{"@context":"https:\/\/schema.org","@graph":[{"@type":"WebPage","@id":"https:\/\/www.electroluxprofessional.com\/tr\/bayi-ve-servis-arama\/","url":"https:\/\/www.electroluxprofessional.com\/tr\/bayi-ve-servis-arama\/","name":"Bayi ve Servis Arama - Electrolux Professional","isPartOf":{"@id":"https:\/\/www.electroluxprofessional.com\/tr\/#website"},"datePublished":"2016-05-02T12:24:37+00:00","dateModified":"2025-07-30T12:14:09+00:00","description":"Electrolux Professional\u2019\u0131n sat\u0131\u015f ve servis a\u011f\u0131 sayesinde en yak\u0131n bayiyi kolayca bulun, i\u015f s\u00fcre\u00e7lerinizi profesyonel hizmetle destekleyin.","breadcrumb":{"@id":"https:\/\/www.electroluxprofessional.com\/tr\/bayi-ve-servis-arama\/#breadcrumb"},"inLanguage":"tr","potentialAction":[{"@type":"ReadAction","target":["https:\/\/www.electroluxprofessional.com\/tr\/bayi-ve-servis-arama\/"]}]},{"@type":"BreadcrumbList","@id":"https:\/\/www.electroluxprofessional.com\/tr\/bayi-ve-servis-arama\/#breadcrumb","itemListElement":[{"@type":"ListItem","position":1,"name":"Home","item":"https:\/\/www.electroluxprofessional.com\/tr\/"},{"@type":"ListItem","position":2,"name":"Bayi ve Servis Arama"}]},{"@type":"WebSite","@id":"https:\/\/www.electroluxprofessional.com\/tr\/#website","url":"https:\/\/www.electroluxprofessional.com\/tr\/","name":"Electrolux Professional T\u00fcrkiye","description":"","potentialAction":[{"@type":"SearchAction","target":{"@type":"EntryPoint","urlTemplate":"https:\/\/www.electroluxprofessional.com\/tr\/?src={search_term_string}"},"query-input":"required name=search_term_string"}],"inLanguage":"tr"}]}},"_links":{"self":[{"href":"https:\/\/www.electroluxprofessional.com\/tr\/wp-json\/wp\/v2\/pages\/1352"}],"collection":[{"href":"https:\/\/www.electroluxprofessional.com\/tr\/wp-json\/wp\/v2\/pages"}],"about":[{"href":"https:\/\/www.electroluxprofessional.com\/tr\/wp-json\/wp\/v2\/types\/page"}],"author":[{"embeddable":true,"href":"https:\/\/www.electroluxprofessional.com\/tr\/wp-json\/wp\/v2\/users\/3"}],"replies":[{"embeddable":true,"href":"https:\/\/www.electroluxprofessional.com\/tr\/wp-json\/wp\/v2\/comments?post=1352"}],"version-history":[{"count":17,"href":"https:\/\/www.electroluxprofessional.com\/tr\/wp-json\/wp\/v2\/pages\/1352\/revisions"}],"predecessor-version":[{"id":21665,"href":"https:\/\/www.electroluxprofessional.com\/tr\/wp-json\/wp\/v2\/pages\/1352\/revisions\/21665"}],"wp:attachment":[{"href":"https:\/\/www.electroluxprofessional.com\/tr\/wp-json\/wp\/v2\/media?parent=1352"}],"curies":[{"name":"wp","href":"https:\/\/api.w.org\/{rel}","templated":true}]}}