{"id":1333,"date":"2017-06-06T13:53:21","date_gmt":"2017-06-06T12:53:21","guid":{"rendered":"https:\/\/www.electroluxprofessional.com\/?page_id=11835"},"modified":"2025-10-16T09:57:54","modified_gmt":"2025-10-16T09:57:54","slug":"sanat-ve-bilim","status":"publish","type":"page","link":"https:\/\/www.electroluxprofessional.com\/tr\/sefin-dunyasi\/sanat-ve-bilim\/","title":{"rendered":"Sanat &#038; Bilim"},"content":{"rendered":"<p>[vc_row full_width=&#8221;electroluxpro-full-width-no-padding&#8221;][vc_column][elx_hero_title label=&#8221;&#8221; background_image=&#8221;1325&#8243;][\/elx_hero_title][vc_empty_space][\/vc_column][\/vc_row][vc_row][vc_column width=&#8221;2\/3&#8243;][elx_heading font_container=&#8221;h1&#8243; font_size=&#8221;h3&#8243; text_color=&#8221;inherit&#8221;]Sanat ve Bilim[\/elx_heading][elx_heading font_size=&#8221;h5&#8243; text_color=&#8221;inherit&#8221;]chef2chef seminarlar[\/elx_heading][vc_empty_space][vc_column_text]Electrolux Professional ve Worldchefs aras\u0131ndaki <strong>\u201cSanat &amp; Bilim Bir Arada\u201d i\u015fbirli\u011fi,\u00a0<\/strong>profesyonel \u015feflerin a\u015f\u00e7\u0131l\u0131ktaki yarat\u0131c\u0131l\u0131klar\u0131n\u0131, sekt\u00f6r\u00fcnde lider olan \u00fcreticinin ticari pi\u015firme \u00e7\u00f6z\u00fcmlerine dair uzmanla\u015fm\u0131\u015f bilgisi ve teknolojisi ile bir araya getirmeyi sa\u011flar ve d\u00fcnyan\u0131n her yerinde mutfaklarda daha kolay ve s\u00fcrd\u00fcr\u00fclebilir pi\u015firme s\u00fcre\u00e7leri geli\u015ftirilmesine yard\u0131mc\u0131 olur.[\/vc_column_text][elx_button button_text=&#8221;Sanat ve Bilim etkinlik takvimi&#8221; button_style=&#8221;default&#8221; button_link=&#8221;url:https%3A%2F%2Fworldchefs.org%2Fevents%2F%3Fstatus%3Due|title:Sanat%20ve%20Bilim%20etkinlik%20takvimi|target:_blank&#8221;][vc_empty_space][vc_column_text]Anla\u015fman\u0131n bir par\u00e7as\u0131 olarak <strong>Electrolux Professional, d\u00fcnya genelinde<\/strong> BAE-Dubai, T\u00fcrkiye, \u0130sve\u00e7, Singapur, ABD, G\u00fcney Afrika ve Japonya&#8217;daki <strong>M\u00fckemmellik Merkezleri\u2019nde \u015feflerin kat\u0131l\u0131mlar\u0131 ile chef2chef interaktif olarak ger\u00e7ekle\u015fen bir dizi seminer d\u00fczenlemektedir.<\/strong><br \/>\n\u00dcreticinin e\u015fsiz Cook&amp;Chill (Pi\u015fir&amp;So\u011fut) \u00e7\u00f6z\u00fcm\u00fcne odaklanan bu seminerler <strong>g\u0131da kayb\u0131n\u0131 azaltmak, g\u0131da g\u00fcvenli\u011fini sa\u011flamak ve mutfak ortam\u0131nda stresi azaltmak i\u00e7in i\u015f s\u00fcre\u00e7lerini optimize etmeye y\u00f6nelik<\/strong> entegre sistemi nas\u0131l kullanabileceklerini g\u00f6stermektedir.<br \/>\n\u015eefler aras\u0131nda ger\u00e7ekle\u015fen seminerlere ek olarak 2018 y\u0131l\u0131nda ortakl\u0131k etkinliklerini daha da geni\u015fletmek vizyonu ile Electrolux Professional ayn\u0131 zamanda \u00c7in, Avustralya, Bel\u00e7ika ve Balkanlar genelinde yerel i\u015fbirlikleri ve network olu\u015fturma program\u0131 da ger\u00e7ekle\u015ftiriyor olacakt\u0131r.[\/vc_column_text][elx_image_block background_image=&#8221;1326&#8243; minimum_height=&#8221;400px&#8221;][\/vc_column][vc_column width=&#8221;1\/3&#8243;][vc_single_image image=&#8221;1327&#8243; img_size=&#8221;medium&#8221; alignment=&#8221;center&#8221; onclick=&#8221;custom_link&#8221; img_link_target=&#8221;_blank&#8221; link=&#8221;https:\/\/www.worldchefs.org\/&#8221;][elx_heading font_container=&#8221;h3&#8243; font_size=&#8221;h5&#8243; text_color=&#8221;inherit&#8221;]Worldchefs, D\u00fcnya \u015eefler Toplulu\u011fu Birli\u011fi[\/elx_heading][vc_empty_space height=&#8221;5px&#8221;][vc_column_text]&#8221;A\u015f\u00e7\u0131l\u0131k teknolojisi ile ilgili bilgimizi Worldchefs \u00fcyelerimiz ile payla\u015fmam\u0131za ve yaymam\u0131za yard\u0131mc\u0131 olan Electrolux Professional ve Worldchefs aras\u0131ndaki bu ortakl\u0131\u011f\u0131 kurdu\u011fumuz ve s\u00fcrd\u00fcrd\u00fc\u011f\u00fcm\u00fcz i\u00e7in \u00e7ok memnunuz. T\u00fcm taraflardan gelen olumlu geri bildirimler \u00e7ok cesaretlendirici ve bu ortakl\u0131\u011fa devam etmek daha iyi bir kazan-kazan durumu yaratacakt\u0131r\u201d.<\/p>\n<p><strong>Worldchefs&#8217;in\u00a0(D\u00fcnya \u015eefler Toplulu\u011fu Birli\u011fi) ba\u015fkan\u0131 Thomas Gugler<\/strong>[\/vc_column_text][vc_empty_space][vc_column_text]Do\u011frudan ba\u011flant\u0131lar:[\/vc_column_text][vc_empty_space][elx_button button_text=&#8221;Electrolux Professional \u015eef Akademi&#8221; button_style=&#8221;default&#8221; button_link=&#8221;url:https%3A%2F%2Fwww.electroluxprofessional.com%2Ftr%2Fsefin-dunyasi%2Felectrolux-sef-akademi%2F|title:Electrolux%20Professional%20%C5%9Eef%20Akademi|target:_blank&#8221;][vc_empty_space][elx_button button_text=&#8221;\u015eef\u2019in D\u00fcnyas\u0131&#8221; button_style=&#8221;default&#8221; button_link=&#8221;url:https%3A%2F%2Fwww.electroluxprofessional.com%2Ftr%2Fsefin-dunyasi%2F|title:%C5%9Eef%E2%80%99in%20D%C3%BCnyas%C4%B1|target:_blank&#8221;][vc_empty_space][\/vc_column][\/vc_row][vc_row][vc_column][vc_empty_space][\/vc_column][\/vc_row]<\/p>\n","protected":false},"excerpt":{"rendered":"<p>[vc_row full_width=&#8221;electroluxpro-full-width-no-padding&#8221;][vc_column][elx_hero_title label=&#8221;&#8221; background_image=&#8221;1325&#8243;][\/elx_hero_title][vc_empty_space][\/vc_column][\/vc_row][vc_row][vc_column width=&#8221;2\/3&#8243;][elx_heading font_container=&#8221;h1&#8243; font_size=&#8221;h3&#8243; text_color=&#8221;inherit&#8221;]Sanat ve Bilim[\/elx_heading][elx_heading font_size=&#8221;h5&#8243; text_color=&#8221;inherit&#8221;]chef2chef seminarlar[\/elx_heading][vc_empty_space][vc_column_text]Electrolux Professional ve Worldchefs aras\u0131ndaki \u201cSanat &amp; Bilim Bir Arada\u201d i\u015fbirli\u011fi,\u00a0profesyonel \u015feflerin a\u015f\u00e7\u0131l\u0131ktaki yarat\u0131c\u0131l\u0131klar\u0131n\u0131, sekt\u00f6r\u00fcnde lider olan \u00fcreticinin ticari pi\u015firme \u00e7\u00f6z\u00fcmlerine dair uzmanla\u015fm\u0131\u015f bilgisi ve teknolojisi ile bir araya getirmeyi sa\u011flar ve d\u00fcnyan\u0131n her yerinde mutfaklarda daha kolay ve s\u00fcrd\u00fcr\u00fclebilir pi\u015firme s\u00fcre\u00e7leri geli\u015ftirilmesine [&hellip;]<\/p>\n","protected":false},"author":3,"featured_media":1159,"parent":1152,"menu_order":0,"comment_status":"closed","ping_status":"closed","template":"","meta":{"footnotes":""},"class_list":["post-1333","page","type-page","status-publish","has-post-thumbnail","hentry"],"acf":[],"yoast_head":"<!-- This site is optimized with the Yoast SEO plugin v23.3 - https:\/\/yoast.com\/wordpress\/plugins\/seo\/ -->\n<title>Sanat &amp; Bilim - Electrolux Professional<\/title>\n<meta name=\"description\" content=\"Electrolux Professional ve Worldchefs aras\u0131ndaki \u201cSanat &amp; Bilim Bir Arada\u201d i\u015fbirli\u011fi, profesyonel \u015feflerin a\u015f\u00e7\u0131l\u0131ktaki yarat\u0131c\u0131l\u0131klar\u0131n\u0131, sekt\u00f6r\u00fcnde lider olan \u00fcreticinin ticari pi\u015firme \u00e7\u00f6z\u00fcmlerine dair uzmanla\u015fm\u0131\u015f bilgisi ve teknolojisi ile bir araya getirir.\" \/>\n<meta name=\"robots\" content=\"index, follow, max-snippet:-1, max-image-preview:large, max-video-preview:-1\" \/>\n<link rel=\"canonical\" href=\"https:\/\/www.electroluxprofessional.com\/tr\/sefin-dunyasi\/sanat-ve-bilim\/\" \/>\n<meta property=\"og:locale\" content=\"tr_TR\" \/>\n<meta property=\"og:type\" content=\"article\" \/>\n<meta property=\"og:title\" content=\"Sanat &amp; Bilim - Electrolux Professional\" \/>\n<meta property=\"og:description\" content=\"Electrolux Professional ve Worldchefs aras\u0131ndaki \u201cSanat &amp; Bilim Bir Arada\u201d i\u015fbirli\u011fi, profesyonel \u015feflerin a\u015f\u00e7\u0131l\u0131ktaki yarat\u0131c\u0131l\u0131klar\u0131n\u0131, sekt\u00f6r\u00fcnde lider olan \u00fcreticinin ticari pi\u015firme \u00e7\u00f6z\u00fcmlerine dair uzmanla\u015fm\u0131\u015f bilgisi ve teknolojisi ile bir araya getirir.\" \/>\n<meta property=\"og:url\" content=\"https:\/\/www.electroluxprofessional.com\/tr\/sefin-dunyasi\/sanat-ve-bilim\/\" \/>\n<meta property=\"og:site_name\" content=\"Electrolux Professional T\u00fcrkiye\" \/>\n<meta property=\"article:modified_time\" content=\"2025-10-16T09:57:54+00:00\" \/>\n<meta property=\"og:image\" content=\"https:\/\/www.electroluxprofessional.com\/tr\/wp-content\/uploads\/2016\/11\/04_ArtScience_logo-1800x1800px-e1504770409721.jpg\" \/>\n\t<meta property=\"og:image:width\" content=\"700\" \/>\n\t<meta property=\"og:image:height\" content=\"700\" \/>\n\t<meta property=\"og:image:type\" content=\"image\/jpeg\" \/>\n<meta name=\"twitter:card\" content=\"summary_large_image\" \/>\n<meta name=\"twitter:label1\" content=\"Tahmini okuma s\u00fcresi\" \/>\n\t<meta name=\"twitter:data1\" content=\"3 dakika\" \/>\n<script type=\"application\/ld+json\" class=\"yoast-schema-graph\">{\"@context\":\"https:\/\/schema.org\",\"@graph\":[{\"@type\":\"WebPage\",\"@id\":\"https:\/\/www.electroluxprofessional.com\/tr\/sefin-dunyasi\/sanat-ve-bilim\/\",\"url\":\"https:\/\/www.electroluxprofessional.com\/tr\/sefin-dunyasi\/sanat-ve-bilim\/\",\"name\":\"Sanat & Bilim - Electrolux Professional\",\"isPartOf\":{\"@id\":\"https:\/\/www.electroluxprofessional.com\/tr\/#website\"},\"primaryImageOfPage\":{\"@id\":\"https:\/\/www.electroluxprofessional.com\/tr\/sefin-dunyasi\/sanat-ve-bilim\/#primaryimage\"},\"image\":{\"@id\":\"https:\/\/www.electroluxprofessional.com\/tr\/sefin-dunyasi\/sanat-ve-bilim\/#primaryimage\"},\"thumbnailUrl\":\"https:\/\/www.electroluxprofessional.com\/tr\/wp-content\/uploads\/2016\/11\/04_ArtScience_logo-1800x1800px-e1504770409721.jpg\",\"datePublished\":\"2017-06-06T12:53:21+00:00\",\"dateModified\":\"2025-10-16T09:57:54+00:00\",\"description\":\"Electrolux Professional ve Worldchefs aras\u0131ndaki \u201cSanat & Bilim Bir Arada\u201d i\u015fbirli\u011fi, profesyonel \u015feflerin a\u015f\u00e7\u0131l\u0131ktaki yarat\u0131c\u0131l\u0131klar\u0131n\u0131, sekt\u00f6r\u00fcnde lider olan \u00fcreticinin ticari pi\u015firme \u00e7\u00f6z\u00fcmlerine dair uzmanla\u015fm\u0131\u015f bilgisi ve teknolojisi ile bir araya getirir.\",\"breadcrumb\":{\"@id\":\"https:\/\/www.electroluxprofessional.com\/tr\/sefin-dunyasi\/sanat-ve-bilim\/#breadcrumb\"},\"inLanguage\":\"tr\",\"potentialAction\":[{\"@type\":\"ReadAction\",\"target\":[\"https:\/\/www.electroluxprofessional.com\/tr\/sefin-dunyasi\/sanat-ve-bilim\/\"]}]},{\"@type\":\"ImageObject\",\"inLanguage\":\"tr\",\"@id\":\"https:\/\/www.electroluxprofessional.com\/tr\/sefin-dunyasi\/sanat-ve-bilim\/#primaryimage\",\"url\":\"https:\/\/www.electroluxprofessional.com\/tr\/wp-content\/uploads\/2016\/11\/04_ArtScience_logo-1800x1800px-e1504770409721.jpg\",\"contentUrl\":\"https:\/\/www.electroluxprofessional.com\/tr\/wp-content\/uploads\/2016\/11\/04_ArtScience_logo-1800x1800px-e1504770409721.jpg\",\"width\":700,\"height\":700,\"caption\":\"art & science logo\"},{\"@type\":\"BreadcrumbList\",\"@id\":\"https:\/\/www.electroluxprofessional.com\/tr\/sefin-dunyasi\/sanat-ve-bilim\/#breadcrumb\",\"itemListElement\":[{\"@type\":\"ListItem\",\"position\":1,\"name\":\"Home\",\"item\":\"https:\/\/www.electroluxprofessional.com\/tr\/\"},{\"@type\":\"ListItem\",\"position\":2,\"name\":\"\u015eef&#8217;in D\u00fcnyas\u0131\",\"item\":\"https:\/\/www.electroluxprofessional.com\/tr\/sefin-dunyasi\/\"},{\"@type\":\"ListItem\",\"position\":3,\"name\":\"Sanat &#038; Bilim\"}]},{\"@type\":\"WebSite\",\"@id\":\"https:\/\/www.electroluxprofessional.com\/tr\/#website\",\"url\":\"https:\/\/www.electroluxprofessional.com\/tr\/\",\"name\":\"Electrolux Professional T\u00fcrkiye\",\"description\":\"\",\"potentialAction\":[{\"@type\":\"SearchAction\",\"target\":{\"@type\":\"EntryPoint\",\"urlTemplate\":\"https:\/\/www.electroluxprofessional.com\/tr\/?src={search_term_string}\"},\"query-input\":\"required name=search_term_string\"}],\"inLanguage\":\"tr\"}]}<\/script>\n<!-- \/ Yoast SEO plugin. -->","yoast_head_json":{"title":"Sanat & Bilim - Electrolux Professional","description":"Electrolux Professional ve Worldchefs aras\u0131ndaki \u201cSanat & Bilim Bir Arada\u201d i\u015fbirli\u011fi, profesyonel \u015feflerin a\u015f\u00e7\u0131l\u0131ktaki yarat\u0131c\u0131l\u0131klar\u0131n\u0131, sekt\u00f6r\u00fcnde lider olan \u00fcreticinin ticari pi\u015firme \u00e7\u00f6z\u00fcmlerine dair uzmanla\u015fm\u0131\u015f bilgisi ve teknolojisi ile bir araya getirir.","robots":{"index":"index","follow":"follow","max-snippet":"max-snippet:-1","max-image-preview":"max-image-preview:large","max-video-preview":"max-video-preview:-1"},"canonical":"https:\/\/www.electroluxprofessional.com\/tr\/sefin-dunyasi\/sanat-ve-bilim\/","og_locale":"tr_TR","og_type":"article","og_title":"Sanat & Bilim - Electrolux Professional","og_description":"Electrolux Professional ve Worldchefs aras\u0131ndaki \u201cSanat & Bilim Bir Arada\u201d i\u015fbirli\u011fi, profesyonel \u015feflerin a\u015f\u00e7\u0131l\u0131ktaki yarat\u0131c\u0131l\u0131klar\u0131n\u0131, sekt\u00f6r\u00fcnde lider olan \u00fcreticinin ticari pi\u015firme \u00e7\u00f6z\u00fcmlerine dair uzmanla\u015fm\u0131\u015f bilgisi ve teknolojisi ile bir araya getirir.","og_url":"https:\/\/www.electroluxprofessional.com\/tr\/sefin-dunyasi\/sanat-ve-bilim\/","og_site_name":"Electrolux Professional T\u00fcrkiye","article_modified_time":"2025-10-16T09:57:54+00:00","og_image":[{"width":700,"height":700,"url":"https:\/\/www.electroluxprofessional.com\/tr\/wp-content\/uploads\/2016\/11\/04_ArtScience_logo-1800x1800px-e1504770409721.jpg","type":"image\/jpeg"}],"twitter_card":"summary_large_image","twitter_misc":{"Tahmini okuma s\u00fcresi":"3 dakika"},"schema":{"@context":"https:\/\/schema.org","@graph":[{"@type":"WebPage","@id":"https:\/\/www.electroluxprofessional.com\/tr\/sefin-dunyasi\/sanat-ve-bilim\/","url":"https:\/\/www.electroluxprofessional.com\/tr\/sefin-dunyasi\/sanat-ve-bilim\/","name":"Sanat & Bilim - Electrolux Professional","isPartOf":{"@id":"https:\/\/www.electroluxprofessional.com\/tr\/#website"},"primaryImageOfPage":{"@id":"https:\/\/www.electroluxprofessional.com\/tr\/sefin-dunyasi\/sanat-ve-bilim\/#primaryimage"},"image":{"@id":"https:\/\/www.electroluxprofessional.com\/tr\/sefin-dunyasi\/sanat-ve-bilim\/#primaryimage"},"thumbnailUrl":"https:\/\/www.electroluxprofessional.com\/tr\/wp-content\/uploads\/2016\/11\/04_ArtScience_logo-1800x1800px-e1504770409721.jpg","datePublished":"2017-06-06T12:53:21+00:00","dateModified":"2025-10-16T09:57:54+00:00","description":"Electrolux Professional ve Worldchefs aras\u0131ndaki \u201cSanat & Bilim Bir Arada\u201d i\u015fbirli\u011fi, profesyonel \u015feflerin a\u015f\u00e7\u0131l\u0131ktaki yarat\u0131c\u0131l\u0131klar\u0131n\u0131, sekt\u00f6r\u00fcnde lider olan \u00fcreticinin ticari pi\u015firme \u00e7\u00f6z\u00fcmlerine dair uzmanla\u015fm\u0131\u015f bilgisi ve teknolojisi ile bir araya getirir.","breadcrumb":{"@id":"https:\/\/www.electroluxprofessional.com\/tr\/sefin-dunyasi\/sanat-ve-bilim\/#breadcrumb"},"inLanguage":"tr","potentialAction":[{"@type":"ReadAction","target":["https:\/\/www.electroluxprofessional.com\/tr\/sefin-dunyasi\/sanat-ve-bilim\/"]}]},{"@type":"ImageObject","inLanguage":"tr","@id":"https:\/\/www.electroluxprofessional.com\/tr\/sefin-dunyasi\/sanat-ve-bilim\/#primaryimage","url":"https:\/\/www.electroluxprofessional.com\/tr\/wp-content\/uploads\/2016\/11\/04_ArtScience_logo-1800x1800px-e1504770409721.jpg","contentUrl":"https:\/\/www.electroluxprofessional.com\/tr\/wp-content\/uploads\/2016\/11\/04_ArtScience_logo-1800x1800px-e1504770409721.jpg","width":700,"height":700,"caption":"art & science logo"},{"@type":"BreadcrumbList","@id":"https:\/\/www.electroluxprofessional.com\/tr\/sefin-dunyasi\/sanat-ve-bilim\/#breadcrumb","itemListElement":[{"@type":"ListItem","position":1,"name":"Home","item":"https:\/\/www.electroluxprofessional.com\/tr\/"},{"@type":"ListItem","position":2,"name":"\u015eef&#8217;in D\u00fcnyas\u0131","item":"https:\/\/www.electroluxprofessional.com\/tr\/sefin-dunyasi\/"},{"@type":"ListItem","position":3,"name":"Sanat &#038; Bilim"}]},{"@type":"WebSite","@id":"https:\/\/www.electroluxprofessional.com\/tr\/#website","url":"https:\/\/www.electroluxprofessional.com\/tr\/","name":"Electrolux Professional T\u00fcrkiye","description":"","potentialAction":[{"@type":"SearchAction","target":{"@type":"EntryPoint","urlTemplate":"https:\/\/www.electroluxprofessional.com\/tr\/?src={search_term_string}"},"query-input":"required name=search_term_string"}],"inLanguage":"tr"}]}},"_links":{"self":[{"href":"https:\/\/www.electroluxprofessional.com\/tr\/wp-json\/wp\/v2\/pages\/1333"}],"collection":[{"href":"https:\/\/www.electroluxprofessional.com\/tr\/wp-json\/wp\/v2\/pages"}],"about":[{"href":"https:\/\/www.electroluxprofessional.com\/tr\/wp-json\/wp\/v2\/types\/page"}],"author":[{"embeddable":true,"href":"https:\/\/www.electroluxprofessional.com\/tr\/wp-json\/wp\/v2\/users\/3"}],"replies":[{"embeddable":true,"href":"https:\/\/www.electroluxprofessional.com\/tr\/wp-json\/wp\/v2\/comments?post=1333"}],"version-history":[{"count":15,"href":"https:\/\/www.electroluxprofessional.com\/tr\/wp-json\/wp\/v2\/pages\/1333\/revisions"}],"predecessor-version":[{"id":22472,"href":"https:\/\/www.electroluxprofessional.com\/tr\/wp-json\/wp\/v2\/pages\/1333\/revisions\/22472"}],"up":[{"embeddable":true,"href":"https:\/\/www.electroluxprofessional.com\/tr\/wp-json\/wp\/v2\/pages\/1152"}],"wp:featuredmedia":[{"embeddable":true,"href":"https:\/\/www.electroluxprofessional.com\/tr\/wp-json\/wp\/v2\/media\/1159"}],"wp:attachment":[{"href":"https:\/\/www.electroluxprofessional.com\/tr\/wp-json\/wp\/v2\/media?parent=1333"}],"curies":[{"name":"wp","href":"https:\/\/api.w.org\/{rel}","templated":true}]}}