{"id":13224,"date":"2022-02-16T11:43:33","date_gmt":"2022-02-16T09:43:33","guid":{"rendered":"https:\/\/www.electroluxprofessional.com\/?page_id=39070"},"modified":"2025-11-06T07:15:19","modified_gmt":"2025-11-06T07:15:19","slug":"supermarketler","status":"publish","type":"page","link":"https:\/\/www.electroluxprofessional.com\/tr\/isletmenize-yonelik-cozumler\/supermarketler\/","title":{"rendered":"S\u00fcpermarketler"},"content":{"rendered":"<p>[vc_row full_width=&#8221;electroluxpro-full-width-no-padding&#8221;][vc_column][elx_full_banner title=&#8221;S\u00fcpermarketler&#8221; set_as_h1=&#8221;true&#8221; link=&#8221;url:https%3A%2F%2Fwww.electroluxprofessional.com%2Fwp-content%2Fuploads%2F2022%2F02%2FBR_BR-9JE00196_1_5_1_1_EPR-BrochureSkyLine-SupermarketSegment-EN-20211221-LR.pdf|title:Bro%C5%9F%C3%BCr%C3%BC%20indirin|target:_blank&#8221; background_image_media_library=&#8221;13215&#8243; background_image_media_library_mobile=&#8221;39072&#8243;][vc_empty_space][elx_heading text_color=&#8221;inherit&#8221; text_align=&#8221;text-center&#8221;]S\u00fcpermarket haz\u0131r yemek b\u00f6l\u00fcm\u00fc i\u00e7in \u00e7\u00f6z\u00fcmler[\/elx_heading][vc_empty_space][elx_button button_text=&#8221;BRO\u015e\u00dcR\u00dc \u0130ND\u0130R\u0130N\u0130Z&#8221; button_display_block=&#8221;display_block_on&#8221; button_alignment=&#8221;align_center&#8221; button_link=&#8221;url:https%3A%2F%2Fwww.electroluxprofessional.com%2Fwp-content%2Fuploads%2F2022%2F02%2FBR_BR-9JE00196_1_5_1_1_EPR-BrochureSkyLine-SupermarketSegment-EN-20211221-LR.pdf|target:_blank&#8221;][vc_empty_space height=&#8221;50px&#8221;][\/vc_column][\/vc_row][vc_row][vc_column][elx_heading text_color=&#8221;inherit&#8221; text_align=&#8221;text-center&#8221;]T\u00fcm g\u00fcn taze pi\u015fmi\u015f lezzetler[\/elx_heading][vc_column_text]<\/p>\n<p style=\"text-align: center;\">Yeni nesil Electrolux Professional pi\u015firme cihazlar\u0131 ile ekmeklerinizin ve hamur i\u015flerinizin y\u00fcksek kalitesini standart hale getirin. Verimlili\u011finizde devrim yarat\u0131n. Her zaman haz\u0131r taze unlu mam\u00fcl\u00fcn\u00fcz olsun.<\/p>\n<p>[\/vc_column_text][vc_empty_space][\/vc_column][\/vc_row][vc_row][vc_column width=&#8221;1\/2&#8243;][vc_single_image image=&#8221;13216&#8243; img_size=&#8221;full&#8221; alignment=&#8221;center&#8221;][\/vc_column][vc_column width=&#8221;1\/2&#8243;][elx_heading font_container=&#8221;h3&#8243; text_color=&#8221;inherit&#8221;]\u0130htiyac\u0131n\u0131z olan\u0131, ihtiyac\u0131n\u0131z oldu\u011fu zaman pi\u015firin[\/elx_heading][vc_column_text]<a href=\"https:\/\/www.electroluxprofessional.com\/tr\/ticari-mutfak-ekipmanlari\/skyline-kombi-firin\/\">SkyLine<\/a> <strong>de\u011fi\u015fken h\u0131zl\u0131 fan<\/strong> sayesinde sabahlar\u0131 kruvasandan ekme\u011fe farkl\u0131 ve g\u00fcn boyunca \u00e7e\u015fitli yiyecekler pi\u015firebilirsiniz. E\u015fit \u0131s\u0131 da\u011f\u0131t\u0131m\u0131 ve <strong>sabit s\u0131cakl\u0131\u011f\u0131 garanti eden devrim niteli\u011findeki OptiFlow dola\u015f\u0131m sistemi sayesinde<\/strong> pi\u015firmede kusursuz, e\u015fit sonu\u00e7lar.[\/vc_column_text][vc_empty_space height=&#8221;15px&#8221;][elx_heading font_container=&#8221;h3&#8243; text_color=&#8221;inherit&#8221;]TAR\u0130F* VER\u0130ML\u0130L\u0130K[\/elx_heading][vc_column_text]<\/p>\n<table>\n<tbody>\n<tr>\n<td style=\"padding-right: 20px;\"><strong>Tereya\u011fl\u0131 ekmekler<\/strong><\/td>\n<td>13 dakikadan az s\u00fcrede 240 adede kadar ekmek<\/td>\n<\/tr>\n<tr>\n<td style=\"padding-right: 20px;\"><strong>Bagetler<\/strong><\/td>\n<td>25 dakikada 80 adede kadar baget<\/td>\n<\/tr>\n<tr>\n<td style=\"padding-right: 20px;\"><strong>Kurabiyeler<\/strong><\/td>\n<td>12 dakikada 384 adede kadar kurabiye<\/td>\n<\/tr>\n<tr>\n<td style=\"padding-right: 20px;\"><strong>Muffinler<\/strong><\/td>\n<td>14 dakikada 640 adede kadar muffin<\/td>\n<\/tr>\n<\/tbody>\n<\/table>\n<p>[\/vc_column_text][vc_single_image image=&#8221;13217&#8243; img_size=&#8221;full&#8221; alignment=&#8221;center&#8221; css=&#8221;.vc_custom_1644848975284{padding-top: 30px !important;}&#8221;][\/vc_column][\/vc_row][vc_row][vc_column][vc_empty_space height=&#8221;50px&#8221;][\/vc_column][\/vc_row][vc_row][vc_column][elx_heading text_color=&#8221;inherit&#8221; text_align=&#8221;text-center&#8221;]\u015eark\u00fcterinizi \u00f6\u011fle yeme\u011fini alaca\u011f\u0131n\u0131z yer haline getirin[\/elx_heading][vc_column_text]<\/p>\n<p style=\"text-align: center;\">Men\u00fcn\u00fcz\u00fc her seferinde m\u00fckemmel \u015fekilde tekrar edilen, y\u00fcksek kaliteli s\u0131cak yiyeceklerle geni\u015fletin. M\u00fc\u015fterilerinizin yeniden gelmesini sa\u011flamak i\u00e7in, kolay ve h\u0131zl\u0131 k\u00f6fte, \u0131zgara sebze, pane fileto, k\u0131zarm\u0131\u015f yiyecekler ve di\u011fer lezzetler<\/p>\n<p>[\/vc_column_text][vc_empty_space][\/vc_column][\/vc_row][vc_row][vc_column width=&#8221;1\/2&#8243;][vc_single_image image=&#8221;13218&#8243; img_size=&#8221;large&#8221; alignment=&#8221;center&#8221;][\/vc_column][vc_column width=&#8221;1\/2&#8243;][elx_heading font_container=&#8221;h3&#8243; text_color=&#8221;inherit&#8221;]Koku azaltma sistemli davlumbaz<br \/>\nsayesinde kal\u0131c\u0131 kokulara son[\/elx_heading][vc_column_text]<strong>Hava filtreleri ve UVC lambalar\u0131, <\/strong>\u00a0<a href=\"https:\/\/www.electroluxprofessional.com\/tr\/ticari-mutfak-ekipmanlari\/skyline-kombi-firin\/\">f\u0131r\u0131n<\/a>\u0131n\u0131z\u0131 merkezi bir havaland\u0131rma sistemine ba\u011flayamas\u0131n\u0131z bile <strong>mutfa\u011f\u0131n\u0131z\u0131 temiz ve steril tutacakt\u0131r.<\/strong> Davlumbaz \u00e7evredeki ortam i\u00e7in bir hava temizleyici\u00a0 olarak da kullan\u0131labilir:\u00a0 daha k\u00fc\u00e7\u00fck alanlar i\u00e7in b\u00fcy\u00fck bir avantaj[\/vc_column_text][vc_single_image image=&#8221;13219&#8243; img_size=&#8221;full&#8221; alignment=&#8221;center&#8221; css=&#8221;.vc_custom_1644849324090{padding-top: 30px !important;}&#8221;][vc_empty_space height=&#8221;15px&#8221;][elx_heading font_container=&#8221;h3&#8243; text_color=&#8221;inherit&#8221;]TAR\u0130F* VER\u0130ML\u0130L\u0130K[\/elx_heading][vc_column_text]<\/p>\n<table>\n<tbody>\n<tr>\n<td style=\"padding-right: 20px;\"><strong>K\u0131zarm\u0131\u015f tavuk<\/strong><\/td>\n<td>35 dakikada 384 adede kadar k\u0131zarm\u0131\u015f tavuk<\/td>\n<\/tr>\n<tr>\n<td style=\"padding-right: 20px;\"><strong>F\u0131r\u0131n patates<\/strong><\/td>\n<td>40 dakikada 500 adede kadar f\u0131r\u0131n patates<\/td>\n<\/tr>\n<tr>\n<td style=\"padding-right: 20px;\"><strong>Kar\u0131\u015f\u0131k k\u0131zartma<\/strong><\/td>\n<td>30 dakikada 300 adede kadar kar\u0131\u015f\u0131k k\u0131zartma<\/td>\n<\/tr>\n<\/tbody>\n<\/table>\n<p>[\/vc_column_text][\/vc_column][\/vc_row][vc_row][vc_column][vc_empty_space height=&#8221;50px&#8221;][\/vc_column][\/vc_row][vc_row][vc_column][elx_heading text_color=&#8221;inherit&#8221; text_align=&#8221;text-center&#8221;]Taze bal\u0131k ve sushi ile y\u00fcksekleri hedefleyin[\/elx_heading][vc_column_text]<\/p>\n<p style=\"text-align: center;\">Lezzetli, sa\u011fl\u0131kl\u0131 bal\u0131k uygun \u015fekilde pi\u015firildi\u011finde bir ziyafettir.\u00a0 Ve sushi k\u00f6\u015fesi olmayan modern bir supermarket?<br \/>\nHer ikisi i\u00e7inde do\u011fru ekipman mutlaka olmal\u0131d\u0131r.[\/vc_column_text][vc_empty_space][\/vc_column][\/vc_row][vc_row][vc_column width=&#8221;1\/2&#8243;][vc_single_image image=&#8221;13220&#8243; img_size=&#8221;large&#8221; alignment=&#8221;center&#8221;][\/vc_column][vc_column width=&#8221;1\/2&#8243;][elx_heading font_container=&#8221;h3&#8243; text_color=&#8221;inherit&#8221;]\u00d6zel Cycles+&#8217;lar\u0131n \u00f6nemi[\/elx_heading][vc_column_text]Bal\u0131k ailesi kategorisine \u00f6zel olarak tasarlanm\u0131\u015f\u00a0 olan sushi ve sashimi program\u0131n\u0131 se\u00e7in ve b\u0131rak\u0131n gerisini <a href=\"https:\/\/www.electroluxprofessional.com\/tr\/ticari-mutfak-ekipmanlari\/sok-sogutucu-ve-dondurucular-2\/\"><strong>SkyLine ChillS<\/strong><\/a> sizin i\u00e7in halletsin. Yeme\u011finizin anisakis i\u00e7ermemesi i\u00e7in, sushi\u00a0 &#8211; 20 \u00b0C&#8217;de dondurulur ve bu s\u0131cakl\u0131kta 24** saat bekletilerek servise haz\u0131r hale getirilir.<\/p>\n<p style=\"font-size: 12px;\">** Avrupa y\u00f6netmeli\u011fi 853\/2004 uyar\u0131nca<\/p>\n<p>[\/vc_column_text][vc_single_image image=&#8221;13221&#8243; img_size=&#8221;full&#8221; alignment=&#8221;center&#8221; css=&#8221;.vc_custom_1644850049446{padding-top: 30px !important;}&#8221;][\/vc_column][\/vc_row][vc_row][vc_column][vc_empty_space height=&#8221;50px&#8221;][\/vc_column][\/vc_row][vc_row][vc_column][elx_heading text_color=&#8221;inherit&#8221; text_align=&#8221;text-center&#8221;]\u015eehirdeki yeni bistro[\/elx_heading][vc_column_text]<\/p>\n<p style=\"text-align: center;\">Daha \u00f6nce hi\u00e7 olmad\u0131\u011f\u0131 gibi, <strong>paket servisi olan restaurant\u0131 burada bulacaks\u0131n\u0131z<\/strong>. M\u00fc\u015fterilerinizi, ofise, parka veya eve g\u00f6t\u00fcrmeleri i\u00e7in yemeye haz\u0131r m\u00fckemmel yemeklerle cezbedin.<\/p>\n<p>[\/vc_column_text][vc_empty_space][\/vc_column][\/vc_row][vc_row][vc_column width=&#8221;1\/2&#8243;][vc_single_image image=&#8221;13222&#8243; img_size=&#8221;large&#8221; alignment=&#8221;center&#8221;][\/vc_column][vc_column width=&#8221;1\/2&#8243;][elx_heading font_container=&#8221;h3&#8243; text_color=&#8221;inherit&#8221;]Muhafaza etme &amp; rejenerasyon[\/elx_heading][vc_column_text]<a href=\"https:\/\/www.electroluxprofessional.com\/tr\/ticari-mutfak-ekipmanlari\/skyline-kombi-firin\/\"><strong>SkyLine F\u0131r\u0131nlar\u0131n<\/strong><\/a> otomatik \u00f6zel Cycles+ ve s\u0131cakl\u0131k dolab\u0131 gibi spesifik aksesuarlar\u0131 kullanarak haz\u0131rlay\u0131n, muhazafa edin veya rejenerasyon yap\u0131n. Yeme\u011finiz h\u0131zl\u0131 bir \u015fekilde nem kontrolu ve rejenere edilir. tabaklamaya ve servise haz\u0131r hale gelir.[\/vc_column_text][vc_empty_space height=&#8221;15px&#8221;][elx_heading font_container=&#8221;h3&#8243; text_color=&#8221;inherit&#8221;]S\u0131cak at\u0131\u015ft\u0131rmal\u0131klar[\/elx_heading][vc_column_text]<strong>\u00c7\u0131t\u0131r panini, sandvi\u00e7ler ve daha fazlas\u0131<\/strong>! <a href=\"https:\/\/www.electroluxprofessional.com\/tr\/ticari-mutfak-ekipmanlari\/speedelight-high-speed-cooking-solution\/\"><strong>\u00a0SpeeDelight<\/strong><\/a> ile lazanyay\u0131, makarnay\u0131, sebzeleri veya tatl\u0131lar\u0131 \u0131s\u0131tabilir ve k\u0131sa s\u00fcrede m\u00fckemmel bir \u015fekilde servis edebilirsiniz.[\/vc_column_text][vc_single_image image=&#8221;13223&#8243; img_size=&#8221;full&#8221; alignment=&#8221;center&#8221; css=&#8221;.vc_custom_1644920763274{padding-top: 30px !important;}&#8221;][vc_empty_space height=&#8221;15px&#8221;][elx_heading font_container=&#8221;h3&#8243; text_color=&#8221;inherit&#8221;]TAR\u0130F* VER\u0130ML\u0130L\u0130K[\/elx_heading][vc_column_text]<\/p>\n<table>\n<tbody>\n<tr>\n<td style=\"padding-right: 20px;\"><strong>Focaccia <\/strong><\/td>\n<td>21 dakikadan daha k\u0131sa s\u00fcrede 256 adede kadar focaccia<\/td>\n<\/tr>\n<tr>\n<td style=\"padding-right: 20px; min-width: 185px;\"><strong>Ki\u015f\/Lorraine<\/strong><\/td>\n<td>30 dakikadan daha k\u0131sa s\u00fcrede 256 ki\u015f<\/td>\n<\/tr>\n<tr>\n<td style=\"padding-right: 20px;\"><strong>Pizza<\/strong><\/td>\n<td>13 dakikadan daha az s\u00fcrede 256 dilim pizza<\/td>\n<\/tr>\n<\/tbody>\n<\/table>\n<p>[\/vc_column_text][\/vc_column][\/vc_row][vc_row][vc_column][vc_empty_space height=&#8221;50px&#8221;][vc_column_text]<\/p>\n<p style=\"text-align: center;\">* Yukar\u0131daki veriler \u015feflerimiz taraf\u0131ndan ger\u00e7ekle\u015ftirilen ve cihaz\u0131n maksimum kapasitesini tahmin eden pi\u015firme testlerine dayanmaktad\u0131r.<br \/>\nSonu\u00e7lar kullan\u0131lan tarife ve malzemelere ba\u011fl\u0131 olarak de\u011fi\u015fkenlik g\u00f6sterebilir.[\/vc_column_text][vc_empty_space height=&#8221;50px&#8221;][elx_heading text_color=&#8221;inherit&#8221; text_align=&#8221;text-center&#8221;]Daha fazla bilgi almak i\u00e7in a\u015fa\u011f\u0131daki formu doldurunuz[\/elx_heading][vc_empty_space height=&#8221;15px&#8221;][elx_o2000_contact_us][vc_empty_space height=&#8221;15px&#8221;][\/vc_column][\/vc_row]<\/p>\n","protected":false},"excerpt":{"rendered":"<p>[vc_row full_width=&#8221;electroluxpro-full-width-no-padding&#8221;][vc_column][elx_full_banner title=&#8221;S\u00fcpermarketler&#8221; set_as_h1=&#8221;true&#8221; link=&#8221;url:https%3A%2F%2Fwww.electroluxprofessional.com%2Fwp-content%2Fuploads%2F2022%2F02%2FBR_BR-9JE00196_1_5_1_1_EPR-BrochureSkyLine-SupermarketSegment-EN-20211221-LR.pdf|title:Bro%C5%9F%C3%BCr%C3%BC%20indirin|target:_blank&#8221; background_image_media_library=&#8221;13215&#8243; background_image_media_library_mobile=&#8221;39072&#8243;][vc_empty_space][elx_heading text_color=&#8221;inherit&#8221; text_align=&#8221;text-center&#8221;]S\u00fcpermarket haz\u0131r yemek b\u00f6l\u00fcm\u00fc i\u00e7in \u00e7\u00f6z\u00fcmler[\/elx_heading][vc_empty_space][elx_button button_text=&#8221;BRO\u015e\u00dcR\u00dc \u0130ND\u0130R\u0130N\u0130Z&#8221; button_display_block=&#8221;display_block_on&#8221; button_alignment=&#8221;align_center&#8221; button_link=&#8221;url:https%3A%2F%2Fwww.electroluxprofessional.com%2Fwp-content%2Fuploads%2F2022%2F02%2FBR_BR-9JE00196_1_5_1_1_EPR-BrochureSkyLine-SupermarketSegment-EN-20211221-LR.pdf|target:_blank&#8221;][vc_empty_space height=&#8221;50px&#8221;][\/vc_column][\/vc_row][vc_row][vc_column][elx_heading text_color=&#8221;inherit&#8221; text_align=&#8221;text-center&#8221;]T\u00fcm g\u00fcn taze pi\u015fmi\u015f lezzetler[\/elx_heading][vc_column_text] Yeni nesil Electrolux Professional pi\u015firme cihazlar\u0131 ile ekmeklerinizin ve hamur i\u015flerinizin y\u00fcksek kalitesini standart hale getirin. Verimlili\u011finizde devrim yarat\u0131n. Her zaman haz\u0131r taze unlu mam\u00fcl\u00fcn\u00fcz olsun. [\/vc_column_text][vc_empty_space][\/vc_column][\/vc_row][vc_row][vc_column width=&#8221;1\/2&#8243;][vc_single_image image=&#8221;13216&#8243; [&hellip;]<\/p>\n","protected":false},"author":40,"featured_media":13215,"parent":1508,"menu_order":0,"comment_status":"closed","ping_status":"closed","template":"","meta":{"footnotes":""},"class_list":["post-13224","page","type-page","status-publish","has-post-thumbnail","hentry"],"acf":[],"yoast_head":"<!-- This site is optimized with the Yoast SEO plugin v23.3 - https:\/\/yoast.com\/wordpress\/plugins\/seo\/ -->\n<title>S\u00fcpermarketler - Electrolux Professional T\u00fcrkiye<\/title>\n<meta name=\"description\" content=\"S\u00fcpermarketler i\u00e7in haz\u0131r g\u0131da \u00e7\u00f6z\u00fcmleri: Taze lezzetler, \u00f6\u011fle yeme\u011fi se\u00e7enekleri, su\u015fi ve bal\u0131kla \u015fark\u00fcterinizi bistro bara d\u00f6n\u00fc\u015ft\u00fcr\u00fcn.\" \/>\n<meta name=\"robots\" content=\"index, follow, max-snippet:-1, max-image-preview:large, max-video-preview:-1\" \/>\n<link rel=\"canonical\" href=\"https:\/\/www.electroluxprofessional.com\/tr\/isletmenize-yonelik-cozumler\/supermarketler\/\" \/>\n<meta property=\"og:locale\" content=\"tr_TR\" \/>\n<meta property=\"og:type\" content=\"article\" \/>\n<meta property=\"og:title\" content=\"S\u00fcpermarketler - Electrolux Professional T\u00fcrkiye\" \/>\n<meta property=\"og:description\" content=\"S\u00fcpermarketler i\u00e7in haz\u0131r g\u0131da \u00e7\u00f6z\u00fcmleri: Taze lezzetler, \u00f6\u011fle yeme\u011fi se\u00e7enekleri, su\u015fi ve bal\u0131kla \u015fark\u00fcterinizi bistro bara d\u00f6n\u00fc\u015ft\u00fcr\u00fcn.\" \/>\n<meta property=\"og:url\" content=\"https:\/\/www.electroluxprofessional.com\/tr\/isletmenize-yonelik-cozumler\/supermarketler\/\" \/>\n<meta property=\"og:site_name\" content=\"Electrolux Professional T\u00fcrkiye\" \/>\n<meta property=\"article:modified_time\" content=\"2025-11-06T07:15:19+00:00\" \/>\n<meta property=\"og:image\" content=\"https:\/\/www.electroluxprofessional.com\/tr\/wp-content\/uploads\/2022\/02\/retail_banner_desk.jpg\" \/>\n\t<meta property=\"og:image:width\" content=\"1920\" \/>\n\t<meta property=\"og:image:height\" content=\"582\" \/>\n\t<meta property=\"og:image:type\" content=\"image\/jpeg\" \/>\n<meta name=\"twitter:card\" content=\"summary_large_image\" \/>\n<meta name=\"twitter:label1\" content=\"Tahmini okuma s\u00fcresi\" \/>\n\t<meta name=\"twitter:data1\" content=\"4 dakika\" \/>\n<script type=\"application\/ld+json\" class=\"yoast-schema-graph\">{\"@context\":\"https:\/\/schema.org\",\"@graph\":[{\"@type\":\"WebPage\",\"@id\":\"https:\/\/www.electroluxprofessional.com\/tr\/isletmenize-yonelik-cozumler\/supermarketler\/\",\"url\":\"https:\/\/www.electroluxprofessional.com\/tr\/isletmenize-yonelik-cozumler\/supermarketler\/\",\"name\":\"S\u00fcpermarketler - Electrolux Professional T\u00fcrkiye\",\"isPartOf\":{\"@id\":\"https:\/\/www.electroluxprofessional.com\/tr\/#website\"},\"primaryImageOfPage\":{\"@id\":\"https:\/\/www.electroluxprofessional.com\/tr\/isletmenize-yonelik-cozumler\/supermarketler\/#primaryimage\"},\"image\":{\"@id\":\"https:\/\/www.electroluxprofessional.com\/tr\/isletmenize-yonelik-cozumler\/supermarketler\/#primaryimage\"},\"thumbnailUrl\":\"https:\/\/www.electroluxprofessional.com\/tr\/wp-content\/uploads\/2022\/02\/retail_banner_desk.jpg\",\"datePublished\":\"2022-02-16T09:43:33+00:00\",\"dateModified\":\"2025-11-06T07:15:19+00:00\",\"description\":\"S\u00fcpermarketler i\u00e7in haz\u0131r g\u0131da \u00e7\u00f6z\u00fcmleri: Taze lezzetler, \u00f6\u011fle yeme\u011fi se\u00e7enekleri, su\u015fi ve bal\u0131kla \u015fark\u00fcterinizi bistro bara d\u00f6n\u00fc\u015ft\u00fcr\u00fcn.\",\"breadcrumb\":{\"@id\":\"https:\/\/www.electroluxprofessional.com\/tr\/isletmenize-yonelik-cozumler\/supermarketler\/#breadcrumb\"},\"inLanguage\":\"tr\",\"potentialAction\":[{\"@type\":\"ReadAction\",\"target\":[\"https:\/\/www.electroluxprofessional.com\/tr\/isletmenize-yonelik-cozumler\/supermarketler\/\"]}]},{\"@type\":\"ImageObject\",\"inLanguage\":\"tr\",\"@id\":\"https:\/\/www.electroluxprofessional.com\/tr\/isletmenize-yonelik-cozumler\/supermarketler\/#primaryimage\",\"url\":\"https:\/\/www.electroluxprofessional.com\/tr\/wp-content\/uploads\/2022\/02\/retail_banner_desk.jpg\",\"contentUrl\":\"https:\/\/www.electroluxprofessional.com\/tr\/wp-content\/uploads\/2022\/02\/retail_banner_desk.jpg\",\"width\":1920,\"height\":582,\"caption\":\"retail_banner_desk\"},{\"@type\":\"BreadcrumbList\",\"@id\":\"https:\/\/www.electroluxprofessional.com\/tr\/isletmenize-yonelik-cozumler\/supermarketler\/#breadcrumb\",\"itemListElement\":[{\"@type\":\"ListItem\",\"position\":1,\"name\":\"Home\",\"item\":\"https:\/\/www.electroluxprofessional.com\/tr\/\"},{\"@type\":\"ListItem\",\"position\":2,\"name\":\"\u0130\u015fletmenize Y\u00f6nelik \u00c7\u00f6z\u00fcmler\",\"item\":\"https:\/\/www.electroluxprofessional.com\/tr\/isletmenize-yonelik-cozumler\/\"},{\"@type\":\"ListItem\",\"position\":3,\"name\":\"S\u00fcpermarketler\"}]},{\"@type\":\"WebSite\",\"@id\":\"https:\/\/www.electroluxprofessional.com\/tr\/#website\",\"url\":\"https:\/\/www.electroluxprofessional.com\/tr\/\",\"name\":\"Electrolux Professional T\u00fcrkiye\",\"description\":\"\",\"potentialAction\":[{\"@type\":\"SearchAction\",\"target\":{\"@type\":\"EntryPoint\",\"urlTemplate\":\"https:\/\/www.electroluxprofessional.com\/tr\/?src={search_term_string}\"},\"query-input\":\"required name=search_term_string\"}],\"inLanguage\":\"tr\"}]}<\/script>\n<!-- \/ Yoast SEO plugin. -->","yoast_head_json":{"title":"S\u00fcpermarketler - Electrolux Professional T\u00fcrkiye","description":"S\u00fcpermarketler i\u00e7in haz\u0131r g\u0131da \u00e7\u00f6z\u00fcmleri: Taze lezzetler, \u00f6\u011fle yeme\u011fi se\u00e7enekleri, su\u015fi ve bal\u0131kla \u015fark\u00fcterinizi bistro bara d\u00f6n\u00fc\u015ft\u00fcr\u00fcn.","robots":{"index":"index","follow":"follow","max-snippet":"max-snippet:-1","max-image-preview":"max-image-preview:large","max-video-preview":"max-video-preview:-1"},"canonical":"https:\/\/www.electroluxprofessional.com\/tr\/isletmenize-yonelik-cozumler\/supermarketler\/","og_locale":"tr_TR","og_type":"article","og_title":"S\u00fcpermarketler - Electrolux Professional T\u00fcrkiye","og_description":"S\u00fcpermarketler i\u00e7in haz\u0131r g\u0131da \u00e7\u00f6z\u00fcmleri: Taze lezzetler, \u00f6\u011fle yeme\u011fi se\u00e7enekleri, su\u015fi ve bal\u0131kla \u015fark\u00fcterinizi bistro bara d\u00f6n\u00fc\u015ft\u00fcr\u00fcn.","og_url":"https:\/\/www.electroluxprofessional.com\/tr\/isletmenize-yonelik-cozumler\/supermarketler\/","og_site_name":"Electrolux Professional T\u00fcrkiye","article_modified_time":"2025-11-06T07:15:19+00:00","og_image":[{"width":1920,"height":582,"url":"https:\/\/www.electroluxprofessional.com\/tr\/wp-content\/uploads\/2022\/02\/retail_banner_desk.jpg","type":"image\/jpeg"}],"twitter_card":"summary_large_image","twitter_misc":{"Tahmini okuma s\u00fcresi":"4 dakika"},"schema":{"@context":"https:\/\/schema.org","@graph":[{"@type":"WebPage","@id":"https:\/\/www.electroluxprofessional.com\/tr\/isletmenize-yonelik-cozumler\/supermarketler\/","url":"https:\/\/www.electroluxprofessional.com\/tr\/isletmenize-yonelik-cozumler\/supermarketler\/","name":"S\u00fcpermarketler - Electrolux Professional T\u00fcrkiye","isPartOf":{"@id":"https:\/\/www.electroluxprofessional.com\/tr\/#website"},"primaryImageOfPage":{"@id":"https:\/\/www.electroluxprofessional.com\/tr\/isletmenize-yonelik-cozumler\/supermarketler\/#primaryimage"},"image":{"@id":"https:\/\/www.electroluxprofessional.com\/tr\/isletmenize-yonelik-cozumler\/supermarketler\/#primaryimage"},"thumbnailUrl":"https:\/\/www.electroluxprofessional.com\/tr\/wp-content\/uploads\/2022\/02\/retail_banner_desk.jpg","datePublished":"2022-02-16T09:43:33+00:00","dateModified":"2025-11-06T07:15:19+00:00","description":"S\u00fcpermarketler i\u00e7in haz\u0131r g\u0131da \u00e7\u00f6z\u00fcmleri: Taze lezzetler, \u00f6\u011fle yeme\u011fi se\u00e7enekleri, su\u015fi ve bal\u0131kla \u015fark\u00fcterinizi bistro bara d\u00f6n\u00fc\u015ft\u00fcr\u00fcn.","breadcrumb":{"@id":"https:\/\/www.electroluxprofessional.com\/tr\/isletmenize-yonelik-cozumler\/supermarketler\/#breadcrumb"},"inLanguage":"tr","potentialAction":[{"@type":"ReadAction","target":["https:\/\/www.electroluxprofessional.com\/tr\/isletmenize-yonelik-cozumler\/supermarketler\/"]}]},{"@type":"ImageObject","inLanguage":"tr","@id":"https:\/\/www.electroluxprofessional.com\/tr\/isletmenize-yonelik-cozumler\/supermarketler\/#primaryimage","url":"https:\/\/www.electroluxprofessional.com\/tr\/wp-content\/uploads\/2022\/02\/retail_banner_desk.jpg","contentUrl":"https:\/\/www.electroluxprofessional.com\/tr\/wp-content\/uploads\/2022\/02\/retail_banner_desk.jpg","width":1920,"height":582,"caption":"retail_banner_desk"},{"@type":"BreadcrumbList","@id":"https:\/\/www.electroluxprofessional.com\/tr\/isletmenize-yonelik-cozumler\/supermarketler\/#breadcrumb","itemListElement":[{"@type":"ListItem","position":1,"name":"Home","item":"https:\/\/www.electroluxprofessional.com\/tr\/"},{"@type":"ListItem","position":2,"name":"\u0130\u015fletmenize Y\u00f6nelik \u00c7\u00f6z\u00fcmler","item":"https:\/\/www.electroluxprofessional.com\/tr\/isletmenize-yonelik-cozumler\/"},{"@type":"ListItem","position":3,"name":"S\u00fcpermarketler"}]},{"@type":"WebSite","@id":"https:\/\/www.electroluxprofessional.com\/tr\/#website","url":"https:\/\/www.electroluxprofessional.com\/tr\/","name":"Electrolux Professional T\u00fcrkiye","description":"","potentialAction":[{"@type":"SearchAction","target":{"@type":"EntryPoint","urlTemplate":"https:\/\/www.electroluxprofessional.com\/tr\/?src={search_term_string}"},"query-input":"required name=search_term_string"}],"inLanguage":"tr"}]}},"_links":{"self":[{"href":"https:\/\/www.electroluxprofessional.com\/tr\/wp-json\/wp\/v2\/pages\/13224"}],"collection":[{"href":"https:\/\/www.electroluxprofessional.com\/tr\/wp-json\/wp\/v2\/pages"}],"about":[{"href":"https:\/\/www.electroluxprofessional.com\/tr\/wp-json\/wp\/v2\/types\/page"}],"author":[{"embeddable":true,"href":"https:\/\/www.electroluxprofessional.com\/tr\/wp-json\/wp\/v2\/users\/40"}],"replies":[{"embeddable":true,"href":"https:\/\/www.electroluxprofessional.com\/tr\/wp-json\/wp\/v2\/comments?post=13224"}],"version-history":[{"count":20,"href":"https:\/\/www.electroluxprofessional.com\/tr\/wp-json\/wp\/v2\/pages\/13224\/revisions"}],"predecessor-version":[{"id":22972,"href":"https:\/\/www.electroluxprofessional.com\/tr\/wp-json\/wp\/v2\/pages\/13224\/revisions\/22972"}],"up":[{"embeddable":true,"href":"https:\/\/www.electroluxprofessional.com\/tr\/wp-json\/wp\/v2\/pages\/1508"}],"wp:featuredmedia":[{"embeddable":true,"href":"https:\/\/www.electroluxprofessional.com\/tr\/wp-json\/wp\/v2\/media\/13215"}],"wp:attachment":[{"href":"https:\/\/www.electroluxprofessional.com\/tr\/wp-json\/wp\/v2\/media?parent=13224"}],"curies":[{"name":"wp","href":"https:\/\/api.w.org\/{rel}","templated":true}]}}