{"id":1320,"date":"2016-12-19T16:15:56","date_gmt":"2016-12-19T16:15:56","guid":{"rendered":"https:\/\/www.electroluxprofessional.com\/?page_id=7612"},"modified":"2025-10-21T12:18:10","modified_gmt":"2025-10-21T12:18:10","slug":"electrolux-sef-akademi","status":"publish","type":"page","link":"https:\/\/www.electroluxprofessional.com\/tr\/sefin-dunyasi\/electrolux-sef-akademi\/","title":{"rendered":"Electrolux Professional \u015eef Akademi"},"content":{"rendered":"<p>[vc_row full_width=&#8221;electroluxpro-full-width-no-padding&#8221;][vc_column][elx_image_block background_image=&#8221;1317&#8243; minimum_height=&#8221;300px&#8221;][\/vc_column][\/vc_row][vc_row][vc_column][elx_heading font_container=&#8221;h1&#8243; text_color=&#8221;inherit&#8221;]Electrolux Professional \u015eef Akademi[\/elx_heading][elx_heading text_color=&#8221;inherit&#8221; css=&#8221;.vc_custom_1754058112880{margin-top: -80px !important;border-top-width: -80px !important;padding-top: -80px !important;}&#8221;]M\u00fc\u015fteri odakl\u0131l\u0131\u011fa adanm\u0131\u015f k\u00fcresel bir kurum k\u00fclt\u00fcr\u00fc[\/elx_heading][vc_empty_space][\/vc_column][\/vc_row][vc_row][vc_column width=&#8221;2\/3&#8243;][vc_column_text]<strong>Electrolux Professional \u015eef Akademisi<\/strong>, d\u00fcnya \u00e7ap\u0131nda bir ilham merkezidir. Deneyimli mutfak dan\u0131\u015fmanlar\u0131 ve uzman \u015feflerden olu\u015fan bir ekip taraf\u0131ndan y\u00f6netilen bu k\u00fcresel a\u011f, ger\u00e7ekten e\u015fsizdir.<\/p>\n<p><strong>M\u00fc\u015fterilerin ihtiya\u00e7lar\u0131n\u0131 ve beklentilerini dinlemeye ve \u00f6ng\u00f6rmeye<\/strong> tamamen adanm\u0131\u015ft\u0131r; onlar\u0131n i\u015flerini geli\u015ftirmeleri ve b\u00fcy\u00fctmeleri i\u00e7in en uygun \u00e7\u00f6z\u00fcmleri sunmay\u0131 hedefler.<\/p>\n<p>Electrolux Professional \u015eef Akademisi, i\u015f yapma bi\u00e7iminde yeni bir yakla\u015f\u0131m sunmak \u00fczere do\u011fmu\u015ftur: Bu yakla\u015f\u0131m\u0131n temel bile\u015fenleri,\u00a0m\u00fc\u015fteriyle s\u00fcrekli diyalog\u00a0ve\u00a0i\u015f ba\u015f\u0131nda \u00f6\u011frenmeye dayal\u0131 bir e\u011fitim anlay\u0131\u015f\u0131d\u0131r.<\/p>\n<p>\u015eefler taraf\u0131ndan ger\u00e7ekle\u015ftirilen canl\u0131 pi\u015firme g\u00f6sterileri ve \u00fcr\u00fcn sunumlar\u0131 s\u0131ras\u0131nda <strong>herkes fikirlerini, en iyi uygulamalar\u0131 ve kar\u015f\u0131la\u015ft\u0131\u011f\u0131 zorluklar\u0131 payla\u015fmaya davet edilir;<\/strong> \u00e7\u00f6z\u00fcmler ise birlikte test edilir ve uygulamal\u0131 deneyimle geli\u015ftirilir.[\/vc_column_text][\/vc_column][vc_column width=&#8221;1\/3&#8243;][elx_image_block background_image=&#8221;19649&#8243; minimum_height=&#8221;200px&#8221;][\/vc_column][\/vc_row][vc_row][vc_column][vc_empty_space height=&#8221;20px&#8221;][elx_heading font_container=&#8221;h3&#8243; text_color=&#8221;inherit&#8221; text_align=&#8221;text-center&#8221;]Daha fazla bilgi almak i\u00e7in bizimle ileti\u015fime ge\u00e7in[\/elx_heading][elx_o2000_contact_us s=&#8221;Request of information about chef sessions&#8221; container=&#8221;elxcontactus1482162874&#8243; r=&#8221;\u015eef oturumlar\u0131n\u0131z hakk\u0131nda daha fazla bilgi edinmek istiyorum, l\u00fctfen benimle ileti\u015fime ge\u00e7in.&#8221; l=&#8221;tr&#8221;][vc_empty_space][\/vc_column][\/vc_row][vc_row][vc_column width=&#8221;1\/3&#8243;][elx_maylike_box id_box=&#8221;1145&#8243;][\/vc_column][vc_column width=&#8221;1\/3&#8243;][elx_maylike_box id_box=&#8221;1197&#8243;][\/vc_column][vc_column width=&#8221;1\/3&#8243;][elx_maylike_box id_box=&#8221;1148&#8243;][\/vc_column][\/vc_row]<\/p>\n","protected":false},"excerpt":{"rendered":"<p>[vc_row full_width=&#8221;electroluxpro-full-width-no-padding&#8221;][vc_column][elx_image_block background_image=&#8221;1317&#8243; minimum_height=&#8221;300px&#8221;][\/vc_column][\/vc_row][vc_row][vc_column][elx_heading font_container=&#8221;h1&#8243; text_color=&#8221;inherit&#8221;]Electrolux Professional \u015eef Akademi[\/elx_heading][elx_heading text_color=&#8221;inherit&#8221; css=&#8221;.vc_custom_1754058112880{margin-top: -80px !important;border-top-width: -80px !important;padding-top: -80px !important;}&#8221;]M\u00fc\u015fteri odakl\u0131l\u0131\u011fa adanm\u0131\u015f k\u00fcresel bir kurum k\u00fclt\u00fcr\u00fc[\/elx_heading][vc_empty_space][\/vc_column][\/vc_row][vc_row][vc_column width=&#8221;2\/3&#8243;][vc_column_text]Electrolux Professional \u015eef Akademisi, d\u00fcnya \u00e7ap\u0131nda bir ilham merkezidir. Deneyimli mutfak dan\u0131\u015fmanlar\u0131 ve uzman \u015feflerden olu\u015fan bir ekip taraf\u0131ndan y\u00f6netilen bu k\u00fcresel a\u011f, ger\u00e7ekten e\u015fsizdir. M\u00fc\u015fterilerin ihtiya\u00e7lar\u0131n\u0131 ve beklentilerini dinlemeye ve \u00f6ng\u00f6rmeye [&hellip;]<\/p>\n","protected":false},"author":3,"featured_media":1317,"parent":1152,"menu_order":0,"comment_status":"closed","ping_status":"closed","template":"","meta":{"footnotes":""},"class_list":["post-1320","page","type-page","status-publish","has-post-thumbnail","hentry"],"acf":[],"yoast_head":"<!-- This site is optimized with the Yoast SEO plugin v23.3 - https:\/\/yoast.com\/wordpress\/plugins\/seo\/ -->\n<title>Electrolux Professional \u015eef Akademi - Electrolux Professional<\/title>\n<meta name=\"description\" content=\"Electrolux Professional \u015eef Akademisi: Seminerlerde dan\u0131\u015fmanl\u0131k yapan, dinleyen ve e\u011fiten d\u00fcnyan\u0131n her yerinden altm\u0131\u015f \u015fef.\" \/>\n<meta name=\"robots\" content=\"index, follow, max-snippet:-1, max-image-preview:large, max-video-preview:-1\" \/>\n<link rel=\"canonical\" href=\"https:\/\/www.electroluxprofessional.com\/tr\/sefin-dunyasi\/electrolux-sef-akademi\/\" \/>\n<meta property=\"og:locale\" content=\"tr_TR\" \/>\n<meta property=\"og:type\" content=\"article\" \/>\n<meta property=\"og:title\" content=\"Electrolux Professional \u015eef Akademi - Electrolux Professional\" \/>\n<meta property=\"og:description\" content=\"Electrolux Professional \u015eef Akademisi: Seminerlerde dan\u0131\u015fmanl\u0131k yapan, dinleyen ve e\u011fiten d\u00fcnyan\u0131n her yerinden altm\u0131\u015f \u015fef.\" \/>\n<meta property=\"og:url\" content=\"https:\/\/www.electroluxprofessional.com\/tr\/sefin-dunyasi\/electrolux-sef-akademi\/\" \/>\n<meta property=\"og:site_name\" content=\"Electrolux Professional T\u00fcrkiye\" \/>\n<meta property=\"article:modified_time\" content=\"2025-10-21T12:18:10+00:00\" \/>\n<meta property=\"og:image\" content=\"https:\/\/www.electroluxprofessional.com\/tr\/wp-content\/uploads\/2016\/12\/recipe.jpg\" \/>\n\t<meta property=\"og:image:width\" content=\"2000\" \/>\n\t<meta property=\"og:image:height\" content=\"1331\" \/>\n\t<meta property=\"og:image:type\" content=\"image\/jpeg\" \/>\n<meta name=\"twitter:card\" content=\"summary_large_image\" \/>\n<meta name=\"twitter:label1\" content=\"Tahmini okuma s\u00fcresi\" \/>\n\t<meta name=\"twitter:data1\" content=\"2 dakika\" \/>\n<script type=\"application\/ld+json\" class=\"yoast-schema-graph\">{\"@context\":\"https:\/\/schema.org\",\"@graph\":[{\"@type\":\"WebPage\",\"@id\":\"https:\/\/www.electroluxprofessional.com\/tr\/sefin-dunyasi\/electrolux-sef-akademi\/\",\"url\":\"https:\/\/www.electroluxprofessional.com\/tr\/sefin-dunyasi\/electrolux-sef-akademi\/\",\"name\":\"Electrolux Professional \u015eef Akademi - Electrolux Professional\",\"isPartOf\":{\"@id\":\"https:\/\/www.electroluxprofessional.com\/tr\/#website\"},\"primaryImageOfPage\":{\"@id\":\"https:\/\/www.electroluxprofessional.com\/tr\/sefin-dunyasi\/electrolux-sef-akademi\/#primaryimage\"},\"image\":{\"@id\":\"https:\/\/www.electroluxprofessional.com\/tr\/sefin-dunyasi\/electrolux-sef-akademi\/#primaryimage\"},\"thumbnailUrl\":\"https:\/\/www.electroluxprofessional.com\/tr\/wp-content\/uploads\/2016\/12\/recipe.jpg\",\"datePublished\":\"2016-12-19T16:15:56+00:00\",\"dateModified\":\"2025-10-21T12:18:10+00:00\",\"description\":\"Electrolux Professional \u015eef Akademisi: Seminerlerde dan\u0131\u015fmanl\u0131k yapan, dinleyen ve e\u011fiten d\u00fcnyan\u0131n her yerinden altm\u0131\u015f \u015fef.\",\"breadcrumb\":{\"@id\":\"https:\/\/www.electroluxprofessional.com\/tr\/sefin-dunyasi\/electrolux-sef-akademi\/#breadcrumb\"},\"inLanguage\":\"tr\",\"potentialAction\":[{\"@type\":\"ReadAction\",\"target\":[\"https:\/\/www.electroluxprofessional.com\/tr\/sefin-dunyasi\/electrolux-sef-akademi\/\"]}]},{\"@type\":\"ImageObject\",\"inLanguage\":\"tr\",\"@id\":\"https:\/\/www.electroluxprofessional.com\/tr\/sefin-dunyasi\/electrolux-sef-akademi\/#primaryimage\",\"url\":\"https:\/\/www.electroluxprofessional.com\/tr\/wp-content\/uploads\/2016\/12\/recipe.jpg\",\"contentUrl\":\"https:\/\/www.electroluxprofessional.com\/tr\/wp-content\/uploads\/2016\/12\/recipe.jpg\",\"width\":2000,\"height\":1331,\"caption\":\"Electrolux Professional Chef Academy\"},{\"@type\":\"BreadcrumbList\",\"@id\":\"https:\/\/www.electroluxprofessional.com\/tr\/sefin-dunyasi\/electrolux-sef-akademi\/#breadcrumb\",\"itemListElement\":[{\"@type\":\"ListItem\",\"position\":1,\"name\":\"Home\",\"item\":\"https:\/\/www.electroluxprofessional.com\/tr\/\"},{\"@type\":\"ListItem\",\"position\":2,\"name\":\"\u015eef&#8217;in D\u00fcnyas\u0131\",\"item\":\"https:\/\/www.electroluxprofessional.com\/tr\/sefin-dunyasi\/\"},{\"@type\":\"ListItem\",\"position\":3,\"name\":\"Electrolux Professional \u015eef Akademi\"}]},{\"@type\":\"WebSite\",\"@id\":\"https:\/\/www.electroluxprofessional.com\/tr\/#website\",\"url\":\"https:\/\/www.electroluxprofessional.com\/tr\/\",\"name\":\"Electrolux Professional T\u00fcrkiye\",\"description\":\"\",\"potentialAction\":[{\"@type\":\"SearchAction\",\"target\":{\"@type\":\"EntryPoint\",\"urlTemplate\":\"https:\/\/www.electroluxprofessional.com\/tr\/?src={search_term_string}\"},\"query-input\":\"required name=search_term_string\"}],\"inLanguage\":\"tr\"}]}<\/script>\n<!-- \/ Yoast SEO plugin. -->","yoast_head_json":{"title":"Electrolux Professional \u015eef Akademi - Electrolux Professional","description":"Electrolux Professional \u015eef Akademisi: Seminerlerde dan\u0131\u015fmanl\u0131k yapan, dinleyen ve e\u011fiten d\u00fcnyan\u0131n her yerinden altm\u0131\u015f \u015fef.","robots":{"index":"index","follow":"follow","max-snippet":"max-snippet:-1","max-image-preview":"max-image-preview:large","max-video-preview":"max-video-preview:-1"},"canonical":"https:\/\/www.electroluxprofessional.com\/tr\/sefin-dunyasi\/electrolux-sef-akademi\/","og_locale":"tr_TR","og_type":"article","og_title":"Electrolux Professional \u015eef Akademi - Electrolux Professional","og_description":"Electrolux Professional \u015eef Akademisi: Seminerlerde dan\u0131\u015fmanl\u0131k yapan, dinleyen ve e\u011fiten d\u00fcnyan\u0131n her yerinden altm\u0131\u015f \u015fef.","og_url":"https:\/\/www.electroluxprofessional.com\/tr\/sefin-dunyasi\/electrolux-sef-akademi\/","og_site_name":"Electrolux Professional T\u00fcrkiye","article_modified_time":"2025-10-21T12:18:10+00:00","og_image":[{"width":2000,"height":1331,"url":"https:\/\/www.electroluxprofessional.com\/tr\/wp-content\/uploads\/2016\/12\/recipe.jpg","type":"image\/jpeg"}],"twitter_card":"summary_large_image","twitter_misc":{"Tahmini okuma s\u00fcresi":"2 dakika"},"schema":{"@context":"https:\/\/schema.org","@graph":[{"@type":"WebPage","@id":"https:\/\/www.electroluxprofessional.com\/tr\/sefin-dunyasi\/electrolux-sef-akademi\/","url":"https:\/\/www.electroluxprofessional.com\/tr\/sefin-dunyasi\/electrolux-sef-akademi\/","name":"Electrolux Professional \u015eef Akademi - Electrolux Professional","isPartOf":{"@id":"https:\/\/www.electroluxprofessional.com\/tr\/#website"},"primaryImageOfPage":{"@id":"https:\/\/www.electroluxprofessional.com\/tr\/sefin-dunyasi\/electrolux-sef-akademi\/#primaryimage"},"image":{"@id":"https:\/\/www.electroluxprofessional.com\/tr\/sefin-dunyasi\/electrolux-sef-akademi\/#primaryimage"},"thumbnailUrl":"https:\/\/www.electroluxprofessional.com\/tr\/wp-content\/uploads\/2016\/12\/recipe.jpg","datePublished":"2016-12-19T16:15:56+00:00","dateModified":"2025-10-21T12:18:10+00:00","description":"Electrolux Professional \u015eef Akademisi: Seminerlerde dan\u0131\u015fmanl\u0131k yapan, dinleyen ve e\u011fiten d\u00fcnyan\u0131n her yerinden altm\u0131\u015f \u015fef.","breadcrumb":{"@id":"https:\/\/www.electroluxprofessional.com\/tr\/sefin-dunyasi\/electrolux-sef-akademi\/#breadcrumb"},"inLanguage":"tr","potentialAction":[{"@type":"ReadAction","target":["https:\/\/www.electroluxprofessional.com\/tr\/sefin-dunyasi\/electrolux-sef-akademi\/"]}]},{"@type":"ImageObject","inLanguage":"tr","@id":"https:\/\/www.electroluxprofessional.com\/tr\/sefin-dunyasi\/electrolux-sef-akademi\/#primaryimage","url":"https:\/\/www.electroluxprofessional.com\/tr\/wp-content\/uploads\/2016\/12\/recipe.jpg","contentUrl":"https:\/\/www.electroluxprofessional.com\/tr\/wp-content\/uploads\/2016\/12\/recipe.jpg","width":2000,"height":1331,"caption":"Electrolux Professional Chef Academy"},{"@type":"BreadcrumbList","@id":"https:\/\/www.electroluxprofessional.com\/tr\/sefin-dunyasi\/electrolux-sef-akademi\/#breadcrumb","itemListElement":[{"@type":"ListItem","position":1,"name":"Home","item":"https:\/\/www.electroluxprofessional.com\/tr\/"},{"@type":"ListItem","position":2,"name":"\u015eef&#8217;in D\u00fcnyas\u0131","item":"https:\/\/www.electroluxprofessional.com\/tr\/sefin-dunyasi\/"},{"@type":"ListItem","position":3,"name":"Electrolux Professional \u015eef Akademi"}]},{"@type":"WebSite","@id":"https:\/\/www.electroluxprofessional.com\/tr\/#website","url":"https:\/\/www.electroluxprofessional.com\/tr\/","name":"Electrolux Professional T\u00fcrkiye","description":"","potentialAction":[{"@type":"SearchAction","target":{"@type":"EntryPoint","urlTemplate":"https:\/\/www.electroluxprofessional.com\/tr\/?src={search_term_string}"},"query-input":"required name=search_term_string"}],"inLanguage":"tr"}]}},"_links":{"self":[{"href":"https:\/\/www.electroluxprofessional.com\/tr\/wp-json\/wp\/v2\/pages\/1320"}],"collection":[{"href":"https:\/\/www.electroluxprofessional.com\/tr\/wp-json\/wp\/v2\/pages"}],"about":[{"href":"https:\/\/www.electroluxprofessional.com\/tr\/wp-json\/wp\/v2\/types\/page"}],"author":[{"embeddable":true,"href":"https:\/\/www.electroluxprofessional.com\/tr\/wp-json\/wp\/v2\/users\/3"}],"replies":[{"embeddable":true,"href":"https:\/\/www.electroluxprofessional.com\/tr\/wp-json\/wp\/v2\/comments?post=1320"}],"version-history":[{"count":14,"href":"https:\/\/www.electroluxprofessional.com\/tr\/wp-json\/wp\/v2\/pages\/1320\/revisions"}],"predecessor-version":[{"id":22713,"href":"https:\/\/www.electroluxprofessional.com\/tr\/wp-json\/wp\/v2\/pages\/1320\/revisions\/22713"}],"up":[{"embeddable":true,"href":"https:\/\/www.electroluxprofessional.com\/tr\/wp-json\/wp\/v2\/pages\/1152"}],"wp:featuredmedia":[{"embeddable":true,"href":"https:\/\/www.electroluxprofessional.com\/tr\/wp-json\/wp\/v2\/media\/1317"}],"wp:attachment":[{"href":"https:\/\/www.electroluxprofessional.com\/tr\/wp-json\/wp\/v2\/media?parent=1320"}],"curies":[{"name":"wp","href":"https:\/\/api.w.org\/{rel}","templated":true}]}}