{"id":12253,"date":"2021-05-13T20:40:59","date_gmt":"2021-05-13T18:40:59","guid":{"rendered":"https:\/\/www.electroluxprofessional.com\/?page_id=35306"},"modified":"2025-11-28T14:15:31","modified_gmt":"2025-11-28T14:15:31","slug":"lagoon-advanced-care","status":"publish","type":"page","link":"https:\/\/www.electroluxprofessional.com\/tr\/ticari-camasirhane-ekipmanlari\/lagoon-advanced-care\/","title":{"rendered":"lagoon Advanced Care"},"content":{"rendered":"<p>[vc_row full_width=&#8221;electroluxpro-full-width-no-padding&#8221;][vc_column][elx_image_block background_image=&#8221;22764&#8243; minimum_height=&#8221;400px&#8221;][vc_empty_space][\/vc_column][\/vc_row][vc_row][vc_column][elx_text_image style_image=&#8221;image_horizontal&#8221; bg_row=&#8221;bg-download-white&#8221; title=&#8221;lagoon\u00ae Advanced Care<br \/>\nProfesyonel Tekstil Bak\u0131m\u0131nda Yeni Bir \u00c7a\u011f&#8221; lists=&#8221;%5B%7B%7D%5D&#8221; single_image=&#8221;22765&#8243; values=&#8221;%5B%7B%22tag_icon_title%22%3A%22h4%22%7D%5D&#8221;]Hassas giysiler, deri \u00fcr\u00fcnler ve ayakkab\u0131lar: lagoon<sup>\u00ae<\/sup>\u00a0Advanced Care, her kuru temizleme makinesinin yerini 1:1 oran\u0131nda alabilen tek \u0131slak temizleme sistemi\u2014hem de tamamen s\u00fcrd\u00fcr\u00fclebilir bir yakla\u015f\u0131mla.<\/p>\n<p>20 y\u0131ll\u0131k sekt\u00f6r lideri uzmanl\u0131\u011f\u0131n sundu\u011fu avantajlar\u0131 ke\u015ffedin.[\/elx_text_image][vc_empty_space][\/vc_column][\/vc_row][vc_row full_width=&#8221;electroluxpro-full-width-no-padding&#8221; css=&#8221;.vc_custom_1760693381960{border-top-width: 50px !important;border-right-width: 50px !important;border-bottom-width: 50px !important;border-left-width: 100px !important;background-color: #cfe5e9 !important;border-left-color: #cfe5e9 !important;border-right-color: #cfe5e9 !important;border-top-color: #cfe5e9 !important;border-bottom-color: #cfe5e9 !important;border-radius: 30px !important;}&#8221;][vc_column][vc_empty_space height=&#8221;40px&#8221;][elx_video_text link_video=&#8221;https:\/\/www.youtube.com\/watch?v=7K5bqGuzFgE&#8221; title=&#8221;20 Y\u0131ll\u0131k Yenili\u011fi Kutluyoruz&#8221; tag_title=&#8221;h3&#8243; bg_row=&#8221;bg-download-blue&#8221; color_text_row=&#8221;text-white&#8221; image_preview=&#8221;22766&#8243;]Her \u015fey 90\u2019l\u0131 y\u0131llarda, Perkloroetilen\u2019e alternatif bulmak i\u00e7in sekt\u00f6r uzmanlar\u0131yla i\u015f birli\u011fi yapmam\u0131zla ba\u015flad\u0131. 2005\u2019te The Woolmark Company lagoon\u00ae\u2019u onaylad\u0131 ve o g\u00fcnden bu yana hem kuma\u015flar hem de i\u015fletmeler i\u00e7in g\u00fcvenilir ve s\u00fcrd\u00fcr\u00fclebilir sonu\u00e7lar sunan bir \u0131slak temizleme \u00e7\u00f6z\u00fcm\u00fcn\u00fc m\u00fckemmelle\u015ftiriyoruz.[\/elx_video_text][vc_empty_space height=&#8221;40px&#8221;][\/vc_column][\/vc_row][vc_row full_width=&#8221;electroluxpro-full-width-no-padding&#8221;][vc_column][vc_empty_space][elx_features_download title=&#8221;Hassas Bak\u0131m. G\u00fc\u00e7l\u00fc Etki.&#8221; title_download=&#8221;\u0130ndirin&#8221; bg_row=&#8221;bg-row-light-blue&#8221; values=&#8221;%5B%7B%22select_type%22%3A%22link%22%2C%22link_download%22%3A%22url%3Ahttps%253A%252F%252Ftools.electroluxprofessional.com%252FMirror%252FDoc%252FELS%252FBRO%252FEPR-LAC-brochure-19022025_EN.pdf%7Ctitle%3Alagoon%2520Advanced%2520Care%2520(EN)%7Ctarget%3A_blank%22%2C%22label_pride_document%22%3A%22lagoon%20Advanced%20Care%22%2C%22document_type%22%3A%22brochures%22%2C%22br_document_number%22%3A%22A0114%22%7D%5D&#8221; discover=&#8221;%5B%7B%7D%5D&#8221; features=&#8221;%5B%7B%22icon_electroluxpro%22%3A%22elx-icon%20icon-watch%22%2C%22title_icon%22%3A%2255%20Dakikada%20Kurudan%20Kuruya%22%2C%22tag_icon_title%22%3A%22h4%22%2C%22text_icon%22%3A%22Ak%C4%B1ll%C4%B1%20deterjanlar%20ve%20yenilik%C3%A7i%20s%C3%BCre%C3%A7ler%20sayesinde%20giysiler%2C%20ask%C4%B1da%20kurutma%20gerektirmeden%20do%C4%9Frudan%20kurutucuda%20kurutulur.%5CnTamamen%20kuruyan%20giysiler%20k%C4%B1r%C4%B1%C5%9Fmaz%20ve%20son%20%C3%BCt%C3%BCleme%20veya%20bitirme%20i%C5%9Flemleri%20kolayca%20yap%C4%B1l%C4%B1r.%22%7D%2C%7B%22icon_electroluxpro%22%3A%22elx-icon%20icon-solvet%22%2C%22title_icon%22%3A%22Solvent%20Bazl%C4%B1%20Temizli%C4%9Fe%20Elveda%22%2C%22tag_icon_title%22%3A%22h4%22%2C%22text_icon%22%3A%22Her%20t%C3%BCr%20giysi%20ve%20tekstil%2C%20%C3%A7o%C4%9Fu%20deri%20t%C3%BCr%C3%BC%20ve%20hatta%20ayakkab%C4%B1lar%20lagoon%3Csup%3E%C2%AE%3C%2Fsup%3E%20Advanced%20Care%20%20ile%20optimum%20%C3%B6zenle%2C%20ger%C3%A7ekten%20%C3%A7evre%20dostu%20bir%20%C5%9Fekilde%20temizlenebilir.%22%7D%2C%7B%22icon_electroluxpro%22%3A%22elx-icon%20icon-circle-graphic-blue%22%2C%22title_icon%22%3A%22H%C4%B1zl%C4%B1%20Yat%C4%B1r%C4%B1m%20Geri%20D%C3%B6n%C3%BC%C5%9F%C3%BC%22%2C%22tag_icon_title%22%3A%22h4%22%2C%22text_icon%22%3A%22lagoon%3Csup%3E%C2%AE%3C%2Fsup%3E%C2%A0Advanced%20Care%2C%20daha%20y%C3%BCksek%20y%C3%BCkleme%20kapasitesi%2C%20daha%20az%20%C3%B6n%20leke%20%C3%A7%C4%B1karma%2C%20kolay%20bitirme%20ve%20daha%20h%C4%B1zl%C4%B1%20i%C5%9Flem%20s%C3%BCresiyle%20i%C5%9Fletmenize%20de%C4%9Fer%20katar.%22%7D%5D&#8221;][\/elx_features_download][vc_empty_space][\/vc_column][\/vc_row][vc_row full_width=&#8221;electroluxpro-full-width-no-padding&#8221;][vc_column][vc_empty_space height=&#8221;40px&#8221;][\/vc_column][\/vc_row][vc_row][vc_column width=&#8221;2\/3&#8243;][vc_column_text]<\/p>\n<div style=\"max-height: 412px; width: 100%; display: flex; justify-content: center; align-items: center; background-color: #000;\"><video style=\"max-height: 412px; width: 100%; height: auto; max-width: 100%;\" poster=\"https:\/\/www.electroluxprofessional.com\/tr\/wp-content\/uploads\/2025\/10\/cover-process-video-1.png\" controls=\"controls\" width=\"300\" height=\"150\"><br \/><source src=\"https:\/\/www.electroluxprofessional.com\/tr\/wp-content\/uploads\/2025\/10\/EPR_lagoon_Advanced_Care_ENG_1-1_2.mp4\" type=\"video\/mp4\" \/><br \/><\/video><\/div>\n<p>[\/vc_column_text][\/vc_column][vc_column width=&#8221;1\/3&#8243;][elx_heading text_color=&#8221;inherit&#8221;]M\u00fckemmel ve h\u0131zl\u0131 sonu\u00e7lar[\/elx_heading][vc_column_text]<strong data-start=\"116\" data-end=\"141\">lagoon<sup>\u00ae<\/sup>\u00a0Advanced Care<\/strong>, sadece 55 dakikada kusursuz sonu\u00e7lar sunar.<br \/>\nAk\u0131ll\u0131 deterjanlar ve hassas su kontrol\u00fc sayesinde giysiler yumu\u015fak, ferah ve giyilmeye haz\u0131r \u00e7\u0131kar. Verimlilik ve performans i\u00e7in tasarlanan sistem, kaliteyi en \u00fcst seviyede tutarken \u00fcretkenli\u011fi art\u0131r\u0131r.[\/vc_column_text][\/vc_column][\/vc_row][vc_row full_width=&#8221;electroluxpro-full-width-no-padding&#8221;][vc_column][vc_empty_space height=&#8221;40px&#8221;][\/vc_column][\/vc_row][vc_row][vc_column][elx_multiple_columns number_columns=&#8221;3&#8243; bg_row=&#8221;bg-download-white&#8221; title=&#8221;Ak\u0131ll\u0131 Bak\u0131m, Sertifikal\u0131 Sonu\u00e7lar&#8221; values=&#8221;%5B%7B%22image_section%22%3A%2222768%22%2C%22title_section%22%3A%22Woolmark%20onayl%C4%B1%5CnG%C3%BCven%20Garantisi%22%2C%22text_section%22%3A%222005%E2%80%99ten%20bu%20yana%2C%20y%C3%BCn%20bak%C4%B1m%C4%B1nda%20lider%20The%20Woolmark%20Company%20ile%20yan%20yana%20%C3%A7al%C4%B1%C5%9F%C4%B1yoruz.%20lagoon%3Csup%3E%C2%AE%3C%2Fsup%3E%C2%A0Advanced%20Care%20%2C%20hassas%20giysileri%20g%C3%BCvenli%20ve%20s%C3%BCrd%C3%BCr%C3%BClebilir%20%C5%9Fekilde%20temizlemek%20i%C3%A7in%20tasarlanm%C4%B1%C5%9F%20%C3%A7%C3%B6z%C3%BCmd%C3%BCr.%22%2C%22button_style%22%3A%22secondary%22%7D%2C%7B%22image_section%22%3A%2222769%22%2C%22title_section%22%3A%22Bilimle%20test%20edildi%5CnSonu%C3%A7larla%20kan%C4%B1tland%C4%B1%22%2C%22text_section%22%3A%22Ba%C4%9F%C4%B1ms%C4%B1z%20Hohenstein%20Enstit%C3%BCs%C3%BC%20testleri%2C%20lagoon%3Csup%3E%C2%AE%3C%2Fsup%3E%C2%A0Advanced%20Care%E2%80%99in%20solvent%20bazl%C4%B1%20temizleme%20ile%20e%C5%9Fde%C4%9Fer%20oldu%C4%9Funu%3B%20kuma%C5%9F%C4%B1n%20formunu%2C%20rengini%20ve%20dokusunu%20%C3%A7oklu%20y%C4%B1kama%20sonras%C4%B1nda%20bile%20korudu%C4%9Funu%20g%C3%B6sterdi.%22%2C%22button_style%22%3A%22secondary%22%7D%2C%7B%22image_section%22%3A%2222770%22%2C%22title_section%22%3A%22ErgoCert%20taraf%C4%B1ndan%20Ergonomi%20Sertifikal%C4%B1%22%2C%22text_section%22%3A%22lagoon%3Csup%3E%C2%AE%3C%2Fsup%3E%C2%A0Advanced%20Care%20y%C4%B1kama%20ve%20kurutma%20makineleri%2C%20operat%C3%B6rlerin%20g%C3%BCvenli%20ve%20konforlu%20%C3%A7al%C4%B1%C5%9Fmas%C4%B1n%C4%B1%20sa%C4%9Flamak%20ve%20%C3%BCretkenli%C4%9Fi%20art%C4%B1rmak%20i%C3%A7in%20ergonomik%20olarak%20tasarlanm%C4%B1%C5%9F%20ve%20ErgoCert%20taraf%C4%B1ndan%20sertifikaland%C4%B1r%C4%B1lm%C4%B1%C5%9Ft%C4%B1r.%22%2C%22button_style%22%3A%22secondary%22%7D%2C%7B%22image_section%22%3A%2222771%22%2C%22title_section%22%3A%22Deriden%20Sneaker%E2%80%99a%5CnHer%20zaman%20M%C3%BCkemmellik%22%2C%22text_section%22%3A%22lagoon%3Csup%3E%C2%AE%3C%2Fsup%3E%C2%A0Advanced%20Care%2C%20deri%20ayakkab%C4%B1lar%C4%B1%2C%20ceketleri%2C%20%C3%A7antalar%C4%B1%20ve%20aksesuarlar%C4%B1%20nazik%C3%A7e%20temizler%20ve%20yeniler%3B%20yumu%C5%9Fakl%C4%B1%C4%9F%C4%B1n%C4%B1%2C%20rengini%20ve%20%C5%9Feklini%20korurken%20%C3%B6mr%C3%BCn%C3%BC%20uzat%C4%B1r.%22%2C%22button_style%22%3A%22secondary%22%7D%5D&#8221;][\/elx_multiple_columns][\/vc_column][\/vc_row][vc_row full_width=&#8221;electroluxpro-full-width-no-padding&#8221;][vc_column][elx_features_download title=&#8221;Essentia: M\u00fc\u015fteri Hizmetlerinin Kalbi&#8221; tag_title=&#8221;h2&#8243; class_title=&#8221;h4&#8243; title_download=&#8221;&#8221; title_discover=&#8221;Ke\u015ffedin&#8221; bg_row=&#8221;bg-row-light-blue&#8221; values=&#8221;%5B%7B%22select_type%22%3A%22link%22%2C%22link_download%22%3A%22url%3Ahttps%253A%252F%252Fwww.electroluxprofessional.com%252Fwp-content%252Fuploads%252F2025%252F10%252FEPR_Essentia_Brochure_20250527_one-page-view_EN.pdf%7Ctitle%3AEssentia&#8217;y%25C4%25B1%2520ke%25C5%259Ffedin%2520(EN)%7Ctarget%3A_blank%22%7D%5D&#8221; discover=&#8221;%5B%7B%7D%5D&#8221; features=&#8221;%5B%7B%22tag_icon_title%22%3A%22h4%22%7D%5D&#8221;]\u0130htiyac\u0131n\u0131z olan deste\u011fi sa\u011fl\u0131yor, s\u00fcre\u00e7lerinizi g\u00fcvenilir bir servis a\u011f\u0131, \u00f6zel olarak tasarlanm\u0131\u015f hizmetler ve yenilik\u00e7i teknolojiyle titizlikle y\u00f6netiyoruz.[\/elx_features_download][vc_empty_space][\/vc_column][\/vc_row][vc_row full_width=&#8221;electroluxpro-full-width-no-padding&#8221;][vc_column][vc_empty_space height=&#8221;40px&#8221;][\/vc_column][\/vc_row][vc_row full_width=&#8221;electroluxpro-full-width-no-padding&#8221;][vc_column][vc_empty_space height=&#8221;40px&#8221;][\/vc_column][\/vc_row]<\/p>\n","protected":false},"excerpt":{"rendered":"<p>[vc_row full_width=&#8221;electroluxpro-full-width-no-padding&#8221;][vc_column][elx_image_block background_image=&#8221;22764&#8243; minimum_height=&#8221;400px&#8221;][vc_empty_space][\/vc_column][\/vc_row][vc_row][vc_column][elx_text_image style_image=&#8221;image_horizontal&#8221; bg_row=&#8221;bg-download-white&#8221; title=&#8221;lagoon\u00ae Advanced Care Profesyonel Tekstil Bak\u0131m\u0131nda Yeni Bir \u00c7a\u011f&#8221; lists=&#8221;%5B%7B%7D%5D&#8221; single_image=&#8221;22765&#8243; values=&#8221;%5B%7B%22tag_icon_title%22%3A%22h4%22%7D%5D&#8221;]Hassas giysiler, deri \u00fcr\u00fcnler ve ayakkab\u0131lar: lagoon\u00ae\u00a0Advanced Care, her kuru temizleme makinesinin yerini 1:1 oran\u0131nda alabilen tek \u0131slak temizleme sistemi\u2014hem de tamamen s\u00fcrd\u00fcr\u00fclebilir bir yakla\u015f\u0131mla. 20 y\u0131ll\u0131k sekt\u00f6r lideri uzmanl\u0131\u011f\u0131n sundu\u011fu avantajlar\u0131 ke\u015ffedin.[\/elx_text_image][vc_empty_space][\/vc_column][\/vc_row][vc_row full_width=&#8221;electroluxpro-full-width-no-padding&#8221; css=&#8221;.vc_custom_1760693381960{border-top-width: 50px !important;border-right-width: 50px [&hellip;]<\/p>\n","protected":false},"author":32,"featured_media":12230,"parent":2006,"menu_order":0,"comment_status":"closed","ping_status":"closed","template":"","meta":{"footnotes":""},"class_list":["post-12253","page","type-page","status-publish","has-post-thumbnail","hentry"],"acf":[],"yoast_head":"<!-- This site is optimized with the Yoast SEO plugin v23.3 - https:\/\/yoast.com\/wordpress\/plugins\/seo\/ -->\n<title>Hassas giysiler i\u00e7in \u0131slak temizleme - Electrolux Professional<\/title>\n<meta name=\"description\" content=\"Lagoon Advanced Care h\u0131zl\u0131, kolay ve \u00e7evrecidir. Islak temizleme ile profesyonel tekstil bak\u0131m\u0131 ve hassas giysiler i\u00e7in yeni s\u0131n\u0131r\u0131 ke\u015ffedin.\" \/>\n<meta name=\"robots\" content=\"index, follow, max-snippet:-1, max-image-preview:large, max-video-preview:-1\" \/>\n<link rel=\"canonical\" href=\"https:\/\/www.electroluxprofessional.com\/tr\/ticari-camasirhane-ekipmanlari\/lagoon-advanced-care\/\" \/>\n<meta property=\"og:locale\" content=\"tr_TR\" \/>\n<meta property=\"og:type\" content=\"article\" \/>\n<meta property=\"og:title\" content=\"Hassas giysiler i\u00e7in \u0131slak temizleme - Electrolux Professional\" \/>\n<meta property=\"og:description\" content=\"Lagoon Advanced Care h\u0131zl\u0131, kolay ve \u00e7evrecidir. Islak temizleme ile profesyonel tekstil bak\u0131m\u0131 ve hassas giysiler i\u00e7in yeni s\u0131n\u0131r\u0131 ke\u015ffedin.\" \/>\n<meta property=\"og:url\" content=\"https:\/\/www.electroluxprofessional.com\/tr\/ticari-camasirhane-ekipmanlari\/lagoon-advanced-care\/\" \/>\n<meta property=\"og:site_name\" content=\"Electrolux Professional T\u00fcrkiye\" \/>\n<meta property=\"article:modified_time\" content=\"2025-11-28T14:15:31+00:00\" \/>\n<meta property=\"og:image\" content=\"https:\/\/www.electroluxprofessional.com\/tr\/wp-content\/uploads\/2021\/06\/banner-top-lagoon.jpg\" \/>\n\t<meta property=\"og:image:width\" content=\"1920\" \/>\n\t<meta property=\"og:image:height\" content=\"581\" \/>\n\t<meta property=\"og:image:type\" content=\"image\/jpeg\" \/>\n<meta name=\"twitter:card\" content=\"summary_large_image\" \/>\n<meta name=\"twitter:label1\" content=\"Tahmini okuma s\u00fcresi\" \/>\n\t<meta name=\"twitter:data1\" content=\"7 dakika\" \/>\n<script type=\"application\/ld+json\" class=\"yoast-schema-graph\">{\"@context\":\"https:\/\/schema.org\",\"@graph\":[{\"@type\":\"WebPage\",\"@id\":\"https:\/\/www.electroluxprofessional.com\/tr\/ticari-camasirhane-ekipmanlari\/lagoon-advanced-care\/\",\"url\":\"https:\/\/www.electroluxprofessional.com\/tr\/ticari-camasirhane-ekipmanlari\/lagoon-advanced-care\/\",\"name\":\"Hassas giysiler i\u00e7in \u0131slak temizleme - Electrolux Professional\",\"isPartOf\":{\"@id\":\"https:\/\/www.electroluxprofessional.com\/tr\/#website\"},\"primaryImageOfPage\":{\"@id\":\"https:\/\/www.electroluxprofessional.com\/tr\/ticari-camasirhane-ekipmanlari\/lagoon-advanced-care\/#primaryimage\"},\"image\":{\"@id\":\"https:\/\/www.electroluxprofessional.com\/tr\/ticari-camasirhane-ekipmanlari\/lagoon-advanced-care\/#primaryimage\"},\"thumbnailUrl\":\"https:\/\/www.electroluxprofessional.com\/tr\/wp-content\/uploads\/2021\/06\/banner-top-lagoon.jpg\",\"datePublished\":\"2021-05-13T18:40:59+00:00\",\"dateModified\":\"2025-11-28T14:15:31+00:00\",\"description\":\"Lagoon Advanced Care h\u0131zl\u0131, kolay ve \u00e7evrecidir. Islak temizleme ile profesyonel tekstil bak\u0131m\u0131 ve hassas giysiler i\u00e7in yeni s\u0131n\u0131r\u0131 ke\u015ffedin.\",\"breadcrumb\":{\"@id\":\"https:\/\/www.electroluxprofessional.com\/tr\/ticari-camasirhane-ekipmanlari\/lagoon-advanced-care\/#breadcrumb\"},\"inLanguage\":\"tr\",\"potentialAction\":[{\"@type\":\"ReadAction\",\"target\":[\"https:\/\/www.electroluxprofessional.com\/tr\/ticari-camasirhane-ekipmanlari\/lagoon-advanced-care\/\"]}]},{\"@type\":\"ImageObject\",\"inLanguage\":\"tr\",\"@id\":\"https:\/\/www.electroluxprofessional.com\/tr\/ticari-camasirhane-ekipmanlari\/lagoon-advanced-care\/#primaryimage\",\"url\":\"https:\/\/www.electroluxprofessional.com\/tr\/wp-content\/uploads\/2021\/06\/banner-top-lagoon.jpg\",\"contentUrl\":\"https:\/\/www.electroluxprofessional.com\/tr\/wp-content\/uploads\/2021\/06\/banner-top-lagoon.jpg\",\"width\":1920,\"height\":581,\"caption\":\"banner-top-lagoon\"},{\"@type\":\"BreadcrumbList\",\"@id\":\"https:\/\/www.electroluxprofessional.com\/tr\/ticari-camasirhane-ekipmanlari\/lagoon-advanced-care\/#breadcrumb\",\"itemListElement\":[{\"@type\":\"ListItem\",\"position\":1,\"name\":\"Home\",\"item\":\"https:\/\/www.electroluxprofessional.com\/tr\/\"},{\"@type\":\"ListItem\",\"position\":2,\"name\":\"\u00c7ama\u015f\u0131rhane\",\"item\":\"https:\/\/www.electroluxprofessional.com\/tr\/ticari-camasirhane-ekipmanlari\/\"},{\"@type\":\"ListItem\",\"position\":3,\"name\":\"lagoon Advanced Care\"}]},{\"@type\":\"WebSite\",\"@id\":\"https:\/\/www.electroluxprofessional.com\/tr\/#website\",\"url\":\"https:\/\/www.electroluxprofessional.com\/tr\/\",\"name\":\"Electrolux Professional T\u00fcrkiye\",\"description\":\"\",\"potentialAction\":[{\"@type\":\"SearchAction\",\"target\":{\"@type\":\"EntryPoint\",\"urlTemplate\":\"https:\/\/www.electroluxprofessional.com\/tr\/?src={search_term_string}\"},\"query-input\":\"required name=search_term_string\"}],\"inLanguage\":\"tr\"}]}<\/script>\n<!-- \/ Yoast SEO plugin. -->","yoast_head_json":{"title":"Hassas giysiler i\u00e7in \u0131slak temizleme - Electrolux Professional","description":"Lagoon Advanced Care h\u0131zl\u0131, kolay ve \u00e7evrecidir. Islak temizleme ile profesyonel tekstil bak\u0131m\u0131 ve hassas giysiler i\u00e7in yeni s\u0131n\u0131r\u0131 ke\u015ffedin.","robots":{"index":"index","follow":"follow","max-snippet":"max-snippet:-1","max-image-preview":"max-image-preview:large","max-video-preview":"max-video-preview:-1"},"canonical":"https:\/\/www.electroluxprofessional.com\/tr\/ticari-camasirhane-ekipmanlari\/lagoon-advanced-care\/","og_locale":"tr_TR","og_type":"article","og_title":"Hassas giysiler i\u00e7in \u0131slak temizleme - Electrolux Professional","og_description":"Lagoon Advanced Care h\u0131zl\u0131, kolay ve \u00e7evrecidir. Islak temizleme ile profesyonel tekstil bak\u0131m\u0131 ve hassas giysiler i\u00e7in yeni s\u0131n\u0131r\u0131 ke\u015ffedin.","og_url":"https:\/\/www.electroluxprofessional.com\/tr\/ticari-camasirhane-ekipmanlari\/lagoon-advanced-care\/","og_site_name":"Electrolux Professional T\u00fcrkiye","article_modified_time":"2025-11-28T14:15:31+00:00","og_image":[{"width":1920,"height":581,"url":"https:\/\/www.electroluxprofessional.com\/tr\/wp-content\/uploads\/2021\/06\/banner-top-lagoon.jpg","type":"image\/jpeg"}],"twitter_card":"summary_large_image","twitter_misc":{"Tahmini okuma s\u00fcresi":"7 dakika"},"schema":{"@context":"https:\/\/schema.org","@graph":[{"@type":"WebPage","@id":"https:\/\/www.electroluxprofessional.com\/tr\/ticari-camasirhane-ekipmanlari\/lagoon-advanced-care\/","url":"https:\/\/www.electroluxprofessional.com\/tr\/ticari-camasirhane-ekipmanlari\/lagoon-advanced-care\/","name":"Hassas giysiler i\u00e7in \u0131slak temizleme - Electrolux Professional","isPartOf":{"@id":"https:\/\/www.electroluxprofessional.com\/tr\/#website"},"primaryImageOfPage":{"@id":"https:\/\/www.electroluxprofessional.com\/tr\/ticari-camasirhane-ekipmanlari\/lagoon-advanced-care\/#primaryimage"},"image":{"@id":"https:\/\/www.electroluxprofessional.com\/tr\/ticari-camasirhane-ekipmanlari\/lagoon-advanced-care\/#primaryimage"},"thumbnailUrl":"https:\/\/www.electroluxprofessional.com\/tr\/wp-content\/uploads\/2021\/06\/banner-top-lagoon.jpg","datePublished":"2021-05-13T18:40:59+00:00","dateModified":"2025-11-28T14:15:31+00:00","description":"Lagoon Advanced Care h\u0131zl\u0131, kolay ve \u00e7evrecidir. Islak temizleme ile profesyonel tekstil bak\u0131m\u0131 ve hassas giysiler i\u00e7in yeni s\u0131n\u0131r\u0131 ke\u015ffedin.","breadcrumb":{"@id":"https:\/\/www.electroluxprofessional.com\/tr\/ticari-camasirhane-ekipmanlari\/lagoon-advanced-care\/#breadcrumb"},"inLanguage":"tr","potentialAction":[{"@type":"ReadAction","target":["https:\/\/www.electroluxprofessional.com\/tr\/ticari-camasirhane-ekipmanlari\/lagoon-advanced-care\/"]}]},{"@type":"ImageObject","inLanguage":"tr","@id":"https:\/\/www.electroluxprofessional.com\/tr\/ticari-camasirhane-ekipmanlari\/lagoon-advanced-care\/#primaryimage","url":"https:\/\/www.electroluxprofessional.com\/tr\/wp-content\/uploads\/2021\/06\/banner-top-lagoon.jpg","contentUrl":"https:\/\/www.electroluxprofessional.com\/tr\/wp-content\/uploads\/2021\/06\/banner-top-lagoon.jpg","width":1920,"height":581,"caption":"banner-top-lagoon"},{"@type":"BreadcrumbList","@id":"https:\/\/www.electroluxprofessional.com\/tr\/ticari-camasirhane-ekipmanlari\/lagoon-advanced-care\/#breadcrumb","itemListElement":[{"@type":"ListItem","position":1,"name":"Home","item":"https:\/\/www.electroluxprofessional.com\/tr\/"},{"@type":"ListItem","position":2,"name":"\u00c7ama\u015f\u0131rhane","item":"https:\/\/www.electroluxprofessional.com\/tr\/ticari-camasirhane-ekipmanlari\/"},{"@type":"ListItem","position":3,"name":"lagoon Advanced Care"}]},{"@type":"WebSite","@id":"https:\/\/www.electroluxprofessional.com\/tr\/#website","url":"https:\/\/www.electroluxprofessional.com\/tr\/","name":"Electrolux Professional T\u00fcrkiye","description":"","potentialAction":[{"@type":"SearchAction","target":{"@type":"EntryPoint","urlTemplate":"https:\/\/www.electroluxprofessional.com\/tr\/?src={search_term_string}"},"query-input":"required name=search_term_string"}],"inLanguage":"tr"}]}},"_links":{"self":[{"href":"https:\/\/www.electroluxprofessional.com\/tr\/wp-json\/wp\/v2\/pages\/12253"}],"collection":[{"href":"https:\/\/www.electroluxprofessional.com\/tr\/wp-json\/wp\/v2\/pages"}],"about":[{"href":"https:\/\/www.electroluxprofessional.com\/tr\/wp-json\/wp\/v2\/types\/page"}],"author":[{"embeddable":true,"href":"https:\/\/www.electroluxprofessional.com\/tr\/wp-json\/wp\/v2\/users\/32"}],"replies":[{"embeddable":true,"href":"https:\/\/www.electroluxprofessional.com\/tr\/wp-json\/wp\/v2\/comments?post=12253"}],"version-history":[{"count":30,"href":"https:\/\/www.electroluxprofessional.com\/tr\/wp-json\/wp\/v2\/pages\/12253\/revisions"}],"predecessor-version":[{"id":23055,"href":"https:\/\/www.electroluxprofessional.com\/tr\/wp-json\/wp\/v2\/pages\/12253\/revisions\/23055"}],"up":[{"embeddable":true,"href":"https:\/\/www.electroluxprofessional.com\/tr\/wp-json\/wp\/v2\/pages\/2006"}],"wp:featuredmedia":[{"embeddable":true,"href":"https:\/\/www.electroluxprofessional.com\/tr\/wp-json\/wp\/v2\/media\/12230"}],"wp:attachment":[{"href":"https:\/\/www.electroluxprofessional.com\/tr\/wp-json\/wp\/v2\/media?parent=12253"}],"curies":[{"name":"wp","href":"https:\/\/api.w.org\/{rel}","templated":true}]}}