{"id":12046,"date":"2021-07-02T09:05:33","date_gmt":"2021-07-02T07:05:33","guid":{"rendered":"https:\/\/www.electroluxprofessional.com\/?page_id=35632"},"modified":"2021-09-09T16:45:09","modified_gmt":"2021-09-09T16:45:09","slug":"trinitypro","status":"publish","type":"page","link":"https:\/\/www.electroluxprofessional.com\/tr\/ticari-mutfak-ekipmanlari\/kes-karistir-dilimle\/trinitypro\/","title":{"rendered":"TrinityPro"},"content":{"rendered":"<p>[vc_row full_width=&#8221;electroluxpro-full-width-no-padding&#8221; css=&#8221;.vc_custom_1624030230319{margin-top: -30px !important;border-top-width: -30px !important;padding-top: -30px !important;}&#8221;][vc_column css=&#8221;.vc_custom_1624430963576{padding-top: 50px !important;padding-bottom: 50px !important;}&#8221;][elx_hero_video text_position=&#8221;hero_video_text_align_left&#8221; background_colors=&#8221;background-gold&#8221; background_video_mp4=&#8221;https:\/\/www.electroluxprofessional.com\/wp-content\/uploads\/2021\/06\/TrinityPro-Web-Banner.mp4&#8243;][vc_column_text]<\/p>\n<h1><span style=\"color: #ffffff;\">TrinityPro <\/span><\/h1>\n<h1><span style=\"color: #ffffff;\">Hayal<br \/>\ng\u00fcc\u00fcn\u00fcn \u00f6tesinde<\/span><\/h1>\n<p>[\/vc_column_text][vc_empty_space][vc_column_text]<span style=\"color: #ffffff;\"><a style=\"color: #ffffff;\" href=\"#contact-us\">Uzmanlar\u0131m\u0131zla \u0130leti\u015fime Ge\u00e7in<\/a><\/span>[\/vc_column_text][\/elx_hero_video][\/vc_column][\/vc_row][vc_row full_width=&#8221;electroluxpro-full-width-no-padding&#8221; disable_element=&#8221;yes&#8221; css=&#8221;.vc_custom_1624430911394{margin-top: -30px !important;border-top-width: -30px !important;padding-top: -30px !important;}&#8221;][vc_column][elx_full_banner title=&#8221;TrinityPro Beyond imagination&#8221; set_as_h1=&#8221;true&#8221; background_image_media_library=&#8221;12041&#8243; background_image_media_library_mobile=&#8221;35635&#8243; link=&#8221;url:%23contact-us|title:Get%20in%20contact%20with%20our%20Experts||&#8221;][\/vc_column][\/vc_row][vc_row][vc_column][vc_empty_space][\/vc_column][\/vc_row][vc_row][vc_column width=&#8221;1\/3&#8243; offset=&#8221;vc_hidden-xs&#8221;][vc_column_text]<\/p>\n<h4 style=\"text-align: center;\">Sebze<br \/>\nKesme Makineleri<\/h4>\n<p>[\/vc_column_text][vc_empty_space height=&#8221;15px&#8221;][vc_single_image image=&#8221;12029&#8243; img_size=&#8221;large&#8221; alignment=&#8221;center&#8221;][\/vc_column][vc_column width=&#8221;1\/3&#8243; offset=&#8221;vc_hidden-xs&#8221;][vc_column_text]<\/p>\n<h4 style=\"text-align: center;\">Cutter<br \/>\nMikserler<\/h4>\n<p>[\/vc_column_text][vc_empty_space height=&#8221;15px&#8221;][vc_single_image image=&#8221;12030&#8243; img_size=&#8221;large&#8221; alignment=&#8221;center&#8221;][\/vc_column][vc_column width=&#8221;1\/3&#8243; offset=&#8221;vc_hidden-xs&#8221;][vc_column_text]<\/p>\n<h4 style=\"text-align: center;\">Kombine<br \/>\nCutter\/Sebze Kesme Makinesi<\/h4>\n<p>[\/vc_column_text][vc_empty_space height=&#8221;5px&#8221;][vc_single_image image=&#8221;12031&#8243; img_size=&#8221;large&#8221; alignment=&#8221;center&#8221;][\/vc_column][\/vc_row][vc_row][vc_column width=&#8221;1\/3&#8243; offset=&#8221;vc_hidden-lg vc_hidden-md vc_hidden-sm&#8221;][vc_column_text]<\/p>\n<h4 style=\"text-align: center;\">Vegetable<br \/>\nslicers<\/h4>\n<p>[\/vc_column_text][vc_empty_space height=&#8221;15px&#8221;][vc_single_image image=&#8221;12032&#8243; img_size=&#8221;large&#8221; alignment=&#8221;center&#8221;][\/vc_column][vc_column width=&#8221;1\/3&#8243; offset=&#8221;vc_hidden-lg vc_hidden-md vc_hidden-sm&#8221;][vc_column_text]<\/p>\n<h4 style=\"text-align: center;\">Food<br \/>\nprocessors<\/h4>\n<p>[\/vc_column_text][vc_empty_space height=&#8221;15px&#8221;][vc_single_image image=&#8221;12030&#8243; img_size=&#8221;large&#8221; alignment=&#8221;center&#8221;][\/vc_column][vc_column width=&#8221;1\/3&#8243; offset=&#8221;vc_hidden-lg vc_hidden-md vc_hidden-sm&#8221;][vc_column_text]<\/p>\n<h4 style=\"text-align: center;\">Combined<br \/>\ncutter\/slicer<\/h4>\n<p>[\/vc_column_text][vc_empty_space height=&#8221;15px&#8221;][vc_single_image image=&#8221;12033&#8243; img_size=&#8221;large&#8221; alignment=&#8221;center&#8221;][\/vc_column][\/vc_row][vc_row][vc_column][vc_empty_space][\/vc_column][\/vc_row][vc_row equal_height=&#8221;yes&#8221; content_placement=&#8221;middle&#8221; css=&#8221;.vc_custom_1624266944547{padding-top: 25px !important;}&#8221;][vc_column width=&#8221;1\/2&#8243; css=&#8221;.vc_custom_1624266957774{margin-right: 1% !important;padding-top: 25px !important;padding-bottom: 25px !important;background-color: #f9f9f9 !important;}&#8221;][vc_row_inner css=&#8221;.vc_custom_1624267041364{padding-top: 25px !important;}&#8221;][vc_column_inner width=&#8221;1\/3&#8243;][vc_single_image image=&#8221;12034&#8243; img_size=&#8221;94&#215;170&#8243; alignment=&#8221;center&#8221;][\/vc_column_inner][vc_column_inner width=&#8221;2\/3&#8243;][vc_column_text]<\/p>\n<h4>Onaylanm\u0131\u015f<br \/>\n\u0130nsan Merkezli Tasar\u0131m<\/h4>\n<p class=\"p1\">Ergonomik tasar\u0131m ve kullan\u0131m kolayl\u0131\u011f\u0131 ile 4 y\u0131ld\u0131zl\u0131 ErgoCert sertifikas\u0131na sahiptir.<\/p>\n<p>[\/vc_column_text][\/vc_column_inner][\/vc_row_inner][\/vc_column][vc_column width=&#8221;1\/2&#8243; css=&#8221;.vc_custom_1624032135668{margin-left: 1% !important;padding-top: 25px !important;padding-bottom: 25px !important;background-color: #f9f9f9 !important;}&#8221;][vc_row_inner css=&#8221;.vc_custom_1624267024155{padding-top: 25px !important;}&#8221;][vc_column_inner width=&#8221;1\/3&#8243;][vc_single_image image=&#8221;12035&#8243; img_size=&#8221;170&#215;170&#8243; alignment=&#8221;center&#8221;][\/vc_column_inner][vc_column_inner width=&#8221;2\/3&#8243;][vc_column_text]<\/p>\n<h4>Bisfenol A i\u00e7ermez<br \/>\nG\u0131da g\u00fcvenli\u011fi garantilidir<\/h4>\n<p>Bisfenol A i\u00e7ermeyen malzemeleri uluslararas\u0131 g\u0131da g\u00fcvenli\u011fi standartlar\u0131na uygundur.[\/vc_column_text][\/vc_column_inner][\/vc_row_inner][\/vc_column][\/vc_row][vc_row equal_height=&#8221;yes&#8221; content_placement=&#8221;middle&#8221; css=&#8221;.vc_custom_1624266944547{padding-top: 25px !important;}&#8221;][vc_column width=&#8221;1\/2&#8243; css=&#8221;.vc_custom_1624267173263{margin-right: 1% !important;padding-top: 25px !important;padding-bottom: 25px !important;}&#8221;][vc_row_inner css=&#8221;.vc_custom_1624267041364{padding-top: 25px !important;}&#8221;][vc_column_inner width=&#8221;1\/3&#8243;][vc_single_image image=&#8221;9561&#8243; img_size=&#8221;170&#215;170&#8243; alignment=&#8221;center&#8221;][\/vc_column_inner][vc_column_inner width=&#8221;2\/3&#8243;][vc_column_text]<\/p>\n<h4>Kompakt ve esnek<\/h4>\n<p>Alandan tasarruf sa\u011flar ve farkl\u0131 kapasitelerde ve \u00e7ok ama\u00e7l\u0131 haz\u0131rl\u0131klar i\u00e7in gerekli t\u00fcm aksesuarlara sahiptir.[\/vc_column_text][\/vc_column_inner][\/vc_row_inner][\/vc_column][vc_column width=&#8221;1\/2&#8243; css=&#8221;.vc_custom_1624267184151{margin-left: 1% !important;padding-top: 25px !important;padding-bottom: 25px !important;}&#8221;][vc_row_inner css=&#8221;.vc_custom_1624267024155{padding-top: 25px !important;}&#8221;][vc_column_inner width=&#8221;1\/3&#8243;][vc_single_image image=&#8221;12036&#8243; img_size=&#8221;170&#215;170&#8243; alignment=&#8221;center&#8221;][\/vc_column_inner][vc_column_inner width=&#8221;2\/3&#8243;][vc_column_text]<\/p>\n<h4>%100 G\u00fcvenli ve kolay<\/h4>\n<p>Kullan\u0131c\u0131 g\u00fcvenli\u011fi garantilidir. Kurulumu kolayd\u0131r, sezgisel bir kontrol panele sahiptir ve bula\u015f\u0131k makinesine %100 dayan\u0131kl\u0131 par\u00e7alar\u0131 sayesinde temizli\u011fi kolayd\u0131r.[\/vc_column_text][\/vc_column_inner][\/vc_row_inner][\/vc_column][\/vc_row][vc_row equal_height=&#8221;yes&#8221; content_placement=&#8221;middle&#8221; css=&#8221;.vc_custom_1624266944547{padding-top: 25px !important;}&#8221;][vc_column width=&#8221;1\/2&#8243; css=&#8221;.vc_custom_1624267173263{margin-right: 1% !important;padding-top: 25px !important;padding-bottom: 25px !important;}&#8221;][vc_row_inner css=&#8221;.vc_custom_1624267041364{padding-top: 25px !important;}&#8221;][vc_column_inner width=&#8221;1\/3&#8243;][vc_single_image image=&#8221;12037&#8243; img_size=&#8221;170&#215;170&#8243; alignment=&#8221;center&#8221;][\/vc_column_inner][vc_column_inner width=&#8221;2\/3&#8243;][vc_column_text]<\/p>\n<h4>Y\u00fcksek performans<\/h4>\n<p>Dilimleme, k\u00fcp k\u00fcp do\u011frama, kar\u0131\u015ft\u0131rma ve em\u00fclsiyon haline getirme i\u015flemlerinde benzersiz sonu\u00e7lar sa\u011flayan g\u00fcvenilir, profesyonel bir \u00e7\u00f6z\u00fcmd\u00fcr.[\/vc_column_text][\/vc_column_inner][\/vc_row_inner][\/vc_column][vc_column width=&#8221;1\/2&#8243; css=&#8221;.vc_custom_1624267184151{margin-left: 1% !important;padding-top: 25px !important;padding-bottom: 25px !important;}&#8221;][vc_row_inner css=&#8221;.vc_custom_1624267024155{padding-top: 25px !important;}&#8221;][vc_column_inner width=&#8221;1\/3&#8243;][vc_single_image image=&#8221;12038&#8243; img_size=&#8221;170&#215;170&#8243; alignment=&#8221;center&#8221;][\/vc_column_inner][vc_column_inner width=&#8221;2\/3&#8243;][vc_column_text]<\/p>\n<h4>Onayl\u0131 ergonomi<\/h4>\n<p>Patentli* kol itici sayesinde sert sebzeleri keserken bile daha az yorulursunuz.[\/vc_column_text][\/vc_column_inner][\/vc_row_inner][\/vc_column][\/vc_row][vc_row][vc_column][vc_empty_space][\/vc_column][\/vc_row][vc_row][vc_column][vc_column_text]<\/p>\n<h2 style=\"text-align: center;\">TrinityPro<br \/>\nBenzersiz kalite, hassasiyet ve performans<\/h2>\n<p>[\/vc_column_text][vc_empty_space][\/vc_column][\/vc_row][vc_row][vc_column width=&#8221;1\/2&#8243;][vc_row_inner][vc_column_inner width=&#8221;1\/6&#8243;][vc_empty_space height=&#8221;15px&#8221;][\/vc_column_inner][vc_column_inner width=&#8221;2\/3&#8243;][vc_single_image image=&#8221;12039&#8243; img_size=&#8221;medium&#8221; alignment=&#8221;center&#8221;][vc_empty_space height=&#8221;15px&#8221;][vc_column_text css=&#8221;.vc_custom_1625580638159{padding-top: 15px !important;padding-bottom: 15px !important;background-color: #14133b !important;}&#8221;]<\/p>\n<h4 style=\"text-align: center;\"><span style=\"color: #ffffff;\">PATENTL\u0130*<\/span><\/h4>\n<p>[\/vc_column_text][vc_empty_space height=&#8221;15px&#8221;][vc_column_text]<\/p>\n<h4 style=\"margin-top: 0;\">H\u0131zl\u0131, kolay ve ergonomik<\/h4>\n<p>Patentli* kol itici tasar\u0131m\u0131 sayesinde, daha tutarl\u0131 sonu\u00e7lar elde eder ve i\u015flemlerinizi daha az yorularak kolayca tamamlarsan\u0131z.<\/p>\n<p><span style=\"font-size: 12px;\">* Kol itici, Patent EP19165854 ve ilgili \u00fcr\u00fcn ailesinde bulunur.<\/span>[\/vc_column_text][\/vc_column_inner][vc_column_inner width=&#8221;1\/6&#8243;][vc_empty_space height=&#8221;15px&#8221;][\/vc_column_inner][\/vc_row_inner][\/vc_column][vc_column width=&#8221;1\/2&#8243;][vc_row_inner][vc_column_inner width=&#8221;1\/6&#8243;][vc_empty_space height=&#8221;15px&#8221;][\/vc_column_inner][vc_column_inner width=&#8221;2\/3&#8243;][vc_single_image image=&#8221;12040&#8243; img_size=&#8221;medium&#8221; alignment=&#8221;center&#8221;][vc_empty_space height=&#8221;15px&#8221;][vc_column_text css=&#8221;.vc_custom_1625580756328{padding-top: 5px !important;padding-bottom: 5px !important;background-color: #14133b !important;}&#8221;]<\/p>\n<h4 style=\"text-align: center;\"><span style=\"color: #ffffff;\">Durmadan kesintisiz s\u0131y\u0131rma<\/span><\/h4>\n<p>[\/vc_column_text][vc_empty_space height=&#8221;15px&#8221;][vc_column_text]<\/p>\n<h4 style=\"margin-top: 0;\">Tutarl\u0131 kar\u0131\u015ft\u0131rma<\/h4>\n<p>Tutarl\u0131 bir homojenizasyon i\u00e7in \u015feffaf kapa\u011fa entegre edilmi\u015f \u00f6zel s\u0131y\u0131r\u0131c\u0131 sayesinde durmadan kesintisiz s\u0131y\u0131rma[\/vc_column_text][\/vc_column_inner][vc_column_inner width=&#8221;1\/6&#8243;][vc_empty_space height=&#8221;15px&#8221;][\/vc_column_inner][\/vc_row_inner][\/vc_column][\/vc_row][vc_row][vc_column][vc_empty_space height=&#8221;50px&#8221;][\/vc_column][\/vc_row][vc_row][vc_column width=&#8221;1\/2&#8243;][elx_download_block text=&#8221;TrinityPro Bro\u015f\u00fcr\u00fcn\u00fc \u0130ndirin&#8221; document_type=&#8221;brochures&#8221; file_picker=&#8221;12059&#8243; background_color=&#8221;cat-create&#8221;][\/vc_column][vc_column width=&#8221;1\/2&#8243;][elx_download_block text=&#8221;TrinityPro Se\u00e7me<br \/>\nK\u0131lavuzunu \u0130ndirin&#8221; file_picker=&#8221;12060&#8243; background_color=&#8221;cat-create&#8221;][\/vc_column][\/vc_row][vc_row][vc_column][vc_column_text]<\/p>\n<h2 style=\"text-align: center;\">TrinityPro<br \/>\ni\u015fletmeniz i\u00e7in do\u011fru \u00e7\u00f6z\u00fcmd\u00fcr<\/h2>\n<p>[\/vc_column_text][vc_empty_space][\/vc_column][\/vc_row][vc_row][vc_column width=&#8221;1\/3&#8243;][vc_empty_space height=&#8221;25px&#8221;][elx_video_block background_image=&#8221;12026&#8243; video_link=&#8221;https:\/\/www.youtube.com\/watch?v=KmaN2w6H6A0&#8243; minimum_height=&#8221;350px&#8221;][vc_column_text]<\/p>\n<h3 style=\"text-align: center;\">Bak\u0131m Sekt\u00f6r\u00fc<br \/>\nHuzur Evleri<\/h3>\n<p>[\/vc_column_text][\/vc_column][vc_column width=&#8221;1\/3&#8243;][vc_empty_space height=&#8221;25px&#8221;][elx_video_block background_image=&#8221;12027&#8243; video_link=&#8221;https:\/\/www.youtube.com\/watch?v=U-7HMLtDu-A&#8221; minimum_height=&#8221;350px&#8221;][vc_column_text]<\/p>\n<h3 style=\"text-align: center;\">Bak\u0131m Sekt\u00f6r\u00fc<br \/>\nE\u011fitim<\/h3>\n<p>[\/vc_column_text][\/vc_column][vc_column width=&#8221;1\/3&#8243;][vc_empty_space height=&#8221;25px&#8221;][elx_video_block background_image=&#8221;12028&#8243; video_link=&#8221;https:\/\/www.youtube.com\/watch?v=pvHgvV6L0Q4&#8243; minimum_height=&#8221;350px&#8221;][vc_column_text]<\/p>\n<h3 style=\"text-align: center;\">Restoran Zincirleri Sekt\u00f6r\u00fc<\/h3>\n<p>[\/vc_column_text][\/vc_column][\/vc_row][vc_row][vc_column][vc_empty_space height=&#8221;50px&#8221;][\/vc_column][\/vc_row][vc_row el_id=&#8221;contact-us&#8221;][vc_column][elx_heading font_size=&#8221;h2&#8243; text_color=&#8221;inherit&#8221; text_align=&#8221;text-left&#8221;]Uzmanlar\u0131m\u0131zla ileti\u015fime ge\u00e7in[\/elx_heading][vc_empty_space][elx_o2000_contact_us l=&#8221;en&#8221; b=&#8221;food&#8221;][vc_empty_space][\/vc_column][\/vc_row][vc_row][vc_column][\/vc_column][\/vc_row]<\/p>\n","protected":false},"excerpt":{"rendered":"<p>[vc_row full_width=&#8221;electroluxpro-full-width-no-padding&#8221; css=&#8221;.vc_custom_1624030230319{margin-top: -30px !important;border-top-width: -30px !important;padding-top: -30px !important;}&#8221;][vc_column css=&#8221;.vc_custom_1624430963576{padding-top: 50px !important;padding-bottom: 50px !important;}&#8221;][elx_hero_video text_position=&#8221;hero_video_text_align_left&#8221; background_colors=&#8221;background-gold&#8221; background_video_mp4=&#8221;https:\/\/www.electroluxprofessional.com\/wp-content\/uploads\/2021\/06\/TrinityPro-Web-Banner.mp4&#8243;][vc_column_text] TrinityPro Hayal g\u00fcc\u00fcn\u00fcn \u00f6tesinde [\/vc_column_text][vc_empty_space][vc_column_text]Uzmanlar\u0131m\u0131zla \u0130leti\u015fime Ge\u00e7in[\/vc_column_text][\/elx_hero_video][\/vc_column][\/vc_row][vc_row full_width=&#8221;electroluxpro-full-width-no-padding&#8221; disable_element=&#8221;yes&#8221; css=&#8221;.vc_custom_1624430911394{margin-top: -30px !important;border-top-width: -30px !important;padding-top: -30px !important;}&#8221;][vc_column][elx_full_banner title=&#8221;TrinityPro Beyond imagination&#8221; set_as_h1=&#8221;true&#8221; background_image_media_library=&#8221;12041&#8243; background_image_media_library_mobile=&#8221;35635&#8243; link=&#8221;url:%23contact-us|title:Get%20in%20contact%20with%20our%20Experts||&#8221;][\/vc_column][\/vc_row][vc_row][vc_column][vc_empty_space][\/vc_column][\/vc_row][vc_row][vc_column width=&#8221;1\/3&#8243; offset=&#8221;vc_hidden-xs&#8221;][vc_column_text] Sebze Kesme Makineleri [\/vc_column_text][vc_empty_space height=&#8221;15px&#8221;][vc_single_image image=&#8221;12029&#8243; img_size=&#8221;large&#8221; alignment=&#8221;center&#8221;][\/vc_column][vc_column width=&#8221;1\/3&#8243; offset=&#8221;vc_hidden-xs&#8221;][vc_column_text] Cutter Mikserler [\/vc_column_text][vc_empty_space [&hellip;]<\/p>\n","protected":false},"author":32,"featured_media":0,"parent":2462,"menu_order":0,"comment_status":"closed","ping_status":"closed","template":"","meta":{"footnotes":""},"class_list":["post-12046","page","type-page","status-publish","hentry"],"acf":[],"yoast_head":"<!-- This site is optimized with the Yoast SEO plugin v23.3 - https:\/\/yoast.com\/wordpress\/plugins\/seo\/ -->\n<title>TrinityPro - Electrolux Professional T\u00fcrkiye<\/title>\n<meta name=\"description\" content=\"TrinityPro Sebze Kesme Makineleri, Cutter Mikserler ve Kombine Makineler; profesyonel, kompakt, y\u00fcksek performansl\u0131, kullan\u0131c\u0131 dostu ve tamamen aksesuarlarla donat\u0131lmi\u015f bir \u00fcr\u00fcn serisidir.\" \/>\n<meta name=\"robots\" content=\"index, follow, max-snippet:-1, max-image-preview:large, max-video-preview:-1\" \/>\n<link rel=\"canonical\" href=\"https:\/\/www.electroluxprofessional.com\/tr\/ticari-mutfak-ekipmanlari\/kes-karistir-dilimle\/trinitypro\/\" \/>\n<meta property=\"og:locale\" content=\"tr_TR\" \/>\n<meta property=\"og:type\" content=\"article\" \/>\n<meta property=\"og:title\" content=\"TrinityPro - Electrolux Professional T\u00fcrkiye\" \/>\n<meta property=\"og:description\" content=\"TrinityPro Sebze Kesme Makineleri, Cutter Mikserler ve Kombine Makineler; profesyonel, kompakt, y\u00fcksek performansl\u0131, kullan\u0131c\u0131 dostu ve tamamen aksesuarlarla donat\u0131lmi\u015f bir \u00fcr\u00fcn serisidir.\" \/>\n<meta property=\"og:url\" content=\"https:\/\/www.electroluxprofessional.com\/tr\/ticari-mutfak-ekipmanlari\/kes-karistir-dilimle\/trinitypro\/\" \/>\n<meta property=\"og:site_name\" content=\"Electrolux Professional T\u00fcrkiye\" \/>\n<meta property=\"article:modified_time\" content=\"2021-09-09T16:45:09+00:00\" \/>\n<meta name=\"twitter:card\" content=\"summary_large_image\" \/>\n<meta name=\"twitter:label1\" content=\"Tahmini okuma s\u00fcresi\" \/>\n\t<meta name=\"twitter:data1\" content=\"7 dakika\" \/>\n<script type=\"application\/ld+json\" class=\"yoast-schema-graph\">{\"@context\":\"https:\/\/schema.org\",\"@graph\":[{\"@type\":\"WebPage\",\"@id\":\"https:\/\/www.electroluxprofessional.com\/tr\/ticari-mutfak-ekipmanlari\/kes-karistir-dilimle\/trinitypro\/\",\"url\":\"https:\/\/www.electroluxprofessional.com\/tr\/ticari-mutfak-ekipmanlari\/kes-karistir-dilimle\/trinitypro\/\",\"name\":\"TrinityPro - Electrolux Professional T\u00fcrkiye\",\"isPartOf\":{\"@id\":\"https:\/\/www.electroluxprofessional.com\/tr\/#website\"},\"datePublished\":\"2021-07-02T07:05:33+00:00\",\"dateModified\":\"2021-09-09T16:45:09+00:00\",\"description\":\"TrinityPro Sebze Kesme Makineleri, Cutter Mikserler ve Kombine Makineler; profesyonel, kompakt, y\u00fcksek performansl\u0131, kullan\u0131c\u0131 dostu ve tamamen aksesuarlarla donat\u0131lmi\u015f bir \u00fcr\u00fcn serisidir.\",\"breadcrumb\":{\"@id\":\"https:\/\/www.electroluxprofessional.com\/tr\/ticari-mutfak-ekipmanlari\/kes-karistir-dilimle\/trinitypro\/#breadcrumb\"},\"inLanguage\":\"tr\",\"potentialAction\":[{\"@type\":\"ReadAction\",\"target\":[\"https:\/\/www.electroluxprofessional.com\/tr\/ticari-mutfak-ekipmanlari\/kes-karistir-dilimle\/trinitypro\/\"]}]},{\"@type\":\"BreadcrumbList\",\"@id\":\"https:\/\/www.electroluxprofessional.com\/tr\/ticari-mutfak-ekipmanlari\/kes-karistir-dilimle\/trinitypro\/#breadcrumb\",\"itemListElement\":[{\"@type\":\"ListItem\",\"position\":1,\"name\":\"Home\",\"item\":\"https:\/\/www.electroluxprofessional.com\/tr\/\"},{\"@type\":\"ListItem\",\"position\":2,\"name\":\"End\u00fcstriyel Mutfak Ekipmanlar\u0131\",\"item\":\"https:\/\/www.electroluxprofessional.com\/tr\/ticari-mutfak-ekipmanlari\/\"},{\"@type\":\"ListItem\",\"position\":3,\"name\":\"Haz\u0131rl\u0131k &#8211; Kes, Kar\u0131\u015ft\u0131r ve Dilimle\",\"item\":\"https:\/\/www.electroluxprofessional.com\/tr\/ticari-mutfak-ekipmanlari\/kes-karistir-dilimle\/\"},{\"@type\":\"ListItem\",\"position\":4,\"name\":\"TrinityPro\"}]},{\"@type\":\"WebSite\",\"@id\":\"https:\/\/www.electroluxprofessional.com\/tr\/#website\",\"url\":\"https:\/\/www.electroluxprofessional.com\/tr\/\",\"name\":\"Electrolux Professional T\u00fcrkiye\",\"description\":\"\",\"potentialAction\":[{\"@type\":\"SearchAction\",\"target\":{\"@type\":\"EntryPoint\",\"urlTemplate\":\"https:\/\/www.electroluxprofessional.com\/tr\/?src={search_term_string}\"},\"query-input\":\"required name=search_term_string\"}],\"inLanguage\":\"tr\"}]}<\/script>\n<!-- \/ Yoast SEO plugin. -->","yoast_head_json":{"title":"TrinityPro - Electrolux Professional T\u00fcrkiye","description":"TrinityPro Sebze Kesme Makineleri, Cutter Mikserler ve Kombine Makineler; profesyonel, kompakt, y\u00fcksek performansl\u0131, kullan\u0131c\u0131 dostu ve tamamen aksesuarlarla donat\u0131lmi\u015f bir \u00fcr\u00fcn serisidir.","robots":{"index":"index","follow":"follow","max-snippet":"max-snippet:-1","max-image-preview":"max-image-preview:large","max-video-preview":"max-video-preview:-1"},"canonical":"https:\/\/www.electroluxprofessional.com\/tr\/ticari-mutfak-ekipmanlari\/kes-karistir-dilimle\/trinitypro\/","og_locale":"tr_TR","og_type":"article","og_title":"TrinityPro - Electrolux Professional T\u00fcrkiye","og_description":"TrinityPro Sebze Kesme Makineleri, Cutter Mikserler ve Kombine Makineler; profesyonel, kompakt, y\u00fcksek performansl\u0131, kullan\u0131c\u0131 dostu ve tamamen aksesuarlarla donat\u0131lmi\u015f bir \u00fcr\u00fcn serisidir.","og_url":"https:\/\/www.electroluxprofessional.com\/tr\/ticari-mutfak-ekipmanlari\/kes-karistir-dilimle\/trinitypro\/","og_site_name":"Electrolux Professional T\u00fcrkiye","article_modified_time":"2021-09-09T16:45:09+00:00","twitter_card":"summary_large_image","twitter_misc":{"Tahmini okuma s\u00fcresi":"7 dakika"},"schema":{"@context":"https:\/\/schema.org","@graph":[{"@type":"WebPage","@id":"https:\/\/www.electroluxprofessional.com\/tr\/ticari-mutfak-ekipmanlari\/kes-karistir-dilimle\/trinitypro\/","url":"https:\/\/www.electroluxprofessional.com\/tr\/ticari-mutfak-ekipmanlari\/kes-karistir-dilimle\/trinitypro\/","name":"TrinityPro - Electrolux Professional T\u00fcrkiye","isPartOf":{"@id":"https:\/\/www.electroluxprofessional.com\/tr\/#website"},"datePublished":"2021-07-02T07:05:33+00:00","dateModified":"2021-09-09T16:45:09+00:00","description":"TrinityPro Sebze Kesme Makineleri, Cutter Mikserler ve Kombine Makineler; profesyonel, kompakt, y\u00fcksek performansl\u0131, kullan\u0131c\u0131 dostu ve tamamen aksesuarlarla donat\u0131lmi\u015f bir \u00fcr\u00fcn serisidir.","breadcrumb":{"@id":"https:\/\/www.electroluxprofessional.com\/tr\/ticari-mutfak-ekipmanlari\/kes-karistir-dilimle\/trinitypro\/#breadcrumb"},"inLanguage":"tr","potentialAction":[{"@type":"ReadAction","target":["https:\/\/www.electroluxprofessional.com\/tr\/ticari-mutfak-ekipmanlari\/kes-karistir-dilimle\/trinitypro\/"]}]},{"@type":"BreadcrumbList","@id":"https:\/\/www.electroluxprofessional.com\/tr\/ticari-mutfak-ekipmanlari\/kes-karistir-dilimle\/trinitypro\/#breadcrumb","itemListElement":[{"@type":"ListItem","position":1,"name":"Home","item":"https:\/\/www.electroluxprofessional.com\/tr\/"},{"@type":"ListItem","position":2,"name":"End\u00fcstriyel Mutfak Ekipmanlar\u0131","item":"https:\/\/www.electroluxprofessional.com\/tr\/ticari-mutfak-ekipmanlari\/"},{"@type":"ListItem","position":3,"name":"Haz\u0131rl\u0131k &#8211; Kes, Kar\u0131\u015ft\u0131r ve Dilimle","item":"https:\/\/www.electroluxprofessional.com\/tr\/ticari-mutfak-ekipmanlari\/kes-karistir-dilimle\/"},{"@type":"ListItem","position":4,"name":"TrinityPro"}]},{"@type":"WebSite","@id":"https:\/\/www.electroluxprofessional.com\/tr\/#website","url":"https:\/\/www.electroluxprofessional.com\/tr\/","name":"Electrolux Professional T\u00fcrkiye","description":"","potentialAction":[{"@type":"SearchAction","target":{"@type":"EntryPoint","urlTemplate":"https:\/\/www.electroluxprofessional.com\/tr\/?src={search_term_string}"},"query-input":"required name=search_term_string"}],"inLanguage":"tr"}]}},"_links":{"self":[{"href":"https:\/\/www.electroluxprofessional.com\/tr\/wp-json\/wp\/v2\/pages\/12046"}],"collection":[{"href":"https:\/\/www.electroluxprofessional.com\/tr\/wp-json\/wp\/v2\/pages"}],"about":[{"href":"https:\/\/www.electroluxprofessional.com\/tr\/wp-json\/wp\/v2\/types\/page"}],"author":[{"embeddable":true,"href":"https:\/\/www.electroluxprofessional.com\/tr\/wp-json\/wp\/v2\/users\/32"}],"replies":[{"embeddable":true,"href":"https:\/\/www.electroluxprofessional.com\/tr\/wp-json\/wp\/v2\/comments?post=12046"}],"version-history":[{"count":17,"href":"https:\/\/www.electroluxprofessional.com\/tr\/wp-json\/wp\/v2\/pages\/12046\/revisions"}],"predecessor-version":[{"id":12505,"href":"https:\/\/www.electroluxprofessional.com\/tr\/wp-json\/wp\/v2\/pages\/12046\/revisions\/12505"}],"up":[{"embeddable":true,"href":"https:\/\/www.electroluxprofessional.com\/tr\/wp-json\/wp\/v2\/pages\/2462"}],"wp:attachment":[{"href":"https:\/\/www.electroluxprofessional.com\/tr\/wp-json\/wp\/v2\/media?parent=12046"}],"curies":[{"name":"wp","href":"https:\/\/api.w.org\/{rel}","templated":true}]}}