{"id":1189,"date":"2016-05-09T07:00:16","date_gmt":"2016-05-09T07:00:16","guid":{"rendered":"https:\/\/www.electroluxprofessional.com\/?page_id=500"},"modified":"2025-10-06T13:03:47","modified_gmt":"2025-10-06T13:03:47","slug":"tarifler","status":"publish","type":"page","link":"https:\/\/www.electroluxprofessional.com\/tr\/sefin-dunyasi\/tarifler\/","title":{"rendered":"Tarifler"},"content":{"rendered":"<p>[vc_row full_width=&#8221;electroluxpro-full-width-no-padding&#8221;][vc_column][elx_hero_video label=&#8221;&#8221; label_background_color=&#8221;restaurant&#8221; background_video_mp4=&#8221;https:\/\/www.electroluxprofessional.com\/wp-content\/uploads\/2016\/05\/video-test-recipe-MVI_6988-ok-vm.mp4&#8243;][elx_heading font_container=&#8221;h1&#8243; font_size=&#8221;h1&#8243; text_color=&#8221;white&#8221;]Electrolux Professional \u015eef Akademisi Tarifleri[\/elx_heading][\/elx_hero_video][\/vc_column][\/vc_row]<\/p>\n","protected":false},"excerpt":{"rendered":"<p>[vc_row full_width=&#8221;electroluxpro-full-width-no-padding&#8221;][vc_column][elx_hero_video label=&#8221;&#8221; label_background_color=&#8221;restaurant&#8221; background_video_mp4=&#8221;https:\/\/www.electroluxprofessional.com\/wp-content\/uploads\/2016\/05\/video-test-recipe-MVI_6988-ok-vm.mp4&#8243;][elx_heading font_container=&#8221;h1&#8243; font_size=&#8221;h1&#8243; text_color=&#8221;white&#8221;]Electrolux Professional \u015eef Akademisi Tarifleri[\/elx_heading][\/elx_hero_video][\/vc_column][\/vc_row]<\/p>\n","protected":false},"author":3,"featured_media":1188,"parent":1152,"menu_order":0,"comment_status":"closed","ping_status":"closed","template":"template-recipes.php","meta":{"footnotes":""},"class_list":["post-1189","page","type-page","status-publish","has-post-thumbnail","hentry"],"acf":[],"yoast_head":"<!-- This site is optimized with the Yoast SEO plugin v23.3 - https:\/\/yoast.com\/wordpress\/plugins\/seo\/ -->\n<title>\u015eef Akademisi Tarifleri - Electrolux Professional<\/title>\n<meta name=\"description\" content=\"\u015eef Akademisi, d\u00fcnyan\u0131n farkl\u0131 b\u00f6lgelerinden gelen tecr\u00fcbeli mutfak dan\u0131\u015fmanlar\u0131n\u0131n ilham kayna\u011f\u0131d\u0131r. Tariflerimizden ilham al\u0131n!\" \/>\n<meta name=\"robots\" content=\"index, follow, max-snippet:-1, max-image-preview:large, max-video-preview:-1\" \/>\n<link rel=\"canonical\" href=\"https:\/\/www.electroluxprofessional.com\/tr\/sefin-dunyasi\/tarifler\/\" \/>\n<meta property=\"og:locale\" content=\"tr_TR\" \/>\n<meta property=\"og:type\" content=\"article\" \/>\n<meta property=\"og:title\" content=\"\u015eef Akademisi Tarifleri - Electrolux Professional\" \/>\n<meta property=\"og:description\" content=\"\u015eef Akademisi, d\u00fcnyan\u0131n farkl\u0131 b\u00f6lgelerinden gelen tecr\u00fcbeli mutfak dan\u0131\u015fmanlar\u0131n\u0131n ilham kayna\u011f\u0131d\u0131r. Tariflerimizden ilham al\u0131n!\" \/>\n<meta property=\"og:url\" content=\"https:\/\/www.electroluxprofessional.com\/tr\/sefin-dunyasi\/tarifler\/\" \/>\n<meta property=\"og:site_name\" content=\"Electrolux Professional T\u00fcrkiye\" \/>\n<meta property=\"article:modified_time\" content=\"2025-10-06T13:03:47+00:00\" \/>\n<meta property=\"og:image\" content=\"https:\/\/www.electroluxprofessional.com\/tr\/wp-content\/uploads\/2017\/02\/recipes.jpg\" \/>\n\t<meta property=\"og:image:width\" content=\"1631\" \/>\n\t<meta property=\"og:image:height\" content=\"796\" \/>\n\t<meta property=\"og:image:type\" content=\"image\/jpeg\" \/>\n<meta name=\"twitter:card\" content=\"summary_large_image\" \/>\n<meta name=\"twitter:label1\" content=\"Tahmini okuma s\u00fcresi\" \/>\n\t<meta name=\"twitter:data1\" content=\"1 dakika\" \/>\n<script type=\"application\/ld+json\" class=\"yoast-schema-graph\">{\"@context\":\"https:\/\/schema.org\",\"@graph\":[{\"@type\":\"WebPage\",\"@id\":\"https:\/\/www.electroluxprofessional.com\/tr\/sefin-dunyasi\/tarifler\/\",\"url\":\"https:\/\/www.electroluxprofessional.com\/tr\/sefin-dunyasi\/tarifler\/\",\"name\":\"\u015eef Akademisi Tarifleri - Electrolux Professional\",\"isPartOf\":{\"@id\":\"https:\/\/www.electroluxprofessional.com\/tr\/#website\"},\"primaryImageOfPage\":{\"@id\":\"https:\/\/www.electroluxprofessional.com\/tr\/sefin-dunyasi\/tarifler\/#primaryimage\"},\"image\":{\"@id\":\"https:\/\/www.electroluxprofessional.com\/tr\/sefin-dunyasi\/tarifler\/#primaryimage\"},\"thumbnailUrl\":\"https:\/\/www.electroluxprofessional.com\/tr\/wp-content\/uploads\/2017\/02\/recipes.jpg\",\"datePublished\":\"2016-05-09T07:00:16+00:00\",\"dateModified\":\"2025-10-06T13:03:47+00:00\",\"description\":\"\u015eef Akademisi, d\u00fcnyan\u0131n farkl\u0131 b\u00f6lgelerinden gelen tecr\u00fcbeli mutfak dan\u0131\u015fmanlar\u0131n\u0131n ilham kayna\u011f\u0131d\u0131r. Tariflerimizden ilham al\u0131n!\",\"breadcrumb\":{\"@id\":\"https:\/\/www.electroluxprofessional.com\/tr\/sefin-dunyasi\/tarifler\/#breadcrumb\"},\"inLanguage\":\"tr\",\"potentialAction\":[{\"@type\":\"ReadAction\",\"target\":[\"https:\/\/www.electroluxprofessional.com\/tr\/sefin-dunyasi\/tarifler\/\"]}]},{\"@type\":\"ImageObject\",\"inLanguage\":\"tr\",\"@id\":\"https:\/\/www.electroluxprofessional.com\/tr\/sefin-dunyasi\/tarifler\/#primaryimage\",\"url\":\"https:\/\/www.electroluxprofessional.com\/tr\/wp-content\/uploads\/2017\/02\/recipes.jpg\",\"contentUrl\":\"https:\/\/www.electroluxprofessional.com\/tr\/wp-content\/uploads\/2017\/02\/recipes.jpg\",\"width\":1631,\"height\":796,\"caption\":\"recipes\"},{\"@type\":\"BreadcrumbList\",\"@id\":\"https:\/\/www.electroluxprofessional.com\/tr\/sefin-dunyasi\/tarifler\/#breadcrumb\",\"itemListElement\":[{\"@type\":\"ListItem\",\"position\":1,\"name\":\"Home\",\"item\":\"https:\/\/www.electroluxprofessional.com\/tr\/\"},{\"@type\":\"ListItem\",\"position\":2,\"name\":\"\u015eef&#8217;in D\u00fcnyas\u0131\",\"item\":\"https:\/\/www.electroluxprofessional.com\/tr\/sefin-dunyasi\/\"},{\"@type\":\"ListItem\",\"position\":3,\"name\":\"Tarifler\"}]},{\"@type\":\"WebSite\",\"@id\":\"https:\/\/www.electroluxprofessional.com\/tr\/#website\",\"url\":\"https:\/\/www.electroluxprofessional.com\/tr\/\",\"name\":\"Electrolux Professional T\u00fcrkiye\",\"description\":\"\",\"potentialAction\":[{\"@type\":\"SearchAction\",\"target\":{\"@type\":\"EntryPoint\",\"urlTemplate\":\"https:\/\/www.electroluxprofessional.com\/tr\/?src={search_term_string}\"},\"query-input\":\"required name=search_term_string\"}],\"inLanguage\":\"tr\"}]}<\/script>\n<!-- \/ Yoast SEO plugin. -->","yoast_head_json":{"title":"\u015eef Akademisi Tarifleri - Electrolux Professional","description":"\u015eef Akademisi, d\u00fcnyan\u0131n farkl\u0131 b\u00f6lgelerinden gelen tecr\u00fcbeli mutfak dan\u0131\u015fmanlar\u0131n\u0131n ilham kayna\u011f\u0131d\u0131r. Tariflerimizden ilham al\u0131n!","robots":{"index":"index","follow":"follow","max-snippet":"max-snippet:-1","max-image-preview":"max-image-preview:large","max-video-preview":"max-video-preview:-1"},"canonical":"https:\/\/www.electroluxprofessional.com\/tr\/sefin-dunyasi\/tarifler\/","og_locale":"tr_TR","og_type":"article","og_title":"\u015eef Akademisi Tarifleri - Electrolux Professional","og_description":"\u015eef Akademisi, d\u00fcnyan\u0131n farkl\u0131 b\u00f6lgelerinden gelen tecr\u00fcbeli mutfak dan\u0131\u015fmanlar\u0131n\u0131n ilham kayna\u011f\u0131d\u0131r. Tariflerimizden ilham al\u0131n!","og_url":"https:\/\/www.electroluxprofessional.com\/tr\/sefin-dunyasi\/tarifler\/","og_site_name":"Electrolux Professional T\u00fcrkiye","article_modified_time":"2025-10-06T13:03:47+00:00","og_image":[{"width":1631,"height":796,"url":"https:\/\/www.electroluxprofessional.com\/tr\/wp-content\/uploads\/2017\/02\/recipes.jpg","type":"image\/jpeg"}],"twitter_card":"summary_large_image","twitter_misc":{"Tahmini okuma s\u00fcresi":"1 dakika"},"schema":{"@context":"https:\/\/schema.org","@graph":[{"@type":"WebPage","@id":"https:\/\/www.electroluxprofessional.com\/tr\/sefin-dunyasi\/tarifler\/","url":"https:\/\/www.electroluxprofessional.com\/tr\/sefin-dunyasi\/tarifler\/","name":"\u015eef Akademisi Tarifleri - Electrolux Professional","isPartOf":{"@id":"https:\/\/www.electroluxprofessional.com\/tr\/#website"},"primaryImageOfPage":{"@id":"https:\/\/www.electroluxprofessional.com\/tr\/sefin-dunyasi\/tarifler\/#primaryimage"},"image":{"@id":"https:\/\/www.electroluxprofessional.com\/tr\/sefin-dunyasi\/tarifler\/#primaryimage"},"thumbnailUrl":"https:\/\/www.electroluxprofessional.com\/tr\/wp-content\/uploads\/2017\/02\/recipes.jpg","datePublished":"2016-05-09T07:00:16+00:00","dateModified":"2025-10-06T13:03:47+00:00","description":"\u015eef Akademisi, d\u00fcnyan\u0131n farkl\u0131 b\u00f6lgelerinden gelen tecr\u00fcbeli mutfak dan\u0131\u015fmanlar\u0131n\u0131n ilham kayna\u011f\u0131d\u0131r. Tariflerimizden ilham al\u0131n!","breadcrumb":{"@id":"https:\/\/www.electroluxprofessional.com\/tr\/sefin-dunyasi\/tarifler\/#breadcrumb"},"inLanguage":"tr","potentialAction":[{"@type":"ReadAction","target":["https:\/\/www.electroluxprofessional.com\/tr\/sefin-dunyasi\/tarifler\/"]}]},{"@type":"ImageObject","inLanguage":"tr","@id":"https:\/\/www.electroluxprofessional.com\/tr\/sefin-dunyasi\/tarifler\/#primaryimage","url":"https:\/\/www.electroluxprofessional.com\/tr\/wp-content\/uploads\/2017\/02\/recipes.jpg","contentUrl":"https:\/\/www.electroluxprofessional.com\/tr\/wp-content\/uploads\/2017\/02\/recipes.jpg","width":1631,"height":796,"caption":"recipes"},{"@type":"BreadcrumbList","@id":"https:\/\/www.electroluxprofessional.com\/tr\/sefin-dunyasi\/tarifler\/#breadcrumb","itemListElement":[{"@type":"ListItem","position":1,"name":"Home","item":"https:\/\/www.electroluxprofessional.com\/tr\/"},{"@type":"ListItem","position":2,"name":"\u015eef&#8217;in D\u00fcnyas\u0131","item":"https:\/\/www.electroluxprofessional.com\/tr\/sefin-dunyasi\/"},{"@type":"ListItem","position":3,"name":"Tarifler"}]},{"@type":"WebSite","@id":"https:\/\/www.electroluxprofessional.com\/tr\/#website","url":"https:\/\/www.electroluxprofessional.com\/tr\/","name":"Electrolux Professional T\u00fcrkiye","description":"","potentialAction":[{"@type":"SearchAction","target":{"@type":"EntryPoint","urlTemplate":"https:\/\/www.electroluxprofessional.com\/tr\/?src={search_term_string}"},"query-input":"required name=search_term_string"}],"inLanguage":"tr"}]}},"_links":{"self":[{"href":"https:\/\/www.electroluxprofessional.com\/tr\/wp-json\/wp\/v2\/pages\/1189"}],"collection":[{"href":"https:\/\/www.electroluxprofessional.com\/tr\/wp-json\/wp\/v2\/pages"}],"about":[{"href":"https:\/\/www.electroluxprofessional.com\/tr\/wp-json\/wp\/v2\/types\/page"}],"author":[{"embeddable":true,"href":"https:\/\/www.electroluxprofessional.com\/tr\/wp-json\/wp\/v2\/users\/3"}],"replies":[{"embeddable":true,"href":"https:\/\/www.electroluxprofessional.com\/tr\/wp-json\/wp\/v2\/comments?post=1189"}],"version-history":[{"count":9,"href":"https:\/\/www.electroluxprofessional.com\/tr\/wp-json\/wp\/v2\/pages\/1189\/revisions"}],"predecessor-version":[{"id":22438,"href":"https:\/\/www.electroluxprofessional.com\/tr\/wp-json\/wp\/v2\/pages\/1189\/revisions\/22438"}],"up":[{"embeddable":true,"href":"https:\/\/www.electroluxprofessional.com\/tr\/wp-json\/wp\/v2\/pages\/1152"}],"wp:featuredmedia":[{"embeddable":true,"href":"https:\/\/www.electroluxprofessional.com\/tr\/wp-json\/wp\/v2\/media\/1188"}],"wp:attachment":[{"href":"https:\/\/www.electroluxprofessional.com\/tr\/wp-json\/wp\/v2\/media?parent=1189"}],"curies":[{"name":"wp","href":"https:\/\/api.w.org\/{rel}","templated":true}]}}