{"id":1115,"date":"2017-02-16T09:14:31","date_gmt":"2017-02-16T09:14:31","guid":{"rendered":"https:\/\/www.electroluxprofessional.com\/tr\/?page_id=1115"},"modified":"2025-07-30T11:50:20","modified_gmt":"2025-07-30T11:50:20","slug":"musteri-hizmetleri","status":"publish","type":"page","link":"https:\/\/www.electroluxprofessional.com\/tr\/musteri-hizmetleri\/","title":{"rendered":"Essentia M\u00fc\u015fteri Hizmetleri"},"content":{"rendered":"<p>[vc_row full_width=&#8221;electroluxpro-full-width-no-padding&#8221;][vc_column][elx_hero_slider label_text_color=&#8221;inherit&#8221; images=&#8221;717&#8243;][elx_heading font_container=&#8221;h1&#8243; font_size=&#8221;h2&#8243; text_color=&#8221;inherit&#8221;]M\u00fc\u015fteri <strong>Hizmetleri<\/strong>[\/elx_heading][vc_column_text]<\/p>\n<h3>E\u015fsiz<br \/>\nglobal hizmet<\/h3>\n<p>149\u2019tan fazla \u00fclkede,\u00a010.000\u2019den fazla uzman teknisyen.<\/p>\n<p>Stokta mevcut 55.000\u00a0adet yedek par\u00e7a.<\/p>\n<p>Yedek par\u00e7alar, \u00fcretimin sonland\u0131r\u0131lmas\u0131ndan itibaren en az 10 y\u0131l boyunca temin edilebilir.<\/p>\n<p>T\u00fcm d\u00fcnyaya 24 &#8211; 48 saat i\u00e7erisinde yedek par\u00e7a teslimat\u0131[\/vc_column_text][\/elx_hero_slider][\/vc_column][\/vc_row][vc_row][vc_column][vc_empty_space height=&#8221;50px&#8221;][\/vc_column][\/vc_row][vc_row full_width=&#8221;electroluxpro-full-width-no-padding&#8221; css=&#8221;.vc_custom_1465478787353{background-color: #041e41 !important;}&#8221;][vc_column width=&#8221;1\/2&#8243;][elx_video_block background_image=&#8221;715&#8243; video_link=&#8221;https:\/\/www.youtube.com\/watch?v=k4olzrfBpHM&#8221; minimum_height=&#8221;700px&#8221;][\/vc_column][vc_column width=&#8221;1\/2&#8243;][vc_empty_space height=&#8221;50px&#8221;][elx_simple_block background_color=&#8221;inherit&#8221;][elx_heading font_container=&#8221;h3&#8243; text_color=&#8221;white&#8221;]Her zaman yan\u0131n\u0131zday\u0131z\u2026<br \/>\nHer zaman haz\u0131r\u0131z\u2026[\/elx_heading][elx_button button_text=&#8221;Bayi ve Servis Arama&#8221; css=&#8221;.vc_custom_1507068353489{margin-top: 20px !important;}&#8221; button_link=&#8221;url:https%3A%2F%2Fwww.electroluxprofessional.com%2Ftr%2Fbayi-ve-servis-arama%2F|title:Find%20a%20dealer||&#8221;][\/elx_simple_block][\/vc_column][\/vc_row][vc_row full_width=&#8221;electroluxpro-full-width-no-padding&#8221; equal_height=&#8221;yes&#8221; css=&#8221;.vc_custom_1469780461824{background-color: #f8f6f9 !important;}&#8221;][vc_column width=&#8221;1\/2&#8243;][elx_simple_block background_color=&#8221;inherit&#8221;][elx_heading font_container=&#8221;h3&#8243; text_color=&#8221;inherit&#8221;]Ekipman\u0131n\u0131z\u0131n performans\u0131n\u0131 koruyun[\/elx_heading][vc_column_text]Electrolux Professional ve s\u00fcrekli bir bak\u0131m, beklenmedik sorunlar\u0131 \u00f6nlemek a\u00e7\u0131s\u0131ndan kilit ba\u015far\u0131 fakt\u00f6r\u00fcd\u00fcr.<\/p>\n<p>Bu yaln\u0131zca zamanlamayla veya ihtiya\u00e7 duydu\u011funuzda orada olmakla ilgili de\u011fildir, ancak as\u0131l \u00f6nemli olan <strong>herhangi bir \u015fey olmadan \u00f6nce orada olmak<\/strong> ve M\u00fc\u015fteriler i\u00e7in en uygun zamanda orada olmakt\u0131r![\/vc_column_text][elx_heading font_container=&#8221;h3&#8243; text_color=&#8221;inherit&#8221;]Tam bak\u0131m program\u0131[\/elx_heading][vc_column_text]\u0130\u00e7inizin rahat olmas\u0131 i\u00e7in m\u00fc\u015fteriye \u00f6zel hizmet anla\u015fmas\u0131[\/vc_column_text][elx_heading font_container=&#8221;h3&#8243; text_color=&#8221;inherit&#8221;]Koruyucu bak\u0131m[\/elx_heading][vc_column_text]Ar\u0131zalar\u0131n olu\u015fmas\u0131n\u0131 \u00f6nlemek i\u00e7in planlanm\u0131\u015f inceleme ve ayarlamalar yap\u0131l\u0131r[\/vc_column_text][elx_heading font_container=&#8221;h3&#8243; text_color=&#8221;inherit&#8221;]D\u00fczeltici bak\u0131m[\/elx_heading][vc_column_text]Kapsaml\u0131 Yetkili Servis A\u011f\u0131m\u0131z her t\u00fcrl\u00fc ar\u0131zay\u0131 d\u00fczeltir, b\u00f6ylece ekipman tekrar normal \u00e7al\u0131\u015fma ko\u015fullar\u0131na d\u00f6ner.[\/vc_column_text][\/elx_simple_block][\/vc_column][vc_column width=&#8221;1\/2&#8243;][elx_image_block background_image=&#8221;716&#8243; minimum_height=&#8221;700px&#8221;][\/vc_column][\/vc_row][vc_row][vc_column][vc_empty_space][\/vc_column][\/vc_row]<\/p>\n","protected":false},"excerpt":{"rendered":"<p>[vc_row full_width=&#8221;electroluxpro-full-width-no-padding&#8221;][vc_column][elx_hero_slider label_text_color=&#8221;inherit&#8221; images=&#8221;717&#8243;][elx_heading font_container=&#8221;h1&#8243; font_size=&#8221;h2&#8243; text_color=&#8221;inherit&#8221;]M\u00fc\u015fteri Hizmetleri[\/elx_heading][vc_column_text] E\u015fsiz global hizmet 149\u2019tan fazla \u00fclkede,\u00a010.000\u2019den fazla uzman teknisyen. Stokta mevcut 55.000\u00a0adet yedek par\u00e7a. Yedek par\u00e7alar, \u00fcretimin sonland\u0131r\u0131lmas\u0131ndan itibaren en az 10 y\u0131l boyunca temin edilebilir. T\u00fcm d\u00fcnyaya 24 &#8211; 48 saat i\u00e7erisinde yedek par\u00e7a teslimat\u0131[\/vc_column_text][\/elx_hero_slider][\/vc_column][\/vc_row][vc_row][vc_column][vc_empty_space height=&#8221;50px&#8221;][\/vc_column][\/vc_row][vc_row full_width=&#8221;electroluxpro-full-width-no-padding&#8221; css=&#8221;.vc_custom_1465478787353{background-color: #041e41 !important;}&#8221;][vc_column width=&#8221;1\/2&#8243;][elx_video_block background_image=&#8221;715&#8243; video_link=&#8221;https:\/\/www.youtube.com\/watch?v=k4olzrfBpHM&#8221; minimum_height=&#8221;700px&#8221;][\/vc_column][vc_column width=&#8221;1\/2&#8243;][vc_empty_space height=&#8221;50px&#8221;][elx_simple_block [&hellip;]<\/p>\n","protected":false},"author":3,"featured_media":0,"parent":0,"menu_order":0,"comment_status":"closed","ping_status":"closed","template":"","meta":{"footnotes":""},"class_list":["post-1115","page","type-page","status-publish","hentry"],"acf":[],"yoast_head":"<!-- This site is optimized with the Yoast SEO plugin v23.3 - https:\/\/yoast.com\/wordpress\/plugins\/seo\/ -->\n<title>Essentia M\u00fc\u015fteri Hizmetleri - Electrolux Professional T\u00fcrkiye<\/title>\n<meta name=\"robots\" content=\"index, follow, max-snippet:-1, max-image-preview:large, max-video-preview:-1\" \/>\n<link rel=\"canonical\" href=\"https:\/\/www.electroluxprofessional.com\/tr\/musteri-hizmetleri\/\" \/>\n<meta property=\"og:locale\" content=\"tr_TR\" \/>\n<meta property=\"og:type\" content=\"article\" \/>\n<meta property=\"og:title\" content=\"Essentia M\u00fc\u015fteri Hizmetleri - Electrolux Professional T\u00fcrkiye\" \/>\n<meta property=\"og:description\" content=\"[vc_row full_width=&#8221;electroluxpro-full-width-no-padding&#8221;][vc_column][elx_hero_slider label_text_color=&#8221;inherit&#8221; images=&#8221;717&#8243;][elx_heading font_container=&#8221;h1&#8243; font_size=&#8221;h2&#8243; text_color=&#8221;inherit&#8221;]M\u00fc\u015fteri Hizmetleri[\/elx_heading][vc_column_text] E\u015fsiz global hizmet 149\u2019tan fazla \u00fclkede,\u00a010.000\u2019den fazla uzman teknisyen. Stokta mevcut 55.000\u00a0adet yedek par\u00e7a. Yedek par\u00e7alar, \u00fcretimin sonland\u0131r\u0131lmas\u0131ndan itibaren en az 10 y\u0131l boyunca temin edilebilir. T\u00fcm d\u00fcnyaya 24 &#8211; 48 saat i\u00e7erisinde yedek par\u00e7a teslimat\u0131[\/vc_column_text][\/elx_hero_slider][\/vc_column][\/vc_row][vc_row][vc_column][vc_empty_space height=&#8221;50px&#8221;][\/vc_column][\/vc_row][vc_row full_width=&#8221;electroluxpro-full-width-no-padding&#8221; css=&#8221;.vc_custom_1465478787353{background-color: #041e41 !important;}&#8221;][vc_column width=&#8221;1\/2&#8243;][elx_video_block background_image=&#8221;715&#8243; video_link=&#8221;https:\/\/www.youtube.com\/watch?v=k4olzrfBpHM&#8221; minimum_height=&#8221;700px&#8221;][\/vc_column][vc_column width=&#8221;1\/2&#8243;][vc_empty_space height=&#8221;50px&#8221;][elx_simple_block [&hellip;]\" \/>\n<meta property=\"og:url\" content=\"https:\/\/www.electroluxprofessional.com\/tr\/musteri-hizmetleri\/\" \/>\n<meta property=\"og:site_name\" content=\"Electrolux Professional T\u00fcrkiye\" \/>\n<meta property=\"article:modified_time\" content=\"2025-07-30T11:50:20+00:00\" \/>\n<meta name=\"twitter:card\" content=\"summary_large_image\" \/>\n<meta name=\"twitter:label1\" content=\"Tahmini okuma s\u00fcresi\" \/>\n\t<meta name=\"twitter:data1\" content=\"2 dakika\" \/>\n<script type=\"application\/ld+json\" class=\"yoast-schema-graph\">{\"@context\":\"https:\/\/schema.org\",\"@graph\":[{\"@type\":\"WebPage\",\"@id\":\"https:\/\/www.electroluxprofessional.com\/tr\/musteri-hizmetleri\/\",\"url\":\"https:\/\/www.electroluxprofessional.com\/tr\/musteri-hizmetleri\/\",\"name\":\"Essentia M\u00fc\u015fteri Hizmetleri - Electrolux Professional T\u00fcrkiye\",\"isPartOf\":{\"@id\":\"https:\/\/www.electroluxprofessional.com\/tr\/#website\"},\"datePublished\":\"2017-02-16T09:14:31+00:00\",\"dateModified\":\"2025-07-30T11:50:20+00:00\",\"breadcrumb\":{\"@id\":\"https:\/\/www.electroluxprofessional.com\/tr\/musteri-hizmetleri\/#breadcrumb\"},\"inLanguage\":\"tr\",\"potentialAction\":[{\"@type\":\"ReadAction\",\"target\":[\"https:\/\/www.electroluxprofessional.com\/tr\/musteri-hizmetleri\/\"]}]},{\"@type\":\"BreadcrumbList\",\"@id\":\"https:\/\/www.electroluxprofessional.com\/tr\/musteri-hizmetleri\/#breadcrumb\",\"itemListElement\":[{\"@type\":\"ListItem\",\"position\":1,\"name\":\"Home\",\"item\":\"https:\/\/www.electroluxprofessional.com\/tr\/\"},{\"@type\":\"ListItem\",\"position\":2,\"name\":\"Essentia M\u00fc\u015fteri Hizmetleri\"}]},{\"@type\":\"WebSite\",\"@id\":\"https:\/\/www.electroluxprofessional.com\/tr\/#website\",\"url\":\"https:\/\/www.electroluxprofessional.com\/tr\/\",\"name\":\"Electrolux Professional T\u00fcrkiye\",\"description\":\"\",\"potentialAction\":[{\"@type\":\"SearchAction\",\"target\":{\"@type\":\"EntryPoint\",\"urlTemplate\":\"https:\/\/www.electroluxprofessional.com\/tr\/?src={search_term_string}\"},\"query-input\":\"required name=search_term_string\"}],\"inLanguage\":\"tr\"}]}<\/script>\n<!-- \/ Yoast SEO plugin. -->","yoast_head_json":{"title":"Essentia M\u00fc\u015fteri Hizmetleri - Electrolux Professional T\u00fcrkiye","robots":{"index":"index","follow":"follow","max-snippet":"max-snippet:-1","max-image-preview":"max-image-preview:large","max-video-preview":"max-video-preview:-1"},"canonical":"https:\/\/www.electroluxprofessional.com\/tr\/musteri-hizmetleri\/","og_locale":"tr_TR","og_type":"article","og_title":"Essentia M\u00fc\u015fteri Hizmetleri - Electrolux Professional T\u00fcrkiye","og_description":"[vc_row full_width=&#8221;electroluxpro-full-width-no-padding&#8221;][vc_column][elx_hero_slider label_text_color=&#8221;inherit&#8221; images=&#8221;717&#8243;][elx_heading font_container=&#8221;h1&#8243; font_size=&#8221;h2&#8243; text_color=&#8221;inherit&#8221;]M\u00fc\u015fteri Hizmetleri[\/elx_heading][vc_column_text] E\u015fsiz global hizmet 149\u2019tan fazla \u00fclkede,\u00a010.000\u2019den fazla uzman teknisyen. Stokta mevcut 55.000\u00a0adet yedek par\u00e7a. Yedek par\u00e7alar, \u00fcretimin sonland\u0131r\u0131lmas\u0131ndan itibaren en az 10 y\u0131l boyunca temin edilebilir. T\u00fcm d\u00fcnyaya 24 &#8211; 48 saat i\u00e7erisinde yedek par\u00e7a teslimat\u0131[\/vc_column_text][\/elx_hero_slider][\/vc_column][\/vc_row][vc_row][vc_column][vc_empty_space height=&#8221;50px&#8221;][\/vc_column][\/vc_row][vc_row full_width=&#8221;electroluxpro-full-width-no-padding&#8221; css=&#8221;.vc_custom_1465478787353{background-color: #041e41 !important;}&#8221;][vc_column width=&#8221;1\/2&#8243;][elx_video_block background_image=&#8221;715&#8243; video_link=&#8221;https:\/\/www.youtube.com\/watch?v=k4olzrfBpHM&#8221; minimum_height=&#8221;700px&#8221;][\/vc_column][vc_column width=&#8221;1\/2&#8243;][vc_empty_space height=&#8221;50px&#8221;][elx_simple_block [&hellip;]","og_url":"https:\/\/www.electroluxprofessional.com\/tr\/musteri-hizmetleri\/","og_site_name":"Electrolux Professional T\u00fcrkiye","article_modified_time":"2025-07-30T11:50:20+00:00","twitter_card":"summary_large_image","twitter_misc":{"Tahmini okuma s\u00fcresi":"2 dakika"},"schema":{"@context":"https:\/\/schema.org","@graph":[{"@type":"WebPage","@id":"https:\/\/www.electroluxprofessional.com\/tr\/musteri-hizmetleri\/","url":"https:\/\/www.electroluxprofessional.com\/tr\/musteri-hizmetleri\/","name":"Essentia M\u00fc\u015fteri Hizmetleri - Electrolux Professional T\u00fcrkiye","isPartOf":{"@id":"https:\/\/www.electroluxprofessional.com\/tr\/#website"},"datePublished":"2017-02-16T09:14:31+00:00","dateModified":"2025-07-30T11:50:20+00:00","breadcrumb":{"@id":"https:\/\/www.electroluxprofessional.com\/tr\/musteri-hizmetleri\/#breadcrumb"},"inLanguage":"tr","potentialAction":[{"@type":"ReadAction","target":["https:\/\/www.electroluxprofessional.com\/tr\/musteri-hizmetleri\/"]}]},{"@type":"BreadcrumbList","@id":"https:\/\/www.electroluxprofessional.com\/tr\/musteri-hizmetleri\/#breadcrumb","itemListElement":[{"@type":"ListItem","position":1,"name":"Home","item":"https:\/\/www.electroluxprofessional.com\/tr\/"},{"@type":"ListItem","position":2,"name":"Essentia M\u00fc\u015fteri Hizmetleri"}]},{"@type":"WebSite","@id":"https:\/\/www.electroluxprofessional.com\/tr\/#website","url":"https:\/\/www.electroluxprofessional.com\/tr\/","name":"Electrolux Professional T\u00fcrkiye","description":"","potentialAction":[{"@type":"SearchAction","target":{"@type":"EntryPoint","urlTemplate":"https:\/\/www.electroluxprofessional.com\/tr\/?src={search_term_string}"},"query-input":"required name=search_term_string"}],"inLanguage":"tr"}]}},"_links":{"self":[{"href":"https:\/\/www.electroluxprofessional.com\/tr\/wp-json\/wp\/v2\/pages\/1115"}],"collection":[{"href":"https:\/\/www.electroluxprofessional.com\/tr\/wp-json\/wp\/v2\/pages"}],"about":[{"href":"https:\/\/www.electroluxprofessional.com\/tr\/wp-json\/wp\/v2\/types\/page"}],"author":[{"embeddable":true,"href":"https:\/\/www.electroluxprofessional.com\/tr\/wp-json\/wp\/v2\/users\/3"}],"replies":[{"embeddable":true,"href":"https:\/\/www.electroluxprofessional.com\/tr\/wp-json\/wp\/v2\/comments?post=1115"}],"version-history":[{"count":7,"href":"https:\/\/www.electroluxprofessional.com\/tr\/wp-json\/wp\/v2\/pages\/1115\/revisions"}],"predecessor-version":[{"id":21654,"href":"https:\/\/www.electroluxprofessional.com\/tr\/wp-json\/wp\/v2\/pages\/1115\/revisions\/21654"}],"wp:attachment":[{"href":"https:\/\/www.electroluxprofessional.com\/tr\/wp-json\/wp\/v2\/media?parent=1115"}],"curies":[{"name":"wp","href":"https:\/\/api.w.org\/{rel}","templated":true}]}}