{"id":11063,"date":"2018-05-09T15:47:20","date_gmt":"2018-05-09T14:47:20","guid":{"rendered":"https:\/\/www.electroluxprofessional.com\/?page_id=16693"},"modified":"2025-10-17T08:14:59","modified_gmt":"2025-10-17T08:14:59","slug":"yedek-parca-arama","status":"publish","type":"page","link":"https:\/\/www.electroluxprofessional.com\/tr\/musteri-hizmetleri\/yedek-parca-arama\/","title":{"rendered":"Yedek Par\u00e7a Arama"},"content":{"rendered":"<p>[vc_row full_width=&#8221;electroluxpro-full-width-no-padding&#8221;][vc_column][elx_image_block background_image=&#8221;11062&#8243; minimum_height=&#8221;350px&#8221;][\/vc_column][\/vc_row][vc_row][vc_column][vc_empty_space][elx_heading font_container=&#8221;h1&#8243; font_size=&#8221;h3&#8243; text_color=&#8221;electrolux-blue&#8221; text_align=&#8221;text-left&#8221;]Sizin memnuniyetiniz bizim memnuniyetimizdir.[\/elx_heading][elx_heading font_size=&#8221;h5&#8243; text_color=&#8221;inherit&#8221;]Sizin memnuniyetiniz bizim memnuniyetimizdir.[\/elx_heading][vc_column_text]\u0130htiyac\u0131n\u0131z olan her \u015feye her zaman ula\u015fabilirsiniz.<br \/>\n2200&#8217;\u00fc a\u015fk\u0131n yetkili teknik uzmanlar\u0131ndan olu\u015fan kapsaml\u0131 M\u00fc\u015fteri Hizmetleri global a\u011f\u0131 sayesinde 55.000&#8217;den fazla yedek par\u00e7a mevcuttur.<br \/>\nCihaz\u0131n\u0131z\u0131n yedek par\u00e7alar\u0131n\u0131, \u00fcretim bitiminden itibaren en az 10 y\u0131l boyunca piyasada bulundururuz. 149&#8217;dan fazla \u00fclkede bulunan servis partnerlerimiz, yedek par\u00e7alar\u0131 t\u00fcm d\u00fcnyaya kolayca ve h\u0131zl\u0131 \u015fekilde sevk edebilir.[\/vc_column_text][\/vc_column][\/vc_row][vc_row][vc_column][elx_heading font_size=&#8221;h3&#8243; text_color=&#8221;inherit&#8221;]En yak\u0131n servis partneri ile ileti\u015fime ge\u00e7in[\/elx_heading][vc_empty_space][elx_o2000_locator cf=&#8221;Turkey&#8221; country_cluster=&#8221;&#8221; l=&#8221;tr&#8221; agencydef=&#8221;service&#8221;][\/vc_column][\/vc_row][vc_row][vc_column][vc_empty_space][\/vc_column][\/vc_row][vc_row css=&#8221;.vc_custom_1525877089500{background-color: #eeeeee !important;}&#8221;][vc_column][elx_heading font_size=&#8221;h3&#8243; text_color=&#8221;inherit&#8221;]Komple \u00e7\u00f6z\u00fcmlerimiz hakk\u0131nda daha fazlas\u0131n\u0131 ke\u015ffedin[\/elx_heading][vc_empty_space][\/vc_column][\/vc_row][vc_row css=&#8221;.vc_custom_1525877097528{background-color: #eeeeee !important;}&#8221;][vc_column width=&#8221;1\/3&#8243;][elx_maylike_box id_box=&#8221;9231&#8243; matched_labels=&#8221;&#8221;][\/vc_column][vc_column width=&#8221;1\/3&#8243;][elx_maylike_box id_box=&#8221;9510&#8243;][\/vc_column][vc_column width=&#8221;1\/3&#8243;][\/vc_column][\/vc_row]<\/p>\n","protected":false},"excerpt":{"rendered":"<p>[vc_row full_width=&#8221;electroluxpro-full-width-no-padding&#8221;][vc_column][elx_image_block background_image=&#8221;11062&#8243; minimum_height=&#8221;350px&#8221;][\/vc_column][\/vc_row][vc_row][vc_column][vc_empty_space][elx_heading font_container=&#8221;h1&#8243; font_size=&#8221;h3&#8243; text_color=&#8221;electrolux-blue&#8221; text_align=&#8221;text-left&#8221;]Sizin memnuniyetiniz bizim memnuniyetimizdir.[\/elx_heading][elx_heading font_size=&#8221;h5&#8243; text_color=&#8221;inherit&#8221;]Sizin memnuniyetiniz bizim memnuniyetimizdir.[\/elx_heading][vc_column_text]\u0130htiyac\u0131n\u0131z olan her \u015feye her zaman ula\u015fabilirsiniz. 2200&#8217;\u00fc a\u015fk\u0131n yetkili teknik uzmanlar\u0131ndan olu\u015fan kapsaml\u0131 M\u00fc\u015fteri Hizmetleri global a\u011f\u0131 sayesinde 55.000&#8217;den fazla yedek par\u00e7a mevcuttur. Cihaz\u0131n\u0131z\u0131n yedek par\u00e7alar\u0131n\u0131, \u00fcretim bitiminden itibaren en az 10 y\u0131l boyunca piyasada bulundururuz. 149&#8217;dan fazla \u00fclkede [&hellip;]<\/p>\n","protected":false},"author":32,"featured_media":0,"parent":1115,"menu_order":0,"comment_status":"closed","ping_status":"closed","template":"","meta":{"footnotes":""},"class_list":["post-11063","page","type-page","status-publish","hentry"],"acf":[],"yoast_head":"<!-- This site is optimized with the Yoast SEO plugin v23.3 - https:\/\/yoast.com\/wordpress\/plugins\/seo\/ -->\n<title>Yedek Par\u00e7a Arama - Electrolux Professional T\u00fcrkiye<\/title>\n<meta name=\"description\" content=\"Size d\u00fcnya \u00e7ap\u0131nda sevk edilen yedek par\u00e7alar\u0131 sunan benzersiz bir servis a\u011f\u0131yla, memnuniyetinizi sa\u011flamaya haz\u0131r ve kararl\u0131y\u0131z.\" \/>\n<meta name=\"robots\" content=\"index, follow, max-snippet:-1, max-image-preview:large, max-video-preview:-1\" \/>\n<link rel=\"canonical\" href=\"https:\/\/www.electroluxprofessional.com\/tr\/musteri-hizmetleri\/yedek-parca-arama\/\" \/>\n<meta property=\"og:locale\" content=\"tr_TR\" \/>\n<meta property=\"og:type\" content=\"article\" \/>\n<meta property=\"og:title\" content=\"Yedek Par\u00e7a Arama - Electrolux Professional T\u00fcrkiye\" \/>\n<meta property=\"og:description\" content=\"Size d\u00fcnya \u00e7ap\u0131nda sevk edilen yedek par\u00e7alar\u0131 sunan benzersiz bir servis a\u011f\u0131yla, memnuniyetinizi sa\u011flamaya haz\u0131r ve kararl\u0131y\u0131z.\" \/>\n<meta property=\"og:url\" content=\"https:\/\/www.electroluxprofessional.com\/tr\/musteri-hizmetleri\/yedek-parca-arama\/\" \/>\n<meta property=\"og:site_name\" content=\"Electrolux Professional T\u00fcrkiye\" \/>\n<meta property=\"article:modified_time\" content=\"2025-10-17T08:14:59+00:00\" \/>\n<meta name=\"twitter:card\" content=\"summary_large_image\" \/>\n<meta name=\"twitter:label1\" content=\"Tahmini okuma s\u00fcresi\" \/>\n\t<meta name=\"twitter:data1\" content=\"1 dakika\" \/>\n<script type=\"application\/ld+json\" class=\"yoast-schema-graph\">{\"@context\":\"https:\/\/schema.org\",\"@graph\":[{\"@type\":\"WebPage\",\"@id\":\"https:\/\/www.electroluxprofessional.com\/tr\/musteri-hizmetleri\/yedek-parca-arama\/\",\"url\":\"https:\/\/www.electroluxprofessional.com\/tr\/musteri-hizmetleri\/yedek-parca-arama\/\",\"name\":\"Yedek Par\u00e7a Arama - Electrolux Professional T\u00fcrkiye\",\"isPartOf\":{\"@id\":\"https:\/\/www.electroluxprofessional.com\/tr\/#website\"},\"datePublished\":\"2018-05-09T14:47:20+00:00\",\"dateModified\":\"2025-10-17T08:14:59+00:00\",\"description\":\"Size d\u00fcnya \u00e7ap\u0131nda sevk edilen yedek par\u00e7alar\u0131 sunan benzersiz bir servis a\u011f\u0131yla, memnuniyetinizi sa\u011flamaya haz\u0131r ve kararl\u0131y\u0131z.\",\"breadcrumb\":{\"@id\":\"https:\/\/www.electroluxprofessional.com\/tr\/musteri-hizmetleri\/yedek-parca-arama\/#breadcrumb\"},\"inLanguage\":\"tr\",\"potentialAction\":[{\"@type\":\"ReadAction\",\"target\":[\"https:\/\/www.electroluxprofessional.com\/tr\/musteri-hizmetleri\/yedek-parca-arama\/\"]}]},{\"@type\":\"BreadcrumbList\",\"@id\":\"https:\/\/www.electroluxprofessional.com\/tr\/musteri-hizmetleri\/yedek-parca-arama\/#breadcrumb\",\"itemListElement\":[{\"@type\":\"ListItem\",\"position\":1,\"name\":\"Home\",\"item\":\"https:\/\/www.electroluxprofessional.com\/tr\/\"},{\"@type\":\"ListItem\",\"position\":2,\"name\":\"Essentia M\u00fc\u015fteri Hizmetleri\",\"item\":\"https:\/\/www.electroluxprofessional.com\/tr\/musteri-hizmetleri\/\"},{\"@type\":\"ListItem\",\"position\":3,\"name\":\"Yedek Par\u00e7a Arama\"}]},{\"@type\":\"WebSite\",\"@id\":\"https:\/\/www.electroluxprofessional.com\/tr\/#website\",\"url\":\"https:\/\/www.electroluxprofessional.com\/tr\/\",\"name\":\"Electrolux Professional T\u00fcrkiye\",\"description\":\"\",\"potentialAction\":[{\"@type\":\"SearchAction\",\"target\":{\"@type\":\"EntryPoint\",\"urlTemplate\":\"https:\/\/www.electroluxprofessional.com\/tr\/?src={search_term_string}\"},\"query-input\":\"required name=search_term_string\"}],\"inLanguage\":\"tr\"}]}<\/script>\n<!-- \/ Yoast SEO plugin. -->","yoast_head_json":{"title":"Yedek Par\u00e7a Arama - Electrolux Professional T\u00fcrkiye","description":"Size d\u00fcnya \u00e7ap\u0131nda sevk edilen yedek par\u00e7alar\u0131 sunan benzersiz bir servis a\u011f\u0131yla, memnuniyetinizi sa\u011flamaya haz\u0131r ve kararl\u0131y\u0131z.","robots":{"index":"index","follow":"follow","max-snippet":"max-snippet:-1","max-image-preview":"max-image-preview:large","max-video-preview":"max-video-preview:-1"},"canonical":"https:\/\/www.electroluxprofessional.com\/tr\/musteri-hizmetleri\/yedek-parca-arama\/","og_locale":"tr_TR","og_type":"article","og_title":"Yedek Par\u00e7a Arama - Electrolux Professional T\u00fcrkiye","og_description":"Size d\u00fcnya \u00e7ap\u0131nda sevk edilen yedek par\u00e7alar\u0131 sunan benzersiz bir servis a\u011f\u0131yla, memnuniyetinizi sa\u011flamaya haz\u0131r ve kararl\u0131y\u0131z.","og_url":"https:\/\/www.electroluxprofessional.com\/tr\/musteri-hizmetleri\/yedek-parca-arama\/","og_site_name":"Electrolux Professional T\u00fcrkiye","article_modified_time":"2025-10-17T08:14:59+00:00","twitter_card":"summary_large_image","twitter_misc":{"Tahmini okuma s\u00fcresi":"1 dakika"},"schema":{"@context":"https:\/\/schema.org","@graph":[{"@type":"WebPage","@id":"https:\/\/www.electroluxprofessional.com\/tr\/musteri-hizmetleri\/yedek-parca-arama\/","url":"https:\/\/www.electroluxprofessional.com\/tr\/musteri-hizmetleri\/yedek-parca-arama\/","name":"Yedek Par\u00e7a Arama - Electrolux Professional T\u00fcrkiye","isPartOf":{"@id":"https:\/\/www.electroluxprofessional.com\/tr\/#website"},"datePublished":"2018-05-09T14:47:20+00:00","dateModified":"2025-10-17T08:14:59+00:00","description":"Size d\u00fcnya \u00e7ap\u0131nda sevk edilen yedek par\u00e7alar\u0131 sunan benzersiz bir servis a\u011f\u0131yla, memnuniyetinizi sa\u011flamaya haz\u0131r ve kararl\u0131y\u0131z.","breadcrumb":{"@id":"https:\/\/www.electroluxprofessional.com\/tr\/musteri-hizmetleri\/yedek-parca-arama\/#breadcrumb"},"inLanguage":"tr","potentialAction":[{"@type":"ReadAction","target":["https:\/\/www.electroluxprofessional.com\/tr\/musteri-hizmetleri\/yedek-parca-arama\/"]}]},{"@type":"BreadcrumbList","@id":"https:\/\/www.electroluxprofessional.com\/tr\/musteri-hizmetleri\/yedek-parca-arama\/#breadcrumb","itemListElement":[{"@type":"ListItem","position":1,"name":"Home","item":"https:\/\/www.electroluxprofessional.com\/tr\/"},{"@type":"ListItem","position":2,"name":"Essentia M\u00fc\u015fteri Hizmetleri","item":"https:\/\/www.electroluxprofessional.com\/tr\/musteri-hizmetleri\/"},{"@type":"ListItem","position":3,"name":"Yedek Par\u00e7a Arama"}]},{"@type":"WebSite","@id":"https:\/\/www.electroluxprofessional.com\/tr\/#website","url":"https:\/\/www.electroluxprofessional.com\/tr\/","name":"Electrolux Professional T\u00fcrkiye","description":"","potentialAction":[{"@type":"SearchAction","target":{"@type":"EntryPoint","urlTemplate":"https:\/\/www.electroluxprofessional.com\/tr\/?src={search_term_string}"},"query-input":"required name=search_term_string"}],"inLanguage":"tr"}]}},"_links":{"self":[{"href":"https:\/\/www.electroluxprofessional.com\/tr\/wp-json\/wp\/v2\/pages\/11063"}],"collection":[{"href":"https:\/\/www.electroluxprofessional.com\/tr\/wp-json\/wp\/v2\/pages"}],"about":[{"href":"https:\/\/www.electroluxprofessional.com\/tr\/wp-json\/wp\/v2\/types\/page"}],"author":[{"embeddable":true,"href":"https:\/\/www.electroluxprofessional.com\/tr\/wp-json\/wp\/v2\/users\/32"}],"replies":[{"embeddable":true,"href":"https:\/\/www.electroluxprofessional.com\/tr\/wp-json\/wp\/v2\/comments?post=11063"}],"version-history":[{"count":8,"href":"https:\/\/www.electroluxprofessional.com\/tr\/wp-json\/wp\/v2\/pages\/11063\/revisions"}],"predecessor-version":[{"id":22600,"href":"https:\/\/www.electroluxprofessional.com\/tr\/wp-json\/wp\/v2\/pages\/11063\/revisions\/22600"}],"up":[{"embeddable":true,"href":"https:\/\/www.electroluxprofessional.com\/tr\/wp-json\/wp\/v2\/pages\/1115"}],"wp:attachment":[{"href":"https:\/\/www.electroluxprofessional.com\/tr\/wp-json\/wp\/v2\/media?parent=11063"}],"curies":[{"name":"wp","href":"https:\/\/api.w.org\/{rel}","templated":true}]}}