{"id":1089,"date":"2016-11-21T15:34:36","date_gmt":"2016-11-21T15:34:36","guid":{"rendered":"https:\/\/www.electroluxprofessional.com\/tr\/?page_id=1089"},"modified":"2026-03-18T09:28:18","modified_gmt":"2026-03-18T09:28:18","slug":"login","status":"publish","type":"page","link":"https:\/\/www.electroluxprofessional.com\/tr\/login\/","title":{"rendered":"Login"},"content":{"rendered":"<p>[vc_row][vc_column width=&#8221;1\/2&#8243;][vc_empty_space height=&#8221;50px&#8221;][vc_column_text]        <div class=\"login-form \">\n            <div class=\"error-messages\">\n                            <\/div>\n            \n            <form name=\"login-form\" id=\"login-form\" action=\"https:\/\/www.electroluxprofessional.com\/tr\/wp-login.php\" method=\"post\">        <input type=\"hidden\" name=\"epr_login_form\" value=\"epr-login-form\"\/>\n        <input type=\"hidden\" name=\"epr_login_url\" value=\"https:\/\/www.electroluxprofessional.com\/tr\/wp-json\/wp\/v2\/pages\/1089\"\/>\n        \n        \t\t<p class=\"login-username\">\n\t\t\t\t<label for=\"email\">E-posta<\/label>\n\t\t\t\t<input type=\"text\" name=\"log\" id=\"email\" autocomplete=\"username\" class=\"input\" value=\"\" size=\"20\" \/>\n\t\t\t<\/p><p class=\"login-password\">\n\t\t\t\t<label for=\"password\">Parola<\/label>\n\t\t\t\t<input type=\"password\" name=\"pwd\" id=\"password\" autocomplete=\"current-password\" spellcheck=\"false\" class=\"input\" value=\"\" size=\"20\" \/>\n\t\t\t<\/p><div class=\"form-group\"><div class=\"g-recaptcha\" data-sitekey=\"6Ld_DxUUAAAAABBfcwOIlpvK_ddtGNYE-k7BlUq3\"><\/div><\/div><p class=\"login-remember\"><label><input name=\"rememberme\" type=\"checkbox\" id=\"remember-me\" value=\"forever\" \/> Beni hat\u0131rla<\/label><\/p><p class=\"login-submit\">\n\t\t\t\t<input type=\"submit\" name=\"wp-submit\" id=\"submit-login\" class=\"button button-primary\" value=\"Oturum a\u00e7\" \/>\n\t\t\t\t<input type=\"hidden\" name=\"redirect_to\" value=\"https:\/\/www.electroluxprofessional.com\/tr\" \/>\n\t\t\t<\/p>        <p>\n                                            <a href=\"\/register\/\" class=\"register-link\">Kay\u0131t olun<\/a>\n                                             |                 <a href=\"\/\" class=\"recover-password-link\">\u015eifrenizi mi unuttunuz?<\/a>\n                                    <\/p>\n        <\/form>        <\/div>\n        [\/vc_column_text][vc_empty_space height=&#8221;50px&#8221;][\/vc_column][vc_column width=&#8221;1\/2&#8243;][elx_heading font_container=&#8221;h1&#8243; font_size=&#8221;h2&#8243; text_color=&#8221;inherit&#8221;]\u00c7ama\u015f\u0131rhane Bayileri ve<br \/>\nYetkili Servisler[\/elx_heading][vc_column_text]Yetkili Servisler ve Bayiler i\u00e7in olan <strong>MyProfessional<\/strong> alan\u0131, <strong>ToolBox<\/strong> ad\u0131 verilen daha g\u00fcvenli bir alana ta\u015f\u0131nm\u0131\u015ft\u0131r.<\/p>\n<p>G\u00fcvenlik nedeni ile <strong>sizden yeniden kay\u0131t yapman\u0131z\u0131 rica ediyoruz<\/strong>.<br \/>\nL\u00fctfen bekleyin, daha g\u00fcvenli bir ortamda en iyi performans\u0131 sunmaya \u00e7al\u0131\u015f\u0131yoruz.[\/vc_column_text][vc_empty_space][elx_button button_text=&#8221;Toolbox Eri\u015fimi&#8221; button_link=&#8221;url:https%3A%2F%2Ftoolbox.epr-apps.com%2F|||&#8221;][\/vc_column][\/vc_row][vc_row][vc_column][vc_empty_space][\/vc_column][\/vc_row]<\/p>\n","protected":false},"excerpt":{"rendered":"<p>[vc_row][vc_column width=&#8221;1\/2&#8243;][vc_empty_space height=&#8221;50px&#8221;][vc_column_text][\/vc_column_text][vc_empty_space height=&#8221;50px&#8221;][\/vc_column][vc_column width=&#8221;1\/2&#8243;][elx_heading font_container=&#8221;h1&#8243; font_size=&#8221;h2&#8243; text_color=&#8221;inherit&#8221;]\u00c7ama\u015f\u0131rhane Bayileri ve Yetkili Servisler[\/elx_heading][vc_column_text]Yetkili Servisler ve Bayiler i\u00e7in olan MyProfessional alan\u0131, ToolBox ad\u0131 verilen daha g\u00fcvenli bir alana ta\u015f\u0131nm\u0131\u015ft\u0131r. G\u00fcvenlik nedeni ile sizden yeniden kay\u0131t yapman\u0131z\u0131 rica ediyoruz. L\u00fctfen bekleyin, daha g\u00fcvenli bir ortamda en iyi performans\u0131 sunmaya \u00e7al\u0131\u015f\u0131yoruz.[\/vc_column_text][vc_empty_space][elx_button button_text=&#8221;Toolbox Eri\u015fimi&#8221; button_link=&#8221;url:https%3A%2F%2Ftoolbox.epr-apps.com%2F|||&#8221;][\/vc_column][\/vc_row][vc_row][vc_column][vc_empty_space][\/vc_column][\/vc_row]<\/p>\n","protected":false},"author":1,"featured_media":0,"parent":0,"menu_order":0,"comment_status":"closed","ping_status":"closed","template":"","meta":{"footnotes":""},"class_list":["post-1089","page","type-page","status-publish","hentry"],"acf":[],"yoast_head":"<!-- This site is optimized with the Yoast SEO plugin v23.3 - https:\/\/yoast.com\/wordpress\/plugins\/seo\/ -->\n<title>Login - Electrolux Professional T\u00fcrkiye<\/title>\n<meta name=\"robots\" content=\"index, follow, max-snippet:-1, max-image-preview:large, max-video-preview:-1\" \/>\n<link rel=\"canonical\" href=\"https:\/\/www.electroluxprofessional.com\/tr\/login\/\" \/>\n<meta property=\"og:locale\" content=\"tr_TR\" \/>\n<meta property=\"og:type\" content=\"article\" \/>\n<meta property=\"og:title\" content=\"Login - Electrolux Professional T\u00fcrkiye\" \/>\n<meta property=\"og:description\" content=\"[vc_row][vc_column width=&#8221;1\/2&#8243;][vc_empty_space height=&#8221;50px&#8221;][vc_column_text][\/vc_column_text][vc_empty_space height=&#8221;50px&#8221;][\/vc_column][vc_column width=&#8221;1\/2&#8243;][elx_heading font_container=&#8221;h1&#8243; font_size=&#8221;h2&#8243; text_color=&#8221;inherit&#8221;]\u00c7ama\u015f\u0131rhane Bayileri ve Yetkili Servisler[\/elx_heading][vc_column_text]Yetkili Servisler ve Bayiler i\u00e7in olan MyProfessional alan\u0131, ToolBox ad\u0131 verilen daha g\u00fcvenli bir alana ta\u015f\u0131nm\u0131\u015ft\u0131r. G\u00fcvenlik nedeni ile sizden yeniden kay\u0131t yapman\u0131z\u0131 rica ediyoruz. L\u00fctfen bekleyin, daha g\u00fcvenli bir ortamda en iyi performans\u0131 sunmaya \u00e7al\u0131\u015f\u0131yoruz.[\/vc_column_text][vc_empty_space][elx_button button_text=&#8221;Toolbox Eri\u015fimi&#8221; button_link=&#8221;url:https%3A%2F%2Ftoolbox.epr-apps.com%2F|||&#8221;][\/vc_column][\/vc_row][vc_row][vc_column][vc_empty_space][\/vc_column][\/vc_row]\" \/>\n<meta property=\"og:url\" content=\"https:\/\/www.electroluxprofessional.com\/tr\/login\/\" \/>\n<meta property=\"og:site_name\" content=\"Electrolux Professional T\u00fcrkiye\" \/>\n<meta property=\"article:modified_time\" content=\"2026-03-18T09:28:18+00:00\" \/>\n<meta name=\"twitter:card\" content=\"summary_large_image\" \/>\n<meta name=\"twitter:label1\" content=\"Tahmini okuma s\u00fcresi\" \/>\n\t<meta name=\"twitter:data1\" content=\"1 dakika\" \/>\n<script type=\"application\/ld+json\" class=\"yoast-schema-graph\">{\"@context\":\"https:\/\/schema.org\",\"@graph\":[{\"@type\":\"WebPage\",\"@id\":\"https:\/\/www.electroluxprofessional.com\/tr\/login\/\",\"url\":\"https:\/\/www.electroluxprofessional.com\/tr\/login\/\",\"name\":\"Login - Electrolux Professional T\u00fcrkiye\",\"isPartOf\":{\"@id\":\"https:\/\/www.electroluxprofessional.com\/tr\/#website\"},\"datePublished\":\"2016-11-21T15:34:36+00:00\",\"dateModified\":\"2026-03-18T09:28:18+00:00\",\"breadcrumb\":{\"@id\":\"https:\/\/www.electroluxprofessional.com\/tr\/login\/#breadcrumb\"},\"inLanguage\":\"tr\",\"potentialAction\":[{\"@type\":\"ReadAction\",\"target\":[\"https:\/\/www.electroluxprofessional.com\/tr\/login\/\"]}]},{\"@type\":\"BreadcrumbList\",\"@id\":\"https:\/\/www.electroluxprofessional.com\/tr\/login\/#breadcrumb\",\"itemListElement\":[{\"@type\":\"ListItem\",\"position\":1,\"name\":\"Home\",\"item\":\"https:\/\/www.electroluxprofessional.com\/tr\/\"},{\"@type\":\"ListItem\",\"position\":2,\"name\":\"Login\"}]},{\"@type\":\"WebSite\",\"@id\":\"https:\/\/www.electroluxprofessional.com\/tr\/#website\",\"url\":\"https:\/\/www.electroluxprofessional.com\/tr\/\",\"name\":\"Electrolux Professional T\u00fcrkiye\",\"description\":\"\",\"potentialAction\":[{\"@type\":\"SearchAction\",\"target\":{\"@type\":\"EntryPoint\",\"urlTemplate\":\"https:\/\/www.electroluxprofessional.com\/tr\/?src={search_term_string}\"},\"query-input\":\"required name=search_term_string\"}],\"inLanguage\":\"tr\"}]}<\/script>\n<!-- \/ Yoast SEO plugin. -->","yoast_head_json":{"title":"Login - Electrolux Professional T\u00fcrkiye","robots":{"index":"index","follow":"follow","max-snippet":"max-snippet:-1","max-image-preview":"max-image-preview:large","max-video-preview":"max-video-preview:-1"},"canonical":"https:\/\/www.electroluxprofessional.com\/tr\/login\/","og_locale":"tr_TR","og_type":"article","og_title":"Login - Electrolux Professional T\u00fcrkiye","og_description":"[vc_row][vc_column width=&#8221;1\/2&#8243;][vc_empty_space height=&#8221;50px&#8221;][vc_column_text][\/vc_column_text][vc_empty_space height=&#8221;50px&#8221;][\/vc_column][vc_column width=&#8221;1\/2&#8243;][elx_heading font_container=&#8221;h1&#8243; font_size=&#8221;h2&#8243; text_color=&#8221;inherit&#8221;]\u00c7ama\u015f\u0131rhane Bayileri ve Yetkili Servisler[\/elx_heading][vc_column_text]Yetkili Servisler ve Bayiler i\u00e7in olan MyProfessional alan\u0131, ToolBox ad\u0131 verilen daha g\u00fcvenli bir alana ta\u015f\u0131nm\u0131\u015ft\u0131r. G\u00fcvenlik nedeni ile sizden yeniden kay\u0131t yapman\u0131z\u0131 rica ediyoruz. L\u00fctfen bekleyin, daha g\u00fcvenli bir ortamda en iyi performans\u0131 sunmaya \u00e7al\u0131\u015f\u0131yoruz.[\/vc_column_text][vc_empty_space][elx_button button_text=&#8221;Toolbox Eri\u015fimi&#8221; button_link=&#8221;url:https%3A%2F%2Ftoolbox.epr-apps.com%2F|||&#8221;][\/vc_column][\/vc_row][vc_row][vc_column][vc_empty_space][\/vc_column][\/vc_row]","og_url":"https:\/\/www.electroluxprofessional.com\/tr\/login\/","og_site_name":"Electrolux Professional T\u00fcrkiye","article_modified_time":"2026-03-18T09:28:18+00:00","twitter_card":"summary_large_image","twitter_misc":{"Tahmini okuma s\u00fcresi":"1 dakika"},"schema":{"@context":"https:\/\/schema.org","@graph":[{"@type":"WebPage","@id":"https:\/\/www.electroluxprofessional.com\/tr\/login\/","url":"https:\/\/www.electroluxprofessional.com\/tr\/login\/","name":"Login - Electrolux Professional T\u00fcrkiye","isPartOf":{"@id":"https:\/\/www.electroluxprofessional.com\/tr\/#website"},"datePublished":"2016-11-21T15:34:36+00:00","dateModified":"2026-03-18T09:28:18+00:00","breadcrumb":{"@id":"https:\/\/www.electroluxprofessional.com\/tr\/login\/#breadcrumb"},"inLanguage":"tr","potentialAction":[{"@type":"ReadAction","target":["https:\/\/www.electroluxprofessional.com\/tr\/login\/"]}]},{"@type":"BreadcrumbList","@id":"https:\/\/www.electroluxprofessional.com\/tr\/login\/#breadcrumb","itemListElement":[{"@type":"ListItem","position":1,"name":"Home","item":"https:\/\/www.electroluxprofessional.com\/tr\/"},{"@type":"ListItem","position":2,"name":"Login"}]},{"@type":"WebSite","@id":"https:\/\/www.electroluxprofessional.com\/tr\/#website","url":"https:\/\/www.electroluxprofessional.com\/tr\/","name":"Electrolux Professional T\u00fcrkiye","description":"","potentialAction":[{"@type":"SearchAction","target":{"@type":"EntryPoint","urlTemplate":"https:\/\/www.electroluxprofessional.com\/tr\/?src={search_term_string}"},"query-input":"required name=search_term_string"}],"inLanguage":"tr"}]}},"_links":{"self":[{"href":"https:\/\/www.electroluxprofessional.com\/tr\/wp-json\/wp\/v2\/pages\/1089"}],"collection":[{"href":"https:\/\/www.electroluxprofessional.com\/tr\/wp-json\/wp\/v2\/pages"}],"about":[{"href":"https:\/\/www.electroluxprofessional.com\/tr\/wp-json\/wp\/v2\/types\/page"}],"author":[{"embeddable":true,"href":"https:\/\/www.electroluxprofessional.com\/tr\/wp-json\/wp\/v2\/users\/1"}],"replies":[{"embeddable":true,"href":"https:\/\/www.electroluxprofessional.com\/tr\/wp-json\/wp\/v2\/comments?post=1089"}],"version-history":[{"count":8,"href":"https:\/\/www.electroluxprofessional.com\/tr\/wp-json\/wp\/v2\/pages\/1089\/revisions"}],"predecessor-version":[{"id":23768,"href":"https:\/\/www.electroluxprofessional.com\/tr\/wp-json\/wp\/v2\/pages\/1089\/revisions\/23768"}],"wp:attachment":[{"href":"https:\/\/www.electroluxprofessional.com\/tr\/wp-json\/wp\/v2\/media?parent=1089"}],"curies":[{"name":"wp","href":"https:\/\/api.w.org\/{rel}","templated":true}]}}