{"id":10886,"date":"2016-05-24T09:14:41","date_gmt":"2016-05-24T09:14:41","guid":{"rendered":"https:\/\/www.electroluxprofessional.com\/?page_id=1424"},"modified":"2026-04-10T08:29:54","modified_gmt":"2026-04-10T08:29:54","slug":"daha-iyi-surdurulebilirlik","status":"publish","type":"page","link":"https:\/\/www.electroluxprofessional.com\/tr\/daha-iyi-surdurulebilirlik\/","title":{"rendered":"Daha iyi s\u00fcrd\u00fcr\u00fclebilirlik"},"content":{"rendered":"<p>[vc_row full_width=&#8221;electroluxpro-full-width&#8221;][vc_column][vc_single_image image=&#8221;10883&#8243; img_size=&#8221;2000*580&#8243; alignment=&#8221;center&#8221;][vc_empty_space height=&#8221;50px&#8221;][\/vc_column][\/vc_row][vc_row][vc_column][elx_heading font_container=&#8221;h3&#8243; font_size=&#8221;h1&#8243; text_color=&#8221;inherit&#8221;]S\u00fcrd\u00fcr\u00fclebilirlik[\/elx_heading][elx_heading font_container=&#8221;h1&#8243; font_size=&#8221;h3&#8243; text_color=&#8221;inherit&#8221; text_align=&#8221;text-left&#8221;]Daha iyisi i\u00e7in[\/elx_heading][vc_column_text]<span class=\"VIiyi\" lang=\"tr\"><span class=\"JLqJ4b ChMk0b\" data-language-for-alternatives=\"tr\" data-language-to-translate-into=\"en\" data-phrase-index=\"2\">D\u00fcnyan\u0131n en iyi cihaz \u015firketi olarak<\/span><\/span><strong><span class=\"VIiyi\" lang=\"tr\"><span class=\"JLqJ4b ChMk0b\" data-language-for-alternatives=\"tr\" data-language-to-translate-into=\"en\" data-phrase-index=\"2\"> insanlar\u0131n hayatlar\u0131 ve gezegenimiz i\u00e7in olumlu bir fark yaratarak daha iyisi i\u00e7in bir de\u011fi\u015fiklik yapmak istiyoruz.<\/span><\/span><\/strong>[\/vc_column_text][elx_social_share position=&#8221;right&#8221;][\/vc_column][\/vc_row][vc_row][vc_column width=&#8221;1\/3&#8243;][elx_simple_link_block link=&#8221;url:%20https%3A%2F%2Fwww.electroluxprofessional.com%2Ftr%2Flagoon-advanced-care%2F|title:Laundry%20Shops%20||&#8221; text_align=&#8221;text-left&#8221; text_color=&#8221;inherit&#8221; background_color=&#8221;inherit&#8221; background_hover_color=&#8221;darker-hover&#8221; extra_class=&#8221;&#8221; reveal_effect=&#8221;&#8221; reveal_duration=&#8221;&#8221; reveal_delay=&#8221;&#8221;][vc_single_image image=&#8221;10884&#8243; img_size=&#8221;360*313&#8243; alignment=&#8221;center&#8221;][elx_heading font_container=&#8221;h3&#8243; text_color=&#8221;inherit&#8221;]Zararl\u0131 malzemelerin \u00e7\u0131kar\u0131lmas\u0131[\/elx_heading][vc_column_text]<\/p>\n<p class=\"p1\">Lagoon Advanced Care, s\u00fcre\u00e7lerde hi\u00e7bir toksik kimyasal\u0131n kullan\u0131lmad\u0131\u011f\u0131 \u00e7evre dostu bir temizlik \u00e7\u00f6z\u00fcm\u00fcd\u00fcr. Solventi sudur.<\/p>\n<p>[\/vc_column_text][\/elx_simple_link_block][\/vc_column][vc_column width=&#8221;1\/3&#8243;][elx_simple_link_block link=&#8221;url:https%3A%2F%2Fwww.electroluxprofessional.com%2Ftr%2Fticari-camasirhane-ekipmanlari%2Fkurutma-makineleri%2F|title:Heat%20pump%20dryer||&#8221; text_align=&#8221;text-left&#8221; text_color=&#8221;inherit&#8221; background_color=&#8221;inherit&#8221; background_hover_color=&#8221;darker-hover&#8221; extra_class=&#8221;&#8221; reveal_effect=&#8221;&#8221; reveal_duration=&#8221;&#8221; reveal_delay=&#8221;&#8221;][vc_single_image image=&#8221;4148&#8243; img_size=&#8221;360*313&#8243; alignment=&#8221;center&#8221;][elx_heading font_container=&#8221;h3&#8243; text_color=&#8221;inherit&#8221;]Enerji giderlerinde %60\u2019a varan oranda tasarruf edin[\/elx_heading][vc_column_text]<\/p>\n<p class=\"p1\">Devrim niteli\u011findeki Is\u0131 Pompal\u0131 Kurutma Makineleri teknolojimiz, m\u00fc\u015fterilerimize %60&#8217;a varan oranda enerji tasarrufu sa\u011flarken y\u00fcksek verimlilik ve en iyi kaliteyi de sunar.<\/p>\n<p>[\/vc_column_text][\/elx_simple_link_block][\/vc_column][vc_column width=&#8221;1\/3&#8243;][elx_simple_link_block link=&#8221;url:https%3A%2F%2Fwww.electroluxprofessional.com%2Ftr%2Fticari-mutfak-ekipmanlari%2Fbuzdolaplari%2F|title:Refrigeration%20equipment||&#8221; text_align=&#8221;text-left&#8221; text_color=&#8221;inherit&#8221; background_color=&#8221;inherit&#8221; background_hover_color=&#8221;darker-hover&#8221; extra_class=&#8221;&#8221; reveal_effect=&#8221;&#8221; reveal_duration=&#8221;&#8221; reveal_delay=&#8221;&#8221;][vc_single_image image=&#8221;10885&#8243; img_size=&#8221;360*313&#8243; alignment=&#8221;center&#8221;][elx_heading font_container=&#8221;h3&#8243; text_color=&#8221;inherit&#8221;]Sorumlu bir so\u011futucu se\u00e7in[\/elx_heading][vc_column_text]<\/p>\n<p class=\"p1\"><b>Yeni nesil buzdolaplar\u0131 ile y\u0131lda 830\u20ac\u2019ya varan oranda <\/b><span class=\"s1\"><b>\u00a0<\/b><\/span><b>(dondurucu) ve y\u0131lda 300\u20ac\u2019ya varan oranda (so\u011futucu) tasarruf edebilirsiniz.<\/b><\/p>\n<p>[\/vc_column_text][\/elx_simple_link_block][\/vc_column][\/vc_row][vc_row][vc_column width=&#8221;1\/3&#8243;][elx_simple_link_block link=&#8221;url:https%3A%2F%2Fwww.electroluxprofessional.com%2Ftr%2Fticari-mutfak-ekipmanlari%2Fbulasikhane-ekipmanlari%2Fgiyotin-tip-bulasik-makineleri%2F|title:Hood%20Type%20Dishwasher||&#8221; text_align=&#8221;text-left&#8221; text_color=&#8221;inherit&#8221; background_color=&#8221;inherit&#8221; background_hover_color=&#8221;darker-hover&#8221; extra_class=&#8221;&#8221; reveal_effect=&#8221;&#8221; reveal_duration=&#8221;&#8221; reveal_delay=&#8221;&#8221;][vc_single_image image=&#8221;666&#8243; img_size=&#8221;360*313&#8243;][elx_heading font_container=&#8221;h3&#8243; text_color=&#8221;inherit&#8221;]Y\u0131lda 1,040 \u20ac\u2019ya varan oranda tasarruf edin[\/elx_heading][vc_column_text]<\/p>\n<p class=\"p1\">Green&amp;clean giyotin tip bula\u015f\u0131k makineleri<b> d\u00fc\u015f\u00fck <\/b>enerji ve temiz su <b>t\u00fcketimi <\/b>sayesinde <b>maksimum tasarruf<\/b> sa\u011flar.<span class=\"s1\">\u00a0<\/span><\/p>\n<p>[\/vc_column_text][\/elx_simple_link_block][\/vc_column][vc_column width=&#8221;2\/3&#8243;][vc_single_image image=&#8221;667&#8243; img_size=&#8221;750*313&#8243;][elx_heading font_container=&#8221;h3&#8243; text_color=&#8221;inherit&#8221;]\u00c7evreci enerji alternatiflerine do\u011fru ilerlemek[\/elx_heading][vc_column_text]<\/p>\n<p class=\"p1\">Avrupa ve \u0130talya&#8217;daki b\u00fcy\u00fck ev aletleri \u00fcretim tesisleri, <b>yaln\u0131zca yenilenebilir kaynaklardan elde edilen elektri\u011fi kullanacak.<\/b><\/p>\n<p>[\/vc_column_text][\/vc_column][\/vc_row][vc_row equal_height=&#8221;yes&#8221; css=&#8221;.vc_custom_1517929369367{margin-right: 0px !important;border-right-width: 0px !important;padding-right: 0px !important;}&#8221;][vc_column width=&#8221;1\/3&#8243;][elx_heading text_color=&#8221;inherit&#8221;]Garanti alt\u0131ndaki g\u00fcvenlik k\u00fclt\u00fcr\u00fc. Di\u011ferleri konu\u015fur, biz kitab\u0131n\u0131 yazar\u0131z.[\/elx_heading][vc_column_text]<\/p>\n<p class=\"p1\">M\u00fc\u015fteriler \u00fcr\u00fcnlerimizde kullan\u0131lan zararl\u0131 malzemeler veya kimyasallarla temas etme riski alt\u0131nda olmad\u0131klar\u0131n\u0131 bilerek g\u00fcvende hissetmeli ve <b>g\u00fcvenli bir \u015fekilde haz\u0131rlanm\u0131\u015f yiyecekleri t\u00fcketmeli ve hijyenik \u00e7ar\u015faflar\u0131 kullanmal\u0131d\u0131r<\/b>.<\/p>\n<p>[\/vc_column_text][elx_button button_text=&#8221;DAHA FAZLA B\u0130LG\u0130&#8221; button_link=&#8221;url:https%3A%2F%2Fwww.electroluxprofessional.com%2Ftr%2Fdaha-iyi-surdurulebilirlik%2Fguvenlik%2F|title:Culture%20of%20safety||&#8221;][\/vc_column][vc_column width=&#8221;1\/3&#8243;][elx_image_block background_image=&#8221;668&#8243; minimum_height=&#8221;300px&#8221;][\/vc_column][vc_column width=&#8221;1\/3&#8243;][elx_heading text_color=&#8221;inherit&#8221; text_align=&#8221;text-left&#8221;]G\u0131da g\u00fcvenli\u011fi HACCP uluslararas\u0131 sertifikasyonu hakk\u0131nda d\u00fc\u015f\u00fcnmek gerekir[\/elx_heading][vc_column_text]<\/p>\n<p class=\"p1\"><b>G\u0131da sekt\u00f6r\u00fcnde, \u00e7ama\u015f\u0131rhane yoluyla kontaminasyon<\/b> dolayl\u0131d\u0131r: somunlar, c\u0131vatalar ve yaylar gibi par\u00e7alar\u0131n yiyeceklere temas edebilece\u011fini ve ciddi sonu\u00e7lar\u0131 do\u011furabilece\u011finiz biliyor musunuz?<\/p>\n<p>[\/vc_column_text][elx_button button_text=&#8221;DAHA FAZLA B\u0130LG\u0130&#8221; button_link=&#8221;url:https%3A%2F%2Fwww.electroluxprofessional.com%2Ftr%2Fhaccp%2F|title:Find%20out%20more||&#8221;][\/vc_column][\/vc_row][vc_row][vc_column][vc_empty_space][\/vc_column][\/vc_row][vc_row full_width=&#8221;electroluxpro-container-no-padding&#8221; equal_height=&#8221;yes&#8221; css=&#8221;.vc_custom_1551279445665{padding-top: 20px !important;padding-bottom: 20px !important;background-color: #f7f6f6 !important;}&#8221;][vc_column width=&#8221;1\/3&#8243;][elx_image_block background_image=&#8221;661&#8243; minimum_height=&#8221;200px&#8221;][\/vc_column][vc_column width=&#8221;1\/3&#8243;][elx_simple_block text_align=&#8221;text-center&#8221; text_color=&#8221;white&#8221; background_color=&#8221;electrolux-blue&#8221;][elx_heading font_container=&#8221;h3&#8243; text_color=&#8221;inherit&#8221;]<span style=\"color: #ffffff;\"> S\u0131f\u0131r riskli bir i\u015f yeri hayal edin <\/span>[\/elx_heading][vc_column_text]<\/p>\n<p class=\"p1\" style=\"text-align: center;\">G\u00fcvenlik sadece olmas\u0131 iyi olabilecek bir se\u00e7enek olamaz<\/p>\n<p>[\/vc_column_text][elx_button button_text=&#8221;DAHA FAZLA B\u0130LG\u0130&#8221; button_link=&#8221;url:https%3A%2F%2Fwww.electroluxprofessional.com%2Ftr%2Fdaha-iyi-surdurulebilirlik%2Fguvenlik%2F|title:Find%20out%20more||&#8221;][\/elx_simple_block][\/vc_column][vc_column width=&#8221;1\/3&#8243;][elx_image_block background_image=&#8221;662&#8243; minimum_height=&#8221;200px&#8221;][\/vc_column][\/vc_row]<\/p>\n","protected":false},"excerpt":{"rendered":"<p>[vc_row full_width=&#8221;electroluxpro-full-width&#8221;][vc_column][vc_single_image image=&#8221;10883&#8243; img_size=&#8221;2000*580&#8243; alignment=&#8221;center&#8221;][vc_empty_space height=&#8221;50px&#8221;][\/vc_column][\/vc_row][vc_row][vc_column][elx_heading font_container=&#8221;h3&#8243; font_size=&#8221;h1&#8243; text_color=&#8221;inherit&#8221;]S\u00fcrd\u00fcr\u00fclebilirlik[\/elx_heading][elx_heading font_container=&#8221;h1&#8243; font_size=&#8221;h3&#8243; text_color=&#8221;inherit&#8221; text_align=&#8221;text-left&#8221;]Daha iyisi i\u00e7in[\/elx_heading][vc_column_text]D\u00fcnyan\u0131n en iyi cihaz \u015firketi olarak insanlar\u0131n hayatlar\u0131 ve gezegenimiz i\u00e7in olumlu bir fark yaratarak daha iyisi i\u00e7in bir de\u011fi\u015fiklik yapmak istiyoruz.[\/vc_column_text][elx_social_share position=&#8221;right&#8221;][\/vc_column][\/vc_row][vc_row][vc_column width=&#8221;1\/3&#8243;][elx_simple_link_block link=&#8221;url:%20https%3A%2F%2Fwww.electroluxprofessional.com%2Ftr%2Flagoon-advanced-care%2F|title:Laundry%20Shops%20||&#8221; text_align=&#8221;text-left&#8221; text_color=&#8221;inherit&#8221; background_color=&#8221;inherit&#8221; background_hover_color=&#8221;darker-hover&#8221; extra_class=&#8221;&#8221; reveal_effect=&#8221;&#8221; reveal_duration=&#8221;&#8221; reveal_delay=&#8221;&#8221;][vc_single_image image=&#8221;10884&#8243; img_size=&#8221;360*313&#8243; alignment=&#8221;center&#8221;][elx_heading font_container=&#8221;h3&#8243; text_color=&#8221;inherit&#8221;]Zararl\u0131 malzemelerin \u00e7\u0131kar\u0131lmas\u0131[\/elx_heading][vc_column_text] Lagoon [&hellip;]<\/p>\n","protected":false},"author":32,"featured_media":1173,"parent":0,"menu_order":0,"comment_status":"closed","ping_status":"closed","template":"","meta":{"footnotes":""},"class_list":["post-10886","page","type-page","status-publish","has-post-thumbnail","hentry"],"acf":[],"yoast_head":"<!-- This site is optimized with the Yoast SEO plugin v23.3 - https:\/\/yoast.com\/wordpress\/plugins\/seo\/ -->\n<title>For the Better - sustainability by Electrolux Professional<\/title>\n<meta name=\"description\" content=\"Electrolux Professional cares of sustainability. Its aim is to make a change for the better by making a positive everyday difference in people&#039;s lives.\" \/>\n<meta name=\"robots\" content=\"index, follow, max-snippet:-1, max-image-preview:large, max-video-preview:-1\" \/>\n<link rel=\"canonical\" href=\"https:\/\/www.electroluxprofessional.com\/tr\/daha-iyi-surdurulebilirlik\/\" \/>\n<meta property=\"og:locale\" content=\"tr_TR\" \/>\n<meta property=\"og:type\" content=\"article\" \/>\n<meta property=\"og:title\" content=\"For the Better - sustainability by Electrolux Professional\" \/>\n<meta property=\"og:description\" content=\"Electrolux Professional cares of sustainability. Its aim is to make a change for the better by making a positive everyday difference in people&#039;s lives.\" \/>\n<meta property=\"og:url\" content=\"https:\/\/www.electroluxprofessional.com\/tr\/daha-iyi-surdurulebilirlik\/\" \/>\n<meta property=\"og:site_name\" content=\"Electrolux Professional T\u00fcrkiye\" \/>\n<meta property=\"article:modified_time\" content=\"2026-04-10T08:29:54+00:00\" \/>\n<meta property=\"og:image\" content=\"https:\/\/www.electroluxprofessional.com\/tr\/wp-content\/uploads\/2016\/11\/for-the-better-quadro.jpg\" \/>\n\t<meta property=\"og:image:width\" content=\"666\" \/>\n\t<meta property=\"og:image:height\" content=\"666\" \/>\n\t<meta property=\"og:image:type\" content=\"image\/jpeg\" \/>\n<meta name=\"twitter:card\" content=\"summary_large_image\" \/>\n<meta name=\"twitter:label1\" content=\"Tahmini okuma s\u00fcresi\" \/>\n\t<meta name=\"twitter:data1\" content=\"5 dakika\" \/>\n<script type=\"application\/ld+json\" class=\"yoast-schema-graph\">{\"@context\":\"https:\/\/schema.org\",\"@graph\":[{\"@type\":\"WebPage\",\"@id\":\"https:\/\/www.electroluxprofessional.com\/tr\/daha-iyi-surdurulebilirlik\/\",\"url\":\"https:\/\/www.electroluxprofessional.com\/tr\/daha-iyi-surdurulebilirlik\/\",\"name\":\"For the Better - sustainability by Electrolux Professional\",\"isPartOf\":{\"@id\":\"https:\/\/www.electroluxprofessional.com\/tr\/#website\"},\"primaryImageOfPage\":{\"@id\":\"https:\/\/www.electroluxprofessional.com\/tr\/daha-iyi-surdurulebilirlik\/#primaryimage\"},\"image\":{\"@id\":\"https:\/\/www.electroluxprofessional.com\/tr\/daha-iyi-surdurulebilirlik\/#primaryimage\"},\"thumbnailUrl\":\"https:\/\/www.electroluxprofessional.com\/tr\/wp-content\/uploads\/2016\/11\/for-the-better-quadro.jpg\",\"datePublished\":\"2016-05-24T09:14:41+00:00\",\"dateModified\":\"2026-04-10T08:29:54+00:00\",\"description\":\"Electrolux Professional cares of sustainability. Its aim is to make a change for the better by making a positive everyday difference in people's lives.\",\"breadcrumb\":{\"@id\":\"https:\/\/www.electroluxprofessional.com\/tr\/daha-iyi-surdurulebilirlik\/#breadcrumb\"},\"inLanguage\":\"tr\",\"potentialAction\":[{\"@type\":\"ReadAction\",\"target\":[\"https:\/\/www.electroluxprofessional.com\/tr\/daha-iyi-surdurulebilirlik\/\"]}]},{\"@type\":\"ImageObject\",\"inLanguage\":\"tr\",\"@id\":\"https:\/\/www.electroluxprofessional.com\/tr\/daha-iyi-surdurulebilirlik\/#primaryimage\",\"url\":\"https:\/\/www.electroluxprofessional.com\/tr\/wp-content\/uploads\/2016\/11\/for-the-better-quadro.jpg\",\"contentUrl\":\"https:\/\/www.electroluxprofessional.com\/tr\/wp-content\/uploads\/2016\/11\/for-the-better-quadro.jpg\",\"width\":666,\"height\":666,\"caption\":\"for the better\"},{\"@type\":\"BreadcrumbList\",\"@id\":\"https:\/\/www.electroluxprofessional.com\/tr\/daha-iyi-surdurulebilirlik\/#breadcrumb\",\"itemListElement\":[{\"@type\":\"ListItem\",\"position\":1,\"name\":\"Home\",\"item\":\"https:\/\/www.electroluxprofessional.com\/tr\/\"},{\"@type\":\"ListItem\",\"position\":2,\"name\":\"Daha iyi s\u00fcrd\u00fcr\u00fclebilirlik\"}]},{\"@type\":\"WebSite\",\"@id\":\"https:\/\/www.electroluxprofessional.com\/tr\/#website\",\"url\":\"https:\/\/www.electroluxprofessional.com\/tr\/\",\"name\":\"Electrolux Professional T\u00fcrkiye\",\"description\":\"\",\"potentialAction\":[{\"@type\":\"SearchAction\",\"target\":{\"@type\":\"EntryPoint\",\"urlTemplate\":\"https:\/\/www.electroluxprofessional.com\/tr\/?src={search_term_string}\"},\"query-input\":\"required name=search_term_string\"}],\"inLanguage\":\"tr\"}]}<\/script>\n<!-- \/ Yoast SEO plugin. -->","yoast_head_json":{"title":"For the Better - sustainability by Electrolux Professional","description":"Electrolux Professional cares of sustainability. Its aim is to make a change for the better by making a positive everyday difference in people's lives.","robots":{"index":"index","follow":"follow","max-snippet":"max-snippet:-1","max-image-preview":"max-image-preview:large","max-video-preview":"max-video-preview:-1"},"canonical":"https:\/\/www.electroluxprofessional.com\/tr\/daha-iyi-surdurulebilirlik\/","og_locale":"tr_TR","og_type":"article","og_title":"For the Better - sustainability by Electrolux Professional","og_description":"Electrolux Professional cares of sustainability. Its aim is to make a change for the better by making a positive everyday difference in people's lives.","og_url":"https:\/\/www.electroluxprofessional.com\/tr\/daha-iyi-surdurulebilirlik\/","og_site_name":"Electrolux Professional T\u00fcrkiye","article_modified_time":"2026-04-10T08:29:54+00:00","og_image":[{"width":666,"height":666,"url":"https:\/\/www.electroluxprofessional.com\/tr\/wp-content\/uploads\/2016\/11\/for-the-better-quadro.jpg","type":"image\/jpeg"}],"twitter_card":"summary_large_image","twitter_misc":{"Tahmini okuma s\u00fcresi":"5 dakika"},"schema":{"@context":"https:\/\/schema.org","@graph":[{"@type":"WebPage","@id":"https:\/\/www.electroluxprofessional.com\/tr\/daha-iyi-surdurulebilirlik\/","url":"https:\/\/www.electroluxprofessional.com\/tr\/daha-iyi-surdurulebilirlik\/","name":"For the Better - sustainability by Electrolux Professional","isPartOf":{"@id":"https:\/\/www.electroluxprofessional.com\/tr\/#website"},"primaryImageOfPage":{"@id":"https:\/\/www.electroluxprofessional.com\/tr\/daha-iyi-surdurulebilirlik\/#primaryimage"},"image":{"@id":"https:\/\/www.electroluxprofessional.com\/tr\/daha-iyi-surdurulebilirlik\/#primaryimage"},"thumbnailUrl":"https:\/\/www.electroluxprofessional.com\/tr\/wp-content\/uploads\/2016\/11\/for-the-better-quadro.jpg","datePublished":"2016-05-24T09:14:41+00:00","dateModified":"2026-04-10T08:29:54+00:00","description":"Electrolux Professional cares of sustainability. Its aim is to make a change for the better by making a positive everyday difference in people's lives.","breadcrumb":{"@id":"https:\/\/www.electroluxprofessional.com\/tr\/daha-iyi-surdurulebilirlik\/#breadcrumb"},"inLanguage":"tr","potentialAction":[{"@type":"ReadAction","target":["https:\/\/www.electroluxprofessional.com\/tr\/daha-iyi-surdurulebilirlik\/"]}]},{"@type":"ImageObject","inLanguage":"tr","@id":"https:\/\/www.electroluxprofessional.com\/tr\/daha-iyi-surdurulebilirlik\/#primaryimage","url":"https:\/\/www.electroluxprofessional.com\/tr\/wp-content\/uploads\/2016\/11\/for-the-better-quadro.jpg","contentUrl":"https:\/\/www.electroluxprofessional.com\/tr\/wp-content\/uploads\/2016\/11\/for-the-better-quadro.jpg","width":666,"height":666,"caption":"for the better"},{"@type":"BreadcrumbList","@id":"https:\/\/www.electroluxprofessional.com\/tr\/daha-iyi-surdurulebilirlik\/#breadcrumb","itemListElement":[{"@type":"ListItem","position":1,"name":"Home","item":"https:\/\/www.electroluxprofessional.com\/tr\/"},{"@type":"ListItem","position":2,"name":"Daha iyi s\u00fcrd\u00fcr\u00fclebilirlik"}]},{"@type":"WebSite","@id":"https:\/\/www.electroluxprofessional.com\/tr\/#website","url":"https:\/\/www.electroluxprofessional.com\/tr\/","name":"Electrolux Professional T\u00fcrkiye","description":"","potentialAction":[{"@type":"SearchAction","target":{"@type":"EntryPoint","urlTemplate":"https:\/\/www.electroluxprofessional.com\/tr\/?src={search_term_string}"},"query-input":"required name=search_term_string"}],"inLanguage":"tr"}]}},"_links":{"self":[{"href":"https:\/\/www.electroluxprofessional.com\/tr\/wp-json\/wp\/v2\/pages\/10886"}],"collection":[{"href":"https:\/\/www.electroluxprofessional.com\/tr\/wp-json\/wp\/v2\/pages"}],"about":[{"href":"https:\/\/www.electroluxprofessional.com\/tr\/wp-json\/wp\/v2\/types\/page"}],"author":[{"embeddable":true,"href":"https:\/\/www.electroluxprofessional.com\/tr\/wp-json\/wp\/v2\/users\/32"}],"replies":[{"embeddable":true,"href":"https:\/\/www.electroluxprofessional.com\/tr\/wp-json\/wp\/v2\/comments?post=10886"}],"version-history":[{"count":11,"href":"https:\/\/www.electroluxprofessional.com\/tr\/wp-json\/wp\/v2\/pages\/10886\/revisions"}],"predecessor-version":[{"id":24037,"href":"https:\/\/www.electroluxprofessional.com\/tr\/wp-json\/wp\/v2\/pages\/10886\/revisions\/24037"}],"wp:featuredmedia":[{"embeddable":true,"href":"https:\/\/www.electroluxprofessional.com\/tr\/wp-json\/wp\/v2\/media\/1173"}],"wp:attachment":[{"href":"https:\/\/www.electroluxprofessional.com\/tr\/wp-json\/wp\/v2\/media?parent=10886"}],"curies":[{"name":"wp","href":"https:\/\/api.w.org\/{rel}","templated":true}]}}