{"id":10495,"date":"2016-11-22T12:54:25","date_gmt":"2016-11-22T12:54:25","guid":{"rendered":"https:\/\/www.electroluxprofessional.com\/?page_id=5661"},"modified":"2025-11-05T15:40:22","modified_gmt":"2025-11-05T15:40:22","slug":"kaynatma-kazanlari-devrilir-tavalar","status":"publish","type":"page","link":"https:\/\/www.electroluxprofessional.com\/tr\/ticari-mutfak-ekipmanlari\/kaynatma-kazanlari-devrilir-tavalar\/","title":{"rendered":"Kaynatma Kazanlar\u0131 ve Devrilir Tavalar"},"content":{"rendered":"<p>[vc_row full_width=&#8221;electroluxpro-full-width-no-padding&#8221;][vc_column][vc_single_image image=&#8221;2542&#8243; img_size=&#8221;2000*350&#8243;][\/vc_column][\/vc_row][vc_row][vc_column][elx_heading font_container=&#8221;h1&#8243; font_size=&#8221;h3&#8243; text_color=&#8221;inherit&#8221;]Kaynatma Kazanlar\u0131 ve Devrilir Tavalar[\/elx_heading][elx_heading font_size=&#8221;h2&#8243; text_color=&#8221;inherit&#8221;]\u0130htiyac\u0131n\u0131za en uygun \u00e7\u00f6z\u00fcmle tan\u0131\u015f\u0131n[\/elx_heading][elx_heading font_container=&#8221;p&#8221; text_color=&#8221;inherit&#8221;]\u00dcretim, hassasiyet ve tasarruf. Hepsi bir arada i\u015fletmenizin ustas\u0131.[\/elx_heading][\/vc_column][\/vc_row][vc_row][vc_column width=&#8221;1\/3&#8243;][elx_maylike_box id_box=&#8221;1673&#8243;][\/vc_column][vc_column width=&#8221;1\/3&#8243;][elx_maylike_box id_box=&#8221;2544&#8243;][\/vc_column][vc_column width=&#8221;1\/3&#8243;][elx_maylike_box id_box=&#8221;2546&#8243;][\/vc_column][\/vc_row][vc_row][vc_column][vc_empty_space height=&#8221;50px&#8221;][\/vc_column][\/vc_row][vc_row css=&#8221;.vc_custom_1518075188865{background-color: #eeeeee !important;}&#8221;][vc_column][elx_heading font_size=&#8221;h3&#8243; text_color=&#8221;inherit&#8221; text_align=&#8221;text-left&#8221;]\u0130\u015fletmeniz i\u00e7in ideal \u00e7\u00f6z\u00fcm\u00fc ke\u015ffedin[\/elx_heading][\/vc_column][\/vc_row][vc_row css=&#8221;.vc_custom_1518075197602{background-color: #eeeeee !important;}&#8221;][vc_column width=&#8221;1\/3&#8243;][elx_maylike_box id_box=&#8221;1498&#8243;][\/vc_column][vc_column width=&#8221;1\/3&#8243;][elx_maylike_box id_box=&#8221;1196&#8243;][\/vc_column][vc_column width=&#8221;1\/3&#8243;][elx_maylike_box id_box=&#8221;16081&#8243;][\/vc_column][\/vc_row][vc_row][vc_column][vc_empty_space height=&#8221;50px&#8221;][\/vc_column][\/vc_row][vc_row][vc_column][elx_heading font_size=&#8221;h3&#8243; text_color=&#8221;inherit&#8221; text_align=&#8221;text-left&#8221;]Kaynatma kazanlar\u0131 ve devrilir tavalar\u0131n i\u015fletmeniz i\u00e7in yapabileceklerini ke\u015ffedin.[\/elx_heading][elx_o2000_contact_us s=&#8221;Request of information about Boiling and braising pans&#8221; container=&#8221;elxcontactus1479898176&#8243; r=&#8221;I would like to find out more about Boiling and braising pans. Please get in touch with me.&#8221;][vc_empty_space height=&#8221;50px&#8221;][\/vc_column][\/vc_row]<\/p>\n","protected":false},"excerpt":{"rendered":"<p>[vc_row full_width=&#8221;electroluxpro-full-width-no-padding&#8221;][vc_column][vc_single_image image=&#8221;2542&#8243; img_size=&#8221;2000*350&#8243;][\/vc_column][\/vc_row][vc_row][vc_column][elx_heading font_container=&#8221;h1&#8243; font_size=&#8221;h3&#8243; text_color=&#8221;inherit&#8221;]Kaynatma Kazanlar\u0131 ve Devrilir Tavalar[\/elx_heading][elx_heading font_size=&#8221;h2&#8243; text_color=&#8221;inherit&#8221;]\u0130htiyac\u0131n\u0131za en uygun \u00e7\u00f6z\u00fcmle tan\u0131\u015f\u0131n[\/elx_heading][elx_heading font_container=&#8221;p&#8221; text_color=&#8221;inherit&#8221;]\u00dcretim, hassasiyet ve tasarruf. Hepsi bir arada i\u015fletmenizin ustas\u0131.[\/elx_heading][\/vc_column][\/vc_row][vc_row][vc_column width=&#8221;1\/3&#8243;][elx_maylike_box id_box=&#8221;1673&#8243;][\/vc_column][vc_column width=&#8221;1\/3&#8243;][elx_maylike_box id_box=&#8221;2544&#8243;][\/vc_column][vc_column width=&#8221;1\/3&#8243;][elx_maylike_box id_box=&#8221;2546&#8243;][\/vc_column][\/vc_row][vc_row][vc_column][vc_empty_space height=&#8221;50px&#8221;][\/vc_column][\/vc_row][vc_row css=&#8221;.vc_custom_1518075188865{background-color: #eeeeee !important;}&#8221;][vc_column][elx_heading font_size=&#8221;h3&#8243; text_color=&#8221;inherit&#8221; text_align=&#8221;text-left&#8221;]\u0130\u015fletmeniz i\u00e7in ideal \u00e7\u00f6z\u00fcm\u00fc ke\u015ffedin[\/elx_heading][\/vc_column][\/vc_row][vc_row css=&#8221;.vc_custom_1518075197602{background-color: #eeeeee !important;}&#8221;][vc_column width=&#8221;1\/3&#8243;][elx_maylike_box id_box=&#8221;1498&#8243;][\/vc_column][vc_column width=&#8221;1\/3&#8243;][elx_maylike_box id_box=&#8221;1196&#8243;][\/vc_column][vc_column width=&#8221;1\/3&#8243;][elx_maylike_box id_box=&#8221;16081&#8243;][\/vc_column][\/vc_row][vc_row][vc_column][vc_empty_space height=&#8221;50px&#8221;][\/vc_column][\/vc_row][vc_row][vc_column][elx_heading font_size=&#8221;h3&#8243; [&hellip;]<\/p>\n","protected":false},"author":3,"featured_media":2542,"parent":19849,"menu_order":0,"comment_status":"closed","ping_status":"closed","template":"","meta":{"footnotes":""},"class_list":["post-10495","page","type-page","status-publish","has-post-thumbnail","hentry"],"acf":[],"yoast_head":"<!-- This site is optimized with the Yoast SEO plugin v23.3 - https:\/\/yoast.com\/wordpress\/plugins\/seo\/ -->\n<title>Kaynatma Kazanlar\u0131 ve Devrilir Tavalar - Electrolux Professional T\u00fcrkiye<\/title>\n<meta name=\"description\" content=\"Yal\u0131n i\u015f ak\u0131\u015flar\u0131, g\u00fcnde binlerce yemek haz\u0131rlayan kantinler i\u00e7in stratejiktir. Kaynatma kazanlar\u0131 ve devrilir tavalar serimizi ke\u015ffedin.\" \/>\n<meta name=\"robots\" content=\"index, follow, max-snippet:-1, max-image-preview:large, max-video-preview:-1\" \/>\n<link rel=\"canonical\" href=\"https:\/\/www.electroluxprofessional.com\/tr\/ticari-mutfak-ekipmanlari\/kaynatma-kazanlari-devrilir-tavalar\/\" \/>\n<meta property=\"og:locale\" content=\"tr_TR\" \/>\n<meta property=\"og:type\" content=\"article\" \/>\n<meta property=\"og:title\" content=\"Kaynatma Kazanlar\u0131 ve Devrilir Tavalar - Electrolux Professional T\u00fcrkiye\" \/>\n<meta property=\"og:description\" content=\"Yal\u0131n i\u015f ak\u0131\u015flar\u0131, g\u00fcnde binlerce yemek haz\u0131rlayan kantinler i\u00e7in stratejiktir. Kaynatma kazanlar\u0131 ve devrilir tavalar serimizi ke\u015ffedin.\" \/>\n<meta property=\"og:url\" content=\"https:\/\/www.electroluxprofessional.com\/tr\/ticari-mutfak-ekipmanlari\/kaynatma-kazanlari-devrilir-tavalar\/\" \/>\n<meta property=\"og:site_name\" content=\"Electrolux Professional T\u00fcrkiye\" \/>\n<meta property=\"article:modified_time\" content=\"2025-11-05T15:40:22+00:00\" \/>\n<meta property=\"og:image\" content=\"https:\/\/www.electroluxprofessional.com\/tr\/wp-content\/uploads\/2016\/11\/banner-13.jpg\" \/>\n\t<meta property=\"og:image:width\" content=\"2000\" \/>\n\t<meta property=\"og:image:height\" content=\"1333\" \/>\n\t<meta property=\"og:image:type\" content=\"image\/jpeg\" \/>\n<meta name=\"twitter:card\" content=\"summary_large_image\" \/>\n<meta name=\"twitter:label1\" content=\"Tahmini okuma s\u00fcresi\" \/>\n\t<meta name=\"twitter:data1\" content=\"1 dakika\" \/>\n<script type=\"application\/ld+json\" class=\"yoast-schema-graph\">{\"@context\":\"https:\/\/schema.org\",\"@graph\":[{\"@type\":\"WebPage\",\"@id\":\"https:\/\/www.electroluxprofessional.com\/tr\/ticari-mutfak-ekipmanlari\/kaynatma-kazanlari-devrilir-tavalar\/\",\"url\":\"https:\/\/www.electroluxprofessional.com\/tr\/ticari-mutfak-ekipmanlari\/kaynatma-kazanlari-devrilir-tavalar\/\",\"name\":\"Kaynatma Kazanlar\u0131 ve Devrilir Tavalar - Electrolux Professional T\u00fcrkiye\",\"isPartOf\":{\"@id\":\"https:\/\/www.electroluxprofessional.com\/tr\/#website\"},\"primaryImageOfPage\":{\"@id\":\"https:\/\/www.electroluxprofessional.com\/tr\/ticari-mutfak-ekipmanlari\/kaynatma-kazanlari-devrilir-tavalar\/#primaryimage\"},\"image\":{\"@id\":\"https:\/\/www.electroluxprofessional.com\/tr\/ticari-mutfak-ekipmanlari\/kaynatma-kazanlari-devrilir-tavalar\/#primaryimage\"},\"thumbnailUrl\":\"https:\/\/www.electroluxprofessional.com\/tr\/wp-content\/uploads\/2016\/11\/banner-13.jpg\",\"datePublished\":\"2016-11-22T12:54:25+00:00\",\"dateModified\":\"2025-11-05T15:40:22+00:00\",\"description\":\"Yal\u0131n i\u015f ak\u0131\u015flar\u0131, g\u00fcnde binlerce yemek haz\u0131rlayan kantinler i\u00e7in stratejiktir. Kaynatma kazanlar\u0131 ve devrilir tavalar serimizi ke\u015ffedin.\",\"breadcrumb\":{\"@id\":\"https:\/\/www.electroluxprofessional.com\/tr\/ticari-mutfak-ekipmanlari\/kaynatma-kazanlari-devrilir-tavalar\/#breadcrumb\"},\"inLanguage\":\"tr\",\"potentialAction\":[{\"@type\":\"ReadAction\",\"target\":[\"https:\/\/www.electroluxprofessional.com\/tr\/ticari-mutfak-ekipmanlari\/kaynatma-kazanlari-devrilir-tavalar\/\"]}]},{\"@type\":\"ImageObject\",\"inLanguage\":\"tr\",\"@id\":\"https:\/\/www.electroluxprofessional.com\/tr\/ticari-mutfak-ekipmanlari\/kaynatma-kazanlari-devrilir-tavalar\/#primaryimage\",\"url\":\"https:\/\/www.electroluxprofessional.com\/tr\/wp-content\/uploads\/2016\/11\/banner-13.jpg\",\"contentUrl\":\"https:\/\/www.electroluxprofessional.com\/tr\/wp-content\/uploads\/2016\/11\/banner-13.jpg\",\"width\":2000,\"height\":1333,\"caption\":\"Boiling and braising pans\"},{\"@type\":\"BreadcrumbList\",\"@id\":\"https:\/\/www.electroluxprofessional.com\/tr\/ticari-mutfak-ekipmanlari\/kaynatma-kazanlari-devrilir-tavalar\/#breadcrumb\",\"itemListElement\":[{\"@type\":\"ListItem\",\"position\":1,\"name\":\"Home\",\"item\":\"https:\/\/www.electroluxprofessional.com\/tr\/\"},{\"@type\":\"ListItem\",\"position\":2,\"name\":\"End\u00fcstriyel Mutfak Ekipmanlar\u0131\",\"item\":\"https:\/\/www.electroluxprofessional.com\/tr\/ticari-mutfak-ekipmanlari\/\"},{\"@type\":\"ListItem\",\"position\":3,\"name\":\"Kaynatma Kazanlar\u0131 ve Devrilir Tavalar\"}]},{\"@type\":\"WebSite\",\"@id\":\"https:\/\/www.electroluxprofessional.com\/tr\/#website\",\"url\":\"https:\/\/www.electroluxprofessional.com\/tr\/\",\"name\":\"Electrolux Professional T\u00fcrkiye\",\"description\":\"\",\"potentialAction\":[{\"@type\":\"SearchAction\",\"target\":{\"@type\":\"EntryPoint\",\"urlTemplate\":\"https:\/\/www.electroluxprofessional.com\/tr\/?src={search_term_string}\"},\"query-input\":\"required name=search_term_string\"}],\"inLanguage\":\"tr\"}]}<\/script>\n<!-- \/ Yoast SEO plugin. -->","yoast_head_json":{"title":"Kaynatma Kazanlar\u0131 ve Devrilir Tavalar - Electrolux Professional T\u00fcrkiye","description":"Yal\u0131n i\u015f ak\u0131\u015flar\u0131, g\u00fcnde binlerce yemek haz\u0131rlayan kantinler i\u00e7in stratejiktir. Kaynatma kazanlar\u0131 ve devrilir tavalar serimizi ke\u015ffedin.","robots":{"index":"index","follow":"follow","max-snippet":"max-snippet:-1","max-image-preview":"max-image-preview:large","max-video-preview":"max-video-preview:-1"},"canonical":"https:\/\/www.electroluxprofessional.com\/tr\/ticari-mutfak-ekipmanlari\/kaynatma-kazanlari-devrilir-tavalar\/","og_locale":"tr_TR","og_type":"article","og_title":"Kaynatma Kazanlar\u0131 ve Devrilir Tavalar - Electrolux Professional T\u00fcrkiye","og_description":"Yal\u0131n i\u015f ak\u0131\u015flar\u0131, g\u00fcnde binlerce yemek haz\u0131rlayan kantinler i\u00e7in stratejiktir. Kaynatma kazanlar\u0131 ve devrilir tavalar serimizi ke\u015ffedin.","og_url":"https:\/\/www.electroluxprofessional.com\/tr\/ticari-mutfak-ekipmanlari\/kaynatma-kazanlari-devrilir-tavalar\/","og_site_name":"Electrolux Professional T\u00fcrkiye","article_modified_time":"2025-11-05T15:40:22+00:00","og_image":[{"width":2000,"height":1333,"url":"https:\/\/www.electroluxprofessional.com\/tr\/wp-content\/uploads\/2016\/11\/banner-13.jpg","type":"image\/jpeg"}],"twitter_card":"summary_large_image","twitter_misc":{"Tahmini okuma s\u00fcresi":"1 dakika"},"schema":{"@context":"https:\/\/schema.org","@graph":[{"@type":"WebPage","@id":"https:\/\/www.electroluxprofessional.com\/tr\/ticari-mutfak-ekipmanlari\/kaynatma-kazanlari-devrilir-tavalar\/","url":"https:\/\/www.electroluxprofessional.com\/tr\/ticari-mutfak-ekipmanlari\/kaynatma-kazanlari-devrilir-tavalar\/","name":"Kaynatma Kazanlar\u0131 ve Devrilir Tavalar - Electrolux Professional T\u00fcrkiye","isPartOf":{"@id":"https:\/\/www.electroluxprofessional.com\/tr\/#website"},"primaryImageOfPage":{"@id":"https:\/\/www.electroluxprofessional.com\/tr\/ticari-mutfak-ekipmanlari\/kaynatma-kazanlari-devrilir-tavalar\/#primaryimage"},"image":{"@id":"https:\/\/www.electroluxprofessional.com\/tr\/ticari-mutfak-ekipmanlari\/kaynatma-kazanlari-devrilir-tavalar\/#primaryimage"},"thumbnailUrl":"https:\/\/www.electroluxprofessional.com\/tr\/wp-content\/uploads\/2016\/11\/banner-13.jpg","datePublished":"2016-11-22T12:54:25+00:00","dateModified":"2025-11-05T15:40:22+00:00","description":"Yal\u0131n i\u015f ak\u0131\u015flar\u0131, g\u00fcnde binlerce yemek haz\u0131rlayan kantinler i\u00e7in stratejiktir. Kaynatma kazanlar\u0131 ve devrilir tavalar serimizi ke\u015ffedin.","breadcrumb":{"@id":"https:\/\/www.electroluxprofessional.com\/tr\/ticari-mutfak-ekipmanlari\/kaynatma-kazanlari-devrilir-tavalar\/#breadcrumb"},"inLanguage":"tr","potentialAction":[{"@type":"ReadAction","target":["https:\/\/www.electroluxprofessional.com\/tr\/ticari-mutfak-ekipmanlari\/kaynatma-kazanlari-devrilir-tavalar\/"]}]},{"@type":"ImageObject","inLanguage":"tr","@id":"https:\/\/www.electroluxprofessional.com\/tr\/ticari-mutfak-ekipmanlari\/kaynatma-kazanlari-devrilir-tavalar\/#primaryimage","url":"https:\/\/www.electroluxprofessional.com\/tr\/wp-content\/uploads\/2016\/11\/banner-13.jpg","contentUrl":"https:\/\/www.electroluxprofessional.com\/tr\/wp-content\/uploads\/2016\/11\/banner-13.jpg","width":2000,"height":1333,"caption":"Boiling and braising pans"},{"@type":"BreadcrumbList","@id":"https:\/\/www.electroluxprofessional.com\/tr\/ticari-mutfak-ekipmanlari\/kaynatma-kazanlari-devrilir-tavalar\/#breadcrumb","itemListElement":[{"@type":"ListItem","position":1,"name":"Home","item":"https:\/\/www.electroluxprofessional.com\/tr\/"},{"@type":"ListItem","position":2,"name":"End\u00fcstriyel Mutfak Ekipmanlar\u0131","item":"https:\/\/www.electroluxprofessional.com\/tr\/ticari-mutfak-ekipmanlari\/"},{"@type":"ListItem","position":3,"name":"Kaynatma Kazanlar\u0131 ve Devrilir Tavalar"}]},{"@type":"WebSite","@id":"https:\/\/www.electroluxprofessional.com\/tr\/#website","url":"https:\/\/www.electroluxprofessional.com\/tr\/","name":"Electrolux Professional T\u00fcrkiye","description":"","potentialAction":[{"@type":"SearchAction","target":{"@type":"EntryPoint","urlTemplate":"https:\/\/www.electroluxprofessional.com\/tr\/?src={search_term_string}"},"query-input":"required name=search_term_string"}],"inLanguage":"tr"}]}},"_links":{"self":[{"href":"https:\/\/www.electroluxprofessional.com\/tr\/wp-json\/wp\/v2\/pages\/10495"}],"collection":[{"href":"https:\/\/www.electroluxprofessional.com\/tr\/wp-json\/wp\/v2\/pages"}],"about":[{"href":"https:\/\/www.electroluxprofessional.com\/tr\/wp-json\/wp\/v2\/types\/page"}],"author":[{"embeddable":true,"href":"https:\/\/www.electroluxprofessional.com\/tr\/wp-json\/wp\/v2\/users\/3"}],"replies":[{"embeddable":true,"href":"https:\/\/www.electroluxprofessional.com\/tr\/wp-json\/wp\/v2\/comments?post=10495"}],"version-history":[{"count":8,"href":"https:\/\/www.electroluxprofessional.com\/tr\/wp-json\/wp\/v2\/pages\/10495\/revisions"}],"predecessor-version":[{"id":22895,"href":"https:\/\/www.electroluxprofessional.com\/tr\/wp-json\/wp\/v2\/pages\/10495\/revisions\/22895"}],"up":[{"embeddable":true,"href":"https:\/\/www.electroluxprofessional.com\/tr\/wp-json\/wp\/v2\/pages\/19849"}],"wp:featuredmedia":[{"embeddable":true,"href":"https:\/\/www.electroluxprofessional.com\/tr\/wp-json\/wp\/v2\/media\/2542"}],"wp:attachment":[{"href":"https:\/\/www.electroluxprofessional.com\/tr\/wp-json\/wp\/v2\/media?parent=10495"}],"curies":[{"name":"wp","href":"https:\/\/api.w.org\/{rel}","templated":true}]}}