{"id":9510,"date":"2019-12-10T20:18:46","date_gmt":"2019-12-10T18:18:46","guid":{"rendered":"https:\/\/www.electroluxprofessional.com\/?page_id=25505"},"modified":"2026-04-10T09:09:09","modified_gmt":"2026-04-10T08:09:09","slug":"centers-of-excellence-showroom","status":"publish","type":"page","link":"https:\/\/www.electroluxprofessional.com\/se\/centers-of-excellence-showroom\/","title":{"rendered":"Centers of Excellence &#8211; showroom &#8211; Electrolux Professional"},"content":{"rendered":"<p>[vc_row full_width=&#8221;electroluxpro-full-width-no-padding&#8221;][vc_column][vc_single_image image=&#8221;9493&#8243; img_size=&#8221;full&#8221; alignment=&#8221;center&#8221;][\/vc_column][\/vc_row][vc_row][vc_column][vc_empty_space height=&#8221;16px&#8221;][elx_heading font_container=&#8221;h1&#8243; text_color=&#8221;inherit&#8221;]Centers of Excellence[\/elx_heading][vc_empty_space height=&#8221;16px&#8221;][\/vc_column][\/vc_row][vc_row][vc_column width=&#8221;2\/3&#8243;][vc_column_text]Att kunna erbjuda v\u00e5ra kunder m\u00f6jlighet att prova <strong>innovativa tr\u00e4ningskoncept<\/strong> och uppleva <strong>varum\u00e4rkets helhetsl\u00f6sningar<\/strong> \u00e4r viktigt f\u00f6r oss p\u00e5 Electrolux Professional.<\/p>\n<p>N\u00e4r kultur och erfarenheter fr\u00e5n k\u00f6ks- och tv\u00e4ttv\u00e4rlden m\u00f6ter ny teknologi blir resultatet en <strong>kunskapsmetod byggd p\u00e5 kundupplevelser<\/strong>. Tillsammans med oss f\u00e5r du som kund m\u00f6jlighet att uppleva och prova det som kan generera aff\u00e4rer f\u00f6r dig.<br \/>\n[\/vc_column_text][vc_empty_space][\/vc_column][vc_column width=&#8221;1\/3&#8243;][vc_empty_space height=&#8221;16px&#8221;][vc_single_image image=&#8221;9494&#8243; img_size=&#8221;full&#8221;][\/vc_column][\/vc_row][vc_row][vc_column][vc_empty_space height=&#8221;16px&#8221;][elx_heading font_size=&#8221;h1&#8243; text_color=&#8221;inherit&#8221;]Showroom \u00f6ver hela v\u00e4rlden[\/elx_heading][vc_empty_space height=&#8221;16px&#8221;][vc_column_text]Centers of Excellence \u00e4r <strong>Electrolux Professionals showrooms<\/strong> och <strong>tr\u00e4ningsfaciliteter<\/strong> som finns att bes\u00f6ka i m\u00e5nga delar av v\u00e4rlden. Alla showroom reflekterar v\u00e5r vision &#8211; vi vill vara din helhetspartner med uppdrag att f\u00f6renkla din vardag genom l\u00f6nsamma h\u00e5llbara l\u00f6sningar.<\/p>\n<p>Samtliga Center of Excellence \u00e4r designade f\u00f6r att erbjuda kompletta och skr\u00e4ddarsydda kundupplevelser V\u00e5ra g\u00e4ster bjuds in till en inneh\u00e5llsrik rundvandring d\u00e4r vi visar hela Electrolux Professionals produktsortiment. Genom seminarier, presentationer och livedemonstrationer i v\u00e5rt tr\u00e4ningsk\u00f6k, f\u00e5r du som kund en inblick i v\u00e5ra senaste l\u00f6sningar inom professionell tv\u00e4tt och stork\u00f6k\/restaurang.[\/vc_column_text][\/vc_column][\/vc_row][vc_row][vc_column][vc_row_inner][vc_column_inner][vc_empty_space][vc_column_text]<\/p>\n<p style=\"text-align: center;\">Klicka p\u00e5 kartan f\u00f6r en 3D-upplevelse i ett av v\u00e5ra showroom<\/p>\n<p>[\/vc_column_text][vc_single_image image=&#8221;9495&#8243; img_size=&#8221;full&#8221; alignment=&#8221;center&#8221; onclick=&#8221;custom_link&#8221; link=&#8221;https:\/\/www.electroluxprofessional.com\/chef-s-hub\/centers-of-excellence-electrolux-professional-virtual-tour\/&#8221;][\/vc_column_inner][\/vc_row_inner][vc_empty_space height=&#8221;16px&#8221;][\/vc_column][\/vc_row][vc_row][vc_column][\/vc_column][\/vc_row][vc_row disable_element=&#8221;yes&#8221;][vc_column][vc_empty_space][vc_column_text]The\u00a0<strong>Centers of Excellence\u00a0<\/strong>&#8211; <b>Electrolux Professional\u2019s showrooms<\/b> and training facilities all over the world \u2013 were born with this purpose.<\/p>\n<p>They are equipped with the most innovative and representative solutions for <strong>Food, Beverage and Laundry<\/strong>, demonstrating their full potential, thus reflecting the Company mission to be the OnE trusted partner making customers\u2019 work-life easier, more profitable \u2013 and truly sustainable, every day.[\/vc_column_text][\/vc_column][\/vc_row][vc_row disable_element=&#8221;yes&#8221;][vc_column][vc_empty_space height=&#8221;16px&#8221;][elx_heading text_color=&#8221;inherit&#8221;]Living a full taste experience at the Centers of Excellence[\/elx_heading][vc_empty_space height=&#8221;16px&#8221;][\/vc_column][\/vc_row][vc_row disable_element=&#8221;yes&#8221;][vc_column][vc_column_text]The <strong>Centers of Excellence<\/strong> are designed to offer a complete and extremely <strong>customized experience<\/strong>. Guests are invited to take a deep dive into the entire Electrolux Professional product and customer care portfolio, <strong>discovering the flagships innovations<\/strong> for Food, Beverage and Laundry, and <strong>enjoying seminars, events and live demonstrations<\/strong> in the training kitchens.[\/vc_column_text][vc_empty_space][\/vc_column][\/vc_row][vc_row][vc_column][vc_empty_space][vc_column_text]Med hj\u00e4lp av ett team av <strong>kockar<\/strong> fr\u00e5n <a href=\"https:\/\/www.electroluxprofessional.com\/se\/chef-s-hub\/electrolux-chef-academy\/\">Electrolux Professional Chef Academy<\/a>\u00a0och flertalet produktchefer samt aff\u00e4rsomr\u00e5desexperter, skapas kundupplevelser ut\u00f6ver det vanliga \u2013 allt utifr\u00e5n kundens behov och f\u00f6rv\u00e4ntningar.<\/p>\n<p>Varje bes\u00f6k p\u00e5 Center of Excellence blir d\u00e4rf\u00f6r unikt. Det \u00e4r <strong>skr\u00e4ddarsytt<\/strong> f\u00f6r att passa dig som kund och utvecklat specifikt f\u00f6r ditt f\u00f6retags \u00e4ndam\u00e5l och <strong>prioriteringar<\/strong>.[\/vc_column_text][vc_empty_space][\/vc_column][\/vc_row][vc_row][vc_column width=&#8221;1\/4&#8243;][elx_image_block background_image=&#8221;9486&#8243; minimum_height=&#8221;300px&#8221;][\/vc_column][vc_column width=&#8221;1\/4&#8243;][elx_image_block background_image=&#8221;9487&#8243; minimum_height=&#8221;300px&#8221;][\/vc_column][vc_column width=&#8221;1\/4&#8243;][elx_image_block background_image=&#8221;9488&#8243; minimum_height=&#8221;300px&#8221;][\/vc_column][vc_column width=&#8221;1\/4&#8243;][elx_image_block background_image=&#8221;9489&#8243; minimum_height=&#8221;300px&#8221;][\/vc_column][\/vc_row][vc_row disable_element=&#8221;yes&#8221;][vc_column width=&#8221;1\/2&#8243;][elx_image_block background_image=&#8221;9490&#8243; minimum_height=&#8221;300px&#8221;][\/vc_column][vc_column width=&#8221;1\/2&#8243;][elx_image_block background_image=&#8221;9491&#8243; minimum_height=&#8221;300px&#8221;][\/vc_column][\/vc_row][vc_row][vc_column][vc_empty_space][elx_heading font_container=&#8221;h1&#8243; text_color=&#8221;inherit&#8221;]V\u00e5ra showroom i Sverige[\/elx_heading][vc_empty_space][vc_column_text]I Sverige finns tv\u00e5 showroom, ett dedikerat till v\u00e5ra tv\u00e4ttl\u00f6sningar i <strong>Ljungby<\/strong> och ett f\u00f6r b\u00e5de tv\u00e4tt- och restaurang\/stork\u00f6ksl\u00f6sningar i<strong> Stockholm<\/strong>.<\/p>\n<h2><strong>Showroom f\u00f6r professionella tv\u00e4ttl\u00f6sningar<\/strong><\/h2>\n<p>I <strong>Ljungby<\/strong>, Sm\u00e5land, med ett utrymme p\u00e5 ca <strong>2 000 m2<\/strong>. H\u00e4r finner du ett fullt utvecklat showroom med utbildnings- och tr\u00e4ningsm\u00f6jligheter inom <strong>professionell tv\u00e4tt<\/strong>. V\u00e5ra 5 olika aff\u00e4rsomr\u00e5den visar moderna helhetsl\u00f6sningar d\u00e4r kunder kan erh\u00e5lla kunskap och f\u00e5 en helt egen k\u00e4nsla om vad en professionell tv\u00e4ttl\u00f6sning inneb\u00e4r och hur den passar din verksamhet.<\/p>\n<h2><strong>Showroom f\u00f6r professionella restaurang\/stork\u00f6ks- och tv\u00e4ttl\u00f6sningar<\/strong><\/h2>\n<p>I v\u00e5rt showroom i <strong>Stockholm<\/strong> finns v\u00e5ra <strong>helhetsl\u00f6sningar<\/strong> inom k\u00f6k, dryck samt tv\u00e4tt och d\u00e4r visar vi v\u00e5ra prisbel\u00f6nade och 4-stj\u00e4rnigt certifierade produkter. H\u00e4r kan du \u00e4ven f\u00e5 m\u00f6jlighet att laga mat eller genomg\u00e5 utbildning i v\u00e5rt demok\u00f6k <a href=\"https:\/\/www.electroluxprofessional.com\/se\/utbildningar\/\"><strong>Framtidens K\u00f6k<\/strong><\/a>, guidad av <b>v\u00e5ra kunniga utbildningskockar, produktchefer och s\u00e4ljare.<\/b><\/p>\n<p>V\u00e5ra <strong>matlagningsdemonstrationer<\/strong> ger unika m\u00f6jligheter att f\u00e5 uppleva produkterna live, dela med sig av erfarenheter, f\u00e5 inspiration och id\u00e9er samt uppt\u00e4cka hur produkten ter sig i arbetslivet tack vare v\u00e5ra enkla k\u00f6ksl\u00f6sningar som g\u00f6r det enkelt, s\u00e4krare och effektivare att arbeta.[\/vc_column_text][vc_empty_space][\/vc_column][\/vc_row][vc_row][vc_column width=&#8221;1\/3&#8243;][vc_single_image image=&#8221;9496&#8243; img_size=&#8221;full&#8221; alignment=&#8221;center&#8221;][\/vc_column][vc_column width=&#8221;1\/3&#8243;][vc_single_image image=&#8221;9497&#8243; img_size=&#8221;full&#8221; alignment=&#8221;center&#8221;][\/vc_column][vc_column width=&#8221;1\/3&#8243;][vc_single_image image=&#8221;9498&#8243; img_size=&#8221;full&#8221; alignment=&#8221;center&#8221;][\/vc_column][\/vc_row][vc_row disable_element=&#8221;yes&#8221;][vc_column][vc_empty_space][elx_heading text_color=&#8221;inherit&#8221;]The Center of Excellence in Italy[\/elx_heading][vc_empty_space][\/vc_column][\/vc_row][vc_row disable_element=&#8221;yes&#8221;][vc_column width=&#8221;1\/2&#8243;][vc_column_text]The Center of Excellence in Italy is located in Vallenoncello, Pordenone. It is a <strong>flagship space<\/strong> of about <strong>3.500 m<sup>2<\/sup> <\/strong>and is fully dedicated to the educational activities and the showroom, displaying the entire range for Food, Beverage and Laundry.<\/p>\n<p>The <strong>5 fully-equipped kitchens<\/strong> are modern and functional contexts where guests can \u201d<strong>taste<\/strong>\u201d the pleasure of a breakthrough training concept, guided by the <a href=\"https:\/\/www.electroluxprofessional.com\/se\/chef-s-hub\/electrolux-chef-academy\/\"><strong>Electrolux Professional Chef Academy<\/strong><\/a> and a team of product and customer segment experts.[\/vc_column_text][\/vc_column][vc_column width=&#8221;1\/2&#8243;][elx_image_block background_image=&#8221;9492&#8243; minimum_height=&#8221;300px&#8221;][vc_empty_space][\/vc_column][\/vc_row][vc_row disable_element=&#8221;yes&#8221;][vc_column width=&#8221;1\/2&#8243;][elx_simple_link_block link=&#8221;Enter the link of the block&#8221; text_align=&#8221;text-left&#8221; text_color=&#8221;inherit&#8221; background_color=&#8221;inherit&#8221; background_hover_color=&#8221;darker-hover&#8221; extra_class=&#8221;&#8221; reveal_effect=&#8221;&#8221; reveal_duration=&#8221;&#8221; reveal_delay=&#8221;&#8221;][vc_single_image image=&#8221;9499&#8243; img_size=&#8221;full&#8221;][\/elx_simple_link_block][\/vc_column][vc_column width=&#8221;1\/2&#8243;][vc_column_text]The <strong>live cooking demonstrations<\/strong> are unique opportunities to share experiences, collect ideas, and discover how the work-life in the kitchen can be easier, safer, leaner &#8211; and therefore more profitable &#8211; thanks to the Electrolux Professional solutions.[\/vc_column_text][vc_empty_space height=&#8221;64px&#8221;][vc_column_text]Contact your nearest sales representative to come and visit our global Centers of Excellence.<\/p>\n<p><strong>Discover the world of opportunities we have designed for you.<\/strong>[\/vc_column_text][\/vc_column][\/vc_row][vc_row][vc_column][vc_empty_space][elx_heading font_size=&#8221;h3&#8243; text_color=&#8221;inherit&#8221; text_align=&#8221;text-center&#8221;]Uppt\u00e4ck en v\u00e4rld av m\u00f6jligheter![\/elx_heading][elx_heading font_container=&#8221;h3&#8243; font_size=&#8221;h4&#8243; text_color=&#8221;inherit&#8221; text_align=&#8221;text-center&#8221;]Kontakta oss om du \u00e4r intresserad av att bes\u00f6ka ett av v\u00e5ra showroom.[\/elx_heading][vc_empty_space][elx_o2000_contact_us s=&#8221;Bes\u00f6k i showroom&#8221; country=&#8221;Sweden&#8221; r=&#8221;Kontakta mig ang\u00e5ende bes\u00f6k i ett av era showroom&#8221; l=&#8221;se&#8221; e=&#8221;Els.info.se@electroluxprofessional.com&#8221;][\/vc_column][\/vc_row][vc_row disable_element=&#8221;yes&#8221;][vc_column][vc_empty_space][elx_heading font_container=&#8221;h3&#8243; text_color=&#8221;inherit&#8221;]Du kanske ocks\u00e5 gillar[\/elx_heading][\/vc_column][\/vc_row][vc_row disable_element=&#8221;yes&#8221;][vc_column width=&#8221;1\/3&#8243;][elx_maylike_box id_box=&#8221;2714&#8243;][\/vc_column][vc_column width=&#8221;1\/3&#8243;][elx_maylike_box id_box=&#8221;9502&#8243;][\/vc_column][vc_column width=&#8221;1\/3&#8243;][elx_maylike_box id_box=&#8221;9503&#8243;][\/vc_column][\/vc_row]<\/p>\n","protected":false},"excerpt":{"rendered":"<p>[vc_row full_width=&#8221;electroluxpro-full-width-no-padding&#8221;][vc_column][vc_single_image image=&#8221;9493&#8243; img_size=&#8221;full&#8221; alignment=&#8221;center&#8221;][\/vc_column][\/vc_row][vc_row][vc_column][vc_empty_space height=&#8221;16px&#8221;][elx_heading font_container=&#8221;h1&#8243; text_color=&#8221;inherit&#8221;]Centers of Excellence[\/elx_heading][vc_empty_space height=&#8221;16px&#8221;][\/vc_column][\/vc_row][vc_row][vc_column width=&#8221;2\/3&#8243;][vc_column_text]Att kunna erbjuda v\u00e5ra kunder m\u00f6jlighet att prova innovativa tr\u00e4ningskoncept och uppleva varum\u00e4rkets helhetsl\u00f6sningar \u00e4r viktigt f\u00f6r oss p\u00e5 Electrolux Professional. N\u00e4r kultur och erfarenheter fr\u00e5n k\u00f6ks- och tv\u00e4ttv\u00e4rlden m\u00f6ter ny teknologi blir resultatet en kunskapsmetod byggd p\u00e5 kundupplevelser. Tillsammans med oss f\u00e5r du [&hellip;]<\/p>\n","protected":false},"author":174,"featured_media":0,"parent":0,"menu_order":0,"comment_status":"closed","ping_status":"closed","template":"","meta":{"footnotes":""},"class_list":["post-9510","page","type-page","status-publish","hentry"],"acf":[],"yoast_head":"<!-- This site is optimized with the Yoast SEO plugin v23.3 - https:\/\/yoast.com\/wordpress\/plugins\/seo\/ -->\n<title>Center of Excellens - showroom - Electrolux Professional<\/title>\n<meta name=\"description\" content=\"Electrolux Professional har showroom f\u00f6r professionell tv\u00e4tt i Ljungby och ett showroom f\u00f6r alla l\u00f6sningar inom k\u00f6k, dryck och tv\u00e4tt i Stockholm. V\u00e4lkommen att boka ett bes\u00f6k!\" \/>\n<meta name=\"robots\" content=\"index, follow, max-snippet:-1, max-image-preview:large, max-video-preview:-1\" \/>\n<link rel=\"canonical\" href=\"https:\/\/www.electroluxprofessional.com\/se\/centers-of-excellence-showroom\/\" \/>\n<meta property=\"og:locale\" content=\"sv_SE\" \/>\n<meta property=\"og:type\" content=\"article\" \/>\n<meta property=\"og:title\" content=\"Center of Excellens - showroom - Electrolux Professional\" \/>\n<meta property=\"og:description\" content=\"Electrolux Professional har showroom f\u00f6r professionell tv\u00e4tt i Ljungby och ett showroom f\u00f6r alla l\u00f6sningar inom k\u00f6k, dryck och tv\u00e4tt i Stockholm. V\u00e4lkommen att boka ett bes\u00f6k!\" \/>\n<meta property=\"og:url\" content=\"https:\/\/www.electroluxprofessional.com\/se\/centers-of-excellence-showroom\/\" \/>\n<meta property=\"og:site_name\" content=\"Electrolux Professional Sverige\" \/>\n<meta property=\"article:modified_time\" content=\"2026-04-10T08:09:09+00:00\" \/>\n<meta name=\"twitter:card\" content=\"summary_large_image\" \/>\n<meta name=\"twitter:label1\" content=\"Ber\u00e4knad l\u00e4stid\" \/>\n\t<meta name=\"twitter:data1\" content=\"4 minuter\" \/>\n<script type=\"application\/ld+json\" class=\"yoast-schema-graph\">{\"@context\":\"https:\/\/schema.org\",\"@graph\":[{\"@type\":\"WebPage\",\"@id\":\"https:\/\/www.electroluxprofessional.com\/se\/centers-of-excellence-showroom\/\",\"url\":\"https:\/\/www.electroluxprofessional.com\/se\/centers-of-excellence-showroom\/\",\"name\":\"Center of Excellens - showroom - Electrolux Professional\",\"isPartOf\":{\"@id\":\"https:\/\/www.electroluxprofessional.com\/se\/#website\"},\"datePublished\":\"2019-12-10T18:18:46+00:00\",\"dateModified\":\"2026-04-10T08:09:09+00:00\",\"description\":\"Electrolux Professional har showroom f\u00f6r professionell tv\u00e4tt i Ljungby och ett showroom f\u00f6r alla l\u00f6sningar inom k\u00f6k, dryck och tv\u00e4tt i Stockholm. V\u00e4lkommen att boka ett bes\u00f6k!\",\"breadcrumb\":{\"@id\":\"https:\/\/www.electroluxprofessional.com\/se\/centers-of-excellence-showroom\/#breadcrumb\"},\"inLanguage\":\"sv-SE\",\"potentialAction\":[{\"@type\":\"ReadAction\",\"target\":[\"https:\/\/www.electroluxprofessional.com\/se\/centers-of-excellence-showroom\/\"]}]},{\"@type\":\"BreadcrumbList\",\"@id\":\"https:\/\/www.electroluxprofessional.com\/se\/centers-of-excellence-showroom\/#breadcrumb\",\"itemListElement\":[{\"@type\":\"ListItem\",\"position\":1,\"name\":\"Home\",\"item\":\"https:\/\/www.electroluxprofessional.com\/se\/\"},{\"@type\":\"ListItem\",\"position\":2,\"name\":\"Centers of Excellence &#8211; showroom &#8211; Electrolux Professional\"}]},{\"@type\":\"WebSite\",\"@id\":\"https:\/\/www.electroluxprofessional.com\/se\/#website\",\"url\":\"https:\/\/www.electroluxprofessional.com\/se\/\",\"name\":\"Electrolux Professional Sverige\",\"description\":\"\",\"potentialAction\":[{\"@type\":\"SearchAction\",\"target\":{\"@type\":\"EntryPoint\",\"urlTemplate\":\"https:\/\/www.electroluxprofessional.com\/se\/?src={search_term_string}\"},\"query-input\":\"required name=search_term_string\"}],\"inLanguage\":\"sv-SE\"}]}<\/script>\n<!-- \/ Yoast SEO plugin. -->","yoast_head_json":{"title":"Center of Excellens - showroom - Electrolux Professional","description":"Electrolux Professional har showroom f\u00f6r professionell tv\u00e4tt i Ljungby och ett showroom f\u00f6r alla l\u00f6sningar inom k\u00f6k, dryck och tv\u00e4tt i Stockholm. V\u00e4lkommen att boka ett bes\u00f6k!","robots":{"index":"index","follow":"follow","max-snippet":"max-snippet:-1","max-image-preview":"max-image-preview:large","max-video-preview":"max-video-preview:-1"},"canonical":"https:\/\/www.electroluxprofessional.com\/se\/centers-of-excellence-showroom\/","og_locale":"sv_SE","og_type":"article","og_title":"Center of Excellens - showroom - Electrolux Professional","og_description":"Electrolux Professional har showroom f\u00f6r professionell tv\u00e4tt i Ljungby och ett showroom f\u00f6r alla l\u00f6sningar inom k\u00f6k, dryck och tv\u00e4tt i Stockholm. V\u00e4lkommen att boka ett bes\u00f6k!","og_url":"https:\/\/www.electroluxprofessional.com\/se\/centers-of-excellence-showroom\/","og_site_name":"Electrolux Professional Sverige","article_modified_time":"2026-04-10T08:09:09+00:00","twitter_card":"summary_large_image","twitter_misc":{"Ber\u00e4knad l\u00e4stid":"4 minuter"},"schema":{"@context":"https:\/\/schema.org","@graph":[{"@type":"WebPage","@id":"https:\/\/www.electroluxprofessional.com\/se\/centers-of-excellence-showroom\/","url":"https:\/\/www.electroluxprofessional.com\/se\/centers-of-excellence-showroom\/","name":"Center of Excellens - showroom - Electrolux Professional","isPartOf":{"@id":"https:\/\/www.electroluxprofessional.com\/se\/#website"},"datePublished":"2019-12-10T18:18:46+00:00","dateModified":"2026-04-10T08:09:09+00:00","description":"Electrolux Professional har showroom f\u00f6r professionell tv\u00e4tt i Ljungby och ett showroom f\u00f6r alla l\u00f6sningar inom k\u00f6k, dryck och tv\u00e4tt i Stockholm. V\u00e4lkommen att boka ett bes\u00f6k!","breadcrumb":{"@id":"https:\/\/www.electroluxprofessional.com\/se\/centers-of-excellence-showroom\/#breadcrumb"},"inLanguage":"sv-SE","potentialAction":[{"@type":"ReadAction","target":["https:\/\/www.electroluxprofessional.com\/se\/centers-of-excellence-showroom\/"]}]},{"@type":"BreadcrumbList","@id":"https:\/\/www.electroluxprofessional.com\/se\/centers-of-excellence-showroom\/#breadcrumb","itemListElement":[{"@type":"ListItem","position":1,"name":"Home","item":"https:\/\/www.electroluxprofessional.com\/se\/"},{"@type":"ListItem","position":2,"name":"Centers of Excellence &#8211; showroom &#8211; Electrolux Professional"}]},{"@type":"WebSite","@id":"https:\/\/www.electroluxprofessional.com\/se\/#website","url":"https:\/\/www.electroluxprofessional.com\/se\/","name":"Electrolux Professional Sverige","description":"","potentialAction":[{"@type":"SearchAction","target":{"@type":"EntryPoint","urlTemplate":"https:\/\/www.electroluxprofessional.com\/se\/?src={search_term_string}"},"query-input":"required name=search_term_string"}],"inLanguage":"sv-SE"}]}},"_links":{"self":[{"href":"https:\/\/www.electroluxprofessional.com\/se\/wp-json\/wp\/v2\/pages\/9510"}],"collection":[{"href":"https:\/\/www.electroluxprofessional.com\/se\/wp-json\/wp\/v2\/pages"}],"about":[{"href":"https:\/\/www.electroluxprofessional.com\/se\/wp-json\/wp\/v2\/types\/page"}],"author":[{"embeddable":true,"href":"https:\/\/www.electroluxprofessional.com\/se\/wp-json\/wp\/v2\/users\/174"}],"replies":[{"embeddable":true,"href":"https:\/\/www.electroluxprofessional.com\/se\/wp-json\/wp\/v2\/comments?post=9510"}],"version-history":[{"count":21,"href":"https:\/\/www.electroluxprofessional.com\/se\/wp-json\/wp\/v2\/pages\/9510\/revisions"}],"predecessor-version":[{"id":55992,"href":"https:\/\/www.electroluxprofessional.com\/se\/wp-json\/wp\/v2\/pages\/9510\/revisions\/55992"}],"wp:attachment":[{"href":"https:\/\/www.electroluxprofessional.com\/se\/wp-json\/wp\/v2\/media?parent=9510"}],"curies":[{"name":"wp","href":"https:\/\/api.w.org\/{rel}","templated":true}]}}