{"id":9344,"date":"2019-09-27T14:38:14","date_gmt":"2019-09-27T14:38:14","guid":{"rendered":"https:\/\/www.electroluxprofessional.com\/?page_id=25408"},"modified":"2022-04-12T08:30:01","modified_gmt":"2022-04-12T07:30:01","slug":"om-oss","status":"publish","type":"page","link":"https:\/\/www.electroluxprofessional.com\/se\/om-oss\/","title":{"rendered":"Om oss"},"content":{"rendered":"<p>[vc_row full_width=&#8221;electroluxpro-full-width-no-padding&#8221;][vc_column][vc_single_image image=&#8221;16977&#8243; img_size=&#8221;2000x350px&#8221; alignment=&#8221;center&#8221;][\/vc_column][\/vc_row][vc_row][vc_column][vc_empty_space height=&#8221;50px&#8221;][elx_heading font_container=&#8221;h1&#8243; text_color=&#8221;inherit&#8221;]Electrolux Professional[\/elx_heading][vc_empty_space][\/vc_column][\/vc_row][vc_row][vc_column width=&#8221;1\/2&#8243;][vc_column_text]<strong>Electrolux Professional \u00e4r din helhetspartner &#8211; The OnE. V\u00e5rt uppdrag \u00e4r att g\u00f6ra ditt arbetsliv enklare, mer l\u00f6nsamt och verkligt h\u00e5llbart varje dag. <\/strong>[\/vc_column_text][vc_empty_space][vc_column_text]Vilken verksamhet du \u00e4n bedriver \u00e4r v\u00e5rt m\u00e5l att g\u00f6ra den till den mest h\u00e5llbara upplevelsen inom <strong>stork\u00f6k<\/strong>, <strong>dryck<\/strong> och <strong>tv\u00e4tt<\/strong> under hela produktlivscykeln.<\/p>\n<p>Med hj\u00e4rta f\u00f6r h\u00e5llbarhet leder vi v\u00e4gen n\u00e4r det g\u00e4ller att utforma fullst\u00e4ndiga och integrerade l\u00f6sningar som ger h\u00f6g produktivitet, l\u00e4gsta livscykelkostnader och \u00e4r de mest enkla att anv\u00e4nda och underh\u00e5lla.[\/vc_column_text][\/vc_column][vc_column width=&#8221;1\/2&#8243;][elx_video_block background_image=&#8221;8457&#8243; minimum_height=&#8221;350px&#8221; video_link=&#8221;https:\/\/www.youtube.com\/watch?v=vG5qNro63xE&#8221;][\/vc_column][\/vc_row][vc_row css=&#8221;.vc_custom_1465566954449{padding-top: 20px !important;}&#8221;][vc_column][vc_column_text][\/vc_column_text][vc_column_text]Via v\u00e5rt unika interface g\u00f6r vi det m\u00f6jligt f\u00f6r v\u00e5ra kunder att hantera all sin verksamhet. Genom att anv\u00e4nda anslutna och synkroniserade produkter och tj\u00e4nster skapar vi det ultimata v\u00e4rdet f\u00f6r dina aff\u00e4rer.<\/p>\n<p>Electrolux Professional \u00e4r en p\u00e5litlig helhetspartner med <strong>l\u00e5ng erfarenhet och stor expertis<\/strong>. Vi har funnits i branschen i 100 \u00e5r och har under denna tid byggt upp v\u00e4rldens mest omfattande servicen\u00e4tverk.<\/p>\n<p>V\u00e5rt huvudkontor finns p\u00e5 Kungsholmen i Stockholm. I Ljungby i Sm\u00e5land finns v\u00e5r tv\u00e4ttfabrik (som tidigare \u00e4gdes av <a href=\"https:\/\/www.electroluxprofessional.com\/se\/laundry\/wascator\/\">Wascator<\/a>), d\u00e4r vi producerar professionella tv\u00e4ttl\u00f6sningar till hela v\u00e4rlden. Ytterligare kontor finns i G\u00f6teborg och Malm\u00f6.<\/p>\n<p>Om du \u00e4r intresserad av att veta mer s\u00e5 hittar du v\u00e5ra <a href=\"https:\/\/www.electroluxprofessional.com\/se\/kontakta-oss\/\">kontaktuppgifter<\/a> h\u00e4r. F\u00f6r att hitta en \u00e5terf\u00f6rs\u00e4ljare i ditt omr\u00e5de eller om det g\u00e4ller service s\u00e5 <a href=\"https:\/\/www.electroluxprofessional.com\/se\/sales-service-locator\/\">klicka h\u00e4r<\/a>.[\/vc_column_text][\/vc_column][\/vc_row][vc_row disable_element=&#8221;yes&#8221;][vc_column width=&#8221;1\/3&#8243;][elx_maylike_box id_box=&#8221;2683&#8243;][\/vc_column][vc_column width=&#8221;1\/3&#8243;][elx_maylike_box id_box=&#8221;8460&#8243;][\/vc_column][vc_column width=&#8221;1\/3&#8243;][elx_maylike_box id_box=&#8221;8461&#8243;][\/vc_column][\/vc_row]<\/p>\n","protected":false},"excerpt":{"rendered":"<p>[vc_row full_width=&#8221;electroluxpro-full-width-no-padding&#8221;][vc_column][vc_single_image image=&#8221;16977&#8243; img_size=&#8221;2000x350px&#8221; alignment=&#8221;center&#8221;][\/vc_column][\/vc_row][vc_row][vc_column][vc_empty_space height=&#8221;50px&#8221;][elx_heading font_container=&#8221;h1&#8243; text_color=&#8221;inherit&#8221;]Electrolux Professional[\/elx_heading][vc_empty_space][\/vc_column][\/vc_row][vc_row][vc_column width=&#8221;1\/2&#8243;][vc_column_text]Electrolux Professional \u00e4r din helhetspartner &#8211; The OnE. V\u00e5rt uppdrag \u00e4r att g\u00f6ra ditt arbetsliv enklare, mer l\u00f6nsamt och verkligt h\u00e5llbart varje dag. [\/vc_column_text][vc_empty_space][vc_column_text]Vilken verksamhet du \u00e4n bedriver \u00e4r v\u00e5rt m\u00e5l att g\u00f6ra den till den mest h\u00e5llbara upplevelsen inom stork\u00f6k, dryck och tv\u00e4tt under hela [&hellip;]<\/p>\n","protected":false},"author":174,"featured_media":8457,"parent":0,"menu_order":0,"comment_status":"closed","ping_status":"closed","template":"","meta":{"footnotes":""},"class_list":["post-9344","page","type-page","status-publish","has-post-thumbnail","hentry"],"acf":[],"yoast_head":"<!-- This site is optimized with the Yoast SEO plugin v23.3 - https:\/\/yoast.com\/wordpress\/plugins\/seo\/ -->\n<title>Om oss - Electrolux Professional, din helhetspartner - The OnE<\/title>\n<meta name=\"description\" content=\"Uppt\u00e4ck mer om Electrolux Professional, din helhetspartner - The OnE. V\u00e5rt uppdrag att g\u00f6ra ditt arbetsliv enklare, mer l\u00f6nsamt och verkligen h\u00e5llbart varje dag.\" \/>\n<meta name=\"robots\" content=\"index, follow, max-snippet:-1, max-image-preview:large, max-video-preview:-1\" \/>\n<link rel=\"canonical\" href=\"https:\/\/www.electroluxprofessional.com\/se\/om-oss\/\" \/>\n<meta property=\"og:locale\" content=\"sv_SE\" \/>\n<meta property=\"og:type\" content=\"article\" \/>\n<meta property=\"og:title\" content=\"Om oss - Electrolux Professional, din helhetspartner - The OnE\" \/>\n<meta property=\"og:description\" content=\"Uppt\u00e4ck mer om Electrolux Professional, din helhetspartner - The OnE. V\u00e5rt uppdrag att g\u00f6ra ditt arbetsliv enklare, mer l\u00f6nsamt och verkligen h\u00e5llbart varje dag.\" \/>\n<meta property=\"og:url\" content=\"https:\/\/www.electroluxprofessional.com\/se\/om-oss\/\" \/>\n<meta property=\"og:site_name\" content=\"Electrolux Professional Sverige\" \/>\n<meta property=\"article:modified_time\" content=\"2022-04-12T07:30:01+00:00\" \/>\n<meta property=\"og:image\" content=\"https:\/\/www.electroluxprofessional.com\/se\/wp-content\/uploads\/2019\/09\/video-one-cover.jpg\" \/>\n\t<meta property=\"og:image:width\" content=\"800\" \/>\n\t<meta property=\"og:image:height\" content=\"500\" \/>\n\t<meta property=\"og:image:type\" content=\"image\/jpeg\" \/>\n<meta name=\"twitter:card\" content=\"summary_large_image\" \/>\n<meta name=\"twitter:label1\" content=\"Ber\u00e4knad l\u00e4stid\" \/>\n\t<meta name=\"twitter:data1\" content=\"2 minuter\" \/>\n<script type=\"application\/ld+json\" class=\"yoast-schema-graph\">{\"@context\":\"https:\/\/schema.org\",\"@graph\":[{\"@type\":\"WebPage\",\"@id\":\"https:\/\/www.electroluxprofessional.com\/se\/om-oss\/\",\"url\":\"https:\/\/www.electroluxprofessional.com\/se\/om-oss\/\",\"name\":\"Om oss - Electrolux Professional, din helhetspartner - The OnE\",\"isPartOf\":{\"@id\":\"https:\/\/www.electroluxprofessional.com\/se\/#website\"},\"primaryImageOfPage\":{\"@id\":\"https:\/\/www.electroluxprofessional.com\/se\/om-oss\/#primaryimage\"},\"image\":{\"@id\":\"https:\/\/www.electroluxprofessional.com\/se\/om-oss\/#primaryimage\"},\"thumbnailUrl\":\"https:\/\/www.electroluxprofessional.com\/se\/wp-content\/uploads\/2019\/09\/video-one-cover.jpg\",\"datePublished\":\"2019-09-27T14:38:14+00:00\",\"dateModified\":\"2022-04-12T07:30:01+00:00\",\"description\":\"Uppt\u00e4ck mer om Electrolux Professional, din helhetspartner - The OnE. V\u00e5rt uppdrag att g\u00f6ra ditt arbetsliv enklare, mer l\u00f6nsamt och verkligen h\u00e5llbart varje dag.\",\"breadcrumb\":{\"@id\":\"https:\/\/www.electroluxprofessional.com\/se\/om-oss\/#breadcrumb\"},\"inLanguage\":\"sv-SE\",\"potentialAction\":[{\"@type\":\"ReadAction\",\"target\":[\"https:\/\/www.electroluxprofessional.com\/se\/om-oss\/\"]}]},{\"@type\":\"ImageObject\",\"inLanguage\":\"sv-SE\",\"@id\":\"https:\/\/www.electroluxprofessional.com\/se\/om-oss\/#primaryimage\",\"url\":\"https:\/\/www.electroluxprofessional.com\/se\/wp-content\/uploads\/2019\/09\/video-one-cover.jpg\",\"contentUrl\":\"https:\/\/www.electroluxprofessional.com\/se\/wp-content\/uploads\/2019\/09\/video-one-cover.jpg\",\"width\":800,\"height\":500,\"caption\":\"Electrolux Professional, the OnE trusted partner\"},{\"@type\":\"BreadcrumbList\",\"@id\":\"https:\/\/www.electroluxprofessional.com\/se\/om-oss\/#breadcrumb\",\"itemListElement\":[{\"@type\":\"ListItem\",\"position\":1,\"name\":\"Home\",\"item\":\"https:\/\/www.electroluxprofessional.com\/se\/\"},{\"@type\":\"ListItem\",\"position\":2,\"name\":\"Om oss\"}]},{\"@type\":\"WebSite\",\"@id\":\"https:\/\/www.electroluxprofessional.com\/se\/#website\",\"url\":\"https:\/\/www.electroluxprofessional.com\/se\/\",\"name\":\"Electrolux Professional Sverige\",\"description\":\"\",\"potentialAction\":[{\"@type\":\"SearchAction\",\"target\":{\"@type\":\"EntryPoint\",\"urlTemplate\":\"https:\/\/www.electroluxprofessional.com\/se\/?src={search_term_string}\"},\"query-input\":\"required name=search_term_string\"}],\"inLanguage\":\"sv-SE\"}]}<\/script>\n<!-- \/ Yoast SEO plugin. -->","yoast_head_json":{"title":"Om oss - Electrolux Professional, din helhetspartner - The OnE","description":"Uppt\u00e4ck mer om Electrolux Professional, din helhetspartner - The OnE. V\u00e5rt uppdrag att g\u00f6ra ditt arbetsliv enklare, mer l\u00f6nsamt och verkligen h\u00e5llbart varje dag.","robots":{"index":"index","follow":"follow","max-snippet":"max-snippet:-1","max-image-preview":"max-image-preview:large","max-video-preview":"max-video-preview:-1"},"canonical":"https:\/\/www.electroluxprofessional.com\/se\/om-oss\/","og_locale":"sv_SE","og_type":"article","og_title":"Om oss - Electrolux Professional, din helhetspartner - The OnE","og_description":"Uppt\u00e4ck mer om Electrolux Professional, din helhetspartner - The OnE. V\u00e5rt uppdrag att g\u00f6ra ditt arbetsliv enklare, mer l\u00f6nsamt och verkligen h\u00e5llbart varje dag.","og_url":"https:\/\/www.electroluxprofessional.com\/se\/om-oss\/","og_site_name":"Electrolux Professional Sverige","article_modified_time":"2022-04-12T07:30:01+00:00","og_image":[{"width":800,"height":500,"url":"https:\/\/www.electroluxprofessional.com\/se\/wp-content\/uploads\/2019\/09\/video-one-cover.jpg","type":"image\/jpeg"}],"twitter_card":"summary_large_image","twitter_misc":{"Ber\u00e4knad l\u00e4stid":"2 minuter"},"schema":{"@context":"https:\/\/schema.org","@graph":[{"@type":"WebPage","@id":"https:\/\/www.electroluxprofessional.com\/se\/om-oss\/","url":"https:\/\/www.electroluxprofessional.com\/se\/om-oss\/","name":"Om oss - Electrolux Professional, din helhetspartner - The OnE","isPartOf":{"@id":"https:\/\/www.electroluxprofessional.com\/se\/#website"},"primaryImageOfPage":{"@id":"https:\/\/www.electroluxprofessional.com\/se\/om-oss\/#primaryimage"},"image":{"@id":"https:\/\/www.electroluxprofessional.com\/se\/om-oss\/#primaryimage"},"thumbnailUrl":"https:\/\/www.electroluxprofessional.com\/se\/wp-content\/uploads\/2019\/09\/video-one-cover.jpg","datePublished":"2019-09-27T14:38:14+00:00","dateModified":"2022-04-12T07:30:01+00:00","description":"Uppt\u00e4ck mer om Electrolux Professional, din helhetspartner - The OnE. V\u00e5rt uppdrag att g\u00f6ra ditt arbetsliv enklare, mer l\u00f6nsamt och verkligen h\u00e5llbart varje dag.","breadcrumb":{"@id":"https:\/\/www.electroluxprofessional.com\/se\/om-oss\/#breadcrumb"},"inLanguage":"sv-SE","potentialAction":[{"@type":"ReadAction","target":["https:\/\/www.electroluxprofessional.com\/se\/om-oss\/"]}]},{"@type":"ImageObject","inLanguage":"sv-SE","@id":"https:\/\/www.electroluxprofessional.com\/se\/om-oss\/#primaryimage","url":"https:\/\/www.electroluxprofessional.com\/se\/wp-content\/uploads\/2019\/09\/video-one-cover.jpg","contentUrl":"https:\/\/www.electroluxprofessional.com\/se\/wp-content\/uploads\/2019\/09\/video-one-cover.jpg","width":800,"height":500,"caption":"Electrolux Professional, the OnE trusted partner"},{"@type":"BreadcrumbList","@id":"https:\/\/www.electroluxprofessional.com\/se\/om-oss\/#breadcrumb","itemListElement":[{"@type":"ListItem","position":1,"name":"Home","item":"https:\/\/www.electroluxprofessional.com\/se\/"},{"@type":"ListItem","position":2,"name":"Om oss"}]},{"@type":"WebSite","@id":"https:\/\/www.electroluxprofessional.com\/se\/#website","url":"https:\/\/www.electroluxprofessional.com\/se\/","name":"Electrolux Professional Sverige","description":"","potentialAction":[{"@type":"SearchAction","target":{"@type":"EntryPoint","urlTemplate":"https:\/\/www.electroluxprofessional.com\/se\/?src={search_term_string}"},"query-input":"required name=search_term_string"}],"inLanguage":"sv-SE"}]}},"_links":{"self":[{"href":"https:\/\/www.electroluxprofessional.com\/se\/wp-json\/wp\/v2\/pages\/9344"}],"collection":[{"href":"https:\/\/www.electroluxprofessional.com\/se\/wp-json\/wp\/v2\/pages"}],"about":[{"href":"https:\/\/www.electroluxprofessional.com\/se\/wp-json\/wp\/v2\/types\/page"}],"author":[{"embeddable":true,"href":"https:\/\/www.electroluxprofessional.com\/se\/wp-json\/wp\/v2\/users\/174"}],"replies":[{"embeddable":true,"href":"https:\/\/www.electroluxprofessional.com\/se\/wp-json\/wp\/v2\/comments?post=9344"}],"version-history":[{"count":14,"href":"https:\/\/www.electroluxprofessional.com\/se\/wp-json\/wp\/v2\/pages\/9344\/revisions"}],"predecessor-version":[{"id":19074,"href":"https:\/\/www.electroluxprofessional.com\/se\/wp-json\/wp\/v2\/pages\/9344\/revisions\/19074"}],"wp:featuredmedia":[{"embeddable":true,"href":"https:\/\/www.electroluxprofessional.com\/se\/wp-json\/wp\/v2\/media\/8457"}],"wp:attachment":[{"href":"https:\/\/www.electroluxprofessional.com\/se\/wp-json\/wp\/v2\/media?parent=9344"}],"curies":[{"name":"wp","href":"https:\/\/api.w.org\/{rel}","templated":true}]}}