{"id":8654,"date":"2019-09-20T17:47:45","date_gmt":"2019-09-20T15:47:45","guid":{"rendered":"https:\/\/www.electroluxprofessional.com\/?page_id=25348"},"modified":"2025-10-16T09:04:13","modified_gmt":"2025-10-16T08:04:13","slug":"myprozip-tvatt-for-sjalvbetjaning","status":"publish","type":"page","link":"https:\/\/www.electroluxprofessional.com\/se\/tvatt\/myprozip-tvatt-for-sjalvbetjaning\/","title":{"rendered":"myPROzip f\u00f6r verksamheter med sj\u00e4lvbetj\u00e4ning"},"content":{"rendered":"<p>[vc_row full_width=&#8221;electroluxpro-full-width-no-padding&#8221;][vc_column][elx_image_block is_full_height=&#8221;full-height&#8221; background_image=&#8221;20100&#8243; vert_back_position=&#8221;bottom&#8221; minimum_height=&#8221;600px&#8221;][\/vc_column][\/vc_row][vc_row content_placement=&#8221;top&#8221;][vc_column width=&#8221;1\/2&#8243; css=&#8221;.vc_custom_1484574375079{margin-left: 0px !important;border-left-width: 0px !important;padding-left: 0px !important;}&#8221;][elx_simple_block background_color=&#8221;inherit&#8221;][elx_heading font_container=&#8221;h1&#8243; text_color=&#8221;inherit&#8221;]Driver ni en<br \/>\ntv\u00e4ttanl\u00e4ggning<br \/>\nmed sj\u00e4lvbetj\u00e4ning?[\/elx_heading][elx_heading text_color=&#8221;inherit&#8221;]myPROzip tv\u00e4ttmaskin och torktumlare[\/elx_heading][vc_column_text]myPROzip \u00e4r Electrolux Professional\u00b4s sortiment f\u00f6r <strong>mindre versamheter<\/strong> som beh\u00f6ver <strong>tv\u00e4ttmaskiner och torktumlare f\u00f6r sj\u00e4lvbetj\u00e4ning, <\/strong>som \u00e4r<strong> starkare<\/strong> och <strong>snabbare<\/strong> \u00e4n vanliga hush\u00e5llsprodukter, men som inte har behov av, eller vill betala f\u00f6r fullt professionella tv\u00e4ttprodukter.[\/vc_column_text][vc_column_text]<\/p>\n<ul>\n<li><b>Enkla\u00a0<\/b>att anv\u00e4nda<\/li>\n<li><b>Enkla\u00a0<\/b>att f\u00f6rst\u00e5<\/li>\n<li>Designade f\u00f6r att anv\u00e4ndas <strong>av era g\u00e4ster<\/strong><\/li>\n<li>Redo f\u00f6r <strong>integrering<\/strong> med<br \/>\nera betalningssystem<\/li>\n<\/ul>\n<p>[\/vc_column_text][\/elx_simple_block][elx_download_block text=&#8221;myPROzip<br \/>\ntv\u00e4tt med sj\u00e4lvbetj\u00e4ning&#8221; document_type=&#8221;leaflets&#8221; background_color=&#8221;black&#8221; background_hover_color=&#8221;lighter-hover&#8221; le_document_number=&#8221;CLF-9JE00128&#8243; background_image=&#8221;8647&#8243;][\/vc_column][vc_column width=&#8221;1\/2&#8243;][vc_empty_space][elx_image_block background_image=&#8221;8648&#8243; minimum_height=&#8221;400px&#8221;][elx_button button_text=&#8221;\u00c5terf\u00f6rs\u00e4ljare f\u00f6r myPROzip&#8221; button_style=&#8221;icon&#8221; button_link=&#8221;url:%23wheretobuy|||&#8221;][vc_single_image image=&#8221;8649&#8243; img_size=&#8221;full&#8221;][\/vc_column][\/vc_row][vc_row disable_element=&#8221;yes&#8221;][vc_column width=&#8221;1\/2&#8243; css=&#8221;.vc_custom_1484574375079{margin-left: 0px !important;border-left-width: 0px !important;padding-left: 0px !important;}&#8221;][elx_simple_block background_color=&#8221;inherit&#8221;][elx_heading font_container=&#8221;h1&#8243; text_color=&#8221;inherit&#8221;]Driver ni en<br \/>\ntv\u00e4ttanl\u00e4ggning<br \/>\nmed sj\u00e4lvbetj\u00e4ning?[\/elx_heading][elx_heading text_color=&#8221;inherit&#8221;]myPROzip tv\u00e4ttmaskin och torktumlare[\/elx_heading][vc_column_text]myPROzip \u00e4r Electrolux Professional\u00b4s sortiment f\u00f6r <strong>mindre versamheter<\/strong> som beh\u00f6ver <strong>tv\u00e4ttmaskiner och torktumlare f\u00f6r sj\u00e4lvbetj\u00e4ning, <\/strong>som \u00e4r<strong> starkare<\/strong> och <strong>snabbare<\/strong> \u00e4n vanliga hush\u00e5llsprodukter, men som inte har behov av, eller vill betala f\u00f6r fullt professionella tv\u00e4ttprodukter.[\/vc_column_text][vc_column_text]<\/p>\n<ul>\n<li><b>Enkla\u00a0<\/b>att anv\u00e4nda<\/li>\n<li><b>L\u00e4tta\u00a0<\/b>att f\u00f6rst\u00e5<\/li>\n<li>Designade f\u00f6r att anv\u00e4ndas <strong>av era g\u00e4ster<\/strong><\/li>\n<li>Redo f\u00f6r <strong>integrering<\/strong> med<br \/>\nera betalningssystem<\/li>\n<\/ul>\n<p>[\/vc_column_text][\/elx_simple_block][elx_download_block text=&#8221;myPROzip<br \/>\ntv\u00e4tt med sj\u00e4lvbetj\u00e4ning&#8221; document_type=&#8221;leaflets&#8221; background_color=&#8221;black&#8221; background_hover_color=&#8221;lighter-hover&#8221; le_document_number=&#8221;CLF-9JE00128&#8243; background_image=&#8221;8647&#8243;][\/vc_column][vc_column width=&#8221;1\/2&#8243;][vc_empty_space][elx_image_block background_image=&#8221;8648&#8243; minimum_height=&#8221;400px&#8221;][elx_button button_text=&#8221;G\u00e5 till produkter&#8221; button_style=&#8221;icon&#8221; button_link=&#8221;url:%23products|||&#8221;][elx_button button_text=&#8221;H\u00e4r k\u00f6per ni produkterna&#8221; button_style=&#8221;icon&#8221; button_link=&#8221;url:%23wheretobuy|||&#8221;][elx_button button_text=&#8221;Assistans online&#8221; button_style=&#8221;icon&#8221; button_link=&#8221;url:%23myassistant|||&#8221;][elx_button button_text=&#8221;Accessoarer och f\u00f6rbrukningsvaror&#8221; button_style=&#8221;icon&#8221; button_link=&#8221;url:https%3A%2F%2Fwww.electroluxprofessional.com%2Fse%2Fcommercial-laundry-equipment%2Fmypro-washers-dryers-steam-ironers%2Faccessories-and-consumables%2F|||&#8221;][elx_button button_text=&#8221;Registrera er myPROzip&#8221; button_style=&#8221;icon&#8221; button_link=&#8221;url:https%3A%2F%2Fwww.electroluxprofessional.com%2Fse%2Fcommercial-laundry-equipment%2Fmypro-washers-dryers-steam-ironers%2Fmypro-product-registration%2F|||&#8221;][vc_single_image image=&#8221;8649&#8243; img_size=&#8221;full&#8221;][\/vc_column][\/vc_row][vc_row][vc_column][vc_empty_space height=&#8221;50px&#8221;][\/vc_column][\/vc_row][vc_row][vc_column width=&#8221;1\/3&#8243;][vc_single_image image=&#8221;8650&#8243; img_size=&#8221;150&#215;150&#8243; alignment=&#8221;center&#8221;][elx_heading font_container=&#8221;h3&#8243; font_size=&#8221;h5&#8243; text_color=&#8221;inherit&#8221;]3x l\u00e4ngre livsl\u00e4ngd[\/elx_heading][vc_column_text]3 g\u00e5nger l\u00e4ngre livsl\u00e4ngd \u00e4n motsvarande hush\u00e5llsprodukter, tack vare mer h\u00e5llbar konstruktion med professionella komponenter.[\/vc_column_text][\/vc_column][vc_column width=&#8221;1\/3&#8243;][vc_single_image image=&#8221;8651&#8243; img_size=&#8221;medium&#8221; alignment=&#8221;center&#8221;][elx_heading font_container=&#8221;h3&#8243; font_size=&#8221;h5&#8243; text_color=&#8221;inherit&#8221;]Upp till 50% snabbare[\/elx_heading][vc_column_text]50 % kortare tv\u00e4ttid med professionella program ger p\u00e5litlig effektivitet, h\u00f6g kvalitet p\u00e5 tv\u00e4ttresultatet och l\u00e5ga kostnader.[\/vc_column_text][\/vc_column][vc_column width=&#8221;1\/3&#8243;][vc_single_image image=&#8221;8652&#8243; img_size=&#8221;150&#215;150&#8243; alignment=&#8221;center&#8221;][elx_heading font_container=&#8221;h3&#8243; font_size=&#8221;h5&#8243; text_color=&#8221;inherit&#8221;]Professionell garanti[\/elx_heading][vc_column_text]Garanti f\u00f6r professionell anv\u00e4ndning.[\/vc_column_text][\/vc_column][\/vc_row][vc_row el_id=&#8221;myassistant&#8221;][vc_column][vc_empty_space][elx_heading text_color=&#8221;inherit&#8221;]myPRO assistans online[\/elx_heading][vc_column_text]F\u00e5 ut det b\u00e4sta av er myPROzip tv\u00e4ttmaskin och torktumlare.\u00a0Nedan finns videoinstruktioner, vanligt f\u00f6rekommande fr\u00e5gor (FAQ) och annan hj\u00e4lp online.\u00a0Ta g\u00e4rna kontakt med en expert om ni s\u00f6ker ytterligare hj\u00e4lp.[\/vc_column_text][vc_empty_space][\/vc_column][\/vc_row][vc_row][vc_column][elx_heading font_container=&#8221;h3&#8243; text_color=&#8221;inherit&#8221;]myPROzip: Instruktionsvideor[\/elx_heading][vc_empty_space][\/vc_column][\/vc_row][vc_row equal_height=&#8221;yes&#8221;][vc_column width=&#8221;1\/3&#8243; css=&#8221;.vc_custom_1572277047643{margin-right: 1px !important;margin-left: 1px !important;background-color: #eeeeee !important;}&#8221;][elx_video_block video_link=&#8221;https:\/\/www.youtube.com\/watch?v=OX3JTInT8A4&#8243; minimum_height=&#8221;100px&#8221;][vc_column_text]myPROzip Tv\u00e4ttmaskin: Anv\u00e4ndarinstruktioner[\/vc_column_text][\/vc_column][vc_column width=&#8221;1\/3&#8243; css=&#8221;.vc_custom_1572277056700{margin-right: 1px !important;margin-left: 1px !important;background-color: #eeeeee !important;}&#8221;][elx_video_block video_link=&#8221;https:\/\/www.youtube.com\/watch?v=liScSk-1b1c&#8221; minimum_height=&#8221;100px&#8221;][vc_column_text]myPROzip Torktumlare: Anv\u00e4ndarinstruktioner[\/vc_column_text][\/vc_column][vc_column width=&#8221;1\/3&#8243; css=&#8221;.vc_custom_1572277012763{margin-right: 1px !important;margin-left: 1px !important;background-color: #eeeeee !important;}&#8221;][elx_video_block video_link=&#8221;https:\/\/www.youtube.com\/watch?v=IHJiqGrhOm8&#8243; minimum_height=&#8221;100px&#8221;][vc_column_text]myPROzip: Instruktioner f\u00f6r uppstart av tv\u00e4ttmaskin och torktumlare[\/vc_column_text][\/vc_column][\/vc_row][vc_row][vc_column][vc_empty_space][elx_button button_text=&#8221;Ladda ned broschyr&#8221; button_style=&#8221;icon&#8221; button_link=&#8221;url:https%3A%2F%2Fwww.electroluxprofessional.com%2Fse%2Fwp-content%2Fuploads%2F2020%2F07%2FmyPRO-2020-EPR-FINAL-SE-LR.pdf|title:myPRO%20och%20myPRO%20Zip%20produktbroschyr%20PDF|target:%20_blank|&#8221;][\/vc_column][\/vc_row][vc_row el_id=&#8221;products&#8221;][vc_column][vc_empty_space][elx_heading text_color=&#8221;inherit&#8221;]myPROzip tv\u00e4ttmaskin och torktumlare f\u00f6r tv\u00e4ttanl\u00e4ggningar med sj\u00e4lvbetj\u00e4ning[\/elx_heading][vc_empty_space][\/vc_column][\/vc_row][vc_row full_width=&#8221;electroluxpro-full-width&#8221; css=&#8221;.vc_custom_1573483731804{background-color: #011e41 !important;}&#8221; el_id=&#8221;wheretobuy&#8221;][vc_column][vc_empty_space][elx_heading text_color=&#8221;white&#8221;]\u00c5terf\u00f6rs\u00e4ljare myPROzip-tv\u00e4ttl\u00f6sningar[\/elx_heading][vc_empty_space][\/vc_column][\/vc_row][vc_row css=&#8221;.vc_custom_1534772259989{background-color: #eeeeee !important;}&#8221;][vc_column width=&#8221;2\/3&#8243;][elx_heading font_size=&#8221;h3&#8243; text_color=&#8221;inherit&#8221;]Letar ni efter mer<br \/>\nproduktiva l\u00f6sningar?[\/elx_heading][elx_heading font_container=&#8221;h3&#8243; font_size=&#8221;h5&#8243; text_color=&#8221;inherit&#8221;]Kolla in v\u00e5ra verksamhetsanpassade<br \/>\nl\u00f6sningar f\u00f6r professionell anv\u00e4ndning[\/elx_heading][vc_column_text]Electrolux Professional har ett stort utbud av profesionella tv\u00e4ttprodukter som passar olika typer av verksamheter.[\/vc_column_text][elx_button button_text=&#8221;Uppt\u00e4ck v\u00e5ra professionella tv\u00e4ttl\u00f6sningar&#8221; button_style=&#8221;icon&#8221; button_link=&#8221;url:https%3A%2F%2Fwww.electroluxprofessional.com%2Fse%2Flaundry%2F|title:Uppt%C3%A4ck%20v%C3%A5ra%20professionella%20tv%C3%A4ttl%C3%B6sningar||&#8221;][\/vc_column][vc_column width=&#8221;1\/3&#8243;][vc_empty_space][vc_single_image image=&#8221;8653&#8243; img_size=&#8221;700px&#8221; onclick=&#8221;custom_link&#8221; link=&#8221;http:\/\/https:\/\/www.electroluxprofessional.com\/se\/your-business\/commercial-laundries\/&#8221;][\/vc_column][\/vc_row]<\/p>\n","protected":false},"excerpt":{"rendered":"<p>[vc_row full_width=&#8221;electroluxpro-full-width-no-padding&#8221;][vc_column][elx_image_block is_full_height=&#8221;full-height&#8221; background_image=&#8221;20100&#8243; vert_back_position=&#8221;bottom&#8221; minimum_height=&#8221;600px&#8221;][\/vc_column][\/vc_row][vc_row content_placement=&#8221;top&#8221;][vc_column width=&#8221;1\/2&#8243; css=&#8221;.vc_custom_1484574375079{margin-left: 0px !important;border-left-width: 0px !important;padding-left: 0px !important;}&#8221;][elx_simple_block background_color=&#8221;inherit&#8221;][elx_heading font_container=&#8221;h1&#8243; text_color=&#8221;inherit&#8221;]Driver ni en tv\u00e4ttanl\u00e4ggning med sj\u00e4lvbetj\u00e4ning?[\/elx_heading][elx_heading text_color=&#8221;inherit&#8221;]myPROzip tv\u00e4ttmaskin och torktumlare[\/elx_heading][vc_column_text]myPROzip \u00e4r Electrolux Professional\u00b4s sortiment f\u00f6r mindre versamheter som beh\u00f6ver tv\u00e4ttmaskiner och torktumlare f\u00f6r sj\u00e4lvbetj\u00e4ning, som \u00e4r starkare och snabbare \u00e4n vanliga hush\u00e5llsprodukter, men som inte har behov av, [&hellip;]<\/p>\n","protected":false},"author":3,"featured_media":8645,"parent":51211,"menu_order":0,"comment_status":"closed","ping_status":"closed","template":"","meta":{"footnotes":""},"class_list":["post-8654","page","type-page","status-publish","has-post-thumbnail","hentry"],"acf":[],"yoast_head":"<!-- This site is optimized with the Yoast SEO plugin v23.3 - https:\/\/yoast.com\/wordpress\/plugins\/seo\/ -->\n<title>myPROzip - tvattmaskiner och torktumalare f\u00f6r sj\u00e4lvbetj\u00e4ning - Electrolux Professional<\/title>\n<meta name=\"description\" content=\"myPROzip tv\u00e4ttmaskiner och torktumlare f\u00f6r verksamheter med sj\u00e4lvbetj\u00e4ning. Produkterna \u00e4r starkare och snabbare \u00e4n standard konsumentl\u00f6sningar.\" \/>\n<meta name=\"robots\" content=\"index, follow, max-snippet:-1, max-image-preview:large, max-video-preview:-1\" \/>\n<link rel=\"canonical\" href=\"https:\/\/www.electroluxprofessional.com\/se\/tvatt\/myprozip-tvatt-for-sjalvbetjaning\/\" \/>\n<meta property=\"og:locale\" content=\"sv_SE\" \/>\n<meta property=\"og:type\" content=\"article\" \/>\n<meta property=\"og:title\" content=\"myPROzip - tvattmaskiner och torktumalare f\u00f6r sj\u00e4lvbetj\u00e4ning - Electrolux Professional\" \/>\n<meta property=\"og:description\" content=\"myPROzip tv\u00e4ttmaskiner och torktumlare f\u00f6r verksamheter med sj\u00e4lvbetj\u00e4ning. Produkterna \u00e4r starkare och snabbare \u00e4n standard konsumentl\u00f6sningar.\" \/>\n<meta property=\"og:url\" content=\"https:\/\/www.electroluxprofessional.com\/se\/tvatt\/myprozip-tvatt-for-sjalvbetjaning\/\" \/>\n<meta property=\"og:site_name\" content=\"Electrolux Professional Sverige\" \/>\n<meta property=\"article:modified_time\" content=\"2025-10-16T08:04:13+00:00\" \/>\n<meta property=\"og:image\" content=\"https:\/\/www.electroluxprofessional.com\/se\/wp-content\/uploads\/2016\/12\/banner-6.jpg\" \/>\n\t<meta property=\"og:image:width\" content=\"2000\" \/>\n\t<meta property=\"og:image:height\" content=\"1383\" \/>\n\t<meta property=\"og:image:type\" content=\"image\/jpeg\" \/>\n<meta name=\"twitter:card\" content=\"summary_large_image\" \/>\n<meta name=\"twitter:label1\" content=\"Ber\u00e4knad l\u00e4stid\" \/>\n\t<meta name=\"twitter:data1\" content=\"3 minuter\" \/>\n<script type=\"application\/ld+json\" class=\"yoast-schema-graph\">{\"@context\":\"https:\/\/schema.org\",\"@graph\":[{\"@type\":\"WebPage\",\"@id\":\"https:\/\/www.electroluxprofessional.com\/se\/tvatt\/myprozip-tvatt-for-sjalvbetjaning\/\",\"url\":\"https:\/\/www.electroluxprofessional.com\/se\/tvatt\/myprozip-tvatt-for-sjalvbetjaning\/\",\"name\":\"myPROzip - tvattmaskiner och torktumalare f\u00f6r sj\u00e4lvbetj\u00e4ning - Electrolux Professional\",\"isPartOf\":{\"@id\":\"https:\/\/www.electroluxprofessional.com\/se\/#website\"},\"primaryImageOfPage\":{\"@id\":\"https:\/\/www.electroluxprofessional.com\/se\/tvatt\/myprozip-tvatt-for-sjalvbetjaning\/#primaryimage\"},\"image\":{\"@id\":\"https:\/\/www.electroluxprofessional.com\/se\/tvatt\/myprozip-tvatt-for-sjalvbetjaning\/#primaryimage\"},\"thumbnailUrl\":\"https:\/\/www.electroluxprofessional.com\/se\/wp-content\/uploads\/2016\/12\/banner-6.jpg\",\"datePublished\":\"2019-09-20T15:47:45+00:00\",\"dateModified\":\"2025-10-16T08:04:13+00:00\",\"description\":\"myPROzip tv\u00e4ttmaskiner och torktumlare f\u00f6r verksamheter med sj\u00e4lvbetj\u00e4ning. Produkterna \u00e4r starkare och snabbare \u00e4n standard konsumentl\u00f6sningar.\",\"breadcrumb\":{\"@id\":\"https:\/\/www.electroluxprofessional.com\/se\/tvatt\/myprozip-tvatt-for-sjalvbetjaning\/#breadcrumb\"},\"inLanguage\":\"sv-SE\",\"potentialAction\":[{\"@type\":\"ReadAction\",\"target\":[\"https:\/\/www.electroluxprofessional.com\/se\/tvatt\/myprozip-tvatt-for-sjalvbetjaning\/\"]}]},{\"@type\":\"ImageObject\",\"inLanguage\":\"sv-SE\",\"@id\":\"https:\/\/www.electroluxprofessional.com\/se\/tvatt\/myprozip-tvatt-for-sjalvbetjaning\/#primaryimage\",\"url\":\"https:\/\/www.electroluxprofessional.com\/se\/wp-content\/uploads\/2016\/12\/banner-6.jpg\",\"contentUrl\":\"https:\/\/www.electroluxprofessional.com\/se\/wp-content\/uploads\/2016\/12\/banner-6.jpg\",\"width\":2000,\"height\":1383,\"caption\":\"Front load washers\"},{\"@type\":\"BreadcrumbList\",\"@id\":\"https:\/\/www.electroluxprofessional.com\/se\/tvatt\/myprozip-tvatt-for-sjalvbetjaning\/#breadcrumb\",\"itemListElement\":[{\"@type\":\"ListItem\",\"position\":1,\"name\":\"Home\",\"item\":\"https:\/\/www.electroluxprofessional.com\/se\/\"},{\"@type\":\"ListItem\",\"position\":2,\"name\":\"Tv\u00e4tt\",\"item\":\"https:\/\/www.electroluxprofessional.com\/se\/tvatt\/\"},{\"@type\":\"ListItem\",\"position\":3,\"name\":\"myPROzip f\u00f6r verksamheter med sj\u00e4lvbetj\u00e4ning\"}]},{\"@type\":\"WebSite\",\"@id\":\"https:\/\/www.electroluxprofessional.com\/se\/#website\",\"url\":\"https:\/\/www.electroluxprofessional.com\/se\/\",\"name\":\"Electrolux Professional Sverige\",\"description\":\"\",\"potentialAction\":[{\"@type\":\"SearchAction\",\"target\":{\"@type\":\"EntryPoint\",\"urlTemplate\":\"https:\/\/www.electroluxprofessional.com\/se\/?src={search_term_string}\"},\"query-input\":\"required name=search_term_string\"}],\"inLanguage\":\"sv-SE\"}]}<\/script>\n<!-- \/ Yoast SEO plugin. -->","yoast_head_json":{"title":"myPROzip - tvattmaskiner och torktumalare f\u00f6r sj\u00e4lvbetj\u00e4ning - Electrolux Professional","description":"myPROzip tv\u00e4ttmaskiner och torktumlare f\u00f6r verksamheter med sj\u00e4lvbetj\u00e4ning. Produkterna \u00e4r starkare och snabbare \u00e4n standard konsumentl\u00f6sningar.","robots":{"index":"index","follow":"follow","max-snippet":"max-snippet:-1","max-image-preview":"max-image-preview:large","max-video-preview":"max-video-preview:-1"},"canonical":"https:\/\/www.electroluxprofessional.com\/se\/tvatt\/myprozip-tvatt-for-sjalvbetjaning\/","og_locale":"sv_SE","og_type":"article","og_title":"myPROzip - tvattmaskiner och torktumalare f\u00f6r sj\u00e4lvbetj\u00e4ning - Electrolux Professional","og_description":"myPROzip tv\u00e4ttmaskiner och torktumlare f\u00f6r verksamheter med sj\u00e4lvbetj\u00e4ning. Produkterna \u00e4r starkare och snabbare \u00e4n standard konsumentl\u00f6sningar.","og_url":"https:\/\/www.electroluxprofessional.com\/se\/tvatt\/myprozip-tvatt-for-sjalvbetjaning\/","og_site_name":"Electrolux Professional Sverige","article_modified_time":"2025-10-16T08:04:13+00:00","og_image":[{"width":2000,"height":1383,"url":"https:\/\/www.electroluxprofessional.com\/se\/wp-content\/uploads\/2016\/12\/banner-6.jpg","type":"image\/jpeg"}],"twitter_card":"summary_large_image","twitter_misc":{"Ber\u00e4knad l\u00e4stid":"3 minuter"},"schema":{"@context":"https:\/\/schema.org","@graph":[{"@type":"WebPage","@id":"https:\/\/www.electroluxprofessional.com\/se\/tvatt\/myprozip-tvatt-for-sjalvbetjaning\/","url":"https:\/\/www.electroluxprofessional.com\/se\/tvatt\/myprozip-tvatt-for-sjalvbetjaning\/","name":"myPROzip - tvattmaskiner och torktumalare f\u00f6r sj\u00e4lvbetj\u00e4ning - Electrolux Professional","isPartOf":{"@id":"https:\/\/www.electroluxprofessional.com\/se\/#website"},"primaryImageOfPage":{"@id":"https:\/\/www.electroluxprofessional.com\/se\/tvatt\/myprozip-tvatt-for-sjalvbetjaning\/#primaryimage"},"image":{"@id":"https:\/\/www.electroluxprofessional.com\/se\/tvatt\/myprozip-tvatt-for-sjalvbetjaning\/#primaryimage"},"thumbnailUrl":"https:\/\/www.electroluxprofessional.com\/se\/wp-content\/uploads\/2016\/12\/banner-6.jpg","datePublished":"2019-09-20T15:47:45+00:00","dateModified":"2025-10-16T08:04:13+00:00","description":"myPROzip tv\u00e4ttmaskiner och torktumlare f\u00f6r verksamheter med sj\u00e4lvbetj\u00e4ning. Produkterna \u00e4r starkare och snabbare \u00e4n standard konsumentl\u00f6sningar.","breadcrumb":{"@id":"https:\/\/www.electroluxprofessional.com\/se\/tvatt\/myprozip-tvatt-for-sjalvbetjaning\/#breadcrumb"},"inLanguage":"sv-SE","potentialAction":[{"@type":"ReadAction","target":["https:\/\/www.electroluxprofessional.com\/se\/tvatt\/myprozip-tvatt-for-sjalvbetjaning\/"]}]},{"@type":"ImageObject","inLanguage":"sv-SE","@id":"https:\/\/www.electroluxprofessional.com\/se\/tvatt\/myprozip-tvatt-for-sjalvbetjaning\/#primaryimage","url":"https:\/\/www.electroluxprofessional.com\/se\/wp-content\/uploads\/2016\/12\/banner-6.jpg","contentUrl":"https:\/\/www.electroluxprofessional.com\/se\/wp-content\/uploads\/2016\/12\/banner-6.jpg","width":2000,"height":1383,"caption":"Front load washers"},{"@type":"BreadcrumbList","@id":"https:\/\/www.electroluxprofessional.com\/se\/tvatt\/myprozip-tvatt-for-sjalvbetjaning\/#breadcrumb","itemListElement":[{"@type":"ListItem","position":1,"name":"Home","item":"https:\/\/www.electroluxprofessional.com\/se\/"},{"@type":"ListItem","position":2,"name":"Tv\u00e4tt","item":"https:\/\/www.electroluxprofessional.com\/se\/tvatt\/"},{"@type":"ListItem","position":3,"name":"myPROzip f\u00f6r verksamheter med sj\u00e4lvbetj\u00e4ning"}]},{"@type":"WebSite","@id":"https:\/\/www.electroluxprofessional.com\/se\/#website","url":"https:\/\/www.electroluxprofessional.com\/se\/","name":"Electrolux Professional Sverige","description":"","potentialAction":[{"@type":"SearchAction","target":{"@type":"EntryPoint","urlTemplate":"https:\/\/www.electroluxprofessional.com\/se\/?src={search_term_string}"},"query-input":"required name=search_term_string"}],"inLanguage":"sv-SE"}]}},"_links":{"self":[{"href":"https:\/\/www.electroluxprofessional.com\/se\/wp-json\/wp\/v2\/pages\/8654"}],"collection":[{"href":"https:\/\/www.electroluxprofessional.com\/se\/wp-json\/wp\/v2\/pages"}],"about":[{"href":"https:\/\/www.electroluxprofessional.com\/se\/wp-json\/wp\/v2\/types\/page"}],"author":[{"embeddable":true,"href":"https:\/\/www.electroluxprofessional.com\/se\/wp-json\/wp\/v2\/users\/3"}],"replies":[{"embeddable":true,"href":"https:\/\/www.electroluxprofessional.com\/se\/wp-json\/wp\/v2\/comments?post=8654"}],"version-history":[{"count":17,"href":"https:\/\/www.electroluxprofessional.com\/se\/wp-json\/wp\/v2\/pages\/8654\/revisions"}],"predecessor-version":[{"id":54317,"href":"https:\/\/www.electroluxprofessional.com\/se\/wp-json\/wp\/v2\/pages\/8654\/revisions\/54317"}],"up":[{"embeddable":true,"href":"https:\/\/www.electroluxprofessional.com\/se\/wp-json\/wp\/v2\/pages\/51211"}],"wp:featuredmedia":[{"embeddable":true,"href":"https:\/\/www.electroluxprofessional.com\/se\/wp-json\/wp\/v2\/media\/8645"}],"wp:attachment":[{"href":"https:\/\/www.electroluxprofessional.com\/se\/wp-json\/wp\/v2\/media?parent=8654"}],"curies":[{"name":"wp","href":"https:\/\/api.w.org\/{rel}","templated":true}]}}